{"id":737,"date":"2012-05-13T09:58:35","date_gmt":"2012-05-13T07:58:35","guid":{"rendered":"http:\/\/www.optik-sport-shop.at\/?page_id=737"},"modified":"2026-04-14T10:05:10","modified_gmt":"2026-04-14T08:05:10","slug":"loden-2","status":"publish","type":"page","link":"https:\/\/ddoptics.shop\/ro\/outdoor-wissen\/loden\/","title":{"rendered":"Loden"},"content":{"rendered":"<h2>Materialul tradi\u021bional al alpini\u0219tilor \u0219i al v\u00e2n\u0103torilor - este \u021bes\u0103tura loden din care au fost realizate legendele.<\/h2>\n<p><strong>Loden<\/strong> este <strong>\u021bes\u0103tur\u0103 tradi\u021bional\u0103<\/strong>, din care <strong>Locuitori ai regiunii alpine<\/strong> deoarece <strong>secole pentru a-\u0219i face hainele<\/strong>. Materialul loden ofer\u0103 o <strong>protec\u021bie excelent\u0103<\/strong> \u00eempotriva adesea dur <strong>Vremea de munte, \u00eempotriva ploii, v\u00e2ntului \u0219i frigului<\/strong>. Lodenul este un material care <strong>Produs fabricat din l\u00e2n\u0103 nou\u0103 pur\u0103<\/strong>, furnizate \u00een mod tradi\u021bional de oile din regiune. Din cauza cerin\u021belor de calitate mai ridicate, \u00een prezent se prelucreaz\u0103 \u0219i l\u00e2na provenit\u0103 de la oile din Noua Zeeland\u0103.<\/p>\n<p>Pentru a ajunge la alpinisti loden moda <strong>AICI<\/strong><\/p>\n<h2>Poveste scurt\u0103 despre Loden<\/h2>\n<p>Termenul loden este documentat \u00een secolul al X-lea ca lodo (\u021bes\u0103tur\u0103 de l\u00e2n\u0103 m\u0103cinat\u0103), dar poate proveni, de asemenea, din \u00eenalta german\u0103 medie lodi (mantie) sau din vechea limb\u0103 norvegian\u0103 lodi (mantie p\u0103roas\u0103). Loden este utilizat \u00een mod tradi\u021bional (\u0219i \u00eenc\u0103 \u00een prezent) pentru <strong>toate tipurile de mod\u0103 country house<\/strong> utilizate. Fie pentru <strong>Moda costumelor tradi\u021bionale<\/strong>, <strong>Dirndl<\/strong> (e.g. <strong>la Oktoberfest<\/strong>), <strong>Jachet\u0103 tradi\u021bional\u0103 <\/strong>sau pur \u0219i simplu<strong> pentru a se potrivi cu lederhosen-ul<\/strong> - Loden este folosit peste tot ca material principal sau suplimentar.<\/p>\n<p><strong>Loden<\/strong> a jucat \u0219i continu\u0103 s\u0103 joace un rol important<strong> Costume tradi\u021bionale bavareze \u0219i austriece<\/strong> un rol important. Interesul pentru costumele tradi\u021bionale s-a trezit \u00een multe regiuni la sf\u00e2r\u0219itul secolului al XIX-lea, c\u00e2nd oamenii au \u00eenceput s\u0103 se \u00eentoarc\u0103 la caracteristicile regionale \u0219i la presupusul romantism rural ca parte a mi\u0219c\u0103rii Heimat.<\/p>\n<p><object width=\"600\" height=\"400\" classid=\"clsid:d27cdb6e-ae6d-11cf-96b8-444553540000\" codebase=\"http:\/\/download.macromedia.com\/pub\/shockwave\/cabs\/flash\/swflash.cab#version=6,0,40,0\"><param name=\"allowFullScreen\" value=\"true\" \/><param name=\"allowscriptaccess\" value=\"always\" \/><param name=\"src\" value=\"http:\/\/www.youtube.com\/v\/yP-xrJZqBsE?version=3&amp;hl=de_DE&amp;rel=0\" \/><param name=\"allowfullscreen\" value=\"true\" \/><embed width=\"600\" height=\"400\" type=\"application\/x-shockwave-flash\" src=\"http:\/\/www.youtube.com\/v\/yP-xrJZqBsE?version=3&amp;hl=de_DE&amp;rel=0\" allowfullscreen=\"true\" allowscriptaccess=\"always\" \/><\/object><\/p>\n<p>\u00cen Austria, \u00een Styria, la mijlocul secolului al XIX-lea, un gri <strong>Costum Loden cu revere verzi \u0219i dungi decorative<\/strong> (Lampassen) prin. El a fost selectat din <strong>\u00cembr\u0103c\u0103minte pentru v\u00e2n\u0103tori<\/strong> dezvoltat \u00een Salzkammergut \u0219i popularizat de arhiducele Johann de Austria (1782-1859). \u00cembr\u0103c\u0103mintea folosit\u0103 \u0219i \u00een prezent a fost<strong> \u201eCostum stirian\u201c<\/strong> numit.<\/p>\n<figure id=\"attachment_742\" aria-describedby=\"caption-attachment-742\" style=\"width: 297px\" class=\"wp-caption alignleft\"><img decoding=\"async\" class=\"wp-image-742\" title=\"Costumul Leobner (st\u00e2nga) \u0219i Altsteirer\" alt=\"Costumul Leobner (st\u00e2nga) \u0219i Altsteirer\" src=\"http:\/\/optik-sport-shop.at\/wp-content\/uploads\/2012\/05\/leobner-und-altsteirer-anzug.jpg\" width=\"297\" height=\"230\" \/><figcaption id=\"caption-attachment-742\" class=\"wp-caption-text\">Costumul Leobner (st\u00e2nga) \u0219i Altsteirer<\/figcaption><\/figure>\n<p><span style=\"font-size: 22px; letter-spacing: 0px; line-height: 30px;\">Costumul stirian<\/span><\/p>\n<p>Costumul Styrian \u0219i-a g\u0103sit drumul \u00een <strong>\u00cembr\u0103c\u0103mintea de agrement a nobilimii<\/strong> \u0219i, \u00een consecin\u021b\u0103, clasa de mijloc superioar\u0103. Dup\u0103 Primul R\u0103zboi Mondial, <strong>Entuziasmul pentru costumele tradi\u021bionale s-a r\u0103sp\u00e2ndit \u00een toat\u0103 Austria.<\/strong> Ini\u021bial a fost purtat ca \u00eembr\u0103c\u0103minte tipic\u0103 pentru cet\u0103\u021benii loiali regimului, dar a r\u0103mas un articol vestimentar popular chiar \u0219i dup\u0103 cel de-al Doilea R\u0103zboi Mondial - \u00een special \u00een cercurile conservatoare.<\/p>","protected":false},"excerpt":{"rendered":"<p>Traditionelles Material der Alpenl\u00e4ndler und J\u00e4ger &#8211; Es ist der Loden Stoff, aus dem Legenden geschneidert wurden. Loden ist der traditionelle Stoff, aus dem die Bewohner der Alpenregion seit vielen Jahrhunderten ihre Kleidung fertigen. Das Material Loden bietet einen ausgezeichneten Schutz gegen das oft rauhe Gebirgswetter, gegen Regen, Wind und K\u00e4lte. Bei Loden handelt es [&#8230;]\n","protected":false},"author":2,"featured_media":0,"parent":84,"menu_order":0,"comment_status":"open","ping_status":"open","template":"","meta":{"inline_featured_image":false,"footnotes":""},"class_list":["post-737","page","type-page","status-publish","hentry"],"_links":{"self":[{"href":"https:\/\/ddoptics.shop\/ro\/wp-json\/wp\/v2\/pages\/737","targetHints":{"allow":["GET"]}}],"collection":[{"href":"https:\/\/ddoptics.shop\/ro\/wp-json\/wp\/v2\/pages"}],"about":[{"href":"https:\/\/ddoptics.shop\/ro\/wp-json\/wp\/v2\/types\/page"}],"author":[{"embeddable":true,"href":"https:\/\/ddoptics.shop\/ro\/wp-json\/wp\/v2\/users\/2"}],"replies":[{"embeddable":true,"href":"https:\/\/ddoptics.shop\/ro\/wp-json\/wp\/v2\/comments?post=737"}],"version-history":[{"count":0,"href":"https:\/\/ddoptics.shop\/ro\/wp-json\/wp\/v2\/pages\/737\/revisions"}],"up":[{"embeddable":true,"href":"https:\/\/ddoptics.shop\/ro\/wp-json\/wp\/v2\/pages\/84"}],"wp:attachment":[{"href":"https:\/\/ddoptics.shop\/ro\/wp-json\/wp\/v2\/media?parent=737"}],"curies":[{"name":"wp","href":"https:\/\/api.w.org\/{rel}","templated":true}]}}