{"id":752,"date":"2012-05-13T10:33:12","date_gmt":"2012-05-13T08:33:12","guid":{"rendered":"http:\/\/www.optik-sport-shop.at\/?page_id=752"},"modified":"2012-05-13T10:33:12","modified_gmt":"2012-05-13T08:33:12","slug":"diferente-materiale","status":"publish","type":"page","link":"https:\/\/ddoptics.shop\/ro\/outdoor-wissen\/loden\/materialunterschiede\/","title":{"rendered":"Diferen\u021be materiale"},"content":{"rendered":"<h2>Materialele de artizanat au sim\u021bit, \u021bes\u0103tura felted, loden - diferen\u021bele<\/h2>\n<p>The <strong>Diferen\u021bele dintre p\u00e2sl\u0103, \u021bes\u0103tur\u0103 p\u00e2slit\u0103 \u0219i loden constau \u00een procesare<\/strong> l\u00e2n\u0103:<\/p>\n<h3>P\u00e2sl\u0103<\/h3>\n<p><strong>P\u00e2sla este fabricat\u0103 din l\u00e2n\u0103 brut\u0103<\/strong> c\u00e2\u0219tigat. Acesta este <strong>gek\u00e4mmt und mit Wasser gewalkt<\/strong>, dar nu este niciodat\u0103 \u00eentre\u021besut\u0103. Prin <strong>Compresia cu ap\u0103 creeaz\u0103 o substan\u021b\u0103 dens\u0103<\/strong>, a c\u0103rui <strong>Dezavantaj<\/strong> Cu toate acestea, nivelul sc\u0103zut <strong>Stabilitatea matri\u021bei<\/strong> are. P\u00e2sla este utilizat\u0103 \u00een mod tradi\u021bional pentru <strong>Produc\u021bia de papuci \u0219i cizme<\/strong> utilizate.<\/p>\n<h3>\u021aes\u0103tur\u0103 plin\u0103<\/h3>\n<p>Spre deosebire de p\u00e2sl\u0103, <strong>L\u00e2na este filat\u0103, tricotat\u0103 \u0219i apoi m\u0103cinat\u0103 pentru a produce \u021bes\u0103turi pline.<\/strong>, pentru a minimiza amenda <strong>P\u0103rul s\u0103 se \u201clipeasc\u0103\u201c \u00eempreun\u0103 la sf\u00e2r\u0219it\u201c<\/strong>. \u021aes\u0103tura Fulled este elastic\u0103 \u0219i, prin urmare, este adesea utilizat\u0103 pentru<strong>pentru pulovere \u0219i veste<\/strong> utilizate.<\/p>\n<h3>Loden<\/h3>\n<p>Spre deosebire de materialul de umplutur\u0103 <strong>L\u00e2n\u0103 filat\u0103 Loden<\/strong>, care <strong>mai \u00eent\u00e2i \u00eempletite<\/strong> \u0219i <strong>apoi \u00een rol\u0103<\/strong> vine. Prin <strong>Procesul de \u021besere creeaz\u0103 o rezisten\u021b\u0103 mai mare<\/strong> a materialului. Modelul <strong>Avantajul lodenului<\/strong> const\u0103 \u00een \u00eempletirea <strong>stoc de matri\u021b\u0103 creat din materialul de baz\u0103<\/strong> - ceea ce reprezint\u0103 un avantaj al hainelor confec\u021bionate din acesta.<\/p>","protected":false},"excerpt":{"rendered":"<p>Die Handwerksstoffe Filz, Walkstoff, Loden \u2013 die Unterschiede Die Unterschiede von Filz, Walkstoff und Loden liegen in der Verarbeitung der Wolle: Filz Filz wird aus roher Wolle gewonnen. Sie wird gek\u00e4mmt und mit Wasser gewalkt, jedoch wird sie nie verwoben. Durch das Verdichten mit Wasser entsteht ein dichter Stoff, dessen Nachteil jedoch der geringe Formbestand [&#8230;]\n","protected":false},"author":2,"featured_media":0,"parent":737,"menu_order":0,"comment_status":"open","ping_status":"open","template":"","meta":{"inline_featured_image":false,"footnotes":""},"class_list":["post-752","page","type-page","status-publish","hentry"],"_links":{"self":[{"href":"https:\/\/ddoptics.shop\/ro\/wp-json\/wp\/v2\/pages\/752","targetHints":{"allow":["GET"]}}],"collection":[{"href":"https:\/\/ddoptics.shop\/ro\/wp-json\/wp\/v2\/pages"}],"about":[{"href":"https:\/\/ddoptics.shop\/ro\/wp-json\/wp\/v2\/types\/page"}],"author":[{"embeddable":true,"href":"https:\/\/ddoptics.shop\/ro\/wp-json\/wp\/v2\/users\/2"}],"replies":[{"embeddable":true,"href":"https:\/\/ddoptics.shop\/ro\/wp-json\/wp\/v2\/comments?post=752"}],"version-history":[{"count":0,"href":"https:\/\/ddoptics.shop\/ro\/wp-json\/wp\/v2\/pages\/752\/revisions"}],"up":[{"embeddable":true,"href":"https:\/\/ddoptics.shop\/ro\/wp-json\/wp\/v2\/pages\/737"}],"wp:attachment":[{"href":"https:\/\/ddoptics.shop\/ro\/wp-json\/wp\/v2\/media?parent=752"}],"curies":[{"name":"wp","href":"https:\/\/api.w.org\/{rel}","templated":true}]}}