{"id":762,"date":"2012-05-13T10:49:31","date_gmt":"2012-05-13T08:49:31","guid":{"rendered":"http:\/\/www.optik-sport-shop.at\/?page_id=762"},"modified":"2012-05-13T10:49:31","modified_gmt":"2012-05-13T08:49:31","slug":"sensul-loden","status":"publish","type":"page","link":"https:\/\/ddoptics.shop\/ro\/outdoor-wissen\/loden\/bedeutung-loden\/","title":{"rendered":"\u00cen\u021beles Loden"},"content":{"rendered":"<h2>Importan\u021ba lodenului<\/h2>\n<p>Ca <strong>produs pur natural fabricat din l\u00e2n\u0103 nou\u0103 pur\u0103<\/strong> este loden <strong>superioare materialelor sintetice \u00een multe privin\u021be.<\/strong> Spre deosebire de materialele sintetice, materialul poate rezista mai mult timp ploii continue (cu excep\u021bia tehnologiilor cu membran\u0103) \u0219i <strong>\u00eenc\u0103lze\u0219te chiar \u0219i atunci c\u00e2nd este umed<\/strong>.<\/p>\n<p>Un aspect pozitiv, de exemplu, este c\u0103 <strong>\u00cembr\u0103c\u0103mintea aproape c\u0103 nu are miros<\/strong> \u0219i, de exemplu, r\u0103m\u00e2ne relativ inodor chiar \u0219i dup\u0103 perioade \u00eendelungate \u00een spa\u021biile pentru fum\u0103tori.<\/p>\n<p>Loden este un <strong>produs natural artizanal<\/strong>rezistent la \u00eencre\u021bire \u0219i ideal pentru munca manual\u0103. <strong>produs relativ necostisitor.<\/strong><\/p>\n<h3>Importan\u021ba Loden \u00een v\u00e2n\u0103toare<\/h3>\n<p>Loden este \u00een <strong>\u00eenc\u0103 un material interesant pentru mul\u021bi v\u00e2n\u0103tori din latitudinile noastre.<\/strong> <strong>Greutate proprie redus\u0103<\/strong>, \u00een func\u021bie de grosime <strong>Izolare termic\u0103 bun\u0103<\/strong>, \u0219i proverbialul <strong>T\u0103cere<\/strong> sunt calit\u0103\u021bi pe care mul\u021bi v\u00e2n\u0103tori le apreciaz\u0103.<\/p>\n<p><object width=\"600\" height=\"400\" classid=\"clsid:d27cdb6e-ae6d-11cf-96b8-444553540000\" codebase=\"http:\/\/download.macromedia.com\/pub\/shockwave\/cabs\/flash\/swflash.cab#version=6,0,40,0\"><param name=\"allowFullScreen\" value=\"true\" \/><param name=\"allowscriptaccess\" value=\"always\" \/><param name=\"src\" value=\"http:\/\/www.youtube.com\/v\/_okXTp4p3PA?version=3&amp;hl=de_DE&amp;rel=0\" \/><param name=\"allowfullscreen\" value=\"true\" \/><embed width=\"600\" height=\"400\" type=\"application\/x-shockwave-flash\" src=\"http:\/\/www.youtube.com\/v\/_okXTp4p3PA?version=3&amp;hl=de_DE&amp;rel=0\" allowfullscreen=\"true\" allowscriptaccess=\"always\" \/><\/object><\/p>\n<p>The <strong>din l\u00e2n\u0103<\/strong> c\u00e2\u0219tigat, <strong>produs natural pur loden<\/strong> este, de asemenea <strong>Extrem de rezistent la ap\u0103<\/strong> und l\u00e4sst nicht viel Wind durch. Richtig wind- und wasserdicht wird es aber erst mit einem speziellen Innenfutter. Loden wird wie andere Outdoor Materialien in unterschiedlicher Qualit\u00e4t hergestellt.<\/p>\n<p><strong>Loden de \u00eenalt\u0103 calitate<\/strong> const\u0103 din unul <strong>procent mare de l\u00e2n\u0103 pur\u0103<\/strong>, a <strong>ast\u0103zi, se adaug\u0103 adesea o propor\u021bie de p\u0103r de lama sau alpaca.<\/strong> <strong>Con\u021binutul de fibre sintetice<\/strong> cu toate acestea, nu sunt \u00een niciun caz un semn de calitate inferioar\u0103, dar nu sunt \u00een niciun caz un semn de calitate inferioar\u0103. <strong>pentru a cre\u0219te elasticitatea \u0219i fermitatea<\/strong> \u00eencorporate. Aici loden-ul are un dezavantaj. Nu este deosebit de rezistent la rupere. Lodenul suport\u0103 foarte r\u0103u frecarea constant\u0103 \u00een zonele expuse. Acest lucru se datoreaz\u0103 faptului c\u0103 propriet\u0103\u021bile termoizolante \u0219i hidrofuge se pierd rapid \u00een aceste zone.<\/p>","protected":false},"excerpt":{"rendered":"<p>Die Bedeutung von Loden Als rein nat\u00fcrliches Produkt aus reiner Schurwolle ist Loden synthetischen Materialien in vielen Aspekten \u00fcberlegen. Anders als Synthetik h\u00e4lt das Material l\u00e4nger einem Dauerregen stand (ausgenommen Membrantechnologien) und w\u00e4rmt auch in nassem Zustand. Positiv f\u00e4llt zum Beispiel auf, dass die Kleidung kaum Geruch annimmt und beispielsweise auch nach l\u00e4ngerem Aufenthalt in [&#8230;]\n","protected":false},"author":2,"featured_media":0,"parent":737,"menu_order":0,"comment_status":"open","ping_status":"open","template":"","meta":{"inline_featured_image":false,"footnotes":""},"class_list":["post-762","page","type-page","status-publish","hentry"],"_links":{"self":[{"href":"https:\/\/ddoptics.shop\/ro\/wp-json\/wp\/v2\/pages\/762","targetHints":{"allow":["GET"]}}],"collection":[{"href":"https:\/\/ddoptics.shop\/ro\/wp-json\/wp\/v2\/pages"}],"about":[{"href":"https:\/\/ddoptics.shop\/ro\/wp-json\/wp\/v2\/types\/page"}],"author":[{"embeddable":true,"href":"https:\/\/ddoptics.shop\/ro\/wp-json\/wp\/v2\/users\/2"}],"replies":[{"embeddable":true,"href":"https:\/\/ddoptics.shop\/ro\/wp-json\/wp\/v2\/comments?post=762"}],"version-history":[{"count":0,"href":"https:\/\/ddoptics.shop\/ro\/wp-json\/wp\/v2\/pages\/762\/revisions"}],"up":[{"embeddable":true,"href":"https:\/\/ddoptics.shop\/ro\/wp-json\/wp\/v2\/pages\/737"}],"wp:attachment":[{"href":"https:\/\/ddoptics.shop\/ro\/wp-json\/wp\/v2\/media?parent=762"}],"curies":[{"name":"wp","href":"https:\/\/api.w.org\/{rel}","templated":true}]}}