{"id":10541,"date":"2017-04-02T18:15:53","date_gmt":"2017-04-02T16:15:53","guid":{"rendered":"https:\/\/beta.optik-sport-shop.at\/kaufen\/ddoptics-fernglas-12x56-pirschler-gen-3-gruen"},"modified":"2025-07-03T15:38:23","modified_gmt":"2025-07-03T13:38:23","slug":"ddoptics-pirschler-12x56-binoclu-gen-3-verde","status":"publish","type":"product","link":"https:\/\/ddoptics.shop\/ro\/kaufen\/ddoptics-pirschler-12x56-fernglas-gen-3-gruen\/","title":{"rendered":"Binoclu DDoptics Pirschler 12\u00d756 | verde - Gen 3"},"content":{"rendered":"<div class=\"row\"  id=\"row-982905470\">\n\n\t<div id=\"col-1076873625\" class=\"col medium-8 small-12 large-8\"  >\n\t\t\t\t<div class=\"col-inner\"  >\n\t\t\t\n\t\t\t\n<h2>DDOPTICS PIRSCHLER 12\u00d756 BINOCLU GEN 3 | VERDE | <a href=\"https:\/\/de.wikipedia.org\/wiki\/Abbe-K%C3%B6nig-Prisma\" target=\"_blank\" rel=\"noopener sponsored\">ABBE K\u00d6NIG<\/a> PRISME\u00a0<span class=\"dd_detail_topic_one\"> |<\/span>\u00a0unul dintre cele mai luminoase binocluri din clasa sa<\/h2>\n<div>\n<p>Descoperi\u021bi noul <strong>m\u0103rire mare, ultra-luminos \u0219i foarte robust<\/strong>\u00a0Binoclu de noapte \u0219i de v\u00e2n\u0103toare <strong>Pirschler 12\u00d756<\/strong> cu prisme Abbe-K\u00f6nig \u0219i <a href=\"https:\/\/de.wikipedia.org\/wiki\/Magnesium\" target=\"_blank\" rel=\"noopener noreferrer\">Magneziu<\/a> Corp. \u00cen plus fa\u021b\u0103 de \u00eembun\u0103t\u0103\u021birile aduse propriet\u0103\u021bilor optice ale Gen 2, aceste binocluri sunt proiectate \u00een special pentru durabilitate.<\/p>\n<p>Materialele \u0219i procesele de fabrica\u021bie de ultim\u0103 genera\u021bie din domeniul construc\u021biei de aeronave au f\u0103cut ca acest <strong>Binoclu 12\u00d756<\/strong> Noul model este, de asemenea, mult mai u\u0219or dec\u00e2t predecesorul s\u0103u.<\/p>\n<h3>Stabilitatea \u0219i robuste\u021bea binoclului profesional DDoptics Pirschler 12\u00d756<\/h3>\n<p>Noul binoclu \u201ePirschler\u201c nu con\u021bine nici m\u0103car un gram de plastic (cu excep\u021bia capacului de protec\u021bie a trepiedului). Nici pe corpul binoclului \u00een sine, nici pe piesele de uzur\u0103.<\/p>\n<p>Corpul \u0219i puntea sunt realizate dintr-un <strong>aliaj de magneziu ultrarezistent, dar extrem de u\u0219or<\/strong> din construc\u021bia aeronautic\u0103 \u0219i fac binoclul practic incasabil. Un avantaj suplimentar: magneziul reduce greutatea total\u0103 cu un impresionant 70 g la 1.150 g.<\/p>\n<p>Vizorul din spate (interval de reglare +-4) este situat \u00een centrul <strong>func\u021bionalitate mai bun\u0103, nu mai este pe roata central\u0103 de focalizare<\/strong>, dar pe ocularul drept. Toate aceste elemente de operare (dioptrii, ocular, roti\u021b\u0103 de focalizare) sunt fabricate din duraluminiu \u0219i garanteaz\u0103 astfel un nivel ridicat de durabilitate pe termen lung. O arm\u0103tur\u0103 denumit\u0103 \u201eBest Grip\u201c pe partea exterioar\u0103 a corpului \u00eempiedic\u0103 alunecarea m\u00e2inilor.<\/p>\n<p>Aceasta \u00eenseamn\u0103 c\u0103 <strong>prindere \u0219i men\u021binere cu o singur\u0103 m\u00e2n\u0103<\/strong> a acestui binoclu compact 12\u00d756 este pl\u0103cut confortabil \u0219i sigur, chiar \u0219i atunci c\u00e2nd purta\u021bi m\u0103nu\u0219i.<\/p>\n<\/div>\n\t\t<\/div>\n\t\t\t\t\n<style>\n#col-1076873625 > .col-inner {\n  margin: 0px 0px -30px 0px;\n}\n<\/style>\n\t<\/div>\n\n\t\n\n\t<div id=\"col-756925999\" class=\"col medium-4 small-12 large-4\"  >\n\t\t\t\t<div class=\"col-inner\"  >\n\t\t\t\n\t\t\t\n\t<div class=\"img has-hover x md-x lg-x y md-y lg-y\" id=\"image_340257354\">\n\t\t\t\t\t\t\t\t<div class=\"img-inner dark\" >\n\t\t\t\t\t\t\t\t\t\n\t\t\t\t\t<\/div>\n\t\t\t\t\t\t\t\t\n<style>\n#image_340257354 {\n  width: 100%;\n}\n<\/style>\n\t<\/div>\n\t\n\t<div class=\"img has-hover x md-x lg-x y md-y lg-y\" id=\"image_524835413\">\n\t\t<a class=\"\" href=\"https:\/\/www.shop.ddoptics.de\/garantiebestimmungen\" target=\"_blank\" rel=\"noopener\">\t\t\t\t\t\t<div class=\"img-inner dark\" >\n\t\t\t<img decoding=\"async\" width=\"352\" height=\"160\" src=\"https:\/\/ddoptics.shop\/wp-content\/uploads\/2014\/09\/DDoptics-Garantie.jpg\" class=\"attachment-large size-large\" alt=\"Garan\u021bia DDoptics\" srcset=\"https:\/\/ddoptics.shop\/wp-content\/uploads\/2014\/09\/DDoptics-Garantie.jpg 352w, https:\/\/ddoptics.shop\/wp-content\/uploads\/2014\/09\/DDoptics-Garantie-304x138.jpg 304w, https:\/\/ddoptics.shop\/wp-content\/uploads\/2014\/09\/DDoptics-Garantie-305x139.jpg 305w, https:\/\/ddoptics.shop\/wp-content\/uploads\/2014\/09\/DDoptics-Garantie-250x114.jpg 250w\" sizes=\"(max-width: 352px) 100vw, 352px\" title=\"\">\t\t\t\t\t\t\n\t\t\t\t\t<\/div>\n\t\t\t\t\t\t<\/a>\t\t\n<style>\n#image_524835413 {\n  width: 100%;\n}\n<\/style>\n\t<\/div>\n\t\n<h3>Date despre binoclul DDoptics Pirschler<\/h3>\n\t<div class=\"img has-hover x md-x lg-x y md-y lg-y\" id=\"image_825550071\">\n\t\t<a class=\"image-lightbox lightbox-gallery\" title=\"\" href=\"https:\/\/ddoptics.shop\/wp-content\/uploads\/2018\/09\/DDoptics-Pirschler-Gen-3-neu.jpg\">\t\t\t\t\t\t<div class=\"img-inner dark\" >\n\t\t\t<img decoding=\"async\" width=\"1020\" height=\"574\" src=\"https:\/\/ddoptics.shop\/wp-content\/uploads\/2018\/09\/DDoptics-Pirschler-Gen-3-neu.jpg\" class=\"attachment-large size-large\" alt=\"Cump\u0103ra\u021bi DDoptics Pirschler Gen 3 \u00een magazinul nostru\" srcset=\"https:\/\/ddoptics.shop\/wp-content\/uploads\/2018\/09\/DDoptics-Pirschler-Gen-3-neu.jpg 1200w, https:\/\/ddoptics.shop\/wp-content\/uploads\/2018\/09\/DDoptics-Pirschler-Gen-3-neu-304x171.jpg 304w, https:\/\/ddoptics.shop\/wp-content\/uploads\/2018\/09\/DDoptics-Pirschler-Gen-3-neu-305x172.jpg 305w, https:\/\/ddoptics.shop\/wp-content\/uploads\/2018\/09\/DDoptics-Pirschler-Gen-3-neu-632x356.jpg 632w, https:\/\/ddoptics.shop\/wp-content\/uploads\/2018\/09\/DDoptics-Pirschler-Gen-3-neu-800x450.jpg 800w, https:\/\/ddoptics.shop\/wp-content\/uploads\/2018\/09\/DDoptics-Pirschler-Gen-3-neu-510x287.jpg 510w, https:\/\/ddoptics.shop\/wp-content\/uploads\/2018\/09\/DDoptics-Pirschler-Gen-3-neu-250x141.jpg 250w\" sizes=\"(max-width: 1020px) 100vw, 1020px\" title=\"\">\t\t\t\t\t\t\n\t\t\t\t\t<\/div>\n\t\t\t\t\t\t<\/a>\t\t\n<style>\n#image_825550071 {\n  width: 100%;\n}\n<\/style>\n\t<\/div>\n\t\n\n\t\t<div class=\"icon-box featured-box icon-box-left text-left\"  >\n\t\t\t\t\t<div class=\"icon-box-img\" style=\"width: 32px\">\n\t\t\t\t<div class=\"icon\">\n\t\t\t\t\t<div class=\"icon-inner\" >\n\t\t\t\t\t\t<img decoding=\"async\" width=\"100\" height=\"83\" src=\"https:\/\/ddoptics.shop\/wp-content\/uploads\/2021\/06\/DDoptics-Pirschler-icon.jpg\" class=\"attachment-medium size-medium\" alt=\"Binoclu DDoptics Pirschler\" title=\"\">\t\t\t\t\t<\/div>\n\t\t\t\t<\/div>\n\t\t\t<\/div>\n\t\t\t\t<div class=\"icon-box-text last-reset\">\n\t\t\t\t\t\t\t\t\t\n<p><span data-sheets-value=\"{&quot;1&quot;:2,&quot;2&quot;:&quot;\u2705&quot;}\" data-sheets-userformat=\"{&quot;2&quot;:15297,&quot;3&quot;:{&quot;1&quot;:0},&quot;9&quot;:0,&quot;10&quot;:2,&quot;11&quot;:0,&quot;12&quot;:0,&quot;14&quot;:{&quot;1&quot;:2,&quot;2&quot;:0},&quot;15&quot;:&quot;Calibri, sans-serif&quot;,&quot;16&quot;:11}\">\u2705 <\/span><span style=\"color: #333333;\">Consolidare verde<\/span><\/p>\n\t\t<\/div>\n\t<\/div>\n\t\n\t\n\n\t\t<div class=\"icon-box featured-box icon-box-left text-left\"  >\n\t\t\t\t\t<div class=\"icon-box-img\" style=\"width: 32px\">\n\t\t\t\t<div class=\"icon\">\n\t\t\t\t\t<div class=\"icon-inner\" >\n\t\t\t\t\t\t<img decoding=\"async\" width=\"100\" height=\"83\" src=\"https:\/\/ddoptics.shop\/wp-content\/uploads\/2021\/06\/DDoptics-Pirschler-icon.jpg\" class=\"attachment-medium size-medium\" alt=\"Binoclu DDoptics Pirschler\" title=\"\">\t\t\t\t\t<\/div>\n\t\t\t\t<\/div>\n\t\t\t<\/div>\n\t\t\t\t<div class=\"icon-box-text last-reset\">\n\t\t\t\t\t\t\t\t\t\n<p>\u2705 <span style=\"color: #333333;\">Binoclu cu prisme ABBE K\u00d6NIG<\/span><\/p>\n\t\t<\/div>\n\t<\/div>\n\t\n\t\n\n\t\t<div class=\"icon-box featured-box icon-box-left text-left\"  >\n\t\t\t\t\t<div class=\"icon-box-img\" style=\"width: 32px\">\n\t\t\t\t<div class=\"icon\">\n\t\t\t\t\t<div class=\"icon-inner\" >\n\t\t\t\t\t\t<img decoding=\"async\" width=\"100\" height=\"83\" src=\"https:\/\/ddoptics.shop\/wp-content\/uploads\/2021\/06\/DDoptics-Pirschler-icon.jpg\" class=\"attachment-medium size-medium\" alt=\"Binoclu DDoptics Pirschler\" title=\"\">\t\t\t\t\t<\/div>\n\t\t\t\t<\/div>\n\t\t\t<\/div>\n\t\t\t\t<div class=\"icon-box-text last-reset\">\n\t\t\t\t\t\t\t\t\t\n<p>\u2705 <span style=\"color: #333333;\">Corp metalic indestructibil din magneziu (Mg)<\/span><\/p>\n\t\t<\/div>\n\t<\/div>\n\t\n\t\n\n\t\t<div class=\"icon-box featured-box icon-box-left text-left\"  >\n\t\t\t\t\t<div class=\"icon-box-img\" style=\"width: 32px\">\n\t\t\t\t<div class=\"icon\">\n\t\t\t\t\t<div class=\"icon-inner\" >\n\t\t\t\t\t\t<img decoding=\"async\" width=\"100\" height=\"83\" src=\"https:\/\/ddoptics.shop\/wp-content\/uploads\/2021\/06\/DDoptics-Pirschler-icon.jpg\" class=\"attachment-medium size-medium\" alt=\"Binoclu DDoptics Pirschler\" title=\"\">\t\t\t\t\t<\/div>\n\t\t\t\t<\/div>\n\t\t\t<\/div>\n\t\t\t\t<div class=\"icon-box-text last-reset\">\n\t\t\t\t\t\t\t\t\t\n<p>\u2705 <span style=\"color: #333333;\">80 g mai u\u0219or dec\u00e2t modelul anterior (datorit\u0103 Mg)<\/span><\/p>\n\t\t<\/div>\n\t<\/div>\n\t\n\t\n\n\t\t<div class=\"icon-box featured-box icon-box-left text-left\"  >\n\t\t\t\t\t<div class=\"icon-box-img\" style=\"width: 32px\">\n\t\t\t\t<div class=\"icon\">\n\t\t\t\t\t<div class=\"icon-inner\" >\n\t\t\t\t\t\t<img decoding=\"async\" width=\"100\" height=\"83\" src=\"https:\/\/ddoptics.shop\/wp-content\/uploads\/2021\/06\/DDoptics-Pirschler-icon.jpg\" class=\"attachment-medium size-medium\" alt=\"Binoclu DDoptics Pirschler\" title=\"\">\t\t\t\t\t<\/div>\n\t\t\t\t<\/div>\n\t\t\t<\/div>\n\t\t\t\t<div class=\"icon-box-text last-reset\">\n\t\t\t\t\t\t\t\t\t\n<p>\u2705 <span style=\"color: #333333;\">Ocular \u0219i ocular de metal<\/span><\/p>\n\t\t<\/div>\n\t<\/div>\n\t\n\t\n\n\t\t<div class=\"icon-box featured-box icon-box-left text-left\"  >\n\t\t\t\t\t<div class=\"icon-box-img\" style=\"width: 32px\">\n\t\t\t\t<div class=\"icon\">\n\t\t\t\t\t<div class=\"icon-inner\" >\n\t\t\t\t\t\t<img decoding=\"async\" width=\"100\" height=\"83\" src=\"https:\/\/ddoptics.shop\/wp-content\/uploads\/2021\/06\/DDoptics-Pirschler-icon.jpg\" class=\"attachment-medium size-medium\" alt=\"Binoclu DDoptics Pirschler\" title=\"\">\t\t\t\t\t<\/div>\n\t\t\t\t<\/div>\n\t\t\t<\/div>\n\t\t\t\t<div class=\"icon-box-text last-reset\">\n\t\t\t\t\t\t\t\t\t\n<p>\u2705 <span style=\"color: #333333;\">Roat\u0103 metalic\u0103 de focalizare \u0219i dioptrii separate<\/span><\/p>\n\t\t<\/div>\n\t<\/div>\n\t\n\t\n\n\t\t<div class=\"icon-box featured-box icon-box-left text-left\"  >\n\t\t\t\t\t<div class=\"icon-box-img\" style=\"width: 32px\">\n\t\t\t\t<div class=\"icon\">\n\t\t\t\t\t<div class=\"icon-inner\" >\n\t\t\t\t\t\t<img decoding=\"async\" width=\"100\" height=\"83\" src=\"https:\/\/ddoptics.shop\/wp-content\/uploads\/2021\/06\/DDoptics-Pirschler-icon.jpg\" class=\"attachment-medium size-medium\" alt=\"Binoclu DDoptics Pirschler\" title=\"\">\t\t\t\t\t<\/div>\n\t\t\t\t<\/div>\n\t\t\t<\/div>\n\t\t\t\t<div class=\"icon-box-text last-reset\">\n\t\t\t\t\t\t\t\t\t\n<p>\u2705 <span style=\"color: #333333;\">Ochelari de vedere cu trepte raster clare<\/span><\/p>\n\t\t<\/div>\n\t<\/div>\n\t\n\t\n\n\t\t<div class=\"icon-box featured-box icon-box-left text-left\"  >\n\t\t\t\t\t<div class=\"icon-box-img\" style=\"width: 32px\">\n\t\t\t\t<div class=\"icon\">\n\t\t\t\t\t<div class=\"icon-inner\" >\n\t\t\t\t\t\t<img decoding=\"async\" width=\"100\" height=\"83\" src=\"https:\/\/ddoptics.shop\/wp-content\/uploads\/2021\/06\/DDoptics-Pirschler-icon.jpg\" class=\"attachment-medium size-medium\" alt=\"Binoclu DDoptics Pirschler\" title=\"\">\t\t\t\t\t<\/div>\n\t\t\t\t<\/div>\n\t\t\t<\/div>\n\t\t\t\t<div class=\"icon-box-text last-reset\">\n\t\t\t\t\t\t\t\t\t\n<p>\u2705 <span style=\"color: #333333;\">Aspect complet nou cu sticl\u0103 CT<\/span><\/p>\n\t\t<\/div>\n\t<\/div>\n\t\n\t\n\n\t\t<div class=\"icon-box featured-box icon-box-left text-left\"  >\n\t\t\t\t\t<div class=\"icon-box-img\" style=\"width: 32px\">\n\t\t\t\t<div class=\"icon\">\n\t\t\t\t\t<div class=\"icon-inner\" >\n\t\t\t\t\t\t<img decoding=\"async\" width=\"100\" height=\"83\" src=\"https:\/\/ddoptics.shop\/wp-content\/uploads\/2021\/06\/DDoptics-Pirschler-icon.jpg\" class=\"attachment-medium size-medium\" alt=\"Binoclu DDoptics Pirschler\" title=\"\">\t\t\t\t\t<\/div>\n\t\t\t\t<\/div>\n\t\t\t<\/div>\n\t\t\t\t<div class=\"icon-box-text last-reset\">\n\t\t\t\t\t\t\t\t\t\n<p>\u2705 <span style=\"color: #333333;\">Rezolu\u021bie \u00eembun\u0103t\u0103\u021bit\u0103 semnificativ<\/span><\/p>\n\t\t<\/div>\n\t<\/div>\n\t\n\t\n\n\t\t<div class=\"icon-box featured-box icon-box-left text-left\"  >\n\t\t\t\t\t<div class=\"icon-box-img\" style=\"width: 32px\">\n\t\t\t\t<div class=\"icon\">\n\t\t\t\t\t<div class=\"icon-inner\" >\n\t\t\t\t\t\t<img decoding=\"async\" width=\"100\" height=\"83\" src=\"https:\/\/ddoptics.shop\/wp-content\/uploads\/2021\/06\/DDoptics-Pirschler-icon.jpg\" class=\"attachment-medium size-medium\" alt=\"Binoclu DDoptics Pirschler\" title=\"\">\t\t\t\t\t<\/div>\n\t\t\t\t<\/div>\n\t\t\t<\/div>\n\t\t\t\t<div class=\"icon-box-text last-reset\">\n\t\t\t\t\t\t\t\t\t\n<p>\u2705 <span style=\"color: #333333;\">Semnificativ mai luminos dec\u00e2t modelul anterior<\/span><\/p>\n\t\t<\/div>\n\t<\/div>\n\t\n\t\n\n\t\t<div class=\"icon-box featured-box icon-box-left text-left\"  >\n\t\t\t\t\t<div class=\"icon-box-img\" style=\"width: 32px\">\n\t\t\t\t<div class=\"icon\">\n\t\t\t\t\t<div class=\"icon-inner\" >\n\t\t\t\t\t\t<img decoding=\"async\" width=\"100\" height=\"83\" src=\"https:\/\/ddoptics.shop\/wp-content\/uploads\/2021\/06\/DDoptics-Pirschler-icon.jpg\" class=\"attachment-medium size-medium\" alt=\"Binoclu DDoptics Pirschler\" title=\"\">\t\t\t\t\t<\/div>\n\t\t\t\t<\/div>\n\t\t\t<\/div>\n\t\t\t\t<div class=\"icon-box-text last-reset\">\n\t\t\t\t\t\t\t\t\t\n<p>\u2705 <span style=\"color: #333333;\">C\u00e2mp vizual de 129 m pentru vizibilitate confortabil\u0103<\/span><\/p>\n\t\t<\/div>\n\t<\/div>\n\t\n\t\n\n\t\t<div class=\"icon-box featured-box icon-box-left text-left\"  >\n\t\t\t\t\t<div class=\"icon-box-img\" style=\"width: 32px\">\n\t\t\t\t<div class=\"icon\">\n\t\t\t\t\t<div class=\"icon-inner\" >\n\t\t\t\t\t\t<img decoding=\"async\" width=\"100\" height=\"83\" src=\"https:\/\/ddoptics.shop\/wp-content\/uploads\/2021\/06\/DDoptics-Pirschler-icon.jpg\" class=\"attachment-medium size-medium\" alt=\"Binoclu DDoptics Pirschler\" title=\"\">\t\t\t\t\t<\/div>\n\t\t\t\t<\/div>\n\t\t\t<\/div>\n\t\t\t\t<div class=\"icon-box-text last-reset\">\n\t\t\t\t\t\t\t\t\t\n<p>\u2705 <span style=\"color: #333333;\">Conceptul de design Best Grip pentru rezisten\u021b\u0103 la alunecare<\/span><\/p>\n\t\t<\/div>\n\t<\/div>\n\t\n\t\n\n\t\t<div class=\"icon-box featured-box icon-box-left text-left\"  >\n\t\t\t\t\t<div class=\"icon-box-img\" style=\"width: 32px\">\n\t\t\t\t<div class=\"icon\">\n\t\t\t\t\t<div class=\"icon-inner\" >\n\t\t\t\t\t\t<img decoding=\"async\" width=\"100\" height=\"83\" src=\"https:\/\/ddoptics.shop\/wp-content\/uploads\/2021\/06\/DDoptics-Pirschler-icon.jpg\" class=\"attachment-medium size-medium\" alt=\"Binoclu DDoptics Pirschler\" title=\"\">\t\t\t\t\t<\/div>\n\t\t\t\t<\/div>\n\t\t\t<\/div>\n\t\t\t\t<div class=\"icon-box-text last-reset\">\n\t\t\t\t\t\t\t\t\t\n<p>\u2705 <span style=\"color: #333333;\">Etan\u0219 la presiunea apei p\u00e2n\u0103 la 50 cm<\/span><\/p>\n\t\t<\/div>\n\t<\/div>\n\t\n\t\n\n\t\t<div class=\"icon-box featured-box icon-box-left text-left\"  >\n\t\t\t\t\t<div class=\"icon-box-img\" style=\"width: 32px\">\n\t\t\t\t<div class=\"icon\">\n\t\t\t\t\t<div class=\"icon-inner\" >\n\t\t\t\t\t\t<img decoding=\"async\" width=\"100\" height=\"83\" src=\"https:\/\/ddoptics.shop\/wp-content\/uploads\/2021\/06\/DDoptics-Pirschler-icon.jpg\" class=\"attachment-medium size-medium\" alt=\"Binoclu DDoptics Pirschler\" title=\"\">\t\t\t\t\t<\/div>\n\t\t\t\t<\/div>\n\t\t\t<\/div>\n\t\t\t\t<div class=\"icon-box-text last-reset\">\n\t\t\t\t\t\t\t\t\t\n<p>\u2705 <span style=\"color: #333333;\">Raindefender Nano - Acoperire Lotus<\/span><\/p>\n\t\t<\/div>\n\t<\/div>\n\t\n\t\n<div class=\"is-divider divider clearfix\" ><\/div>\n<a href=\"https:\/\/ddoptics.shop\/wp-content\/uploads\/2021\/05\/DDoptics-Fernglasanleitung_2019.pdf\" target=\"_blank\" class=\"button white expand\" rel=\"noopener\" style=\"border-radius:10px;\">\n\t<i class=\"icon-angle-down\" aria-hidden=\"true\"><\/i>\t<span>Desc\u0103rca\u021bi instruc\u021biunile de utilizare<\/span>\n\t<\/a>\n\n\t\t<\/div>\n\t\t\t\t\t<\/div>\n\n\t\n<\/div>\n\t<div class=\"img has-hover x md-x lg-x y md-y lg-y\" id=\"image_234508900\">\n\t\t\t\t\t\t\t\t<div class=\"img-inner dark\" >\n\t\t\t<img decoding=\"async\" width=\"1020\" height=\"340\" src=\"https:\/\/ddoptics.shop\/wp-content\/uploads\/2021\/06\/Pirschler-Gen-3-DDoptics.jpg\" class=\"attachment-large size-large\" alt=\"DDoptics Pirschler Gen 3 binoclu\" srcset=\"https:\/\/ddoptics.shop\/wp-content\/uploads\/2021\/06\/Pirschler-Gen-3-DDoptics.jpg 1200w, https:\/\/ddoptics.shop\/wp-content\/uploads\/2021\/06\/Pirschler-Gen-3-DDoptics-304x101.jpg 304w, https:\/\/ddoptics.shop\/wp-content\/uploads\/2021\/06\/Pirschler-Gen-3-DDoptics-305x102.jpg 305w, https:\/\/ddoptics.shop\/wp-content\/uploads\/2021\/06\/Pirschler-Gen-3-DDoptics-632x211.jpg 632w, https:\/\/ddoptics.shop\/wp-content\/uploads\/2021\/06\/Pirschler-Gen-3-DDoptics-800x267.jpg 800w, https:\/\/ddoptics.shop\/wp-content\/uploads\/2021\/06\/Pirschler-Gen-3-DDoptics-510x170.jpg 510w, https:\/\/ddoptics.shop\/wp-content\/uploads\/2021\/06\/Pirschler-Gen-3-DDoptics-250x83.jpg 250w\" sizes=\"(max-width: 1020px) 100vw, 1020px\" title=\"\">\t\t\t\t\t\t\n\t\t\t\t\t\t\t<div class=\"caption\">DDoptics Pirschler Gen 3 binoclu<\/div>\n\t\t\t\t\t<\/div>\n\t\t\t\t\t\t\t\t\n<style>\n#image_234508900 {\n  width: 100%;\n}\n<\/style>\n\t<\/div>\n\t\n\t<div id=\"gap-1426210385\" class=\"gap-element clearfix\" style=\"display:block; height:auto;\">\n\t\t\n<style>\n#gap-1426210385 {\n  padding-top: 30px;\n}\n<\/style>\n\t<\/div>\n\t\n<p>&nbsp;<\/p>\n<h3>Optic\u0103 binocular\u0103 str\u0103lucitoare 12\u00d756 cu binoclu Pirschler<\/h3>\n<p>Noua sticl\u0103 CT cu strat DDlucid sofisticat \u0219i <strong>Prisme Abbe-K\u00f6nig de \u00eenalt\u0103 calitate<\/strong> fac din observarea cu binoclul Pirschler 12\u00d756 o pl\u0103cere vizual\u0103 pur\u0103. Observatorului i se ofer\u0103 <strong>Transmisie extrem de ridicat\u0103 a luminii \u0219i luminozitate a imaginii<\/strong> pentru un contrast ridicat \u0219i o reproducere str\u0103lucitoare a imaginii cu <strong>contururi ascu\u021bite ca briciul<\/strong>. Dispersia sticlei este foarte sc\u0103zut\u0103.<\/p>\n<h3>Specialist binocular pe timp de noapte cu m\u0103rire mare<\/h3>\n<p>Chiar dac\u0103 optica este deja impresionant\u0103 \u00een timpul zilei, Pirschler 12\u00d756 este f\u0103cut \u0219i pentru v\u00e2n\u0103toarea pe timp de noapte. Pe m\u0103sur\u0103 ce se apropie amurgul, c\u00e2nd alte binocluri \u00ee\u0219i pierd deja clar luminozitatea \u0219i str\u0103lucirea imaginii, Pirschler \u00eencepe s\u0103 \u00ee\u0219i arate punctele forte. Aproape c\u0103 ai impresia c\u0103 rezolu\u021bia \u0219i contrastul se \u00eembun\u0103t\u0103\u021besc \u0219i mai mult pe m\u0103sur\u0103 ce amurgul cre\u0219te. Chiar \u0219i la o m\u0103rire de 12x, \u00eenc\u0103 taie o figur\u0103 extrem de \u201dbun\u0103\u201d \u00een noaptea t\u00e2rzie. Acest binoclu nu v\u0103 va dezam\u0103gi p\u00e2n\u0103 la ultima lumin\u0103 a zilei.<\/p>\n<h3>Carcas\u0103 binocular\u0103 impermeabil\u0103 \u0219i strat nano hidrofug<\/h3>\n<p>Acoperirea \u201eRaindefender Nano\u201c asigur\u0103 o<strong> efect de lotus hidrofug<\/strong>, binoclurile \u00een sine sunt <strong>Complet etan\u0219 la presiunea apei<\/strong> p\u00e2n\u0103 la 50 cm \u00een ap\u0103 cald\u0103 sau rece.<\/p>\n<figure id=\"attachment_10769\" aria-describedby=\"caption-attachment-10769\" style=\"width: 400px\" class=\"wp-caption alignright\"><img decoding=\"async\" class=\"size-full wp-image-10769\" src=\"https:\/\/ddoptics.shop\/wp-content\/uploads\/2017\/02\/Fernglas-Pirschler-8x56-smart-Focus-small.jpg\" alt=\"Binoclu Pirschler 15x56 func\u021bie de focalizare inteligent\u0103\" width=\"400\" height=\"267\" title=\"\" srcset=\"https:\/\/ddoptics.shop\/wp-content\/uploads\/2017\/02\/Fernglas-Pirschler-8x56-smart-Focus-small.jpg 400w, https:\/\/ddoptics.shop\/wp-content\/uploads\/2017\/02\/Fernglas-Pirschler-8x56-smart-Focus-small-304x203.jpg 304w, https:\/\/ddoptics.shop\/wp-content\/uploads\/2017\/02\/Fernglas-Pirschler-8x56-smart-Focus-small-305x204.jpg 305w, https:\/\/ddoptics.shop\/wp-content\/uploads\/2017\/02\/Fernglas-Pirschler-8x56-smart-Focus-small-250x167.jpg 250w\" sizes=\"(max-width: 400px) 100vw, 400px\" \/><figcaption id=\"caption-attachment-10769\" class=\"wp-caption-text\">Binoclu Pirschler 12\u00d756 func\u021bie de focalizare inteligent\u0103<\/figcaption><\/figure>\n<h3>Binoclu Pirschler - Func\u021bie Smart Focus: 50 m - infinit<\/h3>\n<p>Smart Focus este un avantaj \u00een amurg sau pe timp de noapte: aceast\u0103 tehnologie elimin\u0103 \u00een mare m\u0103sur\u0103 necesitatea de a reorienta \u201ePirschler 12\u00d756\u201c.<\/p>\n<p>Dup\u0103 ce se concentreaz\u0103 asupra unui obiect aflat la o distan\u021b\u0103 de aproximativ 100 de metri, ochiul se regleaz\u0103 \u00een intervalul de distan\u021b\u0103 de<strong> De la 50 m la infinit \u00een mod automat, f\u0103r\u0103 reorientare constant\u0103<\/strong> \u00een.<\/p>\n<p>Setarea func\u021biei 50m la infinit: Pentru a seta func\u021bia, roti\u021bi marcajul liniei tactile de pe roata de focalizare \u00een pozi\u021bia \u201csus\u201d.<\/p>\n<h3>C\u00e2mpul vizual mare al binoclului 12\u00d756<\/h3>\n<p>C\u00e2mpul vizual de 93 de metri ofer\u0103 avantaje clare atunci c\u00e2nd<strong> a\u0219a-numitele geamuri<\/strong> \u0219i asigur\u0103 c\u0103 v\u00e2natul \u0219i p\u0103s\u0103rile pot fi g\u0103site \u0219i recunoscute mai rapid.<\/p>\n<h3>Binoclu potrivit \u0219i pentru purt\u0103torii de ochelari<\/h3>\n<p>Acest lucru se datoreaz\u0103 faptului c\u0103 cele 3 pozi\u021bii ale <strong>ochelari metalici care pot fi roti\u021bi \u00een\u0103untru \u0219i \u00een afar\u0103<\/strong> asigur\u0103 o eliberare perfect\u0103 a ochilor. Reglarea este lin\u0103, solid\u0103 \u0219i func\u021bioneaz\u0103 absolut f\u0103r\u0103 niciun joc.<\/p>\n<p>The la <strong>Modelul predecesor Gen 2 a \u00eembun\u0103t\u0103\u021bit semnificativ calitatea mecanismului eyecup<\/strong> este vizibil\u0103 datorit\u0103 unei rezisten\u021be haptice adecvate \u0219i a bloc\u0103rii clar definite a treptelor intermediare. (f\u0103r\u0103 z\u0103ng\u0103nit, f\u0103r\u0103 joc, f\u0103r\u0103 reglare accidental\u0103).<\/p>\n<p>Pe de alt\u0103 parte, <strong>Binoclu Pirschler 12\u00d756<\/strong> este caracterizat de o distan\u021b\u0103 mai mare a pupilei de ie\u0219ire (20 mm) \u00een compara\u021bie cu alte binocluri din aceast\u0103 clas\u0103<\/p>","protected":false},"excerpt":{"rendered":"<p><a href=\"https:\/\/ddoptics.shop\/wp-content\/uploads\/2016\/09\/Ornitologie-klein.jpg\"><img decoding=\"async\" class=\"alignnone wp-image-10170 size-full\" title=\"Observarea p\u0103s\u0103rilor\" src=\"https:\/\/ddoptics.shop\/wp-content\/uploads\/2016\/09\/Ornitologie-klein.jpg\" alt=\"Observarea p\u0103s\u0103rilor\" width=\"50\" height=\"50\" \/><\/a><a href=\"https:\/\/ddoptics.shop\/wp-content\/uploads\/2016\/09\/Astronomie-klein.jpg\"><img decoding=\"async\" class=\"alignnone wp-image-10166 size-full\" title=\"Astronomie, observarea stelelor\" src=\"https:\/\/ddoptics.shop\/wp-content\/uploads\/2016\/09\/Astronomie-klein.jpg\" alt=\"Binoclu astronomic\" width=\"50\" height=\"50\" \/><\/a><br \/>\nComplet recalculat<strong> Binoclu Pirschler 12\u00d756<\/strong> sunt \u00een prezent cel mai modern binoclu din seria DDoptics Pirschler. Este unul dintre cele mai luminoase binocluri 12x din clasa sa.<\/p>\n<a href=\"https:\/\/amzn.to\/3nYo2Nj\" target=\"_blank\" class=\"button success is-success is-small\" rel=\"\u201dnofollow\u201d noopener\" >\n\t\t<span>client amazon? - folosi\u021bi beneficiile prime?<\/span>\n\t<\/a>","protected":false},"featured_media":10550,"comment_status":"open","ping_status":"closed","template":"","meta":{"inline_featured_image":false,"footnotes":""},"product_brand":[],"product_cat":[352,364,949,329,67,345],"product_tag":[504,93,78,84,953,777],"class_list":{"0":"post-10541","1":"product","2":"type-product","3":"status-publish","4":"has-post-thumbnail","6":"product_cat-12x-vergroesserung","7":"product_cat-56-mm-objektiv","8":"product_cat-messeaktion","9":"product_cat-ddoptics","10":"product_cat-fernglas","11":"product_cat-jagd-und-wild","12":"product_tag-12x56","13":"product_tag-ansitzglas","14":"product_tag-ddoptics","15":"product_tag-nachtfernglas","16":"product_tag-pirschler-12x56","17":"product_tag-pirschler-gen-3","18":"product_shipping_class-paket","19":"pa_brand-marke-ddoptics","20":"pa_farbe-gruen","21":"pa_produkt-typ-fernglas","23":"first","24":"instock","25":"sale","26":"taxable","27":"shipping-taxable","28":"purchasable","29":"product-type-simple"},"bundled_by":[],"bundle_stock_status":"instock","bundle_stock_quantity":48,"bundle_virtual":false,"bundle_layout":"","bundle_add_to_cart_form_location":"","bundle_editable_in_cart":false,"bundle_sold_individually_context":"","bundle_item_grouping":"","bundle_min_size":"","bundle_max_size":"","bundle_price":[],"bundled_items":[],"bundle_sell_ids":[],"_links":{"self":[{"href":"https:\/\/ddoptics.shop\/ro\/wp-json\/wp\/v2\/product\/10541","targetHints":{"allow":["GET"]}}],"collection":[{"href":"https:\/\/ddoptics.shop\/ro\/wp-json\/wp\/v2\/product"}],"about":[{"href":"https:\/\/ddoptics.shop\/ro\/wp-json\/wp\/v2\/types\/product"}],"replies":[{"embeddable":true,"href":"https:\/\/ddoptics.shop\/ro\/wp-json\/wp\/v2\/comments?post=10541"}],"version-history":[{"count":10,"href":"https:\/\/ddoptics.shop\/ro\/wp-json\/wp\/v2\/product\/10541\/revisions"}],"predecessor-version":[{"id":28582,"href":"https:\/\/ddoptics.shop\/ro\/wp-json\/wp\/v2\/product\/10541\/revisions\/28582"}],"wp:featuredmedia":[{"embeddable":true,"href":"https:\/\/ddoptics.shop\/ro\/wp-json\/wp\/v2\/media\/10550"}],"wp:attachment":[{"href":"https:\/\/ddoptics.shop\/ro\/wp-json\/wp\/v2\/media?parent=10541"}],"wp:term":[{"taxonomy":"product_brand","embeddable":true,"href":"https:\/\/ddoptics.shop\/ro\/wp-json\/wp\/v2\/product_brand?post=10541"},{"taxonomy":"product_cat","embeddable":true,"href":"https:\/\/ddoptics.shop\/ro\/wp-json\/wp\/v2\/product_cat?post=10541"},{"taxonomy":"product_tag","embeddable":true,"href":"https:\/\/ddoptics.shop\/ro\/wp-json\/wp\/v2\/product_tag?post=10541"}],"curies":[{"name":"wp","href":"https:\/\/api.w.org\/{rel}","templated":true}]}}