{"id":10601,"date":"2017-03-02T10:26:21","date_gmt":"2017-03-02T09:26:21","guid":{"rendered":"https:\/\/beta.optik-sport-shop.at\/kaufen\/ddoptics-fernglas-ultralight-8x42"},"modified":"2025-06-24T14:22:21","modified_gmt":"2025-06-24T12:22:21","slug":"ddoptics-binoclu-ultralight-8x42","status":"publish","type":"product","link":"https:\/\/ddoptics.shop\/ro\/kaufen\/ddoptics-fernglas-ultralight-8x42\/","title":{"rendered":"Binoclu DDoptics Ultralight 8\u00d742"},"content":{"rendered":"<div class=\"row\"  id=\"row-1277040672\">\n\n\t<div id=\"col-920890998\" class=\"col medium-8 small-12 large-8\"  >\n\t\t\t\t<div class=\"col-inner\"  >\n\t\t\t\n\t\t\t\n<h2>Binoclu DDoptics Ultralight 8\u00d742<\/h2>\n<p>Binoclul universal pentru drume\u021bii \u0219i urm\u0103rire de la DDoptics este disponibil din august 2015 \u0219i \u00een versiunea mai luminoas\u0103 de 42 mm. Descoperi\u021bi binoclurile universale universale de la DDoptics. A <strong>Binoclu compact 8x <\/strong>cu <strong>performan\u021b\u0103 impresionant\u0103 a imaginii<\/strong> la o <strong>pre\u021b mai mult dec\u00e2t uimitor<\/strong>. Cu acest <strong>binoclu foarte u\u0219or \u0219i compact<\/strong> DDoptics \u00ee\u0219i completeaz\u0103 gama \u00een categoria \u201ca <strong>\u201cBinocluri pentru TO\u021aI\u201d<\/strong> cu seria Ultralight.<\/p>\n<p>The <strong>DDoptics Binoclu ultrau\u0219or cu m\u0103rire 8x<\/strong>\u00a0v\u0103 ofer\u0103 optic\u0103 u\u0219oar\u0103 \u0219i impermeabil\u0103 pentru un buget mic, precum \u0219i un mecanism de lucru curat. Acoperirea prismelor \u0219i a lentilelor binoclului Ultralight cu diametrul obiectivului de 42 mm au fost prev\u0103zute chiar cu un dielectric.<\/p>\n<p>Micul <strong>Binoclurile sunt frumos proiectate<\/strong> proiectat, u\u0219or, mic, rezistent la ap\u0103 \u0219i puternic. Caracteristicile <strong>pod deschis<\/strong> invit\u0103 m\u00e2na s\u0103 se \u00eenf\u0103\u0219oare \u00een jurul tubului, oferind aderen\u021b\u0103 \u0219i confort.<\/p>\n<p>Acoperirea de pe prisme \u0219i lentile asigur\u0103 o imagine luminoas\u0103 \u0219i pl\u0103cut\u0103, iar dac\u0103 nu ave\u021bi nevoie de binoclu pe moment, acesta poate fi u\u0219or depozitat \u00een buzunarul jachetei. Greutatea redus\u0103 a binoclului Ultralight de pu\u021bin sub 645 g nu este niciodat\u0103 o pacoste.<\/p>\n\t\t<\/div>\n\t\t\t\t\n<style>\n#col-920890998 > .col-inner {\n  margin: 0px 0px -30px 0px;\n}\n<\/style>\n\t<\/div>\n\n\t\n\n\t<div id=\"col-277052538\" class=\"col medium-4 small-12 large-4\"  >\n\t\t\t\t<div class=\"col-inner\"  >\n\t\t\t\n\t\t\t\n\t<div class=\"img has-hover x md-x lg-x y md-y lg-y\" id=\"image_1325954961\">\n\t\t\t\t\t\t\t\t<div class=\"img-inner dark\" >\n\t\t\t\t\t\t\t\t\t\n\t\t\t\t\t<\/div>\n\t\t\t\t\t\t\t\t\n<style>\n#image_1325954961 {\n  width: 100%;\n}\n<\/style>\n\t<\/div>\n\t\n\t<div class=\"img has-hover x md-x lg-x y md-y lg-y\" id=\"image_653902326\">\n\t\t<a class=\"\" href=\"https:\/\/www.shop.ddoptics.de\/garantiebestimmungen\" target=\"_blank\" rel=\"noopener\">\t\t\t\t\t\t<div class=\"img-inner dark\" >\n\t\t\t<img decoding=\"async\" width=\"352\" height=\"160\" src=\"https:\/\/ddoptics.shop\/wp-content\/uploads\/2014\/09\/DDoptics-Garantie.jpg\" class=\"attachment-large size-large\" alt=\"Garan\u021bia DDoptics\" srcset=\"https:\/\/ddoptics.shop\/wp-content\/uploads\/2014\/09\/DDoptics-Garantie.jpg 352w, https:\/\/ddoptics.shop\/wp-content\/uploads\/2014\/09\/DDoptics-Garantie-304x138.jpg 304w, https:\/\/ddoptics.shop\/wp-content\/uploads\/2014\/09\/DDoptics-Garantie-305x139.jpg 305w, https:\/\/ddoptics.shop\/wp-content\/uploads\/2014\/09\/DDoptics-Garantie-250x114.jpg 250w\" sizes=\"(max-width: 352px) 100vw, 352px\" title=\"\">\t\t\t\t\t\t\n\t\t\t\t\t<\/div>\n\t\t\t\t\t\t<\/a>\t\t\n<style>\n#image_653902326 {\n  width: 100%;\n}\n<\/style>\n\t<\/div>\n\t\n<h3>Caracteristicile binoclului DDoptics Ultralight<\/h3>\n\n\t\t<div class=\"icon-box featured-box icon-box-left text-left\"  >\n\t\t\t\t\t<div class=\"icon-box-img\" style=\"width: 32px\">\n\t\t\t\t<div class=\"icon\">\n\t\t\t\t\t<div class=\"icon-inner\" >\n\t\t\t\t\t\t<img decoding=\"async\" width=\"100\" height=\"83\" src=\"https:\/\/ddoptics.shop\/wp-content\/uploads\/2021\/05\/DDoptics-SHG-Icon.jpg\" class=\"attachment-medium size-medium\" alt=\"DDoptics SHG Binoclu Icon\" title=\"\">\t\t\t\t\t<\/div>\n\t\t\t\t<\/div>\n\t\t\t<\/div>\n\t\t\t\t<div class=\"icon-box-text last-reset\">\n\t\t\t\t\t\t\t\t\t\n<p>\u2705 Cea mai mic\u0103 greutate<\/p>\n\t\t<\/div>\n\t<\/div>\n\t\n\t\n\n\t\t<div class=\"icon-box featured-box icon-box-left text-left\"  >\n\t\t\t\t\t<div class=\"icon-box-img\" style=\"width: 32px\">\n\t\t\t\t<div class=\"icon\">\n\t\t\t\t\t<div class=\"icon-inner\" >\n\t\t\t\t\t\t<img decoding=\"async\" width=\"100\" height=\"83\" src=\"https:\/\/ddoptics.shop\/wp-content\/uploads\/2021\/05\/DDoptics-SHG-Icon.jpg\" class=\"attachment-medium size-medium\" alt=\"DDoptics SHG Binoclu Icon\" title=\"\">\t\t\t\t\t<\/div>\n\t\t\t\t<\/div>\n\t\t\t<\/div>\n\t\t\t\t<div class=\"icon-box-text last-reset\">\n\t\t\t\t\t\t\t\t\t\n<p>\u2705 Pod deschis<\/p>\n\t\t<\/div>\n\t<\/div>\n\t\n\t\n\n\t\t<div class=\"icon-box featured-box icon-box-left text-left\"  >\n\t\t\t\t\t<div class=\"icon-box-img\" style=\"width: 32px\">\n\t\t\t\t<div class=\"icon\">\n\t\t\t\t\t<div class=\"icon-inner\" >\n\t\t\t\t\t\t<img decoding=\"async\" width=\"100\" height=\"83\" src=\"https:\/\/ddoptics.shop\/wp-content\/uploads\/2021\/05\/DDoptics-SHG-Icon.jpg\" class=\"attachment-medium size-medium\" alt=\"DDoptics SHG Binoclu Icon\" title=\"\">\t\t\t\t\t<\/div>\n\t\t\t\t<\/div>\n\t\t\t<\/div>\n\t\t\t\t<div class=\"icon-box-text last-reset\">\n\t\t\t\t\t\t\t\t\t\n<p>\u2705 Mecanism de reglare fin\u0103<\/p>\n\t\t<\/div>\n\t<\/div>\n\t\n\t\n\n\t\t<div class=\"icon-box featured-box icon-box-left text-left\"  >\n\t\t\t\t\t<div class=\"icon-box-img\" style=\"width: 32px\">\n\t\t\t\t<div class=\"icon\">\n\t\t\t\t\t<div class=\"icon-inner\" >\n\t\t\t\t\t\t<img decoding=\"async\" width=\"100\" height=\"83\" src=\"https:\/\/ddoptics.shop\/wp-content\/uploads\/2021\/05\/DDoptics-SHG-Icon.jpg\" class=\"attachment-medium size-medium\" alt=\"DDoptics SHG Binoclu Icon\" title=\"\">\t\t\t\t\t<\/div>\n\t\t\t\t<\/div>\n\t\t\t<\/div>\n\t\t\t\t<div class=\"icon-box-text last-reset\">\n\t\t\t\t\t\t\t\t\t\n<p>\u2705 Cupe de ochi metalice<\/p>\n\t\t<\/div>\n\t<\/div>\n\t\n\t\n\n\t\t<div class=\"icon-box featured-box icon-box-left text-left\"  >\n\t\t\t\t\t<div class=\"icon-box-img\" style=\"width: 32px\">\n\t\t\t\t<div class=\"icon\">\n\t\t\t\t\t<div class=\"icon-inner\" >\n\t\t\t\t\t\t<img decoding=\"async\" width=\"100\" height=\"83\" src=\"https:\/\/ddoptics.shop\/wp-content\/uploads\/2021\/05\/DDoptics-SHG-Icon.jpg\" class=\"attachment-medium size-medium\" alt=\"DDoptics SHG Binoclu Icon\" title=\"\">\t\t\t\t\t<\/div>\n\t\t\t\t<\/div>\n\t\t\t<\/div>\n\t\t\t\t<div class=\"icon-box-text last-reset\">\n\t\t\t\t\t\t\t\t\t\n<p>\u2705 Prisme Schmidt-Pechan - rezolu\u021bie bun\u0103<\/p>\n\t\t<\/div>\n\t<\/div>\n\t\n\t\n\n\t\t<div class=\"icon-box featured-box icon-box-left text-left\"  >\n\t\t\t\t\t<div class=\"icon-box-img\" style=\"width: 32px\">\n\t\t\t\t<div class=\"icon\">\n\t\t\t\t\t<div class=\"icon-inner\" >\n\t\t\t\t\t\t<img decoding=\"async\" width=\"100\" height=\"83\" src=\"https:\/\/ddoptics.shop\/wp-content\/uploads\/2021\/05\/DDoptics-SHG-Icon.jpg\" class=\"attachment-medium size-medium\" alt=\"DDoptics SHG Binoclu Icon\" title=\"\">\t\t\t\t\t<\/div>\n\t\t\t\t<\/div>\n\t\t\t<\/div>\n\t\t\t\t<div class=\"icon-box-text last-reset\">\n\t\t\t\t\t\t\t\t\t\n<p>\u2705 Wasserdichtigkeit und Nitrogenf\u00fcllung<\/p>\n\t\t<\/div>\n\t<\/div>\n\t\n\t\n<div class=\"is-divider divider clearfix\" ><\/div>\n\t\t<\/div>\n\t\t\t\t\t<\/div>\n\n\t\n<\/div>\n<h3>Binoclu ultralight 8\u00d742 pentru drume\u021bii, vacan\u021be \u00een aer liber sau lumea mun\u021bilor alpini<\/h3>\n<p>Fie \u00een <strong>Mun\u021bi sau \u00een timpul drume\u021biilor lungi<\/strong>, fie c\u0103 este frig sau cald, <strong>impermeabil \u0219i umplut cu azot Ultralight<\/strong> face pur \u0219i simplu totul - \u0219i \u00eenc\u0103 face o fotografie foarte bun\u0103. Chiar \u0219i la asfin\u021bit, v\u0103 ajut\u0103 s\u0103 g\u0103si\u021bi calea corect\u0103 sau v\u0103 arat\u0103 unde sunt ascunse una sau dou\u0103 mici surprize.<\/p>\n<h3>Raport pre\u021b-performan\u021b\u0103 scandalos<\/h3>\n<p>Cu <strong>Binoclu Ultralight 8\u00d742 DDoptics v\u0103 ofer\u0103 o pereche de binocluri<\/strong>, care poate face tot ceea ce v-a\u021bi a\u0219tepta de la un binoclu at\u00e2t de mic. Un pod deschis este, de asemenea, rar sau niciodat\u0103 \u00eent\u00e2lnit la binocluri din aceast\u0103 gam\u0103 de pre\u021buri.<\/p>\n<h3>Design binocular robust pentru utilizarea zilnic\u0103<\/h3>\n<p>The <strong>Corpul binoclului este fabricat din policarbonat ultrarezistent \u0219i incasabil<\/strong> fabricate. Aliajele metalice sunt utilizate \u00een puncte critice, cum ar fi ochelarii sau \u201ccurba\u201d.<\/p>\n<h3>Mecanic\u0103 binocular\u0103 fin\u0103<\/h3>\n<p>The <strong>Roata de focalizare func\u021bioneaz\u0103 confortabil liber \u0219i f\u0103r\u0103 joc;<\/strong> nu prea tare \u0219i nu prea moale. Datorit\u0103 regl\u0103rii fine, focalizarea poate fi adus\u0103 u\u0219or \u0219i precis la \u201cpunctul focal\u201d. Dioptria, care poate fi ac\u021bionat\u0103 sub ocularul drept, poate fi reglat\u0103 curat \u0219i precis. Caracteristicile <strong>Ochelarii ofer\u0103 patru \u201cniveluri de gril\u0103\u201d clare\u201d<\/strong> Acest lucru permite at\u00e2t purt\u0103torilor de ochelari, c\u00e2t \u0219i celor care nu poart\u0103 ochelari s\u0103 seteze cea mai bun\u0103 \u0219i mai confortabil\u0103 distan\u021b\u0103 interpupilar\u0103 posibil\u0103.<\/p>","protected":false},"excerpt":{"rendered":"<p><img decoding=\"async\" class=\"alignnone wp-image-10180 size-full\" title=\"Drume\u021bii \u0219i trekking\" src=\"https:\/\/ddoptics.shop\/wp-content\/uploads\/2016\/04\/Bergwandern-klein.jpg\" alt=\"Binoclu pentru drume\u021bii montane\" width=\"50\" height=\"50\" \/><img decoding=\"async\" class=\"alignnone wp-image-10178 size-full\" title=\"Observa\u021bii \u00een natur\u0103\" src=\"https:\/\/ddoptics.shop\/wp-content\/uploads\/2016\/04\/Gebirgsjagd-klein.jpg\" alt=\"Binoclu de v\u00e2n\u0103toare de munte\" width=\"50\" height=\"50\" \/><br \/>\nOpinia noastr\u0103: The<strong> Revolu\u021bia DDoptics - <\/strong>una<strong> Binocluri pentru TOAT\u0102 lumea la un pre\u021b de necrezut.<\/strong><\/p>","protected":false},"featured_media":10607,"comment_status":"open","ping_status":"closed","template":"","meta":{"inline_featured_image":false,"footnotes":""},"product_brand":[],"product_cat":[362,349,329,344,346],"product_tag":[90,91,78],"class_list":{"0":"post-10601","1":"product","2":"type-product","3":"status-publish","4":"has-post-thumbnail","6":"product_cat-42-mm-objektiv","7":"product_cat-8x-vergroesserung","8":"product_cat-ddoptics","9":"product_cat-naturbeobachtung","10":"product_cat-wandern-und-reisen","11":"product_tag-8-fach-vergroesserung","12":"product_tag-8x42","13":"product_tag-ddoptics","14":"product_shipping_class-paket","15":"pa_brand-marke-ddoptics","16":"pa_farbe-schwarz","17":"pa_produkt-typ-fernglas","19":"first","20":"instock","21":"sale","22":"taxable","23":"shipping-taxable","24":"purchasable","25":"product-type-simple"},"bundled_by":[],"bundle_stock_status":"instock","bundle_stock_quantity":null,"bundle_virtual":false,"bundle_layout":"","bundle_add_to_cart_form_location":"","bundle_editable_in_cart":false,"bundle_sold_individually_context":"","bundle_item_grouping":"","bundle_min_size":"","bundle_max_size":"","bundle_price":[],"bundled_items":[],"bundle_sell_ids":[],"_links":{"self":[{"href":"https:\/\/ddoptics.shop\/ro\/wp-json\/wp\/v2\/product\/10601","targetHints":{"allow":["GET"]}}],"collection":[{"href":"https:\/\/ddoptics.shop\/ro\/wp-json\/wp\/v2\/product"}],"about":[{"href":"https:\/\/ddoptics.shop\/ro\/wp-json\/wp\/v2\/types\/product"}],"replies":[{"embeddable":true,"href":"https:\/\/ddoptics.shop\/ro\/wp-json\/wp\/v2\/comments?post=10601"}],"version-history":[{"count":5,"href":"https:\/\/ddoptics.shop\/ro\/wp-json\/wp\/v2\/product\/10601\/revisions"}],"predecessor-version":[{"id":28469,"href":"https:\/\/ddoptics.shop\/ro\/wp-json\/wp\/v2\/product\/10601\/revisions\/28469"}],"wp:featuredmedia":[{"embeddable":true,"href":"https:\/\/ddoptics.shop\/ro\/wp-json\/wp\/v2\/media\/10607"}],"wp:attachment":[{"href":"https:\/\/ddoptics.shop\/ro\/wp-json\/wp\/v2\/media?parent=10601"}],"wp:term":[{"taxonomy":"product_brand","embeddable":true,"href":"https:\/\/ddoptics.shop\/ro\/wp-json\/wp\/v2\/product_brand?post=10601"},{"taxonomy":"product_cat","embeddable":true,"href":"https:\/\/ddoptics.shop\/ro\/wp-json\/wp\/v2\/product_cat?post=10601"},{"taxonomy":"product_tag","embeddable":true,"href":"https:\/\/ddoptics.shop\/ro\/wp-json\/wp\/v2\/product_tag?post=10601"}],"curies":[{"name":"wp","href":"https:\/\/api.w.org\/{rel}","templated":true}]}}