{"id":10608,"date":"2017-03-02T12:37:37","date_gmt":"2017-03-02T11:37:37","guid":{"rendered":"https:\/\/beta.optik-sport-shop.at\/kaufen\/ddoptics-fernglas-ultralight-10x42"},"modified":"2025-08-08T14:33:31","modified_gmt":"2025-08-08T12:33:31","slug":"ddoptics-binoclu-ultralight-10x42","status":"publish","type":"product","link":"https:\/\/ddoptics.shop\/ro\/kaufen\/ddoptics-fernglas-ultralight-10x42\/","title":{"rendered":"Binoclu DDoptics Ultralight 10\u00d742"},"content":{"rendered":"<div class=\"row\"  id=\"row-2056596861\">\n\n\t<div id=\"col-1109360892\" class=\"col medium-8 small-12 large-8\"  >\n\t\t\t\t<div class=\"col-inner\"  >\n\t\t\t\n\t\t\t\n<h2>DDoptics Fernglas Ultralight 10&#215;42<\/h2>\n<p>Das universelle wander und Pirschfernglas von DDoptics gibt es seit August 2015 \u00a0auch in der lichtst\u00e4rkeren 42 mm Ausf\u00fchrung.\u00a0Entdecken Sie das universelle Allroundfernglas von DDoptics. Ein <strong>kompaktes 10-fach Fernglas <\/strong>mit <strong>beeindruckender Bildleistung<\/strong> zu einem <strong>mehr als erstaunlichen Preis<\/strong>. Mit diesem <strong>sehr leichten und kompakten Fernglas<\/strong> rundet die Firma DDoptics ihr Angebot in der Kategorie &#8220;ein <strong>&#8220;Fernglas f\u00fcr ALLE&#8221;<\/strong> mit der Ultralight Serie ab.<\/p>\n<p>Das <strong>DDoptics Ultralight Fernglas mit 10-facher Vergr\u00f6\u00dferung<\/strong>\u00a0bietet Ihnen f\u00fcr kleines Budget\u00a0eine leichte und wasserdichte Optik, sowie eine sauber arbeitende Mechanik.\u00a0Die Verg\u00fctung der Prismen und Linsen der Ultralight Ferngl\u00e4ser mit 42 mm Objektivdurchmeser wurden sogar mit einem Dielektrikum versehen.<\/p>\n<p>Das kleine <strong>Fernglas ist formsch\u00f6n<\/strong> gestaltet, leicht, klein, wasserdicht und leistungsf\u00e4hig. Die <strong>offene Br\u00fccke<\/strong> l\u00e4dt die Hand geradezu ein, den Tubus fest zu umschlingen und bietet damit Griffigkeit und Komfort.<\/p>\n<p>Die Verg\u00fctung der Prismen und Linsen sorgt f\u00fcr ein helles und angenehmes Bild, und wenn man das Fernglas gerade einmal nicht braucht, verschwindet es kurzerhand in der Jackentasche. Das geringe Gewicht von nur knapp 650 g des Ultralight Fernglases st\u00f6rt zu keiner Zeit.<\/p>\n\t\t<\/div>\n\t\t\t\t\n<style>\n#col-1109360892 > .col-inner {\n  margin: 0px 0px -30px 0px;\n}\n<\/style>\n\t<\/div>\n\n\t\n\n\t<div id=\"col-1026571827\" class=\"col medium-4 small-12 large-4\"  >\n\t\t\t\t<div class=\"col-inner\"  >\n\t\t\t\n\t\t\t\n\t<div class=\"img has-hover x md-x lg-x y md-y lg-y\" id=\"image_972885368\">\n\t\t\t\t\t\t\t\t<div class=\"img-inner dark\" >\n\t\t\t\t\t\t\t\t\t\n\t\t\t\t\t<\/div>\n\t\t\t\t\t\t\t\t\n<style>\n#image_972885368 {\n  width: 100%;\n}\n<\/style>\n\t<\/div>\n\t\n\t<div class=\"img has-hover x md-x lg-x y md-y lg-y\" id=\"image_1429049065\">\n\t\t<a class=\"\" href=\"https:\/\/www.shop.ddoptics.de\/garantiebestimmungen\" target=\"_blank\" rel=\"noopener\">\t\t\t\t\t\t<div class=\"img-inner dark\" >\n\t\t\t<img decoding=\"async\" width=\"352\" height=\"160\" src=\"https:\/\/ddoptics.shop\/wp-content\/uploads\/2014\/09\/DDoptics-Garantie.jpg\" class=\"attachment-large size-large\" alt=\"DDoptics Garantie\" srcset=\"https:\/\/ddoptics.shop\/wp-content\/uploads\/2014\/09\/DDoptics-Garantie.jpg 352w, https:\/\/ddoptics.shop\/wp-content\/uploads\/2014\/09\/DDoptics-Garantie-304x138.jpg 304w, https:\/\/ddoptics.shop\/wp-content\/uploads\/2014\/09\/DDoptics-Garantie-305x139.jpg 305w, https:\/\/ddoptics.shop\/wp-content\/uploads\/2014\/09\/DDoptics-Garantie-250x114.jpg 250w\" sizes=\"(max-width: 352px) 100vw, 352px\" title=\"\">\t\t\t\t\t\t\n\t\t\t\t\t<\/div>\n\t\t\t\t\t\t<\/a>\t\t\n<style>\n#image_1429049065 {\n  width: 100%;\n}\n<\/style>\n\t<\/div>\n\t\n<h3>DDoptics Ultralight Fernglas Facts<\/h3>\n\n\t\t<div class=\"icon-box featured-box icon-box-left text-left\"  >\n\t\t\t\t\t<div class=\"icon-box-img\" style=\"width: 32px\">\n\t\t\t\t<div class=\"icon\">\n\t\t\t\t\t<div class=\"icon-inner\" >\n\t\t\t\t\t\t<img decoding=\"async\" width=\"100\" height=\"83\" src=\"https:\/\/ddoptics.shop\/wp-content\/uploads\/2021\/05\/DDoptics-SHG-Icon.jpg\" class=\"attachment-medium size-medium\" alt=\"DDoptics SHG Fernglas Icon\" title=\"\">\t\t\t\t\t<\/div>\n\t\t\t\t<\/div>\n\t\t\t<\/div>\n\t\t\t\t<div class=\"icon-box-text last-reset\">\n\t\t\t\t\t\t\t\t\t\n<p>\u2705Geringstes Gewicht<\/p>\n\t\t<\/div>\n\t<\/div>\n\t\n\t\n\n\t\t<div class=\"icon-box featured-box icon-box-left text-left\"  >\n\t\t\t\t\t<div class=\"icon-box-img\" style=\"width: 32px\">\n\t\t\t\t<div class=\"icon\">\n\t\t\t\t\t<div class=\"icon-inner\" >\n\t\t\t\t\t\t<img decoding=\"async\" width=\"100\" height=\"83\" src=\"https:\/\/ddoptics.shop\/wp-content\/uploads\/2021\/05\/DDoptics-SHG-Icon.jpg\" class=\"attachment-medium size-medium\" alt=\"DDoptics SHG Fernglas Icon\" title=\"\">\t\t\t\t\t<\/div>\n\t\t\t\t<\/div>\n\t\t\t<\/div>\n\t\t\t\t<div class=\"icon-box-text last-reset\">\n\t\t\t\t\t\t\t\t\t\n<p>\u2705 Offene Br\u00fccke<\/p>\n\t\t<\/div>\n\t<\/div>\n\t\n\t\n\n\t\t<div class=\"icon-box featured-box icon-box-left text-left\"  >\n\t\t\t\t\t<div class=\"icon-box-img\" style=\"width: 32px\">\n\t\t\t\t<div class=\"icon\">\n\t\t\t\t\t<div class=\"icon-inner\" >\n\t\t\t\t\t\t<img decoding=\"async\" width=\"100\" height=\"83\" src=\"https:\/\/ddoptics.shop\/wp-content\/uploads\/2021\/05\/DDoptics-SHG-Icon.jpg\" class=\"attachment-medium size-medium\" alt=\"DDoptics SHG Fernglas Icon\" title=\"\">\t\t\t\t\t<\/div>\n\t\t\t\t<\/div>\n\t\t\t<\/div>\n\t\t\t\t<div class=\"icon-box-text last-reset\">\n\t\t\t\t\t\t\t\t\t\n<p>\u2705 Fein einstellbare Mechanik<\/p>\n\t\t<\/div>\n\t<\/div>\n\t\n\t\n\n\t\t<div class=\"icon-box featured-box icon-box-left text-left\"  >\n\t\t\t\t\t<div class=\"icon-box-img\" style=\"width: 32px\">\n\t\t\t\t<div class=\"icon\">\n\t\t\t\t\t<div class=\"icon-inner\" >\n\t\t\t\t\t\t<img decoding=\"async\" width=\"100\" height=\"83\" src=\"https:\/\/ddoptics.shop\/wp-content\/uploads\/2021\/05\/DDoptics-SHG-Icon.jpg\" class=\"attachment-medium size-medium\" alt=\"DDoptics SHG Fernglas Icon\" title=\"\">\t\t\t\t\t<\/div>\n\t\t\t\t<\/div>\n\t\t\t<\/div>\n\t\t\t\t<div class=\"icon-box-text last-reset\">\n\t\t\t\t\t\t\t\t\t\n<p>\u2705 Metallaugenmuscheln<\/p>\n\t\t<\/div>\n\t<\/div>\n\t\n\t\n\n\t\t<div class=\"icon-box featured-box icon-box-left text-left\"  >\n\t\t\t\t\t<div class=\"icon-box-img\" style=\"width: 32px\">\n\t\t\t\t<div class=\"icon\">\n\t\t\t\t\t<div class=\"icon-inner\" >\n\t\t\t\t\t\t<img decoding=\"async\" width=\"100\" height=\"83\" src=\"https:\/\/ddoptics.shop\/wp-content\/uploads\/2021\/05\/DDoptics-SHG-Icon.jpg\" class=\"attachment-medium size-medium\" alt=\"DDoptics SHG Fernglas Icon\" title=\"\">\t\t\t\t\t<\/div>\n\t\t\t\t<\/div>\n\t\t\t<\/div>\n\t\t\t\t<div class=\"icon-box-text last-reset\">\n\t\t\t\t\t\t\t\t\t\n<p>\u2705 Schmidt-Pechan Prismen &#8211; Gute Aufl\u00f6sung<\/p>\n\t\t<\/div>\n\t<\/div>\n\t\n\t\n\n\t\t<div class=\"icon-box featured-box icon-box-left text-left\"  >\n\t\t\t\t\t<div class=\"icon-box-img\" style=\"width: 32px\">\n\t\t\t\t<div class=\"icon\">\n\t\t\t\t\t<div class=\"icon-inner\" >\n\t\t\t\t\t\t<img decoding=\"async\" width=\"100\" height=\"83\" src=\"https:\/\/ddoptics.shop\/wp-content\/uploads\/2021\/05\/DDoptics-SHG-Icon.jpg\" class=\"attachment-medium size-medium\" alt=\"DDoptics SHG Fernglas Icon\" title=\"\">\t\t\t\t\t<\/div>\n\t\t\t\t<\/div>\n\t\t\t<\/div>\n\t\t\t\t<div class=\"icon-box-text last-reset\">\n\t\t\t\t\t\t\t\t\t\n<p>\u2705 Wasserdichtigkeit und Nitrogenf\u00fcllung<\/p>\n\t\t<\/div>\n\t<\/div>\n\t\n\t\n<div class=\"is-divider divider clearfix\" ><\/div>\n\t\t<\/div>\n\t\t\t\t\t<\/div>\n\n\t\n<\/div>\n<h3>DDoptics Ultralight 10&#215;42 Fernglas f\u00fcr Trekking, Outdoorurlaub oder Alpen-Bergwelt<\/h3>\n<p>Ob im <strong>Gebirge oder beim weitl\u00e4ufigen Trekking<\/strong>, ob bei K\u00e4lte oder Hizte, das <strong>wasserdichte und stickstoffgef\u00fcllte Ultralight<\/strong> macht einfach alles mit &#8211; und dabei noch ein sehr gutes Bild. Noch in der D\u00e4mmerung hilft es Ihnen den richtigen Weg zu finden oder zeigt Ihnen wo sich die eine oder andere kleine \u00dcberraschung verbirgt.<\/p>\n<h3>Ungeheuerliches Preis-Leistungsverh\u00e4ltnis beim 10&#215;42 Fernglas<\/h3>\n<p>Mit dem <strong>Ultralight 10&#215;42\u00a0Fernglas bietet Ihnen DDoptics ein Fernglas<\/strong>, welches alles kan,n was man von so einem kleinen Feldstecher erwarten kann. Eine offene Br\u00fccke ist bei Ferngl\u00e4sern dieser Preisklasse bisher ebenfalls kaum oder gar nicht vorzufinden.<\/p>\n<h3>Robuste 10&#215;42 Fernglas Ausf\u00fchrung t\u00e4glichen Gebrauch<\/h3>\n<p>Der <strong>Fernglasbody ist aus ultraharten und bruchsicheren Polykarbonat<\/strong> hergestellt. An den kritischen Stellen wie z.B. den Augenmuscheln oder dem &#8220;Knick&#8221; kommen Metalllegierungen zum Einsatz.<\/p>\n<h3>Feine 10&#215;42 Fernglas Mechanik<\/h3>\n<p>Das <strong>Fokussierrad l\u00e4uft angenehm frei und ohne Spiel;<\/strong> nicht zu hart und nicht zu weich. Dank Feineinstellung ist die Scharfeinstellung einfach und zielsicher an den &#8220;Sch\u00e4rfepunkt&#8221; zu bringen. Der Diopter, welcher unterhalb des rechten Okulares bedienbar ist, l\u00e4sst sich sauber und pr\u00e4zise einstellen. Die <strong>Augenmuschel bieten vier klare &#8220;Rasterstufen&#8221;<\/strong> wodurch sowohl Brillentr\u00e4ger und auch &#8220;Nicht.- Brillentr\u00e4ger &#8221; den bestm\u00f6glichen und angenehmsten Augenabstand einstellen k\u00f6nnen.[\/vc_column_text][\/vc_column][\/vc_row]\n","protected":false},"excerpt":{"rendered":"<p><img decoding=\"async\" class=\"alignnone wp-image-10180 size-full\" title=\"Drume\u021bii \u0219i trekking\" src=\"https:\/\/ddoptics.shop\/wp-content\/uploads\/2016\/04\/Bergwandern-klein.jpg\" alt=\"Binoclu pentru drume\u021bii montane\" width=\"50\" height=\"50\" \/><img decoding=\"async\" class=\"alignnone wp-image-10178 size-full\" title=\"Observarea naturii\" src=\"https:\/\/ddoptics.shop\/wp-content\/uploads\/2016\/04\/Gebirgsjagd-klein.jpg\" alt=\"Binoclu de v\u00e2n\u0103toare de munte\" width=\"50\" height=\"50\" \/><\/p>\n<p>Opinia noastr\u0103: The<strong> Revolu\u021bia DDoptics - <\/strong>una<strong> Binocluri pentru TOAT\u0102 lumea la un pre\u021b de necrezut.<\/strong><\/p>","protected":false},"featured_media":10611,"comment_status":"open","ping_status":"closed","template":"","meta":{"inline_featured_image":false,"footnotes":""},"product_brand":[],"product_cat":[351,362,329,67,346],"product_tag":[153,88,78],"class_list":{"0":"post-10608","1":"product","2":"type-product","3":"status-publish","4":"has-post-thumbnail","6":"product_cat-10x-vergroesserung","7":"product_cat-42-mm-objektiv","8":"product_cat-ddoptics","9":"product_cat-fernglas","10":"product_cat-wandern-und-reisen","11":"product_tag-10-fach-vergroesserung","12":"product_tag-10x42","13":"product_tag-ddoptics","14":"product_shipping_class-paket","15":"pa_brand-marke-ddoptics","16":"pa_farbe-schwarz","17":"pa_produkt-typ-fernglas","19":"first","20":"instock","21":"sale","22":"taxable","23":"shipping-taxable","24":"purchasable","25":"product-type-simple"},"bundled_by":[],"bundle_stock_status":"instock","bundle_stock_quantity":null,"bundle_virtual":false,"bundle_layout":"","bundle_add_to_cart_form_location":"","bundle_editable_in_cart":false,"bundle_sold_individually_context":"","bundle_item_grouping":"","bundle_min_size":"","bundle_max_size":"","bundle_price":[],"bundled_items":[],"bundle_sell_ids":[],"_links":{"self":[{"href":"https:\/\/ddoptics.shop\/ro\/wp-json\/wp\/v2\/product\/10608","targetHints":{"allow":["GET"]}}],"collection":[{"href":"https:\/\/ddoptics.shop\/ro\/wp-json\/wp\/v2\/product"}],"about":[{"href":"https:\/\/ddoptics.shop\/ro\/wp-json\/wp\/v2\/types\/product"}],"replies":[{"embeddable":true,"href":"https:\/\/ddoptics.shop\/ro\/wp-json\/wp\/v2\/comments?post=10608"}],"version-history":[{"count":10,"href":"https:\/\/ddoptics.shop\/ro\/wp-json\/wp\/v2\/product\/10608\/revisions"}],"predecessor-version":[{"id":28741,"href":"https:\/\/ddoptics.shop\/ro\/wp-json\/wp\/v2\/product\/10608\/revisions\/28741"}],"wp:featuredmedia":[{"embeddable":true,"href":"https:\/\/ddoptics.shop\/ro\/wp-json\/wp\/v2\/media\/10611"}],"wp:attachment":[{"href":"https:\/\/ddoptics.shop\/ro\/wp-json\/wp\/v2\/media?parent=10608"}],"wp:term":[{"taxonomy":"product_brand","embeddable":true,"href":"https:\/\/ddoptics.shop\/ro\/wp-json\/wp\/v2\/product_brand?post=10608"},{"taxonomy":"product_cat","embeddable":true,"href":"https:\/\/ddoptics.shop\/ro\/wp-json\/wp\/v2\/product_cat?post=10608"},{"taxonomy":"product_tag","embeddable":true,"href":"https:\/\/ddoptics.shop\/ro\/wp-json\/wp\/v2\/product_tag?post=10608"}],"curies":[{"name":"wp","href":"https:\/\/api.w.org\/{rel}","templated":true}]}}