{"id":10925,"date":"2017-05-23T14:32:23","date_gmt":"2017-05-23T12:32:23","guid":{"rendered":"https:\/\/beta.optik-sport-shop.at\/?post_type=product&#038;p=10925"},"modified":"2026-01-19T11:19:22","modified_gmt":"2026-01-19T10:19:22","slug":"ddoptics-punct-rosu-vedere-reflex-ddsight","status":"publish","type":"product","link":"https:\/\/ddoptics.shop\/ro\/kaufen\/ddoptics-red-dot-reflex-visier-ddsight\/","title":{"rendered":"NOU: DDoptics Red Dot Reflex Sight DDSight Gen 3"},"content":{"rendered":"[vc_row][vc_column width=&#8221;2\/3&#8243;][vc_column_text]\n<h2>Das DDSight Gen 3 &#8211; Reflexvisier von DDoptics<\/h2>\n<p>Ein perfektes <strong>Rotpunktvisier f\u00fcr Sport und Jagd<\/strong> &#8211; f\u00fcr das Schie\u00dfen auf bewegende Ziele. Das professionelle <strong>DDoptics DDSight Rotpunkt Visier<\/strong> bringt Sie schnell auf das Ziel und ist eines der robustesten und widerstandsf\u00e4higsten <strong>Red Dot Sights<\/strong> auf dem Markt.<\/p>\n<p>Ganz egal ob Sie es f\u00fcr die <strong>Langwaffe, Kurzwaffe wie Pistole bzw. Revolver<\/strong> oder <strong>Schrotflinte<\/strong> verwenden, das DDSight ist immer eine gute\u00a0Wahl! Mit diesem Leuchtpunktvisier, dem Sight von DDoptics, k\u00f6nnen Sie so lange schie\u00dfen wie Ihre Augen das Ziel noch sehen k\u00f6nnen.<\/p>\n<h3>Mittels DDoptics Red Dot Laser ist keine Punktzentrierung erforderlich<\/h3>\n<p>Bei Ihrem offenen <strong>Rotpunktvisier DDSight<\/strong> m\u00fcssen Sie sich niemals Gedanken \u00fcber die <strong>Zentrierung des Zielpunktes<\/strong> machen. Sobald Sie den<strong> roten Punkt deckungsgleich mit dem Ziel<\/strong> haben, k\u00f6nnen Sie den Abzug ziehen. Im Gegensatz zu anderen, preiswerten Reflexsystemen, bei denen es oft zu starken Parallaxefehlern kommen kann, k\u00f6nnen Sie sich auf Ihr DDSight immer verlassen.[\/vc_column_text][\/vc_column][vc_column width=&#8221;1\/3&#8243;][ultimate_info_table design_style=&#8221;design02&#8243; color_scheme=&#8221;blue&#8221; package_heading=&#8221;Besonderheiten Red Dot Reflex-Visier&#8221; heading_font_color=&#8221;#ffffff&#8221; features_font_color=&#8221;#1e73be&#8221; features_font_style=&#8221;font-style:italic;&#8221; features_font_size=&#8221;desktop:12px;&#8221;]\n<p style=\"text-align: left;\">\u21d2 6 Helligkeitsstufen inclusive Nachtsicht<br \/>\n\u21d2 Digitale Up Down Tastenverstellung<br \/>\n\u21d2 5 MOA Dot<br \/>\n\u21d2 Parallaxefrei<br \/>\n\u21d2 Extra gro\u00dfes Sehfeld 16m<br \/>\n\u21d2 Geringer Stromverbrauch<br \/>\n\u21d2 Memory Funktion zur Helligkeitswiederkehr<br \/>\n\u21d2 Automatic ON OFF function<br \/>\n\u21d2 CR2032 Batterie<br \/>\n\u21d2 Elevation +-20<\/p>\n[\/ultimate_info_table][\/vc_column][\/vc_row][vc_row][vc_column][vc_column_text]\n<h3>Volles Sehfeld durch \u201ebeid\u00e4ugiges\u201c Schie\u00dfen &#8211; empfohlen!<\/h3>\n<p>Vergr\u00f6\u00dferungen beschr\u00e4nken Ihr Bewusstsein und verkleinern\u00a0Ihr Blickfeld. Mit dem <strong>vergr\u00f6sserungsfreien DDSight<\/strong> visieren Sie mit zwei ge\u00f6ffneten Augen und haben daher immer den vollst\u00e4ndigen \u00dcberblick.<\/p>\n<h3>Leuchtpunktvisier f\u00fcr die Pirsch &#8211; im Wald und in der Dickung<\/h3>\n<p>Ein <strong>Red Dot (auch Reflexvisier, Rotpunktvisier, Holosight, Zielger\u00e4t, Zielhilfe, Leuchtpunktvisier genannt)<\/strong> ist die einfachste Zieloptik die bei der Jagd zur Verwendung kommt. Bei der Jagd in den W\u00e4ldern gibt es nichts besseres, wenn es sich um<strong> fl\u00fcchtiges Wild<\/strong> handelt.<\/p>\n<h3>Schutzklasse IP54 Red Dot Visier<\/h3>\n<p>Im <strong>Outdoorbereich und auf der Jagd<\/strong> ben\u00f6tigen Sie bei einem Rotpunktvisier auf jeden Fall <strong>Schutzklasse IP 54<\/strong>. Die erste Ziffer steht dabei f\u00fcr den Schutzgrad gegen das Eindringen von Fremdk\u00f6rpern. Die 5 bedeutet hier, dass die Visierung und damit verbundene Elektroteile gegen Staub in sch\u00e4digender Menge gesch\u00fctzt sind.\u00a0Die zweite 4 beziffert den <strong>Schutz gegen Wasser<\/strong> und bedeutet, dass die <strong>Visierung gegen Spritzwasser gesch\u00fctzt<\/strong> ist. Da Regen im Allgemeinen als Spritzwasser gesehen wird, sind die Holosights somit gut gesch\u00fctzt.<\/p>\n<p><strong>Einsatzempfehlung:<\/strong><\/p>\n<ul>\n<li>Absolut schussfeste Zielhilfe \u2013 robust und zuverl\u00e4ssig<\/li>\n<li>Das DDSight wurde speziell f\u00fcr den Einsatz in einer rauen Umgebung und mit starken Kalibern geschaffen. Der Einsatz des DDSights ist auf jeder Waffe und jedem Kaliber zugelassen.<\/li>\n<\/ul>\n<h3>NRA Action Pistol or IPSC competition<\/h3>\n<p>The DDsight is also perfect on pistols and revolvers for <strong>NRA Action Pistol or IPSC competition<\/strong>.[\/vc_column_text][\/vc_column][\/vc_row]\n","protected":false},"excerpt":{"rendered":"<p><strong><img decoding=\"async\" class=\"alignnone wp-image-10455 size-full\" title=\"V\u00e2n\u0103toare de mi\u0219c\u0103ri\" src=\"https:\/\/ddoptics.shop\/wp-content\/uploads\/2016\/04\/Bewegungsjagd.jpg\" alt=\"V\u00e2n\u0103toare de mi\u0219c\u0103ri\" width=\"50\" height=\"50\" \/> <img decoding=\"async\" class=\"alignnone wp-image-10168 size-full\" title=\"Stand de v\u00e2n\u0103toare\" src=\"https:\/\/ddoptics.shop\/wp-content\/uploads\/2016\/09\/Jagd-klein.jpg\" alt=\"Binoclu de v\u00e2n\u0103toare\" width=\"50\" height=\"50\" \/><\/strong><img decoding=\"async\" class=\"alignnone wp-image-10452 size-full\" title=\"Tir sportiv\" src=\"https:\/\/ddoptics.shop\/wp-content\/uploads\/2016\/07\/Target-Schiessen.jpg\" alt=\"Tragere la \u021bint\u0103\" width=\"50\" height=\"50\" \/><br \/>\n<strong>Vizor cu punct ro\u0219u perfect pentru sport \u0219i v\u00e2n\u0103toare.\u00a0<\/strong>Vizorul dvs. cu punct ro\u0219u DDSight v\u0103 aduce rapid la \u021bint\u0103.<\/p>\n<p><strong>Aten\u021bie la ansamblul de eliberare rapid\u0103:\u00a0<\/strong>Baza de montare cu eliberare rapid\u0103 DDsight pentru \u0219in\u0103 Weaver este inclus\u0103 \u00een ofert\u0103. (\u0218ina Weaver de la Dentler nu este inclus\u0103 \u00een ofert\u0103)<i class=\"delivery--status-icon delivery--status-more-is-coming\"><\/i><\/p>\n<ul>\n<li><span style=\"color: #f99b1c;\">Precomand\u0103 posibil\u0103, articol disponibil din nou din 23 ianuarie 2026<\/span><\/li>\n<\/ul>\n<a href=\"https:\/\/amzn.to\/2MW9slJ\" target=\"blank_\" class=\"button secondary is-secondary is-medium\" >\n\t\t<span>Alternativ cump\u0103ra\u021bi de pe amazon<\/span>\n\t<\/a>","protected":false},"featured_media":10919,"comment_status":"open","ping_status":"closed","template":"","meta":{"inline_featured_image":false,"footnotes":""},"product_brand":[],"product_cat":[639,728],"product_tag":[78,588,589],"class_list":{"0":"post-10925","1":"product","2":"type-product","3":"status-publish","4":"has-post-thumbnail","6":"product_cat-bewegungsjagd","7":"product_cat-red-dot-reflexvisiere","8":"product_tag-ddoptics","9":"product_tag-red-dot-visier","10":"product_tag-reflex-visier","11":"product_shipping_class-paket","12":"pa_brand-marke-ddoptics","13":"pa_farbe-schwarz","14":"pa_produkt-typ-zielfernrohr","16":"first","17":"instock","18":"sale","19":"taxable","20":"shipping-taxable","21":"purchasable","22":"product-type-simple"},"bundled_by":[],"bundle_stock_status":"instock","bundle_stock_quantity":43,"bundle_virtual":false,"bundle_layout":"","bundle_add_to_cart_form_location":"","bundle_editable_in_cart":false,"bundle_sold_individually_context":"","bundle_item_grouping":"","bundle_min_size":"","bundle_max_size":"","bundle_price":[],"bundled_items":[],"bundle_sell_ids":[],"_links":{"self":[{"href":"https:\/\/ddoptics.shop\/ro\/wp-json\/wp\/v2\/product\/10925","targetHints":{"allow":["GET"]}}],"collection":[{"href":"https:\/\/ddoptics.shop\/ro\/wp-json\/wp\/v2\/product"}],"about":[{"href":"https:\/\/ddoptics.shop\/ro\/wp-json\/wp\/v2\/types\/product"}],"replies":[{"embeddable":true,"href":"https:\/\/ddoptics.shop\/ro\/wp-json\/wp\/v2\/comments?post=10925"}],"version-history":[{"count":15,"href":"https:\/\/ddoptics.shop\/ro\/wp-json\/wp\/v2\/product\/10925\/revisions"}],"predecessor-version":[{"id":26522,"href":"https:\/\/ddoptics.shop\/ro\/wp-json\/wp\/v2\/product\/10925\/revisions\/26522"}],"wp:featuredmedia":[{"embeddable":true,"href":"https:\/\/ddoptics.shop\/ro\/wp-json\/wp\/v2\/media\/10919"}],"wp:attachment":[{"href":"https:\/\/ddoptics.shop\/ro\/wp-json\/wp\/v2\/media?parent=10925"}],"wp:term":[{"taxonomy":"product_brand","embeddable":true,"href":"https:\/\/ddoptics.shop\/ro\/wp-json\/wp\/v2\/product_brand?post=10925"},{"taxonomy":"product_cat","embeddable":true,"href":"https:\/\/ddoptics.shop\/ro\/wp-json\/wp\/v2\/product_cat?post=10925"},{"taxonomy":"product_tag","embeddable":true,"href":"https:\/\/ddoptics.shop\/ro\/wp-json\/wp\/v2\/product_tag?post=10925"}],"curies":[{"name":"wp","href":"https:\/\/api.w.org\/{rel}","templated":true}]}}