{"id":10980,"date":"2017-06-13T16:40:53","date_gmt":"2017-06-13T14:40:53","guid":{"rendered":"https:\/\/beta.optik-sport-shop.at\/?post_type=product&#038;p=10980"},"modified":"2017-07-13T17:59:26","modified_gmt":"2017-07-13T15:59:26","slug":"curea-cu-pana-de-pene-broderie-chamois-motiv-costum-traditional-moda","status":"publish","type":"product","link":"https:\/\/ddoptics.shop\/ro\/kaufen\/guertel-mit-federkielstickerei-gams-motiv-trachtenmode\/","title":{"rendered":"Curea tradi\u021bional\u0103 cu broderie de pene de pene cu motiv Gamserl - Trachtenmode"},"content":{"rendered":"<h2>Curea tradi\u021bional\u0103 cu motiv de broderie cu pene - Trachtenmode<\/h2>\n<p>\u00cen <strong>mod\u0103 general\u0103<\/strong> se obi\u0219nuie\u0219te s\u0103 se poarte o pereche de pantaloni <strong>Curea<\/strong> astfel \u00eenc\u00e2t aceste o<strong>ptimal pe \u0219old<\/strong> Aceste curele de pantaloni sunt purtate pe pantaloni de piele, pe pantaloni de p\u00e2nz\u0103 \u0219i sunt foarte populare la blugi. Ele sunt adesea brodate cu ini\u021bialele proprietarului.<\/p>\n<p><strong>Curea costum tradi\u021bional<\/strong> sunt special concepute \u00een acest scop, <strong>pentru a p\u0103stra lederhosen-ul la locul lui.<\/strong> Cu toate acestea, ele sunt, de asemenea, concepute ca accesorii vizuale elegante pentru a sublinia <strong>Imagine vizual\u0103 de ansamblu<\/strong> pentru a finaliza programul.<\/p>\n<p><strong>M\u0103surarea corect\u0103 a circumferin\u021bei taliei: <\/strong>Trage\u021bi o band\u0103 de m\u0103surare \u00een jurul stomacului la aproximativ nivelul ombilicului, expira\u021bi u\u0219or \u0219i apoi citi\u021bi valoarea.<\/p>\n<h3>Pan\u0103 de pene broderie floare chamois motiv pe catarama de alam\u0103 perforate<\/h3>\n<p>The <strong>Curea din piele de la fabrica din Salzburg,<\/strong> completat cu <strong>Flori - motiv chamois pe piele<\/strong> pe <strong>Cataram\u0103 de alam\u0103 \u0219tan\u021bat\u0103 (cataram\u0103 de curea),<\/strong> sunt o atrac\u021bie deosebit de elegant\u0103.<\/p>\n<h3>Curele tradi\u021bionale pentru b\u0103rba\u021bi, femei \u0219i copii<\/h3>\n<p>\u00cen general vorbind, cureaua costumului tradi\u021bional este un accesoriu complementar care este purtat de preferin\u021b\u0103 de b\u0103rba\u021bi pentru a se potrivi cu lederhosen-ul lor. Mai ales atunci c\u00e2nd acestea nu sunt prev\u0103zute cu bretele. Curelele Trachten din piele aveau \u00een <strong>o func\u021bie suplimentar\u0103 \u00een anii anteriori<\/strong>. Acestea au fost folosite pentru a <strong>Trofee de v\u00e2n\u0103toare<\/strong> ata\u0219at.<\/p>","protected":false},"excerpt":{"rendered":"<p><strong>Cureaua din piele natural\u0103 fabricat\u0103 din piele rustice de curea veche de drift,<\/strong> <strong>4 cm<\/strong> lat, cu stilou de peni\u021b\u0103 <strong>Motivul florii Chamois<\/strong>.<\/p>\n<p>\u00cenchidere: <strong>Cataram\u0103 din alam\u0103 perforat\u0103 manual<\/strong>.<br \/>\nTermen de livrare: aprox. 6 s\u0103pt\u0103m\u00e2ni de la primirea pl\u0103\u021bii.<\/p>","protected":false},"featured_media":10982,"comment_status":"open","ping_status":"closed","template":"","meta":{"inline_featured_image":false,"footnotes":""},"product_brand":[],"product_cat":[598],"product_tag":[600,599],"class_list":{"0":"post-10980","1":"product","2":"type-product","3":"status-publish","4":"has-post-thumbnail","6":"product_cat-federkiel-stickerei","7":"product_tag-federkielstickerei","8":"product_tag-lederguertel","9":"product_shipping_class-paket","10":"pa_brand-marke-salzburger-federkielstickerei","11":"pa_produkt-typ-mode-accessoire","13":"first","14":"instock","15":"taxable","16":"shipping-taxable","17":"purchasable","18":"product-type-variable"},"bundled_by":[],"bundle_stock_status":"instock","bundle_stock_quantity":null,"bundle_virtual":false,"bundle_layout":"","bundle_add_to_cart_form_location":"","bundle_editable_in_cart":false,"bundle_sold_individually_context":"","bundle_item_grouping":"","bundle_min_size":"","bundle_max_size":"","bundle_price":[],"bundled_items":[],"bundle_sell_ids":[],"_links":{"self":[{"href":"https:\/\/ddoptics.shop\/ro\/wp-json\/wp\/v2\/product\/10980","targetHints":{"allow":["GET"]}}],"collection":[{"href":"https:\/\/ddoptics.shop\/ro\/wp-json\/wp\/v2\/product"}],"about":[{"href":"https:\/\/ddoptics.shop\/ro\/wp-json\/wp\/v2\/types\/product"}],"replies":[{"embeddable":true,"href":"https:\/\/ddoptics.shop\/ro\/wp-json\/wp\/v2\/comments?post=10980"}],"version-history":[{"count":0,"href":"https:\/\/ddoptics.shop\/ro\/wp-json\/wp\/v2\/product\/10980\/revisions"}],"wp:featuredmedia":[{"embeddable":true,"href":"https:\/\/ddoptics.shop\/ro\/wp-json\/wp\/v2\/media\/10982"}],"wp:attachment":[{"href":"https:\/\/ddoptics.shop\/ro\/wp-json\/wp\/v2\/media?parent=10980"}],"wp:term":[{"taxonomy":"product_brand","embeddable":true,"href":"https:\/\/ddoptics.shop\/ro\/wp-json\/wp\/v2\/product_brand?post=10980"},{"taxonomy":"product_cat","embeddable":true,"href":"https:\/\/ddoptics.shop\/ro\/wp-json\/wp\/v2\/product_cat?post=10980"},{"taxonomy":"product_tag","embeddable":true,"href":"https:\/\/ddoptics.shop\/ro\/wp-json\/wp\/v2\/product_tag?post=10980"}],"curies":[{"name":"wp","href":"https:\/\/api.w.org\/{rel}","templated":true}]}}