{"id":11706,"date":"2017-08-11T10:38:46","date_gmt":"2017-08-11T08:38:46","guid":{"rendered":"https:\/\/optik-sport-shop.at\/?post_type=product&#038;p=11706"},"modified":"2025-03-18T13:36:32","modified_gmt":"2025-03-18T12:36:32","slug":"ddoptics-agent-de-curatare-pentru-binoclu-luneta-luneta","status":"publish","type":"product","link":"https:\/\/ddoptics.shop\/ro\/kaufen\/ddoptics-reinigungsmittel-fuer-fernglas-zielfernrohr-spektiv\/","title":{"rendered":"DDoptics agent de cur\u0103\u021bare profesional pentru binocluri, lunete etc. - 250 ml"},"content":{"rendered":"[vc_row][vc_column width=&#8221;2\/3&#8243;][vc_column_text]\n<h2>DDoptics Spezial Reinigungsmittel f\u00fcr Ferngl\u00e4ser, Zielfernrohre, Spektive, Brillen usw.<\/h2>\n<p>Der neue <strong>Optik-Reiniger von DDoptics<\/strong> \u00fcberrascht. Es bilden sich im Test <strong>keinerlei Schlieren oder andere Schichten<\/strong> nach dem Reinigen auf den Linsen.<\/p>\n<p>Der neue <strong>Optikreiniger<\/strong> von DDoptics wurde speziell f\u00fcr die hochwertigen Optiken von DDoptics und andere Produkte entwickelt. Das Reinigungsmittel eignet sich perfekt f\u00fcr die Reinigung von optischen Fl\u00e4chen mit groben und feinen Verschmutzungen. Die <strong>hochwertige Fl\u00fcssigkeit<\/strong> hinterl\u00e4sst keinerlei Schlieren und schont zudem Ihre Verg\u00fctung.[\/vc_column_text][\/vc_column][vc_column width=&#8221;1\/3&#8243;][ultimate_info_table design_style=&#8221;design02&#8243; color_scheme=&#8221;blue&#8221; package_heading=&#8221;Besonderheiten Reinigungsmittel&#8221; heading_font_color=&#8221;#ffffff&#8221; features_font_color=&#8221;#1e73be&#8221; features_font_style=&#8221;font-style:italic;&#8221; features_font_size=&#8221;desktop:12px;&#8221;]\n<p style=\"text-align: left;\">\u21d2 Spezialreiniger f\u00fcr Optiken mit hochwertiger Verg\u00fctung<br \/>\n\u21d2\u00a0Speziell f\u00fcr DDoptics entwickelt<br \/>\n\u21d2\u00a0Chemiefrei &#8211; 100% nat\u00fcrliche Inhaltsstoffe<br \/>\n\u21d2\u00a0keine Schlierenbildung<\/p>\n[\/ultimate_info_table][\/vc_column][\/vc_row][vc_row][vc_column][vc_column_text]DDoptics verwendet zur <strong>Herstellung des Spezialreinigers nur 100% nat\u00fcrliche Inhaltsstoffe<\/strong> &#8211; keinerlei scharfe Chemie oder \u00e4hnliches.\u00a0Die Lieferung erfolgt in der praktischen 250 ml Spr\u00fchflasche.<\/p>\n<h3>Anleitung und Empfehlung &#8211; Optische Gl\u00e4ser reinigen &#8211; die Reinigung von Ferngl\u00e4sern &amp; Zielfernrohren<\/h3>\n<p>Glasfl\u00e4chen sind empfindlich, deshalb sollte man das <strong>Fernglas grunds\u00e4tzlich m\u00f6glichst von Verschmutzung<\/strong> frei halten. Das bedeutet, dass die Schutzdeckel nach dem Einsatz immer wieder auf Objektive und Okulare gesetzt werden sollen. Es sollte selbstverst\u00e4ndlich sein, die <strong>Linsen nicht mit den Fingern<\/strong> zu ber\u00fchren.<\/p>\n<blockquote><p>Auch das &#8220;Abwischen&#8221; der Objektive mit dem Jacken\u00e4rmel ist nat\u00fcrlich ein absolutes Tabu &#8211; genau so wenig wie ein Optik-Reinigungstuch, welches schon lange Staubpartikel \u00fcber die Luft aufnehmen konnte. Die Folge sind Mikrokratzer !!!<\/p><\/blockquote>\n<p>Dennoch kann man Schmutz nicht vermeiden, ein Fernglas ist ja zum Durchschauen gedacht, z.B. f\u00fcr den Feldeinsatz \u2013 nicht f\u00fcr die Vitrine. H\u00e4ufige Verschmutzung tritt an den Okularen auf. Durch Wimpern, Schuppen und Fett, k\u00f6nnen die Okularlinsen verschmutzen. Aber auch auf den Objektiven des Fernglases kann sich Staub ablagern.<\/p>\n<h3>Was es nicht alles gibt: Reinigungspinsel mit Blasebalg, L\u00f6sungen, Brillenputzt\u00fccher&#8230;.<\/h3>\n<p>Bei DDoptics Ferngl\u00e4sern nehmen Sie einfach Wasser &#8211; zum finalen Absp\u00fclen vielleicht sogar destilliertes Wasser (keine R\u00fcckst\u00e4nde). Sp\u00fclen Sie Ihr Fernglas einfach unter dem Wasserhahn ab. Nutzen Sie gerne auch <strong>Sp\u00fchlmittel, Seife ohne Pflegemittel<\/strong> etc. zur Entfettung. Danach lassen Sie das Glas einfach trocknen. Wenn Sie<strong> ganz sicher sind, dass lein Sand und Staub mehr Ihre Linsen zerkratzen kann<\/strong>, polieren Sie die Okulare und Objektive mit Ihrem frischen DDoptics Mikrofasertuch. Unterst\u00fctzend kann auch Alkohol oder eine spezielle Reinigungsfl\u00fcssigkeit verwendet werden. Frische Brillenputzt\u00fccher sind zuweilen auch hilfreich.<\/p>\n<blockquote><p>Wichtig: Immer zuerst mit Wasser die Gl\u00e4ser absp\u00fclen um alle Staubpartikel zu entfernen \u2013 erst danach mit dem Tuch arbeiten.<\/p><\/blockquote>\n<h3>Anleitung: Einfaches Entfernen starker Verunreinigungen<\/h3>\n<p><strong>Fingerabdr\u00fccke, \u00d6l- oder Wasserflecken<\/strong> sollte man sofort beseitigen, denn die <strong>S\u00e4uren der Haut k\u00f6nnen die Beschichtung und das Glas angreifen<\/strong> und es k\u00f6nnen bleibende Flecken entstehen.<\/p>\n<p>Das <strong>alleinige Reinigen mit L\u00f6sungsmitteln verteilt h\u00e4ufig nur den Schmutz<\/strong>. Daher m\u00fcssen diese Verunreinigungen mit milder Seife (keine parf\u00fcmierte oder r\u00fcckfettende Seife) von der optischen Oberfl\u00e4che entfernt werden. Die Optik wird dann mit Wasser (ideal destilliertes Wasser \u2013 keine Kalkflecken) und anschlie\u00dfend mit Alkohol gesp\u00fclt. Bei extremer Verunreinigung kann nun der neue <strong>DDoptics Spezialreiniger<\/strong> eingesetzt werden.[\/vc_column_text][\/vc_column][\/vc_row]\n","protected":false},"excerpt":{"rendered":"<p>Noul agent profesional de cur\u0103\u021bare DDoptics pentru binocluri, lunete etc.<\/p>","protected":false},"featured_media":11709,"comment_status":"open","ping_status":"closed","template":"","meta":{"inline_featured_image":false,"footnotes":""},"product_brand":[],"product_cat":[69],"product_tag":[652,650,651],"class_list":{"0":"post-11706","1":"product","2":"type-product","3":"status-publish","4":"has-post-thumbnail","6":"product_cat-besonderes","7":"product_tag-optikreiniger","8":"product_tag-reiniger","9":"product_tag-spezialreiniger","10":"product_shipping_class-paket","11":"pa_brand-marke-ddoptics","13":"first","14":"instock","15":"taxable","16":"shipping-taxable","17":"purchasable","18":"product-type-simple"},"bundled_by":[],"bundle_stock_status":"instock","bundle_stock_quantity":null,"bundle_virtual":false,"bundle_layout":"","bundle_add_to_cart_form_location":"","bundle_editable_in_cart":false,"bundle_sold_individually_context":"","bundle_item_grouping":"","bundle_min_size":"","bundle_max_size":"","bundle_price":[],"bundled_items":[],"bundle_sell_ids":[],"_links":{"self":[{"href":"https:\/\/ddoptics.shop\/ro\/wp-json\/wp\/v2\/product\/11706","targetHints":{"allow":["GET"]}}],"collection":[{"href":"https:\/\/ddoptics.shop\/ro\/wp-json\/wp\/v2\/product"}],"about":[{"href":"https:\/\/ddoptics.shop\/ro\/wp-json\/wp\/v2\/types\/product"}],"replies":[{"embeddable":true,"href":"https:\/\/ddoptics.shop\/ro\/wp-json\/wp\/v2\/comments?post=11706"}],"version-history":[{"count":2,"href":"https:\/\/ddoptics.shop\/ro\/wp-json\/wp\/v2\/product\/11706\/revisions"}],"predecessor-version":[{"id":28161,"href":"https:\/\/ddoptics.shop\/ro\/wp-json\/wp\/v2\/product\/11706\/revisions\/28161"}],"wp:featuredmedia":[{"embeddable":true,"href":"https:\/\/ddoptics.shop\/ro\/wp-json\/wp\/v2\/media\/11709"}],"wp:attachment":[{"href":"https:\/\/ddoptics.shop\/ro\/wp-json\/wp\/v2\/media?parent=11706"}],"wp:term":[{"taxonomy":"product_brand","embeddable":true,"href":"https:\/\/ddoptics.shop\/ro\/wp-json\/wp\/v2\/product_brand?post=11706"},{"taxonomy":"product_cat","embeddable":true,"href":"https:\/\/ddoptics.shop\/ro\/wp-json\/wp\/v2\/product_cat?post=11706"},{"taxonomy":"product_tag","embeddable":true,"href":"https:\/\/ddoptics.shop\/ro\/wp-json\/wp\/v2\/product_tag?post=11706"}],"curies":[{"name":"wp","href":"https:\/\/api.w.org\/{rel}","templated":true}]}}