{"id":11736,"date":"2017-08-17T18:52:42","date_gmt":"2017-08-17T16:52:42","guid":{"rendered":"https:\/\/optik-sport-shop.at\/?post_type=product&#038;p=11736"},"modified":"2026-01-30T13:34:26","modified_gmt":"2026-01-30T12:34:26","slug":"sina-de-baza-pentru-montarea-lunetei-de-la-dentler","status":"publish","type":"product","link":"https:\/\/ddoptics.shop\/ro\/kaufen\/zielfernrohr-montage-grundschiene-basis-von-dentler\/","title":{"rendered":"Suport pentru lunet\u0103 pentru luneta dvs. DDoptics: \u0219in\u0103 de baz\u0103 \u201cBASIS\u00ae\u201d de la DENTLER"},"content":{"rendered":"<div class=\"row\"  id=\"row-781348566\">\n\n\t<div id=\"col-973222732\" class=\"col medium-8 small-12 large-8\"  >\n\t\t\t\t<div class=\"col-inner\"  >\n\t\t\t\n\t\t\t\n<h2>\u0218ina de baz\u0103 \u201cBASIS\u201d de la DENTLER<\/h2>\n<p>The <strong>\u0218in\u0103 de baz\u0103 \u201cBASIS\u201d de la DENTLER<\/strong> este disponibil pentru multe arme comune \u0219i are un pre\u021b senza\u021bional. \u0218ina de montaj este complet fabricat\u0103 din aluminiu, cu excep\u021bia p\u0103r\u021bilor care absorb for\u021ba sau sunt susceptibile la uzur\u0103. <strong>aluminiu de \u00eenalt\u0103 rezisten\u021b\u0103<\/strong> a lucrat pentru a economisi greutate.<\/p>\n<p>Precizia <strong>Sistem de montare de la DENTLER<\/strong>, care provine din <strong>\u0219in\u0103 de baz\u0103 \u201cBASIS\u201d specific\u0103 armei \u0219i \u0219in\u0103 de montare \u201cBASIS\u201d<\/strong> este compatibil cu 100% \u0219i proiectat pentru toleran\u021b\u0103 zero.<\/p>\n<p>Sistemul din dou\u0103 p\u0103r\u021bi conecteaz\u0103 pu\u0219ca la lunet\u0103 absolut fiabil \u0219i cu reproductibilitate 100%iger. Odat\u0103 setat\u0103, \u0219ina de montare se fixeaz\u0103 \u00eentotdeauna pe \u0219ina de baz\u0103 \u201cde baz\u0103\u201d cu acela\u0219i cuplu de str\u00e2ngere \u0219i f\u0103r\u0103 joc.<\/p>\n<h3>Sistemul de montare DENTLER const\u0103 din 2 p\u0103r\u021bi: \u0218in\u0103 de baz\u0103 + \u0219in\u0103 de montare cu inele<\/h3>\n\t<div class=\"img has-hover x md-x lg-x y md-y lg-y\" id=\"image_2084345921\">\n\t\t\t\t\t\t\t\t<div class=\"img-inner dark\" >\n\t\t\t<img decoding=\"async\" width=\"1020\" height=\"268\" src=\"https:\/\/ddoptics.shop\/wp-content\/uploads\/2017\/08\/Dentler-Basis-Montagesystem.jpg\" class=\"attachment-large size-large\" alt=\"Sistem de montare de baz\u0103 Dentler\" srcset=\"https:\/\/ddoptics.shop\/wp-content\/uploads\/2017\/08\/Dentler-Basis-Montagesystem.jpg 1140w, https:\/\/ddoptics.shop\/wp-content\/uploads\/2017\/08\/Dentler-Basis-Montagesystem-304x80.jpg 304w, https:\/\/ddoptics.shop\/wp-content\/uploads\/2017\/08\/Dentler-Basis-Montagesystem-305x80.jpg 305w, https:\/\/ddoptics.shop\/wp-content\/uploads\/2017\/08\/Dentler-Basis-Montagesystem-632x166.jpg 632w, https:\/\/ddoptics.shop\/wp-content\/uploads\/2017\/08\/Dentler-Basis-Montagesystem-800x211.jpg 800w, https:\/\/ddoptics.shop\/wp-content\/uploads\/2017\/08\/Dentler-Basis-Montagesystem-250x66.jpg 250w, https:\/\/ddoptics.shop\/wp-content\/uploads\/2017\/08\/Dentler-Basis-Montagesystem-510x134.jpg 510w\" sizes=\"(max-width: 1020px) 100vw, 1020px\" title=\"\">\t\t\t\t\t\t\n\t\t\t\t\t<\/div>\n\t\t\t\t\t\t\t\t\n<style>\n#image_2084345921 {\n  width: 100%;\n}\n<\/style>\n\t<\/div>\n\t\n\t\t<\/div>\n\t\t\t\t\n<style>\n#col-973222732 > .col-inner {\n  margin: 0px 0px -30px 0px;\n}\n<\/style>\n\t<\/div>\n\n\t\n\n\t<div id=\"col-869490132\" class=\"col medium-4 small-12 large-4\"  >\n\t\t\t\t<div class=\"col-inner\"  >\n\t\t\t\n\t\t\t\n\t<div class=\"img has-hover x md-x lg-x y md-y lg-y\" id=\"image_1861443801\">\n\t\t\t\t\t\t\t\t<div class=\"img-inner dark\" >\n\t\t\t\t\t\t\t\t\t\n\t\t\t\t\t<\/div>\n\t\t\t\t\t\t\t\t\n<style>\n#image_1861443801 {\n  width: 100%;\n}\n<\/style>\n\t<\/div>\n\t\n\t<div class=\"img has-hover x md-x lg-x y md-y lg-y\" id=\"image_1425659812\">\n\t\t\t\t\t\t\t\t<div class=\"img-inner dark\" >\n\t\t\t<img decoding=\"async\" width=\"1020\" height=\"270\" src=\"https:\/\/ddoptics.shop\/wp-content\/uploads\/2022\/06\/Dentler-Logo.png\" class=\"attachment-large size-large\" alt=\"Ansamblu Dentler\" srcset=\"https:\/\/ddoptics.shop\/wp-content\/uploads\/2022\/06\/Dentler-Logo.png 1120w, https:\/\/ddoptics.shop\/wp-content\/uploads\/2022\/06\/Dentler-Logo-800x212.png 800w, https:\/\/ddoptics.shop\/wp-content\/uploads\/2022\/06\/Dentler-Logo-18x5.png 18w, https:\/\/ddoptics.shop\/wp-content\/uploads\/2022\/06\/Dentler-Logo-304x81.png 304w, https:\/\/ddoptics.shop\/wp-content\/uploads\/2022\/06\/Dentler-Logo-632x168.png 632w, https:\/\/ddoptics.shop\/wp-content\/uploads\/2022\/06\/Dentler-Logo-305x81.png 305w\" sizes=\"(max-width: 1020px) 100vw, 1020px\" title=\"\">\t\t\t\t\t\t\n\t\t\t\t\t<\/div>\n\t\t\t\t\t\t\t\t\n<style>\n#image_1425659812 {\n  width: 100%;\n}\n<\/style>\n\t<\/div>\n\t\n\t<div id=\"text-2059046532\" class=\"text\">\n\t\t\n<p>\u21d2 NOU: \u0219in\u0103 de baz\u0103 BASIS de la DENTLER pentru montarea pe arm\u0103<br \/>\n\u21d2 compatibil cu \u0219inele de montaj DENTLER<br \/>\n\u21d2 Utilizarea mai multor optici pe o arm\u0103<br \/>\n\u21d2 1001TP3Reproductibilitate str\u00e2ns\u0103 dup\u0103 schimbarea opticii<br \/>\n\u21d2 Disponibil pentru aproape toate armele comune<br \/>\n\t\t\n<style>\n#text-2059046532 {\n  text-align: center;\n}\n<\/style>\n\t<\/div>\n\t\n<div class=\"text-center\"><div class=\"is-divider divider clearfix\" ><\/div><\/div>\n\t\t<\/div>\n\t\t\t\t\t<\/div>\n\n\t\n<\/div>\n<div class=\"is-divider divider clearfix\" ><\/div>\n<figure id=\"attachment_11755\" aria-describedby=\"caption-attachment-11755\" style=\"width: 350px\" class=\"wp-caption alignright\"><a href=\"https:\/\/ddoptics.shop\/wp-content\/uploads\/2017\/08\/DDoptics-Dentler-Montage.jpg\"><img decoding=\"async\" class=\"wp-image-11755\" src=\"https:\/\/ddoptics.shop\/wp-content\/uploads\/2017\/08\/DDoptics-Dentler-Montage.jpg\" alt=\"Montura DDoptics Dentler montat\u0103 pe Haenel J\u00e4ger 10\" width=\"350\" height=\"263\" title=\"\" srcset=\"https:\/\/ddoptics.shop\/wp-content\/uploads\/2017\/08\/DDoptics-Dentler-Montage.jpg 960w, https:\/\/ddoptics.shop\/wp-content\/uploads\/2017\/08\/DDoptics-Dentler-Montage-304x228.jpg 304w, https:\/\/ddoptics.shop\/wp-content\/uploads\/2017\/08\/DDoptics-Dentler-Montage-305x229.jpg 305w, https:\/\/ddoptics.shop\/wp-content\/uploads\/2017\/08\/DDoptics-Dentler-Montage-632x474.jpg 632w, https:\/\/ddoptics.shop\/wp-content\/uploads\/2017\/08\/DDoptics-Dentler-Montage-800x600.jpg 800w, https:\/\/ddoptics.shop\/wp-content\/uploads\/2017\/08\/DDoptics-Dentler-Montage-250x188.jpg 250w, https:\/\/ddoptics.shop\/wp-content\/uploads\/2017\/08\/DDoptics-Dentler-Montage-510x383.jpg 510w\" sizes=\"(max-width: 350px) 100vw, 350px\" \/><\/a><figcaption id=\"caption-attachment-11755\" class=\"wp-caption-text\">Arat\u0103 bine p\u00e2n\u0103 la urm\u0103. Montura DDoptics Dentler montat\u0103 pe Haenel J\u00e4ger 10<\/figcaption><\/figure>\n<p>Un supliment <strong>Avantajul DENTLER<\/strong>Utilizare : Utilizare <strong>Optic\u0103 de ochire multipl\u0103 \u00een siguran\u021b\u0103 \u0219i cu u\u0219urin\u021b\u0103 pe fiecare dintre armele dvs.<\/strong>. Pur \u0219i simplu prinde\u021bi o alt\u0103 lunet\u0103 cu o nou\u0103 \u0219in\u0103 de montare \u0219i schimba\u021bi rapid lunetele \u00een func\u021bie de aplica\u021bie.<\/p>\n<p>Sentimentul de disconfort pe care \u00eel ave\u021bi de obicei dup\u0103 <strong>Montarea \u0219i demontarea lunetei<\/strong> sunt acum un lucru al trecutului cu sistemul de montare DENTLER.<\/p>\n<blockquote><p>Cu \u0219ina de baz\u0103 \u201cBASIS VARIO\u201d dezvoltat\u0103 ulterior, pute\u021bi monta rapid \u0219i u\u0219or toate opticile \u021bint\u0103 pe diferite arme.<\/p><\/blockquote>","protected":false},"excerpt":{"rendered":"<p>Modular - Practic - Stabil. <strong>Concluzie: \u0219in\u0103 de baz\u0103 solid\u0103 la un pre\u021b corect!<\/strong> Calitate superioar\u0103 - Proiectat \u00een Germania!<\/p>\n<a href=\"https:\/\/ddoptics.shop\/ro\/cumparati\/baza-sinei-de-montaj-dentler-cu-inele-de-30-mm\/\" class=\"button success is-success is-medium\" >\n\t\t<span>La \u0219ina de montare DENTLER<\/span>\n\t<\/a>","protected":false},"featured_media":11740,"comment_status":"closed","ping_status":"closed","template":"","meta":{"inline_featured_image":false,"footnotes":""},"product_brand":[],"product_cat":[70],"product_tag":[680,678,677],"class_list":{"0":"post-11736","1":"product","2":"type-product","3":"status-publish","4":"has-post-thumbnail","6":"product_cat-zielfernrohr-montage","7":"product_tag-basis-dentler","8":"product_tag-dentler-montage","9":"product_tag-zielfernrohrmontage","10":"product_shipping_class-paket","11":"pa_brand-marke-dentler","12":"pa_farbe-schwarz","13":"pa_produkt-typ-zielfernrohr-montage","15":"first","16":"instock","17":"taxable","18":"shipping-taxable","19":"purchasable","20":"product-type-variable"},"bundled_by":[],"bundle_stock_status":"instock","bundle_stock_quantity":null,"bundle_virtual":false,"bundle_layout":"","bundle_add_to_cart_form_location":"","bundle_editable_in_cart":false,"bundle_sold_individually_context":"","bundle_item_grouping":"","bundle_min_size":"","bundle_max_size":"","bundle_price":[],"bundled_items":[],"bundle_sell_ids":[],"_links":{"self":[{"href":"https:\/\/ddoptics.shop\/ro\/wp-json\/wp\/v2\/product\/11736","targetHints":{"allow":["GET"]}}],"collection":[{"href":"https:\/\/ddoptics.shop\/ro\/wp-json\/wp\/v2\/product"}],"about":[{"href":"https:\/\/ddoptics.shop\/ro\/wp-json\/wp\/v2\/types\/product"}],"replies":[{"embeddable":true,"href":"https:\/\/ddoptics.shop\/ro\/wp-json\/wp\/v2\/comments?post=11736"}],"version-history":[{"count":3,"href":"https:\/\/ddoptics.shop\/ro\/wp-json\/wp\/v2\/product\/11736\/revisions"}],"predecessor-version":[{"id":27525,"href":"https:\/\/ddoptics.shop\/ro\/wp-json\/wp\/v2\/product\/11736\/revisions\/27525"}],"wp:featuredmedia":[{"embeddable":true,"href":"https:\/\/ddoptics.shop\/ro\/wp-json\/wp\/v2\/media\/11740"}],"wp:attachment":[{"href":"https:\/\/ddoptics.shop\/ro\/wp-json\/wp\/v2\/media?parent=11736"}],"wp:term":[{"taxonomy":"product_brand","embeddable":true,"href":"https:\/\/ddoptics.shop\/ro\/wp-json\/wp\/v2\/product_brand?post=11736"},{"taxonomy":"product_cat","embeddable":true,"href":"https:\/\/ddoptics.shop\/ro\/wp-json\/wp\/v2\/product_cat?post=11736"},{"taxonomy":"product_tag","embeddable":true,"href":"https:\/\/ddoptics.shop\/ro\/wp-json\/wp\/v2\/product_tag?post=11736"}],"curies":[{"name":"wp","href":"https:\/\/api.w.org\/{rel}","templated":true}]}}