{"id":11793,"date":"2017-09-27T20:07:26","date_gmt":"2017-09-27T18:07:26","guid":{"rendered":"https:\/\/optik-sport-shop.at\/?post_type=product&#038;p=11793"},"modified":"2025-10-07T11:06:51","modified_gmt":"2025-10-07T09:06:51","slug":"ddoptics-pusca-2komma5-15x56-nfx-mrad","status":"publish","type":"product","link":"https:\/\/ddoptics.shop\/ro\/kaufen\/ddoptics-zielfernrohr-2komma5-15x56-nfx-mrad\/","title":{"rendered":"Luneta 2.5-15\u00d756 NFX de la DDoptics | V6 | A4N | MRAD ajustare - Gen 3"},"content":{"rendered":"<div class=\"container section-title-container\" ><h3 class=\"section-title section-title-normal\"><b aria-hidden=\"true\"><\/b><span class=\"section-title-main\" ><i class=\"icon-cross\" aria-hidden=\"true\"><\/i>Prezentare general\u0103 rapid\u0103 Prezentare general\u0103 rapid\u0103 luneta 2.5-15x56 cu reglaj clic de 1 cm \/ 100 m<\/span><b aria-hidden=\"true\"><\/b><\/h3><\/div>\n<table style=\"background-color: #cacaca;\">\n<tbody>\n<tr style=\"height: 24px;\">\n<td style=\"height: 24px; text-align: left; width: 20%;\"><strong>Tub:<\/strong><\/td>\n<td style=\"height: 24px; text-align: left; width: 30%;\">Tub mono de 30 mm<\/td>\n<td style=\"height: 24px; text-align: left; width: 20%;\"><strong>C\u00e2mpul vizual: m @100m:<\/strong><\/td>\n<td style=\"height: 24px; text-align: left; width: 30%;\">14,7-2,5 m<\/td>\n<\/tr>\n<tr style=\"height: 24px;\">\n<td style=\"height: 24px; text-align: left; width: 20%;\"><strong>Sistem optic:<\/strong><\/td>\n<td style=\"height: 24px; text-align: left; width: 30%;\">2,5-15 ori<\/td>\n<td style=\"height: 24px; text-align: left; width: 20%;\"><strong>Distan\u021ba interpupilar\u0103:<\/strong><\/td>\n<td style=\"height: 24px; text-align: left; width: 30%;\">100 mm<\/td>\n<\/tr>\n<tr style=\"height: 24px;\">\n<td style=\"height: 24px; text-align: left; width: 20%;\"><strong>Obiectiv:<\/strong><\/td>\n<td style=\"height: 24px; text-align: left; width: 30%;\">56 mm<\/td>\n<td style=\"height: 24px; text-align: left; width: 20%;\"><strong>Lungime:<\/strong><\/td>\n<td style=\"height: 24px; text-align: left; width: 30%;\">372 mm<\/td>\n<\/tr>\n<tr style=\"height: 24px;\">\n<td style=\"height: 24px; text-align: left; width: 20%;\"><a href=\"https:\/\/de.wikipedia.org\/wiki\/Absehen\" target=\"_blank\" rel=\"noopener noreferrer\"><strong>Reticul:<\/strong><\/a><\/td>\n<td style=\"height: 24px; text-align: left; width: 30%;\">Reticul nou 4<\/td>\n<td style=\"height: 24px; text-align: left; width: 20%;\"><strong>Greutate:<\/strong><\/td>\n<td style=\"height: 24px; text-align: left; width: 30%;\">759 g<\/td>\n<\/tr>\n<tr style=\"height: 24px;\">\n<td style=\"height: 24px; text-align: left; width: 20%;\"><strong>Punct de lumin\u0103<\/strong><\/td>\n<td style=\"height: 24px; text-align: left; width: 30%;\">Standard sau iFibre<\/td>\n<td style=\"height: 24px; text-align: left; width: 20%;\"><strong>Protec\u021bie \u00eempotriva ce\u021bii:<\/strong><\/td>\n<td style=\"height: 24px; text-align: left; width: 30%;\">Umplere cu azot \u00eempotriva aburului<\/td>\n<\/tr>\n<tr style=\"height: 24px;\">\n<td style=\"height: 24px; text-align: left; width: 20%;\"><strong>Focalizare\/paralax\u0103:<\/strong><\/td>\n<td style=\"height: 24px; text-align: left; width: 30%;\">Lentile reglabile 20-500 m la infinit<\/td>\n<td style=\"height: 24px; text-align: left; width: 20%;\"><strong>Str\u00e2nsoare:<\/strong><\/td>\n<td style=\"height: 24px; text-align: left; width: 30%;\">Rezistent la ap\u0103 \u0219i la impact<\/td>\n<\/tr>\n<\/tbody>\n<\/table>\n<div class=\"row\"  id=\"row-115593562\">\n\n\t<div id=\"col-1943389574\" class=\"col medium-8 small-12 large-8\"  >\n\t\t\t\t<div class=\"col-inner\"  >\n\t\t\t\n\t\t\t\n<h2>Luneta 2.5-15\u00d756 NFX V6 de la DDoptics - lunet\u0103 puternic\u0103 cu zoom 6x \u0219i reglare prin clic MRAD (1 cm\/clic - 100 m)<\/h2>\n<p><strong>M\u0103riri mari <\/strong>cu <strong>lumin\u0103 slab\u0103<\/strong>,\u0219i, de asemenea, cu <strong>C\u00e2mp mare de vizualizare pentru o fotografiere rapid\u0103<\/strong>, impune cerin\u021be ridicate proiectan\u021bilor de optic\u0103.<\/p>\n<p>V\u00e2n\u0103toarea pe suprafe\u021be mari de teren solicit\u0103 mult de la optica lunetei. Cu toate acestea, m\u0103ririle mari fac posibil\u0103 reac\u021bia fiabil\u0103 la distan\u021be mari. Prin urmare, este foarte important pentru proiectarea lunetei ca <strong>Luminozitatea imaginii chiar \u0219i atunci c\u00e2nd utiliza\u021bi o m\u0103rire mare<\/strong> este \u00eenc\u0103 utilizabil.<\/p>\n<p>Vederea favorabil\u0103 \u00een ocularul lunetei, zona de margine foarte redus\u0103 \u0219i c\u00e2mpul vizual larg fac ca acest luneta DDoptics uimitoare (la acest pre\u021b) s\u0103 fie interesant\u0103 \u0219i pentru fotografierea \u00een mi\u0219care.<\/p>\n<p>Foarte elaborat <strong>Optic\u0103 HD pentru lunet\u0103 de la DDoptics<\/strong> ofer\u0103 o imagine extrem de contrastant\u0103 \u0219i cu culori fidele, cu propriet\u0103\u021bi remarcabile de claritate de la margine la margine, chiar \u0219i la o m\u0103rire de 15x, datorit\u0103 stratului de acoperire special dezvoltat pentru acest obiectiv, care nu permite reflexii sau lumin\u0103 vagabond\u0103. \u00cen special franjurile de culoare au fost reduse la minimum.<\/p>\n<p>The <a href=\"https:\/\/ddoptics.shop\/ro\/magazin\/vedere-telescopica\/v6-6x-zoom\/\" target=\"_blank\" rel=\"noopener noreferrer\">de 6 ori <strong>Vedere telescopic\u0103 <\/strong><\/a>convinge cu toate cerin\u021bele de v\u00e2n\u0103toare, cum ar fi<strong>\u00a0Urm\u0103rire, ascundere <\/strong>\u00een apartament \u0219i \u00een<strong> Mun\u021bi.<\/strong><\/p>\n\t\t<\/div>\n\t\t\t\t\t<\/div>\n\n\t\n\n\t<div id=\"col-1662238145\" class=\"col medium-4 small-12 large-4\"  >\n\t\t\t\t<div class=\"col-inner\"  >\n\t\t\t\n\t\t\t\n<a class=\"button primary expand\" >\n\t\t<span>Caracteristici speciale lunet\u0103<\/span>\n\t<\/a>\n\n\n\t<section class=\"section\" id=\"section_49853903\">\n\t\t<div class=\"section-bg fill\" >\n\t\t\t\t\t\t\t\t\t<div class=\"section-bg-overlay absolute fill\"><\/div>\n\t\t\t\n\n\t\t<\/div>\n\n\t\t\n\n\t\t<div class=\"section-content relative\">\n\t\t\t\n\t<div class=\"img has-hover x md-x lg-x y md-y lg-y\" id=\"image_562496506\">\n\t\t<a class=\"\" href=\"https:\/\/www.ddoptics.de\/garantiebestimmungen\" target=\"_blank\" rel=\"no follow noopener\">\t\t\t\t\t\t<div class=\"img-inner dark\" >\n\t\t\t<img decoding=\"async\" width=\"352\" height=\"160\" src=\"https:\/\/ddoptics.shop\/wp-content\/uploads\/2014\/09\/DDoptics-Garantie.jpg\" class=\"attachment-large size-large\" alt=\"Garan\u021bia DDoptics\" srcset=\"https:\/\/ddoptics.shop\/wp-content\/uploads\/2014\/09\/DDoptics-Garantie.jpg 352w, https:\/\/ddoptics.shop\/wp-content\/uploads\/2014\/09\/DDoptics-Garantie-304x138.jpg 304w, https:\/\/ddoptics.shop\/wp-content\/uploads\/2014\/09\/DDoptics-Garantie-305x139.jpg 305w, https:\/\/ddoptics.shop\/wp-content\/uploads\/2014\/09\/DDoptics-Garantie-250x114.jpg 250w\" sizes=\"(max-width: 352px) 100vw, 352px\" title=\"\">\t\t\t\t\t\t\n\t\t\t\t\t<\/div>\n\t\t\t\t\t\t<\/a>\t\t\n<style>\n#image_562496506 {\n  width: 100%;\n}\n<\/style>\n\t<\/div>\n\t\n\t<div id=\"gap-1779335322\" class=\"gap-element clearfix\" style=\"display:block; height:auto;\">\n\t\t\n<style>\n#gap-1779335322 {\n  padding-top: 15px;\n}\n<\/style>\n\t<\/div>\n\t\n\t<div id=\"text-1520318712\" class=\"text\">\n\t\t\n<p><span style=\"font-size: 80%;\"><em>\u21d2 Bazat pe Gen 3 - versiunea cu efecte speciale<br \/>\n\u21d2 FX = Mai mult c\u00e2mp vizual \u0219i o mai bun\u0103 \u00een\u021belegere<br \/>\n\u21d2 Mai pu\u021bin\u0103 zon\u0103 de margine \u00een vedere<br \/>\n\u21d2 turele metalice de reglare a reticulelor (nu din plastic ca la gen 2)<br \/>\n\u21d2 Sticl\u0103 CT (transmisie clar\u0103) (dispersie redus\u0103)<br \/>\n\u21d2 Scalare dubl\u0103 (\u00eentoarcere dubl\u0103)<br \/>\n\u21d2 Zerostop pentru ASV (oprire la zero)<br \/>\n<strong>\u21d2 Declan\u0219ator tactic dur cu clic mrad (1cm\/clic)<\/strong><br \/>\n<strong> \u21d2 Cursa de reglare 184 clicuri = 1,8 m p\u00e2n\u0103 la 100m<\/strong><br \/>\n\u21d2 Design nou al inelului de reglare a m\u0103ririi<br \/>\n\u21d2 Noul reticul 4 cu bare semnificativ mai fine<br \/>\n<\/em><\/span><br \/>\n\t\t\n<style>\n#text-1520318712 {\n  line-height: 1.15;\n  color: rgb(33, 107, 227);\n}\n#text-1520318712 > * {\n  color: rgb(33, 107, 227);\n}\n<\/style>\n\t<\/div>\n\t\n\t\t<\/div>\n\n\t\t\n<style>\n#section_49853903 {\n  padding-top: 30px;\n  padding-bottom: 30px;\n  background-color: rgb(232, 232, 232);\n}\n#section_49853903 .section-bg-overlay {\n  background-color: rgba(255,255,255,.5);\n}\n<\/style>\n\t<\/section>\n\t\n<div class=\"is-divider divider clearfix\" ><\/div>\n\t\t<\/div>\n\t\t\t\t\t<\/div>\n\n\t\n<\/div>\n\t<div class=\"img has-hover x md-x lg-x y md-y lg-y\" id=\"image_2045570938\">\n\t\t\t\t\t\t\t\t<div class=\"img-inner dark\" >\n\t\t\t<img decoding=\"async\" width=\"800\" height=\"537\" src=\"https:\/\/ddoptics.shop\/wp-content\/uploads\/2019\/10\/technische-Zeichnung-DDoptics-2_5-15x56.jpg\" class=\"attachment-large size-large\" alt=\"Desen DDoptics V4 2.5-10x56 NFX\" srcset=\"https:\/\/ddoptics.shop\/wp-content\/uploads\/2019\/10\/technische-Zeichnung-DDoptics-2_5-15x56.jpg 800w, https:\/\/ddoptics.shop\/wp-content\/uploads\/2019\/10\/technische-Zeichnung-DDoptics-2_5-15x56-304x204.jpg 304w, https:\/\/ddoptics.shop\/wp-content\/uploads\/2019\/10\/technische-Zeichnung-DDoptics-2_5-15x56-305x205.jpg 305w, https:\/\/ddoptics.shop\/wp-content\/uploads\/2019\/10\/technische-Zeichnung-DDoptics-2_5-15x56-632x424.jpg 632w, https:\/\/ddoptics.shop\/wp-content\/uploads\/2019\/10\/technische-Zeichnung-DDoptics-2_5-15x56-510x342.jpg 510w, https:\/\/ddoptics.shop\/wp-content\/uploads\/2019\/10\/technische-Zeichnung-DDoptics-2_5-15x56-250x168.jpg 250w\" sizes=\"(max-width: 800px) 100vw, 800px\" title=\"\">\t\t\t\t\t\t\n\t\t\t\t\t<\/div>\n\t\t\t\t\t\t\t\t\n<style>\n#image_2045570938 {\n  width: 100%;\n}\n<\/style>\n\t<\/div>\n\t\n<h3>DDoptics V6 2.5-15\u00d756 NFX lunet\u0103 cu unghi larg pentru pu\u0219ti de v\u00e2n\u0103toare - cu scal\u0103 MRAD<\/h3>\n<p>Ca \u0219i \u00een cazul modelelor Gen 3, V6 2.5-15\u00d756 NFX <strong>a renun\u021bat \u00een mod constant la toate piesele din plastic.\u00a0<\/strong>Printre cele mai mici, <strong>Turele de v\u00e2n\u0103toare cu scalare dubl\u0103<\/strong> ascunde un <strong>Mecanism de mare precizie \u0219i func\u021bionare lin\u0103<\/strong>, care p\u00e2n\u0103 acum <strong>numai \u00een versiunea Tactical riflescope<\/strong> a fost instalat.<\/p>\n<p>Avantaj: Pute\u021bi renun\u021ba la capacul de protec\u021bie de deasupra reglajului reticulului \u0219i astfel ave\u021bi <strong>Acces la reglarea reticulului \u00een orice moment<\/strong> pentru a corecta distan\u021bele de tragere sau viteza v\u00e2ntului.<\/p>\n<h3>V\u00e2n\u0103toare DDoptics A4N <a href=\"https:\/\/de.wikipedia.org\/wiki\/Absehen\" target=\"_blank\" rel=\"noopener sponsored\" data-schema-attribute=\"\">Reticul luminat<\/a> cu punct iluminat inteligent IFiber<\/h3>\n<p>The <strong>6x lunet\u0103 2.5-15\u00d756 NFX<\/strong> are reticul 4-N modern, de succes, dezvoltat \u00eempreun\u0103 cu mul\u021bi v\u00e2n\u0103tori.<\/p>\n<h3>Noul reticul A4N pentru acoperire minim\u0103 a \u021bintei<\/h3>\n<p>Privind prin noul <strong>lunete -Genera\u021bia 3<\/strong>\u00a0privitorul recunoa\u0219te imediat designul practic:<\/p>\n<ul>\n<li>The <strong>Traiectoria \u00een reticul 4<\/strong> este <strong>mult mai fin<\/strong> iar grinzile exterioare ceva mai groase au doar jum\u0103tate din grosime \u0219i sunt mult mai dep\u0103rtate.<\/li>\n<li>Acesta este un mare avantaj, \u00een special pentru v\u00e2n\u0103tori \u00een condi\u021bii de lumin\u0103 slab\u0103, deoarece <strong>\u021ainta este foarte pu\u021bin ascuns\u0103<\/strong> \u0219i, astfel, o oprire rapid\u0103 \u0219i sigur\u0103 este sus\u021binut\u0103 \u00een mod optim.<\/li>\n<\/ul>\n<p>Reticulul este situat \u00een <strong>Planul imaginii ocularului (al doilea plan al imaginii)<\/strong>. Cu <strong>la o m\u0103rire maxim\u0103 de 15 ori, reticulul \u00eentunec\u0103 \u021binta doar \u00een mic\u0103 m\u0103sur\u0103.<\/strong> Fiecare clic ajusteaz\u0103 reticulul cu 0,25 minute de unghi (MOA), adic\u0103 cu 7,3 milimetri la 100 de metri.<\/p>\n<h3>Intervalul total de reglare al lunetei:<\/h3>\n<p>Luneta are un<strong> Reglare tactic\u0103 de 0,1 mrad<\/strong>. Pentru utilizator, aceasta \u00eenseamn\u0103 <strong>Aplica\u021bie simpl\u0103 pentru Europa \u00een conformitate cu sistemul zecimal<\/strong>.<\/p>\n<p>Cursa total\u0103 de reglare pe 100 m: 18,4 MRAD - 184 clicuri - 1,8 m<\/p>\n<ul>\n<li>Curs\u0103 de reglare \/ clic pe 100 m: 1 cm<\/li>\n<li>Interval de reglare \/ clic la 200 m: 2 cm<\/li>\n<li>Interval de reglare \/ clic la 300 m: 3 cm<\/li>\n<li>Curs\u0103 de reglare \/ clic la 900 m: 9 cm<\/li>\n<\/ul>\n<h3>Mecanism robust de reglare a lunetei pentru utilizare dificil\u0103 cu Zerostop &amp; ASV<\/h3>\n<p>The <strong>Turele de reglare a reticulului opticii de ochire DDoptics<\/strong> din genera\u021bia 3 sunt fabricate dintr-un aliaj robust de aluminiu \u0219i nu con\u021bin piese din plastic. Toate <strong>Piese din aluminiu<\/strong> cu cel nou, f\u0103r\u0103 luciu, <strong>Acoperire anodizat\u0103 neagr\u0103 fin\u0103 DDoptics<\/strong> furnizate.<\/p>\n<p>The <strong>Mecanismul de reglare a fost schimbat la versiunea tactic\u0103<\/strong>, Acest lucru \u00eenseamn\u0103 c\u0103 nu numai c\u0103 este foarte rezistent la \u0219ocuri \u0219i complet impermeabil, dar \u0219i c\u0103 func\u021bioneaz\u0103 f\u0103r\u0103 probleme \u0219i, prin urmare, este protejat \u00eempotriva ajust\u0103rii neinten\u021bionate. Aceasta \u00eenseamn\u0103 c\u0103 reglarea reticulului poate fi, de asemenea, utilizat\u0103 \u201edeschis\u0103\u201c \u00een v\u00e2n\u0103toarea de zi cu zi, adic\u0103 f\u0103r\u0103 un capac cu \u0219urub, pentru a putea regla rapid reticulul \u00een func\u021bie de situa\u021bie.<\/p>\n<h3>Reglarea rapid\u0103 a reticulului pu\u0219tii cu Zerostop<\/h3>\n<p>La o <strong>Scar\u0103 dubl\u0103 (Doubleturn) pe turela de ridicare a lunetei<\/strong> num\u0103rul de clicuri de reglare efectuate poate fi citit \u0219i setat corespunz\u0103tor. Dup\u0103 tragere, reglajul reticulului poate fi \u201epus la zero\u201c, iar inelul Zerostop este apoi rotit p\u00e2n\u0103 la cap\u0103t. Setarea zero este apoi ajustat\u0103 cu ajutorul<strong> Inele Zerostop contracarate de jos<\/strong> pentru a ajunge la o oprire \u00een pozi\u021bia zero.<\/p>\n<p>Pornind de la pozi\u021bia zero - presupun\u00e2nd cunoa\u0219terea etichet\u0103rii - pute\u021bi <strong>Diferite distan\u021be de tragere prin intermediul unui sistem de marcare<\/strong> Turnul de reglare lateral\u0103 este marcat cu dou\u0103 sc\u0103ri contra-rotative; pornind de la setarea zero, scara<strong> Reticul \u00een func\u021bie de direc\u021bia \u0219i for\u021ba v\u00e2ntului<\/strong> sau orice mi\u0219care a \u021bintei poate fi prestabilit\u0103.<\/p>","protected":false},"excerpt":{"rendered":"<p><img decoding=\"async\" class=\"alignnone wp-image-10452 size-full\" title=\"Tir sportiv\" src=\"https:\/\/ddoptics.shop\/wp-content\/uploads\/2016\/07\/Target-Schiessen.jpg\" alt=\"Tragere la \u021bint\u0103\" width=\"50\" height=\"50\" \/><img decoding=\"async\" class=\"alignnone wp-image-10168 size-full\" title=\"Stand de v\u00e2n\u0103toare\" src=\"https:\/\/ddoptics.shop\/wp-content\/uploads\/2016\/09\/Jagd-klein.jpg\" alt=\"Binoclu de v\u00e2n\u0103toare\" width=\"50\" height=\"50\" \/><img decoding=\"async\" class=\"alignnone wp-image-10178 size-full\" title=\"V\u00e2n\u0103toare montan\u0103\" src=\"https:\/\/ddoptics.shop\/wp-content\/uploads\/2016\/04\/Gebirgsjagd-klein.jpg\" alt=\"Binoclu de v\u00e2n\u0103toare de munte\" width=\"50\" height=\"50\" \/><br \/>\nO nou\u0103 optic\u0103 de ochire extrem\u0103 care <strong>aproape toate zonele de v\u00e2n\u0103toare<\/strong> acoperite. De la v\u00e2n\u0103toare \u00een goan\u0103, la v\u00e2n\u0103toare \u00een ascunz\u0103toare, la v\u00e2n\u0103toare la munte - p\u00e2n\u0103 la ultima lumin\u0103 de pu\u0219c\u0103. Datorit\u0103 transmisiei luminii de p\u00e2n\u0103 la 96%! <strong>Op\u021bional, cu sistem inteligent <a title=\"NOU DDoptics IFiber punct luminat\" href=\"\/ro\/termen-tehnic-wiki\/inteligent-ddoptics-ifiber-light-point\/\" target=\"_blank\" rel=\"noopener noreferrer\">Punct de lumin\u0103 IFibre<\/a> pentru doar 99,- \u20ac tax\u0103 suplimentar\u0103.<\/strong><\/p>\n<a href=\"https:\/\/amzn.to\/3Pp05dH\" target=\"_blank\" class=\"button success is-success is-small\" rel=\"\u201dnofollow\u201d noopener\" >\n\t\t<span>client amazon? - folosi\u021bi beneficiile prime?<\/span>\n\t<\/a>","protected":false},"featured_media":12191,"comment_status":"open","ping_status":"closed","template":"","meta":{"inline_featured_image":false,"footnotes":""},"product_brand":[],"product_cat":[555,454,638,697,917,640,919,637,68],"product_tag":[556,78,80,698,79],"class_list":{"0":"post-11793","1":"product","2":"type-product","3":"status-publish","4":"has-post-thumbnail","6":"product_cat-25-15x56","7":"product_cat-56-mm-objektivdurchmesser","8":"product_cat-ansitzjagd","9":"product_cat-mrad-klickverstellung","10":"product_cat-nfx-zielfernrohre-weitwinkel-zf","11":"product_cat-pirschjagd-und-gebirgsjagd","12":"product_cat-v6-6-fach-zoom","13":"product_cat-zf-anwendung","14":"product_cat-zielfernrohr","15":"product_tag-2-5-15x56","16":"product_tag-ddoptics","17":"product_tag-gen-3","18":"product_tag-mrad-1-cm-klickverstellung","19":"product_tag-zielfernrohr","20":"product_shipping_class-paket","21":"pa_brand-marke-ddoptics","22":"pa_produkt-typ-zielfernrohr","24":"first","25":"instock","26":"sale","27":"taxable","28":"shipping-taxable","29":"purchasable","30":"product-type-bundle"},"bundled_by":[],"bundle_stock_status":"instock","bundle_stock_quantity":34,"bundle_virtual":false,"bundle_layout":"default","bundle_add_to_cart_form_location":"default","bundle_editable_in_cart":false,"bundle_sold_individually_context":"product","bundle_item_grouping":"parent","bundle_min_size":"","bundle_max_size":"","bundle_price":{"price":{"min":{"incl_tax":"1168.01","excl_tax":"973.34"},"max":{"incl_tax":"1272.32","excl_tax":"1060.26"}},"regular_price":{"min":{"incl_tax":"1298.01","excl_tax":"1081.68"},"max":{"incl_tax":"1413.9","excl_tax":"1178.25"}}},"bundled_items":[{"bundled_item_id":66,"product_id":12809,"menu_order":0,"quantity_min":1,"quantity_max":1,"quantity_default":1,"priced_individually":true,"shipped_individually":false,"override_title":true,"title":"","override_description":false,"description":"","optional":false,"hide_thumbnail":true,"discount":"","override_variations":true,"allowed_variations":[12810,12811],"override_default_variation_attributes":false,"default_variation_attributes":[],"single_product_visibility":"visible","cart_visibility":"visible","order_visibility":"visible","single_product_price_visibility":"visible","cart_price_visibility":"visible","order_price_visibility":"visible","stock_status":"in_stock"},{"bundled_item_id":67,"product_id":12812,"menu_order":1,"quantity_min":1,"quantity_max":1,"quantity_default":1,"priced_individually":true,"shipped_individually":false,"override_title":true,"title":"Aproape un cadou - capace flip","override_description":false,"description":"","optional":true,"hide_thumbnail":false,"discount":"68.55","override_variations":true,"allowed_variations":[12819],"override_default_variation_attributes":true,"default_variation_attributes":[{"id":17,"name":"Dimensiunea lunetei","option":"25-15x56"}],"single_product_visibility":"visible","cart_visibility":"visible","order_visibility":"visible","single_product_price_visibility":"visible","cart_price_visibility":"visible","order_price_visibility":"visible","stock_status":"in_stock"}],"bundle_sell_ids":[],"_links":{"self":[{"href":"https:\/\/ddoptics.shop\/ro\/wp-json\/wp\/v2\/product\/11793","targetHints":{"allow":["GET"]}}],"collection":[{"href":"https:\/\/ddoptics.shop\/ro\/wp-json\/wp\/v2\/product"}],"about":[{"href":"https:\/\/ddoptics.shop\/ro\/wp-json\/wp\/v2\/types\/product"}],"replies":[{"embeddable":true,"href":"https:\/\/ddoptics.shop\/ro\/wp-json\/wp\/v2\/comments?post=11793"}],"version-history":[{"count":15,"href":"https:\/\/ddoptics.shop\/ro\/wp-json\/wp\/v2\/product\/11793\/revisions"}],"predecessor-version":[{"id":29220,"href":"https:\/\/ddoptics.shop\/ro\/wp-json\/wp\/v2\/product\/11793\/revisions\/29220"}],"wp:featuredmedia":[{"embeddable":true,"href":"https:\/\/ddoptics.shop\/ro\/wp-json\/wp\/v2\/media\/12191"}],"wp:attachment":[{"href":"https:\/\/ddoptics.shop\/ro\/wp-json\/wp\/v2\/media?parent=11793"}],"wp:term":[{"taxonomy":"product_brand","embeddable":true,"href":"https:\/\/ddoptics.shop\/ro\/wp-json\/wp\/v2\/product_brand?post=11793"},{"taxonomy":"product_cat","embeddable":true,"href":"https:\/\/ddoptics.shop\/ro\/wp-json\/wp\/v2\/product_cat?post=11793"},{"taxonomy":"product_tag","embeddable":true,"href":"https:\/\/ddoptics.shop\/ro\/wp-json\/wp\/v2\/product_tag?post=11793"}],"curies":[{"name":"wp","href":"https:\/\/api.w.org\/{rel}","templated":true}]}}