{"id":11798,"date":"2017-09-27T20:08:50","date_gmt":"2017-09-27T18:08:50","guid":{"rendered":"https:\/\/optik-sport-shop.at\/?post_type=product&#038;p=11798"},"modified":"2026-04-14T09:57:54","modified_gmt":"2026-04-14T07:57:54","slug":"raza-de-acoperire-cerakote","status":"publish","type":"product","link":"https:\/\/ddoptics.shop\/ro\/kaufen\/cerakote-beschichtung-zielfernrohr\/","title":{"rendered":"Acoperire Cerakote pentru lunete DDoptics - diverse culori"},"content":{"rendered":"<h2>Acoperire Cerakote | Finisare personalizat\u0103 a suprafe\u021bei pentru lunetele dvs. DDoptics | Protec\u021bie \u00eempotriva coroziunii pentru arma dvs.<\/h2>\n<div class=\"row\"  id=\"row-14541412\">\n\n\t<div id=\"col-590426911\" class=\"col medium-8 small-12 large-8\"  >\n\t\t\t\t<div class=\"col-inner\"  >\n\t\t\t\n\t\t\t\n<p>Oferim clien\u021bilor no\u0219tri op\u021biunea de a avea toate lunetele acoperite individual \u00een diferite culori.<\/p>\n<p>Utiliz\u0103m numai produse de \u00eenalt\u0103 calitate <strong>Acoperiri ceramice de la <a href=\"https:\/\/www.cerakote.com\/project-gallery\" target=\"_blank\" rel=\"noopener sponsored nofollow\">Cerakote<\/a><\/strong> este utilizat. \u00cen plus fa\u021b\u0103 de un design personalizat, acest strat ofer\u0103, de asemenea, propriet\u0103\u021bi unice ale suprafe\u021bei, cum ar fi <strong>rezisten\u021b\u0103 ridicat\u0103 la abraziune, rezisten\u021b\u0103 chimic\u0103 optim\u0103 \u0219i rezisten\u021b\u0103 ridicat\u0103 la zg\u00e2riere.<\/strong><\/p>\n<p>Acest lucru ofer\u0103 lunetei dvs. un upgrade real. Acoperirea este posibil\u0103 at\u00e2t pentru lunete noi, c\u00e2t \u0219i pentru lunete folosite de la DDoptics.<\/p>\n<p>\u00cen prezent, putem oferi 12 culori diferite.<\/p>\n<p>SFAT: Acoperirile Cerakote pentru arme \u0219i tuning sunt disponibile la <strong><a href=\"https:\/\/www.verex-tactical.com\/galerie\/\" target=\"_blank\" rel=\"noopener\">VEREX Tactic<\/a> <\/strong>profesional \u0219i cu pl\u0103cere.<\/p>\n<h3>Acoperirea ceramic\u0103 Cerakote asigur\u0103 un aspect unic \u0219i o protec\u021bie optim\u0103 \u00eempotriva coroziunii<\/h3>\n<p>Cerakote este un strat extrem de durabil dezvoltat \u00een SUA (\u021bara armelor) special pentru arme, care este disponibil \u00een multe combina\u021bii de culori.<\/p>\n<p>\u00cen plus fa\u021b\u0103 de \u00eembun\u0103t\u0103\u021birea vizual\u0103 dorit\u0103, pistolul prime\u0219te o suprafa\u021b\u0103 care \u00eel protejeaz\u0103 \u00eempotriva tuturor influen\u021belor mediului \u0219i prelunge\u0219te considerabil durata de via\u021b\u0103 a pistolului transportat \u00een exterior.<\/p>\n<blockquote><p>Datorit\u0103 Cerakote, pute\u021bi crea ceva complet personalizat din arma dvs., inclusiv vizorul \u0219i suportul lunetei.<\/p><\/blockquote>\n<h3>Procesul de acoperire a armelor Cerakote explicat pe scurt<\/h3>\n<p>Dup\u0103 o baie de degresare cu aceton\u0103, piesele de arme demontate sunt sablate \u00een cabina de sablare de c\u0103tre <strong>bluing vechi sau chiar rugina flash \u00eendep\u0103rtat\u0103<\/strong> \u0219i acoperit\u0103 din nou cu un strat sub\u021bire de Cerakote \u00een culorile dorite.<\/p>\n<blockquote><p>Dup\u0103 c\u00e2teva teste, am g\u0103sit, de asemenea, o modalitate ideal\u0103 de a face o acoperire permanent\u0103 cu lunet\u0103 + suport.<\/p><\/blockquote>\n<p>Durabil<strong> Lac ceramic din SUA<\/strong> \u00ee\u0219i ob\u021bine rezisten\u021ba final\u0103 prin ardere timp de dou\u0103 ore \u00een camera special\u0103 de ardere.<\/p>\n<p>Cerakote ofer\u0103 cea mai bun\u0103 protec\u021bie \u00eempotriva coroziunii, un aspect distinctiv \u0219i cre\u0219te valoarea armei dumneavoastr\u0103.<\/p>\n<h3>Test extrem conving\u0103tor cu arma acoperit\u0103 cu Ceracote \u00een s\u0103lb\u0103ticie<\/h3>\n\t\t<\/div>\n\t\t\t\t\t<\/div>\n\n\t\n\n\t<div id=\"col-38972840\" class=\"col medium-4 small-12 large-4\"  >\n\t\t\t\t<div class=\"col-inner\"  >\n\t\t\t\n\t\t\t\n<a class=\"button primary expand\" >\n\t\t<span>Caracteristici speciale ale acoperirii Keramic<\/span>\n\t<i class=\"icon-checkmark\" aria-hidden=\"true\"><\/i><\/a>\n\n<ul>\n<li>Finisare personalizat\u0103 a suprafe\u021bei<\/li>\n<li>Acoperiri ceramice de \u00eenalt\u0103 calitate de la Cerakote<\/li>\n<li>Rezisten\u021b\u0103 ridicat\u0103 la abraziune<\/li>\n<li>Rezisten\u021b\u0103 chimic\u0103 optim\u0103<\/li>\n<li>Rezisten\u021b\u0103 ridicat\u0103 la zg\u00e2rieturi<\/li>\n<li>pentru lunete noi \u0219i folosite de la DDoptics achizi\u021bionate de la noi<\/li>\n<li>\u00een prezent sunt disponibile 12 culori diferite<\/li>\n<\/ul>\n\t<div class=\"img has-hover x md-x lg-x y md-y lg-y\" id=\"image_1070708822\">\n\t\t<a class=\"image-lightbox lightbox-gallery\" title=\"\" href=\"https:\/\/ddoptics.shop\/wp-content\/uploads\/2023\/05\/Cerakote-Waffe-ZF.webp\">\t\t\t\t\t\t<div class=\"img-inner dark\" >\n\t\t\t<img decoding=\"async\" width=\"600\" height=\"800\" src=\"https:\/\/ddoptics.shop\/wp-content\/uploads\/2023\/05\/Cerakote-Waffe-ZF.webp\" class=\"attachment-large size-large\" alt=\"Arm\u0103 Cerakote + vedere telescopic\u0103\" srcset=\"https:\/\/ddoptics.shop\/wp-content\/uploads\/2023\/05\/Cerakote-Waffe-ZF.webp 600w, https:\/\/ddoptics.shop\/wp-content\/uploads\/2023\/05\/Cerakote-Waffe-ZF-304x405.webp 304w, https:\/\/ddoptics.shop\/wp-content\/uploads\/2023\/05\/Cerakote-Waffe-ZF-270x360.webp 270w\" sizes=\"(max-width: 600px) 100vw, 600px\" title=\"\">\t\t\t\t\t\t\n\t\t\t\t\t\t\t<div class=\"caption\">Test pu\u0219c\u0103 Cerakote + lunet\u0103<\/div>\n\t\t\t\t\t<\/div>\n\t\t\t\t\t\t<\/a>\t\t\n<style>\n#image_1070708822 {\n  width: 100%;\n}\n<\/style>\n\t<\/div>\n\t\n\t\t<\/div>\n\t\t\t\t\t<\/div>\n\n\t\n<\/div>\n<div class=\"video video-fit mb\" style=\"padding-top:56.25%;\"><p><iframe title=\"Test de coroziune \u00een aer liber Cerakote | 15+ luni Time-Lapse\" width=\"1020\" height=\"574\" src=\"https:\/\/www.youtube.com\/embed\/v4GSDrkZMyE?feature=oembed\" frameborder=\"0\" allow=\"accelerometer; autoplay; clipboard-write; encrypted-media; gyroscope; picture-in-picture; web-share\" referrerpolicy=\"strict-origin-when-cross-origin\" allowfullscreen><\/iframe><\/p>\n<\/div>\n<h3>De ce Cerakote este perfect pentru pu\u0219ca de v\u00e2n\u0103toare<\/h3>\n<p>The <strong>Geniile de la Cerakote<\/strong> au g\u0103sit \u00eentr-adev\u0103r o modalitate de a face acest strat incredibil de sub\u021bire incredibil de puternic.<\/p>\n<p>Stratul sub\u021bire protejeaz\u0103 toate piesele - inclusiv piesele mobile - de uzura normal\u0103.<\/p>\n<p>Acoperirea este, de asemenea, destul de insensibil\u0103 la <strong>Ap\u0103, ap\u0103 s\u0103rat\u0103<\/strong> \u0219i nisip. <strong>Cerakote \u201cstinge\u201d practic elementele<\/strong> \u0219i previne ruginirea armei sau alte deterior\u0103ri cauzate de coroziune.<\/p>\n<div class=\"video video-fit mb\" style=\"padding-top:56.25%;\"><p><iframe title=\"Test de coroziune | ASTM B117 | Cerakote vs Nitrur\u0103 neagr\u0103\" width=\"1020\" height=\"574\" src=\"https:\/\/www.youtube.com\/embed\/XFMbZEWO1-o?feature=oembed\" frameborder=\"0\" allow=\"accelerometer; autoplay; clipboard-write; encrypted-media; gyroscope; picture-in-picture; web-share\" referrerpolicy=\"strict-origin-when-cross-origin\" allowfullscreen><\/iframe><\/p>\n<\/div>\n<p>\u0218i Cerakote este un aproape <strong>Acoperire universal\u0103:<\/strong> Acesta ader\u0103 la <strong>Metal, plastic, polimer \u0219i lemn.<\/strong><\/p>\n<blockquote><p>Ceracote este cu ani lumin\u0103 \u00eenaintea metodelor istorice de protec\u021bie a armelor, cum ar fi bleumarinul clasic, care func\u021bioneaz\u0103 numai pe metal.<\/p><\/blockquote>\n<p>Cerakote se aplic\u0103 extrem de sub\u021bire \u0219i cu greu provoac\u0103 probleme cu toleran\u021bele str\u00e2nse.<\/p>\n<h3>Detalii importante despre stratul de protec\u021bie Cerakote:<\/h3>\n<ul>\n<li>Tot ceea ce este vopsit sau u\u0219or marcat cu laser va fi pierdut \u00een timpul procesului de cur\u0103\u021bare \u0219i acoperire. Nu exist\u0103 nicio modalitate de a salva aceste marcaje, cu excep\u021bia masc\u0103rii curate.<\/li>\n<li>Cerakote este proiectat \u00een a\u0219a fel \u00eenc\u00e2t alte <strong>Lucrurile nu se pot lipi foarte bine de ea<\/strong>. Acesta poate fi un avantaj sau un dezavantaj.<\/li>\n<li>Dup\u0103 aplicarea acoperirii Cerakote, piesele sunt plasate \u00een <strong>Cuptor de \u00eent\u0103rire \u00een conformitate cu standardele Cerakote<\/strong> coapte. Posibila sensibilitate la c\u0103ldur\u0103 trebuie clarificat\u0103 de la caz la caz.<\/li>\n<li>Dup\u0103 coacere, piesele sunt scoase din cuptor \u0219i r\u0103cite. Piesele sunt apoi verificate pentru grosimea corect\u0103 a stratului de acoperire, aspect \u0219i atingere. Dac\u0103 ceva nu se potrive\u0219te, totul \u00eencepe din nou.<\/li>\n<\/ul>","protected":false},"excerpt":{"rendered":"<p><strong>Personalizat \u0219i personal. Timp de livrare aprox. 2-3 s\u0103pt\u0103m\u00e2ni - <a href=\"https:\/\/ddoptics.shop\/ro\/cerakote-acoperire-pusca-luneta\/\">Accesa\u021bi raportul AICI<\/a><\/strong><\/p>\n<p><strong><span style=\"color: #ed1c24;\">Aten\u021bie: Service NUMAI pentru lunete achizi\u021bionate de la noi!!!<\/span><br \/>\n<\/strong>Deoarece acesta este un <strong>Personalizare elaborat\u0103 a lunetei dvs.<\/strong> termenul de livrare este de p\u00e2n\u0103 la 3 s\u0103pt\u0103m\u00e2ni (\u00eempreun\u0103 cu o comand\u0103 ZF sau dup\u0103 primirea opticii achizi\u021bionate de la noi). De asemenea, am dori s\u0103 subliniem faptul c\u0103 dreptul de anulare este \u00een general exclus pentru produsele \u0219i comenzile individualizate!<\/p>","protected":false},"featured_media":26538,"comment_status":"open","ping_status":"closed","template":"","meta":{"inline_featured_image":false,"footnotes":""},"product_brand":[],"product_cat":[68],"product_tag":[1129,683,684],"class_list":{"0":"post-11798","1":"product","2":"type-product","3":"status-publish","4":"has-post-thumbnail","6":"product_cat-zielfernrohr","7":"product_tag-cerakote","8":"product_tag-zielfernrohr-beschichtung","9":"product_tag-zielfernrohr-farben","10":"product_shipping_class-paket","11":"pa_brand-marke-ddoptics","12":"pa_produkt-typ-zielfernrohr","14":"first","15":"outofstock","16":"taxable","17":"shipping-taxable","18":"purchasable","19":"product-type-variable","20":"has-default-attributes"},"bundled_by":["11816","11830","11926"],"bundle_stock_status":"outofstock","bundle_stock_quantity":null,"bundle_virtual":false,"bundle_layout":"","bundle_add_to_cart_form_location":"","bundle_editable_in_cart":false,"bundle_sold_individually_context":"","bundle_item_grouping":"","bundle_min_size":"","bundle_max_size":"","bundle_price":[],"bundled_items":[],"bundle_sell_ids":[],"_links":{"self":[{"href":"https:\/\/ddoptics.shop\/ro\/wp-json\/wp\/v2\/product\/11798","targetHints":{"allow":["GET"]}}],"collection":[{"href":"https:\/\/ddoptics.shop\/ro\/wp-json\/wp\/v2\/product"}],"about":[{"href":"https:\/\/ddoptics.shop\/ro\/wp-json\/wp\/v2\/types\/product"}],"replies":[{"embeddable":true,"href":"https:\/\/ddoptics.shop\/ro\/wp-json\/wp\/v2\/comments?post=11798"}],"version-history":[{"count":22,"href":"https:\/\/ddoptics.shop\/ro\/wp-json\/wp\/v2\/product\/11798\/revisions"}],"predecessor-version":[{"id":26609,"href":"https:\/\/ddoptics.shop\/ro\/wp-json\/wp\/v2\/product\/11798\/revisions\/26609"}],"wp:featuredmedia":[{"embeddable":true,"href":"https:\/\/ddoptics.shop\/ro\/wp-json\/wp\/v2\/media\/26538"}],"wp:attachment":[{"href":"https:\/\/ddoptics.shop\/ro\/wp-json\/wp\/v2\/media?parent=11798"}],"wp:term":[{"taxonomy":"product_brand","embeddable":true,"href":"https:\/\/ddoptics.shop\/ro\/wp-json\/wp\/v2\/product_brand?post=11798"},{"taxonomy":"product_cat","embeddable":true,"href":"https:\/\/ddoptics.shop\/ro\/wp-json\/wp\/v2\/product_cat?post=11798"},{"taxonomy":"product_tag","embeddable":true,"href":"https:\/\/ddoptics.shop\/ro\/wp-json\/wp\/v2\/product_tag?post=11798"}],"curies":[{"name":"wp","href":"https:\/\/api.w.org\/{rel}","templated":true}]}}