{"id":12196,"date":"2018-01-16T15:22:54","date_gmt":"2018-01-16T14:22:54","guid":{"rendered":"https:\/\/ddoptics.shop\/?post_type=product&#038;p=12196"},"modified":"2025-10-07T11:14:41","modified_gmt":"2025-10-07T09:14:41","slug":"nighteagle-hdx-2komma5-10x56-gen-3","status":"publish","type":"product","link":"https:\/\/ddoptics.shop\/ro\/kaufen\/nighteagle-hdx-2komma5-10x56-gen-3\/","title":{"rendered":"lunete DDoptics Nighteagle 2.5-10\u00d756 | V4 | A4N | MRAD ajustare - Gen 3"},"content":{"rendered":"<div class=\"container section-title-container\" ><h3 class=\"section-title section-title-normal\"><b aria-hidden=\"true\"><\/b><span class=\"section-title-main\" ><i class=\"icon-cross\" aria-hidden=\"true\"><\/i>Scurt\u0103 prezentare a lunetei DDoptics 2.5-10x56 Gen 3 MRAD<\/span><b aria-hidden=\"true\"><\/b><\/h3><\/div>\n<table style=\"background-color: #cacaca; width: 100%;\">\n<tbody>\n<tr style=\"height: 24px;\">\n<td style=\"height: 24px; width: 20%;\"><strong>Tub<\/strong><\/td>\n<td style=\"height: 24px; width: 30%;\">Tub mono de 30 mm<\/td>\n<td style=\"height: 24px; width: 20%;\"><strong>C\u00e2mpul vizual: m @100m<\/strong><\/td>\n<td style=\"height: 24px; width: 30%;\">12,6-3,4 m<\/td>\n<\/tr>\n<tr style=\"height: 24px;\">\n<td style=\"height: 24px; width: 20%;\"><strong>Sistem optic<\/strong><\/td>\n<td style=\"height: 24px; width: 30%;\">2,5-10 ori<\/td>\n<td style=\"height: 24px; width: 20%;\"><strong>Distan\u021ba interpupilar\u0103<\/strong><\/td>\n<td style=\"height: 24px; width: 30%;\">102 mm<\/td>\n<\/tr>\n<tr style=\"height: 24px;\">\n<td style=\"height: 24px; width: 20%;\"><strong>Lentile<\/strong><\/td>\n<td style=\"height: 24px; width: 30%;\">56 mm<\/td>\n<td style=\"height: 24px; width: 20%;\"><strong>Lungime<\/strong><\/td>\n<td style=\"height: 24px; width: 30%;\">349 mm<\/td>\n<\/tr>\n<tr style=\"height: 24px;\">\n<td style=\"height: 24px; width: 20%;\"><strong>Reticul<\/strong><\/td>\n<td style=\"height: 24px; width: 30%;\">4<\/td>\n<td style=\"height: 24px; width: 20%;\"><strong>Greutate<\/strong><\/td>\n<td style=\"height: 24px; width: 30%;\">670 g<\/td>\n<\/tr>\n<tr style=\"height: 24px;\">\n<td style=\"height: 24px; width: 20%;\"><strong>Punct de lumin\u0103<\/strong><\/td>\n<td style=\"height: 24px; width: 30%;\">Standard sau iFibre<\/td>\n<td style=\"height: 24px; width: 20%;\"><strong>Protec\u021bie anticearc\u0103n<\/strong><\/td>\n<td style=\"height: 24px; width: 30%;\">Umplere cu azot \u00eempotriva aburului<\/td>\n<\/tr>\n<tr style=\"height: 24px;\">\n<td style=\"height: 24px; width: 20%;\"><strong>Focalizare\/paralax\u0103<\/strong><\/td>\n<td style=\"height: 24px; width: 30%;\">Lentile reglabile de la 25 m la infinit<\/td>\n<td style=\"height: 24px; width: 20%;\"><strong>Str\u00e2nsoare<\/strong><\/td>\n<td style=\"height: 24px; width: 30%;\">Rezistent la ap\u0103 \u0219i la impact<\/td>\n<\/tr>\n<\/tbody>\n<\/table>\n<div class=\"row\"  id=\"row-1182022199\">\n\n\t<div id=\"col-64123415\" class=\"col medium-8 small-12 large-8\"  >\n\t\t\t\t<div class=\"col-inner\"  >\n\t\t\t\n\t\t\t\n<h2>DDoptics Nighteagle 2.5-10\u00d756 V4 riflescope - pu\u0219c\u0103 puternic\u0103 cu zoom 4x \u0219i reglare MRAD click (1 cm\/click - 100 m)<\/h2>\n<p>The <strong>nou Nighteagle 2.5-10\u00d756 Gen 3 cu reglare click MRAD<\/strong> \u0219i <a href=\"https:\/\/ddoptics.shop\/ro\/magazin\/vedere-telescopica\/v4-4x-zoom\/\" target=\"_blank\" rel=\"noopener noreferrer\">Zoom 4x<\/a> este rezultatul unei dezvolt\u0103ri cu scopul de a crea un <strong>Lunet\u0103 eficient\u0103 \u0219i puternic\u0103<\/strong> pentru condi\u021bii de iluminare nefavorabile \u0219i pentru utilizare la amurg \u0219i pe timp de noapte.<\/p>\n<p>The <strong>Optic\u0103 nereflexiv\u0103<\/strong> ofer\u0103 o solu\u021bie extrem de <strong>Imagine luminoas\u0103, cu contrast ridicat \u0219i culori reale<\/strong> cu propriet\u0103\u021bi remarcabile de definire a marginilor.<\/p>\n<p>\u00cen combina\u021bie cu noul reticul 4 \u0219i un punct iluminat de calitate superioar\u0103, Nighteagle 2.5-10\u00d756 este luneta universal\u0103 perfect\u0103 pentru tragere precis\u0103.<\/p>\n<h3>2.5-10\u00d756 ZF Nighteagle Gen 3 - transmisie de lumin\u0103 cu valori de top<\/h3>\n<p>The<strong> Optic\u0103 nereflexiv\u0103<\/strong> ofer\u0103 o <strong>Imagine extrem de luminoas\u0103, cu contrast ridicat \u0219i culori reale<\/strong> cu fantastic <strong>Propriet\u0103\u021bi de ascu\u021bire a marginilor<\/strong>. Datorit\u0103 <strong>component\u0103 minim\u0103 de lumin\u0103 fals\u0103<\/strong> chiar \u0219i iluminarea din spate nu interfereaz\u0103. Caracteristicile <strong>Transmisia luminii atinge 94,7 % \u00een timpul zilei \u0219i 93 % noaptea.<\/strong> care permit un r\u0103spuns fiabil p\u00e2n\u0103 la ultima lovitur\u0103 de sear\u0103.<\/p>\n\t\t<\/div>\n\t\t\t\t\t<\/div>\n\n\t\n\n\t<div id=\"col-625172190\" class=\"col medium-4 small-12 large-4\"  >\n\t\t\t\t<div class=\"col-inner\"  >\n\t\t\t\n\t\t\t\n<a class=\"button primary expand\" >\n\t\t<span>Caracteristici speciale lunet\u0103<\/span>\n\t<\/a>\n\n\n\t<section class=\"section\" id=\"section_1436644142\">\n\t\t<div class=\"section-bg fill\" >\n\t\t\t\t\t\t\t\t\t<div class=\"section-bg-overlay absolute fill\"><\/div>\n\t\t\t\n\n\t\t<\/div>\n\n\t\t\n\n\t\t<div class=\"section-content relative\">\n\t\t\t\n\t<div class=\"img has-hover x md-x lg-x y md-y lg-y\" id=\"image_1041252111\">\n\t\t<a class=\"\" href=\"https:\/\/www.ddoptics.de\/garantiebestimmungen\" target=\"_blank\" rel=\"no follow noopener\">\t\t\t\t\t\t<div class=\"img-inner dark\" >\n\t\t\t<img decoding=\"async\" width=\"352\" height=\"160\" src=\"https:\/\/ddoptics.shop\/wp-content\/uploads\/2014\/09\/DDoptics-Garantie.jpg\" class=\"attachment-large size-large\" alt=\"Garan\u021bia DDoptics\" srcset=\"https:\/\/ddoptics.shop\/wp-content\/uploads\/2014\/09\/DDoptics-Garantie.jpg 352w, https:\/\/ddoptics.shop\/wp-content\/uploads\/2014\/09\/DDoptics-Garantie-304x138.jpg 304w, https:\/\/ddoptics.shop\/wp-content\/uploads\/2014\/09\/DDoptics-Garantie-305x139.jpg 305w, https:\/\/ddoptics.shop\/wp-content\/uploads\/2014\/09\/DDoptics-Garantie-250x114.jpg 250w\" sizes=\"(max-width: 352px) 100vw, 352px\" title=\"\">\t\t\t\t\t\t\n\t\t\t\t\t<\/div>\n\t\t\t\t\t\t<\/a>\t\t\n<style>\n#image_1041252111 {\n  width: 100%;\n}\n<\/style>\n\t<\/div>\n\t\n\t<div id=\"gap-744054928\" class=\"gap-element clearfix\" style=\"display:block; height:auto;\">\n\t\t\n<style>\n#gap-744054928 {\n  padding-top: 15px;\n}\n<\/style>\n\t<\/div>\n\t\n\t<div id=\"text-2163091535\" class=\"text\">\n\t\t\n<p><span style=\"font-size: 80%;\"><em>\u21d2 DDMP - DDoptics Match Precision<br \/>\n\u21d2 Perfect pentru \u021binta\u0219ul exigent<br \/>\n\u21d2 Intervalul de reglare de 30 MRAD permite fotografii extrem de lungi<br \/>\n\u21d2 Tub robust de 34 mm<br \/>\n\u21d2 Turele metalice tactice mari (f\u0103r\u0103 plastic)<br \/>\n\u21d2 Scalare dubl\u0103 (\u00eentoarcere dubl\u0103)<br \/>\n\u21d2 Oprire zero intern\u0103 pentru ASV (oprire zero)<br \/>\n\u21d2 Detent tactic dur de 0,1 MRAD cu clic (1cm\/clic)<br \/>\n\u21d2 O revolu\u021bie = 10 MRAD<br \/>\n\u21d2 Noul reticul tacA \u00een primul plan focal<br \/>\n\u21d2 Nivelare paralax\u0103 puternic\u0103 cu 25-1000-\u221e<br \/>\n<\/em><\/span><\/p>\n\t\t\n<style>\n#text-2163091535 {\n  line-height: 1.15;\n  color: rgb(33, 107, 227);\n}\n#text-2163091535 > * {\n  color: rgb(33, 107, 227);\n}\n<\/style>\n\t<\/div>\n\t\n\t\t<\/div>\n\n\t\t\n<style>\n#section_1436644142 {\n  padding-top: 30px;\n  padding-bottom: 30px;\n  background-color: rgb(232, 232, 232);\n}\n#section_1436644142 .section-bg-overlay {\n  background-color: rgba(255,255,255,.5);\n}\n<\/style>\n\t<\/section>\n\t\n<div class=\"is-divider divider clearfix\" ><\/div>\n\t\t<\/div>\n\t\t\t\t\t<\/div>\n\n\t\n<\/div>\n\t<div class=\"img has-hover x md-x lg-x y md-y lg-y\" id=\"image_1544354358\">\n\t\t\t\t\t\t\t\t<div class=\"img-inner dark\" >\n\t\t\t<img decoding=\"async\" width=\"1020\" height=\"492\" src=\"https:\/\/ddoptics.shop\/wp-content\/uploads\/2016\/04\/2_5-10x56-1600x772.jpg\" class=\"attachment-large size-large\" alt=\"luneta DDoptics 2.5-10x56\" srcset=\"https:\/\/ddoptics.shop\/wp-content\/uploads\/2016\/04\/2_5-10x56-1600x772.jpg 1600w, https:\/\/ddoptics.shop\/wp-content\/uploads\/2016\/04\/2_5-10x56-scaled-304x147.jpg 304w, https:\/\/ddoptics.shop\/wp-content\/uploads\/2016\/04\/2_5-10x56-scaled-305x147.jpg 305w, https:\/\/ddoptics.shop\/wp-content\/uploads\/2016\/04\/2_5-10x56-scaled-632x305.jpg 632w, https:\/\/ddoptics.shop\/wp-content\/uploads\/2016\/04\/2_5-10x56-800x386.jpg 800w, https:\/\/ddoptics.shop\/wp-content\/uploads\/2016\/04\/2_5-10x56-scaled-250x121.jpg 250w, https:\/\/ddoptics.shop\/wp-content\/uploads\/2016\/04\/2_5-10x56-scaled-510x246.jpg 510w\" sizes=\"(max-width: 1020px) 100vw, 1020px\" title=\"\">\t\t\t\t\t\t\n\t\t\t\t\t<\/div>\n\t\t\t\t\t\t\t\t\n<style>\n#image_1544354358 {\n  width: 100%;\n}\n<\/style>\n\t<\/div>\n\t\n<h3>A4N nou dezvoltat \u201cReticul 4 pe planul focal 2\u201d<\/h3>\n<p>The <strong>nou dezvoltat \u201cNew Reticle 4\u201d <\/strong>de la DDoptics face <strong>mai mult spa\u021biu pentru un r\u0103spuns curat.<br \/>\n<\/strong><\/p>\n<figure id=\"attachment_1951\" aria-describedby=\"caption-attachment-1951\" style=\"width: 250px\" class=\"wp-caption alignright\"><a href=\"https:\/\/ddoptics.shop\/wp-content\/uploads\/2016\/04\/Neues-DDoptics-Absehen.jpg\" rel=\"attachment wp-att-1951\"><img decoding=\"async\" class=\"wp-image-1951\" src=\"https:\/\/ddoptics.shop\/wp-content\/uploads\/2016\/04\/Neues-DDoptics-Absehen-340x340.jpg\" alt=\"Noul reticul DDoptics 4\" width=\"250\" height=\"199\" title=\"\" srcset=\"https:\/\/ddoptics.shop\/wp-content\/uploads\/2016\/04\/Neues-DDoptics-Absehen-304x242.jpg 304w, https:\/\/ddoptics.shop\/wp-content\/uploads\/2016\/04\/Neues-DDoptics-Absehen-305x243.jpg 305w, https:\/\/ddoptics.shop\/wp-content\/uploads\/2016\/04\/Neues-DDoptics-Absehen-632x503.jpg 632w, https:\/\/ddoptics.shop\/wp-content\/uploads\/2016\/04\/Neues-DDoptics-Absehen.jpg 800w, https:\/\/ddoptics.shop\/wp-content\/uploads\/2016\/04\/Neues-DDoptics-Absehen-250x199.jpg 250w, https:\/\/ddoptics.shop\/wp-content\/uploads\/2016\/04\/Neues-DDoptics-Absehen-510x406.jpg 510w\" sizes=\"(max-width: 250px) 100vw, 250px\" \/><\/a><figcaption id=\"caption-attachment-1951\" class=\"wp-caption-text\">Noul reticul DDoptics 4<\/figcaption><\/figure>\n<p>Pentru a v\u0103 oferi <strong>Avantaj decisiv prin \u201cmai mult\u0103 viziune\u201d<\/strong> DDoptics a redus barele groase la jum\u0103tate din grosimea normal\u0103 a reticulului 4 \u0219i a dublat distan\u021ba (centrul) dintre barele groase.<\/p>\n<p><strong>\u00centreaga imagine arat\u0103 <\/strong>cu noul<strong> Reticul nou Reticul 4 mai luminos, mai mare \u0219i mai clar.<\/strong> Cu toate acestea, pute\u021bi vedea bine reticulul pe timp de noapte.<\/p>\n<p>Noul reticul 4 este situat \u00een <strong>Planul imaginii ocularului (al doilea plan al imaginii)<\/strong> \u0219i astfel r\u0103m\u00e2ne cu <strong>Schimbarea m\u0103ririi are \u00eentotdeauna aceea\u0219i dimensiune.<\/strong><\/p>\n<p>The <strong>luneta DDoptics are o ajustare tactic\u0103 de 0,1 MRAD<\/strong>, i.e. <strong>pe clic<\/strong> a <strong>Reticul de 0,1 MRAD, adic\u0103 de 1 centimetru la 100 de metri<\/strong>.<\/p>\n<p>Pentru utilizatorul din Europa, aceasta \u00eenseamn\u0103 utilizarea simpl\u0103 \u00een sistemul zecimal. Reglarea prin clic func\u021bioneaz\u0103 cu o precizie absolut\u0103 a repet\u0103rii \u0219i poate fi pur \u0219i simplu resetat\u0103 la zero la c\u00e2ntar dup\u0103 introducere.<\/p>\n<p>Interval total de reglare a reticulului:<\/p>\n<ul>\n<li>26.0 MRAD - 260 clicuri - 2,6 m<\/li>\n<li>Curs\u0103 de reglare \/ clic pe 100 m: 1 cm<\/li>\n<li>Interval de reglare \/ clic la 200 m: 2 cm<\/li>\n<li>Interval de reglare \/ clic la 300 m: 3 cm<\/li>\n<li>Curs\u0103 de reglare \/ clic la 600 m: 6 cm<\/li>\n<\/ul>\n<p>The <strong>Reglarea prin clic func\u021bioneaz\u0103 cu o precizie absolut\u0103 a repet\u0103rii<\/strong> \u0219i poate fi resetat la zero dup\u0103 tragere (\u00een cazul \u00een care sunt utilizate mai multe \u00eenc\u0103rc\u0103turi). Caracteristicile <strong>Nivelator de paralax\u0103 montat lateral<\/strong> (de la 20 de metri la infinit) <strong>Protejeaz\u0103 \u00eempotriva vederilor \u00eenclinate<\/strong> \u0219i asigur\u0103, de asemenea, o imagine extrem de clar\u0103 \u0219i f\u0103r\u0103 oboseal\u0103 la toate set\u0103rile de m\u0103rire.<\/p>\n<h3>Execu\u021bie robust\u0103, instalare simpl\u0103<\/h3>\n<p>The <strong>DDoptics Nighteagle 2.5-10\u00d756 Gen 3 este umplut cu azot \u0219i, prin urmare, complet impermeabil<\/strong> <strong>\u0219i protejate \u00eempotriva fitingurilor interne.<\/strong> Tubul de vizare telescopic (diametru: 30 mm, lungime: 349 mm, greutate: 670 g) este fabricat dintr-o singur\u0103 bucat\u0103 de duraluminiu \u0219i anodizat dur. Acest nou tip de acoperire este deosebit de neted, respinge murd\u0103ria \u0219i este extrem de rezistent la zg\u00e2rieturi.<\/p>\n<h3>Punct luminat de lunet\u0103 cu dimmabilitate fin\u0103<\/h3>\n<p>The <strong>Punct de lumin\u0103 din fibr\u0103 de sticl\u0103<\/strong>, (op\u021bional, pentru un cost suplimentar de 99 \u20ac, \u0219i \u00een <strong>versiune automat\u0103 IFiber<\/strong> disponibil) de la DDoptics este echipat cu circuite electronice complet reproiectate \u0219i este suficient de mic pentru a minimiza ocluzia \u021bintei.<\/p>\n<p>Datorit\u0103 <strong>tehnologie cu fibr\u0103 optic\u0103, spotul luminos este atenuat la o<\/strong> nu numai mai \u00eentunecate, ci \u0219i mai fine. Modelul <strong>Punctul luminos poate fi atenuat continuu cu 100 %,<\/strong> p\u00e2n\u0103 c\u00e2nd nu mai poate fi v\u0103zut cu ochiul uman.<\/p>\n<p>Astfel, reticulul ac\u021bioneaz\u0103 ca o \u021bint\u0103 optic\u0103 f\u0103r\u0103 o unitate de lumin\u0103. Cu <strong>activat punct luminat<\/strong> \u00cen schimb, nu exist\u0103 str\u0103luciri sau reflexii deranjante \u00een cadrul opticii. Deoarece unitatea de iluminat este produs\u0103 manual, cerin\u021bele speciale ale clien\u021bilor pot fi luate \u00een considerare individual.<\/p>\n<h3>Vedere telescopic\u0103 - reglarea distan\u021bei ochiului \u0219i a dioptriilor<\/h3>\n<p>Relieful ochiului este mai mult dec\u00e2t adecvat 100mm. Pentru <strong>este necesar\u0103 doar o jum\u0103tate de rota\u021bie pentru \u00eentreaga gam\u0103 de m\u0103riri<\/strong>. Reglarea dioptriilor (de la -3 la +3) poate fi efectuat\u0103 cu u\u0219urin\u021b\u0103 pe cap\u0103tul cauciucat al ocularului, cu ajutorul unui reglaj cu nervuri.<\/p>","protected":false},"excerpt":{"rendered":"<p><img decoding=\"async\" class=\"alignnone wp-image-10168 size-full\" title=\"V\u00e2n\u0103toare de mistre\u021bi\" src=\"https:\/\/ddoptics.shop\/wp-content\/uploads\/2016\/09\/Jagd-klein.jpg\" alt=\"Binoclu de v\u00e2n\u0103toare\" width=\"50\" height=\"50\" \/><img decoding=\"async\" class=\"alignnone wp-image-10166 size-full\" title=\"V\u00e2n\u0103toare de noapte\" src=\"https:\/\/ddoptics.shop\/wp-content\/uploads\/2016\/09\/Astronomie-klein.jpg\" alt=\"Binoclu astronomic\" width=\"50\" height=\"50\" \/><a href=\"https:\/\/ddoptics.shop\/wp-content\/uploads\/2016\/04\/Ansitz-Jagd.jpg\"><img decoding=\"async\" class=\"alignnone wp-image-10471 size-full\" title=\"Stand de v\u00e2n\u0103toare\" src=\"https:\/\/ddoptics.shop\/wp-content\/uploads\/2016\/04\/Ansitz-Jagd.jpg\" alt=\"Stand de v\u00e2n\u0103toare\" width=\"50\" height=\"50\" \/><\/a><br \/>\nThe <strong>Nighteagle 2.5-10\u00d756 Gen 3 lunet\u0103 universal\u0103 de \u00eenalt\u0103 intensitate<\/strong>\u00a0cu <strong>Zoom 4x \u0219i <span style=\"color: #ff0000;\">reticul nou dezvoltat 4<\/span> convins <\/strong>datorit\u0103 versatilit\u0103\u021bii sale la urm\u0103rirea \u0219i a\u0219ezarea v\u00e2natului. <strong>Op\u021bional, cu sistem inteligent <a title=\"NOU DDoptics IFiber punct luminat\" href=\"\/ro\/termen-tehnic-wiki\/inteligent-ddoptics-ifiber-light-point\/\" target=\"_blank\" rel=\"noopener noreferrer\">Punct de lumin\u0103 IFibre<\/a> pentru doar 99,- \u20ac tax\u0103 suplimentar\u0103.<\/strong><\/p>","protected":false},"featured_media":12201,"comment_status":"open","ping_status":"closed","template":"","meta":{"inline_featured_image":false,"footnotes":""},"product_brand":[],"product_cat":[477,454,949,638,697,918,637,68],"product_tag":[165,78,80,698,1098,79],"class_list":{"0":"post-12196","1":"product","2":"type-product","3":"status-publish","4":"has-post-thumbnail","6":"product_cat-25-10x56","7":"product_cat-56-mm-objektivdurchmesser","8":"product_cat-messeaktion","9":"product_cat-ansitzjagd","10":"product_cat-mrad-klickverstellung","11":"product_cat-v4-4fach-zoom","12":"product_cat-zf-anwendung","13":"product_cat-zielfernrohr","14":"product_tag-2-5-10x56","15":"product_tag-ddoptics","16":"product_tag-gen-3","17":"product_tag-mrad-1-cm-klickverstellung","18":"product_tag-nighteagle","19":"product_tag-zielfernrohr","20":"product_shipping_class-paket","21":"pa_brand-marke-ddoptics","22":"pa_produkt-typ-zielfernrohr","24":"first","25":"instock","26":"sale","27":"taxable","28":"shipping-taxable","29":"purchasable","30":"product-type-bundle"},"bundled_by":[],"bundle_stock_status":"instock","bundle_stock_quantity":43,"bundle_virtual":false,"bundle_layout":"default","bundle_add_to_cart_form_location":"default","bundle_editable_in_cart":false,"bundle_sold_individually_context":"product","bundle_item_grouping":"parent","bundle_min_size":"","bundle_max_size":"","bundle_price":{"price":{"min":{"incl_tax":"896.01","excl_tax":"746.68"},"max":{"incl_tax":"1000.32","excl_tax":"833.6"}},"regular_price":{"min":{"incl_tax":"944.01","excl_tax":"786.68"},"max":{"incl_tax":"1059.9","excl_tax":"883.25"}}},"bundled_items":[{"bundled_item_id":64,"product_id":12809,"menu_order":0,"quantity_min":1,"quantity_max":1,"quantity_default":1,"priced_individually":true,"shipped_individually":false,"override_title":true,"title":"","override_description":false,"description":"","optional":false,"hide_thumbnail":true,"discount":"","override_variations":true,"allowed_variations":[12810,12811],"override_default_variation_attributes":false,"default_variation_attributes":[],"single_product_visibility":"visible","cart_visibility":"visible","order_visibility":"visible","single_product_price_visibility":"visible","cart_price_visibility":"visible","order_price_visibility":"visible","stock_status":"in_stock"},{"bundled_item_id":65,"product_id":12812,"menu_order":1,"quantity_min":1,"quantity_max":1,"quantity_default":1,"priced_individually":true,"shipped_individually":false,"override_title":true,"title":"Aproape un cadou - capace flip","override_description":false,"description":"","optional":true,"hide_thumbnail":false,"discount":"68.55","override_variations":true,"allowed_variations":[12816],"override_default_variation_attributes":true,"default_variation_attributes":[{"id":17,"name":"Dimensiunea lunetei","option":"25-10x56"}],"single_product_visibility":"visible","cart_visibility":"visible","order_visibility":"visible","single_product_price_visibility":"visible","cart_price_visibility":"visible","order_price_visibility":"visible","stock_status":"in_stock"}],"bundle_sell_ids":[],"_links":{"self":[{"href":"https:\/\/ddoptics.shop\/ro\/wp-json\/wp\/v2\/product\/12196","targetHints":{"allow":["GET"]}}],"collection":[{"href":"https:\/\/ddoptics.shop\/ro\/wp-json\/wp\/v2\/product"}],"about":[{"href":"https:\/\/ddoptics.shop\/ro\/wp-json\/wp\/v2\/types\/product"}],"replies":[{"embeddable":true,"href":"https:\/\/ddoptics.shop\/ro\/wp-json\/wp\/v2\/comments?post=12196"}],"version-history":[{"count":14,"href":"https:\/\/ddoptics.shop\/ro\/wp-json\/wp\/v2\/product\/12196\/revisions"}],"predecessor-version":[{"id":29224,"href":"https:\/\/ddoptics.shop\/ro\/wp-json\/wp\/v2\/product\/12196\/revisions\/29224"}],"wp:featuredmedia":[{"embeddable":true,"href":"https:\/\/ddoptics.shop\/ro\/wp-json\/wp\/v2\/media\/12201"}],"wp:attachment":[{"href":"https:\/\/ddoptics.shop\/ro\/wp-json\/wp\/v2\/media?parent=12196"}],"wp:term":[{"taxonomy":"product_brand","embeddable":true,"href":"https:\/\/ddoptics.shop\/ro\/wp-json\/wp\/v2\/product_brand?post=12196"},{"taxonomy":"product_cat","embeddable":true,"href":"https:\/\/ddoptics.shop\/ro\/wp-json\/wp\/v2\/product_cat?post=12196"},{"taxonomy":"product_tag","embeddable":true,"href":"https:\/\/ddoptics.shop\/ro\/wp-json\/wp\/v2\/product_tag?post=12196"}],"curies":[{"name":"wp","href":"https:\/\/api.w.org\/{rel}","templated":true}]}}