{"id":12611,"date":"2018-06-15T11:01:20","date_gmt":"2018-06-15T09:01:20","guid":{"rendered":"https:\/\/ddoptics.shop\/?post_type=product&#038;p=12611"},"modified":"2025-07-03T13:49:55","modified_gmt":"2025-07-03T11:49:55","slug":"ddoptics-nighteagle-ergo-12x56-binoclu","status":"publish","type":"product","link":"https:\/\/ddoptics.shop\/ro\/kaufen\/ddoptics-nighteagle-ergo-12x56-fernglas\/","title":{"rendered":"DDoptics Nighteagle ERGO 12\u00d756 Gen 3.1 binoclu"},"content":{"rendered":"<div class=\"row\"  id=\"row-1998534789\">\n\n\t<div id=\"col-1638147779\" class=\"col medium-8 small-12 large-8\"  >\n\t\t\t\t<div class=\"col-inner\"  >\n\t\t\t\n\t\t\t\n<div>\n<h2>DDoptics Nighteagle ERGO <a href=\"https:\/\/ddoptics.shop\/ro\/magazin\/binoclu\/binoclu-cu-marire\/12x-imbunatatire\/\" target=\"_blank\" rel=\"noopener\" data-schema-attribute=\"\">12<\/a>Binoclu x56 Gen 3.1 | Binoclu rapid, mic \u0219i u\u0219or pentru toate scopurile<\/h2>\n<p>Noul <strong>Nighteagle Ergo 12\u00d756<\/strong> este mai mult dec\u00e2t genera\u021bia urm\u0103toare - este o solu\u021bie f\u0103r\u0103 compromisuri pentru cei care a\u0219teapt\u0103 performan\u021b\u0103 cu greutate redus\u0103 la un pre\u021b moderat.<\/p>\n<p>\u00cen ciuda greut\u0103\u021bii sale reduse de doar 940 g, modelul <strong>12\u00d756 Nighteagle Ergo<\/strong> performan\u021b\u0103 incredibil\u0103 care dep\u0103\u0219e\u0219te majoritatea binoclurilor din gama de pre\u021buri de 400 de euro. Caracteristicile <strong>Nighteagle Ergo 12\u00d756 este predestinat pentru toate observa\u021biile naturii la distan\u021be mai mari<\/strong>.<\/p>\n<h3>Noua genera\u021bie DDoptics ERGO 3.1<\/h3>\n<p>Noua genera\u021bie 3.1 a fost \u00eembun\u0103t\u0103\u021bit\u0103 \u00een continuare: <strong>Roata de focalizare \u0219i dioptriile<\/strong> sunt realizate din metal robust. \u00cen ansamblu, binoclul a fost f\u0103cut cu 20 de grame mai u\u0219or. \u00cen plus, modelul <strong>Cupe pentru ochi cu un mecanism inovator de blocare \u00een Z<\/strong> furnizate.<\/p>\n<\/div>\n\t\t<\/div>\n\t\t\t\t\n<style>\n#col-1638147779 > .col-inner {\n  margin: 0px 0px -30px 0px;\n}\n<\/style>\n\t<\/div>\n\n\t\n\n\t<div id=\"col-887997594\" class=\"col medium-4 small-12 large-4\"  >\n\t\t\t\t<div class=\"col-inner\"  >\n\t\t\t\n\t\t\t\n\t<div class=\"img has-hover x md-x lg-x y md-y lg-y\" id=\"image_1680977528\">\n\t\t\t\t\t\t\t\t<div class=\"img-inner dark\" >\n\t\t\t\t\t\t\t\t\t\n\t\t\t\t\t<\/div>\n\t\t\t\t\t\t\t\t\n<style>\n#image_1680977528 {\n  width: 100%;\n}\n<\/style>\n\t<\/div>\n\t\n\t<div class=\"img has-hover x md-x lg-x y md-y lg-y\" id=\"image_1805182867\">\n\t\t<a class=\"\" href=\"https:\/\/www.shop.ddoptics.de\/garantiebestimmungen\" target=\"_blank\" rel=\"noopener\">\t\t\t\t\t\t<div class=\"img-inner dark\" >\n\t\t\t<img decoding=\"async\" width=\"352\" height=\"160\" src=\"https:\/\/ddoptics.shop\/wp-content\/uploads\/2014\/09\/DDoptics-Garantie.jpg\" class=\"attachment-large size-large\" alt=\"Garan\u021bia DDoptics\" srcset=\"https:\/\/ddoptics.shop\/wp-content\/uploads\/2014\/09\/DDoptics-Garantie.jpg 352w, https:\/\/ddoptics.shop\/wp-content\/uploads\/2014\/09\/DDoptics-Garantie-304x138.jpg 304w, https:\/\/ddoptics.shop\/wp-content\/uploads\/2014\/09\/DDoptics-Garantie-305x139.jpg 305w, https:\/\/ddoptics.shop\/wp-content\/uploads\/2014\/09\/DDoptics-Garantie-250x114.jpg 250w\" sizes=\"(max-width: 352px) 100vw, 352px\" title=\"\">\t\t\t\t\t\t\n\t\t\t\t\t<\/div>\n\t\t\t\t\t\t<\/a>\t\t\n<style>\n#image_1805182867 {\n  width: 100%;\n}\n<\/style>\n\t<\/div>\n\t\n<h3>Date despre binoclul DDoptics EDX<\/h3>\n\n\t\t<div class=\"icon-box featured-box icon-box-left text-left\"  >\n\t\t\t\t\t<div class=\"icon-box-img\" style=\"width: 32px\">\n\t\t\t\t<div class=\"icon\">\n\t\t\t\t\t<div class=\"icon-inner\" >\n\t\t\t\t\t\t<img decoding=\"async\" width=\"100\" height=\"83\" src=\"https:\/\/ddoptics.shop\/wp-content\/uploads\/2021\/05\/DDoptics-SHG-Icon.jpg\" class=\"attachment-medium size-medium\" alt=\"DDoptics SHG Binoclu Icon\" title=\"\">\t\t\t\t\t<\/div>\n\t\t\t\t<\/div>\n\t\t\t<\/div>\n\t\t\t\t<div class=\"icon-box-text last-reset\">\n\t\t\t\t\t\t\t\t\t\n<p><span data-sheets-value=\"{&quot;1&quot;:2,&quot;2&quot;:&quot;\u2705&quot;}\" data-sheets-userformat=\"{&quot;2&quot;:15297,&quot;3&quot;:{&quot;1&quot;:0},&quot;9&quot;:0,&quot;10&quot;:2,&quot;11&quot;:0,&quot;12&quot;:0,&quot;14&quot;:{&quot;1&quot;:2,&quot;2&quot;:0},&quot;15&quot;:&quot;Calibri, sans-serif&quot;,&quot;16&quot;:11}\">Oglind\u0103 dielectric\u0103<br \/>\n<\/span><\/p>\n\t\t<\/div>\n\t<\/div>\n\t\n\t\n\n\t\t<div class=\"icon-box featured-box icon-box-left text-left\"  >\n\t\t\t\t\t<div class=\"icon-box-img\" style=\"width: 32px\">\n\t\t\t\t<div class=\"icon\">\n\t\t\t\t\t<div class=\"icon-inner\" >\n\t\t\t\t\t\t<img decoding=\"async\" width=\"100\" height=\"83\" src=\"https:\/\/ddoptics.shop\/wp-content\/uploads\/2021\/05\/DDoptics-SHG-Icon.jpg\" class=\"attachment-medium size-medium\" alt=\"DDoptics SHG Binoclu Icon\" title=\"\">\t\t\t\t\t<\/div>\n\t\t\t\t<\/div>\n\t\t\t<\/div>\n\t\t\t\t<div class=\"icon-box-text last-reset\">\n\t\t\t\t\t\t\t\t\t\n<p>\u2705 <span data-sheets-value=\"{&quot;1&quot;:2,&quot;2&quot;:&quot;\u2705&quot;}\" data-sheets-userformat=\"{&quot;2&quot;:15297,&quot;3&quot;:{&quot;1&quot;:0},&quot;9&quot;:0,&quot;10&quot;:2,&quot;11&quot;:0,&quot;12&quot;:0,&quot;14&quot;:{&quot;1&quot;:2,&quot;2&quot;:0},&quot;15&quot;:&quot;Calibri, sans-serif&quot;,&quot;16&quot;:11}\"><strong>Cel mai luminos geam din seria Ergo<\/strong> pentru v\u00e2n\u0103toarea pe timp de noapte<\/span><\/p>\n\t\t<\/div>\n\t<\/div>\n\t\n\t\n\n\t\t<div class=\"icon-box featured-box icon-box-left text-left\"  >\n\t\t\t\t\t<div class=\"icon-box-img\" style=\"width: 32px\">\n\t\t\t\t<div class=\"icon\">\n\t\t\t\t\t<div class=\"icon-inner\" >\n\t\t\t\t\t\t<img decoding=\"async\" width=\"100\" height=\"83\" src=\"https:\/\/ddoptics.shop\/wp-content\/uploads\/2021\/05\/DDoptics-SHG-Icon.jpg\" class=\"attachment-medium size-medium\" alt=\"DDoptics SHG Binoclu Icon\" title=\"\">\t\t\t\t\t<\/div>\n\t\t\t\t<\/div>\n\t\t\t<\/div>\n\t\t\t\t<div class=\"icon-box-text last-reset\">\n\t\t\t\t\t\t\t\t\t\n<p>\u2705 <span data-sheets-value=\"{&quot;1&quot;:2,&quot;2&quot;:&quot;\u2705&quot;}\" data-sheets-userformat=\"{&quot;2&quot;:15297,&quot;3&quot;:{&quot;1&quot;:0},&quot;9&quot;:0,&quot;10&quot;:2,&quot;11&quot;:0,&quot;12&quot;:0,&quot;14&quot;:{&quot;1&quot;:2,&quot;2&quot;:0},&quot;15&quot;:&quot;Calibri, sans-serif&quot;,&quot;16&quot;:11}\">Oglind\u0103 dielectric\u0103<\/span><\/p>\n\t\t<\/div>\n\t<\/div>\n\t\n\t\n\n\t\t<div class=\"icon-box featured-box icon-box-left text-left\"  >\n\t\t\t\t\t<div class=\"icon-box-img\" style=\"width: 32px\">\n\t\t\t\t<div class=\"icon\">\n\t\t\t\t\t<div class=\"icon-inner\" >\n\t\t\t\t\t\t<img decoding=\"async\" width=\"100\" height=\"83\" src=\"https:\/\/ddoptics.shop\/wp-content\/uploads\/2021\/05\/DDoptics-SHG-Icon.jpg\" class=\"attachment-medium size-medium\" alt=\"DDoptics SHG Binoclu Icon\" title=\"\">\t\t\t\t\t<\/div>\n\t\t\t\t<\/div>\n\t\t\t<\/div>\n\t\t\t\t<div class=\"icon-box-text last-reset\">\n\t\t\t\t\t\t\t\t\t\n<p>\u2705 <span data-sheets-value=\"{&quot;1&quot;:2,&quot;2&quot;:&quot;\u2705&quot;}\" data-sheets-userformat=\"{&quot;2&quot;:15297,&quot;3&quot;:{&quot;1&quot;:0},&quot;9&quot;:0,&quot;10&quot;:2,&quot;11&quot;:0,&quot;12&quot;:0,&quot;14&quot;:{&quot;1&quot;:2,&quot;2&quot;:0},&quot;15&quot;:&quot;Calibri, sans-serif&quot;,&quot;16&quot;:11}\">Lumin\u0103 \u0219i contrast ridicate + Fine\u021be bun\u0103 a marginilor<\/span><\/p>\n\t\t<\/div>\n\t<\/div>\n\t\n\t\n\n\t\t<div class=\"icon-box featured-box icon-box-left text-left\"  >\n\t\t\t\t\t<div class=\"icon-box-img\" style=\"width: 32px\">\n\t\t\t\t<div class=\"icon\">\n\t\t\t\t\t<div class=\"icon-inner\" >\n\t\t\t\t\t\t<img decoding=\"async\" width=\"100\" height=\"83\" src=\"https:\/\/ddoptics.shop\/wp-content\/uploads\/2021\/05\/DDoptics-SHG-Icon.jpg\" class=\"attachment-medium size-medium\" alt=\"DDoptics SHG Binoclu Icon\" title=\"\">\t\t\t\t\t<\/div>\n\t\t\t\t<\/div>\n\t\t\t<\/div>\n\t\t\t\t<div class=\"icon-box-text last-reset\">\n\t\t\t\t\t\t\t\t\t\n<p>\u2705 <span data-sheets-value=\"{&quot;1&quot;:2,&quot;2&quot;:&quot;\u2705&quot;}\" data-sheets-userformat=\"{&quot;2&quot;:15297,&quot;3&quot;:{&quot;1&quot;:0},&quot;9&quot;:0,&quot;10&quot;:2,&quot;11&quot;:0,&quot;12&quot;:0,&quot;14&quot;:{&quot;1&quot;:2,&quot;2&quot;:0},&quot;15&quot;:&quot;Calibri, sans-serif&quot;,&quot;16&quot;:11}\">Pre\u021b - performan\u021b\u0103 profesional\u0103<\/span><\/p>\n\t\t<\/div>\n\t<\/div>\n\t\n\t\n\n\t\t<div class=\"icon-box featured-box icon-box-left text-left\"  >\n\t\t\t\t\t<div class=\"icon-box-img\" style=\"width: 32px\">\n\t\t\t\t<div class=\"icon\">\n\t\t\t\t\t<div class=\"icon-inner\" >\n\t\t\t\t\t\t<img decoding=\"async\" width=\"100\" height=\"83\" src=\"https:\/\/ddoptics.shop\/wp-content\/uploads\/2021\/05\/DDoptics-SHG-Icon.jpg\" class=\"attachment-medium size-medium\" alt=\"DDoptics SHG Binoclu Icon\" title=\"\">\t\t\t\t\t<\/div>\n\t\t\t\t<\/div>\n\t\t\t<\/div>\n\t\t\t\t<div class=\"icon-box-text last-reset\">\n\t\t\t\t\t\t\t\t\t\n<p>\u2705 <span data-sheets-value=\"{&quot;1&quot;:2,&quot;2&quot;:&quot;\u2705&quot;}\" data-sheets-userformat=\"{&quot;2&quot;:15297,&quot;3&quot;:{&quot;1&quot;:0},&quot;9&quot;:0,&quot;10&quot;:2,&quot;11&quot;:0,&quot;12&quot;:0,&quot;14&quot;:{&quot;1&quot;:2,&quot;2&quot;:0},&quot;15&quot;:&quot;Calibri, sans-serif&quot;,&quot;16&quot;:11}\">Sticl\u0103 CT cu dispersie redus\u0103<\/span><\/p>\n\t\t<\/div>\n\t<\/div>\n\t\n\t\n\t\t<\/div>\n\t\t\t\t\t<\/div>\n\n\t\n<\/div>\n<h3>Vede\u021bi lucrurile mai clar, indiferent de lumin\u0103.<\/h3>\n<p>Fie \u00een timpul zilei sau la asfin\u021bit, cel mai bun mod de a experimenta un <strong>impresia vizual\u0103 atunci c\u00e2nd este complet natural\u0103 \u0219i fidel\u0103 culorii<\/strong> apare.<\/p>\n<p>Noul aspect al Nighteagle <strong>12\u00d756 ERGO 3.1<\/strong> d\u0103 spectatorului sentimentul c\u0103 tr\u0103ie\u0219te o realitate str\u0103lucitoare, \u00een care Nighteagle surprinde \u00eentotdeauna \u00eentr-un mod pozitiv. <strong>Franjuri de culoare \u0219i reprezent\u0103ri eronate ale culorilor<\/strong> este greu de observat cu aceste binocluri, o linie dreapt\u0103 r\u0103m\u00e2ne o linie dreapt\u0103 chiar \u0219i la margini.<\/p>\n<h3>Mai luminos, mai u\u0219or, contrast mai mare - ERGO 12\u00d756 Gen. 3.1<\/h3>\n<p>Dac\u0103 fiecare deget al unei perechi de binocluri \u0219tie unde \u00eei este locul, dac\u0103 ave\u021bi senza\u021bia c\u0103 \u021bine\u021bi \u00een m\u00e2n\u0103 o pereche de binocluri u\u0219oare \u0219i mici \u0219i dac\u0103 aceste binocluri sunt totu\u0219i mai luminoase \u0219i mai contrastante dec\u00e2t a\u021bi crezut anterior c\u0103 este posibil cu o astfel de greutate redus\u0103, atunci am f\u0103cut totul bine.<\/p>\n<h3>G\u0103si\u021bi punctul focal chiar \u0219i \u00een \u00eentuneric (Smart Focus 50m-infinit)<\/h3>\n<p>Avantajos \u00een <strong>\u00cen amurg sau noaptea este Smart Focus:<\/strong> Aceast\u0103 tehnic\u0103 elimin\u0103 \u00een mare m\u0103sur\u0103 nevoia de refocalizare cu Nighteagle.<br \/>\nDup\u0103 ce focalizeaz\u0103 un obiect aflat la o distan\u021b\u0103 de aproximativ 100 de metri, ochiul se regleaz\u0103 automat \u00een intervalul de distan\u021be de la 50 de metri la infinit, f\u0103r\u0103 o refocalizare constant\u0103.<\/p>\n<h3>Reglare u\u0219oar\u0103 a func\u021biei 50 m la infinit<\/h3>\n<p>Noul DDoptics <strong>Nighteagle ERGO 12\u00d756 3.1<\/strong> a treia genera\u021bie a devenit pu\u021bin mai asem\u0103n\u0103toare cu \u201cfratele s\u0103u mai mare\u201d, Pirschler Gen 3. Noul Nighteagle are, de asemenea, un marker de linie tactil care v\u0103 permite s\u0103 ghida\u021bi cu u\u0219urin\u021b\u0103 binoclul \u00eenapoi \u00een focalizare ziua \u0219i noaptea.<\/p>\n<p>Pentru <strong>La reglarea pe timp de noapte, marcajul tactil al liniei de pe roata de focalizare<\/strong> pur \u0219i simplu \u00eentors la \u201cpartea de sus\u201d \u0219i imaginea este clar\u0103.<\/p>","protected":false},"excerpt":{"rendered":"<p><img decoding=\"async\" class=\"alignnone wp-image-10471 size-full\" title=\"Stand de v\u00e2n\u0103toare\" src=\"https:\/\/ddoptics.shop\/wp-content\/uploads\/2016\/04\/Ansitz-Jagd.jpg\" alt=\"Stand de v\u00e2n\u0103toare\" width=\"50\" height=\"50\" \/><img decoding=\"async\" class=\"alignnone size-full wp-image-10170\" src=\"https:\/\/ddoptics.shop\/wp-content\/uploads\/2016\/09\/Ornitologie-klein.jpg\" alt=\"Observarea p\u0103s\u0103rilor\" width=\"50\" height=\"50\" \/><img decoding=\"async\" class=\"alignnone size-full wp-image-10180\" src=\"https:\/\/ddoptics.shop\/wp-content\/uploads\/2016\/04\/Bergwandern-klein.jpg\" alt=\"Binoclu pentru drume\u021bii montane\" width=\"50\" height=\"50\" \/><br \/>\nNoul <strong>Nighteagle Ergo Gen 3<\/strong> este cel mai bun binoclu 12\u00d756 de la DDoptics \u00een gama sa de pre\u021buri. ACUM NOU: <strong>Genera\u021bia 3.1<\/strong> cu roti\u021b\u0103 metalic\u0103 de focalizare \u0219i reglare dioptrii \u0219i <strong>Ochiuri metalice \u00eembun\u0103t\u0103\u021bite cu detentor Z<\/strong>!<\/p>","protected":false},"featured_media":12618,"comment_status":"open","ping_status":"closed","template":"","meta":{"inline_featured_image":false,"footnotes":""},"product_brand":[],"product_cat":[352,364,329,67,344,354],"product_tag":[504,737,78,648,649],"class_list":{"0":"post-12611","1":"product","2":"type-product","3":"status-publish","4":"has-post-thumbnail","6":"product_cat-12x-vergroesserung","7":"product_cat-56-mm-objektiv","8":"product_cat-ddoptics","9":"product_cat-fernglas","10":"product_cat-naturbeobachtung","11":"product_cat-vogelbeobachtung","12":"product_tag-12x56","13":"product_tag-12x56-fernglas","14":"product_tag-ddoptics","15":"product_tag-ddoptics-gen-3","16":"product_tag-ergo-gen-3-fernglas","17":"product_shipping_class-paket","18":"pa_brand-marke-ddoptics","19":"pa_farbe-gruen","20":"pa_produkt-typ-fernglas","22":"first","23":"instock","24":"sale","25":"taxable","26":"shipping-taxable","27":"purchasable","28":"product-type-simple"},"bundled_by":[],"bundle_stock_status":"instock","bundle_stock_quantity":49,"bundle_virtual":false,"bundle_layout":"","bundle_add_to_cart_form_location":"","bundle_editable_in_cart":false,"bundle_sold_individually_context":"","bundle_item_grouping":"","bundle_min_size":"","bundle_max_size":"","bundle_price":[],"bundled_items":[],"bundle_sell_ids":[],"_links":{"self":[{"href":"https:\/\/ddoptics.shop\/ro\/wp-json\/wp\/v2\/product\/12611","targetHints":{"allow":["GET"]}}],"collection":[{"href":"https:\/\/ddoptics.shop\/ro\/wp-json\/wp\/v2\/product"}],"about":[{"href":"https:\/\/ddoptics.shop\/ro\/wp-json\/wp\/v2\/types\/product"}],"replies":[{"embeddable":true,"href":"https:\/\/ddoptics.shop\/ro\/wp-json\/wp\/v2\/comments?post=12611"}],"version-history":[{"count":7,"href":"https:\/\/ddoptics.shop\/ro\/wp-json\/wp\/v2\/product\/12611\/revisions"}],"predecessor-version":[{"id":23097,"href":"https:\/\/ddoptics.shop\/ro\/wp-json\/wp\/v2\/product\/12611\/revisions\/23097"}],"wp:featuredmedia":[{"embeddable":true,"href":"https:\/\/ddoptics.shop\/ro\/wp-json\/wp\/v2\/media\/12618"}],"wp:attachment":[{"href":"https:\/\/ddoptics.shop\/ro\/wp-json\/wp\/v2\/media?parent=12611"}],"wp:term":[{"taxonomy":"product_brand","embeddable":true,"href":"https:\/\/ddoptics.shop\/ro\/wp-json\/wp\/v2\/product_brand?post=12611"},{"taxonomy":"product_cat","embeddable":true,"href":"https:\/\/ddoptics.shop\/ro\/wp-json\/wp\/v2\/product_cat?post=12611"},{"taxonomy":"product_tag","embeddable":true,"href":"https:\/\/ddoptics.shop\/ro\/wp-json\/wp\/v2\/product_tag?post=12611"}],"curies":[{"name":"wp","href":"https:\/\/api.w.org\/{rel}","templated":true}]}}