{"id":12741,"date":"2018-09-25T10:55:35","date_gmt":"2018-09-25T08:55:35","guid":{"rendered":"https:\/\/ddoptics.shop\/?post_type=product&#038;p=12741"},"modified":"2025-06-27T13:43:33","modified_gmt":"2025-06-27T11:43:33","slug":"ddoptics-binoclu-8x45-stalker-gen-3","status":"publish","type":"product","link":"https:\/\/ddoptics.shop\/ro\/kaufen\/ddoptics-fernglas-8x45-pirschler-gen-3\/","title":{"rendered":"DDoptics binoclu Pirschler 8\u00d745 Gen. 3"},"content":{"rendered":"<div class=\"row\"  id=\"row-890056165\">\n\n\t<div id=\"col-143591349\" class=\"col medium-8 small-12 large-8\"  >\n\t\t\t\t<div class=\"col-inner\"  >\n\t\t\t\n\t\t\t\n<h2>Binoclu DDoptics Pirschler 8\u00d745 Gen 3 - verde. Lentilele de 45 mm \u0219i prismele Abbe-K\u00f6nig asigur\u0103 luminozitatea potrivit\u0103<\/h2>\n<p>Noul <strong>Binoclu ultra-luminos \u0219i indestructibil pentru noapte \u0219i v\u00e2n\u0103toare Pirschler 8\u00d745<\/strong>\u00a0este mult a\u0219teptatul <strong>versiune mai mic\u0103 de \u201cstalking\u201d a sticlei de noapte Pirschler 8\u00d756<\/strong>. De \u00eendat\u0103 ce privi\u021bi prin ocularele binoclului DDoptics \u201ePirschler 8\u00d745\u201c, str\u0103lucirea imaginii v\u0103 atrage literalmente privirea. Transmisia extrem de ridicat\u0103 a luminii constituie baza pentru o reproducere a imaginii cu contrast ridicat \u0219i str\u0103lucitoare, cu contururi extrem de clare.<\/p>\n<p>Chiar \u0219i noaptea, <strong>Pirschler 8\u00d745<\/strong> Binoclul ca un companion fidel. Responsabil pentru <strong>reproducerea imaginilor luminoase \u0219i clare este sticl\u0103 CT cu un strat DDlucid elaborat<\/strong> \u0219i <strong>Prisma Abbe King de \u00eenalt\u0103 calitate<\/strong>n. Dispersia este foarte sc\u0103zut\u0103.<\/p>\n<p>Principalele caracteristici ale acestui binoclu, \u00een plus fa\u021b\u0103 de dimensiunea redus\u0103, sunt greutatea redus\u0103 (datorit\u0103 carcasei din magneziu) de n<strong>950 g cu un diametru al lentilei de 45 mm.\u00a0<\/strong>Tocmai obiectivul mai mare permite combina\u021bia important\u0103 cu prismele Abbe-K\u00f6nig - ceea ce face ca binoclul s\u0103 fie semnificativ mai luminos dec\u00e2t binoclurile cu un obiectiv cu diametrul de 42 mm. .<\/p>\n<h3>Stabilitatea \u0219i robuste\u021bea binoclului Pirschler 8\u00d745 Gen 3 de la DDoptics<\/h3>\n<p>Datorit\u0103 materialelor \u0219i tehnicilor moderne de fabrica\u021bie, <strong>Binoclurile sunt indestructibile \u0219i u\u0219oare,<\/strong> \u0219i extrem de u\u0219or de manevrat. Acest lucru face ca <strong>\u201eBinocluri \u201cPirschler\" 8\u00d745 \u0219i 10\u00d745<\/strong> nu numai pentru fiecare domeniu de aplicare, dar sunt ideale \u0219i pentru <strong>M\u00e2ini pentru copii \u0219i femei.<\/strong>Noul binoclu Pirschler 8\u00d745 nu con\u021bine niciun gram de plastic (cu excep\u021bia capacului de protec\u021bie a trepiedului \u0219i a arm\u0103turii), nici pe corpul \u00een sine, nici pe piesele de uzur\u0103.<\/p>\n\t\t<\/div>\n\t\t\t\t\n<style>\n#col-143591349 > .col-inner {\n  margin: 0px 0px -30px 0px;\n}\n<\/style>\n\t<\/div>\n\n\t\n\n\t<div id=\"col-1152546612\" class=\"col medium-4 small-12 large-4\"  >\n\t\t\t\t<div class=\"col-inner\"  >\n\t\t\t\n\t\t\t\n\t<div class=\"img has-hover x md-x lg-x y md-y lg-y\" id=\"image_816132437\">\n\t\t\t\t\t\t\t\t<div class=\"img-inner dark\" >\n\t\t\t\t\t\t\t\t\t\n\t\t\t\t\t<\/div>\n\t\t\t\t\t\t\t\t\n<style>\n#image_816132437 {\n  width: 100%;\n}\n<\/style>\n\t<\/div>\n\t\n\t<div class=\"img has-hover x md-x lg-x y md-y lg-y\" id=\"image_1378882287\">\n\t\t<a class=\"\" href=\"https:\/\/www.shop.ddoptics.de\/garantiebestimmungen\" target=\"_blank\" rel=\"noopener\">\t\t\t\t\t\t<div class=\"img-inner dark\" >\n\t\t\t<img decoding=\"async\" width=\"352\" height=\"160\" src=\"https:\/\/ddoptics.shop\/wp-content\/uploads\/2014\/09\/DDoptics-Garantie.jpg\" class=\"attachment-large size-large\" alt=\"Garan\u021bia DDoptics\" srcset=\"https:\/\/ddoptics.shop\/wp-content\/uploads\/2014\/09\/DDoptics-Garantie.jpg 352w, https:\/\/ddoptics.shop\/wp-content\/uploads\/2014\/09\/DDoptics-Garantie-304x138.jpg 304w, https:\/\/ddoptics.shop\/wp-content\/uploads\/2014\/09\/DDoptics-Garantie-305x139.jpg 305w, https:\/\/ddoptics.shop\/wp-content\/uploads\/2014\/09\/DDoptics-Garantie-250x114.jpg 250w\" sizes=\"(max-width: 352px) 100vw, 352px\" title=\"\">\t\t\t\t\t\t\n\t\t\t\t\t<\/div>\n\t\t\t\t\t\t<\/a>\t\t\n<style>\n#image_1378882287 {\n  width: 100%;\n}\n<\/style>\n\t<\/div>\n\t\n<h3>Date despre binoclul DDoptics Pirschler<\/h3>\n\n\t\t<div class=\"icon-box featured-box icon-box-left text-left\"  >\n\t\t\t\t\t<div class=\"icon-box-img\" style=\"width: 32px\">\n\t\t\t\t<div class=\"icon\">\n\t\t\t\t\t<div class=\"icon-inner\" >\n\t\t\t\t\t\t<img decoding=\"async\" width=\"100\" height=\"83\" src=\"https:\/\/ddoptics.shop\/wp-content\/uploads\/2021\/05\/DDoptics-SHG-Icon.jpg\" class=\"attachment-medium size-medium\" alt=\"DDoptics SHG Binoclu Icon\" title=\"\">\t\t\t\t\t<\/div>\n\t\t\t\t<\/div>\n\t\t\t<\/div>\n\t\t\t\t<div class=\"icon-box-text last-reset\">\n\t\t\t\t\t\t\t\t\t\n<p>\u2705 ABBE K\u00d6NIG Prismen<\/p>\n\t\t<\/div>\n\t<\/div>\n\t\n\t\n\n\t\t<div class=\"icon-box featured-box icon-box-left text-left\"  >\n\t\t\t\t\t<div class=\"icon-box-img\" style=\"width: 32px\">\n\t\t\t\t<div class=\"icon\">\n\t\t\t\t\t<div class=\"icon-inner\" >\n\t\t\t\t\t\t<img decoding=\"async\" width=\"100\" height=\"83\" src=\"https:\/\/ddoptics.shop\/wp-content\/uploads\/2021\/05\/DDoptics-SHG-Icon.jpg\" class=\"attachment-medium size-medium\" alt=\"DDoptics SHG Binoclu Icon\" title=\"\">\t\t\t\t\t<\/div>\n\t\t\t\t<\/div>\n\t\t\t<\/div>\n\t\t\t\t<div class=\"icon-box-text last-reset\">\n\t\t\t\t\t\t\t\t\t\n<p>Corp metalic indestructibil din magneziu (Mg)<\/p>\n\t\t<\/div>\n\t<\/div>\n\t\n\t\n\n\t\t<div class=\"icon-box featured-box icon-box-left text-left\"  >\n\t\t\t\t\t<div class=\"icon-box-img\" style=\"width: 32px\">\n\t\t\t\t<div class=\"icon\">\n\t\t\t\t\t<div class=\"icon-inner\" >\n\t\t\t\t\t\t<img decoding=\"async\" width=\"100\" height=\"83\" src=\"https:\/\/ddoptics.shop\/wp-content\/uploads\/2021\/05\/DDoptics-SHG-Icon.jpg\" class=\"attachment-medium size-medium\" alt=\"DDoptics SHG Binoclu Icon\" title=\"\">\t\t\t\t\t<\/div>\n\t\t\t\t<\/div>\n\t\t\t<\/div>\n\t\t\t\t<div class=\"icon-box-text last-reset\">\n\t\t\t\t\t\t\t\t\t\n<p>\u2705 Komplett neue Optik mit CT Glas<\/p>\n\t\t<\/div>\n\t<\/div>\n\t\n\t\n\n\t\t<div class=\"icon-box featured-box icon-box-left text-left\"  >\n\t\t\t\t\t<div class=\"icon-box-img\" style=\"width: 32px\">\n\t\t\t\t<div class=\"icon\">\n\t\t\t\t\t<div class=\"icon-inner\" >\n\t\t\t\t\t\t<img decoding=\"async\" width=\"100\" height=\"83\" src=\"https:\/\/ddoptics.shop\/wp-content\/uploads\/2021\/05\/DDoptics-SHG-Icon.jpg\" class=\"attachment-medium size-medium\" alt=\"DDoptics SHG Binoclu Icon\" title=\"\">\t\t\t\t\t<\/div>\n\t\t\t\t<\/div>\n\t\t\t<\/div>\n\t\t\t\t<div class=\"icon-box-text last-reset\">\n\t\t\t\t\t\t\t\t\t\n<p>\u2705 135 m Sehfeld f\u00fcr angenehmes Abglasen<\/p>\n\t\t<\/div>\n\t<\/div>\n\t\n\t\n\n\t\t<div class=\"icon-box featured-box icon-box-left text-left\"  >\n\t\t\t\t\t<div class=\"icon-box-img\" style=\"width: 32px\">\n\t\t\t\t<div class=\"icon\">\n\t\t\t\t\t<div class=\"icon-inner\" >\n\t\t\t\t\t\t<img decoding=\"async\" width=\"100\" height=\"83\" src=\"https:\/\/ddoptics.shop\/wp-content\/uploads\/2021\/05\/DDoptics-SHG-Icon.jpg\" class=\"attachment-medium size-medium\" alt=\"DDoptics SHG Binoclu Icon\" title=\"\">\t\t\t\t\t<\/div>\n\t\t\t\t<\/div>\n\t\t\t<\/div>\n\t\t\t\t<div class=\"icon-box-text last-reset\">\n\t\t\t\t\t\t\t\t\t\n<p>\u2705 Raindefender Nano &#8211; Lotus Verg\u00fctung<\/p>\n\t\t<\/div>\n\t<\/div>\n\t\n\t\n\n\t\t<div class=\"icon-box featured-box icon-box-left text-left\"  >\n\t\t\t\t\t<div class=\"icon-box-img\" style=\"width: 32px\">\n\t\t\t\t<div class=\"icon\">\n\t\t\t\t\t<div class=\"icon-inner\" >\n\t\t\t\t\t\t<img decoding=\"async\" width=\"100\" height=\"83\" src=\"https:\/\/ddoptics.shop\/wp-content\/uploads\/2021\/05\/DDoptics-SHG-Icon.jpg\" class=\"attachment-medium size-medium\" alt=\"DDoptics SHG Binoclu Icon\" title=\"\">\t\t\t\t\t<\/div>\n\t\t\t\t<\/div>\n\t\t\t<\/div>\n\t\t\t\t<div class=\"icon-box-text last-reset\">\n\t\t\t\t\t\t\t\t\t\n<p>\u2705 Conceptul de design Best Grip pentru rezisten\u021b\u0103 la alunecare<\/p>\n\t\t<\/div>\n\t<\/div>\n\t\n\t\n<div class=\"is-divider divider clearfix\" ><\/div>\n\t\t<\/div>\n\t\t\t\t\t<\/div>\n\n\t\n<\/div>\n<figure id=\"attachment_12747\" aria-describedby=\"caption-attachment-12747\" style=\"width: 400px\" class=\"wp-caption alignright\"><a href=\"https:\/\/ddoptics.shop\/wp-content\/uploads\/2018\/09\/Lichttransmissionswerte-Pirschler-45mm.jpg\"><img decoding=\"async\" class=\"wp-image-12747\" src=\"https:\/\/ddoptics.shop\/wp-content\/uploads\/2018\/09\/Lichttransmissionswerte-Pirschler-45mm.jpg\" alt=\"Valorile transmisiei luminii Binoclu Pirschler 8x45\" width=\"400\" height=\"265\" title=\"\" srcset=\"https:\/\/ddoptics.shop\/wp-content\/uploads\/2018\/09\/Lichttransmissionswerte-Pirschler-45mm.jpg 900w, https:\/\/ddoptics.shop\/wp-content\/uploads\/2018\/09\/Lichttransmissionswerte-Pirschler-45mm-304x201.jpg 304w, https:\/\/ddoptics.shop\/wp-content\/uploads\/2018\/09\/Lichttransmissionswerte-Pirschler-45mm-305x202.jpg 305w, https:\/\/ddoptics.shop\/wp-content\/uploads\/2018\/09\/Lichttransmissionswerte-Pirschler-45mm-632x419.jpg 632w, https:\/\/ddoptics.shop\/wp-content\/uploads\/2018\/09\/Lichttransmissionswerte-Pirschler-45mm-800x530.jpg 800w, https:\/\/ddoptics.shop\/wp-content\/uploads\/2018\/09\/Lichttransmissionswerte-Pirschler-45mm-510x338.jpg 510w, https:\/\/ddoptics.shop\/wp-content\/uploads\/2018\/09\/Lichttransmissionswerte-Pirschler-45mm-250x166.jpg 250w\" sizes=\"(max-width: 400px) 100vw, 400px\" \/><\/a><figcaption id=\"caption-attachment-12747\" class=\"wp-caption-text\">Valorile transmisiei luminii Binoclu Pirschler 8\u00d745<\/figcaption><\/figure>\n<p><strong>Corpul \u0219i puntea binoclului sunt realizate dintr-un aliaj de magneziu extrem de u\u0219or<\/strong> din construc\u021bii aeronautice \u0219i fac binoclul practic incasabil. Caracteristicile <strong>Binoclu Diopter (interval de reglare +-4)<\/strong> nu mai este amplasat\u0103 pe roata de focalizare, ci pe ocularul binoclului din dreapta, pentru o mai bun\u0103 func\u021bionalitate. Toate aceste elemente de operare - dioptrie, ocular, roat\u0103 de focalizare - sunt fabricate din duraluminiu \u0219i, prin urmare, garanteaz\u0103 o durat\u0103 lung\u0103 de via\u021b\u0103.<\/p>\n<p>O a\u0219a-numit\u0103 ranforsare \u201eBest Grip\u201c pe partea exterioar\u0103 a corpului \u00eempiedic\u0103 alunecarea m\u00e2inilor. Acest lucru face ca <strong>prinderea \u0219i \u021binerea cu o singur\u0103 m\u00e2n\u0103 a acestui binoclu compact<\/strong> confortabil \u0219i sigur chiar \u0219i atunci c\u00e2nd purta\u021bi m\u0103nu\u0219i.<\/p>\n<h3>Brilliant Pirschler 8\u00d745 binoclu optic\u0103<\/h3>\n<p>Privind prin ocularele <strong>Binoclurile Pirschler 8\u00d745 uimesc literalmente str\u0103lucirea imaginii i<\/strong>n ochi. O <strong>Transmisie extrem de ridicat\u0103 a luminii<\/strong> constituie baza pentru o <strong>Contrast ridicat \u0219i reproducere str\u0103lucitoare a imaginii<\/strong> cu contururi extrem de clare - chiar \u0219i la asfin\u021bit. Chiar \u0219i noaptea, Pirschler 8\u00d745 se dovede\u0219te a fi un companion fidel pentru multe observa\u021bii. Responsabil pentru <strong>reproducerea imaginilor luminoase \u0219i clare este sticl\u0103 CT cu un strat DDlucid elaborat<\/strong> \u0219i prisme Abbe-K\u00f6nig de \u00eenalt\u0103 calitate. Dispersia este foarte sc\u0103zut\u0103.<\/p>\n<h3>Func\u021bionarea convenabil\u0103 asigur\u0103 observarea naturii f\u0103r\u0103 \u00eennor\u0103ri<\/h3>\n<p>Binoclurile \u201ePirschler\u201c stau confortabil \u00een m\u00e2n\u0103 datorit\u0103 designului lor ergonomic sofisticat. O arm\u0103tur\u0103 denumit\u0103 \u201eBest Grip\u201c pe partea exterioar\u0103 a binoclului \u00eempiedic\u0103 alunecarea m\u00e2inilor. <strong>Prindere cu o singur\u0103 m\u00e2n\u0103, prindere sigur\u0103 \u0219i stabil\u0103<\/strong> se datoreaz\u0103 <strong>pod deschis<\/strong> cu m\u00e2nerul s\u0103u ergonomic este confortabil \u0219i convenabil chiar \u0219i atunci c\u00e2nd purta\u021bi m\u0103nu\u0219i.<\/p>\n<p>Dioptria (interval de reglare +-4) este situat\u0103 pe ocularul drept \u0219i, ca toate elementele de operare, este fabricat\u0103 din duraluminiu durabil. Acoperirea \u201eRaindefender Nano\u201c asigur\u0103 un efect de lotus hidrofug, binoclul fiind complet impermeabil.<\/p>\n<p>Ocularii pot fi utiliza\u021bi pentru <strong>Distan\u021b\u0103 interpupilar\u0103 perfect\u0103 \u00een 3 pozi\u021bii ale grilei<\/strong> intrare sau ie\u0219ire. Acest lucru permite purt\u0103torilor de ochelari s\u0103 utilizeze c\u00e2mpul vizual larg de 135 m f\u0103r\u0103 restric\u021bii. Reglarea func\u021bioneaz\u0103 f\u0103r\u0103 probleme \u0219i f\u0103r\u0103 joc.<\/p>\n<h3>Carcas\u0103 impermeabil\u0103 \u0219i strat nano hidrofug<\/h3>\n<p>The <strong>\u201eAcoperirea \u201cRaindefender Nano\" asigur\u0103 un efect hidrofug de lotus,<\/strong> Binoclul \u00een sine este complet rezistent la ap\u0103 p\u00e2n\u0103 la 1 metru \u00een ap\u0103 cald\u0103 sau rece.<\/p>\n<figure id=\"attachment_10769\" aria-describedby=\"caption-attachment-10769\" style=\"width: 400px\" class=\"wp-caption alignright\"><img decoding=\"async\" class=\"size-full wp-image-10769\" src=\"https:\/\/ddoptics.shop\/wp-content\/uploads\/2017\/02\/Fernglas-Pirschler-8x56-smart-Focus-small.jpg\" alt=\"Binoclu Pirschler 15x56 func\u021bie de focalizare inteligent\u0103\" width=\"400\" height=\"267\" title=\"\" srcset=\"https:\/\/ddoptics.shop\/wp-content\/uploads\/2017\/02\/Fernglas-Pirschler-8x56-smart-Focus-small.jpg 400w, https:\/\/ddoptics.shop\/wp-content\/uploads\/2017\/02\/Fernglas-Pirschler-8x56-smart-Focus-small-304x203.jpg 304w, https:\/\/ddoptics.shop\/wp-content\/uploads\/2017\/02\/Fernglas-Pirschler-8x56-smart-Focus-small-305x204.jpg 305w, https:\/\/ddoptics.shop\/wp-content\/uploads\/2017\/02\/Fernglas-Pirschler-8x56-smart-Focus-small-250x167.jpg 250w\" sizes=\"(max-width: 400px) 100vw, 400px\" \/><figcaption id=\"caption-attachment-10769\" class=\"wp-caption-text\"><strong>Binoclu Pirschler 8\u00d745 func\u021bie de focalizare inteligent\u0103<\/strong><\/figcaption><\/figure>\n<h3>Func\u021bia Smart Focus de la 50 m la infinit<\/h3>\n<p>Avantajos \u00een<strong> \u00cen amurg sau noaptea este Smart Focus:<\/strong> Aceast\u0103 tehnologie elimin\u0103 \u00een mare m\u0103sur\u0103 necesitatea refocaliz\u0103rii cu \u201ePirschler\u201c 8\u00d745\u201c. Dup\u0103 focalizarea unui obiect aflat la o distan\u021b\u0103 de aproximativ 100 de metri, ochiul se regleaz\u0103 automat \u00een intervalul de distan\u021be de la 50 de metri la infinit, f\u0103r\u0103 refocalizare constant\u0103.<\/p>\n<h3>C\u00e2mp larg de vizualizare cu Pirschler 8\u00d745<\/h3>\n<p>The <strong>C\u00e2mpul vizual al binoclului este de 135 de metri<\/strong> ofer\u0103 avantaje clare atunci c\u00e2nd se pune geamul \u0219i asigur\u0103 c\u0103 v\u00e2natul poate fi g\u0103sit \u0219i recunoscut mai repede.<\/p>\n<h3>Pirschler 8\u00d745 - potrivit \u0219i pentru purt\u0103torii de ochelari<\/h3>\n<ul>\n<li>The <strong>3 pozi\u021bii ale ochelarilor twist-in \u0219i twist-out<\/strong>\u00a0realizate din metal asigur\u0103 o distan\u021b\u0103 perfect\u0103 \u00eentre ochi.<\/li>\n<li>Reglarea este lin\u0103, solid\u0103 \u0219i func\u021bioneaz\u0103 absolut f\u0103r\u0103 niciun joc.<\/li>\n<li>Pe de alt\u0103 parte, binoclul \u201ePirschler\u201c 8\u00d745 este caracterizat de o distan\u021b\u0103 mai mare a pupilei de ie\u0219ire (20 mm) \u00een compara\u021bie cu alte binocluri din aceast\u0103 clas\u0103.<\/li>\n<\/ul>","protected":false},"excerpt":{"rendered":"<p><img decoding=\"async\" class=\"alignnone wp-image-10471 size-full\" title=\"Stand de v\u00e2n\u0103toare\" src=\"https:\/\/ddoptics.shop\/wp-content\/uploads\/2016\/04\/Ansitz-Jagd.jpg\" alt=\"Stand de v\u00e2n\u0103toare\" width=\"50\" height=\"50\" \/><img decoding=\"async\" class=\"alignnone wp-image-10168 size-full\" title=\"V\u00e2n\u0103toare de mistre\u021bi\" src=\"https:\/\/ddoptics.shop\/wp-content\/uploads\/2016\/09\/Jagd-klein.jpg\" alt=\"Binoclu de v\u00e2n\u0103toare\" width=\"50\" height=\"50\" \/><img decoding=\"async\" class=\"alignnone wp-image-10166 size-full\" title=\"Binoclu de noapte\" src=\"https:\/\/ddoptics.shop\/wp-content\/uploads\/2016\/09\/Astronomie-klein.jpg\" alt=\"Binoclu astronomic\" width=\"50\" height=\"50\" \/><br \/>\nCel mai luminos binoclu universal din clasa sa - cu prisme Abbe-K\u00f6nig. Noul binoclu Pirschler 8\u00d745 super-luminos \u0219i indestructibil pentru noapte \u0219i v\u00e2n\u0103toare.<\/p>","protected":false},"featured_media":12745,"comment_status":"open","ping_status":"closed","template":"","meta":{"inline_featured_image":false,"footnotes":""},"product_brand":[],"product_cat":[746,349,949,329,345,344],"product_tag":[745,78,80,744,743],"class_list":{"0":"post-12741","1":"product","2":"type-product","3":"status-publish","4":"has-post-thumbnail","6":"product_cat-45-mm-objektiv","7":"product_cat-8x-vergroesserung","8":"product_cat-messeaktion","9":"product_cat-ddoptics","10":"product_cat-jagd-und-wild","11":"product_cat-naturbeobachtung","12":"product_tag-8x45-fernglas","13":"product_tag-ddoptics","14":"product_tag-gen-3","15":"product_tag-pirschler-8x45","16":"product_tag-pirschler-fernglas","17":"product_shipping_class-paket","18":"pa_brand-marke-ddoptics","19":"pa_farbe-gruen","20":"pa_produkt-typ-fernglas","22":"first","23":"instock","24":"sale","25":"taxable","26":"shipping-taxable","27":"purchasable","28":"product-type-simple"},"bundled_by":[],"bundle_stock_status":"instock","bundle_stock_quantity":46,"bundle_virtual":false,"bundle_layout":"","bundle_add_to_cart_form_location":"","bundle_editable_in_cart":false,"bundle_sold_individually_context":"","bundle_item_grouping":"","bundle_min_size":"","bundle_max_size":"","bundle_price":[],"bundled_items":[],"bundle_sell_ids":[],"_links":{"self":[{"href":"https:\/\/ddoptics.shop\/ro\/wp-json\/wp\/v2\/product\/12741","targetHints":{"allow":["GET"]}}],"collection":[{"href":"https:\/\/ddoptics.shop\/ro\/wp-json\/wp\/v2\/product"}],"about":[{"href":"https:\/\/ddoptics.shop\/ro\/wp-json\/wp\/v2\/types\/product"}],"replies":[{"embeddable":true,"href":"https:\/\/ddoptics.shop\/ro\/wp-json\/wp\/v2\/comments?post=12741"}],"version-history":[{"count":8,"href":"https:\/\/ddoptics.shop\/ro\/wp-json\/wp\/v2\/product\/12741\/revisions"}],"predecessor-version":[{"id":28500,"href":"https:\/\/ddoptics.shop\/ro\/wp-json\/wp\/v2\/product\/12741\/revisions\/28500"}],"wp:featuredmedia":[{"embeddable":true,"href":"https:\/\/ddoptics.shop\/ro\/wp-json\/wp\/v2\/media\/12745"}],"wp:attachment":[{"href":"https:\/\/ddoptics.shop\/ro\/wp-json\/wp\/v2\/media?parent=12741"}],"wp:term":[{"taxonomy":"product_brand","embeddable":true,"href":"https:\/\/ddoptics.shop\/ro\/wp-json\/wp\/v2\/product_brand?post=12741"},{"taxonomy":"product_cat","embeddable":true,"href":"https:\/\/ddoptics.shop\/ro\/wp-json\/wp\/v2\/product_cat?post=12741"},{"taxonomy":"product_tag","embeddable":true,"href":"https:\/\/ddoptics.shop\/ro\/wp-json\/wp\/v2\/product_tag?post=12741"}],"curies":[{"name":"wp","href":"https:\/\/api.w.org\/{rel}","templated":true}]}}