{"id":12806,"date":"2018-12-12T21:37:28","date_gmt":"2018-12-12T20:37:28","guid":{"rendered":"https:\/\/ddoptics.shop\/?post_type=product&#038;p=12806"},"modified":"2025-10-07T11:23:07","modified_gmt":"2025-10-07T09:23:07","slug":"ddoptics-pusca-v6-2komma5-16x42-mrad","status":"publish","type":"product","link":"https:\/\/ddoptics.shop\/ro\/kaufen\/ddoptics-zielfernrohr-v6-2komma5-16x42-mrad\/","title":{"rendered":"lunete DDoptics Nighteagle 2.5-16\u00d742 | V6 | A4N | MRAD ajustare - Gen 3"},"content":{"rendered":"<div class=\"container section-title-container\" ><h3 class=\"section-title section-title-normal\"><b aria-hidden=\"true\"><\/b><span class=\"section-title-main\" ><i class=\"icon-cross\" aria-hidden=\"true\"><\/i>Scurt\u0103 prezentare a lunetei DDoptics V6 2.5-16x42 | MRAD<\/span><b aria-hidden=\"true\"><\/b><\/h3><\/div>\n<table style=\"width: 100%;\">\n<tbody>\n<tr>\n<td style=\"width: 20%;\"><strong>Tub:<\/strong><\/td>\n<td style=\"width: 30%;\">Tub mono de 30 mm<\/td>\n<td style=\"width: 20%;\"><strong>C\u00e2mpul vizual: m @100 m:<\/strong><\/td>\n<td style=\"width: 30%;\">14 - 2,5 m<\/td>\n<\/tr>\n<tr>\n<td style=\"width: 20%;\"><strong>Sistem optic:<\/strong><\/td>\n<td style=\"width: 30%;\">M\u0103rire 2,5-16x<\/td>\n<td style=\"width: 20%;\"><strong>Distan\u021ba interpupilar\u0103:<\/strong><\/td>\n<td style=\"width: 30%;\">90,5 mm<\/td>\n<\/tr>\n<tr>\n<td style=\"width: 20%;\"><strong>Obiectiv:<\/strong><\/td>\n<td style=\"width: 30%;\">42 mm<\/td>\n<td style=\"width: 20%;\"><strong>Lungime:<\/strong><\/td>\n<td style=\"width: 30%;\">332 mm<\/td>\n<\/tr>\n<tr>\n<td style=\"width: 20%;\"><strong>Reticul:<\/strong><\/td>\n<td style=\"width: 30%;\">Noul reticul 4 \/ A4N<\/td>\n<td style=\"width: 20%;\"><strong>Greutate:<\/strong><\/td>\n<td style=\"width: 30%;\">\u00a0610 g<\/td>\n<\/tr>\n<tr>\n<td style=\"width: 20%;\"><strong>Punct de lumin\u0103<\/strong><\/td>\n<td style=\"width: 30%;\">LP 2 sau iFibre<\/td>\n<td style=\"width: 20%;\"><strong>Protec\u021bie \u00eempotriva ce\u021bii:<\/strong><\/td>\n<td style=\"width: 30%;\">Umplere cu azot \u00eempotriva aburului<\/td>\n<\/tr>\n<tr>\n<td style=\"width: 20%;\"><strong>Focalizare\/paralax\u0103:<\/strong><\/td>\n<td style=\"width: 30%;\">Lentile reglabile de la 20 m la infinit<\/td>\n<td style=\"width: 20%;\"><strong>\u00a0Str\u00e2nsoare:<\/strong><\/td>\n<td style=\"width: 30%;\">Rezistent la ap\u0103 \u0219i \u0219ocuri<\/td>\n<\/tr>\n<\/tbody>\n<\/table>\n<div class=\"row\"  id=\"row-952215949\">\n\n\t<div id=\"col-1042906789\" class=\"col medium-8 small-12 large-8\"  >\n\t\t\t\t<div class=\"col-inner\"  >\n\t\t\t\n\t\t\t\n<h2>DDoptics Nighteagle 2.5-16\u00d742 V6 pu\u0219c\u0103 - pu\u0219c\u0103 compact\u0103 cu zoom 6x, reticul A4N \u0219i reglare MRAD - specialist \u00een v\u00e2n\u0103toare montan\u0103<\/h2>\n<p>Noul <strong>\u201c\u00eengust\u201d V6 Doptics lunet\u0103<\/strong> este fabricat dintr-un aliaj robust de aluminiu, este rezistent la impact \u0219i nu con\u021bine piese din plastic. Toate piesele din aluminiu au un strat anodizat \u201enegru fin\u201c ne lucios.<\/p>\n<p>The <strong>Optic\u0103 ZF de \u00eenalt\u0103 performan\u021b\u0103<\/strong>k str\u0103luce\u0219te prin <strong>Sticl\u0103 CT de \u00eenalt\u0103 performan\u021b\u0103 (transmisie clar\u0103)<\/strong>, care garanteaz\u0103 o vedere extrem de luminoas\u0103 \u0219i clar\u0103 - \u0219i chiar b<strong>la o m\u0103rire de 16x, o imagine cu contrast ridicat, f\u0103r\u0103 paralax\u0103 \u0219i \u00een culori reale<\/strong> cu propriet\u0103\u021bi remarcabile de ascu\u021bire a marginilor \u0219i transmisie excelent\u0103.<\/p>\n<blockquote><p>Cu un c\u00e2mp vizual de 14 m sau 2,5 m (la o m\u0103rire de 2,5x sau 16x), optica este potrivit\u0103 pentru toate aplica\u021biile de v\u00e2n\u0103toare - \u00een special pe pu\u0219ti de munte mici \u0219i u\u0219oare.<\/p><\/blockquote>\n<h3>Cea mai \u00eenalt\u0103 calitate <a href=\"https:\/\/ddoptics.shop\/ro\/magazin\/vedere-telescopica\/v6-6x-zoom\/\" target=\"_blank\" rel=\"noopener\" data-schema-attribute=\"\">V6<\/a> Echipament pentru lunet\u0103<\/h3>\n<p>Luneta este echipat\u0103 cu un <strong>reticul luminat ultra-sub\u021bire A4N<\/strong> (al doilea plan al imaginii), care acoper\u0103 \u021binta doar \u00een mic\u0103 m\u0103sur\u0103. \u00cen condi\u021bii de iluminare slab\u0103 sau pe timp de noapte, imaginea<strong> punct luminos ro\u0219u nereflectorizant cu fibr\u0103 optic\u0103,<\/strong> care este precis\u0103 \u0219i<strong> poate fi atenuat\u0103 continuu<\/strong> \u0219i, op\u021bional, cu un<strong> func\u021bie inteligent\u0103 de pornire\/oprire automat\u0103 (iFibre\u2122).<\/strong><\/p>\n\t\t<\/div>\n\t\t\t\t\t<\/div>\n\n\t\n\n\t<div id=\"col-2067938522\" class=\"col medium-4 small-12 large-4\"  >\n\t\t\t\t<div class=\"col-inner\"  >\n\t\t\t\n\t\t\t\n<a class=\"button primary expand\" >\n\t\t<span>Caracteristici speciale lunet\u0103<\/span>\n\t<\/a>\n\n\n\t<section class=\"section\" id=\"section_1883900061\">\n\t\t<div class=\"section-bg fill\" >\n\t\t\t\t\t\t\t\t\t<div class=\"section-bg-overlay absolute fill\"><\/div>\n\t\t\t\n\n\t\t<\/div>\n\n\t\t\n\n\t\t<div class=\"section-content relative\">\n\t\t\t\n\t<div class=\"img has-hover x md-x lg-x y md-y lg-y\" id=\"image_772239533\">\n\t\t<a class=\"\" href=\"https:\/\/www.ddoptics.de\/garantiebestimmungen\" target=\"_blank\" rel=\"no follow noopener\">\t\t\t\t\t\t<div class=\"img-inner dark\" >\n\t\t\t<img decoding=\"async\" width=\"352\" height=\"160\" src=\"https:\/\/ddoptics.shop\/wp-content\/uploads\/2014\/09\/DDoptics-Garantie.jpg\" class=\"attachment-large size-large\" alt=\"Garan\u021bia DDoptics\" srcset=\"https:\/\/ddoptics.shop\/wp-content\/uploads\/2014\/09\/DDoptics-Garantie.jpg 352w, https:\/\/ddoptics.shop\/wp-content\/uploads\/2014\/09\/DDoptics-Garantie-304x138.jpg 304w, https:\/\/ddoptics.shop\/wp-content\/uploads\/2014\/09\/DDoptics-Garantie-305x139.jpg 305w, https:\/\/ddoptics.shop\/wp-content\/uploads\/2014\/09\/DDoptics-Garantie-250x114.jpg 250w\" sizes=\"(max-width: 352px) 100vw, 352px\" title=\"\">\t\t\t\t\t\t\n\t\t\t\t\t<\/div>\n\t\t\t\t\t\t<\/a>\t\t\n<style>\n#image_772239533 {\n  width: 100%;\n}\n<\/style>\n\t<\/div>\n\t\n\t<div id=\"gap-1692241376\" class=\"gap-element clearfix\" style=\"display:block; height:auto;\">\n\t\t\n<style>\n#gap-1692241376 {\n  padding-top: 15px;\n}\n<\/style>\n\t<\/div>\n\t\n\t<div id=\"text-3196554587\" class=\"text\">\n\t\t\n<p><span style=\"font-size: 80%;\"><em>\u21d2 Zoom de peste 6x cu obiectiv mic de 42 mm<br \/>\n\u21d2 14 m - c\u00e2mp vizual de 2,5 m - punct iluminat automat<br \/>\n\u21d2 Perfect pentru utilizare pe timp de noapte cu ata\u0219ament<br \/>\n\u21d2 Reglarea reticulului Turele metalice (f\u0103r\u0103 plastic)<br \/>\n\u21d2 Sticl\u0103 CT (transmisie clar\u0103) (dispersie redus\u0103)<br \/>\n\u21d2 scalare dubl\u0103 (\u00eentoarcere dubl\u0103)<br \/>\n\u21d2 Test antiglon\u021b: <a href=\"https:\/\/de.wikipedia.org\/wiki\/.375_Holland_%26_Holland_Magnum\" target=\"_blank\" rel=\"noopener sponsored\" data-schema-attribute=\"\">375 H&amp;H<\/a> 1000 fotografii<br \/>\n\u21d2 Zerostop pentru ASV (oprire la zero)<br \/>\n\u21d2 tactic\u0103 dur\u0103 0,1 <a href=\"https:\/\/ddoptics.shop\/ro\/termen-tehnic\/calculul-minutei-unghiulare-sau-moa-pentru-luneta\/\" target=\"_blank\" rel=\"noopener noreferrer\">MRAD<\/a>-click detent (1 cm\/click)<br \/>\n\u21d2 Noul reticul minimalist A4N<br \/>\n\u21d2 Nivelare paralax\u0103 puternic\u0103 cu raz\u0103 de apropiere de 10 m.<br \/>\n<\/em><\/span><br \/>\n\t\t\n<style>\n#text-3196554587 {\n  line-height: 1.15;\n  color: rgb(33, 107, 227);\n}\n#text-3196554587 > * {\n  color: rgb(33, 107, 227);\n}\n<\/style>\n\t<\/div>\n\t\n\t\t<\/div>\n\n\t\t\n<style>\n#section_1883900061 {\n  padding-top: 30px;\n  padding-bottom: 30px;\n  background-color: rgb(232, 232, 232);\n}\n#section_1883900061 .section-bg-overlay {\n  background-color: rgba(255,255,255,.5);\n}\n<\/style>\n\t<\/section>\n\t\n<div class=\"is-divider divider clearfix\" ><\/div>\n\t\t<\/div>\n\t\t\t\t\t<\/div>\n\n\t\n<\/div>\n\t<div class=\"img has-hover x md-x lg-x y md-y lg-y\" id=\"image_991154960\">\n\t\t\t\t\t\t\t\t<div class=\"img-inner dark\" >\n\t\t\t<img decoding=\"async\" width=\"1020\" height=\"339\" src=\"https:\/\/ddoptics.shop\/wp-content\/uploads\/2018\/12\/25-16x42-V6-DDoptics.jpg\" class=\"attachment-large size-large\" alt=\"Trasor de pu\u0219c\u0103 2.5-16x42 V6 DDoptics\" srcset=\"https:\/\/ddoptics.shop\/wp-content\/uploads\/2018\/12\/25-16x42-V6-DDoptics.jpg 1428w, https:\/\/ddoptics.shop\/wp-content\/uploads\/2018\/12\/25-16x42-V6-DDoptics-800x266.jpg 800w, https:\/\/ddoptics.shop\/wp-content\/uploads\/2018\/12\/25-16x42-V6-DDoptics-18x6.jpg 18w, https:\/\/ddoptics.shop\/wp-content\/uploads\/2018\/12\/25-16x42-V6-DDoptics-304x101.jpg 304w, https:\/\/ddoptics.shop\/wp-content\/uploads\/2018\/12\/25-16x42-V6-DDoptics-632x210.jpg 632w, https:\/\/ddoptics.shop\/wp-content\/uploads\/2018\/12\/25-16x42-V6-DDoptics-305x101.jpg 305w\" sizes=\"(max-width: 1020px) 100vw, 1020px\" title=\"\">\t\t\t\t\t\t\n\t\t\t\t\t<\/div>\n\t\t\t\t\t\t\t\t\n<style>\n#image_991154960 {\n  width: 100%;\n}\n<\/style>\n\t<\/div>\n\t\n<h3>ZF V6 2.5-16\u00d742 are o reglare rapid\u0103 a reticulului (ASV).<\/h3>\n<p>Lor de la <strong>Turnurile fabricate din metal pentru reglarea \u00een\u0103l\u021bimii \u0219i a laturilor sunt complet etan\u0219e.<\/strong> ASV are o scalare dubl\u0103 (double turn) \u0219i o oprire la zero (Zerostop). Acest lucru permite setarea unor distan\u021be de tragere diferite \u00een func\u021bie de direc\u021bia \u0219i puterea v\u00e2ntului sau de orice mi\u0219care a \u021bintei.<\/p>\n<p>Pentru a face clic pe<strong> Reticul de 0,1 MRAD (miliradian)<\/strong> ajustat. Valoarea <strong>corespunde la 1 cm la 100 m.<\/strong> Reglarea clic func\u021bioneaz\u0103 cu precizie absolut\u0103 \u0219i acurate\u021be repetat\u0103.<\/p>\n<h3>Intervalul de reglare a lunetei DDoptics V6<\/h3>\n<ul>\n<li>O rota\u021bie a turnului de reglare corespunde la 10 mrad. (100 cm la 100 m)<\/li>\n<li>Intervalul total de reglare este de 26 mrad. (260 cm pe 100 m)<\/li>\n<li>Aceasta corespunde unei game de reglaj de 2600 cm pe o distan\u021b\u0103 de 1000 m.<\/li>\n<\/ul>\n<p><strong>Luneta DDoptics V6 2.5-16\u00d742 ofer\u0103 avantaje importante prin gama sa mare de reglaj \u0219i m\u0103rire:<\/strong><\/p>\n<ul>\n<li>Pe de o parte, \u00een timpul zilei <strong>M\u0103rire 16x pentru tragere sigur\u0103 chiar \u0219i la distan\u021be mari<\/strong> Intervalul mare de reglare a reticulului permite pre-setarea precis\u0103 a distan\u021belor de tragere.<\/li>\n<li>Pe de alt\u0103 parte, <strong>V\u00e2n\u0103toare pe timp de noapte \u00een combina\u021bie cu un accesoriu NSG, WBK (respecta\u021bi reglement\u0103rile legale)<\/strong> de asemenea, se pot ob\u021bine m\u0103riri mari datorit\u0103 compens\u0103rii paralaxei cu intervalul s\u0103u de reglare supradimensionat.<\/li>\n<\/ul>\n<p>Egalizatorul parrallax (distan\u021b\u0103 mic\u0103 de 10 m), care a fost special conceput pentru aceast\u0103 aplica\u021bie, este, de asemenea, capabil s\u0103 compenseze <strong>m\u0103riri mai mari pentru a compensa neclaritatea imaginii cauzat\u0103 de ata\u0219amentele NSG-WBK<\/strong>, care nu func\u021bioneaz\u0103 cu lunete cu compensare de paralax\u0103 mai slab\u0103 sau f\u0103r\u0103 compensare de paralax\u0103.<\/p>\n<p>\u00cen perioadele cu popula\u021bii mari de mistre\u021bi, acest lucru face din lunet\u0103 o alegere perfect\u0103. <strong>predestinate pentru v\u00e2n\u0103toarea pe timp de noapte cu un permis special.<\/strong><\/p>","protected":false},"excerpt":{"rendered":"<p><a href=\"https:\/\/ddoptics.shop\/wp-content\/uploads\/2016\/09\/Wandern-klein.jpg\"><img decoding=\"async\" class=\"alignnone size-full wp-image-10174\" src=\"https:\/\/ddoptics.shop\/wp-content\/uploads\/2016\/09\/Wandern-klein.jpg\" alt=\"Binoclu de trekking Treckking\" width=\"50\" height=\"50\" \/><\/a><a href=\"https:\/\/ddoptics.shop\/wp-content\/uploads\/2016\/04\/Gebirgsjagd-klein.jpg\"><img decoding=\"async\" class=\"alignnone size-full wp-image-10178\" src=\"https:\/\/ddoptics.shop\/wp-content\/uploads\/2016\/04\/Gebirgsjagd-klein.jpg\" alt=\"Binoclu de v\u00e2n\u0103toare de munte\" width=\"50\" height=\"50\" \/><\/a><img decoding=\"async\" class=\"alignnone wp-image-10180 size-full\" title=\"Binoclu pentru drume\u021bii montane\" src=\"https:\/\/ddoptics.shop\/wp-content\/uploads\/2016\/04\/Bergwandern-klein.jpg\" alt=\"Binoclu pentru drume\u021bii montane\" width=\"50\" height=\"50\" \/><br \/>\nNoul <strong>V\u00e2n\u0103toare de munte &amp; companion universal de la DDoptics<\/strong> - mic \u0219i potrivit pentru fotografii lungi. <strong>Op\u021bional, cu sistem inteligent <a title=\"NOU DDoptics IFiber punct luminat\" href=\"\/ro\/termen-tehnic-wiki\/inteligent-ddoptics-ifiber-light-point\/\" target=\"_blank\" rel=\"noopener noreferrer\">Punct de lumin\u0103 IFibre<\/a> cu supratax\u0103 de 99 \u20ac.<\/strong><\/p>\n<a href=\"https:\/\/amzn.to\/3AMthHr\" target=\"_blank\" class=\"button success is-success is-small\" rel=\"\u201dnofollow\u201d noopener\" >\n\t\t<span>client amazon? - folosi\u021bi beneficiile prime?<\/span>\n\t<\/a>","protected":false},"featured_media":12823,"comment_status":"open","ping_status":"closed","template":"","meta":{"inline_featured_image":false,"footnotes":""},"product_brand":[],"product_cat":[763,455,638,697,640,641,919,68],"product_tag":[758,761,1098,760],"class_list":{"0":"post-12806","1":"product","2":"type-product","3":"status-publish","4":"has-post-thumbnail","6":"product_cat-25-16x42","7":"product_cat-42-mm-objektivdurchmesser","8":"product_cat-ansitzjagd","9":"product_cat-mrad-klickverstellung","10":"product_cat-pirschjagd-und-gebirgsjagd","11":"product_cat-sportschiessen","12":"product_cat-v6-6-fach-zoom","13":"product_cat-zielfernrohr","14":"product_tag-2-5-16x42","15":"product_tag-6-fach-zoom","16":"product_tag-nighteagle","17":"product_tag-v6-ddoptics","18":"product_shipping_class-paket","19":"pa_brand-marke-ddoptics","20":"pa_farbe-schwarz","22":"first","23":"instock","24":"sale","25":"taxable","26":"shipping-taxable","27":"purchasable","28":"product-type-bundle"},"bundled_by":[],"bundle_stock_status":"instock","bundle_stock_quantity":"","bundle_virtual":false,"bundle_layout":"default","bundle_add_to_cart_form_location":"default","bundle_editable_in_cart":false,"bundle_sold_individually_context":"product","bundle_item_grouping":"parent","bundle_min_size":"","bundle_max_size":"","bundle_price":{"price":{"min":{"incl_tax":"897.01","excl_tax":"747.51"},"max":{"incl_tax":"1001.32","excl_tax":"834.43"}},"regular_price":{"min":{"incl_tax":"997.01","excl_tax":"830.84"},"max":{"incl_tax":"1112.9","excl_tax":"927.41"}}},"bundled_items":[{"bundled_item_id":50,"product_id":12809,"menu_order":0,"quantity_min":1,"quantity_max":1,"quantity_default":1,"priced_individually":true,"shipped_individually":false,"override_title":true,"title":"","override_description":false,"description":"123","optional":false,"hide_thumbnail":false,"discount":"","override_variations":true,"allowed_variations":[12810,12811],"override_default_variation_attributes":false,"default_variation_attributes":[{"id":6,"name":"Punct de lumin\u0103","option":"ddoptics-standard-lp-ii"}],"single_product_visibility":"visible","cart_visibility":"visible","order_visibility":"visible","single_product_price_visibility":"visible","cart_price_visibility":"visible","order_price_visibility":"visible","stock_status":"in_stock"},{"bundled_item_id":51,"product_id":12812,"menu_order":1,"quantity_min":1,"quantity_max":1,"quantity_default":1,"priced_individually":true,"shipped_individually":false,"override_title":true,"title":"Aproape un cadou - capace flip","override_description":false,"description":"Aproape un cadou - Flip Caps","optional":true,"hide_thumbnail":false,"discount":"68.55","override_variations":true,"allowed_variations":[12818],"override_default_variation_attributes":true,"default_variation_attributes":[{"id":17,"name":"Dimensiunea lunetei","option":"25-16x42"}],"single_product_visibility":"visible","cart_visibility":"visible","order_visibility":"visible","single_product_price_visibility":"visible","cart_price_visibility":"visible","order_price_visibility":"visible","stock_status":"in_stock"}],"bundle_sell_ids":[],"_links":{"self":[{"href":"https:\/\/ddoptics.shop\/ro\/wp-json\/wp\/v2\/product\/12806","targetHints":{"allow":["GET"]}}],"collection":[{"href":"https:\/\/ddoptics.shop\/ro\/wp-json\/wp\/v2\/product"}],"about":[{"href":"https:\/\/ddoptics.shop\/ro\/wp-json\/wp\/v2\/types\/product"}],"replies":[{"embeddable":true,"href":"https:\/\/ddoptics.shop\/ro\/wp-json\/wp\/v2\/comments?post=12806"}],"version-history":[{"count":15,"href":"https:\/\/ddoptics.shop\/ro\/wp-json\/wp\/v2\/product\/12806\/revisions"}],"predecessor-version":[{"id":29228,"href":"https:\/\/ddoptics.shop\/ro\/wp-json\/wp\/v2\/product\/12806\/revisions\/29228"}],"wp:featuredmedia":[{"embeddable":true,"href":"https:\/\/ddoptics.shop\/ro\/wp-json\/wp\/v2\/media\/12823"}],"wp:attachment":[{"href":"https:\/\/ddoptics.shop\/ro\/wp-json\/wp\/v2\/media?parent=12806"}],"wp:term":[{"taxonomy":"product_brand","embeddable":true,"href":"https:\/\/ddoptics.shop\/ro\/wp-json\/wp\/v2\/product_brand?post=12806"},{"taxonomy":"product_cat","embeddable":true,"href":"https:\/\/ddoptics.shop\/ro\/wp-json\/wp\/v2\/product_cat?post=12806"},{"taxonomy":"product_tag","embeddable":true,"href":"https:\/\/ddoptics.shop\/ro\/wp-json\/wp\/v2\/product_tag?post=12806"}],"curies":[{"name":"wp","href":"https:\/\/api.w.org\/{rel}","templated":true}]}}