{"id":12812,"date":"2018-12-13T16:26:29","date_gmt":"2018-12-13T15:26:29","guid":{"rendered":"https:\/\/ddoptics.shop\/?post_type=product&#038;p=12812"},"modified":"2025-10-07T11:00:19","modified_gmt":"2025-10-07T09:00:19","slug":"ddoptics-capac-de-protectie-flip-cap-set-pentru-luneta","status":"publish","type":"product","link":"https:\/\/ddoptics.shop\/ro\/kaufen\/ddoptics-schutzkappe-flip-cap-set-fuer-zielfernrohr\/","title":{"rendered":"Set capac de protec\u021bie \/ capac flip DDoptics (ocular + obiectiv) pentru lunete DDoptics"},"content":{"rendered":"<h2>DDoptics Flip Cap (negru) pentru ocular \u0219i obiectiv de pu\u0219c\u0103 - capace de protec\u021bie sau capace de acoperire<\/h2>\n<div class=\"row\"  id=\"row-1887535436\">\n\n\t<div id=\"col-49528646\" class=\"col medium-8 small-12 large-8\"  >\n\t\t\t\t<div class=\"col-inner\"  >\n\t\t\t\n\t\t\t\n<p>Acum nou: <strong>Capace de protec\u021bie DDoptics<\/strong> - numit \u0219i flip cap - <strong>pentru ocular \u0219i lentil\u0103.<\/strong><\/p>\n<p>The<strong> Set capac flip \/ capac de protec\u021bie<\/strong> pentru lunete este <strong>disponibil la un pre\u021b special cu un lunetist DDoptics comandat.<\/strong> Astfel, luneta DDoptics este protejat\u0103 la 100%.<\/p>\n<blockquote><p>Capacele flip sunt perfect adaptate la lunet\u0103 \u0219i sunt, de asemenea, fixate ferm pe lunet\u0103 datorit\u0103 suportului special din cauciuc.<\/p><\/blockquote>\n<p>The <strong>capac negru<\/strong> cu <strong>imprimare logo discret\u0103<\/strong> poate fi deschis \u0219i \u00eenchis cu u\u0219urin\u021b\u0103 cu ajutorul unei cleme cu arc.<\/p>\n<h3>Descrierea produsului Capac flip pentru lunet\u0103, capace de protec\u021bie sau capace de acoperire<\/h3>\n<ul>\n<li><strong>disponibil pentru toate lunetele DDoptics Nighteagle \u0219i NFX<\/strong><\/li>\n<li>pentru a proteja \u00eentreaga optic\u0103<\/li>\n<li>Cu suport special din cauciuc pentru o fixare sigur\u0103<\/li>\n<li>Capacul este u\u0219or de deschis \u0219i \u00eenchis<\/li>\n<li>cu prindere cu clem\u0103 de arc<\/li>\n<li>negru cu logo subtil imprimat<\/li>\n<\/ul>\n\t\t<\/div>\n\t\t\t\t\t<\/div>\n\n\t\n\n\t<div id=\"col-663658483\" class=\"col medium-4 small-12 large-4\"  >\n\t\t\t\t<div class=\"col-inner\"  >\n\t\t\t\n\t\t\t\n<a class=\"button primary expand\" >\n\t\t<span>Caracteristici speciale lunet\u0103<\/span>\n\t<\/a>\n\n\n\t<section class=\"section\" id=\"section_1014182381\">\n\t\t<div class=\"section-bg fill\" >\n\t\t\t\t\t\t\t\t\t<div class=\"section-bg-overlay absolute fill\"><\/div>\n\t\t\t\n\n\t\t<\/div>\n\n\t\t\n\n\t\t<div class=\"section-content relative\">\n\t\t\t\n\t<div class=\"img has-hover x md-x lg-x y md-y lg-y\" id=\"image_1567741598\">\n\t\t<a class=\"\" href=\"https:\/\/www.ddoptics.de\/garantiebestimmungen\" target=\"_blank\" rel=\"no follow noopener\">\t\t\t\t\t\t<div class=\"img-inner dark\" >\n\t\t\t<img decoding=\"async\" width=\"352\" height=\"160\" src=\"https:\/\/ddoptics.shop\/wp-content\/uploads\/2014\/09\/DDoptics-Garantie.jpg\" class=\"attachment-large size-large\" alt=\"Garan\u021bia DDoptics\" srcset=\"https:\/\/ddoptics.shop\/wp-content\/uploads\/2014\/09\/DDoptics-Garantie.jpg 352w, https:\/\/ddoptics.shop\/wp-content\/uploads\/2014\/09\/DDoptics-Garantie-304x138.jpg 304w, https:\/\/ddoptics.shop\/wp-content\/uploads\/2014\/09\/DDoptics-Garantie-305x139.jpg 305w, https:\/\/ddoptics.shop\/wp-content\/uploads\/2014\/09\/DDoptics-Garantie-250x114.jpg 250w\" sizes=\"(max-width: 352px) 100vw, 352px\" title=\"\">\t\t\t\t\t\t\n\t\t\t\t\t<\/div>\n\t\t\t\t\t\t<\/a>\t\t\n<style>\n#image_1567741598 {\n  width: 100%;\n}\n<\/style>\n\t<\/div>\n\t\n\t<div id=\"gap-1339509332\" class=\"gap-element clearfix\" style=\"display:block; height:auto;\">\n\t\t\n<style>\n#gap-1339509332 {\n  padding-top: 15px;\n}\n<\/style>\n\t<\/div>\n\t\n\t<div id=\"text-2095160151\" class=\"text\">\n\t\t\n<p><span style=\"font-size: 80%;\"><em>\u21d2 comand\u0103 simpl\u0103 \u00een combina\u021bie cu o vedere optic\u0103<br \/>\n\u21d2 Compus din capace de protec\u021bie pentru ocular \u0219i lentil\u0103<br \/>\n\u21d2 dimensiunea respectiv\u0103 poate fi selectat\u0103 individual<br \/>\n\u21d2 pentru a proteja \u00eentreaga optic\u0103<br \/>\n\u21d2 cu suport special din cauciuc pentru o fixare sigur\u0103<br \/>\n\u21d2 Capacul este u\u0219or de deschis \u0219i \u00eenchis<br \/>\n\u21d2 negru cu logo subtil imprimat<br \/>\n<\/em><\/span><\/p>\n\t\t\n<style>\n#text-2095160151 {\n  line-height: 1.15;\n  color: rgb(33, 107, 227);\n}\n#text-2095160151 > * {\n  color: rgb(33, 107, 227);\n}\n<\/style>\n\t<\/div>\n\t\n\t\t<\/div>\n\n\t\t\n<style>\n#section_1014182381 {\n  padding-top: 30px;\n  padding-bottom: 30px;\n  background-color: rgb(232, 232, 232);\n}\n#section_1014182381 .section-bg-overlay {\n  background-color: rgba(255,255,255,.5);\n}\n<\/style>\n\t<\/section>\n\t\n<div class=\"is-divider divider clearfix\" ><\/div>\n\t\t<\/div>\n\t\t\t\t\t<\/div>\n\n\t\n<\/div>","protected":false},"excerpt":{"rendered":"<p>DDoptics Flip Cap SET (negru) pentru ocular \u0219i obiectiv \u00eentr-o ofert\u0103 atractiv\u0103.<\/p>","protected":false},"featured_media":12827,"comment_status":"open","ping_status":"closed","template":"","meta":{"inline_featured_image":false,"footnotes":""},"product_brand":[],"product_cat":[],"product_tag":[754,755,753,762],"class_list":{"0":"post-12812","1":"product","2":"type-product","3":"status-publish","4":"has-post-thumbnail","6":"product_tag-abdeckkappen","7":"product_tag-flip-cap","8":"product_tag-schutzkappe","9":"product_tag-zf-schutzkappen","10":"product_shipping_class-paket","11":"pa_brand-marke-ddoptics","12":"pa_farbe-schwarz","14":"first","15":"instock","16":"taxable","17":"shipping-taxable","18":"purchasable","19":"product-type-variable"},"bundled_by":["12806","12245","12177","9201","1963","1942","555","12196","11793","10517","2003","1994","12862","17654","18770","18833","21141","23245","23519","23563","25839","26806","26986","27680","27817","27932"],"bundle_stock_status":"instock","bundle_stock_quantity":null,"bundle_virtual":false,"bundle_layout":"","bundle_add_to_cart_form_location":"","bundle_editable_in_cart":false,"bundle_sold_individually_context":"","bundle_item_grouping":"","bundle_min_size":"","bundle_max_size":"","bundle_price":[],"bundled_items":[],"bundle_sell_ids":[],"_links":{"self":[{"href":"https:\/\/ddoptics.shop\/ro\/wp-json\/wp\/v2\/product\/12812","targetHints":{"allow":["GET"]}}],"collection":[{"href":"https:\/\/ddoptics.shop\/ro\/wp-json\/wp\/v2\/product"}],"about":[{"href":"https:\/\/ddoptics.shop\/ro\/wp-json\/wp\/v2\/types\/product"}],"replies":[{"embeddable":true,"href":"https:\/\/ddoptics.shop\/ro\/wp-json\/wp\/v2\/comments?post=12812"}],"version-history":[{"count":4,"href":"https:\/\/ddoptics.shop\/ro\/wp-json\/wp\/v2\/product\/12812\/revisions"}],"predecessor-version":[{"id":29217,"href":"https:\/\/ddoptics.shop\/ro\/wp-json\/wp\/v2\/product\/12812\/revisions\/29217"}],"wp:featuredmedia":[{"embeddable":true,"href":"https:\/\/ddoptics.shop\/ro\/wp-json\/wp\/v2\/media\/12827"}],"wp:attachment":[{"href":"https:\/\/ddoptics.shop\/ro\/wp-json\/wp\/v2\/media?parent=12812"}],"wp:term":[{"taxonomy":"product_brand","embeddable":true,"href":"https:\/\/ddoptics.shop\/ro\/wp-json\/wp\/v2\/product_brand?post=12812"},{"taxonomy":"product_cat","embeddable":true,"href":"https:\/\/ddoptics.shop\/ro\/wp-json\/wp\/v2\/product_cat?post=12812"},{"taxonomy":"product_tag","embeddable":true,"href":"https:\/\/ddoptics.shop\/ro\/wp-json\/wp\/v2\/product_tag?post=12812"}],"curies":[{"name":"wp","href":"https:\/\/api.w.org\/{rel}","templated":true}]}}