{"id":12862,"date":"2019-02-18T12:21:05","date_gmt":"2019-02-18T11:21:05","guid":{"rendered":"https:\/\/ddoptics.shop\/?post_type=product&#038;p=12862"},"modified":"2026-02-02T17:31:16","modified_gmt":"2026-02-02T16:31:16","slug":"ddoptics-v6-pusca-5-30x56-ddmp-mrad","status":"publish","type":"product","link":"https:\/\/ddoptics.shop\/ro\/kaufen\/ddoptics-v6-zielfernrohr-5-30x56-ddmp-mrad\/","title":{"rendered":"Lunet\u0103 5-30\u00d756 DDMP de la DDoptics | V6 | TacA | Reglare MRAD - Gen 3"},"content":{"rendered":"<div class=\"container section-title-container\" ><h3 class=\"section-title section-title-normal\"><b aria-hidden=\"true\"><\/b><span class=\"section-title-main\" ><i class=\"icon-cross\" aria-hidden=\"true\"><\/i>Privire rapid\u0103 asupra lunetei V6 5-30x56 DDMP - MRAD - 1 cm \/100 m reglaj click<\/span><b aria-hidden=\"true\"><\/b><\/h3><\/div>\n<table style=\"background-color: #cacaca;\">\n<tbody>\n<tr style=\"height: 24px;\">\n<td style=\"height: 24px; text-align: left; width: 20%;\"><strong>Tub:<\/strong><\/td>\n<td style=\"height: 24px; text-align: left; width: 30%;\">Tub mono de 34 mm<\/td>\n<td style=\"height: 24px; text-align: left; width: 20%;\"><strong>C\u00e2mpul vizual: m @100m:<\/strong><\/td>\n<td style=\"height: 24px; text-align: left; width: 30%;\">7,04-1,05 m<\/td>\n<\/tr>\n<tr style=\"height: 24px;\">\n<td style=\"height: 24px; text-align: left; width: 20%;\"><strong>Sistem optic:<\/strong><\/td>\n<td style=\"height: 24px; text-align: left; width: 30%;\">5-30 de ori<\/td>\n<td style=\"height: 24px; text-align: left; width: 20%;\"><strong>Distan\u021ba interpupilar\u0103:<\/strong><\/td>\n<td style=\"height: 24px; text-align: left; width: 30%;\">85-97 mm<\/td>\n<\/tr>\n<tr style=\"height: 24px;\">\n<td style=\"height: 24px; text-align: left; width: 20%;\"><strong>Obiectiv:<\/strong><\/td>\n<td style=\"height: 24px; text-align: left; width: 30%;\">56 mm<\/td>\n<td style=\"height: 24px; text-align: left; width: 20%;\"><strong>Lungime:<\/strong><\/td>\n<td style=\"height: 24px; text-align: left; width: 30%;\">368 mm<\/td>\n<\/tr>\n<tr style=\"height: 24px;\">\n<td style=\"height: 24px; text-align: left; width: 20%;\"><strong>Reticul:<\/strong><\/td>\n<td style=\"height: 24px; text-align: left; width: 30%;\">TacA<\/td>\n<td style=\"height: 24px; text-align: left; width: 20%;\"><strong>Greutate:<\/strong><\/td>\n<td style=\"height: 24px; text-align: left; width: 30%;\">1068 g<\/td>\n<\/tr>\n<tr style=\"height: 24px;\">\n<td style=\"height: 24px; text-align: left; width: 20%;\"><strong>Punct de lumin\u0103<\/strong><\/td>\n<td style=\"height: 24px; text-align: left; width: 30%;\">Standard sau iFibre<\/td>\n<td style=\"height: 24px; text-align: left; width: 20%;\"><strong>Protec\u021bie \u00eempotriva ce\u021bii:<\/strong><\/td>\n<td style=\"height: 24px; text-align: left; width: 30%;\">Umplere cu azot \u00eempotriva aburului<\/td>\n<\/tr>\n<tr style=\"height: 24px;\">\n<td style=\"height: 24px; text-align: left; width: 20%;\"><strong>Focalizare\/paralax\u0103:<\/strong><\/td>\n<td style=\"height: 24px; text-align: left; width: 30%;\">Lentile reglabile de la 25-1000 m la infinit<\/td>\n<td style=\"height: 24px; text-align: left; width: 20%;\"><strong>Str\u00e2nsoare:<\/strong><\/td>\n<td style=\"height: 24px; text-align: left; width: 30%;\">Rezistent la ap\u0103 \u0219i la impact<\/td>\n<\/tr>\n<\/tbody>\n<\/table>\n<div class=\"row\"  id=\"row-961538220\">\n\n\t<div id=\"col-1005365703\" class=\"col medium-8 small-12 large-8\"  >\n\t\t\t\t<div class=\"col-inner\"  >\n\t\t\t\n\t\t\t\n<h2>Luneta 5-30\u00d756 - V6 DDMP | MRAD de la DDoptics - precizie absolut\u0103 \u00een intervalul mediu de la 100 la 1000 m<\/h2>\n<p>Fie ca <strong>Riflescope \u00een domeniul sportiv cu raz\u0103 lung\u0103 de ac\u021biune<\/strong> sau distan\u021ba medie de 100 \u0219i 1.000 de metri. Luneta ultramodern\u0103 DDoptics <strong>5-30\u00d756<\/strong> DDMP acoper\u0103 \u00eentregul \u201espectru complet\u201c de aplica\u021bii posibile.<\/p>\n<p>Cu o gam\u0103 uria\u0219\u0103 de reglaj de 30 MRAD (29,6) - adic\u0103 100 MOA - se pot realiza distan\u021be de p\u00e2n\u0103 la 2.000 m \u0219i mai mult. \u00centreaga gam\u0103 de reglaj este acoperit\u0103 cu doar 3 rota\u021bii, ceea ce face posibil\u0103 realizarea unei distan\u021be extrem de mari.<strong> Schimbare rapid\u0103 a diferitelor distan\u021be de fotografiere<\/strong> posibil.<\/p>\n<h3>Reticul 5-30\u00d756 DDMP V6 TacA de la DDoptics<\/h3>\n<p>Reticulul TacA este extrem de u\u0219or de utilizat. <strong>Astfel, datorit\u0103 primului plan al imaginii, distan\u021ba de la o linie complet\u0103 la alta este \u00eentotdeauna exact 1 MRAD \u21d2 10 cm<\/strong> la 100 m. Liniile intermediare indic\u0103 <strong>0,5 MRAD \u21d2 5 cm.<\/strong><\/p>\n<p>Grinzile conice \u00een form\u0103 de s\u0103geat\u0103 au fost p\u0103strate \u00een mod deliberat transparente, astfel \u00eenc\u00e2t chiar \u0219i <strong>Nimic ascuns \u00een spatele reticulului<\/strong> r\u0103m\u00e2ne.<\/p>\n\t\t<\/div>\n\t\t\t\t\t<\/div>\n\n\t\n\n\t<div id=\"col-1428767227\" class=\"col medium-4 small-12 large-4\"  >\n\t\t\t\t<div class=\"col-inner\"  >\n\t\t\t\n\t\t\t\n<a class=\"button primary expand\" >\n\t\t<span>Caracteristici speciale lunet\u0103<\/span>\n\t<\/a>\n\n\n\t<section class=\"section\" id=\"section_1792198015\">\n\t\t<div class=\"section-bg fill\" >\n\t\t\t\t\t\t\t\t\t<div class=\"section-bg-overlay absolute fill\"><\/div>\n\t\t\t\n\n\t\t<\/div>\n\n\t\t\n\n\t\t<div class=\"section-content relative\">\n\t\t\t\n\t<div class=\"img has-hover x md-x lg-x y md-y lg-y\" id=\"image_960487861\">\n\t\t<a class=\"\" href=\"https:\/\/www.ddoptics.de\/garantiebestimmungen\" target=\"_blank\" rel=\"no follow noopener\">\t\t\t\t\t\t<div class=\"img-inner dark\" >\n\t\t\t<img decoding=\"async\" width=\"352\" height=\"160\" src=\"https:\/\/ddoptics.shop\/wp-content\/uploads\/2014\/09\/DDoptics-Garantie.jpg\" class=\"attachment-large size-large\" alt=\"Garan\u021bia DDoptics\" srcset=\"https:\/\/ddoptics.shop\/wp-content\/uploads\/2014\/09\/DDoptics-Garantie.jpg 352w, https:\/\/ddoptics.shop\/wp-content\/uploads\/2014\/09\/DDoptics-Garantie-304x138.jpg 304w, https:\/\/ddoptics.shop\/wp-content\/uploads\/2014\/09\/DDoptics-Garantie-305x139.jpg 305w, https:\/\/ddoptics.shop\/wp-content\/uploads\/2014\/09\/DDoptics-Garantie-250x114.jpg 250w\" sizes=\"(max-width: 352px) 100vw, 352px\" title=\"\">\t\t\t\t\t\t\n\t\t\t\t\t<\/div>\n\t\t\t\t\t\t<\/a>\t\t\n<style>\n#image_960487861 {\n  width: 100%;\n}\n<\/style>\n\t<\/div>\n\t\n\t<div id=\"gap-917681791\" class=\"gap-element clearfix\" style=\"display:block; height:auto;\">\n\t\t\n<style>\n#gap-917681791 {\n  padding-top: 15px;\n}\n<\/style>\n\t<\/div>\n\t\n\t<div id=\"text-2362631288\" class=\"text\">\n\t\t\n<p><span style=\"font-size: 80%;\"><em>\u21d2 DDMP - DDoptics Match Precision<br \/>\n\u21d2 Perfect pentru \u021binta\u0219ul exigent<br \/>\n\u21d2 Intervalul de reglare de 30 MRAD permite fotografii extrem de lungi<br \/>\n\u21d2 Tub robust de 34 mm<br \/>\n\u21d2 Turele metalice tactice mari (f\u0103r\u0103 plastic)<br \/>\n\u21d2 Scalare dubl\u0103 (\u00eentoarcere dubl\u0103)<br \/>\n\u21d2 Oprire zero intern\u0103 pentru ASV (oprire zero)<br \/>\n\u21d2 Detent tactic dur de 0,1 MRAD cu clic (1cm\/clic)<br \/>\n\u21d2 O revolu\u021bie = 10 MRAD<br \/>\n\u21d2 Noul reticul tacA \u00een primul plan focal<br \/>\n\u21d2 Nivelare paralax\u0103 puternic\u0103 cu 25-1000-\u221e<br \/>\n<\/em><\/span><\/p>\n\t\t\n<style>\n#text-2362631288 {\n  line-height: 1.15;\n  color: rgb(33, 107, 227);\n}\n#text-2362631288 > * {\n  color: rgb(33, 107, 227);\n}\n<\/style>\n\t<\/div>\n\t\n\t\t<\/div>\n\n\t\t\n<style>\n#section_1792198015 {\n  padding-top: 30px;\n  padding-bottom: 30px;\n  background-color: rgb(232, 232, 232);\n}\n#section_1792198015 .section-bg-overlay {\n  background-color: rgba(255,255,255,.5);\n}\n<\/style>\n\t<\/section>\n\t\n<div class=\"is-divider divider clearfix\" ><\/div>\n\t\t<\/div>\n\t\t\t\t\t<\/div>\n\n\t\n<\/div>\n\t<div class=\"img has-hover x md-x lg-x y md-y lg-y\" id=\"image_632751814\">\n\t\t\t\t\t\t\t\t<div class=\"img-inner dark\" >\n\t\t\t<img decoding=\"async\" width=\"1020\" height=\"669\" src=\"https:\/\/ddoptics.shop\/wp-content\/uploads\/2019\/02\/DDoptics-V6-Zielfernrohr-5-30x56-Zeichnung.jpg\" class=\"attachment-large size-large\" alt=\"DDoptics V6 pu\u0219c\u0103 5-30x56 DDMP desen\" srcset=\"https:\/\/ddoptics.shop\/wp-content\/uploads\/2019\/02\/DDoptics-V6-Zielfernrohr-5-30x56-Zeichnung.jpg 1200w, https:\/\/ddoptics.shop\/wp-content\/uploads\/2019\/02\/DDoptics-V6-Zielfernrohr-5-30x56-Zeichnung-304x199.jpg 304w, https:\/\/ddoptics.shop\/wp-content\/uploads\/2019\/02\/DDoptics-V6-Zielfernrohr-5-30x56-Zeichnung-305x200.jpg 305w, https:\/\/ddoptics.shop\/wp-content\/uploads\/2019\/02\/DDoptics-V6-Zielfernrohr-5-30x56-Zeichnung-632x414.jpg 632w, https:\/\/ddoptics.shop\/wp-content\/uploads\/2019\/02\/DDoptics-V6-Zielfernrohr-5-30x56-Zeichnung-800x525.jpg 800w, https:\/\/ddoptics.shop\/wp-content\/uploads\/2019\/02\/DDoptics-V6-Zielfernrohr-5-30x56-Zeichnung-510x334.jpg 510w, https:\/\/ddoptics.shop\/wp-content\/uploads\/2019\/02\/DDoptics-V6-Zielfernrohr-5-30x56-Zeichnung-250x164.jpg 250w\" sizes=\"(max-width: 1020px) 100vw, 1020px\" title=\"\">\t\t\t\t\t\t\n\t\t\t\t\t<\/div>\n\t\t\t\t\t\t\t\t\n<style>\n#image_632751814 {\n  width: 100%;\n}\n<\/style>\n\t<\/div>\n\t\n<h3>DDoptics V6 riflescope 5-30\u00d756 DDMP: Punct iluminat continuu de la lumina zilei la modul de vedere pe timp de noapte<\/h3>\n<p>The <strong>Unitatea u\u0219oar\u0103 a TacA<\/strong> este un sistem perfect echilibrat, cu dinamic\u0103 maxim\u0103. Sistemul <strong>primele niveluri de luminozitate doar un punct luminos extrem de mic<\/strong> s\u0103 recunoasc\u0103.<\/p>\n<p>Acest lucru poate fi chiar atenuat \u00eentr-o asemenea m\u0103sur\u0103 \u00eenc\u00e2t acest <strong>poate fi utilizat \u0219i cu un dispozitiv de vedere pe timp de noapte.<\/strong> Dac\u0103 punctul luminat este ridicat mai mult, atunci<strong> lumineaz\u0103 \u00eentreaga camer\u0103 de la o anumit\u0103 intensitate luminoas\u0103. <a href=\"https:\/\/de.wikipedia.org\/wiki\/Ballistik\" target=\"_blank\" rel=\"noopener sponsored\" data-schema-attribute=\"\">balistic<\/a> Reticul<\/strong> cu.<\/p>\n<p>\u00cen func\u021bie de aplica\u021bie <strong>poate fi selectat \u00eentre punctul pur sau reticul complet iluminat<\/strong>. Oprirea automat\u0103 cu control inteligent poate fi, de asemenea, selectat\u0103 pentru aceast\u0103 vedere optic\u0103.<\/p>\n<h3>Intervalul total de reglare al lunetei DDoptics<a href=\"https:\/\/ddoptics.shop\/ro\/magazin\/vedere-telescopica\/v6-6x-zoom\/\" target=\"_blank\" rel=\"noopener\" data-schema-attribute=\"\"> V6 lunet\u0103<\/a> 5-30\u00d756 DDMP:<\/h3>\n<p>The\u00a0<strong>luneta 5-30\u00d756<\/strong> are un<strong> Reglare tactic\u0103 de 0,1 mrad<\/strong>. Pentru utilizator, aceasta \u00eenseamn\u0103 <strong>Aplica\u021bie simpl\u0103 pentru Europa \u00een conformitate cu sistemul zecimal<\/strong>.<\/p>\n<p>Cursa total\u0103 de reglare pe 100 m: 29,6 <a href=\"https:\/\/ddoptics.shop\/ro\/termen-tehnic\/calculul-minutei-unghiulare-sau-moa-pentru-luneta\/\" target=\"_blank\" rel=\"noopener noreferrer\">MRAD<\/a><\/p>\n<ul>\n<li>Curs\u0103 de reglare \/ clic pe 100 m: 1 cm<\/li>\n<li>Interval de reglare \/ clic la 200 m: 2 cm<\/li>\n<li>Interval de reglare \/ clic la 300 m: 3 cm<\/li>\n<li>Curs\u0103 de reglare \/ clic la 900 m: 9 cm<\/li>\n<\/ul>\n<h3>DDoptics V6 pu\u0219c\u0103 5-30\u00d756 DDMP - Zerostop intern, precis<\/h3>\n<figure id=\"attachment_12866\" aria-describedby=\"caption-attachment-12866\" style=\"width: 350px\" class=\"wp-caption alignright\"><a href=\"https:\/\/ddoptics.shop\/wp-content\/uploads\/2019\/02\/Interner-Zerostop-5-30x56.jpg\"><img decoding=\"async\" class=\"wp-image-12866\" src=\"https:\/\/ddoptics.shop\/wp-content\/uploads\/2019\/02\/Interner-Zerostop-5-30x56.jpg\" alt=\"lunete interne Zerostop 5-30x56 DDoptics\" width=\"350\" height=\"233\" title=\"\" srcset=\"https:\/\/ddoptics.shop\/wp-content\/uploads\/2019\/02\/Interner-Zerostop-5-30x56.jpg 600w, https:\/\/ddoptics.shop\/wp-content\/uploads\/2019\/02\/Interner-Zerostop-5-30x56-304x203.jpg 304w, https:\/\/ddoptics.shop\/wp-content\/uploads\/2019\/02\/Interner-Zerostop-5-30x56-305x203.jpg 305w, https:\/\/ddoptics.shop\/wp-content\/uploads\/2019\/02\/Interner-Zerostop-5-30x56-510x340.jpg 510w, https:\/\/ddoptics.shop\/wp-content\/uploads\/2019\/02\/Interner-Zerostop-5-30x56-250x167.jpg 250w\" sizes=\"(max-width: 350px) 100vw, 350px\" \/><\/a><figcaption id=\"caption-attachment-12866\" class=\"wp-caption-text\">lunete interne Zerostop 5-30\u00d756 DDoptics<\/figcaption><\/figure>\n<p>Dup\u0103 \u00eendep\u0103rtarea<strong> Capace de turel\u0103 de la reglarea reticulului de 5-30\u00d756\u00a0<\/strong>turnul poate fi <strong>prin sl\u0103birea a 3 \u0219uruburi de fixare<\/strong> scoate\u021bi \u00een sus. Dedesubt ve\u021bi g\u0103si Zerostop sub forma unui disc rotund, negru.<\/p>\n<p>Zerostop se regleaz\u0103 dup\u0103 tragere prin sl\u0103birea celor (de asemenea) 3 \u0219uruburi de fixare de pe discul Zerostop. Atunci c\u00e2nd este sl\u0103bit, discul poate fi rotit p\u00e2n\u0103 la oprire f\u0103r\u0103 niciun efect \u0219i <strong>apoi fixat din nou cu \u0219uruburile de fixare<\/strong> devin.<\/p>\n<p>Pute\u021bi vedea oprirea pe imagine \u00eentre \u021bint\u0103 \u0219i vizorul optic. Apoi<strong> Repozi\u021biona\u021bi turnul \u00een pozi\u021bia zero \u0219i bloca\u021bi-l \u00een pozi\u021bie cu ajutorul celor 3 \u0219uruburi de fixare.\u00a0<\/strong>Zerostop se opre\u0219te acum exact la distan\u021ba pe care a\u021bi setat-o.<\/p>","protected":false},"excerpt":{"rendered":"<p><img decoding=\"async\" class=\"alignnone wp-image-10452 size-full\" title=\"Tir sportiv\" src=\"https:\/\/ddoptics.shop\/wp-content\/uploads\/2016\/07\/Target-Schiessen.jpg\" alt=\"Tragere la \u021bint\u0103\" width=\"50\" height=\"50\" \/><img decoding=\"async\" class=\"alignnone wp-image-10168 size-full\" title=\"Stand de v\u00e2n\u0103toare\" src=\"https:\/\/ddoptics.shop\/wp-content\/uploads\/2016\/09\/Jagd-klein.jpg\" alt=\"Binoclu de v\u00e2n\u0103toare\" width=\"50\" height=\"50\" \/><img decoding=\"async\" class=\"alignnone wp-image-10178 size-full\" title=\"V\u00e2n\u0103toare montan\u0103\" src=\"https:\/\/ddoptics.shop\/wp-content\/uploads\/2016\/04\/Gebirgsjagd-klein.jpg\" alt=\"Binoclu de v\u00e2n\u0103toare de munte\" width=\"50\" height=\"50\" \/><\/p>\n<p><strong><span style=\"color: #ed1c24;\">Important: Noul reticul tacA \u00een primul plan focal<\/span><\/strong><\/p>\n<p>O nou\u0103 optic\u0103 de ochire extrem\u0103 care <strong>aproape toate domeniile<\/strong> acoper\u0103. De la tir sportiv, la v\u00e2n\u0103toare de animale ascunse, la v\u00e2n\u0103toare montan\u0103 - p\u00e2n\u0103 la ultimul foc de pu\u0219c\u0103. <strong>Op\u021bional, cu tacA inteligent <a title=\"NOU DDoptics IFiber punct luminat\" href=\"\/ro\/termen-tehnic-wiki\/inteligent-ddoptics-ifiber-light-point\/\" target=\"_blank\" rel=\"noopener noreferrer\">Punct de lumin\u0103 IFibre<\/a> pentru doar 99,- \u20ac tax\u0103 suplimentar\u0103.<\/strong><\/p>\n<a href=\"https:\/\/amzn.to\/3RI5BKD\" target=\"_blank\" class=\"button success is-success is-small\" rel=\"\u201dnofollow\u201d noopener\" >\n\t\t<span>client amazon? - folosi\u021bi beneficiile prime?<\/span>\n\t<\/a>","protected":false},"featured_media":12872,"comment_status":"open","ping_status":"closed","template":"","meta":{"inline_featured_image":false,"footnotes":""},"product_brand":[],"product_cat":[768,454,638,697,640,641,919,637],"product_tag":[764,78,80,698,79],"class_list":{"0":"post-12862","1":"product","2":"type-product","3":"status-publish","4":"has-post-thumbnail","6":"product_cat-5-30x56","7":"product_cat-56-mm-objektivdurchmesser","8":"product_cat-ansitzjagd","9":"product_cat-mrad-klickverstellung","10":"product_cat-pirschjagd-und-gebirgsjagd","11":"product_cat-sportschiessen","12":"product_cat-v6-6-fach-zoom","13":"product_cat-zf-anwendung","14":"product_tag-5-30x56","15":"product_tag-ddoptics","16":"product_tag-gen-3","17":"product_tag-mrad-1-cm-klickverstellung","18":"product_tag-zielfernrohr","19":"product_shipping_class-paket","20":"pa_brand-marke-ddoptics","21":"pa_produkt-typ-zielfernrohr","23":"first","24":"instock","25":"sale","26":"taxable","27":"shipping-taxable","28":"purchasable","29":"product-type-bundle"},"bundled_by":[],"bundle_stock_status":"instock","bundle_stock_quantity":"","bundle_virtual":false,"bundle_layout":"default","bundle_add_to_cart_form_location":"default","bundle_editable_in_cart":false,"bundle_sold_individually_context":"product","bundle_item_grouping":"parent","bundle_min_size":"","bundle_max_size":"","bundle_price":{"price":{"min":{"incl_tax":"1520","excl_tax":"1266.67"},"max":{"incl_tax":"1624.32","excl_tax":"1353.6"}},"regular_price":{"min":{"incl_tax":"1899","excl_tax":"1582.5"},"max":{"incl_tax":"2014.9","excl_tax":"1679.08"}}},"bundled_items":[{"bundled_item_id":76,"product_id":16795,"menu_order":0,"quantity_min":1,"quantity_max":1,"quantity_default":1,"priced_individually":true,"shipped_individually":false,"override_title":true,"title":"","override_description":false,"description":"","optional":false,"hide_thumbnail":true,"discount":"","override_variations":false,"allowed_variations":[],"override_default_variation_attributes":true,"default_variation_attributes":[{"id":36,"name":"tacA punct luminat","option":"ddoptics-taca-normales-leuchtabsehen"}],"single_product_visibility":"visible","cart_visibility":"visible","order_visibility":"visible","single_product_price_visibility":"visible","cart_price_visibility":"visible","order_price_visibility":"visible","stock_status":"in_stock"},{"bundled_item_id":75,"product_id":12812,"menu_order":1,"quantity_min":1,"quantity_max":1,"quantity_default":1,"priced_individually":true,"shipped_individually":false,"override_title":true,"title":"Aproape ca un cadou - Flip Caps SET","override_description":true,"description":"","optional":true,"hide_thumbnail":true,"discount":"68.55","override_variations":true,"allowed_variations":[12870],"override_default_variation_attributes":true,"default_variation_attributes":[{"id":17,"name":"Dimensiunea lunetei","option":"5-30x56"}],"single_product_visibility":"visible","cart_visibility":"visible","order_visibility":"visible","single_product_price_visibility":"visible","cart_price_visibility":"visible","order_price_visibility":"visible","stock_status":"in_stock"}],"bundle_sell_ids":[],"_links":{"self":[{"href":"https:\/\/ddoptics.shop\/ro\/wp-json\/wp\/v2\/product\/12862","targetHints":{"allow":["GET"]}}],"collection":[{"href":"https:\/\/ddoptics.shop\/ro\/wp-json\/wp\/v2\/product"}],"about":[{"href":"https:\/\/ddoptics.shop\/ro\/wp-json\/wp\/v2\/types\/product"}],"replies":[{"embeddable":true,"href":"https:\/\/ddoptics.shop\/ro\/wp-json\/wp\/v2\/comments?post=12862"}],"version-history":[{"count":18,"href":"https:\/\/ddoptics.shop\/ro\/wp-json\/wp\/v2\/product\/12862\/revisions"}],"predecessor-version":[{"id":29573,"href":"https:\/\/ddoptics.shop\/ro\/wp-json\/wp\/v2\/product\/12862\/revisions\/29573"}],"wp:featuredmedia":[{"embeddable":true,"href":"https:\/\/ddoptics.shop\/ro\/wp-json\/wp\/v2\/media\/12872"}],"wp:attachment":[{"href":"https:\/\/ddoptics.shop\/ro\/wp-json\/wp\/v2\/media?parent=12862"}],"wp:term":[{"taxonomy":"product_brand","embeddable":true,"href":"https:\/\/ddoptics.shop\/ro\/wp-json\/wp\/v2\/product_brand?post=12862"},{"taxonomy":"product_cat","embeddable":true,"href":"https:\/\/ddoptics.shop\/ro\/wp-json\/wp\/v2\/product_cat?post=12862"},{"taxonomy":"product_tag","embeddable":true,"href":"https:\/\/ddoptics.shop\/ro\/wp-json\/wp\/v2\/product_tag?post=12862"}],"curies":[{"name":"wp","href":"https:\/\/api.w.org\/{rel}","templated":true}]}}