{"id":13363,"date":"2019-04-11T09:25:11","date_gmt":"2019-04-11T07:25:11","guid":{"rendered":"https:\/\/ddoptics.shop\/?post_type=product&#038;p=13363"},"modified":"2025-06-27T13:48:22","modified_gmt":"2025-06-27T11:48:22","slug":"binoclu-ddoptics-lux-hr-8x25-ed-pocket","status":"publish","type":"product","link":"https:\/\/ddoptics.shop\/ro\/kaufen\/fernglas-ddoptics-lux-hr-8x25-ed-pocket\/","title":{"rendered":"Binoclu DDoptics Lux-HR 8\u00d725 ED \u201cPocket\u201d"},"content":{"rendered":"<div class=\"row\"  id=\"row-141702579\">\n\n\t<div id=\"col-112073877\" class=\"col medium-8 small-12 large-8\"  >\n\t\t\t\t<div class=\"col-inner\"  >\n\t\t\t\n\t\t\t\n<h2>Foarte bun \u0219i accesibil. Binoclul u\u0219or \u0219i compact DDoptics Lux-HR 8\u00d725 ED \u201cPocket\u201d<\/h2>\n<p>Noul binoclu Lux-HR 8\u00d725 \u201cPocket\u201d ED este un binoclu de \u00eenalt\u0103 calitate care \u00eencape \u00een buzunarul oric\u0103rei jachete.<\/p>\n<p>The <strong>DDoptics Lux-HR \u201cPocket\u201d ED<\/strong> vine<strong> Datorit\u0103 carcasei stabile \u0219i u\u0219oare din magneziu<\/strong> la o greutate mai mic\u0103 de 300 de grame.<\/p>\n<p>Cu acest <strong>Mini binoclu<\/strong> \u00cen ciuda dimensiunilor sale mici, ve\u021bi ob\u021bine un ecran luminos \u0219i<strong> imagine clar\u0103<\/strong> cu o rezolu\u021bie excelent\u0103. Acesta poate fi, de asemenea, utilizat bine \u00een amurg - desigur, nu la fel de mult ca binoclurile cu un obiectiv de 42 mm. <strong>Lux-HR 8\u00d725 \u201cPocket\u201d ED<\/strong> combin\u0103 lumina \u0219i<strong> Design compact<\/strong> cu \u201cpl\u0103cerea vizion\u0103rii\u201d optice str\u0103lucitoare.<\/p>\n<p>Detaliu important: ochelarii sunt de asemenea realiza\u021bi din metal \u0219i acoperi\u021bi cu cauciuc.<\/p>\n<h3>Instalarea componentelor optice de \u00eenalt\u0103 calitate \u00een binoclul 8\u00d725<\/h3>\n<p>La fel ca la toate binoclurile DDoptics Lux-HR <strong>Lentile pentru aplatizarea c\u00e2mpului<\/strong> \u00eencorporat. Aceasta este o specialitate absolut\u0103 pentru binoclurile din acest segment de pre\u021b.<\/p>\n<p>Lentilele pentru aplatizarea c\u00e2mpului sunt<strong> Lentile suplimentare speciale<\/strong> \u00een cadrul unei <strong>Pachet lentile.<\/strong> Acestea compenseaz\u0103 curbura c\u00e2mpului de imagine cauzat\u0103 de raza obiectivului \u0219i produc astfel o imagine aproape plat\u0103.<\/p>\n<p>Avantaj: liniile \u0219i marginile care sunt<strong> Curbura lentilei<\/strong> sunt \u00eendoite \u00een mod natural, sunt din nou <strong>prezentat drept<\/strong>. Un avantaj dac\u0103 dori\u021bi s\u0103 face\u021bi o fotografie prin binoclu.<\/p>\n\t\t<\/div>\n\t\t\t\t\n<style>\n#col-112073877 > .col-inner {\n  margin: 0px 0px -30px 0px;\n}\n<\/style>\n\t<\/div>\n\n\t\n\n\t<div id=\"col-1158173505\" class=\"col medium-4 small-12 large-4\"  >\n\t\t\t\t<div class=\"col-inner\"  >\n\t\t\t\n\t\t\t\n\t<div class=\"img has-hover x md-x lg-x y md-y lg-y\" id=\"image_913949660\">\n\t\t\t\t\t\t\t\t<div class=\"img-inner dark\" >\n\t\t\t\t\t\t\t\t\t\n\t\t\t\t\t<\/div>\n\t\t\t\t\t\t\t\t\n<style>\n#image_913949660 {\n  width: 100%;\n}\n<\/style>\n\t<\/div>\n\t\n\t<div class=\"img has-hover x md-x lg-x y md-y lg-y\" id=\"image_106762550\">\n\t\t<a class=\"\" href=\"https:\/\/www.shop.ddoptics.de\/garantiebestimmungen\" target=\"_blank\" rel=\"noopener\">\t\t\t\t\t\t<div class=\"img-inner dark\" >\n\t\t\t<img decoding=\"async\" width=\"352\" height=\"160\" src=\"https:\/\/ddoptics.shop\/wp-content\/uploads\/2014\/09\/DDoptics-Garantie.jpg\" class=\"attachment-large size-large\" alt=\"Garan\u021bia DDoptics\" srcset=\"https:\/\/ddoptics.shop\/wp-content\/uploads\/2014\/09\/DDoptics-Garantie.jpg 352w, https:\/\/ddoptics.shop\/wp-content\/uploads\/2014\/09\/DDoptics-Garantie-304x138.jpg 304w, https:\/\/ddoptics.shop\/wp-content\/uploads\/2014\/09\/DDoptics-Garantie-305x139.jpg 305w, https:\/\/ddoptics.shop\/wp-content\/uploads\/2014\/09\/DDoptics-Garantie-250x114.jpg 250w\" sizes=\"(max-width: 352px) 100vw, 352px\" title=\"\">\t\t\t\t\t\t\n\t\t\t\t\t<\/div>\n\t\t\t\t\t\t<\/a>\t\t\n<style>\n#image_106762550 {\n  width: 100%;\n}\n<\/style>\n\t<\/div>\n\t\n<h3>Date despre binoclul DDoptics LUX<\/h3>\n\n\t\t<div class=\"icon-box featured-box icon-box-left text-left\"  >\n\t\t\t\t\t<div class=\"icon-box-img\" style=\"width: 32px\">\n\t\t\t\t<div class=\"icon\">\n\t\t\t\t\t<div class=\"icon-inner\" >\n\t\t\t\t\t\t<img decoding=\"async\" width=\"100\" height=\"83\" src=\"https:\/\/ddoptics.shop\/wp-content\/uploads\/2021\/05\/DDoptics-SHG-Icon.jpg\" class=\"attachment-medium size-medium\" alt=\"DDoptics SHG Binoclu Icon\" title=\"\">\t\t\t\t\t<\/div>\n\t\t\t\t<\/div>\n\t\t\t<\/div>\n\t\t\t\t<div class=\"icon-box-text last-reset\">\n\t\t\t\t\t\t\t\t\t\n<p>\u2705 114 m Sehfeld<\/p>\n\t\t<\/div>\n\t<\/div>\n\t\n\t\n\n\t\t<div class=\"icon-box featured-box icon-box-left text-left\"  >\n\t\t\t\t\t<div class=\"icon-box-img\" style=\"width: 32px\">\n\t\t\t\t<div class=\"icon\">\n\t\t\t\t\t<div class=\"icon-inner\" >\n\t\t\t\t\t\t<img decoding=\"async\" width=\"100\" height=\"83\" src=\"https:\/\/ddoptics.shop\/wp-content\/uploads\/2021\/05\/DDoptics-SHG-Icon.jpg\" class=\"attachment-medium size-medium\" alt=\"DDoptics SHG Binoclu Icon\" title=\"\">\t\t\t\t\t<\/div>\n\t\t\t\t<\/div>\n\t\t\t<\/div>\n\t\t\t\t<div class=\"icon-box-text last-reset\">\n\t\t\t\t\t\t\t\t\t\n<p>\u2705 ED Glas &#8211; Voll-Apochromat<\/p>\n\t\t<\/div>\n\t<\/div>\n\t\n\t\n\n\t\t<div class=\"icon-box featured-box icon-box-left text-left\"  >\n\t\t\t\t\t<div class=\"icon-box-img\" style=\"width: 32px\">\n\t\t\t\t<div class=\"icon\">\n\t\t\t\t\t<div class=\"icon-inner\" >\n\t\t\t\t\t\t<img decoding=\"async\" width=\"100\" height=\"83\" src=\"https:\/\/ddoptics.shop\/wp-content\/uploads\/2021\/05\/DDoptics-SHG-Icon.jpg\" class=\"attachment-medium size-medium\" alt=\"DDoptics SHG Binoclu Icon\" title=\"\">\t\t\t\t\t<\/div>\n\t\t\t\t<\/div>\n\t\t\t<\/div>\n\t\t\t\t<div class=\"icon-box-text last-reset\">\n\t\t\t\t\t\t\t\t\t\n<p>\u2705 CT-Glas &amp; Barium Kronglas Prismen mit optimierte DDlucid-FMC Verg\u00fctung<\/p>\n\t\t<\/div>\n\t<\/div>\n\t\n\t\n\n\t\t<div class=\"icon-box featured-box icon-box-left text-left\"  >\n\t\t\t\t\t<div class=\"icon-box-img\" style=\"width: 32px\">\n\t\t\t\t<div class=\"icon\">\n\t\t\t\t\t<div class=\"icon-inner\" >\n\t\t\t\t\t\t<img decoding=\"async\" width=\"100\" height=\"83\" src=\"https:\/\/ddoptics.shop\/wp-content\/uploads\/2021\/05\/DDoptics-SHG-Icon.jpg\" class=\"attachment-medium size-medium\" alt=\"DDoptics SHG Binoclu Icon\" title=\"\">\t\t\t\t\t<\/div>\n\t\t\t\t<\/div>\n\t\t\t<\/div>\n\t\t\t\t<div class=\"icon-box-text last-reset\">\n\t\t\t\t\t\t\t\t\t\n<p>\u2705 Lentile pentru aplatizarea c\u00e2mpului<\/p>\n\t\t<\/div>\n\t<\/div>\n\t\n\t\n\n\t\t<div class=\"icon-box featured-box icon-box-left text-left\"  >\n\t\t\t\t\t<div class=\"icon-box-img\" style=\"width: 32px\">\n\t\t\t\t<div class=\"icon\">\n\t\t\t\t\t<div class=\"icon-inner\" >\n\t\t\t\t\t\t<img decoding=\"async\" width=\"100\" height=\"83\" src=\"https:\/\/ddoptics.shop\/wp-content\/uploads\/2021\/05\/DDoptics-SHG-Icon.jpg\" class=\"attachment-medium size-medium\" alt=\"DDoptics SHG Binoclu Icon\" title=\"\">\t\t\t\t\t<\/div>\n\t\t\t\t<\/div>\n\t\t\t<\/div>\n\t\t\t\t<div class=\"icon-box-text last-reset\">\n\t\t\t\t\t\t\t\t\t\n<p>\u2705 Acoperire DDlucid-FMC optimizat\u0103<\/p>\n\t\t<\/div>\n\t<\/div>\n\t\n\t\n\n\t\t<div class=\"icon-box featured-box icon-box-left text-left\"  >\n\t\t\t\t\t<div class=\"icon-box-img\" style=\"width: 32px\">\n\t\t\t\t<div class=\"icon\">\n\t\t\t\t\t<div class=\"icon-inner\" >\n\t\t\t\t\t\t<img decoding=\"async\" width=\"100\" height=\"83\" src=\"https:\/\/ddoptics.shop\/wp-content\/uploads\/2021\/05\/DDoptics-SHG-Icon.jpg\" class=\"attachment-medium size-medium\" alt=\"DDoptics SHG Binoclu Icon\" title=\"\">\t\t\t\t\t<\/div>\n\t\t\t\t<\/div>\n\t\t\t<\/div>\n\t\t\t\t<div class=\"icon-box-text last-reset\">\n\t\t\t\t\t\t\t\t\t\n<p>\u2705 Carcas\u0103 robust\u0103 din magneziu<\/p>\n\t\t<\/div>\n\t<\/div>\n\t\n\t\n<div class=\"is-divider divider clearfix\" ><\/div>\n\t\t<\/div>\n\t\t\t\t\t<\/div>\n\n\t\n<\/div>\n<p>Lentilele cu c\u00e2mp aplatizat au, de asemenea, un strat DDlucid \u00eembun\u0103t\u0103\u021bit, o dezvoltare ulterioar\u0103 a stratului ELR (Extra Low Reflection). DDlucid de la DDoptics este \u00een prezent una dintre cele mai eficiente acoperiri binoculare. Exclusiv <strong>Binoclu premium<\/strong> au \u00een prezent acoperiri la fel de sofisticate. Prisma de acoperi\u0219 Schmidt-Pechan este, bine\u00een\u021beles, acoperit\u0103 de faz\u0103. Toate acestea garanteaz\u0103 o vizionare lung\u0103 \u0219i f\u0103r\u0103 oboseal\u0103.<\/p>\n<p>\u00cen combina\u021bie cu oglinda dielectric\u0103 <strong>Strat de corec\u021bie a fazei<\/strong>\u00a0pentru foarte mare <strong>Satura\u021bia culorilor<\/strong> \u0219i <strong>Contrastul imaginii.<\/strong> Un apocromat complet ED reduce franjurile de culoare \u00een lumin\u0103 de fundal \u0219i garanteaz\u0103 contururi clare.<\/p>\n<h3>Prindere optim\u0103 pentru o vedere f\u0103r\u0103 oboseal\u0103 cu m\u0103rire 8x<\/h3>\n<p>Special <strong>Arm\u0103tur\u0103 din cauciuc<\/strong> cu <strong>Strat moale la atingere<\/strong> \u0219i suprafa\u021ba special rugoas\u0103 garanteaz\u0103 o aderen\u021b\u0103 optim\u0103 \u0219i rezisten\u021b\u0103 la alunecare \u00een orice situa\u021bie. Exist\u0103 o ad\u00e2ncitur\u0103 de form\u0103 ergonomic\u0103 pe pod pentru un sprijin confortabil al degetelor. Datorit\u0103 designului sub\u021bire \u0219i compact, paharul se potrive\u0219te perfect \u00een m\u00e2n\u0103 (chiar \u0219i \u00eentr-o singur\u0103 m\u00e2n\u0103).<\/p>\n<p>Ochelarii reglabili sunt realiza\u021bi dintr-un aliaj metalic de \u00eenalt\u0103 rezisten\u021b\u0103. Modelul <strong>Acoperire din cauciuc<\/strong> a <strong>Cupe pentru ochi<\/strong> protejeaz\u0103 suplimentar ocularele de deteriorare \u00een timpul utiliz\u0103rii dificile pe teren. Fire\u0219te, binoclul de buzunar Lux-HR este, de asemenea, complet rezistent la ap\u0103 \u0219i protejat \u00eempotriva ce\u021bii interne.<\/p>\n<p><strong>Recomandare:<\/strong> The <strong>Binoclu<\/strong> nu este doar ideal pentru<strong> C\u0103l\u0103torii<\/strong>, dar este, de asemenea, potrivit pentru drume\u021bii sau<strong> evenimente<\/strong> cu distan\u021be <strong>(de exemplu, scen\u0103 \u00een aer liber).<\/strong><\/p>","protected":false},"excerpt":{"rendered":"<p><img decoding=\"async\" class=\"alignnone wp-image-10180 size-full\" title=\"Drume\u021bii\" src=\"https:\/\/ddoptics.shop\/wp-content\/uploads\/2016\/04\/Bergwandern-klein.jpg\" alt=\"Binoclu pentru drume\u021bii montane\" width=\"50\" height=\"50\" \/><img decoding=\"async\" class=\"alignnone wp-image-10178 size-full\" title=\"Observarea animalelor V\u00e2n\u0103toare de munte\" src=\"https:\/\/ddoptics.shop\/wp-content\/uploads\/2016\/04\/Gebirgsjagd-klein.jpg\" alt=\"Binoclu de v\u00e2n\u0103toare de munte\" width=\"50\" height=\"50\" \/><img decoding=\"async\" class=\"alignnone wp-image-10170 size-full\" title=\"Observarea p\u0103s\u0103rilor\" src=\"https:\/\/ddoptics.shop\/wp-content\/uploads\/2016\/09\/Ornitologie-klein.jpg\" alt=\"Observarea p\u0103s\u0103rilor\" width=\"50\" height=\"50\" \/><br \/>\nDDoptics Lux-HR 8\u00d725 \u201cPocket\u201d ED - binoclul u\u0219or \u0219i compact cu optic\u0103 de top!<\/p>","protected":false},"featured_media":13367,"comment_status":"open","ping_status":"closed","template":"","meta":{"inline_featured_image":false,"footnotes":""},"product_brand":[],"product_cat":[836,349,329,67,344,354,346],"product_tag":[90,838,78,839],"class_list":{"0":"post-13363","1":"product","2":"type-product","3":"status-publish","4":"has-post-thumbnail","6":"product_cat-25-mm-objektiv","7":"product_cat-8x-vergroesserung","8":"product_cat-ddoptics","9":"product_cat-fernglas","10":"product_cat-naturbeobachtung","11":"product_cat-vogelbeobachtung","12":"product_cat-wandern-und-reisen","13":"product_tag-8-fach-vergroesserung","14":"product_tag-8x25","15":"product_tag-ddoptics","16":"product_tag-fernglas-8x25","17":"product_shipping_class-paket","18":"pa_brand-marke-ddoptics","19":"pa_farbe-schwarz","20":"pa_produkt-typ-fernglas","22":"first","23":"instock","24":"sale","25":"taxable","26":"shipping-taxable","27":"purchasable","28":"product-type-simple"},"bundled_by":[],"bundle_stock_status":"instock","bundle_stock_quantity":null,"bundle_virtual":false,"bundle_layout":"","bundle_add_to_cart_form_location":"","bundle_editable_in_cart":false,"bundle_sold_individually_context":"","bundle_item_grouping":"","bundle_min_size":"","bundle_max_size":"","bundle_price":[],"bundled_items":[],"bundle_sell_ids":[],"_links":{"self":[{"href":"https:\/\/ddoptics.shop\/ro\/wp-json\/wp\/v2\/product\/13363","targetHints":{"allow":["GET"]}}],"collection":[{"href":"https:\/\/ddoptics.shop\/ro\/wp-json\/wp\/v2\/product"}],"about":[{"href":"https:\/\/ddoptics.shop\/ro\/wp-json\/wp\/v2\/types\/product"}],"replies":[{"embeddable":true,"href":"https:\/\/ddoptics.shop\/ro\/wp-json\/wp\/v2\/comments?post=13363"}],"version-history":[{"count":4,"href":"https:\/\/ddoptics.shop\/ro\/wp-json\/wp\/v2\/product\/13363\/revisions"}],"predecessor-version":[{"id":28502,"href":"https:\/\/ddoptics.shop\/ro\/wp-json\/wp\/v2\/product\/13363\/revisions\/28502"}],"wp:featuredmedia":[{"embeddable":true,"href":"https:\/\/ddoptics.shop\/ro\/wp-json\/wp\/v2\/media\/13367"}],"wp:attachment":[{"href":"https:\/\/ddoptics.shop\/ro\/wp-json\/wp\/v2\/media?parent=13363"}],"wp:term":[{"taxonomy":"product_brand","embeddable":true,"href":"https:\/\/ddoptics.shop\/ro\/wp-json\/wp\/v2\/product_brand?post=13363"},{"taxonomy":"product_cat","embeddable":true,"href":"https:\/\/ddoptics.shop\/ro\/wp-json\/wp\/v2\/product_cat?post=13363"},{"taxonomy":"product_tag","embeddable":true,"href":"https:\/\/ddoptics.shop\/ro\/wp-json\/wp\/v2\/product_tag?post=13363"}],"curies":[{"name":"wp","href":"https:\/\/api.w.org\/{rel}","templated":true}]}}