{"id":14364,"date":"2019-05-28T13:28:47","date_gmt":"2019-05-28T11:28:47","guid":{"rendered":"https:\/\/ddoptics.shop\/?post_type=product&#038;p=14364"},"modified":"2025-10-03T12:53:48","modified_gmt":"2025-10-03T10:53:48","slug":"luneta-ddoptics-pirschler-20-60x80-vedere-dreapta","status":"publish","type":"product","link":"https:\/\/ddoptics.shop\/ro\/kaufen\/spektiv-ddoptics-pirschler-20-60x80-geradeeinblick\/","title":{"rendered":"Luneta DDoptics Pirschler 20-60\u00d780 G - vedere dreapt\u0103"},"content":{"rendered":"<div class=\"row\"  id=\"row-2031179981\">\n\n\t<div id=\"col-452823937\" class=\"col medium-8 small-12 large-8\"  >\n\t\t\t\t<div class=\"col-inner\"  >\n\t\t\t\n\t\t\t\n<h2>Luneta DDoptics Pirschler 20-60\u00d780 G cu vedere dreapt\u0103<\/h2>\n<p>Cu <strong>DDoptics Pirschler lunet\u0103 20-60\u00d780 G<\/strong> ve\u021bi primi un <strong>Observator profesional \u0219i relativ u\u0219or la un pre\u021b foarte interesant. <\/strong>Cu aceast\u0103 nou\u0103 dezvoltare a lunetei, <strong>Utiliza\u021bi pentru v\u00e2n\u0103toare<\/strong> luate \u00een considerare la amurg.<\/p>\n<p>Desigur, cerin\u021bele <strong>birdwatching clasic<\/strong> de asemenea, luate \u00een considerare - \u00een leg\u0103tur\u0103 cu <strong>Fine\u021bea imaginii \u0219i reproducerea culorilor.<\/strong> Sistemul optic nou calculat al lunetei v\u0103 garanteaz\u0103 o <strong>Imagine clar\u0103, cu contrast ridicat<\/strong> chiar \u0219i \u00een condi\u021bii de iluminare slab\u0103.<\/p>\n<p>Chiar \u0219i la o m\u0103rire maxim\u0103 de 60x, <strong>Luneta Pirschler<\/strong> o imagine extrem de clar\u0103. Modelul <strong>Unitate de focalizare<\/strong> const\u0103 \u00eentr-un <strong>Roat\u0103 de reglare de 2 cm<\/strong>. Poate fi utilizat confortabil cu m\u0103nu\u0219i chiar \u0219i pe vreme rece.<\/p>\n<p>The<strong> noi lunete DDoptics<\/strong> impresioneaz\u0103 prin c\u00e2mpul mare de vizualizare \u0219i focalizarea apropiat\u0103 neobi\u0219nuit de str\u00e2ns\u0103. Cu <strong>Pirschler 20-60\u00d780 G<\/strong> pute\u021bi vedea detalii de la o distan\u021b\u0103 de doar 7 metri. Acesta este un mare avantaj atunci c\u00e2nd <strong>Observarea cuiburilor de p\u0103s\u0103ri sau a insectelor.<\/strong>\u00a0 O mare for\u021b\u0103 este oferit\u0103 de <strong>Lunet\u0103 pentru tr\u0103g\u0103tori sportivi<\/strong> - Loviturile pe o \u021bint\u0103 neagr\u0103 pot fi v\u0103zute cu u\u0219urin\u021b\u0103 la distan\u021be normale de tragere.<\/p>\n\t\t<\/div>\n\t\t\t\t\n<style>\n#col-452823937 > .col-inner {\n  margin: 0px 0px -30px 0px;\n}\n<\/style>\n\t<\/div>\n\n\t\n\n\t<div id=\"col-615701045\" class=\"col medium-4 small-12 large-4\"  >\n\t\t\t\t<div class=\"col-inner\"  >\n\t\t\t\n\t\t\t\n\t<div class=\"img has-hover x md-x lg-x y md-y lg-y\" id=\"image_1072654133\">\n\t\t\t\t\t\t\t\t<div class=\"img-inner dark\" >\n\t\t\t\t\t\t\t\t\t\n\t\t\t\t\t<\/div>\n\t\t\t\t\t\t\t\t\n<style>\n#image_1072654133 {\n  width: 100%;\n}\n<\/style>\n\t<\/div>\n\t\n\t<div class=\"img has-hover x md-x lg-x y md-y lg-y\" id=\"image_817814901\">\n\t\t<a class=\"\" href=\"https:\/\/www.shop.ddoptics.de\/garantiebestimmungen\" target=\"_blank\" rel=\"noopener\">\t\t\t\t\t\t<div class=\"img-inner dark\" >\n\t\t\t<img decoding=\"async\" width=\"352\" height=\"160\" src=\"https:\/\/ddoptics.shop\/wp-content\/uploads\/2014\/09\/DDoptics-Garantie.jpg\" class=\"attachment-large size-large\" alt=\"Garan\u021bia DDoptics\" srcset=\"https:\/\/ddoptics.shop\/wp-content\/uploads\/2014\/09\/DDoptics-Garantie.jpg 352w, https:\/\/ddoptics.shop\/wp-content\/uploads\/2014\/09\/DDoptics-Garantie-304x138.jpg 304w, https:\/\/ddoptics.shop\/wp-content\/uploads\/2014\/09\/DDoptics-Garantie-305x139.jpg 305w, https:\/\/ddoptics.shop\/wp-content\/uploads\/2014\/09\/DDoptics-Garantie-250x114.jpg 250w\" sizes=\"(max-width: 352px) 100vw, 352px\" title=\"\">\t\t\t\t\t\t\n\t\t\t\t\t<\/div>\n\t\t\t\t\t\t<\/a>\t\t\n<style>\n#image_817814901 {\n  width: 100%;\n}\n<\/style>\n\t<\/div>\n\t\n<h3>DDoptics Pirschler spotting scope fapte<\/h3>\n\n\t\t<div class=\"icon-box featured-box icon-box-left text-left\"  >\n\t\t\t\t\t<div class=\"icon-box-img\" style=\"width: 32px\">\n\t\t\t\t<div class=\"icon\">\n\t\t\t\t\t<div class=\"icon-inner\" >\n\t\t\t\t\t\t<img decoding=\"async\" width=\"97\" height=\"78\" src=\"https:\/\/ddoptics.shop\/wp-content\/uploads\/2022\/02\/HDS-Spektiv.webp\" class=\"attachment-medium size-medium\" alt=\"HDS lunet\u0103 9-27x56\" title=\"\">\t\t\t\t\t<\/div>\n\t\t\t\t<\/div>\n\t\t\t<\/div>\n\t\t\t\t<div class=\"icon-box-text last-reset\">\n\t\t\t\t\t\t\t\t\t\n<p>Unitate de focalizare mare<\/p>\n\t\t<\/div>\n\t<\/div>\n\t\n\t\n\n\t\t<div class=\"icon-box featured-box icon-box-left text-left\"  >\n\t\t\t\t\t<div class=\"icon-box-img\" style=\"width: 32px\">\n\t\t\t\t<div class=\"icon\">\n\t\t\t\t\t<div class=\"icon-inner\" >\n\t\t\t\t\t\t<img decoding=\"async\" width=\"97\" height=\"78\" src=\"https:\/\/ddoptics.shop\/wp-content\/uploads\/2022\/02\/HDS-Spektiv.webp\" class=\"attachment-medium size-medium\" alt=\"HDS lunet\u0103 9-27x56\" title=\"\">\t\t\t\t\t<\/div>\n\t\t\t\t<\/div>\n\t\t\t<\/div>\n\t\t\t\t<div class=\"icon-box-text last-reset\">\n\t\t\t\t\t\t\t\t\t\n<p>Rezistent la ap\u0103<\/p>\n\t\t<\/div>\n\t<\/div>\n\t\n\t\n\n\t\t<div class=\"icon-box featured-box icon-box-left text-left\"  >\n\t\t\t\t\t<div class=\"icon-box-img\" style=\"width: 32px\">\n\t\t\t\t<div class=\"icon\">\n\t\t\t\t\t<div class=\"icon-inner\" >\n\t\t\t\t\t\t<img decoding=\"async\" width=\"97\" height=\"78\" src=\"https:\/\/ddoptics.shop\/wp-content\/uploads\/2022\/02\/HDS-Spektiv.webp\" class=\"attachment-medium size-medium\" alt=\"HDS lunet\u0103 9-27x56\" title=\"\">\t\t\t\t\t<\/div>\n\t\t\t\t<\/div>\n\t\t\t<\/div>\n\t\t\t\t<div class=\"icon-box-text last-reset\">\n\t\t\t\t\t\t\t\t\t\n<p>C\u00e2mp vizual mare<\/p>\n\t\t<\/div>\n\t<\/div>\n\t\n\t\n\n\t\t<div class=\"icon-box featured-box icon-box-left text-left\"  >\n\t\t\t\t\t<div class=\"icon-box-img\" style=\"width: 32px\">\n\t\t\t\t<div class=\"icon\">\n\t\t\t\t\t<div class=\"icon-inner\" >\n\t\t\t\t\t\t<img decoding=\"async\" width=\"97\" height=\"78\" src=\"https:\/\/ddoptics.shop\/wp-content\/uploads\/2022\/02\/HDS-Spektiv.webp\" class=\"attachment-medium size-medium\" alt=\"HDS lunet\u0103 9-27x56\" title=\"\">\t\t\t\t\t<\/div>\n\t\t\t\t<\/div>\n\t\t\t<\/div>\n\t\t\t\t<div class=\"icon-box-text last-reset\">\n\t\t\t\t\t\t\t\t\t\n<p>Rezolu\u021bie foarte ridicat\u0103<\/p>\n\t\t<\/div>\n\t<\/div>\n\t\n\t\n\n\t\t<div class=\"icon-box featured-box icon-box-left text-left\"  >\n\t\t\t\t\t<div class=\"icon-box-img\" style=\"width: 32px\">\n\t\t\t\t<div class=\"icon\">\n\t\t\t\t\t<div class=\"icon-inner\" >\n\t\t\t\t\t\t<img decoding=\"async\" width=\"97\" height=\"78\" src=\"https:\/\/ddoptics.shop\/wp-content\/uploads\/2022\/02\/HDS-Spektiv.webp\" class=\"attachment-medium size-medium\" alt=\"HDS lunet\u0103 9-27x56\" title=\"\">\t\t\t\t\t<\/div>\n\t\t\t\t<\/div>\n\t\t\t<\/div>\n\t\t\t\t<div class=\"icon-box-text last-reset\">\n\t\t\t\t\t\t\t\t\t\n<p>imagine incredibil de bun\u0103 pentru aceast\u0103 gam\u0103 de pre\u021buri<\/p>\n\t\t<\/div>\n\t<\/div>\n\t\n\t\n<div class=\"is-divider divider clearfix\" ><\/div>\n\t\t<\/div>\n\t\t\t\t\t<\/div>\n\n\t\n<\/div>\n<h3>ELR - Multicoating (reflexie foarte sc\u0103zut\u0103) - Acoperire FMC<\/h3>\n<p>Toate <strong>Suprafe\u021be sticl\u0103-aer<\/strong> sunt<strong> multistrat cu acoperire dur\u0103<\/strong> \u0219i garanteaz\u0103 astfel contrast maxim, claritate \u0219i luminozitate a imaginii. Caracteristicile <strong>Str\u0103lucirea culorilor<\/strong> este remarcabil\u0103 cu acest telescop, precum \u0219i <strong>Luminozitatea imaginii<\/strong>. Ave\u021bi experien\u021ba <strong>garanteaz\u0103 o imagine clar\u0103, cu contrast ridicat, chiar \u0219i \u00een condi\u021bii de iluminare slab\u0103 \u0219i la amurg<\/strong>. Chiar \u0219i la o m\u0103rire de 60x, urm\u0103ritorul dvs. ofer\u0103 o<strong> imagine extrem de clar\u0103.<\/strong><\/p>\n<p>Luneta este <strong>Umplut cu azot \u0219i rezistent la ap\u0103.<\/strong> Aceasta este o garan\u021bie \u00eempotriva \u00eence\u021bo\u0219\u0103rii \u00een condi\u021bii umede \u0219i a schimb\u0103rilor bru\u0219te de temperatur\u0103. Tubul extrem de u\u0219or pentru robuste\u021be \u0219i mobilitate maxime. Modelul <strong>Arm\u0103tur\u0103 de cauciuc antiderapant\u0103<\/strong> ofer\u0103 aderen\u021b\u0103 \u0219i o prindere sigur\u0103.<\/p>\n<h3>Unitate de focalizare pentru lunet\u0103<\/h3>\n<p>The <strong>Unitatea de focalizare const\u0103 \u00eentr-o roat\u0103 de reglare de 2 cm<\/strong>, care poate fi utilizat confortabil \u0219i atunci c\u00e2nd se poart\u0103 m\u0103nu\u0219i. Cu Pirschler 16-50\u00d770 G, observa\u021biile sunt posibile de la o distan\u021b\u0103 de doar 7 metri, ceea ce reprezint\u0103 un avantaj deosebit la observarea cuiburilor, la observarea insectelor sau la poligon.<\/p>\n<h3>Recomand\u0103ri pentru lunet\u0103<\/h3>\n<p>Exemple tipice de aplica\u021bii sunt <strong>Chamois<\/strong> pe coasta muntelui sau pe <b>G\u00e2sc\u0103 neagr\u0103 etc. <\/b>pentru a numi c\u00e2teva. Lunetele Pirschler compacte \u0219i u\u0219oare de 80 mm pot fi de asemenea <strong>Confortabil \u00eentr-un rucsac<\/strong> \u0219i poate fi dus cu u\u0219urin\u021b\u0103 \u00een orice loca\u021bie dorit\u0103.<\/p>\n<p>Cu acest<strong> Lunet\u0103 <\/strong>DDoptics a reu\u0219it cu adev\u0103rat s\u0103 ofere clien\u021bilor s\u0103i o<strong> lunet\u0103 profesional\u0103, u\u0219oar\u0103 \u0219i ieftin\u0103.<\/strong><\/p>","protected":false},"excerpt":{"rendered":"<p>Un profesionist \u0219i \u00eenc\u0103 relativ <strong>V\u00e2n\u0103toare u\u0219oar\u0103 cu lunet\u0103 cu m\u0103rire \u0219i intensitate luminoas\u0103 ridicat\u0103<\/strong> la un pre\u021b interesant de avantajos - cu o vedere direct\u0103.<\/p>","protected":false},"featured_media":14367,"comment_status":"open","ping_status":"closed","template":"","meta":{"inline_featured_image":false,"footnotes":""},"product_brand":[],"product_cat":[859,467,643,71,646],"product_tag":[858,78,155,83],"class_list":{"0":"post-14364","1":"product","2":"type-product","3":"status-publish","4":"has-post-thumbnail","6":"product_cat-80-mm","7":"product_cat-geradeeinblick","8":"product_cat-jagd","9":"product_cat-spektiv","10":"product_cat-ornithologie-vogelbeobachtung","11":"product_tag-20-60x80","12":"product_tag-ddoptics","13":"product_tag-geradeeinblick","14":"product_tag-spektiv","15":"product_shipping_class-paket","16":"pa_brand-marke-ddoptics","17":"pa_farbe-gruen","18":"pa_okulartype-20-60x","19":"pa_produkt-typ-spektiv","21":"first","22":"instock","23":"taxable","24":"shipping-taxable","25":"purchasable","26":"product-type-simple"},"bundled_by":[],"bundle_stock_status":"instock","bundle_stock_quantity":null,"bundle_virtual":false,"bundle_layout":"","bundle_add_to_cart_form_location":"","bundle_editable_in_cart":false,"bundle_sold_individually_context":"","bundle_item_grouping":"","bundle_min_size":"","bundle_max_size":"","bundle_price":[],"bundled_items":[],"bundle_sell_ids":[],"_links":{"self":[{"href":"https:\/\/ddoptics.shop\/ro\/wp-json\/wp\/v2\/product\/14364","targetHints":{"allow":["GET"]}}],"collection":[{"href":"https:\/\/ddoptics.shop\/ro\/wp-json\/wp\/v2\/product"}],"about":[{"href":"https:\/\/ddoptics.shop\/ro\/wp-json\/wp\/v2\/types\/product"}],"replies":[{"embeddable":true,"href":"https:\/\/ddoptics.shop\/ro\/wp-json\/wp\/v2\/comments?post=14364"}],"version-history":[{"count":6,"href":"https:\/\/ddoptics.shop\/ro\/wp-json\/wp\/v2\/product\/14364\/revisions"}],"predecessor-version":[{"id":29121,"href":"https:\/\/ddoptics.shop\/ro\/wp-json\/wp\/v2\/product\/14364\/revisions\/29121"}],"wp:featuredmedia":[{"embeddable":true,"href":"https:\/\/ddoptics.shop\/ro\/wp-json\/wp\/v2\/media\/14367"}],"wp:attachment":[{"href":"https:\/\/ddoptics.shop\/ro\/wp-json\/wp\/v2\/media?parent=14364"}],"wp:term":[{"taxonomy":"product_brand","embeddable":true,"href":"https:\/\/ddoptics.shop\/ro\/wp-json\/wp\/v2\/product_brand?post=14364"},{"taxonomy":"product_cat","embeddable":true,"href":"https:\/\/ddoptics.shop\/ro\/wp-json\/wp\/v2\/product_cat?post=14364"},{"taxonomy":"product_tag","embeddable":true,"href":"https:\/\/ddoptics.shop\/ro\/wp-json\/wp\/v2\/product_tag?post=14364"}],"curies":[{"name":"wp","href":"https:\/\/api.w.org\/{rel}","templated":true}]}}