{"id":16076,"date":"2019-07-09T16:06:53","date_gmt":"2019-07-09T14:06:53","guid":{"rendered":"https:\/\/ddoptics.shop\/?post_type=product&#038;p=16076"},"modified":"2025-06-24T12:45:04","modified_gmt":"2025-06-24T10:45:04","slug":"binoclu-kolibri10x42-gen-3-verde","status":"publish","type":"product","link":"https:\/\/ddoptics.shop\/ro\/kaufen\/fernglas-kolibri10x42-gen-3-gruen\/","title":{"rendered":"Binoclu Kolibri 10\u00d742 Gen. 3 | Verde - de DDoptics"},"content":{"rendered":"<div class=\"row\"  id=\"row-504375052\">\n\n\t<div id=\"col-1838162556\" class=\"col medium-8 small-12 large-8\"  >\n\t\t\t\t<div class=\"col-inner\"  >\n\t\t\t\n\t\t\t\n<h2>Binoclu Kolibri 10\u00d742 Gen 3 | Binoclu mic \u0219i practic cu m\u0103rire de 10x<\/h2>\n<p>Uimitor de accesibil, u\u0219or, elegant \u0219i cu propriet\u0103\u021bi de imagine foarte bune.<\/p>\n<p>The <strong>Kolibri 10\u00d742 binoclu cu prism\u0103 de acoperi\u0219<\/strong> se bucur\u0103 de o mare popularitate pe <strong>Excursii de vacan\u021b\u0103 sau drume\u021bii<\/strong>. The <strong>Pupila de ie\u0219ire a binoclului de 4,2 mm<\/strong> se afl\u0103 \u00eentr-o zon\u0103 care <strong>Observa\u021bie f\u0103r\u0103 oboseal\u0103<\/strong> pe o perioad\u0103 mai lung\u0103 de timp.<\/p>\n<p>Datorit\u0103 designului unic pentru aceast\u0103 clas\u0103 de performan\u021b\u0103 <strong>Binoclu u\u0219or<\/strong> de numai 615 g, micul <strong>Dimensiuni de 142\/130\/49 mm,<\/strong> mare pentru binocluri de acest tip <strong>C\u00e2mp vizual de 106 m<\/strong> \u0219i raza scurt\u0103 de focalizare (2 m), aplica\u021biile posibile ale binoclurilor sunt aproape nelimitate - de aceea le numim binocluri universale.<\/p>\n<h3>Noua genera\u021bie 3 de binocluri la Kolibri<\/h3>\n<p>The <strong>Genera\u021bia 3 Binoclu Hummingbird<\/strong> se prezint\u0103 cu un <strong>design nou,<\/strong> cu un pod sub\u021bire \u0219i cu un <strong>optic\u0103 binocular\u0103 \u00eembun\u0103t\u0103\u021bit\u0103.<\/strong><\/p>\n<p>Foarte pozitiv: \u00cen plus fa\u021b\u0103 de o <strong>complet revizuit<\/strong> \u0219i un aspect vizual \u00eembun\u0103t\u0103\u021bit, modelul <strong>Acoperire HDX-FMC<\/strong> pentru utilizare. \u00cen plus, toate p\u0103r\u021bile mobile ale acestui model Kolibri, cum ar fi dioptriile, roata de focalizare \u0219i <strong>Ocular realizat din metal u\u0219or rezistent<\/strong> fabricat. Comparativ cu predecesorul s\u0103u, greutatea celei de-a treia genera\u021bii a fost redus\u0103 cu aproape 40 g.<\/p>\n\t\t<\/div>\n\t\t\t\t\n<style>\n#col-1838162556 > .col-inner {\n  margin: 0px 0px -30px 0px;\n}\n<\/style>\n\t<\/div>\n\n\t\n\n\t<div id=\"col-2089321907\" class=\"col medium-4 small-12 large-4\"  >\n\t\t\t\t<div class=\"col-inner\"  >\n\t\t\t\n\t\t\t\n\t<div class=\"img has-hover x md-x lg-x y md-y lg-y\" id=\"image_637128337\">\n\t\t\t\t\t\t\t\t<div class=\"img-inner dark\" >\n\t\t\t\t\t\t\t\t\t\n\t\t\t\t\t<\/div>\n\t\t\t\t\t\t\t\t\n<style>\n#image_637128337 {\n  width: 100%;\n}\n<\/style>\n\t<\/div>\n\t\n\t<div class=\"img has-hover x md-x lg-x y md-y lg-y\" id=\"image_1607957045\">\n\t\t<a class=\"\" href=\"https:\/\/www.shop.ddoptics.de\/garantiebestimmungen\" target=\"_blank\" rel=\"noopener\">\t\t\t\t\t\t<div class=\"img-inner dark\" >\n\t\t\t<img decoding=\"async\" width=\"352\" height=\"160\" src=\"https:\/\/ddoptics.shop\/wp-content\/uploads\/2014\/09\/DDoptics-Garantie.jpg\" class=\"attachment-large size-large\" alt=\"Garan\u021bia DDoptics\" srcset=\"https:\/\/ddoptics.shop\/wp-content\/uploads\/2014\/09\/DDoptics-Garantie.jpg 352w, https:\/\/ddoptics.shop\/wp-content\/uploads\/2014\/09\/DDoptics-Garantie-304x138.jpg 304w, https:\/\/ddoptics.shop\/wp-content\/uploads\/2014\/09\/DDoptics-Garantie-305x139.jpg 305w, https:\/\/ddoptics.shop\/wp-content\/uploads\/2014\/09\/DDoptics-Garantie-250x114.jpg 250w\" sizes=\"(max-width: 352px) 100vw, 352px\" title=\"\">\t\t\t\t\t\t\n\t\t\t\t\t<\/div>\n\t\t\t\t\t\t<\/a>\t\t\n<style>\n#image_1607957045 {\n  width: 100%;\n}\n<\/style>\n\t<\/div>\n\t\n<h3>Date despre binoclul DDoptics Kolibri<\/h3>\n\n\t\t<div class=\"icon-box featured-box icon-box-left text-left\"  >\n\t\t\t\t\t<div class=\"icon-box-img\" style=\"width: 32px\">\n\t\t\t\t<div class=\"icon\">\n\t\t\t\t\t<div class=\"icon-inner\" >\n\t\t\t\t\t\t<img decoding=\"async\" width=\"100\" height=\"83\" src=\"https:\/\/ddoptics.shop\/wp-content\/uploads\/2021\/05\/DDoptics-SHG-Icon.jpg\" class=\"attachment-medium size-medium\" alt=\"DDoptics SHG Binoclu Icon\" title=\"\">\t\t\t\t\t<\/div>\n\t\t\t\t<\/div>\n\t\t\t<\/div>\n\t\t\t\t<div class=\"icon-box-text last-reset\">\n\t\t\t\t\t\t\t\t\t\n<p>\u2705 Raport bun pre\u021b-performan\u021b\u0103<\/p>\n\t\t<\/div>\n\t<\/div>\n\t\n\t\n\n\t\t<div class=\"icon-box featured-box icon-box-left text-left\"  >\n\t\t\t\t\t<div class=\"icon-box-img\" style=\"width: 32px\">\n\t\t\t\t<div class=\"icon\">\n\t\t\t\t\t<div class=\"icon-inner\" >\n\t\t\t\t\t\t<img decoding=\"async\" width=\"100\" height=\"83\" src=\"https:\/\/ddoptics.shop\/wp-content\/uploads\/2021\/05\/DDoptics-SHG-Icon.jpg\" class=\"attachment-medium size-medium\" alt=\"DDoptics SHG Binoclu Icon\" title=\"\">\t\t\t\t\t<\/div>\n\t\t\t\t<\/div>\n\t\t\t<\/div>\n\t\t\t\t<div class=\"icon-box-text last-reset\">\n\t\t\t\t\t\t\t\t\t\n<p>\u2705 Design mic cu noua punte sub\u021bire<\/p>\n\t\t<\/div>\n\t<\/div>\n\t\n\t\n\n\t\t<div class=\"icon-box featured-box icon-box-left text-left\"  >\n\t\t\t\t\t<div class=\"icon-box-img\" style=\"width: 32px\">\n\t\t\t\t<div class=\"icon\">\n\t\t\t\t\t<div class=\"icon-inner\" >\n\t\t\t\t\t\t<img decoding=\"async\" width=\"100\" height=\"83\" src=\"https:\/\/ddoptics.shop\/wp-content\/uploads\/2021\/05\/DDoptics-SHG-Icon.jpg\" class=\"attachment-medium size-medium\" alt=\"DDoptics SHG Binoclu Icon\" title=\"\">\t\t\t\t\t<\/div>\n\t\t\t\t<\/div>\n\t\t\t<\/div>\n\t\t\t\t<div class=\"icon-box-text last-reset\">\n\t\t\t\t\t\t\t\t\t\n<p>\u2705 Contrast ridicat<\/p>\n\t\t<\/div>\n\t<\/div>\n\t\n\t\n\n\t\t<div class=\"icon-box featured-box icon-box-left text-left\"  >\n\t\t\t\t\t<div class=\"icon-box-img\" style=\"width: 32px\">\n\t\t\t\t<div class=\"icon\">\n\t\t\t\t\t<div class=\"icon-inner\" >\n\t\t\t\t\t\t<img decoding=\"async\" width=\"100\" height=\"83\" src=\"https:\/\/ddoptics.shop\/wp-content\/uploads\/2021\/05\/DDoptics-SHG-Icon.jpg\" class=\"attachment-medium size-medium\" alt=\"DDoptics SHG Binoclu Icon\" title=\"\">\t\t\t\t\t<\/div>\n\t\t\t\t<\/div>\n\t\t\t<\/div>\n\t\t\t\t<div class=\"icon-box-text last-reset\">\n\t\t\t\t\t\t\t\t\t\n<p>106 m c\u00e2mp vizual<\/p>\n\t\t<\/div>\n\t<\/div>\n\t\n\t\n\n\t\t<div class=\"icon-box featured-box icon-box-left text-left\"  >\n\t\t\t\t\t<div class=\"icon-box-img\" style=\"width: 32px\">\n\t\t\t\t<div class=\"icon\">\n\t\t\t\t\t<div class=\"icon-inner\" >\n\t\t\t\t\t\t<img decoding=\"async\" width=\"100\" height=\"83\" src=\"https:\/\/ddoptics.shop\/wp-content\/uploads\/2021\/05\/DDoptics-SHG-Icon.jpg\" class=\"attachment-medium size-medium\" alt=\"DDoptics SHG Binoclu Icon\" title=\"\">\t\t\t\t\t<\/div>\n\t\t\t\t<\/div>\n\t\t\t<\/div>\n\t\t\t\t<div class=\"icon-box-text last-reset\">\n\t\t\t\t\t\t\t\t\t\n<p>Acoperire HDX-FMX<\/p>\n\t\t<\/div>\n\t<\/div>\n\t\n\t\n\n\t\t<div class=\"icon-box featured-box icon-box-left text-left\"  >\n\t\t\t\t\t<div class=\"icon-box-img\" style=\"width: 32px\">\n\t\t\t\t<div class=\"icon\">\n\t\t\t\t\t<div class=\"icon-inner\" >\n\t\t\t\t\t\t<img decoding=\"async\" width=\"100\" height=\"83\" src=\"https:\/\/ddoptics.shop\/wp-content\/uploads\/2021\/05\/DDoptics-SHG-Icon.jpg\" class=\"attachment-medium size-medium\" alt=\"DDoptics SHG Binoclu Icon\" title=\"\">\t\t\t\t\t<\/div>\n\t\t\t\t<\/div>\n\t\t\t<\/div>\n\t\t\t\t<div class=\"icon-box-text last-reset\">\n\t\t\t\t\t\t\t\t\t\n<p>\u2705 Reglare dioptrii, roti\u021b\u0103 de focalizare \u0219i ocular metalic<\/p>\n\t\t<\/div>\n\t<\/div>\n\t\n\t\n<div class=\"is-divider divider clearfix\" ><\/div>\n\t\t<\/div>\n\t\t\t\t\t<\/div>\n\n\t\n<\/div>\n<h3>Binoclu puternic \u0219i cu contrast ridicat cu <a href=\"https:\/\/ddoptics.shop\/ro\/magazin\/binoclu\/binoclu-cu-marire\/imbunatatire-de-10-ori\/\" target=\"_blank\" rel=\"noopener\" data-schema-attribute=\"\">M\u0103rire 10x<\/a><\/h3>\n<p>Unu <strong>Corec\u021bie de faz\u0103 complex\u0103<\/strong> de <strong>Sistem de prism\u0103 de acoperi\u0219 Schmid-Pechan<\/strong> asigur\u0103 imagini str\u0103lucitoare, \u00een culori reale \u0219i cu un contrast ridicat. Cu lumina lunii sau lumina de fundal<strong> Aproape niciun efect de lumin\u0103 vagabond\u0103<\/strong> pe. Noul strat HDX-FMC utilizat \u00een genera\u021bia 3 garanteaz\u0103 nu numai <strong>luminozitate impresionant\u0103 a imaginii<\/strong> o claritate a imaginii \u0219i mai mare \u0219i f\u0103r\u0103 reflexe p\u00e2n\u0103 la marginea c\u00e2mpului vizual.<\/p>\n<h3>Binoclu rezistent la ap\u0103, f\u0103r\u0103 cea\u021b\u0103 \u0219i focalizare de la 2 m<\/h3>\n<p>The <strong>Focalizarea binoclului<\/strong> func\u021bioneaz\u0103 cu Kolibri 10\u00d742 Gen 3 prin intermediul unui<strong> Adev\u0103rata focalizare intern\u0103<\/strong>. Un obiect de observa\u021bie poate fi capturat cu focalizare clar\u0103 de la o distan\u021b\u0103 de doar 2,5 metri. Acest lucru func\u021bioneaz\u0103 chiar \u0219i \u00een cea mai abundent\u0103 ploaie. O umplere cu azot asigur\u0103 c\u0103 <strong>Binoclu Kolibri 10\u00d742 complet impermeabil \u0219i f\u0103r\u0103 cea\u021b\u0103<\/strong> este.<\/p>\n<h3>C\u00e2mp vizual complet pentru purt\u0103torii de ochelari<\/h3>\n<p>The<strong> Kolibri 10\u00d742 are cupe oculare cu mecanism de blocare Z<\/strong> realizate din metal u\u0219or indestructibil. Aceste cupe oculare retractabile permit, de asemenea <strong>Bucurie deplin\u0103 pentru purt\u0103torii de ochelari<\/strong> a \u00eentregului c\u00e2mp vizual. Pe ocularul din dreapta se afl\u0103 butonul u\u0219or reglabil <a href=\"https:\/\/de.wikipedia.org\/wiki\/Dioptrienausgleich\" target=\"_blank\" rel=\"noopener sponsored\" data-schema-attribute=\"\">Compensarea dioptriilor<\/a> .<\/p>\n<h3>Binoclu Kolibri 10x<a href=\"https:\/\/ddoptics.shop\/ro\/magazin\/binoclu\/binoclu-diametru-obiectiv-lentile\/lentile-de-42-mm\/\" target=\"_blank\" rel=\"noopener\" data-schema-attribute=\"\">42<\/a> Utilizare recomandat\u0103<\/h3>\n<p>The <strong>Pas\u0103re colibri 10\u00d742<\/strong> \u00een compara\u021bie cu colegul s\u0103u binoclu cu m\u0103rire de 8x, Kolibri 8\u00d742 Gen 3, ofer\u0103 o mai mic\u0103 <strong>C\u00e2mp vizual de 106 m.<\/strong><\/p>\n<p>The <strong>calitatea optic\u0103, claritatea foarte bun\u0103 a detaliilor \u0219i str\u0103lucirea culorilor \u00een afi\u0219area imaginii<\/strong> ofert\u0103 <strong>Iubitori de natur\u0103, excursioni\u0219ti \u0219i observatori de animale<\/strong> o experien\u021b\u0103 de vizionare cople\u0219itoare. Datorit\u0103 intervalului str\u00e2ns de reglare \u0219i a c\u00e2mpului larg de vizualizare, acest <strong>Binocluri populare \u0219i pentru ornitologi \u0219i observatori de insecte<\/strong> foarte populare.<\/p>","protected":false},"excerpt":{"rendered":"<p><img decoding=\"async\" class=\"alignnone wp-image-10180 size-full\" title=\"Drume\u021bii \u0219i trekking\" src=\"https:\/\/ddoptics.shop\/wp-content\/uploads\/2016\/04\/Bergwandern-klein.jpg\" alt=\"Binoclu pentru drume\u021bii montane\" width=\"50\" height=\"50\" \/><img decoding=\"async\" class=\"alignnone size-full wp-image-10170\" src=\"https:\/\/ddoptics.shop\/wp-content\/uploads\/2016\/09\/Ornitologie-klein.jpg\" alt=\"Observarea p\u0103s\u0103rilor\" width=\"50\" height=\"50\" \/><br \/>\nAcum nou: Binocluri <strong>Hummingbird Gen. 3 - 10\u00d742<\/strong> cu un design nou \u0219i un aspect vizual \u00eembun\u0103t\u0103\u021bit.<\/p>\n<ul>\n<li><span style=\"color: #f99b1c;\">Precomand\u0103 posibil\u0103, articol disponibil din nou din 25 iunie 2025<\/span><\/li>\n<\/ul>","protected":false},"featured_media":16079,"comment_status":"open","ping_status":"closed","template":"","meta":{"inline_featured_image":false,"footnotes":""},"product_brand":[],"product_cat":[351,362,329,344,354,346],"product_tag":[153,88,78,874],"class_list":{"0":"post-16076","1":"product","2":"type-product","3":"status-publish","4":"has-post-thumbnail","6":"product_cat-10x-vergroesserung","7":"product_cat-42-mm-objektiv","8":"product_cat-ddoptics","9":"product_cat-naturbeobachtung","10":"product_cat-vogelbeobachtung","11":"product_cat-wandern-und-reisen","12":"product_tag-10-fach-vergroesserung","13":"product_tag-10x42","14":"product_tag-ddoptics","15":"product_tag-kolibri-fernglas","16":"product_shipping_class-paket","17":"pa_brand-marke-ddoptics","18":"pa_farbe-gruen","19":"pa_produkt-typ-fernglas","21":"first","22":"instock","23":"sale","24":"taxable","25":"shipping-taxable","26":"purchasable","27":"product-type-simple"},"bundled_by":[],"bundle_stock_status":"instock","bundle_stock_quantity":null,"bundle_virtual":false,"bundle_layout":"","bundle_add_to_cart_form_location":"","bundle_editable_in_cart":false,"bundle_sold_individually_context":"","bundle_item_grouping":"","bundle_min_size":"","bundle_max_size":"","bundle_price":[],"bundled_items":[],"bundle_sell_ids":[],"_links":{"self":[{"href":"https:\/\/ddoptics.shop\/ro\/wp-json\/wp\/v2\/product\/16076","targetHints":{"allow":["GET"]}}],"collection":[{"href":"https:\/\/ddoptics.shop\/ro\/wp-json\/wp\/v2\/product"}],"about":[{"href":"https:\/\/ddoptics.shop\/ro\/wp-json\/wp\/v2\/types\/product"}],"replies":[{"embeddable":true,"href":"https:\/\/ddoptics.shop\/ro\/wp-json\/wp\/v2\/comments?post=16076"}],"version-history":[{"count":10,"href":"https:\/\/ddoptics.shop\/ro\/wp-json\/wp\/v2\/product\/16076\/revisions"}],"predecessor-version":[{"id":28465,"href":"https:\/\/ddoptics.shop\/ro\/wp-json\/wp\/v2\/product\/16076\/revisions\/28465"}],"wp:featuredmedia":[{"embeddable":true,"href":"https:\/\/ddoptics.shop\/ro\/wp-json\/wp\/v2\/media\/16079"}],"wp:attachment":[{"href":"https:\/\/ddoptics.shop\/ro\/wp-json\/wp\/v2\/media?parent=16076"}],"wp:term":[{"taxonomy":"product_brand","embeddable":true,"href":"https:\/\/ddoptics.shop\/ro\/wp-json\/wp\/v2\/product_brand?post=16076"},{"taxonomy":"product_cat","embeddable":true,"href":"https:\/\/ddoptics.shop\/ro\/wp-json\/wp\/v2\/product_cat?post=16076"},{"taxonomy":"product_tag","embeddable":true,"href":"https:\/\/ddoptics.shop\/ro\/wp-json\/wp\/v2\/product_tag?post=16076"}],"curies":[{"name":"wp","href":"https:\/\/api.w.org\/{rel}","templated":true}]}}