{"id":16934,"date":"2019-03-13T17:08:12","date_gmt":"2019-03-13T16:08:12","guid":{"rendered":"https:\/\/ddoptics.shop\/?post_type=product&#038;p=16934"},"modified":"2025-07-02T14:06:45","modified_gmt":"2025-07-02T12:06:45","slug":"binoclu-nikon-prostaff-7s-10x42","status":"publish","type":"product","link":"https:\/\/ddoptics.shop\/ro\/kaufen\/nikon-fernglas-prostaff-7s-10x42\/","title":{"rendered":"Nikon Prostaff 7s 10x42Binoclu"},"content":{"rendered":"<h2>Nikon Prostaff 7s <a href=\"https:\/\/ddoptics.shop\/ro\/magazin\/binoclu\/binoclu-cu-marire\/imbunatatire-de-10-ori\/\" target=\"_blank\" rel=\"noopener\" data-schema-attribute=\"\">10<\/a>Binoclu x42<\/h2>\n<p>The<strong> Binoclu Nikon<\/strong> de la <strong>Seria Prostaff<\/strong> apar\u021bine \u00een <strong>aceast\u0103 clas\u0103 la modelele clasei suplimentare<\/strong>e. Datorit\u0103<strong> sistem optic nou<\/strong> binoclul este ideal pentru <strong>Observarea p\u0103s\u0103rilor \u0219i a naturii<\/strong>.<\/p>\n<p>\u00cen concluzie, pentru un pre\u021b de aproximativ 220 de euro, ob\u021bine\u021bi o pereche de binocluri de \u00eenalt\u0103 calitate, care sunt cunoscute pentru rezolu\u021bia lor str\u0103lucitoare, <strong>Manipulare u\u0219oar\u0103 \u0219i robuste\u021be puternic\u0103<\/strong> cu un design confortabil. Modelul este deosebit de popular \u00een r\u00e2ndul pasiona\u021bilor de activit\u0103\u021bi \u00een aer liber, datorit\u0103 robuste\u021bii sale optime pentru utilizarea \u00een aer liber.<\/p>\n<p>Numeroasele detalii asigur\u0103, de asemenea, o experien\u021b\u0103 de vizionare confortabil\u0103. Modelul<strong> Roat\u0103 de focalizare datorit\u0103 structurii anti-alunecare<\/strong> deosebit de rapid \u0219i u\u0219or de reglat. U\u0219or, <strong>Binoclu rezistent la ap\u0103 \u0219i f\u0103r\u0103 cea\u021b\u0103<\/strong> este partenerul ideal pentru entuzia\u0219tii activit\u0103\u021bilor \u00een aer liber. Imagini: Programul de parteneriat amazon.<\/p>\n<h3>Principalele caracteristici ale\u00a0<a href=\"https:\/\/de.wikipedia.org\/wiki\/Nikon\" target=\"_blank\" rel=\"noopener sponsored\" data-schema-attribute=\"\">Nikon<\/a>\u00a0Prostaff 7s binoclu <a href=\"https:\/\/ddoptics.shop\/ro\/magazin\/binoclu\/binoclu-cu-marire\/imbunatatire-de-10-ori\/\" target=\"_blank\" rel=\"noopener\" data-schema-attribute=\"\">10<\/a>x42<\/h3>\n<ul>\n<li>Rezolu\u021bie ridicat\u0103 datorit\u0103 acoperirii cu faz\u0103 corectat\u0103<\/li>\n<li>Acoperire cu oglind\u0103 dielectric\u0103 foarte reflectorizant\u0103 pentru o luminozitate optim\u0103 a imaginii \u0219i fidelitate a culorilor<\/li>\n<li>C\u00e2mp vizual clar datorit\u0103 reliefului mare al ochilor, chiar \u0219i pentru purt\u0103torii de ochelari<\/li>\n<li>Ochi reglabili din cauciuc cu mai multe pozi\u021bii de blocare<\/li>\n<li>Rezistent la ap\u0103 (p\u00e2n\u0103 la 1 m timp de 10 minute) \u0219i anticearc\u0103n datorit\u0103 umplerii cu azot<\/li>\n<li>Rezisten\u021b\u0103 la \u0219ocuri \u0219i prindere confortabil\u0103 datorit\u0103 arm\u0103turii din cauciuc<\/li>\n<li>Lentile \u0219i prisme multistrat pentru o calitate optim\u0103 a imaginii<\/li>\n<li>Remunera\u021bie corectat\u0103 \u00een func\u021bie de faz\u0103<\/li>\n<li>Distan\u021b\u0103 mare a pupilei de ie\u0219ire pentru un c\u00e2mp vizual clar, chiar \u0219i pentru purt\u0103torii de ochelari<\/li>\n<li>Construc\u021bie deosebit de u\u0219oar\u0103<\/li>\n<li>Sticl\u0103 ecologic\u0103 f\u0103r\u0103 arsenic \u0219i plumb pentru toate lentilele \u0219i prismele<\/li>\n<\/ul>","protected":false},"excerpt":{"rendered":"<p>Pentru <strong>Pre\u021b de aproximativ 200 \u20ac,<\/strong>\u00a0pentru care <strong>Nikon Prostaff<\/strong>\u00a0binoclu, nu exist\u0103 aproape nimic de criticat \u00een ceea ce prive\u0219te calitatea sau manopera.<\/p>","protected":false},"featured_media":16938,"comment_status":"open","ping_status":"closed","template":"","meta":{"inline_featured_image":false,"footnotes":""},"product_brand":[],"product_cat":[878],"product_tag":[558,567,894,895],"class_list":{"0":"post-16934","1":"product","2":"type-product","3":"status-publish","4":"has-post-thumbnail","6":"product_cat-diverse-fernglaeser","7":"product_tag-fernglas-10x42","8":"product_tag-fernglas-8x42","9":"product_tag-nikon-fernglas","10":"product_tag-prostraff-7s-10x42","11":"pa_brand-marke-nikon","12":"pa_produkt-typ-fernglas","14":"first","15":"instock","16":"sale","17":"taxable","18":"shipping-taxable","19":"product-type-external"},"bundled_by":[],"bundle_stock_status":"instock","bundle_stock_quantity":null,"bundle_virtual":false,"bundle_layout":"","bundle_add_to_cart_form_location":"","bundle_editable_in_cart":false,"bundle_sold_individually_context":"","bundle_item_grouping":"","bundle_min_size":"","bundle_max_size":"","bundle_price":[],"bundled_items":[],"bundle_sell_ids":[],"_links":{"self":[{"href":"https:\/\/ddoptics.shop\/ro\/wp-json\/wp\/v2\/product\/16934","targetHints":{"allow":["GET"]}}],"collection":[{"href":"https:\/\/ddoptics.shop\/ro\/wp-json\/wp\/v2\/product"}],"about":[{"href":"https:\/\/ddoptics.shop\/ro\/wp-json\/wp\/v2\/types\/product"}],"replies":[{"embeddable":true,"href":"https:\/\/ddoptics.shop\/ro\/wp-json\/wp\/v2\/comments?post=16934"}],"version-history":[{"count":4,"href":"https:\/\/ddoptics.shop\/ro\/wp-json\/wp\/v2\/product\/16934\/revisions"}],"predecessor-version":[{"id":28570,"href":"https:\/\/ddoptics.shop\/ro\/wp-json\/wp\/v2\/product\/16934\/revisions\/28570"}],"wp:featuredmedia":[{"embeddable":true,"href":"https:\/\/ddoptics.shop\/ro\/wp-json\/wp\/v2\/media\/16938"}],"wp:attachment":[{"href":"https:\/\/ddoptics.shop\/ro\/wp-json\/wp\/v2\/media?parent=16934"}],"wp:term":[{"taxonomy":"product_brand","embeddable":true,"href":"https:\/\/ddoptics.shop\/ro\/wp-json\/wp\/v2\/product_brand?post=16934"},{"taxonomy":"product_cat","embeddable":true,"href":"https:\/\/ddoptics.shop\/ro\/wp-json\/wp\/v2\/product_cat?post=16934"},{"taxonomy":"product_tag","embeddable":true,"href":"https:\/\/ddoptics.shop\/ro\/wp-json\/wp\/v2\/product_tag?post=16934"}],"curies":[{"name":"wp","href":"https:\/\/api.w.org\/{rel}","templated":true}]}}