{"id":16962,"date":"2019-03-14T12:12:56","date_gmt":"2019-03-14T11:12:56","guid":{"rendered":"https:\/\/ddoptics.shop\/?post_type=product&#038;p=16962"},"modified":"2025-12-16T16:06:02","modified_gmt":"2025-12-16T15:06:02","slug":"binoclu-steiner-safari-ultrasharp-10x42","status":"publish","type":"product","link":"https:\/\/ddoptics.shop\/ro\/kaufen\/steiner-safari-ultrasharp-10x42-fernglas\/","title":{"rendered":"Steiner Safari Ultrasharp 10\u00d742 binoclu"},"content":{"rendered":"<h2>Binoclul Steiner Safari UltraSharp 10\u00d742<\/h2>\n<p>Versatil <strong>M\u0103rire de 10x \u0219i lentil\u0103 rapid\u0103 de 42 mm<\/strong> pentru o recunoa\u0219tere maxim\u0103 a detaliilor, at\u00e2t la mic\u0103 distan\u021b\u0103, c\u00e2t \u0219i la distan\u021be mari. Pentru \u00eencep\u0103tori ambi\u021bio\u0219i \u00een sectorul outdoor.<\/p>\n<p>Soare, ploaie sau praf - binoclul robust pentru safari din <strong>design practic de la STEINER<\/strong> rezist\u0103 la toate condi\u021biile datorit\u0103 carcasei sale durabile, <strong>Impermeabilitate \u0219i func\u021bionalitate \u00een intervalul de temperatur\u0103<\/strong> de la -20 \u00b0C la +70 \u00b0C<\/p>\n<p>Binoclul are un <strong>design u\u0219or \u0219i modern,<\/strong> este confortabil \u0219i u\u0219or de utilizat. Caracteristicile <strong>luminozitatea, acurate\u021bea culorilor \u0219i robuste\u021bea imaginilor Steiner de renume mondial<\/strong> ofer\u0103 performan\u021be optice maxime - \u0219i mai mult\u0103 distrac\u021bie \u00een aventurile tale.<\/p>\n<h3>Safari UltraSharp <a href=\"https:\/\/ddoptics.shop\/ro\/magazin\/binoclu\/binoclu-cu-marire\/imbunatatire-de-10-ori\/\" target=\"_blank\" rel=\"noopener\" data-schema-attribute=\"\">10<\/a>x42 cu optic\u0103 nou\u0103, inovatoare<\/h3>\n<p>Cu noul <strong>Conceptul optic UltraSharp<\/strong> pentru seria de succes Safari, STEINER stabile\u0219te un nou standard.<strong> punct de referin\u021b\u0103 de neegalat \u00een performan\u021ba binoclurilor practice pentru exterior.<\/strong>\u00a0Fine\u021be fascinant\u0103 p\u00e2n\u0103 la <strong>Zon\u0103 marginal\u0103, str\u0103lucire incredibil\u0103 a culorilor<\/strong> chiar \u0219i \u00een condi\u021bii dificile de iluminare \u0219i o imagine 3D vie caracterizeaz\u0103 optica nou dezvoltat\u0103 cu contrast ridicat.<\/p>\n<p>Aceste binocluri asigur\u0103 c\u0103 <strong>Safari foto, croaziere pe ocean, concerte, evenimente sportive<\/strong> vede\u021bi \u0219i experimenta\u021bi mult mai mult. M\u0103rirea versatil\u0103 de 10x \u0219i o lentil\u0103 fin\u0103 de 42 mm asigur\u0103 recunoa\u0219terea maxim\u0103 a detaliilor la distan\u021b\u0103 mic\u0103 \u0219i mare. Imagini: programul de parteneriat amazon<\/p>\n<h3>Principalele caracteristici ale\u00a0<a href=\"https:\/\/de.wikipedia.org\/wiki\/Steiner-Optik\" target=\"_blank\" rel=\"noopener sponsored\" data-schema-attribute=\"\">Steiner<\/a>\u00a0Binoclu Safari UltraSharp 10\u00d742<\/h3>\n<ul>\n<li>Optic\u0103 cu contrast ridicat: Ofer\u0103 imagini luminoase, cu contrast ridicat, acurate\u021be ridicat\u0103 a contururilor \u0219i experien\u021be de vizionare 3D str\u0103lucitoare, cu reproducere natural\u0103 a culorilor, p\u00e2n\u0103 la o distan\u021b\u0103 mic\u0103 de 2 m.<\/li>\n<li>Focalizare rapid\u0103 de aproape: Focalizare minim\u0103, f\u0103r\u0103 trepte pe unitatea central\u0103 pentru o acuitate rapid\u0103 \u0219i absolut\u0103 de la aproape la infinit. Focalizare convenabil\u0103 \u0219i u\u0219oar\u0103.<\/li>\n<li>Ochi cilindrici pivotan\u021bi: Fabrica\u021bi din silicon moale, prietenos cu pielea, rezistent la \u00eemb\u0103tr\u00e2nire.<\/li>\n<li>ClicLoc: asigur\u0103 c\u0103 binoclul este \u00eentotdeauna bine fixat pe curea, dar poate fi \u0219i deta\u0219at \u0219i reata\u0219at \u00een c\u00e2teva secunde.<\/li>\n<li>Design u\u0219or \u0219i ergonomic: Comenzile cauciucate asigur\u0103 o observare confortabil\u0103 pe termen lung, cu o reducere eficient\u0103 a zgomotului. Cavit\u0103\u021bile pentru degete asigur\u0103 o prindere excelent\u0103, chiar \u0219i atunci c\u00e2nd purta\u021bi m\u0103nu\u0219i.<\/li>\n<li>Extrem de robust: carcas\u0103 durabil\u0103, impermeabil\u0103 \u0219i func\u021bional\u0103 \u00een intervalul de temperatur\u0103 de la -20 \u00b0C la +70 \u00b0C. Arm\u0103tura din cauciuc NBR Longlife antiderapant rezist\u0103 la ulei, acid \u0219i intemperii.<\/li>\n<\/ul>","protected":false},"excerpt":{"rendered":"<p><strong>Binoclu favorabil de la Steiner<\/strong> - luminos, cu contrast ridicat, robust, rezistent la ap\u0103, ideal pentru c\u0103l\u0103torii, drume\u021bii, concerte, sport \u0219i observarea naturii.<\/p>","protected":false},"featured_media":16966,"comment_status":"open","ping_status":"closed","template":"","meta":{"inline_featured_image":false,"footnotes":""},"product_brand":[],"product_cat":[878],"product_tag":[558,897,896,898],"class_list":{"0":"post-16962","1":"product","2":"type-product","3":"status-publish","4":"has-post-thumbnail","6":"product_cat-diverse-fernglaeser","7":"product_tag-fernglas-10x42","8":"product_tag-steiner-fernglas","9":"product_tag-steiner-safari","10":"product_tag-steiner-safari-10x42","11":"pa_brand-marke-steiner","12":"pa_produkt-typ-fernglas","14":"first","15":"instock","16":"sale","17":"taxable","18":"shipping-taxable","19":"product-type-external"},"bundled_by":[],"bundle_stock_status":"instock","bundle_stock_quantity":null,"bundle_virtual":false,"bundle_layout":"","bundle_add_to_cart_form_location":"","bundle_editable_in_cart":false,"bundle_sold_individually_context":"","bundle_item_grouping":"","bundle_min_size":"","bundle_max_size":"","bundle_price":[],"bundled_items":[],"bundle_sell_ids":[],"_links":{"self":[{"href":"https:\/\/ddoptics.shop\/ro\/wp-json\/wp\/v2\/product\/16962","targetHints":{"allow":["GET"]}}],"collection":[{"href":"https:\/\/ddoptics.shop\/ro\/wp-json\/wp\/v2\/product"}],"about":[{"href":"https:\/\/ddoptics.shop\/ro\/wp-json\/wp\/v2\/types\/product"}],"replies":[{"embeddable":true,"href":"https:\/\/ddoptics.shop\/ro\/wp-json\/wp\/v2\/comments?post=16962"}],"version-history":[{"count":3,"href":"https:\/\/ddoptics.shop\/ro\/wp-json\/wp\/v2\/product\/16962\/revisions"}],"predecessor-version":[{"id":29464,"href":"https:\/\/ddoptics.shop\/ro\/wp-json\/wp\/v2\/product\/16962\/revisions\/29464"}],"wp:featuredmedia":[{"embeddable":true,"href":"https:\/\/ddoptics.shop\/ro\/wp-json\/wp\/v2\/media\/16966"}],"wp:attachment":[{"href":"https:\/\/ddoptics.shop\/ro\/wp-json\/wp\/v2\/media?parent=16962"}],"wp:term":[{"taxonomy":"product_brand","embeddable":true,"href":"https:\/\/ddoptics.shop\/ro\/wp-json\/wp\/v2\/product_brand?post=16962"},{"taxonomy":"product_cat","embeddable":true,"href":"https:\/\/ddoptics.shop\/ro\/wp-json\/wp\/v2\/product_cat?post=16962"},{"taxonomy":"product_tag","embeddable":true,"href":"https:\/\/ddoptics.shop\/ro\/wp-json\/wp\/v2\/product_tag?post=16962"}],"curies":[{"name":"wp","href":"https:\/\/api.w.org\/{rel}","templated":true}]}}