{"id":16968,"date":"2019-03-14T14:15:01","date_gmt":"2019-03-14T13:15:01","guid":{"rendered":"https:\/\/ddoptics.shop\/?post_type=product&#038;p=16968"},"modified":"2025-07-02T13:47:07","modified_gmt":"2025-07-02T11:47:07","slug":"binoclu-steiner-safari-ultrasharp-8x22","status":"publish","type":"product","link":"https:\/\/ddoptics.shop\/ro\/kaufen\/steiner-safari-ultrasharp-8x22-fernglas\/","title":{"rendered":"Binoclu Steiner Safari Ultrasharp 8\u00d722"},"content":{"rendered":"<h2>Binoclu Steiner Safari UltraSharp 8\u00d722<\/h2>\n<p>C\u00e2nd este pliat, acest<strong> Steiner Mini Binoclu<\/strong> \u00een fiecare buzunar \u0219i arat\u0103 bine \u00een acela\u0219i timp. Cu<strong> M\u0103rire de 8x \u0219i design compact, u\u0219or ca o pan\u0103<\/strong> este partenerul dvs. constant pentru desf\u0103\u0219urarea rapid\u0103.<\/p>\n<p>Soare, ploaie sau praf - binoclul robust pentru safari din <strong>design practic de la STEINER<\/strong> rezist\u0103 la toate condi\u021biile datorit\u0103 carcasei sale durabile, <strong>Impermeabilitate \u0219i func\u021bionalitate \u00een intervalul de temperatur\u0103<\/strong> de la -20 \u00b0C la +70 \u00b0C<\/p>\n<p>Binoclul are un <strong>design u\u0219or \u0219i modern,<\/strong> este confortabil \u0219i u\u0219or de utilizat. Caracteristicile <strong>luminozitatea, acurate\u021bea culorilor \u0219i robuste\u021bea imaginilor Steiner de renume mondial<\/strong> ofer\u0103 performan\u021be optice maxime - \u0219i mai mult\u0103 distrac\u021bie \u00een aventurile tale.<\/p>\n<h3>Safari UltraSharp <a href=\"https:\/\/ddoptics.shop\/ro\/magazin\/binoclu\/binoclu-cu-marire\/imbunatatire-de-8x\/\" target=\"_blank\" rel=\"noopener\" data-schema-attribute=\"\">8<\/a>x22 cu un aspect nou, inovator<\/h3>\n<p>Cu noul <strong>Conceptul optic UltraSharp<\/strong> pentru seria de succes Safari, STEINER stabile\u0219te un nou standard.<strong> punct de referin\u021b\u0103 de neegalat \u00een performan\u021ba binoclurilor practice pentru exterior.<\/strong>\u00a0Fine\u021be fascinant\u0103 p\u00e2n\u0103 la <strong>Zon\u0103 marginal\u0103, str\u0103lucire incredibil\u0103 a culorilor<\/strong> chiar \u0219i \u00een condi\u021bii dificile de iluminare \u0219i o imagine 3D vie caracterizeaz\u0103 optica nou dezvoltat\u0103 cu contrast ridicat.<\/p>\n<p>Aceste binocluri asigur\u0103 c\u0103 <strong>Safari foto, croaziere pe ocean, concerte, evenimente sportive<\/strong> vede\u021bi \u0219i experimenta\u021bi mult mai mult. M\u0103rirea versatil\u0103 de 8x \u0219i o lentil\u0103 binocular\u0103 fin\u0103 de 22 mm asigur\u0103 recunoa\u0219terea maxim\u0103 a detaliilor la distan\u021b\u0103 mic\u0103 \u0219i mare. Imagini: program partener amazon.<\/p>\n<h3>Principalele caracteristici ale\u00a0<a href=\"https:\/\/de.wikipedia.org\/wiki\/Steiner-Optik\" target=\"_blank\" rel=\"noopener sponsored\" data-schema-attribute=\"\">Steiner<\/a>\u00a0Binoclu Safari UltraSharp 8\u00d722<\/h3>\n<ul>\n<li>Optic\u0103 cu contrast ridicat: Ofer\u0103 imagini luminoase, cu contrast ridicat, acurate\u021be ridicat\u0103 a contururilor \u0219i experien\u021be de vizionare 3D str\u0103lucitoare, cu reproducere natural\u0103 a culorilor, p\u00e2n\u0103 la o distan\u021b\u0103 mic\u0103 de 2 m.<\/li>\n<li>Focalizare rapid\u0103 de aproape: Focalizare minim\u0103, f\u0103r\u0103 trepte pe unitatea central\u0103 pentru o acuitate rapid\u0103 \u0219i absolut\u0103 de la aproape la infinit. Focalizare convenabil\u0103 \u0219i u\u0219oar\u0103.<\/li>\n<li>Ochelari pivotan\u021bi ergonomici: Fabrica\u021bi din silicon prietenos cu pielea, rezistent la \u00eemb\u0103tr\u00e2nire, pentru o vizualizare confortabil\u0103 \u0219i protec\u021bie \u00eempotriva luminii \u0219i a curen\u021bilor de aer din lateral. U\u0219or de rabatat pentru utilizarea cu ochelari.<\/li>\n<li><span style=\"color: #555555;\">Design u\u0219or \u0219i ergonomic Comenzile cauciucate asigur\u0103 o observare confortabil\u0103 pe termen lung, cu o reducere eficient\u0103 a zgomotului. Cavit\u0103\u021bile pentru degete asigur\u0103 o prindere excelent\u0103, chiar \u0219i atunci c\u00e2nd purta\u021bi m\u0103nu\u0219i.<\/span><\/li>\n<li><span style=\"color: #555555;\">Extrem de robust datorit\u0103 carcasei durabile, rezisten\u021bei la ap\u0103 \u0219i func\u021bionalit\u0103\u021bii \u00een intervalul de temperatur\u0103 de la -20 \u00b0C la +70 \u00b0C. Arm\u0103tura din cauciuc NBR Longlife anti-alunecare rezist\u0103 la ulei, acid \u0219i intemperii.<\/span><\/li>\n<\/ul>","protected":false},"excerpt":{"rendered":"<p><strong>Binoclu favorabil de la Steiner<\/strong> - Perfect pentru c\u0103l\u0103torii lungi. Ce ai nevoie: U\u0219oare <strong>Design, stil contemporan, confort \u0219i simplitate.<\/strong><\/p>","protected":false},"featured_media":16970,"comment_status":"open","ping_status":"closed","template":"","meta":{"inline_featured_image":false,"footnotes":""},"product_brand":[],"product_cat":[878],"product_tag":[901,900,899,897,896],"class_list":{"0":"post-16968","1":"product","2":"type-product","3":"status-publish","4":"has-post-thumbnail","6":"product_cat-diverse-fernglaeser","7":"product_tag-fernglas-8x22","8":"product_tag-safari-8x22","9":"product_tag-steiner-8x22","10":"product_tag-steiner-fernglas","11":"product_tag-steiner-safari","12":"pa_brand-marke-steiner","13":"pa_produkt-typ-fernglas","15":"first","16":"instock","17":"sale","18":"taxable","19":"shipping-taxable","20":"product-type-external"},"bundled_by":[],"bundle_stock_status":"instock","bundle_stock_quantity":null,"bundle_virtual":false,"bundle_layout":"","bundle_add_to_cart_form_location":"","bundle_editable_in_cart":false,"bundle_sold_individually_context":"","bundle_item_grouping":"","bundle_min_size":"","bundle_max_size":"","bundle_price":[],"bundled_items":[],"bundle_sell_ids":[],"_links":{"self":[{"href":"https:\/\/ddoptics.shop\/ro\/wp-json\/wp\/v2\/product\/16968","targetHints":{"allow":["GET"]}}],"collection":[{"href":"https:\/\/ddoptics.shop\/ro\/wp-json\/wp\/v2\/product"}],"about":[{"href":"https:\/\/ddoptics.shop\/ro\/wp-json\/wp\/v2\/types\/product"}],"replies":[{"embeddable":true,"href":"https:\/\/ddoptics.shop\/ro\/wp-json\/wp\/v2\/comments?post=16968"}],"version-history":[{"count":3,"href":"https:\/\/ddoptics.shop\/ro\/wp-json\/wp\/v2\/product\/16968\/revisions"}],"predecessor-version":[{"id":28566,"href":"https:\/\/ddoptics.shop\/ro\/wp-json\/wp\/v2\/product\/16968\/revisions\/28566"}],"wp:featuredmedia":[{"embeddable":true,"href":"https:\/\/ddoptics.shop\/ro\/wp-json\/wp\/v2\/media\/16970"}],"wp:attachment":[{"href":"https:\/\/ddoptics.shop\/ro\/wp-json\/wp\/v2\/media?parent=16968"}],"wp:term":[{"taxonomy":"product_brand","embeddable":true,"href":"https:\/\/ddoptics.shop\/ro\/wp-json\/wp\/v2\/product_brand?post=16968"},{"taxonomy":"product_cat","embeddable":true,"href":"https:\/\/ddoptics.shop\/ro\/wp-json\/wp\/v2\/product_cat?post=16968"},{"taxonomy":"product_tag","embeddable":true,"href":"https:\/\/ddoptics.shop\/ro\/wp-json\/wp\/v2\/product_tag?post=16968"}],"curies":[{"name":"wp","href":"https:\/\/api.w.org\/{rel}","templated":true}]}}