{"id":16980,"date":"2019-03-14T17:02:34","date_gmt":"2019-03-14T16:02:34","guid":{"rendered":"https:\/\/ddoptics.shop\/?post_type=product&#038;p=16980"},"modified":"2025-07-02T13:41:47","modified_gmt":"2025-07-02T11:41:47","slug":"binoclu-steiner-bluhorizons-10x26","status":"publish","type":"product","link":"https:\/\/ddoptics.shop\/ro\/kaufen\/steiner-bluhorizons-10x26-fernglas\/","title":{"rendered":"Steiner BLUHORIZONS 10\u00d726 binoclu"},"content":{"rendered":"<h2>Steiner BluHorizons 10\u00d726 binoclu cu tehnologie Autobright<\/h2>\n<p><strong>Binoclu Steiner BLUHORIZONS<\/strong> sunt special concepute pentru toate <strong>Aventurier \u00een aer liber<\/strong> proiectat. \u00cen plus, BLUHORIZONS \u00eencape \u00een aproape orice buzunar de pantaloni, este u\u0219or \u0219i extrem de robust.<\/p>\n<p>Ca <strong>Primul \u0219i singurul binoclu din lume cu lentile fotocromice.<\/strong> Acest lucru \u00eenseamn\u0103 c\u0103 se adapteaz\u0103 <strong>automat la condi\u021biile de iluminare<\/strong> astfel \u00eenc\u00e2t s\u0103 ave\u021bi \u00eentotdeauna o vedere optim\u0103, chiar \u0219i \u00een condi\u021bii de soare str\u0103lucitor sau reflexii luminoase.<\/p>\n<blockquote><p>Aproape nimic nu este mai enervant dec\u00e2t s\u0103 fii <strong>orbit la momentul decisiv<\/strong> atunci c\u00e2nd v\u0103 uita\u021bi la motivul dorit.<\/p><\/blockquote>\n<p>BLUHORIZONS cu Autobright pune acum cap\u0103t acestei nepl\u0103ceri \u0219i ofer\u0103 tinerilor \u0219i b\u0103tr\u00e2nilor o pl\u0103cere vizual\u0103 de lung\u0103 durat\u0103 \u00een fiecare aventur\u0103 la soare. F\u0103r\u0103 s\u0103 v\u0103 str\u00e2mba\u021bi ochii \u0219i f\u0103r\u0103 s\u0103 fi\u021bi orbi\u021bi, pute\u021bi privi lumea larg\u0103 \u00eentr-un mod permanent relaxat.<\/p>\n<h3>Steiner <a href=\"https:\/\/ddoptics.shop\/ro\/magazin\/binoclu\/binoclu-cu-marire\/imbunatatire-de-10-ori\/\" target=\"_blank\" rel=\"noopener\" data-schema-attribute=\"\">10<\/a>Binoclu x26 cu optic\u0103 BLUHORIZONS nou\u0103 \u0219i inovatoare<\/h3>\n<p>BLUHORIZONS este <strong>Factor de protec\u021bie solar\u0103 pentru ochi<\/strong>. \u00cen condi\u021bii de lumin\u0103 schimb\u0103toare, sistemul nostru <strong>Ochii lucreaz\u0103 din greu.<\/strong> Datorit\u0103 tehnologiei Autobright, BLUHORIZONS sus\u021bine ochii chiar \u0219i \u00een lumin\u0103 puternic\u0103.<strong> condi\u021biile de lumin\u0103 \u0219i regleaz\u0103 automat c\u00e2t de mult\u0103 lumin\u0103 este l\u0103sat\u0103 s\u0103 treac\u0103.<\/strong> devine. Acest lucru \u00eenseamn\u0103 c\u0103 v\u0103 obosi\u021bi ochii vizibil mai pu\u021bin \u0219i v\u0103 pute\u021bi relaxa \u0219i bucura de fiecare priveli\u0219te. Imagini: Programul de parteneriat amazon.<\/p>\n<h3>Principalele caracteristici ale\u00a0<a href=\"https:\/\/de.wikipedia.org\/wiki\/Steiner-Optik\" target=\"_blank\" rel=\"noopener sponsored\" data-schema-attribute=\"\">Steiner\u00a0<\/a>BluHorizons 10\u00d726 binoclu<\/h3>\n<ul>\n<li><strong>Focalizare rapid\u0103-\u00eenchidere:<\/strong> Focalizare minimal\u0103, f\u0103r\u0103 trepte pe unitatea central\u0103 pentru o acuitate rapid\u0103 \u0219i absolut\u0103 de la prim-plan la infinit. Focalizare convenabil\u0103 \u0219i u\u0219oar\u0103.<\/li>\n<li><strong>Ochi ergonomici<\/strong>Fabricate din silicon prietenos cu pielea \u0219i rezistent la \u00eemb\u0103tr\u00e2nire, acestea asigur\u0103 o observare confortabil\u0103 \u0219i protec\u021bie \u00eempotriva luminii laterale \u0219i a curen\u021bilor de aer. U\u0219or de pliat pentru utilizarea cu ochelari.<\/li>\n<li><strong>Design u\u0219or:<\/strong> Ofer\u0103 imagini extrem de clare \u00een cele mai mici spa\u021bii, astfel \u00eenc\u00e2t s\u0103 v\u0103 pute\u021bi lua binoclul cu dvs. oriunde a\u021bi merge.<\/li>\n<li>Tehnologia Autobright: Optimizeaz\u0103 automat transmisia luminii din lentile pentru claritate maxim\u0103 \u00een condi\u021bii de luminozitate. F\u0103r\u0103 reflexii sau str\u0103lucire din ap\u0103, nisip, z\u0103pad\u0103 sau cer. F\u0103r\u0103 strabism, ghicitori sau oboseal\u0103 ocular\u0103. Pur \u0219i simplu o imagine perfect\u0103.<\/li>\n<li>Protec\u021bia ochilor: Tehnologia exclusiv\u0103 Steiner Autobright a lentilelor care se adapteaz\u0103 la lumina soarelui ajusteaz\u0103 automat luminozitatea pentru a asigura cea mai bun\u0103 vizibilitate \u00een orice situa\u021bie de iluminare. Indiferent dac\u0103 soarele este chiar sub orizont, str\u0103luce\u0219te direct deasupra capului sau rico\u0219eaz\u0103 \u00een ap\u0103 sau z\u0103pad\u0103 din toate unghiurile, BluHorizons sunt proiectate s\u0103 absoarb\u0103 cantitatea potrivit\u0103 de lumin\u0103 \u0219i s\u0103 reduc\u0103 str\u0103lucirea pentru o vedere optim\u0103.<\/li>\n<li><strong>Robuste\u021be extrem\u0103:<\/strong> Carcas\u0103 durabil\u0103, etan\u0219eitate \u0219i func\u021bionalitate \u00een intervalul de temperatur\u0103 de la -20 \u00b0C la +70 \u00b0C. Arm\u0103tura de cauciuc NBR Longlife antiderapant\u0103 rezist\u0103 la ulei, acid \u0219i intemperii.<\/li>\n<li><strong>Gam\u0103 larg\u0103 de accesorii<\/strong> cu o curea de transport confortabil\u0103 \u0219i o geant\u0103 de transport unic\u0103, multifunc\u021bional\u0103, fabricat\u0103 din neopren.<\/li>\n<\/ul>","protected":false},"excerpt":{"rendered":"<p>O premier\u0103 mondial\u0103! Binoclu compact 10\u00d726 cu <strong>reglarea automat\u0103 a transmisiei luminii<\/strong> a lentilei. U\u0219or pentru ochi.<\/p>","protected":false},"featured_media":16978,"comment_status":"open","ping_status":"closed","template":"","meta":{"inline_featured_image":false,"footnotes":""},"product_brand":[],"product_cat":[878],"product_tag":[905,906,907,897],"class_list":{"0":"post-16980","1":"product","2":"type-product","3":"status-publish","4":"has-post-thumbnail","6":"product_cat-diverse-fernglaeser","7":"product_tag-10x26-fernglas","8":"product_tag-bluhorizons-10x26","9":"product_tag-steiner-10x26","10":"product_tag-steiner-fernglas","11":"pa_brand-marke-steiner","12":"pa_produkt-typ-fernglas","14":"first","15":"instock","16":"sale","17":"taxable","18":"shipping-taxable","19":"product-type-external"},"bundled_by":[],"bundle_stock_status":"instock","bundle_stock_quantity":null,"bundle_virtual":false,"bundle_layout":"","bundle_add_to_cart_form_location":"","bundle_editable_in_cart":false,"bundle_sold_individually_context":"","bundle_item_grouping":"","bundle_min_size":"","bundle_max_size":"","bundle_price":[],"bundled_items":[],"bundle_sell_ids":[],"_links":{"self":[{"href":"https:\/\/ddoptics.shop\/ro\/wp-json\/wp\/v2\/product\/16980","targetHints":{"allow":["GET"]}}],"collection":[{"href":"https:\/\/ddoptics.shop\/ro\/wp-json\/wp\/v2\/product"}],"about":[{"href":"https:\/\/ddoptics.shop\/ro\/wp-json\/wp\/v2\/types\/product"}],"replies":[{"embeddable":true,"href":"https:\/\/ddoptics.shop\/ro\/wp-json\/wp\/v2\/comments?post=16980"}],"version-history":[{"count":4,"href":"https:\/\/ddoptics.shop\/ro\/wp-json\/wp\/v2\/product\/16980\/revisions"}],"predecessor-version":[{"id":28564,"href":"https:\/\/ddoptics.shop\/ro\/wp-json\/wp\/v2\/product\/16980\/revisions\/28564"}],"wp:featuredmedia":[{"embeddable":true,"href":"https:\/\/ddoptics.shop\/ro\/wp-json\/wp\/v2\/media\/16978"}],"wp:attachment":[{"href":"https:\/\/ddoptics.shop\/ro\/wp-json\/wp\/v2\/media?parent=16980"}],"wp:term":[{"taxonomy":"product_brand","embeddable":true,"href":"https:\/\/ddoptics.shop\/ro\/wp-json\/wp\/v2\/product_brand?post=16980"},{"taxonomy":"product_cat","embeddable":true,"href":"https:\/\/ddoptics.shop\/ro\/wp-json\/wp\/v2\/product_cat?post=16980"},{"taxonomy":"product_tag","embeddable":true,"href":"https:\/\/ddoptics.shop\/ro\/wp-json\/wp\/v2\/product_tag?post=16980"}],"curies":[{"name":"wp","href":"https:\/\/api.w.org\/{rel}","templated":true}]}}