{"id":17002,"date":"2019-03-15T11:40:08","date_gmt":"2019-03-15T10:40:08","guid":{"rendered":"https:\/\/ddoptics.shop\/?post_type=product&#038;p=17002"},"modified":"2025-07-02T13:38:03","modified_gmt":"2025-07-02T11:38:03","slug":"binoclu-steiner-ranger-xtreme-8x56","status":"publish","type":"product","link":"https:\/\/ddoptics.shop\/ro\/kaufen\/steiner-ranger-xtreme-8x56-fernglas\/","title":{"rendered":"Binoclu Steiner Ranger Xtreme 8\u00d756"},"content":{"rendered":"<h2>Binoclu Steiner Ranger Xtreme 8\u00d756<\/h2>\n<p>Cu <strong>Cu binoclul Ranger Xtreme 8\u00d756, Steiner dore\u0219te \u00een mod clar s\u0103 se adreseze v\u00e2n\u0103torilor.<\/strong> ca grup \u021bint\u0103. Adesea v\u0103 afla\u021bi la \u00eenceput sau doar la<strong> Sf\u00e2r\u0219itul unei zile de v\u00e2n\u0103toare<\/strong> succes \u00een v\u00e2n\u0103toare. Motivul este simplu - animalele apar atunci c\u00e2nd sunt \u00eenc\u0103 bine camuflate de primele raze de soare sau de \u00eentunericul cresc\u00e2nd.<\/p>\n<p>Transmisia \u00eembun\u0103t\u0103\u021bit\u0103 a luminii din optic\u0103 rezolv\u0103 umbrele \u00een care se ascunde jocul \u0219i permite<strong> Cea mai bun\u0103 recunoa\u0219tere chiar \u0219i \u00een condi\u021bii de lumin\u0103 slab\u0103.<\/strong> \u00cen condi\u021bii bune de iluminare, jocul poate fi<strong> p\u0103duri \u00eentunecate \u0219i dese<\/strong> poate fi reperat mai bine. Cu diametrul mare al obiectivului de 56 mm, acesta este proiectat pentru utilizare sub <strong>condi\u021bii dificile de iluminare<\/strong> \u0219i creeaz\u0103 posibilit\u0103\u021bi uimitoare de observare \u00een noapte.<\/p>\n<h3>Caracteristici speciale ale Steiner Ranger Xtreme 8x<a href=\"https:\/\/ddoptics.shop\/ro\/magazin\/binoclu\/binoclu-diametru-obiectiv-lentile\/obiectiv-de-56-mm\/\" target=\"_blank\" rel=\"noopener\" data-schema-attribute=\"\">56<\/a> Binoclu<\/h3>\n<p>Cu o tehnologie \u00eembun\u0103t\u0103\u021bit\u0103 \u0219i un design avansat, <strong>ultima genera\u021bie a seriei de succes STEINER Ranger<\/strong> noi recorduri \u00een clasa lor.<\/p>\n<blockquote><p>Optic\u0103 ascu\u021bit\u0103, transmisie ridicat\u0103 a luminii \u0219i un c\u00e2mp vizual XL: se utilizeaz\u0103 optica Steiner cu contrast ridicat, care asigur\u0103 imagini deosebit de luminoase \u0219i cu contrast ridicat.<\/p><\/blockquote>\n<p>The <strong>C\u00e2mp vizual mare<\/strong> a fost realizat cu noul <strong>Seria Ranger Xtreme<\/strong> iar purt\u0103torii de ochelari pot utiliza, de asemenea, \u00eentregul c\u00e2mp vizual. Carcasa robust\u0103 din Makrolon a fost echipat\u0103 cu o arm\u0103tur\u0103 optimizat\u0103 din cauciuc, care asigur\u0103 c\u0103 binoclul este u\u0219or de prins chiar \u0219i \u00een condi\u021bii extreme. <strong>cele mai dificile condi\u021bii, cum ar fi umezeala \u0219i frigul<\/strong> mult \u00eembun\u0103t\u0103\u021bit\u0103.<\/p>\n<p>The <strong>Roat\u0103 de focalizare mare<\/strong> permite manipularea u\u0219oar\u0103 \u0219i sigur\u0103 - chiar \u0219i cu m\u0103nu\u0219i. <strong>Etan\u0219eitate la presiunea apei \u0219i umplere cu azot<\/strong> fac din acest binoclu extrem de u\u0219or un binoclu all-round care este echipat ideal pentru orice aplica\u021bie. Seria STEINER Ranger Xtreme ofer\u0103 v\u00e2n\u0103torului ambi\u021bios o <strong>sticl\u0103 de \u00eenalt\u0103 performan\u021b\u0103 la un pre\u021b corect.<\/strong><\/p>\n<h3>Principalele caracteristici ale <a href=\"https:\/\/de.wikipedia.org\/wiki\/Steiner-Optik\" target=\"_blank\" rel=\"noopener sponsored\" data-schema-attribute=\"\">Steiner<\/a> Binoclu Ranger Xtreme 8\u00d756<\/h3>\n<ul>\n<li><strong>Optic\u0103 cu contrast ridicat:<\/strong> Ofer\u0103 imagini luminoase, cu contrast ridicat, acurate\u021be ridicat\u0103 a contururilor \u0219i experien\u021be de vizionare 3D str\u0103lucitoare, cu o reproducere natural\u0103 a culorilor p\u00e2n\u0103 la o distan\u021b\u0103 apropiat\u0103 de 2 m.<\/li>\n<li><strong>C\u00e2mpul vizual XL:<\/strong> Ofer\u0103 o imagine de ansamblu \u0219i permite observarea convenabil\u0103.<\/li>\n<li><strong>Focalizare rapid\u0103-\u00eenchidere:<\/strong> Focalizare minimal\u0103, f\u0103r\u0103 trepte pe unitatea central\u0103 pentru o acuitate rapid\u0103 \u0219i absolut\u0103 de la prim-plan la infinit. Focalizare convenabil\u0103 \u0219i u\u0219oar\u0103.<\/li>\n<li><strong>Umplere presurizat\u0103 cu azot:<\/strong> Aceast\u0103 solu\u021bie de \u00eenalt\u0103 tehnologie de la STEINER elimin\u0103 complet cea\u021ba sau formarea condensului \u00een interiorul binoclului. Datorit\u0103 tehnologiei supapei cu 2 c\u0103i, binoclurile pot fi \u00eentre\u021binute oric\u00e2nd, chiar \u0219i dup\u0103 mul\u021bi ani.<\/li>\n<li><strong>Ochi pivotan\u021bi ergonomici:<\/strong> Fabricat din silicon prietenos cu pielea, rezistent la \u00eemb\u0103tr\u00e2nire. Permite observarea confortabil\u0103 \u0219i protec\u021bia \u00eempotriva luminii \u0219i a curen\u021bilor de aer din lateral. U\u0219or de rabatat pentru utilizarea cu ochelari.<\/li>\n<li><strong>ClicLoc:<\/strong> Binoclul este \u00eentotdeauna bine fixat pe curea, dar poate fi, de asemenea, deta\u0219at \u0219i reata\u0219at \u00eentr-o chestiune de secunde.<\/li>\n<li><strong>Design u\u0219or \u0219i ergonomic:<\/strong> Elementele de operare cauciucate asigur\u0103 o observare confortabil\u0103 pe termen lung, cu o reducere eficient\u0103 a zgomotului. Cavit\u0103\u021bile pentru degete asigur\u0103 o prindere excelent\u0103, chiar \u0219i atunci c\u00e2nd purta\u021bi m\u0103nu\u0219i.<\/li>\n<li><strong>Robuste\u021be excep\u021bional\u0103:<\/strong> Carcas\u0103 durabil\u0103 Makrolon din policarbonat, etan\u0219eitate la presiunea apei de p\u00e2n\u0103 la 3 m, umplere cu azot presurizat pentru a preveni aburirea \u00een interior, interval de temperatur\u0103 de la -20 \u00b0C la +80 \u00b0C. Arm\u0103tura din cauciuc NBR Longlife antiderapant rezist\u0103 la ulei, acid \u0219i intemperii. Rezistent la condi\u021bii dificile pentru o utilizare fiabil\u0103 de-a lungul genera\u021biilor.<\/li>\n<li><strong>Accesorii de \u00eenalt\u0103 calitate:<\/strong> Cu geant\u0103, curea de transport ClicLoc din neopren, capac de ploaie \u0219i capace pentru obiective.<\/li>\n<\/ul>","protected":false},"excerpt":{"rendered":"<p>The <strong>Steiner Ranger Xtreme 8\u00d756<\/strong> Binoclu. Bucura\u021bi-v\u0103 <strong>Calitate str\u0103lucitoare a imaginii, detalii clare, transmisie foarte ridicat\u0103 a luminii<\/strong> (92 %) pentru condi\u021bii slabe de iluminare.<\/p>","protected":false},"featured_media":17007,"comment_status":"open","ping_status":"closed","template":"","meta":{"inline_featured_image":false,"footnotes":""},"product_brand":[],"product_cat":[878],"product_tag":[75,93,566,80,84,908,909],"class_list":{"0":"post-17002","1":"product","2":"type-product","3":"status-publish","4":"has-post-thumbnail","6":"product_cat-diverse-fernglaeser","7":"product_tag-8x56","8":"product_tag-ansitzglas","9":"product_tag-fernglas-8x56","10":"product_tag-gen-3","11":"product_tag-nachtfernglas","12":"product_tag-steiner-8x56","13":"product_tag-steiner-ranger-xtreme","14":"product_shipping_class-paket","15":"pa_brand-marke-steiner","16":"pa_farbe-schwarz","17":"pa_produkt-typ-fernglas","19":"first","20":"instock","21":"sale","22":"taxable","23":"shipping-taxable","24":"product-type-external"},"bundled_by":[],"bundle_stock_status":"instock","bundle_stock_quantity":null,"bundle_virtual":false,"bundle_layout":"","bundle_add_to_cart_form_location":"","bundle_editable_in_cart":false,"bundle_sold_individually_context":"","bundle_item_grouping":"","bundle_min_size":"","bundle_max_size":"","bundle_price":[],"bundled_items":[],"bundle_sell_ids":[],"_links":{"self":[{"href":"https:\/\/ddoptics.shop\/ro\/wp-json\/wp\/v2\/product\/17002","targetHints":{"allow":["GET"]}}],"collection":[{"href":"https:\/\/ddoptics.shop\/ro\/wp-json\/wp\/v2\/product"}],"about":[{"href":"https:\/\/ddoptics.shop\/ro\/wp-json\/wp\/v2\/types\/product"}],"replies":[{"embeddable":true,"href":"https:\/\/ddoptics.shop\/ro\/wp-json\/wp\/v2\/comments?post=17002"}],"version-history":[{"count":3,"href":"https:\/\/ddoptics.shop\/ro\/wp-json\/wp\/v2\/product\/17002\/revisions"}],"predecessor-version":[{"id":24707,"href":"https:\/\/ddoptics.shop\/ro\/wp-json\/wp\/v2\/product\/17002\/revisions\/24707"}],"wp:featuredmedia":[{"embeddable":true,"href":"https:\/\/ddoptics.shop\/ro\/wp-json\/wp\/v2\/media\/17007"}],"wp:attachment":[{"href":"https:\/\/ddoptics.shop\/ro\/wp-json\/wp\/v2\/media?parent=17002"}],"wp:term":[{"taxonomy":"product_brand","embeddable":true,"href":"https:\/\/ddoptics.shop\/ro\/wp-json\/wp\/v2\/product_brand?post=17002"},{"taxonomy":"product_cat","embeddable":true,"href":"https:\/\/ddoptics.shop\/ro\/wp-json\/wp\/v2\/product_cat?post=17002"},{"taxonomy":"product_tag","embeddable":true,"href":"https:\/\/ddoptics.shop\/ro\/wp-json\/wp\/v2\/product_tag?post=17002"}],"curies":[{"name":"wp","href":"https:\/\/api.w.org\/{rel}","templated":true}]}}