{"id":17034,"date":"2019-03-16T12:19:04","date_gmt":"2019-03-16T11:19:04","guid":{"rendered":"https:\/\/ddoptics.shop\/?post_type=product&#038;p=17034"},"modified":"2025-07-02T13:10:47","modified_gmt":"2025-07-02T11:10:47","slug":"binoclu-bresser-hunter-10x25-binoclu-de-buzunar","status":"publish","type":"product","link":"https:\/\/ddoptics.shop\/ro\/kaufen\/bresser-fernglas-hunter-10x25-taschenfernglas\/","title":{"rendered":"BRESSER Binoclu HUNTER 10\u00d725 - Binoclu de buzunar"},"content":{"rendered":"<h2>Binoclu BRESSER Hunter 10\u00d725 - mini binoclu de buzunar pliabil<\/h2>\n<blockquote><p>Sticla ocazional\u0103 ideal\u0103 pentru rucsacuri.<\/p><\/blockquote>\n<p>The <strong>Binoclu BRESSER Hunter 10\u00d725<\/strong> \u00een noul design impresioneaz\u0103 prin raportul s\u0103u pre\u021b\/performan\u021b\u0103. Datorit\u0103 designului s\u0103u compact \u0219i la \u00eendem\u00e2n\u0103, aceast\u0103 serie de modele accesibile este partenerul ideal \u00een multe situa\u021bii. Modelul <strong>Optic\u0103 complet acoperit\u0103 \u0219i mecanic\u0103 solid\u0103<\/strong> permite o bun\u0103 \u0219i <strong>reproducere fidel\u0103 a culorilor.<\/strong><\/p>\n<p>Die ergonomische Form der Armierung und das rutschfeste Gummi erm\u00f6glichen einen sicheren Halt. Das verbaute optische BK-7 Glasmaterial sorgt f\u00fcr eine gute Bildwiedergabe. Dieses Glas ist <strong>Perfect pentru drume\u021bii sau alte activit\u0103\u021bi \u00een aer liber<\/strong> potrivit. Datorit\u0103 designului s\u0103u compact \u0219i greut\u0103\u021bii reduse, este u\u0219or de depozitat \u0219i ocup\u0103 foarte pu\u021bin spa\u021biu \u00een bagaje.<\/p>\n<h3>Optic\u0103 de calitate medie pentru binoclul BRESSER Hunter 10\u00d725 - OK pentru pre\u021b<\/h3>\n<p>Binoclul este ideal pentru oricine se bucur\u0103 de c\u0103l\u0103torii \u0219i <strong>doar ocazional o pereche de binocluri<\/strong> sau atunci c\u00e2nd c\u0103l\u0103tori\u021bi, unde se poate pierde. Bresser promite c\u0103 optica albastr\u0103, complet acoperit\u0103, reproduce bine imaginile. Dar asta depinde \u00een \u00eentregime de cerin\u021bele dvs. Cele<strong> Reproducerea imaginii nu este, desigur, comparabil\u0103 cu binoclurile cu pre\u021buri mai mari.<\/strong> Auf 1.000 Metern hat man mit dem kleinere Sehfeld von 96 Meter schon einen Tunnelblick.<\/p>\n<h3>Calitatea proces\u0103rii - acceptabil\u0103 pentru pre\u021b<\/h3>\n<p>The <strong>Manopera nu este, de \u00een\u021beles, la fel de \u00eenalt\u0103 calitate<\/strong> ca \u00een cazul modelelor scumpe. Cu toate acestea, av\u00e2nd \u00een vedere pre\u021bul, este rezonabil s\u0103 spunem c\u0103 acest lucru nu este de a\u0219teptat. Dac\u0103 dori\u021bi s\u0103 utiliza\u021bi binoclul mai des, mai devreme sau mai t\u00e2rziu va trebui s\u0103 cump\u0103ra\u021bi altceva. Imagini: Programul de parteneriat amazon<\/p>\n<h3>Caracteristicile principale ale binoclului Bresser Hunter 10\u00d725<\/h3>\n<ul>\n<li>Das Hunter Taschenfernglas in Dachkant Bauart hat eine 10-fache Vergr\u00f6\u00dferung.<\/li>\n<li>Der gro\u00dfe Mitteltrieb erm\u00f6glicht eine schnelle Fokussierung und der Fernglask\u00f6rper hat eine Gummiarmierung.<\/li>\n<li>Die BK-7 Prismen und ein Objektivdurchmesser von 25 mm liefern ein Sehfeld von 96 Metern auf 1000 Meter Entfernung und die D\u00e4mmerungszahl liegt bei 15,81.<\/li>\n<li>Die faltbaren Augenmuscheln bieten auch Brillentr\u00e4gern einen angenehmen Durchblick und mit seinen kompakten Ma\u00dfen passt es in jede Tasche.<\/li>\n<li>Dimensiuni: 112x108x33 mm \/ Greutate: 203 g<\/li>\n<li>Pachetul de livrare: binoclu; curea de transport; geant\u0103; c\u00e2rp\u0103<\/li>\n<\/ul>","protected":false},"excerpt":{"rendered":"<p>Cu acest<strong> Optic\u0103 de agrement Bresser 10\u00d725<\/strong> sunte\u021bi echipat pentru utilizare ocazional\u0103!<\/p>\n<p>Mini binoclu perfect pentru <strong>C\u0103l\u0103torii lungi \u0219i pentru bugete mici<\/strong> - chiar dac\u0103 <strong>pierdut sau furat<\/strong> devine.<\/p>","protected":false},"featured_media":17037,"comment_status":"open","ping_status":"closed","template":"","meta":{"inline_featured_image":false,"footnotes":""},"product_brand":[],"product_cat":[878],"product_tag":[913,911,910,912,914],"class_list":{"0":"post-17034","1":"product","2":"type-product","3":"status-publish","4":"has-post-thumbnail","6":"product_cat-diverse-fernglaeser","7":"product_tag-10x25-fernglas","8":"product_tag-bresser-10x25-fernglas","9":"product_tag-bresser-fernglas","10":"product_tag-bresser-taschenfernglas","11":"product_tag-mini-fernglas","12":"pa_brand-marke-bresser","13":"pa_produkt-typ-fernglas","15":"first","16":"instock","17":"sale","18":"taxable","19":"shipping-taxable","20":"product-type-external"},"bundled_by":[],"bundle_stock_status":"instock","bundle_stock_quantity":null,"bundle_virtual":false,"bundle_layout":"","bundle_add_to_cart_form_location":"","bundle_editable_in_cart":false,"bundle_sold_individually_context":"","bundle_item_grouping":"","bundle_min_size":"","bundle_max_size":"","bundle_price":[],"bundled_items":[],"bundle_sell_ids":[],"_links":{"self":[{"href":"https:\/\/ddoptics.shop\/ro\/wp-json\/wp\/v2\/product\/17034","targetHints":{"allow":["GET"]}}],"collection":[{"href":"https:\/\/ddoptics.shop\/ro\/wp-json\/wp\/v2\/product"}],"about":[{"href":"https:\/\/ddoptics.shop\/ro\/wp-json\/wp\/v2\/types\/product"}],"replies":[{"embeddable":true,"href":"https:\/\/ddoptics.shop\/ro\/wp-json\/wp\/v2\/comments?post=17034"}],"version-history":[{"count":3,"href":"https:\/\/ddoptics.shop\/ro\/wp-json\/wp\/v2\/product\/17034\/revisions"}],"predecessor-version":[{"id":28561,"href":"https:\/\/ddoptics.shop\/ro\/wp-json\/wp\/v2\/product\/17034\/revisions\/28561"}],"wp:featuredmedia":[{"embeddable":true,"href":"https:\/\/ddoptics.shop\/ro\/wp-json\/wp\/v2\/media\/17037"}],"wp:attachment":[{"href":"https:\/\/ddoptics.shop\/ro\/wp-json\/wp\/v2\/media?parent=17034"}],"wp:term":[{"taxonomy":"product_brand","embeddable":true,"href":"https:\/\/ddoptics.shop\/ro\/wp-json\/wp\/v2\/product_brand?post=17034"},{"taxonomy":"product_cat","embeddable":true,"href":"https:\/\/ddoptics.shop\/ro\/wp-json\/wp\/v2\/product_cat?post=17034"},{"taxonomy":"product_tag","embeddable":true,"href":"https:\/\/ddoptics.shop\/ro\/wp-json\/wp\/v2\/product_tag?post=17034"}],"curies":[{"name":"wp","href":"https:\/\/api.w.org\/{rel}","templated":true}]}}