{"id":17654,"date":"2019-09-10T16:11:53","date_gmt":"2019-09-10T14:11:53","guid":{"rendered":"https:\/\/ddoptics.shop\/?post_type=product&#038;p=17654"},"modified":"2026-02-02T17:27:34","modified_gmt":"2026-02-02T16:27:34","slug":"ddoptics-pusca-v10-4-40x50-ddmp-mrad","status":"publish","type":"product","link":"https:\/\/ddoptics.shop\/ro\/kaufen\/ddoptics-zielfernrohr-v10-4-40x50-ddmp-mrad\/","title":{"rendered":"Lunet\u0103 DDMP 4-40\u00d750 de la DDoptics | V10 | TacA | Reglare MRAD"},"content":{"rendered":"<div class=\"container section-title-container\" ><h3 class=\"section-title section-title-normal\"><b aria-hidden=\"true\"><\/b><span class=\"section-title-main\" ><i class=\"icon-cross\" aria-hidden=\"true\"><\/i>Scurt\u0103 prezentare a lunetei DDMP 4-40x50 de la DDoptics<\/span><b aria-hidden=\"true\"><\/b><\/h3><\/div>\n<table style=\"background-color: #cacaca; width: 100%;\">\n<tbody>\n<tr style=\"height: 24px;\">\n<td style=\"height: 24px; width: 20%;\"><strong>Tub:<\/strong><\/td>\n<td style=\"height: 24px; width: 30%;\">Tub mono de 34 mm<\/td>\n<td style=\"height: 24px; width: 20%;\"><strong>C\u00e2mpul vizual: m @100m:<\/strong><\/td>\n<td style=\"height: 24px; width: 30%;\">8,8-0,9 m<\/td>\n<\/tr>\n<tr style=\"height: 24px;\">\n<td style=\"height: 24px; width: 20%;\"><strong>Sistem optic:<\/strong><\/td>\n<td style=\"height: 24px; width: 30%;\">4-40 de ori<\/td>\n<td style=\"height: 24px; width: 20%;\"><strong>Distan\u021ba interpupilar\u0103:<\/strong><\/td>\n<td style=\"height: 24px; width: 30%;\">87-101 mm<\/td>\n<\/tr>\n<tr style=\"height: 24px;\">\n<td style=\"height: 24px; width: 20%;\"><strong>Obiectiv:<\/strong><\/td>\n<td style=\"height: 24px; width: 30%;\">50 mm<\/td>\n<td style=\"height: 24px; width: 20%;\"><strong>Lungime:<\/strong><\/td>\n<td style=\"height: 24px; width: 30%;\">371 mm<\/td>\n<\/tr>\n<tr style=\"height: 24px;\">\n<td style=\"height: 24px; width: 20%;\"><strong>Reticul:<\/strong><\/td>\n<td style=\"height: 24px; width: 30%;\">TacA<\/td>\n<td style=\"height: 24px; width: 20%;\"><strong>Greutate:<\/strong><\/td>\n<td style=\"height: 24px; width: 30%;\">1046 g<\/td>\n<\/tr>\n<tr style=\"height: 24px;\">\n<td style=\"height: 24px; width: 20%;\"><strong>Punct de lumin\u0103<\/strong><\/td>\n<td style=\"height: 24px; width: 30%;\">Standard sau iFibre<\/td>\n<td style=\"height: 24px; width: 20%;\"><strong>Protec\u021bie \u00eempotriva ce\u021bii:<\/strong><\/td>\n<td style=\"height: 24px; width: 30%;\">Umplere cu azot \u00eempotriva aburului<\/td>\n<\/tr>\n<tr style=\"height: 24px;\">\n<td style=\"height: 24px; width: 20%;\"><strong>Focalizare\/paralax\u0103:<\/strong><\/td>\n<td style=\"height: 24px; width: 30%;\">Lentile reglabile de la 25-1000 m la infinit<\/td>\n<td style=\"height: 24px; width: 20%;\"><strong>Str\u00e2nsoare:<\/strong><\/td>\n<td style=\"height: 24px; width: 30%;\">Rezistent la ap\u0103 \u0219i la impact<\/td>\n<\/tr>\n<\/tbody>\n<\/table>\n<div class=\"row\"  id=\"row-1932351945\">\n\n\t<div id=\"col-1377526855\" class=\"col medium-8 small-12 large-8\"  >\n\t\t\t\t<div class=\"col-inner\"  >\n\t\t\t\n\t\t\t\n<h2>4-40\u00d750 DDMP - V10 | MRAD riflescope de la DDoptics - precizie absolut\u0103 la distan\u021be medii de p\u00e2n\u0103 la 1000 m \u0219i mai mult<\/h2>\n<p>The <strong>DDoptics ZF 4-40\u00d750 DDMP<\/strong> este PRIMUL <strong>Optic\u0103 de ochire V10 cu zoom 10x<\/strong> de la DDoptics ca o extensie sportiv\u0103 NEXT LEVEL la V6-ul \u00eencercat \u0219i testat <a href=\"https:\/\/ddoptics.shop\/ro\/cumparati\/zielfernrohr-ddoptics-v6-hdx-5-30x50-gen-3-tactical-mildot-mrad\/\">5-30\u00d750<\/a> Vizor telescopic.<\/p>\n<p>The <strong>vizor telescopic ultramodern<\/strong> 4-40\u00d750 DDMP serve\u0219te \u00een special spectrului pentru <strong>Tr\u0103g\u0103tori sportivi pe distan\u021be lungi<\/strong> de la 100 m -1000 m. Cu un enorm <strong>Domeniu de reglare<\/strong> de la <strong>30 MRAD (29,6) \u21d2 100 MOA<\/strong> poate fi utilizat pe <strong>Distan\u021be de p\u00e2n\u0103 la 2000 m<\/strong> \u0219i mai multe pot fi \u00eempu\u0219cate.<\/p>\n<p>\u00cen intervalul 100 - 1000 m <strong>M\u0103rire de 40x<\/strong> complet utilizabil. \u00centregul <strong>Domeniu de reglare<\/strong> este utilizat cu <strong>doar 3 ture<\/strong> Acest lucru face posibil\u0103 schimbarea extrem de rapid\u0103 a unei game largi de distan\u021be.<\/p>\n<blockquote><p>Restric\u021bie redus\u0103 pentru distan\u021be de tragere de peste 1000 m: Datorit\u0103 corec\u021biei altitudinii traiectoriei, <strong>Reglarea reticulului p\u00e2n\u0103 la zona marginii exterioare<\/strong> poate fi reglat\u0103.<br \/>\n\u00cen aceast\u0103 zon\u0103 periferic\u0103 a opticii, <strong>Rezolu\u021bia lunetei nu mai este suficient de mare din motive tehnice<\/strong> pentru a realiza o m\u0103rire de 40x. Aici, m\u0103rirea trebuie s\u0103 fie <strong>Fotografiere redus\u0103 la 20x<\/strong> devin.<\/p><\/blockquote>\n<p>Toate <strong>normal\u0103 \u00een Europa sportiv\u0103<\/strong> condi\u021bionat\u0103<a href=\"https:\/\/de.wikipedia.org\/wiki\/Schie%C3%9Fstand\" target=\"_blank\" rel=\"noopener noreferrer\"><strong> Poligoane de tragere<\/strong><\/a>, \u00een cazul \u00een care reticul este mai probabil s\u0103 fie \u00een <strong>zona central\u0103 a c\u00e2mpului vizual<\/strong> permit o rezolu\u021bie a imaginii de p\u00e2n\u0103 la 40x.<\/p>\n\t\t<\/div>\n\t\t\t\t\t<\/div>\n\n\t\n\n\t<div id=\"col-1970959171\" class=\"col medium-4 small-12 large-4\"  >\n\t\t\t\t<div class=\"col-inner\"  >\n\t\t\t\n\t\t\t\n<a class=\"button primary expand\" >\n\t\t<span>Caracteristici speciale lunet\u0103<\/span>\n\t<\/a>\n\n\n\t<section class=\"section\" id=\"section_1330178382\">\n\t\t<div class=\"section-bg fill\" >\n\t\t\t\t\t\t\t\t\t\n\t\t\t\n\n\t\t<\/div>\n\n\t\t\n\n\t\t<div class=\"section-content relative\">\n\t\t\t\n\t<div class=\"img has-hover x md-x lg-x y md-y lg-y\" id=\"image_367806842\">\n\t\t<a class=\"\" href=\"https:\/\/www.ddoptics.de\/garantiebestimmungen\" target=\"_blank\" rel=\"no follow noopener\">\t\t\t\t\t\t<div class=\"img-inner dark\" >\n\t\t\t<img decoding=\"async\" width=\"352\" height=\"160\" src=\"https:\/\/ddoptics.shop\/wp-content\/uploads\/2014\/09\/DDoptics-Garantie.jpg\" class=\"attachment-large size-large\" alt=\"Garan\u021bia DDoptics\" srcset=\"https:\/\/ddoptics.shop\/wp-content\/uploads\/2014\/09\/DDoptics-Garantie.jpg 352w, https:\/\/ddoptics.shop\/wp-content\/uploads\/2014\/09\/DDoptics-Garantie-304x138.jpg 304w, https:\/\/ddoptics.shop\/wp-content\/uploads\/2014\/09\/DDoptics-Garantie-305x139.jpg 305w, https:\/\/ddoptics.shop\/wp-content\/uploads\/2014\/09\/DDoptics-Garantie-250x114.jpg 250w\" sizes=\"(max-width: 352px) 100vw, 352px\" title=\"\">\t\t\t\t\t\t\n\t\t\t\t\t<\/div>\n\t\t\t\t\t\t<\/a>\t\t\n<style>\n#image_367806842 {\n  width: 100%;\n}\n<\/style>\n\t<\/div>\n\t\n\t<div id=\"text-3122492001\" class=\"text\">\n\t\t\n<p><span style=\"font-size: 80%;\"><em>\u21d2 DDMP - DDoptics Match Precision<br \/>\n<\/em><\/span><span style=\"font-size: 80%;\"><em>\u21d2 Perfect pentru \u021binta\u0219ul exigent<\/em><\/span><br \/>\n<span style=\"font-size: 80%;\"><em>\u21d2 Intervalul de reglare de 30 MRAD permite fotografii extrem de lungi<\/em><\/span><br \/>\n<span style=\"font-size: 80%;\"><em>\u21d2 Tub robust de 34 mm<\/em><\/span><br \/>\n<span style=\"font-size: 80%;\"><em>\u21d2 Turele metalice tactice mari (f\u0103r\u0103 plastic)<\/em><\/span><br \/>\n<span style=\"font-size: 80%;\"><em>\u21d2 Scalare dubl\u0103 (\u00eentoarcere dubl\u0103)<\/em><\/span><br \/>\n<span style=\"font-size: 80%;\"><em>\u21d2 Oprire zero intern\u0103 pentru ASV (oprire zero)<\/em><\/span><br \/>\n<span style=\"font-size: 80%;\"><em>\u21d2 Detent tactic dur de 0,1 MRAD cu clic (1cm\/clic)<\/em><\/span><br \/>\n<span style=\"font-size: 80%;\"><em>\u21d2 O revolu\u021bie = 10 MRAD<\/em><\/span><br \/>\n<span style=\"font-size: 80%;\"><em>\u21d2 Noul reticul tacA \u00een primul plan focal<\/em><\/span><br \/>\n<span style=\"font-size: 80%;\"><em>\u21d2 Nivelare paralax\u0103 puternic\u0103 cu 25-1000-\u221e<\/em><\/span><\/p>\n\t\t\n<style>\n#text-3122492001 {\n  color: rgb(33, 107, 227);\n}\n#text-3122492001 > * {\n  color: rgb(33, 107, 227);\n}\n<\/style>\n\t<\/div>\n\t\n\t\t<\/div>\n\n\t\t\n<style>\n#section_1330178382 {\n  padding-top: 30px;\n  padding-bottom: 30px;\n  background-color: rgb(232, 232, 232);\n}\n<\/style>\n\t<\/section>\n\t\n\t<div id=\"text-2235787676\" class=\"text\">\n\t\t\n\t\t\n<style>\n#text-2235787676 {\n  line-height: 1.15;\n  color: rgb(33, 107, 227);\n}\n#text-2235787676 > * {\n  color: rgb(33, 107, 227);\n}\n<\/style>\n\t<\/div>\n\t\n\t\t<\/div>\n\t\t\t\t\t<\/div>\n\n\t\n<\/div>\n\t<div class=\"img has-hover x md-x lg-x y md-y lg-y\" id=\"image_856133672\">\n\t\t\t\t\t\t\t\t<div class=\"img-inner dark\" >\n\t\t\t<img decoding=\"async\" width=\"1020\" height=\"575\" src=\"https:\/\/ddoptics.shop\/wp-content\/uploads\/2019\/09\/DDoptics-4-40x50-DDMP.jpg\" class=\"attachment-large size-large\" alt=\"luneta DDoptics V10 4-40x50 DDMP\" srcset=\"https:\/\/ddoptics.shop\/wp-content\/uploads\/2019\/09\/DDoptics-4-40x50-DDMP.jpg 1179w, https:\/\/ddoptics.shop\/wp-content\/uploads\/2019\/09\/DDoptics-4-40x50-DDMP-304x171.jpg 304w, https:\/\/ddoptics.shop\/wp-content\/uploads\/2019\/09\/DDoptics-4-40x50-DDMP-305x172.jpg 305w, https:\/\/ddoptics.shop\/wp-content\/uploads\/2019\/09\/DDoptics-4-40x50-DDMP-632x356.jpg 632w, https:\/\/ddoptics.shop\/wp-content\/uploads\/2019\/09\/DDoptics-4-40x50-DDMP-800x451.jpg 800w, https:\/\/ddoptics.shop\/wp-content\/uploads\/2019\/09\/DDoptics-4-40x50-DDMP-510x288.jpg 510w, https:\/\/ddoptics.shop\/wp-content\/uploads\/2019\/09\/DDoptics-4-40x50-DDMP-250x141.jpg 250w\" sizes=\"(max-width: 1020px) 100vw, 1020px\" title=\"\">\t\t\t\t\t\t\n\t\t\t\t\t<\/div>\n\t\t\t\t\t\t\t\t\n<style>\n#image_856133672 {\n  width: 100%;\n}\n<\/style>\n\t<\/div>\n\t\n<p style=\"text-align: left;\"><a style=\"font-size: 23.04px;\" href=\"https:\/\/de.wikipedia.org\/wiki\/Absehen\" target=\"_blank\" rel=\"noopener sponsored\" data-schema-attribute=\"\">Reticul<\/a><span style=\"font-size: 23.04px; color: #333333;\"> TacA 2.ffp \u00een <\/span><a style=\"font-size: 23.04px;\" href=\"https:\/\/ddoptics.shop\/ro\/termen-tehnic\/reticul-al-doilea-plan-al-imaginii\/\" target=\"_blank\" rel=\"noopener\" data-schema-attribute=\"\">al doilea plan al imaginii<\/a><\/p>\n<p>TacA este extrem de u\u0219or de utilizat. Datorit\u0103 celui de-al doilea plan al imaginii la o m\u0103rire de 10x, \u201cdistan\u021ba dintre liniile reticulului\u201d corespunde distan\u021bei de <strong>Curs\u0103 complet\u0103 la curs\u0103 complet\u0103<\/strong> \u00eentotdeauna exacte <strong>1 MRAD<\/strong> \u21d2 10 cm la 100 m. Caracteristicile <strong>Linii intermediare<\/strong> sunt \u00een consecin\u021b\u0103 responsabile pentru <strong>0,5 MRAD<\/strong> \u21d2 5 cm pe 100 m \u0219i <strong>liniu\u021be mici 0,1 MRAD<\/strong> \u21d2 1 cm la 100 m.<\/p>\n<p>The <strong>grinzi conice \u00een form\u0103 de s\u0103geat\u0103<\/strong> au fost \u00een mod deliberat <strong>Transparent<\/strong> proiectat, astfel \u00eenc\u00e2t, de asemenea <strong>Nimic ascuns \u00een spatele reticulului<\/strong> r\u0103m\u00e2ne.<\/p>\n<h3>DDoptics V10 pu\u0219c\u0103 4-40\u00d750 DDMP: Punct iluminat f\u0103r\u0103 trepte de la lumina zilei la modul de vedere pe timp de noapte<\/h3>\n<p>The <strong>Unitatea u\u0219oar\u0103 a TacA<\/strong> este un sistem perfect echilibrat, cu dinamic\u0103 maxim\u0103. Sistemul <strong>primele niveluri de luminozitate doar un punct luminos extrem de mic<\/strong> s\u0103 recunoasc\u0103.<\/p>\n<p>Acest lucru poate fi chiar atenuat \u00eentr-o asemenea m\u0103sur\u0103 \u00eenc\u00e2t acest <strong>de asemenea, cu un dispozitiv de vedere pe timp de noapte <\/strong>poate fi utilizat. Dac\u0103 punctul de lumin\u0103 este ridicat mai mult, atunci<strong> Lumineaz\u0103 de la o anumit\u0103 intensitate luminoas\u0103 <\/strong>a<strong> Reticul balistic complet<\/strong> cu.<\/p>\n<p>\u00cen func\u021bie de aplica\u021bie <strong>poate fi selectat \u00eentre punctul pur sau reticul complet iluminat<\/strong>. Oprirea automat\u0103 cu control inteligent poate fi, de asemenea, selectat\u0103 pentru aceast\u0103 vedere optic\u0103.<\/p>\n<h3>DDoptics V10 pu\u0219c\u0103 4-40\u00d750 DDMP - Precis, Zerostop intern<\/h3>\n<figure id=\"attachment_12866\" aria-describedby=\"caption-attachment-12866\" style=\"width: 350px\" class=\"wp-caption alignright\"><a href=\"https:\/\/ddoptics.shop\/wp-content\/uploads\/2019\/02\/Interner-Zerostop-5-30x56.jpg\"><img decoding=\"async\" class=\"wp-image-12866\" src=\"https:\/\/ddoptics.shop\/wp-content\/uploads\/2019\/02\/Interner-Zerostop-5-30x56.jpg\" alt=\"lunete interne Zerostop 5-30x56 DDoptics\" width=\"350\" height=\"233\" title=\"\" srcset=\"https:\/\/ddoptics.shop\/wp-content\/uploads\/2019\/02\/Interner-Zerostop-5-30x56.jpg 600w, https:\/\/ddoptics.shop\/wp-content\/uploads\/2019\/02\/Interner-Zerostop-5-30x56-304x203.jpg 304w, https:\/\/ddoptics.shop\/wp-content\/uploads\/2019\/02\/Interner-Zerostop-5-30x56-305x203.jpg 305w, https:\/\/ddoptics.shop\/wp-content\/uploads\/2019\/02\/Interner-Zerostop-5-30x56-510x340.jpg 510w, https:\/\/ddoptics.shop\/wp-content\/uploads\/2019\/02\/Interner-Zerostop-5-30x56-250x167.jpg 250w\" sizes=\"(max-width: 350px) 100vw, 350px\" \/><\/a><figcaption id=\"caption-attachment-12866\" class=\"wp-caption-text\">lunete interne Zerostop 5-30\u00d756 DDoptics<\/figcaption><\/figure>\n<p>Dup\u0103 \u00eendep\u0103rtarea<strong> Capace de turel\u0103 de la reglarea reticulului de 4-40\u00d750 <\/strong>turnul poate fi <strong>prin sl\u0103birea a 3 \u0219uruburi de fixare<\/strong> scoate\u021bi \u00een sus. Dedesubt ve\u021bi g\u0103si Zerostop sub forma unui disc rotund, negru.<\/p>\n<p>Zerostop-ul este reglat dup\u0103 tragere prin sl\u0103birea celor (de asemenea) 3 \u0219uruburi de fixare de pe discul Zerostop.<\/p>\n<p>C\u00e2nd este liber, discul poate fi rotit la oprire f\u0103r\u0103 niciun efect \u0219i <strong>apoi fixat din nou cu \u0219uruburile de fixare<\/strong> devin.<\/p>\n<p>Pute\u021bi vedea oprirea pe imagine \u00eentre \u021bint\u0103 \u0219i vizorul optic. Apoi<strong> Repozi\u021biona\u021bi turnul \u00een pozi\u021bia zero \u0219i bloca\u021bi-l \u00een pozi\u021bie cu ajutorul celor 3 \u0219uruburi de fixare.\u00a0<\/strong>Zerostop se opre\u0219te acum exact la distan\u021ba pe care a\u021bi setat-o.<\/p>\n\t<div id=\"gap-659509500\" class=\"gap-element clearfix\" style=\"display:block; height:auto;\">\n\t\t\n<style>\n#gap-659509500 {\n  padding-top: 15px;\n}\n<\/style>\n\t<\/div>","protected":false},"excerpt":{"rendered":"<p><img decoding=\"async\" class=\"alignnone wp-image-10452 size-full\" title=\"Tir sportiv\" src=\"https:\/\/ddoptics.shop\/wp-content\/uploads\/2016\/07\/Target-Schiessen.jpg\" alt=\"Tragere la \u021bint\u0103\" width=\"50\" height=\"50\" \/><img decoding=\"async\" class=\"alignnone wp-image-10178 size-full\" title=\"V\u00e2n\u0103toare montan\u0103\" src=\"https:\/\/ddoptics.shop\/wp-content\/uploads\/2016\/04\/Gebirgsjagd-klein.jpg\" alt=\"Binoclu de v\u00e2n\u0103toare de munte\" width=\"50\" height=\"50\" \/><br \/>\nO nou\u0103 optic\u0103 de ochire extrem\u0103, care ofer\u0103 informa\u021bii interesante<strong>\u00a0Domenii<\/strong> acoper\u0103. De la fotografierea sportiv\u0103 la v\u00e2n\u0103toarea de munte ca \u00eenlocuitor al lunetei cu <strong>de 40 de ori<\/strong> Extinderea... <strong>Op\u021bional, cu tacA inteligent <a title=\"NOU DDoptics IFiber punct luminat\" href=\"\/ro\/termen-tehnic-wiki\/inteligent-ddoptics-ifiber-light-point\/\" target=\"_blank\" rel=\"noopener noreferrer\">Punct de lumin\u0103 IFibre<\/a> pentru doar 99,- \u20ac tax\u0103 suplimentar\u0103.<\/strong><\/p>","protected":false},"featured_media":17678,"comment_status":"open","ping_status":"closed","template":"","meta":{"inline_featured_image":false,"footnotes":""},"product_brand":[],"product_cat":[927,453,697,640,641,920,637,68],"product_tag":[922,78,921,698,923],"class_list":{"0":"post-17654","1":"product","2":"type-product","3":"status-publish","4":"has-post-thumbnail","6":"product_cat-4-40x50","7":"product_cat-50-mm-objektivdurchmesser","8":"product_cat-mrad-klickverstellung","9":"product_cat-pirschjagd-und-gebirgsjagd","10":"product_cat-sportschiessen","11":"product_cat-v10-10-fach-zoom","12":"product_cat-zf-anwendung","13":"product_cat-zielfernrohr","14":"product_tag-4-40x50","15":"product_tag-ddoptics","16":"product_tag-long-range-zielfernrohr","17":"product_tag-mrad-1-cm-klickverstellung","18":"product_tag-zf-4-40x50","19":"product_shipping_class-paket","20":"pa_brand-marke-ddoptics","21":"pa_produkt-typ-zielfernrohr","23":"first","24":"instock","25":"sale","26":"taxable","27":"shipping-taxable","28":"purchasable","29":"product-type-bundle"},"bundled_by":[],"bundle_stock_status":"instock","bundle_stock_quantity":46,"bundle_virtual":false,"bundle_layout":"default","bundle_add_to_cart_form_location":"default","bundle_editable_in_cart":false,"bundle_sold_individually_context":"product","bundle_item_grouping":"parent","bundle_min_size":"","bundle_max_size":"","bundle_price":{"price":{"min":{"incl_tax":"1440","excl_tax":"1200"},"max":{"incl_tax":"1544.32","excl_tax":"1286.93"}},"regular_price":{"min":{"incl_tax":"1799","excl_tax":"1499.17"},"max":{"incl_tax":"1914.9","excl_tax":"1595.75"}}},"bundled_items":[{"bundled_item_id":77,"product_id":16795,"menu_order":0,"quantity_min":1,"quantity_max":1,"quantity_default":1,"priced_individually":true,"shipped_individually":false,"override_title":true,"title":"","override_description":false,"description":"","optional":false,"hide_thumbnail":true,"discount":"","override_variations":false,"allowed_variations":[],"override_default_variation_attributes":true,"default_variation_attributes":[{"id":36,"name":"tacA punct luminat","option":"ddoptics-taca-normales-leuchtabsehen"}],"single_product_visibility":"visible","cart_visibility":"visible","order_visibility":"visible","single_product_price_visibility":"visible","cart_price_visibility":"visible","order_price_visibility":"visible","stock_status":"in_stock"},{"bundled_item_id":78,"product_id":12812,"menu_order":1,"quantity_min":1,"quantity_max":1,"quantity_default":1,"priced_individually":true,"shipped_individually":false,"override_title":true,"title":"Aproape ca un cadou - Flip Caps SET","override_description":true,"description":"","optional":true,"hide_thumbnail":true,"discount":"68.55","override_variations":true,"allowed_variations":[17680],"override_default_variation_attributes":true,"default_variation_attributes":[{"id":17,"name":"Dimensiunea lunetei","option":"4-40x50"}],"single_product_visibility":"visible","cart_visibility":"visible","order_visibility":"visible","single_product_price_visibility":"visible","cart_price_visibility":"visible","order_price_visibility":"visible","stock_status":"in_stock"}],"bundle_sell_ids":[],"_links":{"self":[{"href":"https:\/\/ddoptics.shop\/ro\/wp-json\/wp\/v2\/product\/17654","targetHints":{"allow":["GET"]}}],"collection":[{"href":"https:\/\/ddoptics.shop\/ro\/wp-json\/wp\/v2\/product"}],"about":[{"href":"https:\/\/ddoptics.shop\/ro\/wp-json\/wp\/v2\/types\/product"}],"replies":[{"embeddable":true,"href":"https:\/\/ddoptics.shop\/ro\/wp-json\/wp\/v2\/comments?post=17654"}],"version-history":[{"count":18,"href":"https:\/\/ddoptics.shop\/ro\/wp-json\/wp\/v2\/product\/17654\/revisions"}],"predecessor-version":[{"id":29157,"href":"https:\/\/ddoptics.shop\/ro\/wp-json\/wp\/v2\/product\/17654\/revisions\/29157"}],"wp:featuredmedia":[{"embeddable":true,"href":"https:\/\/ddoptics.shop\/ro\/wp-json\/wp\/v2\/media\/17678"}],"wp:attachment":[{"href":"https:\/\/ddoptics.shop\/ro\/wp-json\/wp\/v2\/media?parent=17654"}],"wp:term":[{"taxonomy":"product_brand","embeddable":true,"href":"https:\/\/ddoptics.shop\/ro\/wp-json\/wp\/v2\/product_brand?post=17654"},{"taxonomy":"product_cat","embeddable":true,"href":"https:\/\/ddoptics.shop\/ro\/wp-json\/wp\/v2\/product_cat?post=17654"},{"taxonomy":"product_tag","embeddable":true,"href":"https:\/\/ddoptics.shop\/ro\/wp-json\/wp\/v2\/product_tag?post=17654"}],"curies":[{"name":"wp","href":"https:\/\/api.w.org\/{rel}","templated":true}]}}