{"id":1781,"date":"2016-04-06T16:18:11","date_gmt":"2016-04-06T14:18:11","guid":{"rendered":"https:\/\/beta.optik-sport-shop.at\/kaufen\/ddoptics-fernglas-edx-85x50\/"},"modified":"2025-07-03T13:16:13","modified_gmt":"2025-07-03T11:16:13","slug":"ddoptics-binoclu-edx-8komma5x50","status":"publish","type":"product","link":"https:\/\/ddoptics.shop\/ro\/kaufen\/ddoptics-fernglas-edx-8komma5x50\/","title":{"rendered":"Binoclu DDoptics EDX 8.5\u00d750"},"content":{"rendered":"<div class=\"row\"  id=\"row-1783871242\">\n\n\t<div id=\"col-214429944\" class=\"col medium-8 small-12 large-8\"  >\n\t\t\t\t<div class=\"col-inner\"  >\n\t\t\t\n\t\t\t\n<div>\n<h2>Binoclu DDoptics EDX 8.5\u00d750 | Binoclu high-end - uimitor de u\u0219or cu cele mai luminoase imagini<\/h2>\n<p><strong>De necrezut - <\/strong>o adev\u0103rat\u0103 continuare <strong>Eviden\u021biere pentru v\u00e2n\u0103tori pentru aproximativ 1.000 \u20ac<br \/>\n<\/strong><\/p>\n<p>Cel mai str\u0103lucitor <strong>Str\u0103lucire <\/strong>la<strong> Redarea culorilor<\/strong>, <strong>Cea mai \u00eenalt\u0103 rezolu\u021bie \u0219i contrast mare<\/strong> conectat cu <strong>c\u00e2mpul de vizualizare extrem de larg \u00eenva\u021b\u0103 concuren\u021ba premium la modul dur.<\/strong><\/p>\n<p><strong>Opinia noastr\u0103:<\/strong> The <strong>Sticla este o nebunie de imagine incredibil\u0103<\/strong> - \u0219i - \u00een <strong>\u00cen concluzie, un binoclu cu un raport pre\u021b-performan\u021b\u0103 care este \u00een prezent greu de dep\u0103\u0219it.<\/strong><\/p>\n<p>The <strong>EDX 8.5\u00d750 ofer\u0103 proprietarului s\u0103u performan\u021be optice maxime, calitate ridicat\u0103, ergonomie \u0219i robuste\u021be<\/strong> - \u0219i asta cu cea mai mic\u0103 greutate. Rezolu\u021bia este de prim\u0103 clas\u0103.<\/p>\n<p>O a\u0219a-numit\u0103 corec\u021bie apocromatic\u0103 (APO) previne \u00een mod fiabil franjurile de culoare la tranzi\u021biile lumin\u0103-\u00eentuneric \u00een EDX 8.5\u00d750. Caracteristicile <strong>Pupil\u0103 de ie\u0219ire de 5,88 mm<\/strong> este ideal pentru utilizarea \u00een amurg. Modelul de 50mm <strong>Diametrul lentilei<\/strong> este ideal pentru amurg - chiar \u0219i pentru <strong>Observa\u021bii suplimentare privind natura<\/strong> cu m\u0103rire de 8,5x.<\/p>\n<\/div>\n\t\t<\/div>\n\t\t\t\t\n<style>\n#col-214429944 > .col-inner {\n  margin: 0px 0px -30px 0px;\n}\n<\/style>\n\t<\/div>\n\n\t\n\n\t<div id=\"col-1717875137\" class=\"col medium-4 small-12 large-4\"  >\n\t\t\t\t<div class=\"col-inner\"  >\n\t\t\t\n\t\t\t\n\t<div class=\"img has-hover x md-x lg-x y md-y lg-y\" id=\"image_348303140\">\n\t\t\t\t\t\t\t\t<div class=\"img-inner dark\" >\n\t\t\t\t\t\t\t\t\t\n\t\t\t\t\t<\/div>\n\t\t\t\t\t\t\t\t\n<style>\n#image_348303140 {\n  width: 100%;\n}\n<\/style>\n\t<\/div>\n\t\n\t<div class=\"img has-hover x md-x lg-x y md-y lg-y\" id=\"image_1505793275\">\n\t\t<a class=\"\" href=\"https:\/\/www.shop.ddoptics.de\/garantiebestimmungen\" target=\"_blank\" rel=\"noopener\">\t\t\t\t\t\t<div class=\"img-inner dark\" >\n\t\t\t<img decoding=\"async\" width=\"352\" height=\"160\" src=\"https:\/\/ddoptics.shop\/wp-content\/uploads\/2014\/09\/DDoptics-Garantie.jpg\" class=\"attachment-large size-large\" alt=\"Garan\u021bia DDoptics\" srcset=\"https:\/\/ddoptics.shop\/wp-content\/uploads\/2014\/09\/DDoptics-Garantie.jpg 352w, https:\/\/ddoptics.shop\/wp-content\/uploads\/2014\/09\/DDoptics-Garantie-304x138.jpg 304w, https:\/\/ddoptics.shop\/wp-content\/uploads\/2014\/09\/DDoptics-Garantie-305x139.jpg 305w, https:\/\/ddoptics.shop\/wp-content\/uploads\/2014\/09\/DDoptics-Garantie-250x114.jpg 250w\" sizes=\"(max-width: 352px) 100vw, 352px\" title=\"\">\t\t\t\t\t\t\n\t\t\t\t\t<\/div>\n\t\t\t\t\t\t<\/a>\t\t\n<style>\n#image_1505793275 {\n  width: 100%;\n}\n<\/style>\n\t<\/div>\n\t\n<h3>Date despre binoclul DDoptics EDX<\/h3>\n\n\t\t<div class=\"icon-box featured-box icon-box-left text-left\"  >\n\t\t\t\t\t<div class=\"icon-box-img\" style=\"width: 32px\">\n\t\t\t\t<div class=\"icon\">\n\t\t\t\t\t<div class=\"icon-inner\" >\n\t\t\t\t\t\t<img decoding=\"async\" width=\"100\" height=\"83\" src=\"https:\/\/ddoptics.shop\/wp-content\/uploads\/2021\/05\/DDoptics-SHG-Icon.jpg\" class=\"attachment-medium size-medium\" alt=\"DDoptics SHG Binoclu Icon\" title=\"\">\t\t\t\t\t<\/div>\n\t\t\t\t<\/div>\n\t\t\t<\/div>\n\t\t\t\t<div class=\"icon-box-text last-reset\">\n\t\t\t\t\t\t\t\t\t\n<p><span data-sheets-value=\"{&quot;1&quot;:2,&quot;2&quot;:&quot;\u2705&quot;}\" data-sheets-userformat=\"{&quot;2&quot;:15297,&quot;3&quot;:{&quot;1&quot;:0},&quot;9&quot;:0,&quot;10&quot;:2,&quot;11&quot;:0,&quot;12&quot;:0,&quot;14&quot;:{&quot;1&quot;:2,&quot;2&quot;:0},&quot;15&quot;:&quot;Calibri, sans-serif&quot;,&quot;16&quot;:11}\">\u2705 <strong>Imagini de \u00eenalt\u0103 puritate, cu culori reale<\/strong><\/span><\/p>\n\t\t<\/div>\n\t<\/div>\n\t\n\t\n\n\t\t<div class=\"icon-box featured-box icon-box-left text-left\"  >\n\t\t\t\t\t<div class=\"icon-box-img\" style=\"width: 32px\">\n\t\t\t\t<div class=\"icon\">\n\t\t\t\t\t<div class=\"icon-inner\" >\n\t\t\t\t\t\t<img decoding=\"async\" width=\"100\" height=\"83\" src=\"https:\/\/ddoptics.shop\/wp-content\/uploads\/2021\/05\/DDoptics-SHG-Icon.jpg\" class=\"attachment-medium size-medium\" alt=\"DDoptics SHG Binoclu Icon\" title=\"\">\t\t\t\t\t<\/div>\n\t\t\t\t<\/div>\n\t\t\t<\/div>\n\t\t\t\t<div class=\"icon-box-text last-reset\">\n\t\t\t\t\t\t\t\t\t\n<p>\u2705 <span data-sheets-value=\"{&quot;1&quot;:2,&quot;2&quot;:&quot;\u2705&quot;}\" data-sheets-userformat=\"{&quot;2&quot;:15297,&quot;3&quot;:{&quot;1&quot;:0},&quot;9&quot;:0,&quot;10&quot;:2,&quot;11&quot;:0,&quot;12&quot;:0,&quot;14&quot;:{&quot;1&quot;:2,&quot;2&quot;:0},&quot;15&quot;:&quot;Calibri, sans-serif&quot;,&quot;16&quot;:11}\">Doar 868 de grame<\/span><\/p>\n\t\t<\/div>\n\t<\/div>\n\t\n\t\n\n\t\t<div class=\"icon-box featured-box icon-box-left text-left\"  >\n\t\t\t\t\t<div class=\"icon-box-img\" style=\"width: 32px\">\n\t\t\t\t<div class=\"icon\">\n\t\t\t\t\t<div class=\"icon-inner\" >\n\t\t\t\t\t\t<img decoding=\"async\" width=\"100\" height=\"83\" src=\"https:\/\/ddoptics.shop\/wp-content\/uploads\/2021\/05\/DDoptics-SHG-Icon.jpg\" class=\"attachment-medium size-medium\" alt=\"DDoptics SHG Binoclu Icon\" title=\"\">\t\t\t\t\t<\/div>\n\t\t\t\t<\/div>\n\t\t\t<\/div>\n\t\t\t\t<div class=\"icon-box-text last-reset\">\n\t\t\t\t\t\t\t\t\t\n<p>\u2705 <span data-sheets-value=\"{&quot;1&quot;:2,&quot;2&quot;:&quot;\u2705&quot;}\" data-sheets-userformat=\"{&quot;2&quot;:15297,&quot;3&quot;:{&quot;1&quot;:0},&quot;9&quot;:0,&quot;10&quot;:2,&quot;11&quot;:0,&quot;12&quot;:0,&quot;14&quot;:{&quot;1&quot;:2,&quot;2&quot;:0},&quot;15&quot;:&quot;Calibri, sans-serif&quot;,&quot;16&quot;:11}\">DDlucid remunerare<\/span><\/p>\n\t\t<\/div>\n\t<\/div>\n\t\n\t\n\n\t\t<div class=\"icon-box featured-box icon-box-left text-left\"  >\n\t\t\t\t\t<div class=\"icon-box-img\" style=\"width: 32px\">\n\t\t\t\t<div class=\"icon\">\n\t\t\t\t\t<div class=\"icon-inner\" >\n\t\t\t\t\t\t<img decoding=\"async\" width=\"100\" height=\"83\" src=\"https:\/\/ddoptics.shop\/wp-content\/uploads\/2021\/05\/DDoptics-SHG-Icon.jpg\" class=\"attachment-medium size-medium\" alt=\"DDoptics SHG Binoclu Icon\" title=\"\">\t\t\t\t\t<\/div>\n\t\t\t\t<\/div>\n\t\t\t<\/div>\n\t\t\t\t<div class=\"icon-box-text last-reset\">\n\t\t\t\t\t\t\t\t\t\n<p>\u2705 <span data-sheets-value=\"{&quot;1&quot;:2,&quot;2&quot;:&quot;\u2705&quot;}\" data-sheets-userformat=\"{&quot;2&quot;:15297,&quot;3&quot;:{&quot;1&quot;:0},&quot;9&quot;:0,&quot;10&quot;:2,&quot;11&quot;:0,&quot;12&quot;:0,&quot;14&quot;:{&quot;1&quot;:2,&quot;2&quot;:0},&quot;15&quot;:&quot;Calibri, sans-serif&quot;,&quot;16&quot;:11}\">Definire excelent\u0103 a marginilor<\/span><\/p>\n\t\t<\/div>\n\t<\/div>\n\t\n\t\n\n\t\t<div class=\"icon-box featured-box icon-box-left text-left\"  >\n\t\t\t\t\t<div class=\"icon-box-img\" style=\"width: 32px\">\n\t\t\t\t<div class=\"icon\">\n\t\t\t\t\t<div class=\"icon-inner\" >\n\t\t\t\t\t\t<img decoding=\"async\" width=\"100\" height=\"83\" src=\"https:\/\/ddoptics.shop\/wp-content\/uploads\/2021\/05\/DDoptics-SHG-Icon.jpg\" class=\"attachment-medium size-medium\" alt=\"DDoptics SHG Binoclu Icon\" title=\"\">\t\t\t\t\t<\/div>\n\t\t\t\t<\/div>\n\t\t\t<\/div>\n\t\t\t\t<div class=\"icon-box-text last-reset\">\n\t\t\t\t\t\t\t\t\t\n<p>\u2705 <span data-sheets-value=\"{&quot;1&quot;:2,&quot;2&quot;:&quot;\u2705&quot;}\" data-sheets-userformat=\"{&quot;2&quot;:15297,&quot;3&quot;:{&quot;1&quot;:0},&quot;9&quot;:0,&quot;10&quot;:2,&quot;11&quot;:0,&quot;12&quot;:0,&quot;14&quot;:{&quot;1&quot;:2,&quot;2&quot;:0},&quot;15&quot;:&quot;Calibri, sans-serif&quot;,&quot;16&quot;:11}\">Prisme Schmidt-Pechan<\/span><\/p>\n\t\t<\/div>\n\t<\/div>\n\t\n\t\n\n\t\t<div class=\"icon-box featured-box icon-box-left text-left\"  >\n\t\t\t\t\t<div class=\"icon-box-img\" style=\"width: 32px\">\n\t\t\t\t<div class=\"icon\">\n\t\t\t\t\t<div class=\"icon-inner\" >\n\t\t\t\t\t\t<img decoding=\"async\" width=\"100\" height=\"83\" src=\"https:\/\/ddoptics.shop\/wp-content\/uploads\/2021\/05\/DDoptics-SHG-Icon.jpg\" class=\"attachment-medium size-medium\" alt=\"DDoptics SHG Binoclu Icon\" title=\"\">\t\t\t\t\t<\/div>\n\t\t\t\t<\/div>\n\t\t\t<\/div>\n\t\t\t\t<div class=\"icon-box-text last-reset\">\n\t\t\t\t\t\t\t\t\t\n<p>\u2705 <span data-sheets-value=\"{&quot;1&quot;:2,&quot;2&quot;:&quot;\u2705&quot;}\" data-sheets-userformat=\"{&quot;2&quot;:15297,&quot;3&quot;:{&quot;1&quot;:0},&quot;9&quot;:0,&quot;10&quot;:2,&quot;11&quot;:0,&quot;12&quot;:0,&quot;14&quot;:{&quot;1&quot;:2,&quot;2&quot;:0},&quot;15&quot;:&quot;Calibri, sans-serif&quot;,&quot;16&quot;:11}\">Focalizare rapid\u0103<\/span><\/p>\n\t\t<\/div>\n\t<\/div>\n\t\n\t\n\t\t<\/div>\n\t\t\t\t\t<\/div>\n\n\t\n<\/div>\n<h3>Sticl\u0103 ED \u00een DDoptics EDX 8.5\u00d750: afi\u0219are str\u0103lucitoare a imaginii \u0219i rezolu\u021bie clar\u0103<\/h3>\n<p>The <strong>sistem de prism\u0103 de acoperi\u0219 \u00eencercat \u0219i testat (Schmidt Pechan)<\/strong> \u00een combina\u021bie cu complet nou dezvoltate <strong>Tipuri de sticl\u0103<\/strong> armonizeaz\u0103 imaginea \u0219i ofer\u0103 privitorului o experien\u021b\u0103 absolut\u0103 a imaginii. Stratul de acoperire cu corec\u021bie de faz\u0103 PHC140, dezvoltat recent pentru EDX, elimin\u0103 99 % din toate efectele optice de und\u0103 nedorite.<\/p>\n<p>Rezultatul este o coordonare perfect\u0103, culori str\u0103lucitoare.<\/p>\n<h3>Acoperirea inovatoare a lentilelor garanteaz\u0103 contururi extrem de clare \u00een binoclul 8.5\u00d750<\/h3>\n<p>O garan\u021bie suplimentar\u0103 pentru acest lucru este <strong>Acoperire special\u0103 DDlucid<\/strong>. Ambele suprafe\u021be de acoperi\u0219 ale prismei de acoperi\u0219 Schmidt-Pechan au fost acoperite cu acesta. Aceast\u0103 acoperire, care provine din industria fotografic\u0103 japonez\u0103, este o dezvoltare ulterioar\u0103 a binecunoscutei \u0219i \u00eencercatei acoperiri ELR (Extra Low Reflection). Prin urmare, DDlucid este un <strong>a celor mai eficiente acoperiri binoculare \u0219i exclusiv binocluri premium<\/strong> rezervat.<\/p>\n<h3>Mic, u\u0219or \u0219i fiabil - un companion pentru via\u021b\u0103<\/h3>\n<p>\u00cen special atunci c\u00e2nd este utilizat \u00een mun\u021bi, sunt impuse cerin\u021be ridicate privind robuste\u021bea \u0219i u\u0219urin\u021ba. Totul este simplu pentru EDX 8.5\u00d750. Datorit\u0103 materialelor precum aluminiul de magneziu \u0219i policarbonatul, sticla este extrem de rezistent\u0103 la impact, absolut <strong>rezistent la ap\u0103 \u0219i anticearc\u0103n.<\/strong> Arm\u0103tura antiderapant\u0103 din cauciuc natural asigur\u0103 aderen\u021b\u0103 ridicat\u0103 \u0219i rezisten\u021b\u0103 la alunecare.<\/p>\n<p>Cu doar <strong>\u00centreaga gam\u0103 de focalizare poate fi reglat\u0103 cu 1,5 rota\u021bii<\/strong>. Acest lucru garanteaz\u0103 cea mai rapid\u0103 captur\u0103 a detaliilor.<\/p>\n<h3>DDoptics EDX 8.5\u00d750 - binoclu pentru purt\u0103tori de ochelari - c\u00e2mp vizual complet<\/h3>\n<p>Reglarea dioptriilor pentru purt\u0103torii de ochelari este situat\u0103 pe ocularul din dreapta. <strong>Cele 4 pozi\u021bii ale grilei pot fi fixate ferm.<\/strong> Este posibil\u0103 ajustarea neinten\u021bionat\u0103.<\/p>\n<h3>Utilizare recomandat\u0103 DDoptics EDX 8.5\u00d750<\/h3>\n<p>Acuitate constant\u0103 p\u00e2n\u0103 la marginea imaginii \u0219i <strong>C\u00e2mpul vizual mare de 102 metri ofer\u0103 fanilor activit\u0103\u021bilor \u00een aer liber, excursioni\u0219tilor, ornitologilor \u0219i v\u00e2n\u0103torilor de munte experien\u021be de imagine la cel mai \u00eenalt nivel.<\/strong><\/p>","protected":false},"excerpt":{"rendered":"<p><img decoding=\"async\" class=\"alignnone wp-image-10471 size-full\" title=\"V\u00e2n\u0103toare - v\u00e2n\u0103toare de piei\" src=\"https:\/\/ddoptics.shop\/wp-content\/uploads\/2016\/04\/Ansitz-Jagd.jpg\" alt=\"Stand de v\u00e2n\u0103toare\" width=\"50\" height=\"50\" \/><img decoding=\"async\" class=\"alignnone wp-image-10166 size-full\" title=\"V\u00e2n\u0103toare de noapte\" src=\"https:\/\/ddoptics.shop\/wp-content\/uploads\/2016\/09\/Astronomie-klein.jpg\" alt=\"Binoclu astronomic\" width=\"50\" height=\"50\" \/><br \/>\nS-a n\u0103scut o nou\u0103 stea crepuscular\u0103. Cele 8.5x <strong>referin\u021b\u0103 u\u0219oar\u0103 de la DDoptics cu obiectiv de 50 mm cu nebunie de imagine.<\/strong><\/p>","protected":false},"featured_media":1785,"comment_status":"open","ping_status":"closed","template":"","meta":{"inline_featured_image":false,"footnotes":""},"product_brand":[],"product_cat":[363,350,329,67,345],"product_tag":[85,78,86,564,84],"class_list":{"0":"post-1781","1":"product","2":"type-product","3":"status-publish","4":"has-post-thumbnail","6":"product_cat-50-mm-objektiv","7":"product_cat-85x-vergroesserung","8":"product_cat-ddoptics","9":"product_cat-fernglas","10":"product_cat-jagd-und-wild","11":"product_tag-8-5x50","12":"product_tag-ddoptics","13":"product_tag-edx","14":"product_tag-fernglas-8-5x50","15":"product_tag-nachtfernglas","16":"product_shipping_class-paket","17":"pa_brand-marke-ddoptics","18":"pa_farbe-schwarz","19":"pa_produkt-typ-fernglas","21":"first","22":"instock","23":"sale","24":"taxable","25":"shipping-taxable","26":"purchasable","27":"product-type-simple"},"bundled_by":[],"bundle_stock_status":"instock","bundle_stock_quantity":49,"bundle_virtual":false,"bundle_layout":"","bundle_add_to_cart_form_location":"","bundle_editable_in_cart":false,"bundle_sold_individually_context":"","bundle_item_grouping":"","bundle_min_size":"","bundle_max_size":"","bundle_price":[],"bundled_items":[],"bundle_sell_ids":[],"_links":{"self":[{"href":"https:\/\/ddoptics.shop\/ro\/wp-json\/wp\/v2\/product\/1781","targetHints":{"allow":["GET"]}}],"collection":[{"href":"https:\/\/ddoptics.shop\/ro\/wp-json\/wp\/v2\/product"}],"about":[{"href":"https:\/\/ddoptics.shop\/ro\/wp-json\/wp\/v2\/types\/product"}],"replies":[{"embeddable":true,"href":"https:\/\/ddoptics.shop\/ro\/wp-json\/wp\/v2\/comments?post=1781"}],"version-history":[{"count":7,"href":"https:\/\/ddoptics.shop\/ro\/wp-json\/wp\/v2\/product\/1781\/revisions"}],"predecessor-version":[{"id":28576,"href":"https:\/\/ddoptics.shop\/ro\/wp-json\/wp\/v2\/product\/1781\/revisions\/28576"}],"wp:featuredmedia":[{"embeddable":true,"href":"https:\/\/ddoptics.shop\/ro\/wp-json\/wp\/v2\/media\/1785"}],"wp:attachment":[{"href":"https:\/\/ddoptics.shop\/ro\/wp-json\/wp\/v2\/media?parent=1781"}],"wp:term":[{"taxonomy":"product_brand","embeddable":true,"href":"https:\/\/ddoptics.shop\/ro\/wp-json\/wp\/v2\/product_brand?post=1781"},{"taxonomy":"product_cat","embeddable":true,"href":"https:\/\/ddoptics.shop\/ro\/wp-json\/wp\/v2\/product_cat?post=1781"},{"taxonomy":"product_tag","embeddable":true,"href":"https:\/\/ddoptics.shop\/ro\/wp-json\/wp\/v2\/product_tag?post=1781"}],"curies":[{"name":"wp","href":"https:\/\/api.w.org\/{rel}","templated":true}]}}