{"id":1812,"date":"2016-04-07T13:28:18","date_gmt":"2016-04-07T11:28:18","guid":{"rendered":"https:\/\/beta.optik-sport-shop.at\/kaufen\/ziegler-suhler-einhakmontage-kontra\/"},"modified":"2025-11-04T14:07:20","modified_gmt":"2025-11-04T13:07:20","slug":"ziegler-suhler-asamblare-cu-carlig-sem-contra","status":"publish","type":"product","link":"https:\/\/ddoptics.shop\/ro\/kaufen\/ziegler-suhler-einhakmontage-sem-kontra\/","title":{"rendered":"Ziegler - Suhler ansamblu cu un singur c\u00e2rlig SEM ca sistem contra"},"content":{"rendered":"<div class=\"row\"  id=\"row-1254652619\">\n\n\t<div id=\"col-1633358083\" class=\"col medium-8 small-12 large-8\"  >\n\t\t\t\t<div class=\"col-inner\"  >\n\t\t\t\n\t\t\t\n<h2>Ansamblul cu un singur c\u00e2rlig Suhl Kontra de la Ziegler<\/h2>\n<p>Dup\u0103 examin\u0103ri \u0219i teste am\u0103nun\u021bite, acest excep\u021bional <a title=\"Contra ansamblului Ziegler\" href=\"\/ro\/cumparati\/ziegler-suhler-asamblare-cu-carlig-sem-contra\/\" target=\"_blank\" rel=\"noopener noreferrer\"><strong>Ansamblu Kontra Einhak de la Ziegler<\/strong><\/a> \u00een <strong>finisaj lustruit<\/strong> \u00een magazin. Acest suport ofer\u0103 o op\u021biune foarte interesant\u0103 pentru v\u00e2n\u0103torii \u0219i tr\u0103g\u0103torii sportivi care doresc s\u0103 monteze singuri pu\u0219ca.<\/p>\n<p>The <strong>Contra asamblare<\/strong> este un <strong>Ziegler dezvoltare suplimentar\u0103 pentru arme standard cu g\u0103uri de montare standard<\/strong>. Acest lucru permite toate avantajele caracteristicilor de top ale <strong>Ansamblu de conectare Suhl<\/strong> pentru cei puri <strong>Montare pe tubul central de 30 mm<\/strong> a vizorului telescopic.<\/p>\n<p>Kontra Montage este probabil una dintre cele mai <strong>cele mai bune monturi deta\u0219abile pentru lunet\u0103<\/strong> pentru \u021bevi de 30 mm de pe pia\u021b\u0103. Elegan\u021ba \u0219i simplitatea lor sunt \u00eenc\u0103 de neegalat.<\/p>\n<h3>Autoasamblare simpl\u0103 pe pu\u0219ca ta - avantajul t\u0103u:<\/h3>\n<p>Dup\u0103 cum am men\u021bionat deja, cu pu\u021bine cuno\u0219tin\u021be tehnice pute\u021bi <strong>Sunt necesare \u00eendem\u00e2nare \u0219i sim\u021b pentru a asambla singur acest ansamblu de \u00eenalt\u0103 precizie.<\/strong><\/p>\n<p>Lucrul minunat este c\u0103 <strong>Diverse optici de ochire<\/strong> (sunt necesare doar inele de montare suplimentare) <strong>Montat pe pu\u0219c\u0103 \u0219i tras \u00een<\/strong> s\u0103 fie realizate. Dup\u0103 aceea, <strong>\u00een func\u021bie de tipul de aplica\u021bie<\/strong>, numai <strong>ZF corespunz\u0103toare <\/strong><strong>schimbat<\/strong>. Instruc\u021biunile de asamblare sunt incluse \u00een livrare.<\/p>\n\t<div class=\"img has-hover x md-x lg-x y md-y lg-y\" id=\"image_2104840593\">\n\t\t\t\t\t\t\t\t<div class=\"img-inner dark\" >\n\t\t\t<img decoding=\"async\" width=\"1020\" height=\"268\" src=\"https:\/\/ddoptics.shop\/wp-content\/uploads\/2017\/03\/ZF-Montagen.jpg\" class=\"attachment-large size-large\" alt=\"Suporturi ZF\" srcset=\"https:\/\/ddoptics.shop\/wp-content\/uploads\/2017\/03\/ZF-Montagen.jpg 1140w, https:\/\/ddoptics.shop\/wp-content\/uploads\/2017\/03\/ZF-Montagen-304x80.jpg 304w, https:\/\/ddoptics.shop\/wp-content\/uploads\/2017\/03\/ZF-Montagen-305x80.jpg 305w, https:\/\/ddoptics.shop\/wp-content\/uploads\/2017\/03\/ZF-Montagen-632x166.jpg 632w, https:\/\/ddoptics.shop\/wp-content\/uploads\/2017\/03\/ZF-Montagen-800x211.jpg 800w, https:\/\/ddoptics.shop\/wp-content\/uploads\/2017\/03\/ZF-Montagen-250x66.jpg 250w, https:\/\/ddoptics.shop\/wp-content\/uploads\/2017\/03\/ZF-Montagen-510x134.jpg 510w\" sizes=\"(max-width: 1020px) 100vw, 1020px\" title=\"\">\t\t\t\t\t\t\n\t\t\t\t\t<\/div>\n\t\t\t\t\t\t\t\t\n<style>\n#image_2104840593 {\n  width: 100%;\n}\n<\/style>\n\t<\/div>\n\t\n\t\t<\/div>\n\t\t\t\t\n<style>\n#col-1633358083 > .col-inner {\n  margin: 0px 0px -30px 0px;\n}\n<\/style>\n\t<\/div>\n\n\t\n\n\t<div id=\"col-1283011210\" class=\"col medium-4 small-12 large-4\"  >\n\t\t\t\t<div class=\"col-inner\"  >\n\t\t\t\n\t\t\t\n\t<div class=\"img has-hover x md-x lg-x y md-y lg-y\" id=\"image_267289185\">\n\t\t\t\t\t\t\t\t<div class=\"img-inner dark\" >\n\t\t\t\t\t\t\t\t\t\n\t\t\t\t\t<\/div>\n\t\t\t\t\t\t\t\t\n<style>\n#image_267289185 {\n  width: 100%;\n}\n<\/style>\n\t<\/div>\n\t\n\t<div class=\"img has-hover x md-x lg-x y md-y lg-y\" id=\"image_757091574\">\n\t\t\t\t\t\t\t\t<div class=\"img-inner dark\" >\n\t\t\t<img decoding=\"async\" width=\"295\" height=\"200\" src=\"https:\/\/ddoptics.shop\/wp-content\/uploads\/2016\/04\/Ziegler.png\" class=\"attachment-large size-large\" alt=\"Ziegler Contra Ansamblu\" srcset=\"https:\/\/ddoptics.shop\/wp-content\/uploads\/2016\/04\/Ziegler.png 295w, https:\/\/ddoptics.shop\/wp-content\/uploads\/2016\/04\/Ziegler-18x12.png 18w\" sizes=\"(max-width: 295px) 100vw, 295px\" title=\"\">\t\t\t\t\t\t\n\t\t\t\t\t<\/div>\n\t\t\t\t\t\t\t\t\n<style>\n#image_757091574 {\n  width: 100%;\n}\n<\/style>\n\t<\/div>\n\t\n\t<div id=\"text-637649557\" class=\"text\">\n\t\t\n<p>\u21d2 absolut <strong>Asamblare f\u0103r\u0103 stres<\/strong><br \/>\n<strong>\u21d2 Repetabilitate absolut\u0103<\/strong><br \/>\n\u21d2 gata de instalare f\u0103r\u0103 lucr\u0103ri de montaj<br \/>\n<strong>\u21d2 Extrem de rezistent la gloan\u021be<\/strong><br \/>\n\u21d2 Instruc\u021biuni de asamblare furnizate<br \/>\n\u21d2 foarte vizibil<strong> elegant<\/strong><br \/>\n<strong>\u21d2 Autoasamblare<\/strong> posibil<br \/>\n\u21d2 Pot fi ata\u0219ate diferite ZF<br \/>\n\t\t\n<style>\n#text-637649557 {\n  text-align: center;\n}\n<\/style>\n\t<\/div>\n\t\n<div class=\"text-center\"><div class=\"is-divider divider clearfix\" ><\/div><\/div>\n\t\t<\/div>\n\t\t\t\t\t<\/div>\n\n\t\n<\/div>\n<div class=\"is-divider divider clearfix\" ><\/div>\n<h3>Ce este special la ansamblul Ziegler Kontra<\/h3>\n<p>Principiul ansamblului Kontra cu un singur c\u00e2rlig este urm\u0103torul <strong>un ansamblu \u201cinversat\u201d cu un singur c\u00e2rlig Suhl<\/strong>. La fixarea ZF, piciorul din spate este ag\u0103\u021bat mai \u00eent\u00e2i \u0219i apoi cel din fa\u021b\u0103 este blocat.<\/p>\n<p>\u00cencuietoarea de blocare este amplasat\u0103 pe podul man\u0219onului frontal. <strong>Acest tip de montare permite ata\u0219area inelelor la tubul central al lunetei de 30 mm.<\/strong><\/p>\n<p>Este potrivit \u00een special ca <strong>montur\u0103 deta\u0219abil\u0103, atractiv\u0103 pentru lunete de pu\u0219ti pe pu\u0219ti cu \u021beava fix\u0103 - sau ca o solu\u021bie elegant\u0103 pe pu\u0219ti cu \u021beav\u0103 spart\u0103<\/strong>, \u00een cazul \u00een care nu se dore\u0219te montarea cu un inel mare pe obiectiv \u0219i nu sunt necesare lucr\u0103ri de montare pe butoi.<\/p>\n<p>Caracteristica principal\u0103: Zielger a eliminat complet dezavantajele func\u021bionale ale ansamblului conven\u021bional Suhl cu un singur c\u00e2rlig (SEM).<\/p>\n<h3>Istoricul dezvolt\u0103rii - Context<\/h3>\n<p>Ziegler dezvolt\u0103 \u0219i construie\u0219te furnizori de ani de zile. <a title=\"Suporturi pentru lunet\u0103\" href=\"\/ro\/cunostinte-in-aer-liber\/ansambluri-zf\/\" target=\"_blank\" rel=\"noopener noreferrer\"><strong>Suporturi ZF<\/strong><\/a> pentru partenerii s\u0103i. \u00cen timp ce analiza interac\u021biunea complex\u0103 dintre pu\u0219ca de v\u00e2n\u0103toare, montur\u0103 \u0219i lunet\u0103, Ziegler a dob\u00e2ndit noi cuno\u0219tin\u021be. Acest lucru a f\u0103cut posibil\u0103 o nou\u0103 dezvoltare special\u0103: modelul<strong> Suhler ZP montare cu un singur c\u00e2rlig<\/strong>.<\/p>\n<p>Din exterior, noul <strong>Ansamblu similar cu ansamblul clasic Suhl cu un singur c\u00e2rlig<\/strong>. Aceasta a fost exact inten\u021bia din spatele dezvolt\u0103rii acestui ansamblu. Un design modificat a f\u0103cut ansamblul mai rigid, f\u0103r\u0103 tensiuni, stabil pe termen lung \u0219i u\u0219or de instalat.<\/p>\n<p>\u201eA face ansamblul s\u0103 arate ca un ansamblu cu un singur c\u00e2rlig a fost unul dintre cei mai dificili pa\u0219i din procesul de dezvoltare\u201c, spune <strong>Dl Gerhard Ziegler<\/strong>.<\/p>\n<h3>Istoricul \u0219i contextul ansamblului Suhl hook-in<\/h3>\n<p>Ansamblul clasic cu un singur c\u00e2rlig are acum aproximativ 100 de ani. Acesta a fost <strong>pentru lentile u\u0219oare \u0219i calibre standard<\/strong> g\u00e2ndire. Fabricarea unui SEM a fost - \u0219i este \u0219i ast\u0103zi - asociat\u0103 cu lucr\u0103ri de montaj \u00eendelungate \u0219i costisitoare pentru armurier \u0219i client.<\/p>\n<p>Durabilitatea monturii era, de asemenea, o problem\u0103. Odat\u0103 cu apari\u021bia calibrelor moderne \u0219i tot mai puternice (\u0219i a obiectivelor tot mai grele) \u00een urm\u0103 cu 30 de ani, avansul triumf\u0103tor al <strong>Montare pivotant\u0103<\/strong>. Acesta ar putea fi prefabricat industrial. Consecin\u021ba pentru SEM: activitatea de dezvoltare a ansamblului cu un singur c\u00e2rlig s-a oprit pur \u0219i simplu.<\/p>\n<h3>Tehnologie precis\u0103 pentru o lovitur\u0103 precis\u0103<\/h3>\n<p>Totu\u0219i <strong>Procese de fabrica\u021bie mai moderne<\/strong>, Noile materiale \u0219i metode de testare ne permit s\u0103 g\u0103sim ast\u0103zi solu\u021bii mai bune - inclusiv pentru asamblare. Dup\u0103 doi ani de munc\u0103 de dezvoltare, Ziegler a reu\u0219it s\u0103 aduc\u0103 ansamblul Suhl cu un singur c\u00e2rlig \u00een secolul XXI - cu noi performan\u021be de top.<\/p>\n<p>Cu expertiza \u0219i experien\u021ba unei companii de \u00eenalt\u0103 tehnologie, Ziegler face leg\u0103tura \u00eentre <strong>Estetica me\u0219te\u0219ugului tradi\u021bional \u00een fabricarea armelor \u0219i precizia metodelor moderne de fabrica\u021bie<\/strong>.<\/p>","protected":false},"excerpt":{"rendered":"<p><span style=\"color: #ed1c24;\"><strong>Aten\u021bie: V\u0103 rug\u0103m s\u0103 trimite\u021bi o solicitare prin e-mail \u00eenainte de a comanda! Timpul de livrare din cauza variet\u0103\u021bii este supus fluctua\u021biilor continue.<\/strong><\/span><\/p>\n<p>Pentru SEM Contra\u00a0<a title=\"Instruc\u021biuni de asamblare Contra asamblare\" href=\"https:\/\/ddoptics.shop\/wp-content\/uploads\/2019\/05\/Ziegler-Kontra-Montageanleitung.pdf\" target=\"_blank\" rel=\"noopener noreferrer\">Instruc\u021biuni de asamblare online ca pdf<\/a><\/p>\n<p>Redefinirea unui clasic perfect -<strong> lipsit de toate sl\u0103biciunile SEM tradi\u021bionale<\/strong>. Super u\u0219or \u0219i de calitate superioar\u0103 - Proiectat \u00een Germania!<\/p>","protected":false},"featured_media":1857,"comment_status":"open","ping_status":"closed","template":"","meta":{"inline_featured_image":false,"footnotes":""},"product_brand":[],"product_cat":[70],"product_tag":[137,138,139,140,136],"class_list":{"0":"post-1812","1":"product","2":"type-product","3":"status-publish","4":"has-post-thumbnail","6":"product_cat-zielfernrohr-montage","7":"product_tag-einhakmontage","8":"product_tag-kontra-montage","9":"product_tag-sem","10":"product_tag-suhler-montage","11":"product_tag-zielgler-montage","12":"product_shipping_class-paket","13":"pa_brand-marke-ziegler-praezisionsteile-gmbh","14":"pa_farbe-schwarz","15":"pa_produkt-typ-zielfernrohr-montage","17":"first","18":"instock","19":"taxable","20":"shipping-taxable","21":"purchasable","22":"product-type-variable"},"bundled_by":[],"bundle_stock_status":"instock","bundle_stock_quantity":null,"bundle_virtual":false,"bundle_layout":"","bundle_add_to_cart_form_location":"","bundle_editable_in_cart":false,"bundle_sold_individually_context":"","bundle_item_grouping":"","bundle_min_size":"","bundle_max_size":"","bundle_price":[],"bundled_items":[],"bundle_sell_ids":[],"_links":{"self":[{"href":"https:\/\/ddoptics.shop\/ro\/wp-json\/wp\/v2\/product\/1812","targetHints":{"allow":["GET"]}}],"collection":[{"href":"https:\/\/ddoptics.shop\/ro\/wp-json\/wp\/v2\/product"}],"about":[{"href":"https:\/\/ddoptics.shop\/ro\/wp-json\/wp\/v2\/types\/product"}],"replies":[{"embeddable":true,"href":"https:\/\/ddoptics.shop\/ro\/wp-json\/wp\/v2\/comments?post=1812"}],"version-history":[{"count":12,"href":"https:\/\/ddoptics.shop\/ro\/wp-json\/wp\/v2\/product\/1812\/revisions"}],"predecessor-version":[{"id":29315,"href":"https:\/\/ddoptics.shop\/ro\/wp-json\/wp\/v2\/product\/1812\/revisions\/29315"}],"wp:featuredmedia":[{"embeddable":true,"href":"https:\/\/ddoptics.shop\/ro\/wp-json\/wp\/v2\/media\/1857"}],"wp:attachment":[{"href":"https:\/\/ddoptics.shop\/ro\/wp-json\/wp\/v2\/media?parent=1812"}],"wp:term":[{"taxonomy":"product_brand","embeddable":true,"href":"https:\/\/ddoptics.shop\/ro\/wp-json\/wp\/v2\/product_brand?post=1812"},{"taxonomy":"product_cat","embeddable":true,"href":"https:\/\/ddoptics.shop\/ro\/wp-json\/wp\/v2\/product_cat?post=1812"},{"taxonomy":"product_tag","embeddable":true,"href":"https:\/\/ddoptics.shop\/ro\/wp-json\/wp\/v2\/product_tag?post=1812"}],"curies":[{"name":"wp","href":"https:\/\/api.w.org\/{rel}","templated":true}]}}