{"id":1877,"date":"2016-04-12T12:05:48","date_gmt":"2016-04-12T10:05:48","guid":{"rendered":"https:\/\/beta.optik-sport-shop.at\/kaufen\/fernglas-ddoptics-edx-8x30-fieldstar\/"},"modified":"2025-10-06T13:33:39","modified_gmt":"2025-10-06T11:33:39","slug":"ddoptics-binoclu-edx-8x30-fieldstar","status":"publish","type":"product","link":"https:\/\/ddoptics.shop\/ro\/kaufen\/ddoptics-fernglas-edx-8x30-fieldstar\/","title":{"rendered":"DDoptics binoclu EDX 8\u00d730 Fieldstar"},"content":{"rendered":"<div class=\"row\"  id=\"row-1403074169\">\n\n\t<div id=\"col-578096660\" class=\"col medium-8 small-12 large-8\"  >\n\t\t\t\t<div class=\"col-inner\"  >\n\t\t\t\n\t\t\t\n<h2>Binoclu DDoptics EDX 8\u00d730 Fieldstar | optic\u0103 minunat\u0103 de top la un pre\u021b excelent<\/h2>\n<p>\u00cen plus fa\u021b\u0103 de <strong>greutate redus\u0103<\/strong> observatorul descoper\u0103 cu acest <strong>binoclu<\/strong> culori \u0219i imagini str\u0103lucitoare perfect coordonate.<\/p>\n<p>Pentru aceasta pe <strong>sistem cu prism\u0103 de acoperi\u0219 \u00eencercat \u0219i testat<\/strong>\u00a0(Schmidt Pechan) sunt <strong>Tipuri de sticl\u0103 complet nou dezvoltate<\/strong> a fost utilizat.<\/p>\n<p>Rezultat: Aceast\u0103 sticl\u0103 inovatoare ED (dispersie foarte redus\u0103) reduce franjurile de culoare chiar mai bine dec\u00e2t sticlele ED utilizate anterior. Obiectivul utilizat pentru<strong> EDX 8\u00d730<\/strong> Acoperire cu corec\u021bie de faz\u0103 PHC140 nou dezvoltat\u0103 <strong>Previne 99 la sut\u0103 din toate efectele optice nedorite ale undelor<\/strong> \u0219i astfel previne chiar \u0219i cea mai mic\u0103 neclaritate.<\/p>\n<h3>Manipulare convenabil\u0103 a binoclului 8\u00d730<\/h3>\n<p>Datorit\u0103 <strong>greutate redus\u0103<\/strong> \u0219i dimensiunile sale mici, acest binoclu va \u00eenc\u0103pea \u00een orice rucsac \u0219i nu va \u00eencurca chiar \u0219i \u00een c\u0103l\u0103toriile mai lungi. Dioptria pentru focalizare este amplasat\u0103 pe ocularul din dreapta.<\/p>\n<p>Erorile de operare sunt excluse datorit\u0103 simplit\u0103\u021bii acestui proiect. <strong>Purt\u0103tor de ochelari<\/strong> ocularele pot fi ajustate \u00een mod convenabil astfel \u00eenc\u00e2t un <strong>Distan\u021b\u0103 interpupilar\u0103 perfect\u0103<\/strong> realizat \u0219i o pierdere a larg\u0103 <strong>C\u00e2mpul vizual (150,5 m)<\/strong> este evitat\u0103. Pozi\u021biile grilei pot fi fixate ferm. Reglarea neinten\u021bionat\u0103 este imposibil\u0103 datorit\u0103 mecanismului clar definit.<\/p>\n\t\t<\/div>\n\t\t\t\t\n<style>\n#col-578096660 > .col-inner {\n  margin: 0px 0px -30px 0px;\n}\n<\/style>\n\t<\/div>\n\n\t\n\n\t<div id=\"col-1887635290\" class=\"col medium-4 small-12 large-4\"  >\n\t\t\t\t<div class=\"col-inner\"  >\n\t\t\t\n\t\t\t\n\t<div class=\"img has-hover x md-x lg-x y md-y lg-y\" id=\"image_759260431\">\n\t\t\t\t\t\t\t\t<div class=\"img-inner dark\" >\n\t\t\t\t\t\t\t\t\t\n\t\t\t\t\t<\/div>\n\t\t\t\t\t\t\t\t\n<style>\n#image_759260431 {\n  width: 100%;\n}\n<\/style>\n\t<\/div>\n\t\n\t<div class=\"img has-hover x md-x lg-x y md-y lg-y\" id=\"image_1958012578\">\n\t\t<a class=\"\" href=\"https:\/\/www.shop.ddoptics.de\/garantiebestimmungen\" target=\"_blank\" rel=\"noopener\">\t\t\t\t\t\t<div class=\"img-inner dark\" >\n\t\t\t<img decoding=\"async\" width=\"352\" height=\"160\" src=\"https:\/\/ddoptics.shop\/wp-content\/uploads\/2014\/09\/DDoptics-Garantie.jpg\" class=\"attachment-large size-large\" alt=\"Garan\u021bia DDoptics\" srcset=\"https:\/\/ddoptics.shop\/wp-content\/uploads\/2014\/09\/DDoptics-Garantie.jpg 352w, https:\/\/ddoptics.shop\/wp-content\/uploads\/2014\/09\/DDoptics-Garantie-304x138.jpg 304w, https:\/\/ddoptics.shop\/wp-content\/uploads\/2014\/09\/DDoptics-Garantie-305x139.jpg 305w, https:\/\/ddoptics.shop\/wp-content\/uploads\/2014\/09\/DDoptics-Garantie-250x114.jpg 250w\" sizes=\"(max-width: 352px) 100vw, 352px\" title=\"\">\t\t\t\t\t\t\n\t\t\t\t\t<\/div>\n\t\t\t\t\t\t<\/a>\t\t\n<style>\n#image_1958012578 {\n  width: 100%;\n}\n<\/style>\n\t<\/div>\n\t\n<h3>Date despre binoclul DDoptics EDX<\/h3>\n\n\t\t<div class=\"icon-box featured-box icon-box-left text-left\"  >\n\t\t\t\t\t<div class=\"icon-box-img\" style=\"width: 32px\">\n\t\t\t\t<div class=\"icon\">\n\t\t\t\t\t<div class=\"icon-inner\" >\n\t\t\t\t\t\t<img decoding=\"async\" width=\"100\" height=\"83\" src=\"https:\/\/ddoptics.shop\/wp-content\/uploads\/2021\/05\/DDoptics-SHG-Icon.jpg\" class=\"attachment-medium size-medium\" alt=\"DDoptics SHG Binoclu Icon\" title=\"\">\t\t\t\t\t<\/div>\n\t\t\t\t<\/div>\n\t\t\t<\/div>\n\t\t\t\t<div class=\"icon-box-text last-reset\">\n\t\t\t\t\t\t\t\t\t\n<p>\u2705 unerreichtes 150,5 m Sehfeld<\/p>\n\t\t<\/div>\n\t<\/div>\n\t\n\t\n\n\t\t<div class=\"icon-box featured-box icon-box-left text-left\"  >\n\t\t\t\t\t<div class=\"icon-box-img\" style=\"width: 32px\">\n\t\t\t\t<div class=\"icon\">\n\t\t\t\t\t<div class=\"icon-inner\" >\n\t\t\t\t\t\t<img decoding=\"async\" width=\"100\" height=\"83\" src=\"https:\/\/ddoptics.shop\/wp-content\/uploads\/2021\/05\/DDoptics-SHG-Icon.jpg\" class=\"attachment-medium size-medium\" alt=\"DDoptics SHG Binoclu Icon\" title=\"\">\t\t\t\t\t<\/div>\n\t\t\t\t<\/div>\n\t\t\t<\/div>\n\t\t\t\t<div class=\"icon-box-text last-reset\">\n\t\t\t\t\t\t\t\t\t\n<p>\u2705 DDlucid remunera\u021bie<\/p>\n\t\t<\/div>\n\t<\/div>\n\t\n\t\n\n\t\t<div class=\"icon-box featured-box icon-box-left text-left\"  >\n\t\t\t\t\t<div class=\"icon-box-img\" style=\"width: 32px\">\n\t\t\t\t<div class=\"icon\">\n\t\t\t\t\t<div class=\"icon-inner\" >\n\t\t\t\t\t\t<img decoding=\"async\" width=\"100\" height=\"83\" src=\"https:\/\/ddoptics.shop\/wp-content\/uploads\/2021\/05\/DDoptics-SHG-Icon.jpg\" class=\"attachment-medium size-medium\" alt=\"DDoptics SHG Binoclu Icon\" title=\"\">\t\t\t\t\t<\/div>\n\t\t\t\t<\/div>\n\t\t\t<\/div>\n\t\t\t\t<div class=\"icon-box-text last-reset\">\n\t\t\t\t\t\t\t\t\t\n<p>Oglind\u0103 dielectric\u0103<\/p>\n\t\t<\/div>\n\t<\/div>\n\t\n\t\n\n\t\t<div class=\"icon-box featured-box icon-box-left text-left\"  >\n\t\t\t\t\t<div class=\"icon-box-img\" style=\"width: 32px\">\n\t\t\t\t<div class=\"icon\">\n\t\t\t\t\t<div class=\"icon-inner\" >\n\t\t\t\t\t\t<img decoding=\"async\" width=\"100\" height=\"83\" src=\"https:\/\/ddoptics.shop\/wp-content\/uploads\/2021\/05\/DDoptics-SHG-Icon.jpg\" class=\"attachment-medium size-medium\" alt=\"DDoptics SHG Binoclu Icon\" title=\"\">\t\t\t\t\t<\/div>\n\t\t\t\t<\/div>\n\t\t\t<\/div>\n\t\t\t\t<div class=\"icon-box-text last-reset\">\n\t\t\t\t\t\t\t\t\t\n<p>ED Appochromat<\/p>\n\t\t<\/div>\n\t<\/div>\n\t\n\t\n\n\t\t<div class=\"icon-box featured-box icon-box-left text-left\"  >\n\t\t\t\t\t<div class=\"icon-box-img\" style=\"width: 32px\">\n\t\t\t\t<div class=\"icon\">\n\t\t\t\t\t<div class=\"icon-inner\" >\n\t\t\t\t\t\t<img decoding=\"async\" width=\"100\" height=\"83\" src=\"https:\/\/ddoptics.shop\/wp-content\/uploads\/2021\/05\/DDoptics-SHG-Icon.jpg\" class=\"attachment-medium size-medium\" alt=\"DDoptics SHG Binoclu Icon\" title=\"\">\t\t\t\t\t<\/div>\n\t\t\t\t<\/div>\n\t\t\t<\/div>\n\t\t\t\t<div class=\"icon-box-text last-reset\">\n\t\t\t\t\t\t\t\t\t\n<p>\u2705 Doar 460g<\/p>\n\t\t<\/div>\n\t<\/div>\n\t\n\t\n\n\t\t<div class=\"icon-box featured-box icon-box-left text-left\"  >\n\t\t\t\t\t<div class=\"icon-box-img\" style=\"width: 32px\">\n\t\t\t\t<div class=\"icon\">\n\t\t\t\t\t<div class=\"icon-inner\" >\n\t\t\t\t\t\t<img decoding=\"async\" width=\"100\" height=\"83\" src=\"https:\/\/ddoptics.shop\/wp-content\/uploads\/2021\/05\/DDoptics-SHG-Icon.jpg\" class=\"attachment-medium size-medium\" alt=\"DDoptics SHG Binoclu Icon\" title=\"\">\t\t\t\t\t<\/div>\n\t\t\t\t<\/div>\n\t\t\t<\/div>\n\t\t\t\t<div class=\"icon-box-text last-reset\">\n\t\t\t\t\t\t\t\t\t\n<p>\u2705 Ascu\u021bit de la 1,2 m<\/p>\n\t\t<\/div>\n\t<\/div>\n\t\n\t\n<div class=\"is-divider divider clearfix\" ><\/div>\n\t\t<\/div>\n\t\t\t\t\t<\/div>\n\n\t\n<\/div>\n<h3 class=\"product-title product_title entry-title\">DDoptics EDX 8\u00d730 Acoperirea inovatoare garanteaz\u0103 contururi foarte clare<\/h3>\n<p>La <strong>EDX 8\u00d730<\/strong> imaginea optic\u0103 va fi creat\u0103 \u00een conformitate cu stadiul actual al tehnologiei \u00een\u00a0<strong>rezolu\u021bie maxim\u0103<\/strong> detaliate \u0219i f\u0103r\u0103 estompare la margini. Acest lucru este garantat de <strong>Acoperire special\u0103 DDlucid<\/strong>, cu care sunt prev\u0103zute suplimentar cele dou\u0103 suprafe\u021be de acoperi\u0219 ale prismei de acoperi\u0219 Schmidt-Pechan.<\/p>\n<p>Acestea de la <strong>remunera\u021bia provenit\u0103 din industria fotografic\u0103 japonez\u0103<\/strong> este o dezvoltare ulterioar\u0103 a binecunoscutului \u0219i testatului strat ELR (Extra Low Reflection). DDlucid este una dintre cele mai eficiente acoperiri pentru binocluri. \u00cen prezent, numai binoclurile premium au astfel de acoperiri la fel de avansate.<\/p>\n<h3>Binoclu u\u0219or 8x cu c\u00e2mp vizual imens<\/h3>\n<p>Cu acest obiectiv, DDoptics a pus un accent deosebit pe o <strong>C\u00e2mp vizual mare<\/strong> stabilite. Rezultatul acestei dezvolt\u0103ri este un <strong>c\u00e2mp vizual incredibil de 150,5<\/strong> m la o m\u0103rire de 8x. Acest lucru permite utilizatorului s\u0103 observe obiecte la o distan\u021b\u0103 de 1.000 de metri \u0219i dintr-o privire \u00eentr-un spa\u021biu care este aproximativ de o dat\u0103 \u0219i jum\u0103tate lungimea unui teren de fotbal.<\/p>\n<p>Acesta este un rezultat record pentru un binoclu din categoria 8\u00d730. Trebuie subliniat faptul c\u0103, \u00een ciuda <strong>c\u00e2mp vizual mare, aproape nicio distorsiune detectabil\u0103<\/strong> iar imaginea este clar\u0103 p\u00e2n\u0103 la margini.<\/p>\n<h3>Binoclu EDX 8\u00d730 - Robust \u0219i perfect din punct de vedere tehnic<\/h3>\n<p><strong>Alpini\u0219ti \u0219i entuzia\u0219ti ai activit\u0103\u021bilor \u00een aer liber<\/strong> \u201eEDX Fieldstar 8\u00d730\u201c ofer\u0103 un tip special de experien\u021b\u0103 \u00een natur\u0103, \u0219i nu doar datorit\u0103 c\u00e2mpului s\u0103u vizual extrem de larg. Prismele sunt, de asemenea, echipate cu o oglind\u0103 dielectric\u0103, care confer\u0103 binoclului o calitate special\u0103. <strong>Transmisie total\u0103 de p\u00e2n\u0103 la peste 91,7%<\/strong> este posibil\u0103. Lumina vagabond\u0103 este redus\u0103 \u00een mod eficient de un strat special pe interiorul binoclului. <strong>Binoclu exclusiv premium<\/strong> au \u00een prezent sisteme de remunerare at\u00e2t de dezvoltate.<\/p>\n<p>The <strong>Carcas\u0103 binocular\u0103<\/strong> const\u0103 dintr-un aliaj de aluminiu, combinat cu <strong>carbona\u021bi \u0219i este acoperit de o arm\u0103tur\u0103 de cauciuc.<\/strong> acoperite. Acest lucru garanteaz\u0103 nu numai durabilitatea, ci \u0219i <strong>aderen\u021b\u0103 \u0219i rezisten\u021b\u0103 la alunecare semnificativ mai mari.<\/strong> Aliajul metalic indestructibil al ochelarilor reglabili asigur\u0103 durabilitatea f\u0103r\u0103 uzur\u0103 \u0219i protejeaz\u0103 optim ocularele. Ca toate binoclurile DDoptics, EDX 8\u00d730 este, desigur, complet rezistent la ap\u0103 \u0219i la cea\u021b\u0103.<\/p>","protected":false},"excerpt":{"rendered":"<p><img decoding=\"async\" class=\"alignnone wp-image-10180 size-full\" title=\"Drume\u021bii\" src=\"https:\/\/ddoptics.shop\/wp-content\/uploads\/2016\/04\/Bergwandern-klein.jpg\" alt=\"Binoclu pentru drume\u021bii montane\" width=\"50\" height=\"50\" \/><img decoding=\"async\" class=\"alignnone wp-image-10178 size-full\" title=\"Observarea animalelor V\u00e2n\u0103toare de munte\" src=\"https:\/\/ddoptics.shop\/wp-content\/uploads\/2016\/04\/Gebirgsjagd-klein.jpg\" alt=\"Binoclu de v\u00e2n\u0103toare de munte\" width=\"50\" height=\"50\" \/><img decoding=\"async\" class=\"alignnone wp-image-10170 size-full\" title=\"Observarea p\u0103s\u0103rilor\" src=\"https:\/\/ddoptics.shop\/wp-content\/uploads\/2016\/09\/Ornitologie-klein.jpg\" alt=\"Observarea p\u0103s\u0103rilor\" width=\"50\" height=\"50\" \/><br \/>\nS-a n\u0103scut o nou\u0103 stea! Cel de 8 ori <strong>Referin\u021b\u0103 u\u0219oar\u0103 cu nebunie de imagini<\/strong>.<\/p>","protected":false},"featured_media":1880,"comment_status":"open","ping_status":"closed","template":"","meta":{"inline_featured_image":false,"footnotes":""},"product_brand":[],"product_cat":[359,349,329,67,345,346],"product_tag":[90,152,561,78,86],"class_list":{"0":"post-1877","1":"product","2":"type-product","3":"status-publish","4":"has-post-thumbnail","6":"product_cat-30-mm-objektiv","7":"product_cat-8x-vergroesserung","8":"product_cat-ddoptics","9":"product_cat-fernglas","10":"product_cat-jagd-und-wild","11":"product_cat-wandern-und-reisen","12":"product_tag-8-fach-vergroesserung","13":"product_tag-8x30","14":"product_tag-8x30-fernglas","15":"product_tag-ddoptics","16":"product_tag-edx","17":"product_shipping_class-paket","18":"pa_brand-marke-ddoptics","19":"pa_farbe-schwarz","20":"pa_produkt-typ-fernglas","22":"first","23":"instock","24":"sale","25":"taxable","26":"shipping-taxable","27":"purchasable","28":"product-type-simple"},"bundled_by":[],"bundle_stock_status":"instock","bundle_stock_quantity":null,"bundle_virtual":false,"bundle_layout":"","bundle_add_to_cart_form_location":"","bundle_editable_in_cart":false,"bundle_sold_individually_context":"","bundle_item_grouping":"","bundle_min_size":"","bundle_max_size":"","bundle_price":[],"bundled_items":[],"bundle_sell_ids":[],"_links":{"self":[{"href":"https:\/\/ddoptics.shop\/ro\/wp-json\/wp\/v2\/product\/1877","targetHints":{"allow":["GET"]}}],"collection":[{"href":"https:\/\/ddoptics.shop\/ro\/wp-json\/wp\/v2\/product"}],"about":[{"href":"https:\/\/ddoptics.shop\/ro\/wp-json\/wp\/v2\/types\/product"}],"replies":[{"embeddable":true,"href":"https:\/\/ddoptics.shop\/ro\/wp-json\/wp\/v2\/comments?post=1877"}],"version-history":[{"count":6,"href":"https:\/\/ddoptics.shop\/ro\/wp-json\/wp\/v2\/product\/1877\/revisions"}],"predecessor-version":[{"id":29188,"href":"https:\/\/ddoptics.shop\/ro\/wp-json\/wp\/v2\/product\/1877\/revisions\/29188"}],"wp:featuredmedia":[{"embeddable":true,"href":"https:\/\/ddoptics.shop\/ro\/wp-json\/wp\/v2\/media\/1880"}],"wp:attachment":[{"href":"https:\/\/ddoptics.shop\/ro\/wp-json\/wp\/v2\/media?parent=1877"}],"wp:term":[{"taxonomy":"product_brand","embeddable":true,"href":"https:\/\/ddoptics.shop\/ro\/wp-json\/wp\/v2\/product_brand?post=1877"},{"taxonomy":"product_cat","embeddable":true,"href":"https:\/\/ddoptics.shop\/ro\/wp-json\/wp\/v2\/product_cat?post=1877"},{"taxonomy":"product_tag","embeddable":true,"href":"https:\/\/ddoptics.shop\/ro\/wp-json\/wp\/v2\/product_tag?post=1877"}],"curies":[{"name":"wp","href":"https:\/\/api.w.org\/{rel}","templated":true}]}}