{"id":18770,"date":"2019-10-25T10:32:23","date_gmt":"2019-10-25T08:32:23","guid":{"rendered":"https:\/\/ddoptics.shop\/?post_type=product&#038;p=18770"},"modified":"2025-10-03T14:10:30","modified_gmt":"2025-10-03T12:10:30","slug":"luneta-ddoptics-v6-2komma5-15x50-n-fx-mrad","status":"publish","type":"product","link":"https:\/\/ddoptics.shop\/ro\/kaufen\/zielfernrohr-ddoptics-v6-2komma5-15x50-n-fx-mrad\/","title":{"rendered":"lunete 2.5-15\u00d750 NFX de la DDoptics | V6 | A4N | MRAD ajustare - Gen 3"},"content":{"rendered":"<div class=\"container section-title-container\" ><h3 class=\"section-title section-title-normal\"><b aria-hidden=\"true\"><\/b><span class=\"section-title-main\" ><i class=\"icon-cross\" aria-hidden=\"true\"><\/i>Scurt\u0103 prezentare a lunetei 2.5-15x50 NFX de la DDoptics<\/span><b aria-hidden=\"true\"><\/b><\/h3><\/div>\n<table style=\"background-color: #cacaca; width: 100%;\">\n<tbody>\n<tr style=\"height: 24px;\">\n<td style=\"height: 24px; width: 20%;\"><strong>Tub<\/strong><\/td>\n<td style=\"height: 24px; width: 30%;\">Tub mono de 30 mm<\/td>\n<td style=\"height: 24px; width: 20%;\"><strong>C\u00e2mpul vizual: m @100m<\/strong><\/td>\n<td style=\"height: 24px; width: 30%;\">15 - 2,5 m<\/td>\n<\/tr>\n<tr style=\"height: 24px;\">\n<td style=\"height: 24px; width: 20%;\"><strong>Sistem optic<\/strong><\/td>\n<td style=\"height: 24px; width: 30%;\">\u00a02,5-15 ori<\/td>\n<td style=\"height: 24px; width: 20%;\">\u00a0<strong>Distan\u021ba interpupilar\u0103<\/strong><\/td>\n<td style=\"height: 24px; width: 30%;\">\u00a085-99 mm<\/td>\n<\/tr>\n<tr style=\"height: 24px;\">\n<td style=\"height: 24px; width: 20%;\"><strong>Lentile<\/strong><\/td>\n<td style=\"height: 24px; width: 30%;\">\u00a050 mm<\/td>\n<td style=\"height: 24px; width: 20%;\">\u00a0<strong>Lungime<\/strong><\/td>\n<td style=\"height: 24px; width: 30%;\">\u00a0373 mm<\/td>\n<\/tr>\n<tr style=\"height: 24px;\">\n<td style=\"height: 24px; width: 20%;\"><a href=\"https:\/\/de.wikipedia.org\/wiki\/Absehen\" target=\"_blank\" rel=\"noopener noreferrer\"><strong>Reticul<\/strong><\/a><\/td>\n<td style=\"height: 24px; width: 30%;\">\u00a0Reticul nou 4<\/td>\n<td style=\"height: 24px; width: 20%;\">\u00a0<strong>Greutate<\/strong><\/td>\n<td style=\"height: 24px; width: 30%;\">\u00a0698 g<\/td>\n<\/tr>\n<tr style=\"height: 24px;\">\n<td style=\"height: 24px; width: 20%;\"><strong>Punct de lumin\u0103<\/strong><\/td>\n<td style=\"height: 24px; width: 30%;\">\u00a0Standard sau iFibre<\/td>\n<td style=\"height: 24px; width: 20%;\">\u00a0<strong>Protec\u021bie anticearc\u0103n<\/strong><\/td>\n<td style=\"height: 24px; width: 30%;\">\u00a0Umplere cu azot \u00eempotriva aburului<\/td>\n<\/tr>\n<tr style=\"height: 24px;\">\n<td style=\"height: 24px; width: 20%;\"><strong>Focalizare\/paralax\u0103<\/strong><\/td>\n<td style=\"height: 24px; width: 30%;\">\u00a0Lentile reglabile de la 20 m la infinit<\/td>\n<td style=\"height: 24px; width: 20%;\">\u00a0<strong>Str\u00e2nsoare<\/strong><\/td>\n<td style=\"height: 24px; width: 30%;\">\u00a0Rezistent la ap\u0103 \u0219i la impact<\/td>\n<\/tr>\n<\/tbody>\n<\/table>\n<div class=\"row\"  id=\"row-269909870\">\n\n\t<div id=\"col-33180609\" class=\"col medium-8 small-12 large-8\"  >\n\t\t\t\t<div class=\"col-inner\"  >\n\t\t\t\n\t\t\t\n<h2>Luneta 2.5-15\u00d750 NFX de la DDoptics - lunet\u0103 puternic\u0103 cu zoom 6x \u0219i reglare prin clic MRAD (1 cm\/clic - 100 m)<\/h2>\n<p>Noul <strong>luneta DDoptics 2.5-15\u00d750<\/strong> NFX cu reglare prin clic MRAD \u0219i unghi larg (c\u00e2mp vizual mare) este deosebit de potrivit pentru <strong>Terenuri de v\u00e2n\u0103toare cu diferite distan\u021be de tragere<\/strong>. Acoper\u0103 o gam\u0103 larg\u0103 de terenuri, de exemplu pentru v\u00e2n\u0103toarea pe munte sau v\u00e2n\u0103toarea pe teren.<\/p>\n<p>La fel ca \u0219i lunetele Genera\u021biei 3, NFX a fost proiectat cu o <strong>reglarea reticulului cu func\u021bionare dur\u0103<\/strong> fabricat din metal, Zerostop, New Reticle 4, sticl\u0103 CT, acoperire DDlucid \u0219i scalare dubl\u0103.<\/p>\n<p>The <a href=\"https:\/\/ddoptics.shop\/ro\/magazin\/vedere-telescopica\/v6-6x-zoom\/\" target=\"_blank\" rel=\"noopener noreferrer\">de 6 ori <strong>Vedere telescopic\u0103 <\/strong><\/a>convinge cu toate cerin\u021bele de v\u00e2n\u0103toare, cum ar fi<strong>\u00a0Urm\u0103rire, ascundere <\/strong>\u00een apartament \u0219i \u00een<strong> Mun\u021bi.<\/strong><\/p>\n<h3>DDoptics V6 2.5-15\u00d750 NFX lunet\u0103 cu unghi larg pentru pu\u0219ti de v\u00e2n\u0103toare - cu scala MRAD<\/h3>\n<p>Ca \u0219i \u00een cazul modelelor Gen 3, V6 2.5-15\u00d750 NFX <strong>a renun\u021bat \u00een mod constant la toate piesele din plastic.\u00a0<\/strong>Printre cele mai mici, <strong>Turele de v\u00e2n\u0103toare cu scalare dubl\u0103<\/strong> ascunde un <strong>Mecanism de mare precizie \u0219i func\u021bionare lin\u0103<\/strong>, care p\u00e2n\u0103 acum <strong>numai \u00een versiunea Tactical riflescope<\/strong> a fost instalat.<\/p>\n<p>Avantaj: Pute\u021bi renun\u021ba la capacul de protec\u021bie de deasupra reglajului reticulului \u0219i astfel ave\u021bi <strong>Acces la reglarea reticulului \u00een orice moment<\/strong> pentru a corecta distan\u021bele de tragere sau viteza v\u00e2ntului.<\/p>\n\t\t<\/div>\n\t\t\t\t\t<\/div>\n\n\t\n\n\t<div id=\"col-1236481708\" class=\"col medium-4 small-12 large-4\"  >\n\t\t\t\t<div class=\"col-inner\"  >\n\t\t\t\n\t\t\t\n<a class=\"button primary expand\" >\n\t\t<span>Caracteristici speciale lunet\u0103<\/span>\n\t<\/a>\n\n\n\t<section class=\"section\" id=\"section_1843901683\">\n\t\t<div class=\"section-bg fill\" >\n\t\t\t\t\t\t\t\t\t<div class=\"section-bg-overlay absolute fill\"><\/div>\n\t\t\t\n\n\t\t<\/div>\n\n\t\t\n\n\t\t<div class=\"section-content relative\">\n\t\t\t\n\t<div class=\"img has-hover x md-x lg-x y md-y lg-y\" id=\"image_1464507802\">\n\t\t<a class=\"\" href=\"https:\/\/www.ddoptics.de\/garantiebestimmungen\" target=\"_blank\" rel=\"no follow noopener\">\t\t\t\t\t\t<div class=\"img-inner dark\" >\n\t\t\t<img decoding=\"async\" width=\"352\" height=\"160\" src=\"https:\/\/ddoptics.shop\/wp-content\/uploads\/2014\/09\/DDoptics-Garantie.jpg\" class=\"attachment-large size-large\" alt=\"Garan\u021bia DDoptics\" srcset=\"https:\/\/ddoptics.shop\/wp-content\/uploads\/2014\/09\/DDoptics-Garantie.jpg 352w, https:\/\/ddoptics.shop\/wp-content\/uploads\/2014\/09\/DDoptics-Garantie-304x138.jpg 304w, https:\/\/ddoptics.shop\/wp-content\/uploads\/2014\/09\/DDoptics-Garantie-305x139.jpg 305w, https:\/\/ddoptics.shop\/wp-content\/uploads\/2014\/09\/DDoptics-Garantie-250x114.jpg 250w\" sizes=\"(max-width: 352px) 100vw, 352px\" title=\"\">\t\t\t\t\t\t\n\t\t\t\t\t<\/div>\n\t\t\t\t\t\t<\/a>\t\t\n<style>\n#image_1464507802 {\n  width: 100%;\n}\n<\/style>\n\t<\/div>\n\t\n\t<div id=\"gap-426819876\" class=\"gap-element clearfix\" style=\"display:block; height:auto;\">\n\t\t\n<style>\n#gap-426819876 {\n  padding-top: 15px;\n}\n<\/style>\n\t<\/div>\n\t\n\t<div id=\"text-669198845\" class=\"text\">\n\t\t\n<p><span style=\"font-size: 80%;\"><em>\u21d2 V6 - zoom 6x<\/em><\/span><br \/>\n<span style=\"font-size: 80%;\"><em>\u21d2 turele metalice de reglare a reticulelor (nu din plastic ca la gen 2)<\/em><\/span><br \/>\n<span style=\"font-size: 80%;\"><em>\u21d2 Sticl\u0103 CT (transmisie clar\u0103) (dispersie redus\u0103)<\/em><\/span><br \/>\n<span style=\"font-size: 80%;\"><em>\u21d2 Scalare dubl\u0103 (\u00eentoarcere dubl\u0103)<\/em><\/span><br \/>\n<span style=\"font-size: 80%;\"><em>\u21d2 Zerostop pentru ASV (oprire la zero)<\/em><\/span><br \/>\n<span style=\"font-size: 80%;\"><em>\u21d2 Detent tactic dur de 1\/4 clic<\/em><\/span><br \/>\n<span style=\"font-size: 80%;\"><em>\u21d2 Design nou al inelului de reglare a m\u0103ririi<\/em><\/span><br \/>\n<span style=\"font-size: 80%;\"><em>\u21d2 Noul reticul 4 cu bare semnificativ mai fine<\/em><\/span><br \/>\n<span style=\"font-size: 80%;\"><em>\u21d2 declan\u0219ator tactic dur 0.1 MRAD cu clic (1cm\/clic)<\/em><\/span><br \/>\n<span style=\"font-size: 80%;\"><em>\u21d2 Cursa de reglare 228 clicuri = 2,28 m la 100 m<\/em><\/span><\/p>\n\t\t\n<style>\n#text-669198845 {\n  line-height: 1.15;\n  color: rgb(33, 107, 227);\n}\n#text-669198845 > * {\n  color: rgb(33, 107, 227);\n}\n<\/style>\n\t<\/div>\n\t\n\t\t<\/div>\n\n\t\t\n<style>\n#section_1843901683 {\n  padding-top: 30px;\n  padding-bottom: 30px;\n  background-color: rgb(232, 232, 232);\n}\n#section_1843901683 .section-bg-overlay {\n  background-color: rgba(255,255,255,.5);\n}\n<\/style>\n\t<\/section>\n\t\n<div class=\"is-divider divider clearfix\" ><\/div>\n\t\t<\/div>\n\t\t\t\t\t<\/div>\n\n\t\n<\/div>\n<p>Pentru siguran\u021b\u0103 <strong>Butonul zero u\u0219or de reglat asigur\u0103 revenirea la setarea zero<\/strong> ( Zerostop). Cu un c\u00e2mp vizual de 13,5 metri (la o m\u0103rire de 2,5x), luneta Nighteagle 2,5-15\u00d750 \u00eendepline\u0219te toate cerin\u021bele v\u00e2n\u0103torii \u00een mi\u0219care.<\/p>\n<p>Acestea <strong>Optica cu zoom 6x triumf\u0103 cu o intensitate luminoas\u0103 foarte mare, cu imagini str\u0103lucitoare \u0219i cu contrast ridicat<\/strong> pe. Acest lucru face ca Nighteagle 2.5-15\u00d750 s\u0103 fie predestinat v\u00e2n\u0103torilor exigen\u021bi, tr\u0103g\u0103torilor cu experien\u021b\u0103 tehnic\u0103 la distan\u021b\u0103 \u0219i tr\u0103g\u0103torilor sportivi care doresc un <strong>luneta cu raz\u0103 lung\u0103 de ac\u021biune cu performan\u021be optice maxime<\/strong> c\u0103utare.<\/p>\n<h3>luneta DDoptics V6 cu <a href=\"https:\/\/ddoptics.shop\/ro\/termen-tehnic\/transluciditate-transmisie-de-lumina-optica\/\" target=\"_blank\" rel=\"noopener\" data-schema-attribute=\"\">Transmisia luminii<\/a> cu valori de v\u00e2rf<\/h3>\n<p>The <strong>Optic\u0103 complet acoperit\u0103<\/strong>, care nu permite nicio reflexie, ofer\u0103 o imagine cu contrast extrem de ridicat \u0219i culori reale, cu propriet\u0103\u021bi remarcabile de claritate de la margine la margine. Datorit\u0103 cantit\u0103\u021bii minime de lumin\u0103 fals\u0103, chiar \u0219i iluminarea din spate nu este o problem\u0103.<\/p>\n<p>The <strong>transmisia luminii are valori de v\u00e2rf de 94,7% (ziua) \u0219i 93% (noaptea).<\/strong> care permit un r\u0103spuns fiabil p\u00e2n\u0103 la ultima lumin\u0103 a pu\u0219tii.<\/p>\n<h3>Reticul nou dezvoltat 4 pe al doilea plan al imaginii lunetei<\/h3>\n<p>The <strong>Nou dezvoltat <a href=\"https:\/\/de.wikipedia.org\/wiki\/Absehen\" target=\"_blank\" rel=\"noopener sponsored\" data-schema-attribute=\"\">Reticul<\/a> 4<\/strong> de la DDoptics face <strong>mai mult spa\u021biu pentru un r\u0103spuns curat.<\/strong><\/p>\n<figure id=\"attachment_1951\" aria-describedby=\"caption-attachment-1951\" style=\"width: 250px\" class=\"wp-caption alignright\"><a href=\"https:\/\/ddoptics.shop\/wp-content\/uploads\/2016\/04\/Neues-DDoptics-Absehen.jpg\" rel=\"attachment wp-att-1951\"><img decoding=\"async\" class=\"wp-image-1951\" src=\"https:\/\/ddoptics.shop\/wp-content\/uploads\/2016\/04\/Neues-DDoptics-Absehen-340x340.jpg\" alt=\"Noul reticul DDoptics 4\" width=\"250\" height=\"199\" title=\"\" srcset=\"https:\/\/ddoptics.shop\/wp-content\/uploads\/2016\/04\/Neues-DDoptics-Absehen-304x242.jpg 304w, https:\/\/ddoptics.shop\/wp-content\/uploads\/2016\/04\/Neues-DDoptics-Absehen-305x243.jpg 305w, https:\/\/ddoptics.shop\/wp-content\/uploads\/2016\/04\/Neues-DDoptics-Absehen-632x503.jpg 632w, https:\/\/ddoptics.shop\/wp-content\/uploads\/2016\/04\/Neues-DDoptics-Absehen.jpg 800w, https:\/\/ddoptics.shop\/wp-content\/uploads\/2016\/04\/Neues-DDoptics-Absehen-250x199.jpg 250w, https:\/\/ddoptics.shop\/wp-content\/uploads\/2016\/04\/Neues-DDoptics-Absehen-510x406.jpg 510w\" sizes=\"(max-width: 250px) 100vw, 250px\" \/><\/a><figcaption id=\"caption-attachment-1951\" class=\"wp-caption-text\">Noul reticul DDoptics 4<\/figcaption><\/figure>\n<p>Pentru a v\u0103 oferi avantajul decisiv, am redus barele groase la jum\u0103tate din grosimea A4 \u0219i am dublat distan\u021ba (centrul) dintre barele groase.<\/p>\n<p><strong>Imaginea de ansamblu<\/strong> func\u021bioneaz\u0103 cu <strong>reticul nou mai luminos, mai mare \u0219i mai clar.<\/strong> Cu toate acestea, pute\u021bi vedea bine reticulul pe timp de noapte.<\/p>\n<p>The <strong>Noul reticul 4 este situat \u00een planul de imagine al ocularului (al doilea plan de imagine)<\/strong> \u0219i, prin urmare, r\u0103m\u00e2ne \u00eentotdeauna de aceea\u0219i dimensiune atunci c\u00e2nd se modific\u0103 m\u0103rirea.<\/p>\n<p>Cu <strong>la o m\u0103rire maxim\u0103 de 15 ori, reticulul \u00eentunec\u0103 \u021binta doar \u00een mic\u0103 m\u0103sur\u0103.<\/strong> Fiecare clic regleaz\u0103 reticulul cu 1 cm la 100 de metri, 2 cm la 200 de metri etc. Interval total de reglare:<\/p>\n<ul>\n<li>22.8 MRAD - 228 clicuri - 2.28 m<\/li>\n<li>Curs\u0103 de reglare \/ clic pe 100 m: 1 cm<\/li>\n<li>Interval de reglare \/ clic la 200 m: 2 cm<\/li>\n<li>Interval de reglare \/ clic la 300 m: 3 cm<\/li>\n<li>Curs\u0103 de reglare \/ clic la 600 m: 6 cm<\/li>\n<\/ul>\n<p>The <strong>Reglarea clic func\u021bioneaz\u0103<\/strong> astfel <strong>Absolut repetabil<\/strong> \u0219i poate fi resetat la zero dup\u0103 tragere (\u00een cazul \u00een care sunt utilizate mai multe \u00eenc\u0103rc\u0103turi).<\/p>\n<p>Compensarea paralaxei montat\u0103 lateral (de la 20 de metri la infinit) protejeaz\u0103 \u00eempotriva vederii oblice \u0219i asigur\u0103, de asemenea, o imagine foarte clar\u0103 \u0219i f\u0103r\u0103 oboseal\u0103 la toate set\u0103rile de m\u0103rire.<\/p>\n<p>Echipate cu acest inovator \u201eNew Reticle 4\u201c, lunetele DDoptics de tip \u201e2.5-10\u00d756\u201c \u201e2.5-15\u00d750\u201c \u0219i 1.5-6\u00d742<\/p>\n<h3>Execu\u021bie robust\u0103, instalare simpl\u0103<\/h3>\n<p>The <strong>DDoptics Nighteagle 2.5-15\u00d750 NFX este umplut cu azot \u0219i, prin urmare, complet impermeabil<\/strong> <strong>\u0219i protejate \u00eempotriva fitingurilor interne.<\/strong> Tubul de vizare telescopic (diametru: 30 mm, lungime: 373 mm, greutate: 698 g) este fabricat dintr-o singur\u0103 bucat\u0103 de duraluminiu \u0219i anodizat dur. Acest nou tip de acoperire este deosebit de neted, respinge murd\u0103ria \u0219i este extrem de rezistent la zg\u00e2rieturi.<\/p>\n<h3>Punct luminat cu reglare fin\u0103 de la DDoptics<\/h3>\n<p>The <strong>Punct de lumin\u0103 din fibr\u0103 de sticl\u0103<\/strong>, (op\u021bional, pentru un cost suplimentar de 89 \u20ac, \u0219i \u00een <strong>versiune automat\u0103 IFiber<\/strong> disponibil) de la DDoptics cu circuite electronice complet reproiectate este at\u00e2t de mic \u00eenc\u00e2t se ob\u021bine doar cea mai mic\u0103 ocluzie posibil\u0103 a \u021bintei.<\/p>\n<p>Datorit\u0103 <strong>tehnologie cu fibr\u0103 optic\u0103, spotul luminos este atenuat la o<\/strong> nu numai mai \u00eentunecat, ci \u0219i mai fin. Punctul de lumin\u0103 poate fi atenuat continuu cu 100 % p\u00e2n\u0103 c\u00e2nd nu mai poate fi v\u0103zut de ochiul uman.<\/p>\n<p>Astfel, reticulul are acela\u0219i efect ca o optic\u0103 \u021bint\u0103 f\u0103r\u0103 o unitate iluminat\u0103. Atunci c\u00e2nd punctul iluminat este activat, nu exist\u0103 str\u0103luciri sau reflexii deranjante \u00een cadrul opticii. Deoarece unitatea luminoas\u0103 este produs\u0103 manual, cerin\u021bele speciale ale clien\u021bilor pot fi luate \u00een considerare individual.<\/p>\n<h3>Optic\u0103 \u021bint\u0103 Reglarea distan\u021bei interpupilare \u0219i a dioptriilor<\/h3>\n<p>Relevarea ochilor este mai mult dec\u00e2t adecvat\u0103 85 mm. Pentru <strong>este necesar\u0103 doar o jum\u0103tate de rota\u021bie pentru \u00eentreaga gam\u0103 de m\u0103riri<\/strong>. Reglarea dioptriilor (de la -3 la +4) poate fi efectuat\u0103 cu u\u0219urin\u021b\u0103 pe cap\u0103tul cauciucat al ocularului, cu ajutorul unui reglaj cu nervuri.<\/p>","protected":false},"excerpt":{"rendered":"<p><img decoding=\"async\" class=\"alignnone wp-image-10452 size-full\" title=\"Tir sportiv\" src=\"https:\/\/ddoptics.shop\/wp-content\/uploads\/2016\/07\/Target-Schiessen.jpg\" alt=\"Tragere la \u021bint\u0103\" width=\"50\" height=\"50\" \/><img decoding=\"async\" class=\"alignnone wp-image-10168 size-full\" title=\"Stand de v\u00e2n\u0103toare\" src=\"https:\/\/ddoptics.shop\/wp-content\/uploads\/2016\/09\/Jagd-klein.jpg\" alt=\"Binoclu de v\u00e2n\u0103toare\" width=\"50\" height=\"50\" \/><img decoding=\"async\" class=\"alignnone wp-image-10178 size-full\" title=\"V\u00e2n\u0103toare montan\u0103\" src=\"https:\/\/ddoptics.shop\/wp-content\/uploads\/2016\/04\/Gebirgsjagd-klein.jpg\" alt=\"Binoclu de v\u00e2n\u0103toare de munte\" width=\"50\" height=\"50\" \/><br \/>\n<strong>Slim versiune special\u0103 NFX. <\/strong>Nighteagle 2.5-15\u00d750 NFX este extensia perfect\u0103 a seriei NFX cu noile oculare NF-X, vedere \u00eembun\u0103t\u0103\u021bit\u0103 \u0219i c\u00e2mp vizual semnificativ mai mare. <strong>Op\u021bional, cu sistem inteligent <a title=\"NOU DDoptics IFiber punct luminat\" href=\"\/ro\/termen-tehnic-wiki\/inteligent-ddoptics-ifiber-light-point\/\" target=\"_blank\" rel=\"noopener noreferrer\">Punct de lumin\u0103 IFibre<\/a> pentru doar 99,- \u20ac tax\u0103 suplimentar\u0103.<\/strong><\/p>\n<a href=\"https:\/\/amzn.to\/3Pnky2v\" target=\"_blank\" class=\"button success is-success is-small\" rel=\"\u201dnofollow\u201d noopener\" >\n\t\t<span>client amazon? - folosi\u021bi beneficiile prime?<\/span>\n\t<\/a>","protected":false},"featured_media":18778,"comment_status":"open","ping_status":"closed","template":"","meta":{"inline_featured_image":false,"footnotes":""},"product_brand":[],"product_cat":[478,453,638,697,917,640,641,919,637,68],"product_tag":[586,78,696,698,955,79],"class_list":{"0":"post-18770","1":"product","2":"type-product","3":"status-publish","4":"has-post-thumbnail","6":"product_cat-25-15x50","7":"product_cat-50-mm-objektivdurchmesser","8":"product_cat-ansitzjagd","9":"product_cat-mrad-klickverstellung","10":"product_cat-nfx-zielfernrohre-weitwinkel-zf","11":"product_cat-pirschjagd-und-gebirgsjagd","12":"product_cat-sportschiessen","13":"product_cat-v6-6-fach-zoom","14":"product_cat-zf-anwendung","15":"product_cat-zielfernrohr","16":"product_tag-2-5-15x50","17":"product_tag-ddoptics","18":"product_tag-mrad","19":"product_tag-mrad-1-cm-klickverstellung","20":"product_tag-nfx","21":"product_tag-zielfernrohr","22":"product_shipping_class-paket","23":"pa_brand-marke-ddoptics","24":"pa_produkt-typ-zielfernrohr","26":"first","27":"instock","28":"sale","29":"taxable","30":"shipping-taxable","31":"purchasable","32":"product-type-bundle"},"bundled_by":[],"bundle_stock_status":"instock","bundle_stock_quantity":38,"bundle_virtual":false,"bundle_layout":"default","bundle_add_to_cart_form_location":"default","bundle_editable_in_cart":false,"bundle_sold_individually_context":"product","bundle_item_grouping":"parent","bundle_min_size":"","bundle_max_size":"","bundle_price":{"price":{"min":{"incl_tax":"1121.01","excl_tax":"934.18"},"max":{"incl_tax":"1225.32","excl_tax":"1021.1"}},"regular_price":{"min":{"incl_tax":"1245.01","excl_tax":"1037.51"},"max":{"incl_tax":"1360.9","excl_tax":"1134.08"}}},"bundled_items":[{"bundled_item_id":79,"product_id":12809,"menu_order":0,"quantity_min":1,"quantity_max":1,"quantity_default":1,"priced_individually":true,"shipped_individually":false,"override_title":true,"title":"","override_description":false,"description":"","optional":false,"hide_thumbnail":true,"discount":"","override_variations":true,"allowed_variations":[12810,12811],"override_default_variation_attributes":false,"default_variation_attributes":[],"single_product_visibility":"visible","cart_visibility":"visible","order_visibility":"visible","single_product_price_visibility":"visible","cart_price_visibility":"visible","order_price_visibility":"visible","stock_status":"in_stock"},{"bundled_item_id":80,"product_id":12812,"menu_order":1,"quantity_min":1,"quantity_max":1,"quantity_default":1,"priced_individually":true,"shipped_individually":false,"override_title":true,"title":"Aproape un cadou - capace flip","override_description":false,"description":"","optional":true,"hide_thumbnail":false,"discount":"68.55","override_variations":true,"allowed_variations":[12817],"override_default_variation_attributes":true,"default_variation_attributes":[{"id":17,"name":"Dimensiunea lunetei","option":"25-15x50"}],"single_product_visibility":"visible","cart_visibility":"visible","order_visibility":"visible","single_product_price_visibility":"visible","cart_price_visibility":"visible","order_price_visibility":"visible","stock_status":"in_stock"}],"bundle_sell_ids":[],"_links":{"self":[{"href":"https:\/\/ddoptics.shop\/ro\/wp-json\/wp\/v2\/product\/18770","targetHints":{"allow":["GET"]}}],"collection":[{"href":"https:\/\/ddoptics.shop\/ro\/wp-json\/wp\/v2\/product"}],"about":[{"href":"https:\/\/ddoptics.shop\/ro\/wp-json\/wp\/v2\/types\/product"}],"replies":[{"embeddable":true,"href":"https:\/\/ddoptics.shop\/ro\/wp-json\/wp\/v2\/comments?post=18770"}],"version-history":[{"count":29,"href":"https:\/\/ddoptics.shop\/ro\/wp-json\/wp\/v2\/product\/18770\/revisions"}],"predecessor-version":[{"id":29151,"href":"https:\/\/ddoptics.shop\/ro\/wp-json\/wp\/v2\/product\/18770\/revisions\/29151"}],"wp:featuredmedia":[{"embeddable":true,"href":"https:\/\/ddoptics.shop\/ro\/wp-json\/wp\/v2\/media\/18778"}],"wp:attachment":[{"href":"https:\/\/ddoptics.shop\/ro\/wp-json\/wp\/v2\/media?parent=18770"}],"wp:term":[{"taxonomy":"product_brand","embeddable":true,"href":"https:\/\/ddoptics.shop\/ro\/wp-json\/wp\/v2\/product_brand?post=18770"},{"taxonomy":"product_cat","embeddable":true,"href":"https:\/\/ddoptics.shop\/ro\/wp-json\/wp\/v2\/product_cat?post=18770"},{"taxonomy":"product_tag","embeddable":true,"href":"https:\/\/ddoptics.shop\/ro\/wp-json\/wp\/v2\/product_tag?post=18770"}],"curies":[{"name":"wp","href":"https:\/\/api.w.org\/{rel}","templated":true}]}}