{"id":18833,"date":"2019-10-27T09:15:09","date_gmt":"2019-10-27T08:15:09","guid":{"rendered":"https:\/\/ddoptics.shop\/?post_type=product&#038;p=18833"},"modified":"2025-04-08T15:16:12","modified_gmt":"2025-04-08T13:16:12","slug":"luneta-ddoptics-v4-2-5-10x56-nfx-mrad-reticul-4","status":"publish","type":"product","link":"https:\/\/ddoptics.shop\/ro\/kaufen\/zielfernrohr-ddoptics-v4-2-5-10x56-nfx-mrad-absehen-4\/","title":{"rendered":"lunete 2.5-10\u00d756 NFX de la DDoptics | V4 | A4N | MRAD ajustare - Gen 3"},"content":{"rendered":"<div class=\"container section-title-container\" ><h3 class=\"section-title section-title-normal\"><b aria-hidden=\"true\"><\/b><span class=\"section-title-main\" ><i class=\"icon-cross\" aria-hidden=\"true\"><\/i>luneta 2.5-10x56 NFX de la DDoptics<\/span><b aria-hidden=\"true\"><\/b><\/h3><\/div>\n<table style=\"background-color: #cacaca;\">\n<tbody>\n<tr style=\"height: 24px;\">\n<td style=\"height: 24px; text-align: left; width: 20%;\"><strong>Tub<\/strong><\/td>\n<td style=\"height: 24px; text-align: left; width: 30%;\">Tub mono de 30 mm<\/td>\n<td style=\"height: 24px; text-align: left; width: 20%;\"><strong>C\u00e2mpul vizual: m @100m<\/strong><\/td>\n<td style=\"height: 24px; text-align: left; width: 30%;\">15 - 3,7 m<\/td>\n<\/tr>\n<tr style=\"height: 24px;\">\n<td style=\"height: 24px; text-align: left; width: 20%;\"><strong>Sistem optic<\/strong><\/td>\n<td style=\"height: 24px; text-align: left; width: 30%;\">2,5-10 ori<\/td>\n<td style=\"height: 24px; text-align: left; width: 20%;\"><strong>Distan\u021ba interpupilar\u0103<\/strong><\/td>\n<td style=\"height: 24px; text-align: left; width: 30%;\">98 - 100 mm<\/td>\n<\/tr>\n<tr style=\"height: 24px;\">\n<td style=\"height: 24px; text-align: left; width: 20%;\"><strong>Lentile<\/strong><\/td>\n<td style=\"height: 24px; text-align: left; width: 30%;\">56 mm<\/td>\n<td style=\"height: 24px; text-align: left; width: 20%;\"><strong>Lungime<\/strong><\/td>\n<td style=\"height: 24px; text-align: left; width: 30%;\">373 mm<\/td>\n<\/tr>\n<tr style=\"height: 24px;\">\n<td style=\"height: 24px; text-align: left; width: 20%;\"><a href=\"https:\/\/de.wikipedia.org\/wiki\/Absehen\" target=\"_blank\" rel=\"noopener noreferrer\"><strong>Reticul<\/strong><\/a><\/td>\n<td style=\"height: 24px; text-align: left; width: 30%;\">Reticul nou 4<\/td>\n<td style=\"height: 24px; text-align: left; width: 20%;\"><strong>Greutate<\/strong><\/td>\n<td style=\"height: 24px; text-align: left; width: 30%;\">783 g<\/td>\n<\/tr>\n<tr style=\"height: 24px;\">\n<td style=\"height: 24px; text-align: left; width: 20%;\"><strong>Punct de lumin\u0103<\/strong><\/td>\n<td style=\"height: 24px; text-align: left; width: 30%;\">Standard sau iFibre<\/td>\n<td style=\"height: 24px; text-align: left; width: 20%;\"><strong>Protec\u021bie anticearc\u0103n<\/strong><\/td>\n<td style=\"height: 24px; text-align: left; width: 30%;\">Umplere cu azot \u00eempotriva aburului<\/td>\n<\/tr>\n<tr style=\"height: 24px;\">\n<td style=\"height: 24px; text-align: left; width: 20%;\"><strong>Focalizare\/paralax\u0103<\/strong><\/td>\n<td style=\"height: 24px; text-align: left; width: 30%;\">Lentile reglabile de la 20 m la infinit<\/td>\n<td style=\"height: 24px; text-align: left; width: 20%;\"><strong>Str\u00e2nsoare<\/strong><\/td>\n<td style=\"height: 24px; text-align: left; width: 30%;\">Rezistent la ap\u0103 \u0219i la impact<\/td>\n<\/tr>\n<\/tbody>\n<\/table>\n<h2>Descoperi\u021bi luneta DDoptics V4 2.5-10\u00d756 NFX cu MRAD \u0219i noul reticul 4<\/h2>\n<div class=\"row\"  id=\"row-655576138\">\n\n\t<div id=\"col-120399974\" class=\"col medium-8 small-12 large-8\"  >\n\t\t\t\t<div class=\"col-inner\"  >\n\t\t\t\n\t\t\t\n<p>The <strong>luneta DDoptics V4 2.5-10\u00d756 NFX<\/strong> este alegerea perfect\u0103 pentru v\u00e2n\u0103torii \u0219i tr\u0103g\u0103torii sportivi care caut\u0103 precizie maxim\u0103 \u0219i versatilitate.<\/p>\n<p>Cu sistemul s\u0103u progresiv <strong>MRAD<\/strong>-sistem \u0219i noul <strong>Reticul 4<\/strong> acest lunet\u0103 ridic\u0103 clar \u0219tacheta \u00een categoria sa. \u00cen acest articol, ve\u021bi afla de ce <strong>DDoptics V4 2.5-10\u00d756 NFX<\/strong> v\u0103 va dep\u0103\u0219i a\u0219tept\u0103rile.<\/p>\n<h2>O capodoper\u0103 a opticii<\/h2>\n<p>Cu <strong>DDoptics V4 2.5-10\u00d756 NFX<\/strong> ob\u021bine\u021bi un lunet\u0103 care combin\u0103 tehnologia de ultim\u0103 genera\u021bie \u0219i designul sofisticat. Zoom-ul 4x \u0219i obiectivul de 56 mm asigur\u0103 o transmisie excelent\u0103 a luminii - ideal pentru utilizarea la amurg sau pe timp de noapte.<\/p>\n<blockquote><p>Fie c\u0103 este vorba de v\u00e2n\u0103toare sau tir sportiv, acest lunetist ofer\u0103 \u00eentotdeauna imagini clare \u0219i str\u0103lucitoare.<\/p><\/blockquote>\n<h3>Avantajele tehnice la o privire de ansamblu<\/h3>\n<ul>\n<li><strong>Precizia MRAD:<\/strong> Reglarea de 0,1 MRAD permite o reglare exact\u0103 de 1 cm pe clic la 100 m - ideal\u0103 pentru fotografierea precis\u0103 \u00een sistemul zecimal.<\/li>\n<li><strong>Reticul nou 4:<\/strong> Reticulul optimizat ofer\u0103 linii fine \u0219i spa\u021biere generoas\u0103 \u00eentre bare, men\u021bin\u00e2nd \u021binta clar vizibil\u0103 \u0219i cre\u00e2nd o imagine mai luminoas\u0103.<\/li>\n<li><strong>NFX unghi larg:<\/strong> Cu un c\u00e2mp vizual de 15 m la 100 m la o m\u0103rire de 2,5x, ocularul NFX permite o ochire rapid\u0103 \u0219i cea mai bun\u0103 vedere de ansamblu.<\/li>\n<li><strong>Compensare paralax\u0103:<\/strong> Reglabil\u0103 de la 20 m la infinit, compensarea paralaxei laterale asigur\u0103 imagini clare \u0219i minimizeaz\u0103 erorile de ochire.<\/li>\n<li><strong>Robust \u0219i rezistent la ap\u0103:<\/strong> Umplut cu azot, f\u0103r\u0103 cea\u021b\u0103 \u0219i absolut rezistent la ap\u0103 - acest lunetist poate rezista la orice vreme.<\/li>\n<\/ul>\n\t\t<\/div>\n\t\t\t\t\t<\/div>\n\n\t\n\n\t<div id=\"col-1635489995\" class=\"col medium-4 small-12 large-4\"  >\n\t\t\t\t<div class=\"col-inner\"  >\n\t\t\t\n\t\t\t\n<a class=\"button primary expand\" >\n\t\t<span>Caracteristici speciale lunet\u0103<\/span>\n\t<\/a>\n\n\n\t<section class=\"section\" id=\"section_1403553447\">\n\t\t<div class=\"section-bg fill\" >\n\t\t\t\t\t\t\t\t\t<div class=\"section-bg-overlay absolute fill\"><\/div>\n\t\t\t\n\n\t\t<\/div>\n\n\t\t\n\n\t\t<div class=\"section-content relative\">\n\t\t\t\n\t<div class=\"img has-hover x md-x lg-x y md-y lg-y\" id=\"image_428106034\">\n\t\t<a class=\"\" href=\"https:\/\/www.ddoptics.de\/garantiebestimmungen\" target=\"_blank\" rel=\"no follow noopener\">\t\t\t\t\t\t<div class=\"img-inner dark\" >\n\t\t\t<img decoding=\"async\" width=\"352\" height=\"160\" src=\"https:\/\/ddoptics.shop\/wp-content\/uploads\/2014\/09\/DDoptics-Garantie.jpg\" class=\"attachment-large size-large\" alt=\"Garan\u021bia DDoptics\" srcset=\"https:\/\/ddoptics.shop\/wp-content\/uploads\/2014\/09\/DDoptics-Garantie.jpg 352w, https:\/\/ddoptics.shop\/wp-content\/uploads\/2014\/09\/DDoptics-Garantie-304x138.jpg 304w, https:\/\/ddoptics.shop\/wp-content\/uploads\/2014\/09\/DDoptics-Garantie-305x139.jpg 305w, https:\/\/ddoptics.shop\/wp-content\/uploads\/2014\/09\/DDoptics-Garantie-250x114.jpg 250w\" sizes=\"(max-width: 352px) 100vw, 352px\" title=\"\">\t\t\t\t\t\t\n\t\t\t\t\t<\/div>\n\t\t\t\t\t\t<\/a>\t\t\n<style>\n#image_428106034 {\n  width: 100%;\n}\n<\/style>\n\t<\/div>\n\t\n\t<div id=\"gap-1096845490\" class=\"gap-element clearfix\" style=\"display:block; height:auto;\">\n\t\t\n<style>\n#gap-1096845490 {\n  padding-top: 15px;\n}\n<\/style>\n\t<\/div>\n\t\n\t<div id=\"text-4092980321\" class=\"text\">\n\t\t\n<p><span style=\"font-size: 80%;\">\u21d2 bazat pe Gen 3 - versiunea cu efecte speciale<\/span><br \/>\n<span style=\"font-size: 80%;\">\u21d2 FX = Mai mult c\u00e2mp vizual \u0219i o mai bun\u0103 \u00een\u021belegere<\/span><br \/>\n<span style=\"font-size: 80%;\">\u21d2 C\u00e2mpul vizual 15 m - 3,7 m<\/span><br \/>\n<span style=\"font-size: 80%;\">\u21d2 mai pu\u021bin\u0103 zon\u0103 de margine \u00een vedere<\/span><br \/>\n<span style=\"font-size: 80%;\">\u21d2 Reglarea reticulului Turele metalice (f\u0103r\u0103 plastic)<\/span><br \/>\n<span style=\"font-size: 80%;\">\u21d2 Sticl\u0103 CT (transmisie clar\u0103) (dispersie redus\u0103)<\/span><br \/>\n<span style=\"font-size: 80%;\">\u21d2 scalare dubl\u0103 (\u00eentoarcere dubl\u0103)<\/span><br \/>\n<span style=\"font-size: 80%;\">\u21d2 Zerostop pentru ASV (oprire la zero)<br \/>\n<\/span><span style=\"font-size: 80%;\">\u21d2 declan\u0219ator tactic dur 0,1 MRAD cu clic (1cm\/clic)<\/span><br \/>\n<span style=\"font-size: 80%;\">\u21d2 Curs\u0103 de reglare 184 clicuri = 1,8 m p\u00e2n\u0103 la 100 m<\/span><br \/>\n<span style=\"font-size: 80%;\">\u21d2 Design nou al inelului de reglare a m\u0103ririi<\/span><br \/>\n<span style=\"font-size: 80%;\">\u21d2 Noul reticul 4 cu bare semnificativ mai fine<\/span><br \/>\n<span style=\"font-size: 80%;\">\u21d2 Accesorii: Flipcaps, c\u00e2rp\u0103 de cur\u0103\u021bare, cip DDoptics, \u021binte, instruc\u021biuni de ochire optic\u0103, set balistic<\/span><br \/>\n\t\t\n<style>\n#text-4092980321 {\n  line-height: 1.15;\n  color: rgb(33, 107, 227);\n}\n#text-4092980321 > * {\n  color: rgb(33, 107, 227);\n}\n<\/style>\n\t<\/div>\n\t\n\t\t<\/div>\n\n\t\t\n<style>\n#section_1403553447 {\n  padding-top: 30px;\n  padding-bottom: 30px;\n  background-color: rgb(232, 232, 232);\n}\n#section_1403553447 .section-bg-overlay {\n  background-color: rgba(255,255,255,.5);\n}\n<\/style>\n\t<\/section>\n\t\n\t\t<\/div>\n\t\t\t\t\t<\/div>\n\n\t\n<\/div>\n<h3>Nou dezvoltat <a href=\"https:\/\/de.wikipedia.org\/wiki\/Absehen\" target=\"_blank\" rel=\"noopener sponsored\" data-schema-attribute=\"\">Reticul<\/a> A4N pe al doilea plan al imaginii<\/h3>\n<p>The <strong>nou dezvoltat \u201cNew Reticle 4\u201d<\/strong> de la DDoptics face <strong>mai mult spa\u021biu pentru un r\u0103spuns curat.<br \/>\n<\/strong><\/p>\n<figure id=\"attachment_1951\" aria-describedby=\"caption-attachment-1951\" style=\"width: 250px\" class=\"wp-caption alignright\"><a href=\"https:\/\/ddoptics.shop\/wp-content\/uploads\/2016\/04\/Neues-DDoptics-Absehen.jpg\" rel=\"attachment wp-att-1951\"><img decoding=\"async\" class=\"wp-image-1951\" src=\"https:\/\/ddoptics.shop\/wp-content\/uploads\/2016\/04\/Neues-DDoptics-Absehen-340x340.jpg\" alt=\"Noul reticul DDoptics 4\" width=\"250\" height=\"199\" title=\"\" srcset=\"https:\/\/ddoptics.shop\/wp-content\/uploads\/2016\/04\/Neues-DDoptics-Absehen-304x242.jpg 304w, https:\/\/ddoptics.shop\/wp-content\/uploads\/2016\/04\/Neues-DDoptics-Absehen-305x243.jpg 305w, https:\/\/ddoptics.shop\/wp-content\/uploads\/2016\/04\/Neues-DDoptics-Absehen-632x503.jpg 632w, https:\/\/ddoptics.shop\/wp-content\/uploads\/2016\/04\/Neues-DDoptics-Absehen.jpg 800w, https:\/\/ddoptics.shop\/wp-content\/uploads\/2016\/04\/Neues-DDoptics-Absehen-250x199.jpg 250w, https:\/\/ddoptics.shop\/wp-content\/uploads\/2016\/04\/Neues-DDoptics-Absehen-510x406.jpg 510w\" sizes=\"(max-width: 250px) 100vw, 250px\" \/><\/a><figcaption id=\"caption-attachment-1951\" class=\"wp-caption-text\">DDoptics Reticul nou 4<\/figcaption><\/figure>\n<p>Pentru a v\u0103 oferi <strong>Avantaj decisiv prin \u201cmai mult\u0103 viziune\u201d<\/strong> DDoptics a redus barele groase la jum\u0103tate din grosimea normal\u0103 a reticulului 4 \u0219i a dublat distan\u021ba (centrul) dintre barele groase.<\/p>\n<p><strong>\u00centreaga imagine arat\u0103 <\/strong>cu noul<strong> Reticul nou Reticul 4 mai luminos, mai mare \u0219i mai clar.<\/strong> Cu toate acestea, pute\u021bi vedea bine reticulul pe timp de noapte.<\/p>\n<p>Noul reticul 4 este situat \u00een <strong>Planul imaginii ocularului (al doilea plan al imaginii)<\/strong> \u0219i astfel r\u0103m\u00e2ne cu <strong>Schimbarea m\u0103ririi are \u00eentotdeauna aceea\u0219i dimensiune.<\/strong><\/p>\n<p>The <strong>luneta DDoptics are o ajustare MRAD de 0,1<\/strong>, i.e. <strong>pe clic<\/strong> a <strong>Reticul de 0,1 MRAD, adic\u0103 de 1 centimetru la 100 de metri<\/strong>.<\/p>\n<p>Pentru utilizatorul din Europa, aceasta \u00eenseamn\u0103 utilizarea simpl\u0103 \u00een sistemul zecimal. Reglarea prin clic func\u021bioneaz\u0103 cu o precizie absolut\u0103 a repet\u0103rii \u0219i poate fi pur \u0219i simplu resetat\u0103 la zero la c\u00e2ntar dup\u0103 introducere.<\/p>\n<p>Interval total de reglare a reticulului:<\/p>\n<ul>\n<li>21,0 MRAD<\/li>\n<li>Curs\u0103 de reglare \/ clic pe 100 m: 1 cm<\/li>\n<li>Interval de reglare \/ clic la 200 m: 2 cm<\/li>\n<li>Interval de reglare \/ clic la 300 m: 3 cm<\/li>\n<li>Curs\u0103 de reglare \/ clic la 600 m: 6 cm<\/li>\n<\/ul>\n\t<div class=\"img has-hover x md-x lg-x y md-y lg-y\" id=\"image_906824567\">\n\t\t\t\t\t\t\t\t<div class=\"img-inner dark\" >\n\t\t\t<img decoding=\"async\" width=\"800\" height=\"537\" src=\"https:\/\/ddoptics.shop\/wp-content\/uploads\/2019\/10\/technische-Zeichnung-DDoptics-2_5-15x56.jpg\" class=\"attachment-large size-large\" alt=\"Desen DDoptics V4 2.5-10x56 NFX\" srcset=\"https:\/\/ddoptics.shop\/wp-content\/uploads\/2019\/10\/technische-Zeichnung-DDoptics-2_5-15x56.jpg 800w, https:\/\/ddoptics.shop\/wp-content\/uploads\/2019\/10\/technische-Zeichnung-DDoptics-2_5-15x56-304x204.jpg 304w, https:\/\/ddoptics.shop\/wp-content\/uploads\/2019\/10\/technische-Zeichnung-DDoptics-2_5-15x56-305x205.jpg 305w, https:\/\/ddoptics.shop\/wp-content\/uploads\/2019\/10\/technische-Zeichnung-DDoptics-2_5-15x56-632x424.jpg 632w, https:\/\/ddoptics.shop\/wp-content\/uploads\/2019\/10\/technische-Zeichnung-DDoptics-2_5-15x56-510x342.jpg 510w, https:\/\/ddoptics.shop\/wp-content\/uploads\/2019\/10\/technische-Zeichnung-DDoptics-2_5-15x56-250x168.jpg 250w\" sizes=\"(max-width: 800px) 100vw, 800px\" title=\"\">\t\t\t\t\t\t\n\t\t\t\t\t<\/div>\n\t\t\t\t\t\t\t\t\n<style>\n#image_906824567 {\n  width: 100%;\n}\n<\/style>\n\t<\/div>\n\t\n<h2>Perfect pentru v\u00e2n\u0103toare \u0219i tir sportiv<\/h2>\n<p>The <strong>luneta DDoptics V4 2.5-10\u00d756 NFX<\/strong> nu impresioneaz\u0103 doar prin aspectul s\u0103u, ci \u0219i prin robuste\u021bea sa. Manopera de \u00eenalt\u0103 calitate \u0219i turelele metalice durabile garanteaz\u0103 performan\u021be fiabile, chiar \u0219i \u00een condi\u021bii solicitante. Fie la v\u00e2n\u0103toare sau la poligon - acest lunetist este un companion de \u00eencredere.<\/p>\n<h3>De ce merit\u0103 DDoptics V4 2.5-10\u00d756 NFX<\/h3>\n<ul>\n<li><strong>Performan\u021b\u0103 crepuscular\u0103 de top:<\/strong> Combina\u021bia dintre un obiectiv mare \u0219i un strat de acoperire de \u00eenalt\u0103 calitate asigur\u0103 o vedere clar\u0103, chiar \u0219i \u00een condi\u021bii de lumin\u0103 slab\u0103.<\/li>\n<li><strong>Cea mai mare precizie:<\/strong> Datorit\u0103 MRAD \u0219i reticulului 4, v\u0103 pute\u021bi atinge \u021binta cu o precizie de v\u00e2rf.<\/li>\n<li><strong>Versatil \u00een utilizare:<\/strong> Ideal pentru v\u00e2n\u0103toare, urm\u0103rire sau tir sportiv datorit\u0103 zoom-ului flexibil \u0219i a c\u00e2mpului vizual mare.<\/li>\n<li><strong>U\u0219or de utilizat:<\/strong> Func\u021bionarea intuitiv\u0103 \u0219i caracteristicile convenabile, cum ar fi compensarea paralaxei, fac ca utilizarea acestuia s\u0103 fie o pl\u0103cere.<\/li>\n<\/ul>\n<h2>Concluzia noastr\u0103: precizia \u00eent\u00e2lne\u0219te calitatea<\/h2>\n<p>The <strong>luneta DDoptics V4 2.5-10\u00d756 NFX<\/strong> cu <strong>MRAD<\/strong> \u0219i <strong>Reticul 4<\/strong> este o necesitate pentru to\u021bi cei care apreciaz\u0103 calitatea \u0219i performan\u021ba. Acesta combin\u0103 tehnologia inovatoare cu manevrarea practic\u0103 \u0219i ofer\u0103 o optic\u0103 imbatabil\u0103 pentru v\u00e2n\u0103toare \u0219i sport. L\u0103sa\u021bi acest lunetist s\u0103 v\u0103 conving\u0103 \u0219i experimenta\u021bi precizia la un nou nivel.<\/p>","protected":false},"excerpt":{"rendered":"<p><img decoding=\"async\" class=\"alignnone wp-image-10168 size-full\" title=\"V\u00e2n\u0103toare de mistre\u021bi\" src=\"https:\/\/ddoptics.shop\/wp-content\/uploads\/2016\/09\/Jagd-klein.jpg\" alt=\"Binoclu de v\u00e2n\u0103toare\" width=\"50\" height=\"50\" \/><img decoding=\"async\" class=\"alignnone wp-image-10166 size-full\" title=\"V\u00e2n\u0103toare de noapte\" src=\"https:\/\/ddoptics.shop\/wp-content\/uploads\/2016\/09\/Astronomie-klein.jpg\" alt=\"Binoclu astronomic\" width=\"50\" height=\"50\" \/><a href=\"https:\/\/ddoptics.shop\/wp-content\/uploads\/2016\/04\/Ansitz-Jagd.jpg\"><img decoding=\"async\" class=\"alignnone wp-image-10471 size-full\" title=\"Stand de v\u00e2n\u0103toare\" src=\"https:\/\/ddoptics.shop\/wp-content\/uploads\/2016\/04\/Ansitz-Jagd.jpg\" alt=\"Stand de v\u00e2n\u0103toare\" width=\"50\" height=\"50\" \/><\/a><br \/>\nIntensitatea luminoas\u0103 <strong>Versiune special\u0103 NFX<\/strong> cu c\u00e2mp vizual cu unghi larg. ZF 2.5-10\u00d756 NFX combin\u0103 luminozitatea anterioar\u0103 a lunetelor Gen 3 cu noile caracteristici ale ocularului NFX. Bucura\u021bi-v\u0103 de f\u0103r\u0103 precedent<strong> Caracteristici de performan\u021b\u0103<\/strong> a NFX.<\/p>\n<p><strong>Op\u021bional, cu sistem inteligent <a title=\"NOU DDoptics IFiber punct luminat\" href=\"\/ro\/termen-tehnic-wiki\/inteligent-ddoptics-ifiber-light-point\/\" target=\"_blank\" rel=\"noopener noreferrer\">Punct de lumin\u0103 IFibre<\/a> pentru doar 99,- \u20ac tax\u0103 suplimentar\u0103.<\/strong><\/p>\n<a href=\"https:\/\/amzn.to\/3AJ8qF5\" target=\"_blank\" class=\"button success is-success is-small\" rel=\"\u201dnofollow\u201d noopener\" >\n\t\t<span>client amazon? - folosi\u021bi beneficiile prime?<\/span>\n\t<\/a>","protected":false},"featured_media":18838,"comment_status":"open","ping_status":"closed","template":"","meta":{"inline_featured_image":false,"footnotes":""},"product_brand":[],"product_cat":[477,454,949,638,697,917,918,637,68],"product_tag":[165,78,696,935,79],"class_list":{"0":"post-18833","1":"product","2":"type-product","3":"status-publish","4":"has-post-thumbnail","6":"product_cat-25-10x56","7":"product_cat-56-mm-objektivdurchmesser","8":"product_cat-messeaktion","9":"product_cat-ansitzjagd","10":"product_cat-mrad-klickverstellung","11":"product_cat-nfx-zielfernrohre-weitwinkel-zf","12":"product_cat-v4-4fach-zoom","13":"product_cat-zf-anwendung","14":"product_cat-zielfernrohr","15":"product_tag-2-5-10x56","16":"product_tag-ddoptics","17":"product_tag-mrad","18":"product_tag-nfx-ddoptics","19":"product_tag-zielfernrohr","20":"product_shipping_class-paket","21":"pa_brand-marke-ddoptics","22":"pa_produkt-typ-zielfernrohr","24":"first","25":"instock","26":"sale","27":"taxable","28":"shipping-taxable","29":"purchasable","30":"product-type-bundle"},"bundled_by":[],"bundle_stock_status":"instock","bundle_stock_quantity":47,"bundle_virtual":false,"bundle_layout":"default","bundle_add_to_cart_form_location":"default","bundle_editable_in_cart":false,"bundle_sold_individually_context":"product","bundle_item_grouping":"parent","bundle_min_size":"","bundle_max_size":"","bundle_price":{"price":{"min":{"incl_tax":"849.01","excl_tax":"707.51"},"max":{"incl_tax":"953.32","excl_tax":"794.43"}},"regular_price":{"min":{"incl_tax":"1145.01","excl_tax":"954.18"},"max":{"incl_tax":"1260.9","excl_tax":"1050.75"}}},"bundled_items":[{"bundled_item_id":81,"product_id":12809,"menu_order":0,"quantity_min":1,"quantity_max":1,"quantity_default":1,"priced_individually":true,"shipped_individually":false,"override_title":true,"title":"","override_description":false,"description":"","optional":false,"hide_thumbnail":true,"discount":"","override_variations":true,"allowed_variations":[12810,12811],"override_default_variation_attributes":false,"default_variation_attributes":[],"single_product_visibility":"visible","cart_visibility":"visible","order_visibility":"visible","single_product_price_visibility":"visible","cart_price_visibility":"visible","order_price_visibility":"visible","stock_status":"in_stock"},{"bundled_item_id":82,"product_id":12812,"menu_order":1,"quantity_min":1,"quantity_max":1,"quantity_default":1,"priced_individually":true,"shipped_individually":false,"override_title":true,"title":"Aproape un cadou - capace flip","override_description":false,"description":"","optional":true,"hide_thumbnail":false,"discount":"68.55","override_variations":true,"allowed_variations":[12816],"override_default_variation_attributes":true,"default_variation_attributes":[{"id":17,"name":"Dimensiunea lunetei","option":"25-10x56"}],"single_product_visibility":"visible","cart_visibility":"visible","order_visibility":"visible","single_product_price_visibility":"visible","cart_price_visibility":"visible","order_price_visibility":"visible","stock_status":"in_stock"}],"bundle_sell_ids":[],"_links":{"self":[{"href":"https:\/\/ddoptics.shop\/ro\/wp-json\/wp\/v2\/product\/18833","targetHints":{"allow":["GET"]}}],"collection":[{"href":"https:\/\/ddoptics.shop\/ro\/wp-json\/wp\/v2\/product"}],"about":[{"href":"https:\/\/ddoptics.shop\/ro\/wp-json\/wp\/v2\/types\/product"}],"replies":[{"embeddable":true,"href":"https:\/\/ddoptics.shop\/ro\/wp-json\/wp\/v2\/comments?post=18833"}],"version-history":[{"count":23,"href":"https:\/\/ddoptics.shop\/ro\/wp-json\/wp\/v2\/product\/18833\/revisions"}],"predecessor-version":[{"id":28258,"href":"https:\/\/ddoptics.shop\/ro\/wp-json\/wp\/v2\/product\/18833\/revisions\/28258"}],"wp:featuredmedia":[{"embeddable":true,"href":"https:\/\/ddoptics.shop\/ro\/wp-json\/wp\/v2\/media\/18838"}],"wp:attachment":[{"href":"https:\/\/ddoptics.shop\/ro\/wp-json\/wp\/v2\/media?parent=18833"}],"wp:term":[{"taxonomy":"product_brand","embeddable":true,"href":"https:\/\/ddoptics.shop\/ro\/wp-json\/wp\/v2\/product_brand?post=18833"},{"taxonomy":"product_cat","embeddable":true,"href":"https:\/\/ddoptics.shop\/ro\/wp-json\/wp\/v2\/product_cat?post=18833"},{"taxonomy":"product_tag","embeddable":true,"href":"https:\/\/ddoptics.shop\/ro\/wp-json\/wp\/v2\/product_tag?post=18833"}],"curies":[{"name":"wp","href":"https:\/\/api.w.org\/{rel}","templated":true}]}}