{"id":1958,"date":"2016-04-16T14:08:48","date_gmt":"2016-04-16T12:08:48","guid":{"rendered":"https:\/\/beta.optik-sport-shop.at\/kaufen\/ddoptics-fernglas-ultralight-10x34\/"},"modified":"2025-10-06T14:02:00","modified_gmt":"2025-10-06T12:02:00","slug":"ddoptics-binoclu-ultralight-10x34","status":"publish","type":"product","link":"https:\/\/ddoptics.shop\/ro\/kaufen\/ddoptics-fernglas-ultralight-10x34\/","title":{"rendered":"Binoclu DDoptics Ultralight 10\u00d734"},"content":{"rendered":"<div class=\"row\"  id=\"row-1570416412\">\n\n\t<div id=\"col-596750836\" class=\"col medium-8 small-12 large-8\"  >\n\t\t\t\t<div class=\"col-inner\"  >\n\t\t\t\n\t\t\t\n<h2>Binoclu DDoptics Ultralight 10\u00d734<\/h2>\n<p>Binoclul universal de c\u0103l\u0103torie \u0219i urm\u0103rire de la DDoptics. A <strong>Binoclu compact 10x <\/strong>cu <strong>performan\u021b\u0103 impresionant\u0103 a imaginii<\/strong> la o <strong>pre\u021b mai mult dec\u00e2t uimitor<\/strong>. Cu acest <strong>binoclu foarte u\u0219or \u0219i compact<\/strong> DDoptics \u00ee\u0219i completeaz\u0103 gama din categoria \u201cbinocluri pentru TO\u021aI\u201c cu seria Ultralight.<\/p>\n<p>The\u00a0<strong>DDoptics Binoclu ultralight cu m\u0103rire 10x<\/strong> v\u0103 ofer\u0103 un aspect u\u0219or \u0219i etan\u0219, precum \u0219i un mecanism de lucru curat pentru 149 \u20ac.<\/p>\n<p>U\u0219or, mic, la \u00eendem\u00e2n\u0103, <strong>Rezistent la ap\u0103 \u0219i puternic<\/strong> ar trebui s\u0103 fie binoclul universal pentru drume\u021bii. \u00cen plus, aceste binocluri mici sunt pur \u0219i simplu frumoase. Podul s\u0103u deschis invit\u0103 m\u00e2na s\u0103 se \u00eenf\u0103\u0219oare str\u00e2ns \u00een jurul tubului binocular, oferind aderen\u021b\u0103 \u0219i confort.<\/p>\n<p>The <strong>Acoperirea lentilelor optice<\/strong> asigur\u0103 o imagine luminoas\u0103 \u0219i pl\u0103cut\u0103, iar dac\u0103 nu ave\u021bi nevoie de binoclu pe moment, acesta poate fi depozitat rapid \u00een buzunarul jachetei. Greutatea redus\u0103 de pu\u021bin sub <strong>400g de binoclu Ultralight<\/strong> nu intervine \u00een niciun moment.<\/p>\n<h3>Ideal pentru vacan\u021be \u00een aer liber<\/h3>\n<p>Fie \u00een <strong>Mun\u021bi sau pe plaj\u0103<\/strong>, Fie c\u0103 sunt 15 grade sub zero grade sau 45 de grade \u00een de\u0219ert, binoclul Ultralight umplut cu azot poate face fa\u021b\u0103 la orice - \u0219i \u00eenc\u0103 produce o imagine bun\u0103. Chiar \u0219i \u00een amurg, acestea v\u0103 ajut\u0103 s\u0103 vede\u021bi <strong>s\u0103 recunoa\u0219te\u021bi calea cea bun\u0103<\/strong> sau v\u0103 arat\u0103 unde este ascuns\u0103 una sau alta dintre micile surprize.<\/p>\n\t\t<\/div>\n\t\t\t\t\n<style>\n#col-596750836 > .col-inner {\n  margin: 0px 0px -30px 0px;\n}\n<\/style>\n\t<\/div>\n\n\t\n\n\t<div id=\"col-2099447055\" class=\"col medium-4 small-12 large-4\"  >\n\t\t\t\t<div class=\"col-inner\"  >\n\t\t\t\n\t\t\t\n\t<div class=\"img has-hover x md-x lg-x y md-y lg-y\" id=\"image_272163981\">\n\t\t\t\t\t\t\t\t<div class=\"img-inner dark\" >\n\t\t\t\t\t\t\t\t\t\n\t\t\t\t\t<\/div>\n\t\t\t\t\t\t\t\t\n<style>\n#image_272163981 {\n  width: 100%;\n}\n<\/style>\n\t<\/div>\n\t\n\t<div class=\"img has-hover x md-x lg-x y md-y lg-y\" id=\"image_975353236\">\n\t\t<a class=\"\" href=\"https:\/\/www.shop.ddoptics.de\/garantiebestimmungen\" target=\"_blank\" rel=\"noopener\">\t\t\t\t\t\t<div class=\"img-inner dark\" >\n\t\t\t<img decoding=\"async\" width=\"352\" height=\"160\" src=\"https:\/\/ddoptics.shop\/wp-content\/uploads\/2014\/09\/DDoptics-Garantie.jpg\" class=\"attachment-large size-large\" alt=\"Garan\u021bia DDoptics\" srcset=\"https:\/\/ddoptics.shop\/wp-content\/uploads\/2014\/09\/DDoptics-Garantie.jpg 352w, https:\/\/ddoptics.shop\/wp-content\/uploads\/2014\/09\/DDoptics-Garantie-304x138.jpg 304w, https:\/\/ddoptics.shop\/wp-content\/uploads\/2014\/09\/DDoptics-Garantie-305x139.jpg 305w, https:\/\/ddoptics.shop\/wp-content\/uploads\/2014\/09\/DDoptics-Garantie-250x114.jpg 250w\" sizes=\"(max-width: 352px) 100vw, 352px\" title=\"\">\t\t\t\t\t\t\n\t\t\t\t\t<\/div>\n\t\t\t\t\t\t<\/a>\t\t\n<style>\n#image_975353236 {\n  width: 100%;\n}\n<\/style>\n\t<\/div>\n\t\n<h3>Date despre binocluri DDoptics<\/h3>\n\n\t\t<div class=\"icon-box featured-box icon-box-left text-left\"  >\n\t\t\t\t\t<div class=\"icon-box-img\" style=\"width: 32px\">\n\t\t\t\t<div class=\"icon\">\n\t\t\t\t\t<div class=\"icon-inner\" >\n\t\t\t\t\t\t<img decoding=\"async\" width=\"100\" height=\"83\" src=\"https:\/\/ddoptics.shop\/wp-content\/uploads\/2021\/05\/DDoptics-SHG-Icon.jpg\" class=\"attachment-medium size-medium\" alt=\"DDoptics SHG Binoclu Icon\" title=\"\">\t\t\t\t\t<\/div>\n\t\t\t\t<\/div>\n\t\t\t<\/div>\n\t\t\t\t<div class=\"icon-box-text last-reset\">\n\t\t\t\t\t\t\t\t\t\n<p>Cea mai mic\u0103 greutate<\/p>\n\t\t<\/div>\n\t<\/div>\n\t\n\t\n\n\t\t<div class=\"icon-box featured-box icon-box-left text-left\"  >\n\t\t\t\t\t<div class=\"icon-box-img\" style=\"width: 32px\">\n\t\t\t\t<div class=\"icon\">\n\t\t\t\t\t<div class=\"icon-inner\" >\n\t\t\t\t\t\t<img decoding=\"async\" width=\"100\" height=\"83\" src=\"https:\/\/ddoptics.shop\/wp-content\/uploads\/2021\/05\/DDoptics-SHG-Icon.jpg\" class=\"attachment-medium size-medium\" alt=\"DDoptics SHG Binoclu Icon\" title=\"\">\t\t\t\t\t<\/div>\n\t\t\t\t<\/div>\n\t\t\t<\/div>\n\t\t\t\t<div class=\"icon-box-text last-reset\">\n\t\t\t\t\t\t\t\t\t\n<p>\u2705 Pod deschis<\/p>\n\t\t<\/div>\n\t<\/div>\n\t\n\t\n\n\t\t<div class=\"icon-box featured-box icon-box-left text-left\"  >\n\t\t\t\t\t<div class=\"icon-box-img\" style=\"width: 32px\">\n\t\t\t\t<div class=\"icon\">\n\t\t\t\t\t<div class=\"icon-inner\" >\n\t\t\t\t\t\t<img decoding=\"async\" width=\"100\" height=\"83\" src=\"https:\/\/ddoptics.shop\/wp-content\/uploads\/2021\/05\/DDoptics-SHG-Icon.jpg\" class=\"attachment-medium size-medium\" alt=\"DDoptics SHG Binoclu Icon\" title=\"\">\t\t\t\t\t<\/div>\n\t\t\t\t<\/div>\n\t\t\t<\/div>\n\t\t\t\t<div class=\"icon-box-text last-reset\">\n\t\t\t\t\t\t\t\t\t\n<p>\u2705 Mecanism de reglare fin\u0103<\/p>\n\t\t<\/div>\n\t<\/div>\n\t\n\t\n\n\t\t<div class=\"icon-box featured-box icon-box-left text-left\"  >\n\t\t\t\t\t<div class=\"icon-box-img\" style=\"width: 32px\">\n\t\t\t\t<div class=\"icon\">\n\t\t\t\t\t<div class=\"icon-inner\" >\n\t\t\t\t\t\t<img decoding=\"async\" width=\"100\" height=\"83\" src=\"https:\/\/ddoptics.shop\/wp-content\/uploads\/2021\/05\/DDoptics-SHG-Icon.jpg\" class=\"attachment-medium size-medium\" alt=\"DDoptics SHG Binoclu Icon\" title=\"\">\t\t\t\t\t<\/div>\n\t\t\t\t<\/div>\n\t\t\t<\/div>\n\t\t\t\t<div class=\"icon-box-text last-reset\">\n\t\t\t\t\t\t\t\t\t\n<p>\u2705 Cupe de ochi metalice<\/p>\n\t\t<\/div>\n\t<\/div>\n\t\n\t\n\n\t\t<div class=\"icon-box featured-box icon-box-left text-left\"  >\n\t\t\t\t\t<div class=\"icon-box-img\" style=\"width: 32px\">\n\t\t\t\t<div class=\"icon\">\n\t\t\t\t\t<div class=\"icon-inner\" >\n\t\t\t\t\t\t<img decoding=\"async\" width=\"100\" height=\"83\" src=\"https:\/\/ddoptics.shop\/wp-content\/uploads\/2021\/05\/DDoptics-SHG-Icon.jpg\" class=\"attachment-medium size-medium\" alt=\"DDoptics SHG Binoclu Icon\" title=\"\">\t\t\t\t\t<\/div>\n\t\t\t\t<\/div>\n\t\t\t<\/div>\n\t\t\t\t<div class=\"icon-box-text last-reset\">\n\t\t\t\t\t\t\t\t\t\n<p>Prisme Schmidt-Pechan + rezolu\u021bie bun\u0103<\/p>\n\t\t<\/div>\n\t<\/div>\n\t\n\t\n\n\t\t<div class=\"icon-box featured-box icon-box-left text-left\"  >\n\t\t\t\t\t<div class=\"icon-box-img\" style=\"width: 32px\">\n\t\t\t\t<div class=\"icon\">\n\t\t\t\t\t<div class=\"icon-inner\" >\n\t\t\t\t\t\t<img decoding=\"async\" width=\"100\" height=\"83\" src=\"https:\/\/ddoptics.shop\/wp-content\/uploads\/2021\/05\/DDoptics-SHG-Icon.jpg\" class=\"attachment-medium size-medium\" alt=\"DDoptics SHG Binoclu Icon\" title=\"\">\t\t\t\t\t<\/div>\n\t\t\t\t<\/div>\n\t\t\t<\/div>\n\t\t\t\t<div class=\"icon-box-text last-reset\">\n\t\t\t\t\t\t\t\t\t\n<p>\u2705 Wasserdichtigkeit und Nitrogenf\u00fcllung<\/p>\n\t\t<\/div>\n\t<\/div>\n\t\n\t\n<div class=\"is-divider divider clearfix\" ><\/div>\n\t\t<\/div>\n\t\t\t\t\t<\/div>\n\n\t\n<\/div>\n<h3>Raport calitate-pre\u021b excep\u021bional pentru un binoclu 10\u00d734<\/h3>\n<p>Cu<strong> Binoclu DDoptics Ultralight 10\u00d734<\/strong> DDoptics ofer\u0103 o optic\u0103 care poate face de fapt tot ceea ce ar trebui s\u0103 v\u0103 a\u0219tepta\u021bi de la o astfel de greutate redus\u0103. O <strong>podul deschis nu este o problem\u0103 cu binoclul<\/strong> Aceast\u0103 gam\u0103 de pre\u021buri a fost, de asemenea, rar sau deloc g\u0103sit\u0103 p\u00e2n\u0103 \u00een prezent.<\/p>\n<h3>Design robust pentru utilizare \u00een exterior<\/h3>\n<p>The<strong> Carcasa binoclului este fabricat\u0103 din policarbonat ultrarezistent \u0219i incasabil<\/strong> create. Aliajele metalice sunt utilizate \u00een toate punctele critice, cum ar fi ochelarii sau \u201ccurba\u201d.<\/p>\n<h3>Mecanic\u0103 binocular\u0103 fin\u0103<\/h3>\n<p>The <strong>Roata de focalizare func\u021bioneaz\u0103 liber \u0219i f\u0103r\u0103 joc.<\/strong> Nici prea tare \u0219i nici prea moale. Cu reglarea fin\u0103, datorit\u0103 <strong>mecanica fin\u0103, focalizarea<\/strong> cu u\u0219urin\u021b\u0103 \u0219i f\u0103r\u0103 gre\u0219eal\u0103 la \u201cpunctul focal\u201d.<\/p>\n<p>The <strong>Diopter,<\/strong> care poate fi utilizat sub ocularul drept, poate fi <strong>Curat \u0219i precis<\/strong> regla\u021bi. Ochelarii ofer\u0103 patru \u201cniveluri de gril\u0103\u201d clare, permi\u021b\u00e2nd at\u00e2t <strong>Purt\u0103tori de ochelari \u0219i \u201cnepurt\u0103tori de ochelari\u201c<\/strong> a <strong>cea mai bun\u0103 distan\u021b\u0103 interpupilar\u0103 posibil\u0103 \u0219i cea mai confortabil\u0103<\/strong> poate seta.<\/p>\n<p>The <strong>Acoperirea lentilelor optice<\/strong> asigur\u0103 o imagine luminoas\u0103 \u0219i pl\u0103cut\u0103, iar dac\u0103 nu ave\u021bi nevoie de binoclu pe moment, acesta poate fi depozitat rapid \u00een buzunarul jachetei. Greutatea redus\u0103 de pu\u021bin sub <strong>400g de binoclu Ultralight<\/strong> nu intervine \u00een niciun moment.<\/p>\n<h3>Ideal pentru vacan\u021be \u00een aer liber<\/h3>\n<p>Fie \u00een <strong>Mun\u021bi sau pe plaj\u0103<\/strong>, Fie c\u0103 sunt 15 grade sub zero grade sau 45 de grade \u00een de\u0219ert, binoclul Ultralight umplut cu azot poate face fa\u021b\u0103 la orice - \u0219i \u00eenc\u0103 produce o imagine bun\u0103. Chiar \u0219i \u00een amurg, acestea v\u0103 ajut\u0103 s\u0103 vede\u021bi <strong>s\u0103 recunoa\u0219te\u021bi calea cea bun\u0103<\/strong> sau v\u0103 arat\u0103 unde este ascuns\u0103 una sau alta dintre micile surprize.<\/p>","protected":false},"excerpt":{"rendered":"<p><img decoding=\"async\" class=\"alignnone wp-image-10180 size-full\" title=\"Drume\u021bii \u0219i trekking\" src=\"https:\/\/ddoptics.shop\/wp-content\/uploads\/2016\/04\/Bergwandern-klein.jpg\" alt=\"Binoclu pentru drume\u021bii montane\" width=\"50\" height=\"50\" \/><img decoding=\"async\" class=\"alignnone wp-image-10178 size-full\" title=\"Observa\u021bii \u00een natur\u0103\" src=\"https:\/\/ddoptics.shop\/wp-content\/uploads\/2016\/04\/Gebirgsjagd-klein.jpg\" alt=\"Binoclu de v\u00e2n\u0103toare de munte\" width=\"50\" height=\"50\" \/><br \/>\nOpinia noastr\u0103: The<strong> Binoclu DDoptics Revolu\u021bie - <\/strong>una<strong> Binocluri pentru TOAT\u0102 lumea la un pre\u021b de necrezut.<\/strong><\/p>","protected":false},"featured_media":1961,"comment_status":"open","ping_status":"closed","template":"","meta":{"inline_featured_image":false,"footnotes":""},"product_brand":[],"product_cat":[351,361,329,344,346],"product_tag":[153,160,78,954],"class_list":{"0":"post-1958","1":"product","2":"type-product","3":"status-publish","4":"has-post-thumbnail","6":"product_cat-10x-vergroesserung","7":"product_cat-34-mm-objektiv","8":"product_cat-ddoptics","9":"product_cat-naturbeobachtung","10":"product_cat-wandern-und-reisen","11":"product_tag-10-fach-vergroesserung","12":"product_tag-10x34","13":"product_tag-ddoptics","14":"product_tag-ultralight-10x34","15":"product_shipping_class-paket","16":"pa_brand-marke-ddoptics","17":"pa_farbe-schwarz","18":"pa_produkt-typ-fernglas","20":"first","21":"instock","22":"sale","23":"taxable","24":"shipping-taxable","25":"purchasable","26":"product-type-simple"},"bundled_by":[],"bundle_stock_status":"instock","bundle_stock_quantity":null,"bundle_virtual":false,"bundle_layout":"","bundle_add_to_cart_form_location":"","bundle_editable_in_cart":false,"bundle_sold_individually_context":"","bundle_item_grouping":"","bundle_min_size":"","bundle_max_size":"","bundle_price":[],"bundled_items":[],"bundle_sell_ids":[],"_links":{"self":[{"href":"https:\/\/ddoptics.shop\/ro\/wp-json\/wp\/v2\/product\/1958","targetHints":{"allow":["GET"]}}],"collection":[{"href":"https:\/\/ddoptics.shop\/ro\/wp-json\/wp\/v2\/product"}],"about":[{"href":"https:\/\/ddoptics.shop\/ro\/wp-json\/wp\/v2\/types\/product"}],"replies":[{"embeddable":true,"href":"https:\/\/ddoptics.shop\/ro\/wp-json\/wp\/v2\/comments?post=1958"}],"version-history":[{"count":7,"href":"https:\/\/ddoptics.shop\/ro\/wp-json\/wp\/v2\/product\/1958\/revisions"}],"predecessor-version":[{"id":29194,"href":"https:\/\/ddoptics.shop\/ro\/wp-json\/wp\/v2\/product\/1958\/revisions\/29194"}],"wp:featuredmedia":[{"embeddable":true,"href":"https:\/\/ddoptics.shop\/ro\/wp-json\/wp\/v2\/media\/1961"}],"wp:attachment":[{"href":"https:\/\/ddoptics.shop\/ro\/wp-json\/wp\/v2\/media?parent=1958"}],"wp:term":[{"taxonomy":"product_brand","embeddable":true,"href":"https:\/\/ddoptics.shop\/ro\/wp-json\/wp\/v2\/product_brand?post=1958"},{"taxonomy":"product_cat","embeddable":true,"href":"https:\/\/ddoptics.shop\/ro\/wp-json\/wp\/v2\/product_cat?post=1958"},{"taxonomy":"product_tag","embeddable":true,"href":"https:\/\/ddoptics.shop\/ro\/wp-json\/wp\/v2\/product_tag?post=1958"}],"curies":[{"name":"wp","href":"https:\/\/api.w.org\/{rel}","templated":true}]}}