{"id":1970,"date":"2016-04-16T14:54:30","date_gmt":"2016-04-16T12:54:30","guid":{"rendered":"https:\/\/beta.optik-sport-shop.at\/kaufen\/zielfernrohr-ddoptics-nachtfalke-hdx-1komma5-6x42-gen-3-new-absehen-4\/"},"modified":"2025-07-04T11:10:56","modified_gmt":"2025-07-04T09:10:56","slug":"nighteagle-1komma5-6x42-gen-3","status":"publish","type":"product","link":"https:\/\/ddoptics.shop\/ro\/kaufen\/nighteagle-1komma5-6x42-gen-3\/","title":{"rendered":"Lunet\u0103 DDoptics Nighteagle 1.5-6\u00d742 | V4 | A4N | Reglare MOA - Gen 3"},"content":{"rendered":"<div class=\"container section-title-container\" ><h3 class=\"section-title section-title-normal\"><b aria-hidden=\"true\"><\/b><span class=\"section-title-main\" ><i class=\"icon-cross\" aria-hidden=\"true\"><\/i>Scurt\u0103 prezentare a lunetei DDoptics V6 1-6x42 Gen 3<\/span><b aria-hidden=\"true\"><\/b><\/h3><\/div>\n<table style=\"width: 100%; background-color: #cacaca;\">\n<tbody>\n<tr>\n<td style=\"height: 35px; width: 25%;\"><strong>Tub<\/strong><\/td>\n<td style=\"height: 35px; width: 25%;\">Tub mono de 30 mm<\/td>\n<td style=\"height: 35px; width: 25%;\"><strong>C\u00e2mpul vizual: m @100m<\/strong><\/td>\n<td style=\"height: 35px; width: 25%;\">6 m<\/td>\n<\/tr>\n<tr>\n<td style=\"height: 35px; width: 25%;\"><strong>Sistem optic<\/strong><\/td>\n<td style=\"height: 35px; width: 25%;\">Zoom 1.5-6x \/ 4x<\/td>\n<td style=\"height: 35px; width: 25%;\">\u00a0<strong>Distan\u021ba interpupilar\u0103<\/strong><\/td>\n<td style=\"height: 35px; width: 25%;\">84-99 mm<\/td>\n<\/tr>\n<tr>\n<td style=\"height: 35px; width: 25%;\"><strong>Lentile<\/strong><\/td>\n<td style=\"height: 35px; width: 25%;\">42 mm<\/td>\n<td style=\"height: 35px; width: 25%;\">\u00a0<strong>Lungime<\/strong><\/td>\n<td style=\"height: 35px; width: 25%;\">290 mm<\/td>\n<\/tr>\n<tr>\n<td style=\"height: 35px; width: 25%;\"><strong>Reticul<\/strong><\/td>\n<td style=\"height: 35px; width: 25%;\">Noul reticul 4 (A4N)<\/td>\n<td style=\"height: 35px; width: 25%;\">\u00a0<strong>Greutate<\/strong><\/td>\n<td style=\"height: 35px; width: 25%;\">520 g<\/td>\n<\/tr>\n<tr>\n<td style=\"height: 10px; width: 25%;\"><strong>Punct de lumin\u0103<\/strong><\/td>\n<td style=\"height: 10px; width: 25%;\">Standard sau iFibre<\/td>\n<td style=\"height: 10px; width: 25%;\">\u00a0<strong>Protec\u021bie anticearc\u0103n<\/strong><\/td>\n<td style=\"height: 10px; width: 25%;\">Umplere cu azot \u00eempotriva aburului<\/td>\n<\/tr>\n<tr>\n<td style=\"height: 10px; width: 25%;\"><strong>Focalizare\/paralax\u0103<\/strong><\/td>\n<td style=\"height: 10px; width: 25%;\">niciunul<\/td>\n<td style=\"height: 10px; width: 25%;\">\u00a0<strong>Str\u00e2nsoare<\/strong><\/td>\n<td style=\"height: 10px; width: 25%;\">Rezistent la ap\u0103 \u0219i la impact<\/td>\n<\/tr>\n<\/tbody>\n<\/table>\n<div class=\"row\"  id=\"row-130169427\">\n\n\t<div id=\"col-1292878402\" class=\"col medium-8 small-12 large-8\"  >\n\t\t\t\t<div class=\"col-inner\"  >\n\t\t\t\n\t\t\t\n<h2>DDoptics Nighteagle 1.5-6\u00d742 pu\u0219c\u0103 Gen 3 - f\u0103r\u0103 compromisuri, luminos \u0219i puternic<\/h2>\n<p>The <strong>DDoptics Nighteagle HDX 1.5-6\u00d742<\/strong> este conceput \u00een a\u0219a fel \u00eenc\u00e2t s\u0103 r\u0103spund\u0103 cerin\u021belor actuale bine organizate <a href=\"https:\/\/de.wikipedia.org\/wiki\/Dr%C3%BCckjagd\" target=\"_blank\" rel=\"noopener noreferrer\"><strong>V\u00e2n\u0103toare de mi\u0219c\u0103ri<\/strong> <\/a>\u00een toat\u0103 amploarea sa.<\/p>\n<p>Cu acest <strong>Ochelari de ochire pentru v\u00e2n\u0103toarea \u00een rafal\u0103<\/strong> \u00eempu\u0219c\u0103turile la aproximativ 100 de metri sunt justificate. Dac\u0103, de exemplu, v\u00e2natul se \u00eendep\u0103rteaz\u0103 de v\u00e2n\u0103torii care sunt bine pozi\u021biona\u021bi \u00een fa\u021ba standurilor sau chiar dac\u0103 ace\u0219tia sper\u0103. La fel de potrivit\u0103 este \u0219i aceasta <strong>Optic\u0103 de ochire pentru urm\u0103rire \u00een c\u00e2mpuri \u0219i p\u0103duri dese.<\/strong><\/p>\n<p>Acesta este utilizat \u00een principal \u00een mun\u021bi datorit\u0103 dimensiunilor \u0219i greut\u0103\u021bii sale reduse.<\/p>\n<h3>Luneta 1,5-6\u00d742 cu reticul luminat New Reticle 4 (A4N): Privire de ansamblu perfect\u0103<\/h3>\n<p>Vizorul optic func\u021bioneaz\u0103, cu excep\u021bia <strong>100m f\u0103r\u0103 paralax\u0103<\/strong>. Nu sunt necesare unelte pentru a regla reticulul. Fiecare clic ajusteaz\u0103 reticulul cu 1\/4 MOA (corespunde la 7,3 mm la 100 m). Caracteristicile <strong>Face\u021bi clic pe ajustare <\/strong>lucr\u0103ri<strong> Absolut repetabil<\/strong> \u0219i poate fi resetat la zero dup\u0103 tragere.<\/p>\n\t\t<\/div>\n\t\t\t\t\t<\/div>\n\n\t\n\n\t<div id=\"col-1982630148\" class=\"col medium-4 small-12 large-4\"  >\n\t\t\t\t<div class=\"col-inner\"  >\n\t\t\t\n\t\t\t\n<a class=\"button primary expand\" >\n\t\t<span>Caracteristici speciale lunet\u0103<\/span>\n\t<\/a>\n\n\n\t<section class=\"section\" id=\"section_199241990\">\n\t\t<div class=\"section-bg fill\" >\n\t\t\t\t\t\t\t\t\t<div class=\"section-bg-overlay absolute fill\"><\/div>\n\t\t\t\n\n\t\t<\/div>\n\n\t\t\n\n\t\t<div class=\"section-content relative\">\n\t\t\t\n\t<div class=\"img has-hover x md-x lg-x y md-y lg-y\" id=\"image_1796219969\">\n\t\t<a class=\"\" href=\"https:\/\/www.ddoptics.de\/garantiebestimmungen\" target=\"_blank\" rel=\"no follow noopener\">\t\t\t\t\t\t<div class=\"img-inner dark\" >\n\t\t\t<img decoding=\"async\" width=\"352\" height=\"160\" src=\"https:\/\/ddoptics.shop\/wp-content\/uploads\/2014\/09\/DDoptics-Garantie.jpg\" class=\"attachment-large size-large\" alt=\"Garan\u021bia DDoptics\" srcset=\"https:\/\/ddoptics.shop\/wp-content\/uploads\/2014\/09\/DDoptics-Garantie.jpg 352w, https:\/\/ddoptics.shop\/wp-content\/uploads\/2014\/09\/DDoptics-Garantie-304x138.jpg 304w, https:\/\/ddoptics.shop\/wp-content\/uploads\/2014\/09\/DDoptics-Garantie-305x139.jpg 305w, https:\/\/ddoptics.shop\/wp-content\/uploads\/2014\/09\/DDoptics-Garantie-250x114.jpg 250w\" sizes=\"(max-width: 352px) 100vw, 352px\" title=\"\">\t\t\t\t\t\t\n\t\t\t\t\t<\/div>\n\t\t\t\t\t\t<\/a>\t\t\n<style>\n#image_1796219969 {\n  width: 100%;\n}\n<\/style>\n\t<\/div>\n\t\n\t<div id=\"gap-1707233456\" class=\"gap-element clearfix\" style=\"display:block; height:auto;\">\n\t\t\n<style>\n#gap-1707233456 {\n  padding-top: 15px;\n}\n<\/style>\n\t<\/div>\n\t\n\t<div id=\"text-3889952195\" class=\"text\">\n\t\t\n<p><em><span style=\"font-size: 80%;\">\u21d2 <strong>DDoptics IFiber iluminate punct op\u021bional<\/strong><\/span><\/em><br \/>\n<em><span style=\"font-size: 80%;\">\u21d2 Reticul: Noul reticul 4 \u00een\u00a0<strong>Al doilea plan al imaginii<\/strong><\/span><\/em><br \/>\n<em><span style=\"font-size: 80%;\">\u21d2 Precizia absolut\u0103 a randamentului<\/span><\/em><br \/>\n<em><span style=\"font-size: 80%;\">\u21d2 <strong>Interval mare de reglare<\/strong><\/span><\/em><br \/>\n<em><span style=\"font-size: 80%;\">\u21d2 Punct Iluminat II ca standard<\/span><\/em><br \/>\n<em><span style=\"font-size: 80%;\">\u21d2 <strong>Transmisia luminii<\/strong> cu valori de v\u00e2rf<\/span><\/em><br \/>\n<em><span style=\"font-size: 80%;\">\u21d2 Rezistent la \u00eempu\u0219c\u0103turi: test 375H&amp;H cu 1.000 de \u00eempu\u0219c\u0103turi<\/span><\/em><br \/>\n<em><span style=\"font-size: 80%;\">\u21d2 C\u00e2mpul vizual: 21m -5.6m<\/span><\/em><br \/>\n\t\t\n<style>\n#text-3889952195 {\n  line-height: 1.15;\n  color: rgb(33, 107, 227);\n}\n#text-3889952195 > * {\n  color: rgb(33, 107, 227);\n}\n<\/style>\n\t<\/div>\n\t\n\t\t<\/div>\n\n\t\t\n<style>\n#section_199241990 {\n  padding-top: 30px;\n  padding-bottom: 30px;\n  background-color: rgb(232, 232, 232);\n}\n#section_199241990 .section-bg-overlay {\n  background-color: rgba(255,255,255,.5);\n}\n<\/style>\n\t<\/section>\n\t\n\t\t<\/div>\n\t\t\t\t\t<\/div>\n\n\t\n<\/div>\n<p>Noul reticul 4\u00a0<strong>Reticul luminat<\/strong> este situat \u00een <strong>Planul imaginii ocularului (al doilea plan al imaginii)<\/strong> \u0219i, prin urmare, r\u0103m\u00e2ne de aceea\u0219i dimensiune \u00een fiecare setare de m\u0103rire. Inelul interschimbabil este situat pe ocular pentru m\u0103rirea sau reducerea reticulului. Acesta are o l\u0103\u021bime de 15 mm, este fin nervurat \u0219i astfel cre\u0219te aderen\u021ba \u0219i rezisten\u021ba la alunecare. Reglarea dificil\u0103 a inelului interschimbabil este destinat\u0103 de DDoptics pentru a preveni reglarea neinten\u021bionat\u0103.<\/p>\n<h3>Punct iluminat cu fibr\u0103 optic\u0103 pentru achizi\u021bia rapid\u0103 a \u021bintei<\/h3>\n<figure id=\"attachment_1951\" aria-describedby=\"caption-attachment-1951\" style=\"width: 250px\" class=\"wp-caption alignright\"><a href=\"https:\/\/ddoptics.shop\/wp-content\/uploads\/2016\/04\/Neues-DDoptics-Absehen.jpg\" rel=\"attachment wp-att-1951\"><img decoding=\"async\" class=\"wp-image-1951\" src=\"https:\/\/ddoptics.shop\/wp-content\/uploads\/2016\/04\/Neues-DDoptics-Absehen-340x340.jpg\" alt=\"Noul reticul DDoptics 4\" width=\"250\" height=\"199\" title=\"\" srcset=\"https:\/\/ddoptics.shop\/wp-content\/uploads\/2016\/04\/Neues-DDoptics-Absehen-304x242.jpg 304w, https:\/\/ddoptics.shop\/wp-content\/uploads\/2016\/04\/Neues-DDoptics-Absehen-305x243.jpg 305w, https:\/\/ddoptics.shop\/wp-content\/uploads\/2016\/04\/Neues-DDoptics-Absehen-632x503.jpg 632w, https:\/\/ddoptics.shop\/wp-content\/uploads\/2016\/04\/Neues-DDoptics-Absehen.jpg 800w, https:\/\/ddoptics.shop\/wp-content\/uploads\/2016\/04\/Neues-DDoptics-Absehen-250x199.jpg 250w, https:\/\/ddoptics.shop\/wp-content\/uploads\/2016\/04\/Neues-DDoptics-Absehen-510x406.jpg 510w\" sizes=\"(max-width: 250px) 100vw, 250px\" \/><\/a><figcaption id=\"caption-attachment-1951\" class=\"wp-caption-text\">Noul reticul DDoptics 4<\/figcaption><\/figure>\n<p>The <strong>Punct luminat ro\u0219u<\/strong> poate fi <strong>Reglare infinit\u0103 a intensit\u0103\u021bii luminoase cu 100 de procente<\/strong>, p\u00e2n\u0103 c\u00e2nd ochiul uman nu \u00eel mai poate percepe. Reticulul ac\u021bioneaz\u0103 atunci ca o lunet\u0103 optic\u0103 f\u0103r\u0103 unitate de lumin\u0103.<\/p>\n<p>The <strong>Unitate u\u0219oar\u0103 <\/strong>se bazeaz\u0103 pe real<strong> Tehnologia fibrei optice<\/strong>. Prin urmare, lumina este emis\u0103 prin intermediul unui <strong>cablu de fibr\u0103 optic\u0103 la centrul reticulului<\/strong> ghidat. Avantaj: Atunci c\u00e2nd punctul iluminat este oprit, nu este vizibil niciun punct negru.<\/p>\n<p>Deoarece lumina este localizat\u0103 exclusiv \u00een firul de fibr\u0103 de sticl\u0103, <strong>Efectele secundare nedorite \u0219i cross-fade excluse<\/strong>. Acest lucru v\u0103 ajut\u0103 s\u0103 \u021binti\u021bi rapid \u0219i cre\u0219te semnificativ rata de lovire.<\/p>\n<h3>Optica \u021bint\u0103 Transmisia luminii - valori interna\u021bionale de top<\/h3>\n<p>The <strong>Optic\u0103 complet acoperit\u0103<\/strong> a vulturului de noapte<strong>\u00a0HDX 1.5-6\u00d742<\/strong> nu las\u0103 nimic de dorit.<\/p>\n<p>Exper\u021bii independen\u021bi au <strong>Transmisia luminii 93,3 la sut\u0103<\/strong> (ziua) \u0219i 91,6 % (noaptea). La <strong>Imaginea este clar\u0103, cu contrast ridicat \u0219i fidel\u0103 culorilor<\/strong>, oferte foarte bune <strong>acurate\u021bea marginilor \u0219i este complet f\u0103r\u0103 reflex<\/strong>. \u00cen combina\u021bie cu c\u00e2mpul vizual (de la 21 m la 5,6 m) \u0219i op\u021biunile de m\u0103rire, Nighteagle HDX 1.5-6\u00d742 garanteaz\u0103 nu numai o utilizare optim\u0103.<\/p>\n<h3>Devia\u021bie redus\u0103 a liniei de ochire \u0219i rezisten\u021b\u0103 maxim\u0103 la \u00eempu\u0219care<\/h3>\n<p>Deplasarea tipic\u0103 \u0219i inevitabil\u0103 a punctului de impact pentru reticule \u00een planul imaginii ocularului la schimbarea m\u0103ririi este mai mic\u0103 de 20 mm la 100 de metri cu Nighteagle HDX 1.5-6\u00d742. Aceast\u0103 valoare este complet irelevant\u0103 pentru utilizarea la v\u00e2n\u0103toare.<\/p>\n<p><strong>Intervalul total de reglare a vizorului telescopic:<\/strong><\/p>\n<ul>\n<li>530 <a href=\"https:\/\/ddoptics.shop\/ro\/termen-tehnic\/calculul-minutei-unghiulare-sau-moa-pentru-luneta\/\" target=\"_blank\" rel=\"noopener noreferrer\">Clicuri<\/a><\/li>\n<li>corespunde la 132,5 MOA<\/li>\n<li>corespunde la 66,25 MOA pe fiecare parte<\/li>\n<\/ul>\n<p>\u00cen timpul testului, dup\u0103 20 de fotografii cu <strong>calibrul .450 Dakota \u0219i peste 100 de cartu\u0219e cu calibrul .308 Win.<\/strong> exper\u021bii independen\u021bi nu au putut m\u0103sura nicio nealiniere.<\/p>\n<h3>Distan\u021ba interpupilar\u0103 \u0219i reglarea dioptriilor<\/h3>\n<p>The <strong>Retragerea ochilor este de 100 mm<\/strong>, Acest lucru \u00eenseamn\u0103 c\u0103 utilizarea calibrelor mari nu este o problem\u0103. Cap\u0103tul ocularului este, de asemenea, protejat cu un inel de cauciuc cu nervuri. Reglarea dioptriilor este de la -3 la +3 dioptrii.<\/p>\n<p>The <strong>Optica de ochire este destinat\u0103 \u00een primul r\u00e2nd fotografierii efemere<\/strong> \u0219i, prin urmare, deosebit de interesant pentru v\u00e2n\u0103toarea \u00een mi\u0219care. Datorit\u0103 diametrului de 42 mm al lentilei obiectivului, vederea optic\u0103 poate fi totu\u0219i utilizat\u0103 direct \u00een <strong>amurg t\u00e2rziu<\/strong> \u0219i, prin urmare, poate fi folosit \u0219i ca ascunz\u0103toare. Chiar \u0219i cu <strong>V\u00e2n\u0103toare \u00een str\u0103in\u0103tate \u00een Africa<\/strong> modelul \u0219i-a dovedit valoarea. Sticla este deosebit de potrivit\u0103 pentru utilizarea cu un dispozitiv combinat de vedere pe timp de noapte.<\/p>\n<h3>Desen tehnic lunet\u0103 1.5-6\u00d742 Gen 3<\/h3>\n\t<div class=\"img has-hover x md-x lg-x y md-y lg-y\" id=\"image_421816150\">\n\t\t\t\t\t\t\t\t<div class=\"img-inner dark\" >\n\t\t\t<img decoding=\"async\" width=\"1020\" height=\"477\" src=\"https:\/\/ddoptics.shop\/wp-content\/uploads\/2016\/04\/1_5-6x42-1600x748.jpg\" class=\"attachment-large size-large\" alt=\"luneta DDoptics 1.5-6x42 cu reticul duplex\" srcset=\"https:\/\/ddoptics.shop\/wp-content\/uploads\/2016\/04\/1_5-6x42-1600x748.jpg 1600w, https:\/\/ddoptics.shop\/wp-content\/uploads\/2016\/04\/1_5-6x42-scaled-304x142.jpg 304w, https:\/\/ddoptics.shop\/wp-content\/uploads\/2016\/04\/1_5-6x42-scaled-305x143.jpg 305w, https:\/\/ddoptics.shop\/wp-content\/uploads\/2016\/04\/1_5-6x42-scaled-632x296.jpg 632w, https:\/\/ddoptics.shop\/wp-content\/uploads\/2016\/04\/1_5-6x42-800x374.jpg 800w, https:\/\/ddoptics.shop\/wp-content\/uploads\/2016\/04\/1_5-6x42-scaled-250x117.jpg 250w, https:\/\/ddoptics.shop\/wp-content\/uploads\/2016\/04\/1_5-6x42-scaled-510x238.jpg 510w\" sizes=\"(max-width: 1020px) 100vw, 1020px\" title=\"\">\t\t\t\t\t\t\n\t\t\t\t\t<\/div>\n\t\t\t\t\t\t\t\t\n<style>\n#image_421816150 {\n  width: 100%;\n}\n<\/style>\n\t<\/div>","protected":false},"excerpt":{"rendered":"<p><strong><img decoding=\"async\" class=\"alignnone wp-image-10455 size-full\" title=\"V\u00e2n\u0103toare de mi\u0219c\u0103ri\" src=\"https:\/\/ddoptics.shop\/wp-content\/uploads\/2016\/04\/Bewegungsjagd.jpg\" alt=\"V\u00e2n\u0103toare de mi\u0219c\u0103ri\" width=\"50\" height=\"50\" \/><\/strong><img decoding=\"async\" class=\"alignnone wp-image-10452 size-full\" title=\"Tir sportiv\" src=\"https:\/\/ddoptics.shop\/wp-content\/uploads\/2016\/07\/Target-Schiessen.jpg\" alt=\"Tragere la \u021bint\u0103\" width=\"50\" height=\"50\" \/><img decoding=\"async\" class=\"alignnone wp-image-10168 size-full\" title=\"Stand de v\u00e2n\u0103toare\" src=\"https:\/\/ddoptics.shop\/wp-content\/uploads\/2016\/09\/Jagd-klein.jpg\" alt=\"Binoclu de v\u00e2n\u0103toare\" width=\"50\" height=\"50\" \/><br \/>\n<strong>Securitate ridicat\u0103<\/strong> la <strong>achizi\u021bie rapid\u0103 a \u021bintei<\/strong> \u0219i atunci c\u00e2nd filma\u021bi pe fug\u0103. Unul <strong>optic\u0103 allround target<\/strong> pentru <strong>V\u00e2n\u0103toare cu conductor, \u00een mi\u0219care \u0219i la p\u00e2nd\u0103<\/strong>.<\/p>\n<p>Op\u021bional, cu <strong>NOU,<\/strong> mai inteligente <a title=\"NOU DDoptics IFiber punct luminat\" href=\"\/ro\/termen-tehnic-wiki\/inteligent-ddoptics-ifiber-light-point\/\" target=\"_blank\" rel=\"noopener noreferrer\">Punct de lumin\u0103 IFibre<\/a> cu <strong>99 \u20ac supratax\u0103.<\/strong><\/p>","protected":false},"featured_media":25686,"comment_status":"open","ping_status":"closed","template":"","meta":{"inline_featured_image":false,"footnotes":""},"product_brand":[],"product_cat":[476,455,639,918,637,68],"product_tag":[164,78,80,79],"class_list":{"0":"post-1970","1":"product","2":"type-product","3":"status-publish","4":"has-post-thumbnail","6":"product_cat-15-6x42","7":"product_cat-42-mm-objektivdurchmesser","8":"product_cat-bewegungsjagd","9":"product_cat-v4-4fach-zoom","10":"product_cat-zf-anwendung","11":"product_cat-zielfernrohr","12":"product_tag-1-5-6x42","13":"product_tag-ddoptics","14":"product_tag-gen-3","15":"product_tag-zielfernrohr","16":"product_shipping_class-paket","17":"pa_brand-marke-ddoptics","18":"pa_produkt-typ-zielfernrohr","20":"first","21":"outofstock","22":"sale","23":"taxable","24":"shipping-taxable","25":"purchasable","26":"product-type-variable","27":"has-default-attributes"},"bundled_by":[],"bundle_stock_status":"outofstock","bundle_stock_quantity":null,"bundle_virtual":false,"bundle_layout":"","bundle_add_to_cart_form_location":"","bundle_editable_in_cart":false,"bundle_sold_individually_context":"","bundle_item_grouping":"","bundle_min_size":"","bundle_max_size":"","bundle_price":[],"bundled_items":[],"bundle_sell_ids":[],"_links":{"self":[{"href":"https:\/\/ddoptics.shop\/ro\/wp-json\/wp\/v2\/product\/1970","targetHints":{"allow":["GET"]}}],"collection":[{"href":"https:\/\/ddoptics.shop\/ro\/wp-json\/wp\/v2\/product"}],"about":[{"href":"https:\/\/ddoptics.shop\/ro\/wp-json\/wp\/v2\/types\/product"}],"replies":[{"embeddable":true,"href":"https:\/\/ddoptics.shop\/ro\/wp-json\/wp\/v2\/comments?post=1970"}],"version-history":[{"count":17,"href":"https:\/\/ddoptics.shop\/ro\/wp-json\/wp\/v2\/product\/1970\/revisions"}],"predecessor-version":[{"id":28600,"href":"https:\/\/ddoptics.shop\/ro\/wp-json\/wp\/v2\/product\/1970\/revisions\/28600"}],"wp:featuredmedia":[{"embeddable":true,"href":"https:\/\/ddoptics.shop\/ro\/wp-json\/wp\/v2\/media\/25686"}],"wp:attachment":[{"href":"https:\/\/ddoptics.shop\/ro\/wp-json\/wp\/v2\/media?parent=1970"}],"wp:term":[{"taxonomy":"product_brand","embeddable":true,"href":"https:\/\/ddoptics.shop\/ro\/wp-json\/wp\/v2\/product_brand?post=1970"},{"taxonomy":"product_cat","embeddable":true,"href":"https:\/\/ddoptics.shop\/ro\/wp-json\/wp\/v2\/product_cat?post=1970"},{"taxonomy":"product_tag","embeddable":true,"href":"https:\/\/ddoptics.shop\/ro\/wp-json\/wp\/v2\/product_tag?post=1970"}],"curies":[{"name":"wp","href":"https:\/\/api.w.org\/{rel}","templated":true}]}}