{"id":21141,"date":"2020-01-29T17:09:44","date_gmt":"2020-01-29T16:09:44","guid":{"rendered":"https:\/\/ddoptics.shop\/?post_type=product&#038;p=21141"},"modified":"2025-10-03T14:10:53","modified_gmt":"2025-10-03T12:10:53","slug":"pusca-v6-5to30x50-gen-3-tactic-mildot-mrad","status":"publish","type":"product","link":"https:\/\/ddoptics.shop\/ro\/kaufen\/zielfernrohr-v6-5bis30x50-gen-3-tactical-mildot-mrad\/","title":{"rendered":"DDoptics Nighteagle 5-30\u00d750 Tactical riflescope | V6 | MilDot | Reglare MRAD - Gen 3"},"content":{"rendered":"<div class=\"container section-title-container\" ><h3 class=\"section-title section-title-normal\"><b aria-hidden=\"true\"><\/b><span class=\"section-title-main\" ><i class=\"icon-cross\" aria-hidden=\"true\"><\/i>Scurt\u0103 prezentare Nighteagle 5-30x50 Tactical de la DDoptics<\/span><b aria-hidden=\"true\"><\/b><\/h3><\/div>\n<table style=\"background-color: #cacaca; width: 100%;\">\n<tbody>\n<tr style=\"height: 24px;\">\n<td style=\"height: 24px; width: 20%;\"><strong>Tub:<\/strong><\/td>\n<td style=\"height: 24px; width: 30%;\">Tub mono de 30 mm<\/td>\n<td style=\"height: 24px; width: 20%;\"><strong>C\u00e2mpul vizual: m @100 m:<\/strong><\/td>\n<td style=\"height: 24px; width: 30%;\">7,2 - 1,1 m<\/td>\n<\/tr>\n<tr style=\"height: 24px;\">\n<td style=\"height: 24px; width: 20%;\"><strong>Sistem optic:<\/strong><\/td>\n<td style=\"height: 24px; width: 30%;\">De 5 p\u00e2n\u0103 la 30 de ori<\/td>\n<td style=\"height: 24px; width: 20%;\"><strong>Distan\u021ba interpupilar\u0103:<\/strong><\/td>\n<td style=\"height: 24px; width: 30%;\">90,5 mm<\/td>\n<\/tr>\n<tr style=\"height: 24px;\">\n<td style=\"height: 24px; width: 20%;\"><strong>Obiectiv:<\/strong><\/td>\n<td style=\"height: 24px; width: 30%;\">50 mm<\/td>\n<td style=\"height: 24px; width: 20%;\"><strong>Lungime:<\/strong><\/td>\n<td style=\"height: 24px; width: 30%;\">348 mm<\/td>\n<\/tr>\n<tr style=\"height: 24px;\">\n<td style=\"height: 24px; width: 20%;\"><a href=\"https:\/\/de.wikipedia.org\/wiki\/Absehen\" target=\"_blank\" rel=\"noopener noreferrer\"><strong>Reticul:<\/strong><\/a><\/td>\n<td style=\"height: 24px; width: 30%;\">MilDot<\/td>\n<td style=\"height: 24px; width: 20%;\"><strong>Greutate:<\/strong><\/td>\n<td style=\"height: 24px; width: 30%;\">\u00a0742 g<\/td>\n<\/tr>\n<tr style=\"height: 24px;\">\n<td style=\"height: 24px; width: 20%;\"><strong>Punct de lumin\u0103<\/strong><\/td>\n<td style=\"height: 24px; width: 30%;\">LP 2 sau iFibre<\/td>\n<td style=\"height: 24px; width: 20%;\"><strong>Protec\u021bie \u00eempotriva ce\u021bii:<\/strong><\/td>\n<td style=\"height: 24px; width: 30%;\">Umplere cu azot \u00eempotriva aburului<\/td>\n<\/tr>\n<tr style=\"height: 24px;\">\n<td style=\"height: 24px; width: 20%;\"><strong>Focalizare\/paralax\u0103:<\/strong><\/td>\n<td style=\"height: 24px; width: 30%;\">Lentile reglabile de la 20 m la infinit<\/td>\n<td style=\"height: 24px; width: 20%;\"><strong>\u00a0Str\u00e2nsoare:<\/strong><\/td>\n<td style=\"height: 24px; width: 30%;\">Rezistent la ap\u0103 \u0219i \u0219ocuri<\/td>\n<\/tr>\n<\/tbody>\n<\/table>\n<div class=\"row\"  id=\"row-932188723\">\n\n\t<div id=\"col-424817473\" class=\"col medium-8 small-12 large-8\"  >\n\t\t\t\t<div class=\"col-inner\"  >\n\t\t\t\n\t\t\t\n<h2>DDoptics Nighteagle 5-30\u00d750 V6 Tactical riflescope - pu\u0219c\u0103 cu zoom 6x, reglare MRAD click \u0219i reticul MilDot - Gen 3<\/h2>\n<p>The <strong>Proiector DDoptics V6 5-30\u00d750 Tactical Gen 3 <\/strong>cu reticul tactic \u0219i <a href=\"https:\/\/ddoptics.shop\/ro\/magazin\/vedere-telescopica\/reglarea-clicului-mrad\/\" target=\"_blank\" rel=\"noopener noreferrer\">Ajustarea MRAD<\/a> este o optic\u0103 de \u00eenalt\u0103 performan\u021b\u0103 cu zoom 6x - proiectat\u0103 cu<strong> Turle tactice cu reticul<\/strong>. Acesta a fost \u0219i este dezvoltat \u00eempreun\u0103 cu <strong>cei mai buni dezvoltatori<\/strong> proiectat \u00een Japonia.<\/p>\n<p><span class=\"userContent\">Pentru prima dat\u0103 la acest ZF, noul <strong>Tip de sticl\u0103 dezvoltat\u0103 Sticl\u0103 CT (Clear-Transmission)<\/strong> instalate de DDoptics. \u00cen viitor <strong>DDoptics ofer\u0103 aceast\u0103 calitate a lentilelor pentru toate Gen 3<\/strong> Instala\u021bi lunete.<\/span><\/p>\n<p><span class=\"userContent\">Sticla CT ofer\u0103 un alb de baz\u0103 mai clar \u0219i str\u0103luce\u0219te cu<strong> contraste de culoare mai bune, luminozitate \u0219i mai mare<\/strong> \u0219i semnificativ mai pu\u021bine pierderi \u0219i abera\u021bii cromatice.<\/span><\/p>\n<p>The <strong>Grosime stabil\u0103 a peretelui tubului de 2 mm<\/strong> este peste standardul militar. Cele dou\u0103 turnuri de reglare constau dintr-un <strong>Aliaj de aluminiu - f\u0103r\u0103 p\u0103r\u021bi din plastic<\/strong>. Toate piesele din aluminiu sunt acoperite cu noul <strong>Acoperire anodizat\u0103 neagr\u0103 fin\u0103 DDoptics<\/strong> furnizate.<\/p>\n<p>Reglarea T-click a turnurilor, precis definit\u0103, precis\u0103 \u0219i precis\u0103, garanteaz\u0103 o precizie absolut repetabil\u0103.<\/p>\n\t\t<\/div>\n\t\t\t\t\t<\/div>\n\n\t\n\n\t<div id=\"col-1224126722\" class=\"col medium-4 small-12 large-4\"  >\n\t\t\t\t<div class=\"col-inner\"  >\n\t\t\t\n\t\t\t\n<a class=\"button primary expand\" >\n\t\t<span>Caracteristici speciale lunet\u0103<\/span>\n\t<\/a>\n\n\n\t<section class=\"section\" id=\"section_1782738619\">\n\t\t<div class=\"section-bg fill\" >\n\t\t\t\t\t\t\t\t\t<div class=\"section-bg-overlay absolute fill\"><\/div>\n\t\t\t\n\n\t\t<\/div>\n\n\t\t\n\n\t\t<div class=\"section-content relative\">\n\t\t\t\n\t<div class=\"img has-hover x md-x lg-x y md-y lg-y\" id=\"image_208886571\">\n\t\t<a class=\"\" href=\"https:\/\/www.ddoptics.de\/garantiebestimmungen\" target=\"_blank\" rel=\"no follow noopener\">\t\t\t\t\t\t<div class=\"img-inner dark\" >\n\t\t\t<img decoding=\"async\" width=\"352\" height=\"160\" src=\"https:\/\/ddoptics.shop\/wp-content\/uploads\/2014\/09\/DDoptics-Garantie.jpg\" class=\"attachment-large size-large\" alt=\"Garan\u021bia DDoptics\" srcset=\"https:\/\/ddoptics.shop\/wp-content\/uploads\/2014\/09\/DDoptics-Garantie.jpg 352w, https:\/\/ddoptics.shop\/wp-content\/uploads\/2014\/09\/DDoptics-Garantie-304x138.jpg 304w, https:\/\/ddoptics.shop\/wp-content\/uploads\/2014\/09\/DDoptics-Garantie-305x139.jpg 305w, https:\/\/ddoptics.shop\/wp-content\/uploads\/2014\/09\/DDoptics-Garantie-250x114.jpg 250w\" sizes=\"(max-width: 352px) 100vw, 352px\" title=\"\">\t\t\t\t\t\t\n\t\t\t\t\t<\/div>\n\t\t\t\t\t\t<\/a>\t\t\n<style>\n#image_208886571 {\n  width: 100%;\n}\n<\/style>\n\t<\/div>\n\t\n\t<div id=\"gap-59412352\" class=\"gap-element clearfix\" style=\"display:block; height:auto;\">\n\t\t\n<style>\n#gap-59412352 {\n  padding-top: 15px;\n}\n<\/style>\n\t<\/div>\n\t\n\t<div id=\"text-330485742\" class=\"text\">\n\t\t\n<p><span style=\"font-size: 80%;\"><em>\u21d2 <strong>Ajustarea MRAD 1 cm la 100 m<br \/>\n<\/strong>\u21d2 MilDot sau reticul duplex<\/em><\/span><br \/>\n<span style=\"font-size: 80%;\"><em>\u21d2 Inel de oprire zero \/ oprire zero pentru reglarea \u00een\u0103l\u021bimii<\/em><\/span><br \/>\n<span style=\"font-size: 80%;\"><em>\u21d2 NOU: Punct iluminat IFiber op\u021bional<\/em><\/span><br \/>\n<span style=\"font-size: 80%;\"><em>\u21d2 Balan\u021b\u0103 opus\u0103 Sc\u0103ri (v\u00e2nt st\u00e2nga-dreapta)<\/em><\/span><br \/>\n<span style=\"font-size: 80%;\"><em>\u21d2 30 de ani garan\u021bie DDoptics<\/em><\/span><br \/>\n<span style=\"font-size: 80%;\"><em>\u21d2 Reticul MilDot: al doilea plan al imaginii<\/em><\/span><br \/>\n<span style=\"font-size: 80%;\"><em>\u21d2 Precizia absolut\u0103 a randamentului<\/em><\/span><br \/>\n<span style=\"font-size: 80%;\"><em>\u21d2 Transmisie extrem\u0103 a luminii p\u00e2n\u0103 la 94,7%<\/em><\/span><br \/>\n<span style=\"font-size: 80%;\"><em>\u21d2 Punct luminos din fibr\u0103 de sticl\u0103<\/em><\/span><br \/>\n<span style=\"font-size: 80%;\"><em>\u21d2 Test de rezisten\u021b\u0103 la \u00eempu\u0219care: 375H&amp;H 1000 de \u00eempu\u0219c\u0103turi<\/em><\/span><br \/>\n<span style=\"font-size: 80%;\"><em>\u21d2 Func\u021bia de lunet\u0103 datorit\u0103 m\u0103ririi mari<\/em><\/span><br \/>\n<span style=\"font-size: 80%;\"><em>\u21d2 Compensarea paralaxei reglabil\u0103 la infinit<\/em><\/span><br \/>\n<span style=\"font-size: 80%;\"><em>\u21d2 Fotografii foarte lungi posibile<\/em><\/span><\/p>\n\t\t\n<style>\n#text-330485742 {\n  line-height: 1.15;\n  color: rgb(33, 107, 227);\n}\n#text-330485742 > * {\n  color: rgb(33, 107, 227);\n}\n<\/style>\n\t<\/div>\n\t\n\t\t<\/div>\n\n\t\t\n<style>\n#section_1782738619 {\n  padding-top: 30px;\n  padding-bottom: 30px;\n  background-color: rgb(232, 232, 232);\n}\n#section_1782738619 .section-bg-overlay {\n  background-color: rgba(255,255,255,.5);\n}\n<\/style>\n\t<\/section>\n\t\n<div class=\"is-divider divider clearfix\" ><\/div>\n\t\t<\/div>\n\t\t\t\t\t<\/div>\n\n\t\n<\/div>\n<h3>Turle de reglare Reglare rapid\u0103 cu sc\u0103ri cu dou\u0103 r\u00e2nduri pe luneta 5-30\u00d750<\/h3>\n<figure id=\"attachment_21169\" aria-describedby=\"caption-attachment-21169\" style=\"width: 500px\" class=\"wp-caption alignright\"><img decoding=\"async\" class=\"size-full wp-image-21169\" src=\"https:\/\/ddoptics.shop\/wp-content\/uploads\/2020\/01\/ddoptics-tacticalasv.jpg\" alt=\"DDoptics tactice asv ajustare\" width=\"500\" height=\"150\" title=\"\" srcset=\"https:\/\/ddoptics.shop\/wp-content\/uploads\/2020\/01\/ddoptics-tacticalasv.jpg 500w, https:\/\/ddoptics.shop\/wp-content\/uploads\/2020\/01\/ddoptics-tacticalasv-304x91.jpg 304w, https:\/\/ddoptics.shop\/wp-content\/uploads\/2020\/01\/ddoptics-tacticalasv-305x92.jpg 305w, https:\/\/ddoptics.shop\/wp-content\/uploads\/2020\/01\/ddoptics-tacticalasv-422x127.jpg 422w, https:\/\/ddoptics.shop\/wp-content\/uploads\/2020\/01\/ddoptics-tacticalasv-250x75.jpg 250w\" sizes=\"(max-width: 500px) 100vw, 500px\" \/><figcaption id=\"caption-attachment-21169\" class=\"wp-caption-text\">Reglare rapid\u0103 cu c\u00e2ntare opuse<\/figcaption><\/figure>\n<p>Noutate: Pe <strong>Reglarea \u00een\u0103l\u021bimii<\/strong> permite o <strong>scar\u0103 dubl\u0103<\/strong> num\u0103rul de produse<strong> Face\u021bi clic pe ajust\u0103ri<\/strong> pentru a citi \u0219i a seta.\u00a0 <strong>Dup\u0103 aprinderea<\/strong> a <strong>Reglarea reticulului <\/strong>simplu din nou<strong> s\u0103 fie setat la zero<\/strong>.<\/p>\n<p>Pentru a face acest lucru, elibera\u021bi pur \u0219i simplu dispozitivul de siguran\u021b\u0103 de pe turn cu o moned\u0103 sau o \u0219urubelni\u021b\u0103. Dispozitivul <strong>Setarea zero<\/strong> prin intermediul <strong>Zerostop \/ oprire la zero<\/strong> contracarat de jos pentru a ob\u021bine o oprire la pozi\u021bia zero.<\/p>\n<p>The <strong>Reglare lateral\u0103 <\/strong>este echipat cu dou\u0103<strong> sc\u0103ri opuse<\/strong> etichetate. Pornind de la setarea zero, valorile <strong>Direc\u021bia \u0219i for\u021ba v\u00e2ntului<\/strong>, sau o posibil\u0103 mi\u0219care a \u021bintei poate fi prestabilit\u0103.<\/p>\n<h3>DDoptic\u0103 tactic\u0103 <a href=\"https:\/\/de.wikipedia.org\/wiki\/Absehen\" target=\"_blank\" rel=\"noopener sponsored\" data-schema-attribute=\"\">MilDot reticul luminat<\/a> pe al doilea plan al imaginii<\/h3>\n<p>The <strong>Luneta V6 5-30\u00d750 Tactical MRAD<\/strong> are un reticul Mildot standardizat la o m\u0103rire de 10x \u00een planul imaginii ocularului ( al doilea plan al imaginii ). Aceasta \u00eenseamn\u0103 c\u0103 reticulul r\u0103m\u00e2ne \u00eentotdeauna de aceea\u0219i dimensiune atunci c\u00e2nd se schimb\u0103 m\u0103rirea. Chiar \u0219i la o m\u0103rire de 30x, reticulul <strong>Traiectoria \u021bintei este de numai 1,8 mm<\/strong> la o distan\u021b\u0103 de tragere de 100 m, iar c\u00e2mpul vizual la aceast\u0103 m\u0103rire maxim\u0103 este \u00eenc\u0103 de 1,1 m la 100 m. Vizorul optic permite o ochire rapid\u0103 ca fulgerul. Reticulul se regleaz\u0103 singur <strong>pe clic de 0,1 MRAD<\/strong>, deci \u00een jur <strong>1 cm la 100 m<\/strong>. Acest lucru corespunde unei modific\u0103ri a punctului de impact de aproximativ 3 cm per clic la 300 de metri.<\/p>\n<p><strong>Interval total de reglare:<\/strong><\/p>\n<ul>\n<li>165 de clicuri<\/li>\n<li>corespunde la 16,5 MRAD<\/li>\n<li>corespunde la 8,25 MRAD pe pagin\u0103<\/li>\n<\/ul>\n<h3>5-30\u00d750 riflescope - Performan\u021ba optic\u0103 a opticii \u021bint\u0103<\/h3>\n<p>Remunera\u021bia elaborat\u0103 permite <strong>F\u0103r\u0103 reflexe deloc<\/strong> <strong>sau lumin\u0103 \u00eempr\u0103\u0219tiat\u0103<\/strong> pentru. Chiar \u0219i cu <strong>M\u0103rire de 30x<\/strong> ve\u021bi vedea un contrast ridicat \u0219i <strong>imagine \u00een culori reale<\/strong> cu <strong>propriet\u0103\u021bi remarcabile de definire a marginilor<\/strong>.<\/p>\n<h3>Vizualizarea zonelor de prim-plan \u0219i compensarea paralaxei<\/h3>\n<p>Nighteagle 5-30\u00d750 tactic este clar de la 12 metri la o m\u0103rire de 5x \u0219i de la 25 metri la o m\u0103rire de 30x.<\/p>\n<h3>Punct de lumin\u0103 fin reglabil cu vizibilitate pe timp de noapte<\/h3>\n<p>The <strong>Punct de lumin\u0103 din fibr\u0103 de sticl\u0103<\/strong> Reticulul iluminat este p\u0103strat at\u00e2t de mic \u00eenc\u00e2t rezult\u0103 doar o<strong> cea mai mic\u0103 acoperire posibil\u0103 a \u021bintei<\/strong> vine. Punctul luminos poate fi redus continuu cu 100 % p\u00e2n\u0103 c\u00e2nd nu mai poate fi v\u0103zut de ochiul uman.<\/p>\n<p>Cu <strong>activat punct luminat<\/strong> \u00cen schimb, nu exist\u0103 str\u0103luciri sau reflexii deranjante \u00een cadrul opticii. Deoarece <strong>Unitate u\u0219oar\u0103 produs\u0103 manual<\/strong> cerin\u021bele speciale ale clien\u021bilor pot fi luate \u00een considerare \u00een mod individual.<\/p>\n<h3>Execu\u021bie robust\u0103, instalare simpl\u0103<\/h3>\n<p>The <strong>Umplerea cu azot<\/strong> a Nighteagle 5-30\u00d750 Tactical ofer\u0103 <strong>Etan\u0219eitate<\/strong> (0,3 kg\/ centimetru p\u0103trat) \u0219i protejeaz\u0103 \u00eempotriva ce\u021bii interne. <strong>Cea mai dur\u0103 utilizare<\/strong> nu poate afecta tubul telescopic, care este fabricat din duraluminiu (70 %), alam\u0103 (20 %) \u0219i o\u021bel (10 %).<\/p>\n<p><strong>Important:<\/strong> The <strong>Rezisten\u021b\u0103 la impact<\/strong> este de 1.000 G sau 6.500 jouli. Vederea optic\u0103 r\u0103m\u00e2ne <strong>temperaturi extreme<\/strong> complet func\u021bional (de la +80 grade Celsius la min. -20 grade Celsius).<\/p>\n<h3>Distan\u021ba interpupilar\u0103 \u0219i reglarea dioptriilor<\/h3>\n<p>The <strong>Distan\u021ba interpupilar\u0103<\/strong> este de 89 mm, ceea ce \u00eel face u\u0219or de utilizat cu calibre mai mari. Doar trei sferturi de rota\u021bie sunt necesare pentru \u00eentreaga gam\u0103 de m\u0103riri.<\/p>","protected":false},"excerpt":{"rendered":"<p><img decoding=\"async\" class=\"alignnone wp-image-10452 size-full\" title=\"Tragere la \u021bint\u0103\" src=\"https:\/\/ddoptics.shop\/wp-content\/uploads\/2016\/07\/Target-Schiessen.jpg\" alt=\"Sport de fotografiere \u021bint\u0103 pe distan\u021be lungi\" width=\"50\" height=\"50\" \/><img decoding=\"async\" class=\"alignnone wp-image-10180 size-full\" title=\"Binoclu pentru drume\u021bii montane\" src=\"https:\/\/ddoptics.shop\/wp-content\/uploads\/2016\/04\/Bergwandern-klein.jpg\" alt=\"Binoclu pentru drume\u021bii montane\" width=\"50\" height=\"50\" \/><br \/>\nNoul <strong>Optic\u0103 de fotografiere sportiv\u0103 cu MRAD \u0219i <span style=\"color: #ff0000;\"><strong><span class=\"userContent\">Tipul de sticl\u0103 Sticl\u0103 CT (Clear-Transmission) de la DDoptics<\/span><\/strong><\/span>. <\/strong>Op\u021bional, cu sistem inteligent<strong> <a title=\"NOU DDoptics IFiber punct luminat\" href=\"\/ro\/termen-tehnic-wiki\/inteligent-ddoptics-ifiber-light-point\/\" target=\"_blank\" rel=\"noopener noreferrer\">Punct de lumin\u0103 IFibre<\/a><\/strong> pentru <strong>doar 99,- \u20ac supratax\u0103.<\/strong><i class=\"delivery--status-icon delivery--status-more-is-coming\"><\/i><\/p>\n<a href=\"https:\/\/amzn.to\/3AMUzO6\" target=\"_blank\" class=\"button success is-success is-small\" rel=\"\u201dnofollow\u201d noopener\" >\n\t\t<span>client amazon? - folosi\u021bi beneficiile prime?<\/span>\n\t<\/a>","protected":false},"featured_media":21176,"comment_status":"open","ping_status":"closed","template":"","meta":{"inline_featured_image":false,"footnotes":""},"product_brand":[],"product_cat":[480,453,697,641,919,637,68],"product_tag":[587,78,80,940,1098,79],"class_list":{"0":"post-21141","1":"product","2":"type-product","3":"status-publish","4":"has-post-thumbnail","6":"product_cat-5-30x50","7":"product_cat-50-mm-objektivdurchmesser","8":"product_cat-mrad-klickverstellung","9":"product_cat-sportschiessen","10":"product_cat-v6-6-fach-zoom","11":"product_cat-zf-anwendung","12":"product_cat-zielfernrohr","13":"product_tag-5-30x50","14":"product_tag-ddoptics","15":"product_tag-gen-3","16":"product_tag-mrad-zielfernrohr","17":"product_tag-nighteagle","18":"product_tag-zielfernrohr","19":"product_shipping_class-paket","20":"pa_brand-marke-ddoptics","21":"pa_produkt-typ-zielfernrohr","23":"first","24":"instock","25":"sale","26":"taxable","27":"shipping-taxable","28":"purchasable","29":"product-type-bundle"},"bundled_by":[],"bundle_stock_status":"instock","bundle_stock_quantity":44,"bundle_virtual":false,"bundle_layout":"default","bundle_add_to_cart_form_location":"default","bundle_editable_in_cart":false,"bundle_sold_individually_context":"product","bundle_item_grouping":"parent","bundle_min_size":"","bundle_max_size":"","bundle_price":{"price":{"min":{"incl_tax":"1042.01","excl_tax":"868.34"},"max":{"incl_tax":"1146.32","excl_tax":"955.26"}},"regular_price":{"min":{"incl_tax":"1158.01","excl_tax":"965.01"},"max":{"incl_tax":"1273.9","excl_tax":"1061.58"}}},"bundled_items":[{"bundled_item_id":83,"product_id":12809,"menu_order":0,"quantity_min":1,"quantity_max":1,"quantity_default":1,"priced_individually":true,"shipped_individually":false,"override_title":true,"title":"","override_description":false,"description":"","optional":false,"hide_thumbnail":true,"discount":"","override_variations":true,"allowed_variations":[12810,12811],"override_default_variation_attributes":false,"default_variation_attributes":[],"single_product_visibility":"visible","cart_visibility":"visible","order_visibility":"visible","single_product_price_visibility":"visible","cart_price_visibility":"visible","order_price_visibility":"visible","stock_status":"in_stock"},{"bundled_item_id":84,"product_id":12812,"menu_order":1,"quantity_min":1,"quantity_max":1,"quantity_default":1,"priced_individually":true,"shipped_individually":false,"override_title":true,"title":"Aproape un cadou - capace flip","override_description":false,"description":"","optional":true,"hide_thumbnail":false,"discount":"68.55","override_variations":true,"allowed_variations":[12820],"override_default_variation_attributes":true,"default_variation_attributes":[{"id":17,"name":"Dimensiunea lunetei","option":"5-30x50"}],"single_product_visibility":"visible","cart_visibility":"visible","order_visibility":"visible","single_product_price_visibility":"visible","cart_price_visibility":"visible","order_price_visibility":"visible","stock_status":"in_stock"}],"bundle_sell_ids":[],"_links":{"self":[{"href":"https:\/\/ddoptics.shop\/ro\/wp-json\/wp\/v2\/product\/21141","targetHints":{"allow":["GET"]}}],"collection":[{"href":"https:\/\/ddoptics.shop\/ro\/wp-json\/wp\/v2\/product"}],"about":[{"href":"https:\/\/ddoptics.shop\/ro\/wp-json\/wp\/v2\/types\/product"}],"replies":[{"embeddable":true,"href":"https:\/\/ddoptics.shop\/ro\/wp-json\/wp\/v2\/comments?post=21141"}],"version-history":[{"count":34,"href":"https:\/\/ddoptics.shop\/ro\/wp-json\/wp\/v2\/product\/21141\/revisions"}],"predecessor-version":[{"id":29150,"href":"https:\/\/ddoptics.shop\/ro\/wp-json\/wp\/v2\/product\/21141\/revisions\/29150"}],"wp:featuredmedia":[{"embeddable":true,"href":"https:\/\/ddoptics.shop\/ro\/wp-json\/wp\/v2\/media\/21176"}],"wp:attachment":[{"href":"https:\/\/ddoptics.shop\/ro\/wp-json\/wp\/v2\/media?parent=21141"}],"wp:term":[{"taxonomy":"product_brand","embeddable":true,"href":"https:\/\/ddoptics.shop\/ro\/wp-json\/wp\/v2\/product_brand?post=21141"},{"taxonomy":"product_cat","embeddable":true,"href":"https:\/\/ddoptics.shop\/ro\/wp-json\/wp\/v2\/product_cat?post=21141"},{"taxonomy":"product_tag","embeddable":true,"href":"https:\/\/ddoptics.shop\/ro\/wp-json\/wp\/v2\/product_tag?post=21141"}],"curies":[{"name":"wp","href":"https:\/\/api.w.org\/{rel}","templated":true}]}}