{"id":23245,"date":"2020-08-12T10:24:47","date_gmt":"2020-08-12T08:24:47","guid":{"rendered":"https:\/\/ddoptics.shop\/?post_type=product&#038;p=23245"},"modified":"2025-10-03T14:12:14","modified_gmt":"2025-10-03T12:12:14","slug":"luneta-nighteagle-5-30x50-v6-a4n-mrad-gen-3","status":"publish","type":"product","link":"https:\/\/ddoptics.shop\/ro\/kaufen\/zielfernrohr-nighteagle-5-30x50-v6-a4n-mrad-gen-3\/","title":{"rendered":"Lunet\u0103 DDoptics Nighteagle 5-30\u00d750 | V6 | A4N | Reglare MRAD - Gen 3"},"content":{"rendered":"<div class=\"container section-title-container\" ><h3 class=\"section-title section-title-normal\"><b aria-hidden=\"true\"><\/b><span class=\"section-title-main\" ><i class=\"icon-cross\" aria-hidden=\"true\"><\/i>Scurt\u0103 prezentare a lunetei Nighteagle 5-30x50 de la DDoptics<\/span><b aria-hidden=\"true\"><\/b><\/h3><\/div>\n<table style=\"background-color: #cacaca; width: 100%;\">\n<tbody>\n<tr style=\"height: 24px;\">\n<td style=\"height: 24px; width: 20%;\">Tub<\/td>\n<td style=\"height: 24px; width: 30%;\">Tub mono de 30 mm<\/td>\n<td style=\"height: 24px; width: 20%;\">C\u00e2mpul vizual: m @100 m<\/td>\n<td style=\"height: 24px; width: 30%;\">7,2 - 1,1 m<\/td>\n<\/tr>\n<tr style=\"height: 24px;\">\n<td style=\"height: 24px; width: 20%;\">Sistem optic<\/td>\n<td style=\"height: 24px; width: 30%;\">5-30 de ori<\/td>\n<td style=\"height: 24px; width: 20%;\">Distan\u021ba interpupilar\u0103<\/td>\n<td style=\"height: 24px; width: 30%;\">90,5 mm - 91,5 mm<\/td>\n<\/tr>\n<tr style=\"height: 24px;\">\n<td style=\"height: 24px; width: 20%;\">Lentile<\/td>\n<td style=\"height: 24px; width: 30%;\">50 mm<\/td>\n<td style=\"height: 24px; width: 20%;\">Lungime<\/td>\n<td style=\"height: 24px; width: 30%;\">348 mm<\/td>\n<\/tr>\n<tr style=\"height: 24px;\">\n<td style=\"height: 24px; width: 20%;\">Reticul<\/td>\n<td style=\"height: 24px; width: 30%;\">Noua reticul\u0103 4 - v\u00e2n\u0103toare<\/td>\n<td style=\"height: 24px; width: 20%;\">Greutate<\/td>\n<td style=\"height: 24px; width: 30%;\">\u00a0742 g<\/td>\n<\/tr>\n<tr style=\"height: 24px;\">\n<td style=\"height: 24px; width: 20%;\">Punct de lumin\u0103<\/td>\n<td style=\"height: 24px; width: 30%;\">LP 2 sau iFibre<\/td>\n<td style=\"height: 24px; width: 20%;\">Protec\u021bie anticearc\u0103n<\/td>\n<td style=\"height: 24px; width: 30%;\">Umplere cu azot \u00eempotriva aburului<\/td>\n<\/tr>\n<tr style=\"height: 24px;\">\n<td style=\"height: 24px; width: 20%;\">Focalizare\/paralax\u0103<\/td>\n<td style=\"height: 24px; width: 30%;\">Lentile reglabile de la 20 m la infinit<\/td>\n<td style=\"height: 24px; width: 20%;\">\u00a0Str\u00e2nsoare<\/td>\n<td style=\"height: 24px; width: 30%;\">Rezistent la ap\u0103 \u0219i \u0219ocuri<\/td>\n<\/tr>\n<\/tbody>\n<\/table>\n<div class=\"row\"  id=\"row-913553522\">\n\n\t<div id=\"col-985922096\" class=\"col medium-8 small-12 large-8\"  >\n\t\t\t\t<div class=\"col-inner\"  >\n\t\t\t\n\t\t\t\n<h2>DDoptics Nighteagle 5-30\u00d750 V6 riflescope - pu\u0219c\u0103 puternic\u0103 cu zoom 6x pentru precizie de v\u00e2n\u0103toare la distan\u021be lungi \u0219i design de v\u00e2n\u0103toare<\/h2>\n<p>La <strong>Vedere telescopic\u0103\u00a0<\/strong>Nighteagle\u00a0<strong>5-30\u00d750 \u201cv\u00e2n\u0103toare<\/strong>\u201d este un sistem optic de \u00eenalt\u0103 performan\u021b\u0103 cu <a href=\"https:\/\/ddoptics.shop\/ro\/magazin\/vedere-telescopica\/v6-6x-zoom\/\" target=\"_blank\" rel=\"noopener noreferrer\">Zoom 6x<\/a> \u0219i tehnologie inovatoare. Cu pere\u021bi de cadru robust de 2 mm, acest aspect este chiar<strong> peste standardul militar.<\/strong><\/p>\n<p>Turelele mici \u0219i discrete de reglare a reticulului sunt fabricate dintr-un aliaj de aluminiu \u0219i nu con\u021bin piese din plastic.<\/p>\n<p>The<strong> Versiunea de v\u00e2n\u0103toare a vizorului optic tactic<\/strong> are, de asemenea, aceea\u0219i, exact aceea\u0219i <strong>Reglare tactic\u0103 cu clic definit\u0103, precis\u0103 \u0219i rezistent\u0103,<\/strong> \u0219i garanteaz\u0103 astfel o precizie absolut\u0103 \u0219i acurate\u021bea repeti\u021biei.<\/p>\n<p>5-30\u00d750 - luneta perfect\u0103 pentru v\u00e2n\u0103toarea la distan\u021be mari<\/p>\n<h3>ZF 5-30\u00d750 are o m\u0103rire mare - chiar \u0219i \u00een lumin\u0103 slab\u0103<\/h3>\n<p>The <strong>V\u00e2n\u0103toarea pe suprafe\u021be mari de teren este o provocare pentru optica de ochire<\/strong> mult. M\u0103ririle mari fac posibil\u0103 reac\u021bia fiabil\u0103 la distan\u021be mari, dar este important ca luminozitatea imaginii s\u0103 fie \u00eenc\u0103 utilizabil\u0103 chiar \u0219i atunci c\u00e2nd se utilizeaz\u0103 o m\u0103rire mare.<\/p>\n<p>Este exact \u00een acest scop c\u0103<strong> Optic\u0103 de v\u00e2n\u0103toare 5-30\u00d750<\/strong> creat.<\/p>\n<p>The<strong> design de v\u00e2n\u0103toare discret<\/strong> ascunde discret performan\u021bele lunetei. Turelele mici de reglare a reticulelor nu sunt cu nimic inferioare turelelor mari de reglare tactic\u0103 \u00een ceea ce prive\u0219te u\u0219urin\u021ba \u00een utilizare.<\/p>\n<h3>Performan\u021ba optic\u0103 a lunetei 5-30\u00d750<\/h3>\n<p>Optica HD extra elaborat\u0103 ofer\u0103 un grad ridicat de claritate optic\u0103 datorit\u0103 acoperirii special dezvoltate pentru aceast\u0103 optic\u0103, <strong>f\u0103r\u0103 reflexii sau lumin\u0103 vagabond\u0103<\/strong> permite ob\u021binerea unei imagini cu contrast ridicat \u0219i culori reale chiar \u0219i la o m\u0103rire de 30x cu <strong>propriet\u0103\u021bi remarcabile de definire a marginilor.<\/strong><\/p>\n<p>\u00cen special, franjurile de culoare au fost reduse la minimum. Acest lucru \u00eenseamn\u0103 c\u0103 <strong>Nighteagle 5-30\u00d750 tactic<\/strong> poate fi, de asemenea, utilizat ca lunet\u0103 \u0219i pentru \u021bintirea fiabil\u0103 la distan\u021be mari.<\/p>\n\t\t<\/div>\n\t\t\t\t\t<\/div>\n\n\t\n\n\t<div id=\"col-629442727\" class=\"col medium-4 small-12 large-4\"  >\n\t\t\t\t<div class=\"col-inner\"  >\n\t\t\t\n\t\t\t\n<a class=\"button primary expand\" >\n\t\t<span>Caracteristici speciale lunet\u0103<\/span>\n\t<\/a>\n\n\n\t<section class=\"section\" id=\"section_69752724\">\n\t\t<div class=\"section-bg fill\" >\n\t\t\t\t\t\t\t\t\t<div class=\"section-bg-overlay absolute fill\"><\/div>\n\t\t\t\n\n\t\t<\/div>\n\n\t\t\n\n\t\t<div class=\"section-content relative\">\n\t\t\t\n\t<div class=\"img has-hover x md-x lg-x y md-y lg-y\" id=\"image_1799182646\">\n\t\t<a class=\"\" href=\"https:\/\/www.ddoptics.de\/garantiebestimmungen\" target=\"_blank\" rel=\"no follow noopener\">\t\t\t\t\t\t<div class=\"img-inner dark\" >\n\t\t\t<img decoding=\"async\" width=\"352\" height=\"160\" src=\"https:\/\/ddoptics.shop\/wp-content\/uploads\/2014\/09\/DDoptics-Garantie.jpg\" class=\"attachment-large size-large\" alt=\"Garan\u021bia DDoptics\" srcset=\"https:\/\/ddoptics.shop\/wp-content\/uploads\/2014\/09\/DDoptics-Garantie.jpg 352w, https:\/\/ddoptics.shop\/wp-content\/uploads\/2014\/09\/DDoptics-Garantie-304x138.jpg 304w, https:\/\/ddoptics.shop\/wp-content\/uploads\/2014\/09\/DDoptics-Garantie-305x139.jpg 305w, https:\/\/ddoptics.shop\/wp-content\/uploads\/2014\/09\/DDoptics-Garantie-250x114.jpg 250w\" sizes=\"(max-width: 352px) 100vw, 352px\" title=\"\">\t\t\t\t\t\t\n\t\t\t\t\t<\/div>\n\t\t\t\t\t\t<\/a>\t\t\n<style>\n#image_1799182646 {\n  width: 100%;\n}\n<\/style>\n\t<\/div>\n\t\n\t<div id=\"gap-317564154\" class=\"gap-element clearfix\" style=\"display:block; height:auto;\">\n\t\t\n<style>\n#gap-317564154 {\n  padding-top: 15px;\n}\n<\/style>\n\t<\/div>\n\t\n\t<div id=\"text-288415119\" class=\"text\">\n\t\t\n<p><span style=\"font-size: 80%;\"><em>\u21d2 Sticl\u0103 CT nou\u0103 ( transmisie clar\u0103 )<\/em><\/span><br \/>\n<span style=\"font-size: 80%;\"><em>\u21d2 Zerostop ( pentru oprire la zero )<\/em><\/span><br \/>\n<span style=\"font-size: 80%;\"><em>\u21d2 R\u0103sturnare dubl\u0103 (scalare dubl\u0103)<\/em><\/span><br \/>\n<span style=\"font-size: 80%;\"><em>\u21d2 Reglare orizontal\u0103 \u00een sensul invers acelor de ceasornic. Scar\u0103 ( v\u00e2nt st\u00e2nga - dreapta )<\/em><\/span><br \/>\n<span style=\"font-size: 80%;\"><em>\u21d2 rezolu\u021bie foarte mare<\/em><\/span><br \/>\n<span style=\"font-size: 80%;\"><em>\u21d2 versiune de v\u00e2n\u0103toare discret\u0103 cu turele mici<\/em><\/span><br \/>\n<span style=\"font-size: 80%;\"><em>\u21d2 NOU: Punct iluminat cu fibr\u0103 optic\u0103 - punct iluminat iFibre op\u021bional<\/em><\/span><br \/>\n<span style=\"font-size: 80%;\"><em>\u21d2 30 de ani garan\u021bie DDoptics<\/em><\/span><br \/>\n<span style=\"font-size: 80%;\"><em>\u21d2 Noul reticul 4: al doilea plan al imaginii<\/em><\/span><br \/>\n<span style=\"font-size: 80%;\"><em>\u21d2 Precizia absolut\u0103 a randamentului<\/em><\/span><br \/>\n<span style=\"font-size: 80%;\"><em>\u21d2 Transmisie extrem\u0103 a luminii p\u00e2n\u0103 la 94,7%<\/em><\/span><br \/>\n<span style=\"font-size: 80%;\"><em>\u21d2 Test antiglon\u021b: <a href=\"https:\/\/de.wikipedia.org\/wiki\/.375_Holland_%26_Holland_Magnum\" target=\"_blank\" rel=\"noopener noreferrer\">375 H&amp;H<\/a> 1000 fotografii<\/em><\/span><br \/>\n<span style=\"font-size: 80%;\"><em>\u21d2 Func\u021bia de lunet\u0103 datorit\u0103 m\u0103ririi mari<\/em><\/span><br \/>\n<span style=\"font-size: 80%;\"><em>\u21d2 Compensarea paralaxei reglabil\u0103 la infinit<\/em><\/span><br \/>\n<span style=\"font-size: 80%;\"><em>\u21d2 Fotografii foarte lungi posibile<\/em><\/span><\/p>\n\t\t\n<style>\n#text-288415119 {\n  line-height: 1.15;\n  color: rgb(33, 107, 227);\n}\n#text-288415119 > * {\n  color: rgb(33, 107, 227);\n}\n<\/style>\n\t<\/div>\n\t\n\t\t<\/div>\n\n\t\t\n<style>\n#section_69752724 {\n  padding-top: 30px;\n  padding-bottom: 30px;\n  background-color: rgb(232, 232, 232);\n}\n#section_69752724 .section-bg-overlay {\n  background-color: rgba(255,255,255,.5);\n}\n<\/style>\n\t<\/section>\n\t\n<div class=\"is-divider divider clearfix\" ><\/div>\n\t\t<\/div>\n\t\t\t\t\t<\/div>\n\n\t\n<\/div>\n<h3>V\u00e2n\u0103toare <a href=\"https:\/\/de.wikipedia.org\/wiki\/Absehen\" target=\"_blank\" rel=\"noopener sponsored\" data-schema-attribute=\"\">A4N reticul luminat<\/a><\/h3>\n<p>The <strong>luneta Nighteagle 5-30\u00d750<\/strong> - A4N are reticul de succes, modern 4 N.<\/p>\n<h3>Noul reticul 4N pentru acoperire minim\u0103 a \u021bintei<\/h3>\n<p>Privind prin <strong>Noua genera\u021bie de lunete de pu\u0219c\u0103 3<\/strong>\u00a0privitorul recunoa\u0219te imediat designul practic:<br \/>\nLiniile transversale din reticulul 4 sunt mult mai fine, iar barele exterioare u\u0219or mai groase au doar jum\u0103tate din grosime \u0219i sunt mult mai \u00eendep\u0103rtate.<\/p>\n<p>Acesta este un mare avantaj, \u00een special pentru v\u00e2n\u0103tori \u00een condi\u021bii de lumin\u0103 slab\u0103, deoarece<strong> \u021ainta este foarte pu\u021bin ascuns\u0103<\/strong> \u0219i, astfel, o oprire rapid\u0103 \u0219i sigur\u0103 este sus\u021binut\u0103 \u00een mod optim.<\/p>\n<p>The <strong>Reticulul este situat \u00een planul imaginii ocularului ( al doilea plan al imaginii ).<\/strong> Aceasta \u00eenseamn\u0103 c\u0103 r\u0103m\u00e2ne \u00eentotdeauna de aceea\u0219i dimensiune atunci c\u00e2nd se schimb\u0103 m\u0103rirea. Chiar \u0219i la o m\u0103rire de 30x, punctul de reper ascunde \u021binta doar cu 3,91 mm la o distan\u021b\u0103 de tragere de 100 m, iar c\u00e2mpul vizual este \u00eenc\u0103 de 1,1 m la 100 m la aceast\u0103 m\u0103rire maxim\u0103.<\/p>\n<p>Vizorul optic permite o ochire rapid\u0103 ca fulgerul. Reticulul se ajusteaz\u0103 cu o optime de MOA (minut de unghi) pe clic, adic\u0103 cu 3,65 mm la 100 de metri. Aceasta corespunde unei modific\u0103ri a punctului de impact de aproximativ 10 mm per clic la 300 de metri.<\/p>\n<p><strong>Caracteristici noi<\/strong><\/p>\n<p>Ce este nou la ultima genera\u021bie de lunete?<br \/>\nLa prima vedere, 3 schimb\u0103ri atrag imediat aten\u021bia.<\/p>\n<p>1. inelul de reglare a m\u0103ririi a fost modificat vizibil \u0219i ofer\u0103 acum o prindere mai bun\u0103 datorit\u0103 structurii sale mai grosiere.<br \/>\n2. reticulul 4 a devenit mult mai fin \u0219i ofer\u0103 mai mult spa\u021biu \u00een centru.<br \/>\n3. reglarea reticulului este realizat\u0103 din metal, este mai clar definit\u0103 \u0219i are dubl\u0103 \u00eentoarcere \u0219i Zerostop.<\/p>\n<h3>Mecanism de reglare robust pentru utilizare dificil\u0103 cu Zerostop &amp; ASV<\/h3>\n<p>The <strong>Turele de reglare a reticulelor lunetelor DDoptics Generation 3<\/strong>\u00a0sunt fabricate dintr-un aliaj robust de aluminiu \u0219i nu con\u021bin piese din plastic.<br \/>\nToate piesele din aluminiu sunt acoperite cu noul finisaj, care nu este lucios, <strong>Acoperire anodizat\u0103 neagr\u0103 fin\u0103 DDoptics<\/strong> furnizate.<\/p>\n<p>Mecanismul de reglare a fost convertit la versiunea tactic\u0103, ceea ce \u00eenseamn\u0103 c\u0103 nu este doar foarte rezistent la \u0219ocuri \u0219i complet rezistent la ap\u0103, ci \u0219i greu de rulat \u0219i, prin urmare, protejat \u00eempotriva ajust\u0103rii neinten\u021bionate. Aceasta \u00eenseamn\u0103 c\u0103 reglarea reticulului poate fi utilizat\u0103 \u0219i \u201edeschis\u0103\u201c \u00een v\u00e2n\u0103toarea de zi cu zi, adic\u0103 f\u0103r\u0103 un capac cu \u0219urub, pentru a putea regla rapid reticulul \u00een func\u021bie de situa\u021bie.<\/p>\n<h3>Reglare rapid\u0103 a reticulului cu Zerostop<\/h3>\n<p>La o <strong>scar\u0103 dubl\u0103 (tur\u0103 dubl\u0103) pe turnul de reglare a \u00een\u0103l\u021bimii<\/strong> num\u0103rul de reglaje prin clic efectuate poate fi citit \u0219i setat corespunz\u0103tor.<br \/>\nDup\u0103 tragere, reglarea reticulului poate fi \u201eresetat\u0103\u201c.<\/p>\n<p>Inelul Zerostop este apoi rotit p\u00e2n\u0103 la cap\u0103t, dup\u0103 care setarea zero este contracarat\u0103 de jos cu ajutorul inelului Zerostop pentru a ob\u021bine o oprire la pozi\u021bia zero.<\/p>\n<p>Pornind de la pozi\u021bia zero - presupun\u00e2nd cunoa\u0219terea etichet\u0103rii - pute\u021bi <strong>Diferite distan\u021be de tragere prin intermediul unui sistem de marcare<\/strong> pot fi presetate.<\/p>\n<p>Turela de v\u00e2nt este etichetat\u0103 cu dou\u0103 sc\u0103ri contra-rotative; pornind de la setarea zero, reticul poate fi presetat aici \u00een func\u021bie de direc\u021bia \u0219i puterea v\u00e2ntului sau de orice mi\u0219care a \u021bintei.<\/p>\n<p>Compensarea paralaxei garanteaz\u0103 o imagine extrem de clar\u0103 \u0219i f\u0103r\u0103 oboseal\u0103 de la doar 25 de metri la toate set\u0103rile de m\u0103rire \u0219i corecteaz\u0103 eroarea de fotografiere cauzat\u0103 de vederea oblic\u0103.<\/p>","protected":false},"excerpt":{"rendered":"<p><img decoding=\"async\" class=\"alignnone wp-image-10452 size-full\" title=\"Tragere la \u021bint\u0103\" src=\"https:\/\/ddoptics.shop\/wp-content\/uploads\/2016\/07\/Target-Schiessen.jpg\" alt=\"Tragere la \u021bint\u0103\" width=\"50\" height=\"50\" \/><img decoding=\"async\" class=\"alignnone wp-image-10178 size-full\" title=\"V\u00e2n\u0103toare montan\u0103\" src=\"https:\/\/ddoptics.shop\/wp-content\/uploads\/2016\/04\/Gebirgsjagd-klein.jpg\" alt=\"Binoclu de v\u00e2n\u0103toare de munte\" width=\"50\" height=\"50\" \/><br \/>\nNoul <strong>Optic\u0103 \u021bint\u0103 cu <strong>mai nou <\/strong><span style=\"color: #ff0000;\"><strong><span class=\"userContent\">Sticl\u0103 tip CT (Clear-Transmission) de la DDoptics.<\/span><\/strong><\/span><\/strong> Op\u021bional <strong><a title=\"NOU DDoptics IFiber punct luminat\" href=\"\/ro\/termen-tehnic-wiki\/inteligent-ddoptics-ifiber-light-point\/\" target=\"_blank\" rel=\"noopener noreferrer\">Punct de lumin\u0103 IFibre<\/a><\/strong> pentru <strong>doar 99,- \u20ac supratax\u0103.<\/strong><\/p>\n<a href=\"https:\/\/amzn.to\/3PlT7Gn\" target=\"_blank\" class=\"button success is-success is-small\" rel=\"\u201dnofollow\u201d noopener\" >\n\t\t<span>client amazon? - folosi\u021bi beneficiile prime?<\/span>\n\t<\/a>","protected":false},"featured_media":23250,"comment_status":"open","ping_status":"closed","template":"","meta":{"inline_featured_image":false,"footnotes":""},"product_brand":[],"product_cat":[480,453,638,697,640,919,637,68],"product_tag":[587,78,80,696,1098,956,79],"class_list":{"0":"post-23245","1":"product","2":"type-product","3":"status-publish","4":"has-post-thumbnail","6":"product_cat-5-30x50","7":"product_cat-50-mm-objektivdurchmesser","8":"product_cat-ansitzjagd","9":"product_cat-mrad-klickverstellung","10":"product_cat-pirschjagd-und-gebirgsjagd","11":"product_cat-v6-6-fach-zoom","12":"product_cat-zf-anwendung","13":"product_cat-zielfernrohr","14":"product_tag-5-30x50","15":"product_tag-ddoptics","16":"product_tag-gen-3","17":"product_tag-mrad","18":"product_tag-nighteagle","19":"product_tag-v6","20":"product_tag-zielfernrohr","21":"product_shipping_class-paket","22":"pa_brand-marke-ddoptics","23":"pa_produkt-typ-zielfernrohr","25":"first","26":"outofstock","27":"sale","28":"taxable","29":"shipping-taxable","30":"purchasable","31":"product-type-bundle"},"bundled_by":[],"bundle_stock_status":"outofstock","bundle_stock_quantity":0,"bundle_virtual":false,"bundle_layout":"default","bundle_add_to_cart_form_location":"default","bundle_editable_in_cart":false,"bundle_sold_individually_context":"product","bundle_item_grouping":"parent","bundle_min_size":"","bundle_max_size":"","bundle_price":{"price":{"min":{"incl_tax":"799.01","excl_tax":"665.84"},"max":{"incl_tax":"903.32","excl_tax":"752.76"}},"regular_price":{"min":{"incl_tax":"1095.01","excl_tax":"912.51"},"max":{"incl_tax":"1210.9","excl_tax":"1009.08"}}},"bundled_items":[{"bundled_item_id":93,"product_id":12809,"menu_order":0,"quantity_min":1,"quantity_max":1,"quantity_default":1,"priced_individually":true,"shipped_individually":false,"override_title":true,"title":"","override_description":false,"description":"","optional":false,"hide_thumbnail":false,"discount":"","override_variations":true,"allowed_variations":[12810,12811],"override_default_variation_attributes":false,"default_variation_attributes":[],"single_product_visibility":"visible","cart_visibility":"visible","order_visibility":"visible","single_product_price_visibility":"visible","cart_price_visibility":"visible","order_price_visibility":"visible","stock_status":"in_stock"},{"bundled_item_id":94,"product_id":12812,"menu_order":1,"quantity_min":1,"quantity_max":1,"quantity_default":1,"priced_individually":true,"shipped_individually":false,"override_title":true,"title":"Set de capace de protec\u021bie aproape ca un cadou","override_description":true,"description":"","optional":true,"hide_thumbnail":false,"discount":"68.55","override_variations":true,"allowed_variations":[12820],"override_default_variation_attributes":true,"default_variation_attributes":[{"id":17,"name":"Dimensiunea lunetei","option":"5-30x50"}],"single_product_visibility":"visible","cart_visibility":"visible","order_visibility":"visible","single_product_price_visibility":"visible","cart_price_visibility":"visible","order_price_visibility":"visible","stock_status":"in_stock"}],"bundle_sell_ids":[],"_links":{"self":[{"href":"https:\/\/ddoptics.shop\/ro\/wp-json\/wp\/v2\/product\/23245","targetHints":{"allow":["GET"]}}],"collection":[{"href":"https:\/\/ddoptics.shop\/ro\/wp-json\/wp\/v2\/product"}],"about":[{"href":"https:\/\/ddoptics.shop\/ro\/wp-json\/wp\/v2\/types\/product"}],"replies":[{"embeddable":true,"href":"https:\/\/ddoptics.shop\/ro\/wp-json\/wp\/v2\/comments?post=23245"}],"version-history":[{"count":11,"href":"https:\/\/ddoptics.shop\/ro\/wp-json\/wp\/v2\/product\/23245\/revisions"}],"predecessor-version":[{"id":29143,"href":"https:\/\/ddoptics.shop\/ro\/wp-json\/wp\/v2\/product\/23245\/revisions\/29143"}],"wp:featuredmedia":[{"embeddable":true,"href":"https:\/\/ddoptics.shop\/ro\/wp-json\/wp\/v2\/media\/23250"}],"wp:attachment":[{"href":"https:\/\/ddoptics.shop\/ro\/wp-json\/wp\/v2\/media?parent=23245"}],"wp:term":[{"taxonomy":"product_brand","embeddable":true,"href":"https:\/\/ddoptics.shop\/ro\/wp-json\/wp\/v2\/product_brand?post=23245"},{"taxonomy":"product_cat","embeddable":true,"href":"https:\/\/ddoptics.shop\/ro\/wp-json\/wp\/v2\/product_cat?post=23245"},{"taxonomy":"product_tag","embeddable":true,"href":"https:\/\/ddoptics.shop\/ro\/wp-json\/wp\/v2\/product_tag?post=23245"}],"curies":[{"name":"wp","href":"https:\/\/api.w.org\/{rel}","templated":true}]}}