{"id":23519,"date":"2021-02-05T14:50:03","date_gmt":"2021-02-05T13:50:03","guid":{"rendered":"https:\/\/ddoptics.shop\/?post_type=product&#038;p=23519"},"modified":"2025-10-14T11:44:52","modified_gmt":"2025-10-14T09:44:52","slug":"nighteagle-v6-1-6x24-gen-3-a4n-mrad","status":"publish","type":"product","link":"https:\/\/ddoptics.shop\/ro\/kaufen\/nighteagle-v6-1-6x24-gen-3-a4n-mrad\/","title":{"rendered":"Nighteagle V6 1-6\u00d724 Gen 3 de la DDoptics | A4N | MRAD"},"content":{"rendered":"<div class=\"container section-title-container\" ><h3 class=\"section-title section-title-normal\"><b aria-hidden=\"true\"><\/b><span class=\"section-title-main\" ><i class=\"icon-cross\" aria-hidden=\"true\"><\/i>Scurt\u0103 prezentare a lunetei DDoptics V6 1-6x24 Gen 3 MRAD<\/span><b aria-hidden=\"true\"><\/b><\/h3><\/div>\n<table style=\"background-color: #cacaca; width: 100%;\">\n<tbody>\n<tr style=\"height: 24px;\">\n<td style=\"height: 24px; width: 20%;\"><strong>Tub<\/strong><\/td>\n<td style=\"height: 24px; width: 30%;\">Tub mono de 30 mm<\/td>\n<td style=\"height: 24px; width: 20%;\"><strong>C\u00e2mpul vizual: m @100m<\/strong><\/td>\n<td style=\"height: 24px; width: 30%;\">37,8 - 6,3 m<\/td>\n<\/tr>\n<tr style=\"height: 24px;\">\n<td style=\"height: 24px; width: 20%;\"><strong>Sistem optic<\/strong><\/td>\n<td style=\"height: 24px; width: 30%;\">1-6 ori<\/td>\n<td style=\"height: 24px; width: 20%;\">\u00a0<strong>Distan\u021ba interpupilar\u0103<\/strong><\/td>\n<td style=\"height: 24px; width: 30%;\">99 - 100 mm<\/td>\n<\/tr>\n<tr style=\"height: 24px;\">\n<td style=\"height: 24px; width: 20%;\"><strong>Lentile<\/strong><\/td>\n<td style=\"height: 24px; width: 30%;\">24 mm<\/td>\n<td style=\"height: 24px; width: 20%;\">\u00a0<strong>Lungime<\/strong><\/td>\n<td style=\"height: 24px; width: 30%;\">261 mm<\/td>\n<\/tr>\n<tr style=\"height: 24px;\">\n<td style=\"height: 24px; width: 20%;\"><strong>Reticul<\/strong><\/td>\n<td style=\"height: 24px; width: 30%;\">A4N<\/td>\n<td style=\"height: 24px; width: 20%;\">\u00a0<strong>Greutate<\/strong><\/td>\n<td style=\"height: 24px; width: 30%;\">535 g<\/td>\n<\/tr>\n<tr style=\"height: 24px;\">\n<td style=\"height: 24px; width: 20%;\"><strong>Punct de lumin\u0103<\/strong><\/td>\n<td style=\"height: 24px; width: 30%;\">Standard sau iFibre<\/td>\n<td style=\"height: 24px; width: 20%;\">\u00a0<strong>Protec\u021bie anticearc\u0103n<\/strong><\/td>\n<td style=\"height: 24px; width: 30%;\">Umplere cu azot \u00eempotriva aburului<\/td>\n<\/tr>\n<tr style=\"height: 24px;\">\n<td style=\"height: 24px; width: 20%;\"><strong>Focalizare\/paralax\u0103<\/strong><\/td>\n<td style=\"height: 24px; width: 30%;\">Lentile reglabile de la 25 m la infinit<\/td>\n<td style=\"height: 24px; width: 20%;\">\u00a0<strong>Str\u00e2nsoare<\/strong><\/td>\n<td style=\"height: 24px; width: 30%;\">Rezistent la ap\u0103 \u0219i la impact<\/td>\n<\/tr>\n<\/tbody>\n<\/table>\n<div class=\"row\"  id=\"row-1165289421\">\n\n\t<div id=\"col-1369607665\" class=\"col medium-8 small-12 large-8\"  >\n\t\t\t\t<div class=\"col-inner\"  >\n\t\t\t\n\t\t\t\n<h2>Proiectil Nighteagle 1-6\u00d724 V6 de la DDoptics - proiectil compact cu zoom 6x, reticul A4B \u0219i reglare MRAD - 1 cm \/ 100 m per clic<\/h2>\n<blockquote><p>Noua genera\u021bie a 3-a de lunete DDoptics<\/p><\/blockquote>\n<p>Ca toate opticile de ochire de genera\u021bia a 3-a, <strong>DDoptics V6 1-6\u00d724 HDX<\/strong> despre aceste caracteristici.<\/p>\n<p>\u00cen plus fa\u021b\u0103 de optica \u00eembun\u0103t\u0103\u021bit\u0103 (acoperire mai bun\u0103, sticl\u0103 CT, mai pu\u021bine erori de centrare \u0219i transmisie mai mare a luminii), este mai presus de toate noile turnuri metalice cu 0,1 <a href=\"https:\/\/ddoptics.shop\/ro\/termen-tehnic\/calculul-minutei-unghiulare-sau-moa-pentru-luneta\/\" target=\"_blank\" rel=\"noopener noreferrer\">MRAD<\/a> Reglarea clicului, inclusiv Zerostop \u0219i reticul Corsshair nou dezvoltat, care este realizat din acest <strong>luneta DDoptics<\/strong> face ceva foarte special.<\/p>\n<h3>DDoptics V6 - lunet\u0103 1-6\u00d724 cu c\u00e2mp vizual ultra larg<\/h3>\n<p>The <strong>Optic\u0103 \u021bint\u0103 DDoptics 1-6\u00d724 V6<\/strong> HDX nu las\u0103 nimic de dorit de c\u0103tre v\u00e2n\u0103torii exigen\u021bi c\u00e2nd vine vorba de lunete moderne pentru v\u00e2n\u0103toare.<\/p>\n<p>Cu un compact <strong>O lungime total\u0103 de 261 mm, o greutate de 500 g \u0219i un diametru al tubului de 30 mm<\/strong> luneta este la \u00eendem\u00e2n\u0103 \u0219i se potrive\u0219te pe orice pu\u0219c\u0103. Acest lunetist este echipat cu un c\u00e2mp vizual extrem de larg de 37,8 m la 100 m.<\/p>\n<p>The <strong>Riflescope de v\u00e2n\u0103toare condus<\/strong> corespunde unui reticul cu punct ro\u0219u la cel mai mic nivel de m\u0103rire \u0219i garanteaz\u0103 astfel unul dintre cele mai importante puncte atunci c\u00e2nd v\u00e2na\u021bi \u00een mi\u0219care, \u0219i anume achizi\u021bia rapid\u0103 a \u021bintei. Noul <strong>Reticul A4N<\/strong> a fost dezvoltat special pentru v\u00e2n\u0103toarea \u00een v\u00e2nat.<\/p>\n\t\t<\/div>\n\t\t\t\t\t<\/div>\n\n\t\n\n\t<div id=\"col-304563378\" class=\"col medium-4 small-12 large-4\"  >\n\t\t\t\t<div class=\"col-inner\"  >\n\t\t\t\n\t\t\t\n<a class=\"button primary expand\" >\n\t\t<span>Caracteristici speciale lunet\u0103<\/span>\n\t<\/a>\n\n\n\t<section class=\"section\" id=\"section_1067906840\">\n\t\t<div class=\"section-bg fill\" >\n\t\t\t\t\t\t\t\t\t<div class=\"section-bg-overlay absolute fill\"><\/div>\n\t\t\t\n\n\t\t<\/div>\n\n\t\t\n\n\t\t<div class=\"section-content relative\">\n\t\t\t\n\t<div class=\"img has-hover x md-x lg-x y md-y lg-y\" id=\"image_182946473\">\n\t\t<a class=\"\" href=\"https:\/\/www.ddoptics.de\/garantiebestimmungen\" target=\"_blank\" rel=\"no follow noopener\">\t\t\t\t\t\t<div class=\"img-inner dark\" >\n\t\t\t<img decoding=\"async\" width=\"352\" height=\"160\" src=\"https:\/\/ddoptics.shop\/wp-content\/uploads\/2014\/09\/DDoptics-Garantie.jpg\" class=\"attachment-large size-large\" alt=\"Garan\u021bia DDoptics\" srcset=\"https:\/\/ddoptics.shop\/wp-content\/uploads\/2014\/09\/DDoptics-Garantie.jpg 352w, https:\/\/ddoptics.shop\/wp-content\/uploads\/2014\/09\/DDoptics-Garantie-304x138.jpg 304w, https:\/\/ddoptics.shop\/wp-content\/uploads\/2014\/09\/DDoptics-Garantie-305x139.jpg 305w, https:\/\/ddoptics.shop\/wp-content\/uploads\/2014\/09\/DDoptics-Garantie-250x114.jpg 250w\" sizes=\"(max-width: 352px) 100vw, 352px\" title=\"\">\t\t\t\t\t\t\n\t\t\t\t\t<\/div>\n\t\t\t\t\t\t<\/a>\t\t\n<style>\n#image_182946473 {\n  width: 100%;\n}\n<\/style>\n\t<\/div>\n\t\n\t<div id=\"gap-748706526\" class=\"gap-element clearfix\" style=\"display:block; height:auto;\">\n\t\t\n<style>\n#gap-748706526 {\n  padding-top: 15px;\n}\n<\/style>\n\t<\/div>\n\t\n\t<div id=\"text-4013727317\" class=\"text\">\n\t\t\n<p><span style=\"font-size: 80%;\"><em>\u21d2 Reglarea reticulului metalic<\/em><\/span><br \/>\n<span style=\"font-size: 80%;\"><em><strong>\u21d2 Sticl\u0103 CT<\/strong> (transmisie clar\u0103)<\/em><\/span><br \/>\n<span style=\"font-size: 80%;\"><em><strong>\u21d2 Scalare dubl\u0103<\/strong><\/em><\/span><br \/>\n<span style=\"font-size: 80%;\"><em>\u21d2 Transmisie extrem\u0103 a luminii p\u00e2n\u0103 la 94,7%<\/em><\/span><br \/>\n<span style=\"font-size: 80%;\"><em><strong>\u21d2 Detent tactic dur cu clic<\/strong><\/em><\/span><br \/>\n<span style=\"font-size: 80%;\"><em><strong>\u21d2 IFiber Control<\/strong> posibil<\/em><\/span><br \/>\n<span style=\"font-size: 80%;\"><em><strong>\u21d2 Reticul A4N<\/strong> \u00een al doilea plan al imaginii<\/em><\/span><br \/>\n<span style=\"font-size: 80%;\"><em>\u21d2 Oprire la zero \/ <strong>Zerostop<\/strong><\/em><\/span><br \/>\n<span style=\"font-size: 80%;\"><em>\u21d2 Test antiglon\u021b: <a href=\"https:\/\/de.wikipedia.org\/wiki\/.375_Holland_%26_Holland_Magnum\" target=\"_blank\" rel=\"noopener sponsored\" data-schema-attribute=\"\">375 H&amp;H<\/a> 1000 fotografii<\/em><\/span><br \/>\n<span style=\"font-size: 80%;\"><em><strong>\u21d2 Compensarea paralaxei reglabil\u0103 la infinit<\/strong><\/em><\/span><br \/>\n<span style=\"font-size: 80%;\"><em>\u21d2 Deten\u021bie tactic\u0103 dur\u0103, cu clic de 0,1 MRAD (1cm\/clic)<\/em><\/span><br \/>\n<span style=\"font-size: 80%;\"><em>\u21d2 Curs\u0103 de reglare 484 clicuri<\/em><\/span><br \/>\n\t\t\n<style>\n#text-4013727317 {\n  line-height: 1.15;\n  color: rgb(33, 107, 227);\n}\n#text-4013727317 > * {\n  color: rgb(33, 107, 227);\n}\n<\/style>\n\t<\/div>\n\t\n\t\t<\/div>\n\n\t\t\n<style>\n#section_1067906840 {\n  padding-top: 30px;\n  padding-bottom: 30px;\n  background-color: rgb(232, 232, 232);\n}\n#section_1067906840 .section-bg-overlay {\n  background-color: rgba(255,255,255,.5);\n}\n<\/style>\n\t<\/section>\n\t\n\t\t<\/div>\n\t\t\t\t\t<\/div>\n\n\t\n<\/div>\n\t<div class=\"img has-hover x md-x lg-x y md-y lg-y\" id=\"image_621934790\">\n\t\t\t\t\t\t\t\t<div class=\"img-inner dark\" >\n\t\t\t<img decoding=\"async\" width=\"1020\" height=\"295\" src=\"https:\/\/ddoptics.shop\/wp-content\/uploads\/2018\/01\/Zeichnung-V6-1-6x24.jpg\" class=\"attachment-large size-large\" alt=\"DDoptics pu\u0219c\u0103 V6 1-6x24 desen\" srcset=\"https:\/\/ddoptics.shop\/wp-content\/uploads\/2018\/01\/Zeichnung-V6-1-6x24.jpg 1400w, https:\/\/ddoptics.shop\/wp-content\/uploads\/2018\/01\/Zeichnung-V6-1-6x24-304x88.jpg 304w, https:\/\/ddoptics.shop\/wp-content\/uploads\/2018\/01\/Zeichnung-V6-1-6x24-305x88.jpg 305w, https:\/\/ddoptics.shop\/wp-content\/uploads\/2018\/01\/Zeichnung-V6-1-6x24-632x183.jpg 632w, https:\/\/ddoptics.shop\/wp-content\/uploads\/2018\/01\/Zeichnung-V6-1-6x24-800x231.jpg 800w, https:\/\/ddoptics.shop\/wp-content\/uploads\/2018\/01\/Zeichnung-V6-1-6x24-250x72.jpg 250w, https:\/\/ddoptics.shop\/wp-content\/uploads\/2018\/01\/Zeichnung-V6-1-6x24-510x148.jpg 510w\" sizes=\"(max-width: 1020px) 100vw, 1020px\" title=\"\">\t\t\t\t\t\t\n\t\t\t\t\t<\/div>\n\t\t\t\t\t\t\t\t\n<style>\n#image_621934790 {\n  width: 100%;\n}\n<\/style>\n\t<\/div>\n\t\n<div class=\"is-divider divider clearfix\" ><\/div>\n<h3>Zoom mare, pupil\u0103 de ie\u0219ire impresionant\u0103 cu DDoptics V6 1-6\u00d724<\/h3>\n<p>Datorit\u0103 <strong>Gama de zoom 6x este posibil\u0103 cu 1-6\u00d724 V6 HDX<\/strong> de asemenea, responsabil pentru \u00eempu\u0219c\u0103turile la distan\u021be mai mari. De exemplu, dac\u0103 v\u00e2natul se deplaseaz\u0103 mult \u00een fa\u021ba v\u00e2n\u0103torilor sau a\u0219teapt\u0103.<\/p>\n<p>O garan\u021bie suplimentar\u0103 pentru o oprire rapid\u0103 \u0219i sigur\u0103 este <strong>Pupil\u0103 de ie\u0219ire mare (12,0-4,06 mm) pe lunet\u0103<\/strong>. Acest lucru permite v\u00e2n\u0103torului s\u0103 aib\u0103 \u021binta \u00een fa\u021ba ambilor ochi cu acea frac\u021biune crucial\u0103 de secund\u0103 mai repede.<\/p>\n<h3>Punct luminos iluminat \u00een reticul pu\u0219tii de v\u00e2n\u0103toare condus<\/h3>\n<p>The <strong>Noua reticul\u0103 A4N<\/strong> r\u0103m\u00e2ne neschimbat\u0103 ca dimensiune ( al doilea plan al imaginii ) atunci c\u00e2nd se modific\u0103 m\u0103rirea \u0219i este<strong> punct luminos cu fibr\u0103 optic\u0103 ro\u0219ie fin\u0103 \u0219i nereflectorizant\u0103<\/strong> care pot fi atenuate precis \u0219i continuu.<\/p>\n<p>Unitatea cu puncte luminoase este montat\u0103 pe ocular pentru o utilizare u\u0219oar\u0103. Tehnologia cu fibr\u0103 optic\u0103 asigur\u0103 c\u0103 <strong>Efecte laterale \u0219i cross-fade excluse<\/strong> sunt. Atunci c\u00e2nd punctul iluminat este activat, nu exist\u0103 str\u0103luciri sau reflexii enervante.<\/p>\n<p><strong>The <a href=\"https:\/\/ddoptics.shop\/ro\/termen-tehnic\/reticulul-pentru-lunete\/\" target=\"_blank\" rel=\"noopener\" data-schema-attribute=\"\">Reticul<\/a> se ajusteaz\u0103 cu 0,1 MRAD (1 cm la 100 m) per clic.<\/strong> Reglarea cu clic tactic dur func\u021bioneaz\u0103 cu precizie absolut\u0103 de repetare. Inelul interschimbabil pentru m\u0103rirea\/reducerea reticulului de pe ocular este anti-alunecare \u0219i anti-alunecare.<\/p>\n<p><strong>Intervalul total de reglare pentru optica de ochire:<\/strong><\/p>\n<ul>\n<li>484 clicuri<\/li>\n<li>corespunde la 48,4 MRAD<\/li>\n<li>corespunde la 24,2 MRAD pe pagin\u0103<\/li>\n<\/ul>\n<h3>Utilizare recomandat\u0103 v6 1-6\u00d724<\/h3>\n<p>O extrem de larg\u0103 <strong>C\u00e2mp de vizualizare de aproape 40 de metri, zoom 6x<\/strong> Caracteristicile remarcabile ale lunetei 1-6\u00d724 V6 HDX pentru IPSC, v\u00e2n\u0103toare \u0219i v\u00e2n\u0103toare condus\u0103 sunt \u021bintirea u\u0219oar\u0103 chiar \u0219i la distan\u021be mai mari.<\/p>\n<p>Un punct iluminat cu fibr\u0103 optic\u0103 f\u0103r\u0103 reflexe \u0219i excelent perceptibil ofer\u0103 v\u00e2n\u0103torului un nivel ridicat de siguran\u021b\u0103 la v\u00e2n\u0103toare. <strong>achizi\u021bie rapid\u0103 a \u021bintei \u0219i cu o lovitur\u0103 fugar\u0103.<\/strong> Recomandat pe deplin pentru toate disciplinele IPSC Rifle.<\/p>","protected":false},"excerpt":{"rendered":"<p><img decoding=\"async\" class=\"size-full wp-image-10471 alignnone\" src=\"https:\/\/ddoptics.shop\/wp-content\/uploads\/2016\/04\/Ansitz-Jagd.jpg\" alt=\"Stand de v\u00e2n\u0103toare\" width=\"50\" height=\"50\" \/><img decoding=\"async\" class=\"wp-image-10452 size-full alignnone\" src=\"https:\/\/ddoptics.shop\/wp-content\/uploads\/2016\/07\/Target-Schiessen.jpg\" alt=\"Tragere la \u021bint\u0103\" width=\"50\" height=\"50\" \/><img decoding=\"async\" class=\"size-full wp-image-10168 alignnone\" src=\"https:\/\/ddoptics.shop\/wp-content\/uploads\/2016\/09\/Jagd-klein.jpg\" alt=\"Binoclu de v\u00e2n\u0103toare\" width=\"50\" height=\"50\" \/><img decoding=\"async\" class=\"size-full wp-image-10180 alignnone\" src=\"https:\/\/ddoptics.shop\/wp-content\/uploads\/2016\/04\/Bergwandern-klein.jpg\" alt=\"Binoclu pentru drume\u021bii montane\" width=\"50\" height=\"50\" \/><br \/>\nV6 HDX - Specialistul \u00een v\u00e2n\u0103toare condus\u0103 de la <strong>DDoptics V6 1-6\u00d724<\/strong> cu reticul A4N.  Acest vizor optic este echipat cu un c\u00e2mp vizual extrem de larg de 37,8 metri la 100 de metri. <strong>Op\u021bional, cu sistem inteligent <a title=\"NOU DDoptics IFiber punct luminat\" href=\"\/ro\/termen-tehnic-wiki\/inteligent-ddoptics-ifiber-light-point\/\" target=\"_blank\" rel=\"noopener noreferrer\">Punct de lumin\u0103 IFibre<\/a> cu supratax\u0103 de 99 \u20ac.<\/strong><\/p>","protected":false},"featured_media":23525,"comment_status":"open","ping_status":"closed","template":"","meta":{"inline_featured_image":false,"footnotes":""},"product_brand":[],"product_cat":[710,452,949,639,697,640,919,637,68],"product_tag":[708,966,78,709,80,698],"class_list":{"0":"post-23519","1":"product","2":"type-product","3":"status-publish","4":"has-post-thumbnail","6":"product_cat-1-6x24","7":"product_cat-24-mm-objektivdurchmesser","8":"product_cat-messeaktion","9":"product_cat-bewegungsjagd","10":"product_cat-mrad-klickverstellung","11":"product_cat-pirschjagd-und-gebirgsjagd","12":"product_cat-v6-6-fach-zoom","13":"product_cat-zf-anwendung","14":"product_cat-zielfernrohr","15":"product_tag-1-6x24","16":"product_tag-a4n","17":"product_tag-ddoptics","18":"product_tag-drueckjagdzielfernrohr","19":"product_tag-gen-3","20":"product_tag-mrad-1-cm-klickverstellung","21":"product_shipping_class-paket","22":"pa_brand-marke-ddoptics","23":"pa_produkt-typ-zielfernrohr","25":"first","26":"outofstock","27":"sale","28":"taxable","29":"shipping-taxable","30":"purchasable","31":"product-type-bundle"},"bundled_by":[],"bundle_stock_status":"outofstock","bundle_stock_quantity":0,"bundle_virtual":false,"bundle_layout":"default","bundle_add_to_cart_form_location":"default","bundle_editable_in_cart":false,"bundle_sold_individually_context":"product","bundle_item_grouping":"parent","bundle_min_size":"","bundle_max_size":"","bundle_price":{"price":{"min":{"incl_tax":"899.01","excl_tax":"749.18"},"max":{"incl_tax":"1003.32","excl_tax":"836.1"}},"regular_price":{"min":{"incl_tax":"1149.01","excl_tax":"957.51"},"max":{"incl_tax":"1264.9","excl_tax":"1054.08"}}},"bundled_items":[{"bundled_item_id":95,"product_id":12809,"menu_order":0,"quantity_min":1,"quantity_max":1,"quantity_default":1,"priced_individually":true,"shipped_individually":false,"override_title":true,"title":"","override_description":false,"description":"","optional":false,"hide_thumbnail":true,"discount":"","override_variations":true,"allowed_variations":[12810,12811],"override_default_variation_attributes":false,"default_variation_attributes":[],"single_product_visibility":"visible","cart_visibility":"visible","order_visibility":"visible","single_product_price_visibility":"visible","cart_price_visibility":"visible","order_price_visibility":"visible","stock_status":"in_stock"},{"bundled_item_id":96,"product_id":12812,"menu_order":1,"quantity_min":1,"quantity_max":1,"quantity_default":1,"priced_individually":true,"shipped_individually":false,"override_title":true,"title":"Aproape un cadou - capace flip","override_description":false,"description":"","optional":true,"hide_thumbnail":false,"discount":"68.55","override_variations":false,"allowed_variations":[],"override_default_variation_attributes":true,"default_variation_attributes":[{"id":17,"name":"Dimensiunea lunetei","option":"1-6x24"}],"single_product_visibility":"visible","cart_visibility":"visible","order_visibility":"visible","single_product_price_visibility":"visible","cart_price_visibility":"visible","order_price_visibility":"visible","stock_status":"in_stock"}],"bundle_sell_ids":[],"_links":{"self":[{"href":"https:\/\/ddoptics.shop\/ro\/wp-json\/wp\/v2\/product\/23519","targetHints":{"allow":["GET"]}}],"collection":[{"href":"https:\/\/ddoptics.shop\/ro\/wp-json\/wp\/v2\/product"}],"about":[{"href":"https:\/\/ddoptics.shop\/ro\/wp-json\/wp\/v2\/types\/product"}],"replies":[{"embeddable":true,"href":"https:\/\/ddoptics.shop\/ro\/wp-json\/wp\/v2\/comments?post=23519"}],"version-history":[{"count":12,"href":"https:\/\/ddoptics.shop\/ro\/wp-json\/wp\/v2\/product\/23519\/revisions"}],"predecessor-version":[{"id":23527,"href":"https:\/\/ddoptics.shop\/ro\/wp-json\/wp\/v2\/product\/23519\/revisions\/23527"}],"wp:featuredmedia":[{"embeddable":true,"href":"https:\/\/ddoptics.shop\/ro\/wp-json\/wp\/v2\/media\/23525"}],"wp:attachment":[{"href":"https:\/\/ddoptics.shop\/ro\/wp-json\/wp\/v2\/media?parent=23519"}],"wp:term":[{"taxonomy":"product_brand","embeddable":true,"href":"https:\/\/ddoptics.shop\/ro\/wp-json\/wp\/v2\/product_brand?post=23519"},{"taxonomy":"product_cat","embeddable":true,"href":"https:\/\/ddoptics.shop\/ro\/wp-json\/wp\/v2\/product_cat?post=23519"},{"taxonomy":"product_tag","embeddable":true,"href":"https:\/\/ddoptics.shop\/ro\/wp-json\/wp\/v2\/product_tag?post=23519"}],"curies":[{"name":"wp","href":"https:\/\/api.w.org\/{rel}","templated":true}]}}