{"id":24145,"date":"2021-04-15T12:49:38","date_gmt":"2021-04-15T10:49:38","guid":{"rendered":"https:\/\/ddoptics.shop\/?post_type=product&#038;p=24145"},"modified":"2025-04-16T17:05:11","modified_gmt":"2025-04-16T15:05:11","slug":"spartan-javelin-bipod-original","status":"publish","type":"product","link":"https:\/\/ddoptics.shop\/ro\/kaufen\/spartan-javelin-original-zweibein\/","title":{"rendered":"Spartan Javelin Pro Hunt Original Bipod \/ Bipod"},"content":{"rendered":"<h2>SPARTAN JAVELIN ORIGINAL BIPOD \/ BIPOD PENTRU <a href=\"https:\/\/ddoptics.shop\/ro\/fbt-unic-arbore-de-carbon-arbore-perforat\/\" target=\"_blank\" rel=\"noopener\" data-schema-attribute=\"\">UNIC<\/a> PU\u0218C\u0102 LUNG\u0102 STOC DE CARBON<\/h2>\n<p>Descoperi\u021bi un bipod de clas\u0103 superioar\u0103.<\/p>\n<p>The <strong>Javelin Original <a href=\"https:\/\/de.wikipedia.org\/wiki\/Zweibein\" target=\"_blank\" rel=\"noopener sponsored\" data-schema-attribute=\"\">Bipod<\/a><\/strong> este fabricat din aliaj de aluminiu de \u00eenalt\u0103 rezisten\u021b\u0103 \u0219i fibr\u0103 de carbon pentru a reduce greutatea \u0219i a oferi \u0219i mai mult\u0103 stabilitate.<\/p>\n<p>Bipiedul este disponibil \u00een dou\u0103 lungimi (standard \u0219i lung) cu picioare extensibile. Modelul <strong>Conexiunea la arm\u0103<\/strong> se realizeaz\u0103 cu ajutorul sistemului patentat de fixare magnetic\u0103 Spartan.<\/p>\n<blockquote><p>Bipodul Spartan Javelin Original poate fi schimbat rapid \u0219i u\u0219or pentru diferite pu\u0219ti. Ave\u021bi nevoie doar de un bipied, indiferent de c\u00e2te arme ave\u021bi.<\/p><\/blockquote>\n<p>The <a href=\"https:\/\/fineballistictools.com\/produkt\/spartan-javelin-original-zweibein\/\" target=\"_blank\" rel=\"noopener\" data-schema-attribute=\"\">Javelin Original Bipod<\/a> ist so konzipiert, dass es in einer Tasche oder einem Rucksack getragen, und bei Bedarf in Sekundenschnelle befestigt werden kann. Es ist ideal f\u00fcr J\u00e4ger, die gro\u00dfe Entfernungen zur\u00fccklegen oder sich durch Gestr\u00fcpp und in Waldgebieten bewegen.<\/p>\n<h3 class=\"product-title product_title entry-title\">Diferen\u021be Spartan Javelin Original Bipod \/ Bipod | Standard \u0219i Long Version<\/h3>\n<table style=\"border-collapse: collapse; width: 100%; height: 95px;\">\n<tbody>\n<tr style=\"height: 19px;\">\n<td style=\"width: 33.3333%; height: 19px;\"><\/td>\n<td style=\"width: 33.3333%; height: 19px;\">Javelin Original Standard<\/td>\n<td style=\"width: 33.3333%; height: 19px;\">Javelin Original lung<\/td>\n<\/tr>\n<tr style=\"height: 19px;\">\n<td style=\"width: 33.3333%; height: 19px;\">Greutate<\/td>\n<td style=\"width: 33.3333%; height: 19px;\">148 g<\/td>\n<td style=\"width: 33.3333%; height: 19px;\">157 g<\/td>\n<\/tr>\n<tr style=\"height: 19px;\">\n<td style=\"width: 33.3333%; height: 19px;\">Reglarea \u00een\u0103l\u021bimii<\/td>\n<td style=\"width: 33.3333%; height: 19px;\">17 cm - 24 cm<\/td>\n<td style=\"width: 33.3333%; height: 19px;\">20,5 cm - 30 cm<\/td>\n<\/tr>\n<tr style=\"height: 19px;\">\n<td style=\"width: 33.3333%; height: 19px;\">Zona r\u0103d\u0103cinii laterale<\/td>\n<td style=\"width: 33.3333%; height: 19px;\">30\u00b0 st\u00e2nga + 30\u00b0 dreapta<\/td>\n<td style=\"width: 33.3333%; height: 19px;\">30\u00b0 st\u00e2nga + 30\u00b0 dreapta<\/td>\n<\/tr>\n<tr style=\"height: 19px;\">\n<td style=\"width: 33.3333%; height: 19px;\">Intervalul unghiului de \u00eenclinare<\/td>\n<td style=\"width: 33.3333%; height: 19px;\">15\u00b0 dreapta + 15\u00b0 st\u00e2nga<\/td>\n<td style=\"width: 33.3333%; height: 19px;\">15\u00b0 dreapta + 15\u00b0 st\u00e2nga<\/td>\n<\/tr>\n<\/tbody>\n<\/table>\n<ul>\n<li>Urm\u0103ri\u021bi \u021binta cu func\u021bia de deplasare sau utiliza\u021bi-o \u00een modul \u021bint\u0103 blocat\u0103<\/li>\n<li>Dispozitiv de \u00eenclinare pentru suprafe\u021be neuniforme<\/li>\n<li>Adaptorul cu profil redus permite transportarea confortabil\u0103 a unei pu\u0219ti cu glisier\u0103<\/li>\n<li>Livrat cu kit adaptor universal pentru pu\u0219c\u0103 pentru fixarea bipiedului<\/li>\n<li>Schimbare rapid\u0103 \u0219i u\u0219oar\u0103 la alte pu\u0219ti datorit\u0103 sistemului de ata\u0219are magnetic\u0103 Spartan<\/li>\n<li>U\u0219oar\u0103 \u0219i robust\u0103, cu picioare extensibile<\/li>\n<li>Picioare din cauciuc \u0219i carbur\u0103 de tungsten pentru diferite medii<\/li>\n<li>Punct de montare a slingului<\/li>\n<li>Compatibil cu toate adaptoarele de pu\u0219c\u0103 Spartan de 12 mm<\/li>\n<\/ul>","protected":false},"excerpt":{"rendered":"<ul>\n<li>Sistem de fixare magnetic\u0103<\/li>\n<li>Compatibil cu toate arborele de carbon FBT<\/li>\n<\/ul>","protected":false},"featured_media":27184,"comment_status":"open","ping_status":"closed","template":"","meta":{"inline_featured_image":false,"footnotes":""},"product_brand":[],"product_cat":[],"product_tag":[1016,1015],"class_list":{"0":"post-24145","1":"product","2":"type-product","3":"status-publish","4":"has-post-thumbnail","6":"product_tag-bipod","7":"product_tag-spartan-javelin","8":"product_shipping_class-paket","10":"first","11":"instock","12":"taxable","13":"shipping-taxable","14":"purchasable","15":"product-type-variable"},"bundled_by":["24131","23725","24118","23977","24010","24015","23944","24219","24038","24020","24048","24071","24059","24083","24095","23913","24109","24293","24304","24315","24970","25304","26062","26068","26332","26353","26357","26363","26378","26401","26413","26436","26453","26479","26740","27104","27432","27472","27535","27885","27886","28147","28266","28426","28742","28813","28832","28841","29279","29438","29599","29603","29695"],"bundle_stock_status":"instock","bundle_stock_quantity":null,"bundle_virtual":false,"bundle_layout":"","bundle_add_to_cart_form_location":"","bundle_editable_in_cart":false,"bundle_sold_individually_context":"","bundle_item_grouping":"","bundle_min_size":"","bundle_max_size":"","bundle_price":[],"bundled_items":[],"bundle_sell_ids":[],"_links":{"self":[{"href":"https:\/\/ddoptics.shop\/ro\/wp-json\/wp\/v2\/product\/24145","targetHints":{"allow":["GET"]}}],"collection":[{"href":"https:\/\/ddoptics.shop\/ro\/wp-json\/wp\/v2\/product"}],"about":[{"href":"https:\/\/ddoptics.shop\/ro\/wp-json\/wp\/v2\/types\/product"}],"replies":[{"embeddable":true,"href":"https:\/\/ddoptics.shop\/ro\/wp-json\/wp\/v2\/comments?post=24145"}],"version-history":[{"count":14,"href":"https:\/\/ddoptics.shop\/ro\/wp-json\/wp\/v2\/product\/24145\/revisions"}],"predecessor-version":[{"id":27185,"href":"https:\/\/ddoptics.shop\/ro\/wp-json\/wp\/v2\/product\/24145\/revisions\/27185"}],"wp:featuredmedia":[{"embeddable":true,"href":"https:\/\/ddoptics.shop\/ro\/wp-json\/wp\/v2\/media\/27184"}],"wp:attachment":[{"href":"https:\/\/ddoptics.shop\/ro\/wp-json\/wp\/v2\/media?parent=24145"}],"wp:term":[{"taxonomy":"product_brand","embeddable":true,"href":"https:\/\/ddoptics.shop\/ro\/wp-json\/wp\/v2\/product_brand?post=24145"},{"taxonomy":"product_cat","embeddable":true,"href":"https:\/\/ddoptics.shop\/ro\/wp-json\/wp\/v2\/product_cat?post=24145"},{"taxonomy":"product_tag","embeddable":true,"href":"https:\/\/ddoptics.shop\/ro\/wp-json\/wp\/v2\/product_tag?post=24145"}],"curies":[{"name":"wp","href":"https:\/\/api.w.org\/{rel}","templated":true}]}}