{"id":25797,"date":"2022-06-01T11:23:15","date_gmt":"2022-06-01T09:23:15","guid":{"rendered":"https:\/\/ddoptics.shop\/?post_type=product&#038;p=25797"},"modified":"2026-01-30T13:37:45","modified_gmt":"2026-01-30T12:37:45","slug":"inele-de-baza-dentler-34-mm","status":"publish","type":"product","link":"https:\/\/ddoptics.shop\/ro\/kaufen\/dentler-basis-34-mm-ringen\/","title":{"rendered":"\u0218in\u0103 de montare DENTLER \u201cBASIS\u00ae\u201d cu inele de 34 mm pentru lunete DDoptics"},"content":{"rendered":"<div class=\"row\"  id=\"row-190198685\">\n\n\t<div id=\"col-1794062568\" class=\"col medium-8 small-12 large-8\"  >\n\t\t\t\t<div class=\"col-inner\"  >\n\t\t\t\n\t\t\t\n<h2>\u0218ina de montare BASIS \u201cBASIS\u201d de la DENTLER cu inele de 34 mm<\/h2>\n<p>The <strong>\u0218in\u0103 de montare a lunetei DENTLER cu inele de 34 mm<\/strong> pentru <strong>lunete DDoptics<\/strong> este u\u0219or de montat singur.<\/p>\n<p>\u0218ina de montare este fabricat\u0103 \u00een \u00eentregime din aluminiu de \u00eenalt\u0103 rezisten\u021b\u0103, cu excep\u021bia p\u0103r\u021bilor care absorb for\u021ba sau sunt susceptibile la uzur\u0103, pentru a economisi greutate.<\/p>\n<p>Avantajul t\u0103u: Toate <strong><a href=\"https:\/\/ddoptics.shop\/ro\/magazin\/vedere-telescopica\/v10-zoom-10x\/\" target=\"_blank\" rel=\"noopener\">lunete DDoptics 34 mm<\/a> \u00een magazinul Optik Sport<\/strong> poate fi comandat acum \u0219i cu un<strong> \u0218in\u0103 de montaj<\/strong> (2x inele de 34 mm) sunt furnizate de DENTLER. Aceste \u0219ine de montare pot fi montate pe toate \u0219inele de baz\u0103 DENTLER (\u201cBasis Vario\u201c sau \u201cBasis\u201c).<\/p>\n<h3>Sistemul de montare DENTLER const\u0103 din 2 p\u0103r\u021bi: \u0218in\u0103 de baz\u0103 + \u0219in\u0103 de montare cu inele<\/h3>\n\t<div class=\"img has-hover x md-x lg-x y md-y lg-y\" id=\"image_834097661\">\n\t\t\t\t\t\t\t\t<div class=\"img-inner dark\" >\n\t\t\t<img decoding=\"async\" width=\"1020\" height=\"268\" src=\"https:\/\/ddoptics.shop\/wp-content\/uploads\/2017\/08\/Dentler-Basis-Montagesystem.jpg\" class=\"attachment-large size-large\" alt=\"Sistem de montare de baz\u0103 Dentler\" srcset=\"https:\/\/ddoptics.shop\/wp-content\/uploads\/2017\/08\/Dentler-Basis-Montagesystem.jpg 1140w, https:\/\/ddoptics.shop\/wp-content\/uploads\/2017\/08\/Dentler-Basis-Montagesystem-304x80.jpg 304w, https:\/\/ddoptics.shop\/wp-content\/uploads\/2017\/08\/Dentler-Basis-Montagesystem-305x80.jpg 305w, https:\/\/ddoptics.shop\/wp-content\/uploads\/2017\/08\/Dentler-Basis-Montagesystem-632x166.jpg 632w, https:\/\/ddoptics.shop\/wp-content\/uploads\/2017\/08\/Dentler-Basis-Montagesystem-800x211.jpg 800w, https:\/\/ddoptics.shop\/wp-content\/uploads\/2017\/08\/Dentler-Basis-Montagesystem-250x66.jpg 250w, https:\/\/ddoptics.shop\/wp-content\/uploads\/2017\/08\/Dentler-Basis-Montagesystem-510x134.jpg 510w\" sizes=\"(max-width: 1020px) 100vw, 1020px\" title=\"\">\t\t\t\t\t\t\n\t\t\t\t\t<\/div>\n\t\t\t\t\t\t\t\t\n<style>\n#image_834097661 {\n  width: 100%;\n}\n<\/style>\n\t<\/div>\n\t\n\t\t<\/div>\n\t\t\t\t\n<style>\n#col-1794062568 > .col-inner {\n  margin: 0px 0px -30px 0px;\n}\n<\/style>\n\t<\/div>\n\n\t\n\n\t<div id=\"col-405661877\" class=\"col medium-4 small-12 large-4\"  >\n\t\t\t\t<div class=\"col-inner\"  >\n\t\t\t\n\t\t\t\n\t<div class=\"img has-hover x md-x lg-x y md-y lg-y\" id=\"image_1755254355\">\n\t\t\t\t\t\t\t\t<div class=\"img-inner dark\" >\n\t\t\t\t\t\t\t\t\t\n\t\t\t\t\t<\/div>\n\t\t\t\t\t\t\t\t\n<style>\n#image_1755254355 {\n  width: 100%;\n}\n<\/style>\n\t<\/div>\n\t\n\t<div class=\"img has-hover x md-x lg-x y md-y lg-y\" id=\"image_1781287312\">\n\t\t\t\t\t\t\t\t<div class=\"img-inner dark\" >\n\t\t\t<img decoding=\"async\" width=\"1020\" height=\"270\" src=\"https:\/\/ddoptics.shop\/wp-content\/uploads\/2022\/06\/Dentler-Logo.png\" class=\"attachment-large size-large\" alt=\"Ansamblu Dentler\" srcset=\"https:\/\/ddoptics.shop\/wp-content\/uploads\/2022\/06\/Dentler-Logo.png 1120w, https:\/\/ddoptics.shop\/wp-content\/uploads\/2022\/06\/Dentler-Logo-800x212.png 800w, https:\/\/ddoptics.shop\/wp-content\/uploads\/2022\/06\/Dentler-Logo-18x5.png 18w, https:\/\/ddoptics.shop\/wp-content\/uploads\/2022\/06\/Dentler-Logo-304x81.png 304w, https:\/\/ddoptics.shop\/wp-content\/uploads\/2022\/06\/Dentler-Logo-632x168.png 632w, https:\/\/ddoptics.shop\/wp-content\/uploads\/2022\/06\/Dentler-Logo-305x81.png 305w\" sizes=\"(max-width: 1020px) 100vw, 1020px\" title=\"\">\t\t\t\t\t\t\n\t\t\t\t\t<\/div>\n\t\t\t\t\t\t\t\t\n<style>\n#image_1781287312 {\n  width: 100%;\n}\n<\/style>\n\t<\/div>\n\t\n\t<div id=\"text-993827639\" class=\"text\">\n\t\t\n<p>\u21d2 \u0218ine de montare a lunetei pentru toate lunetele DDoptics de la Dentler<br \/>\n\u21d2 Set de montaj cu inele de 34 mm pentru autoasamblare<br \/>\n\u21d2 <a href=\"https:\/\/de.wikibrief.org\/wiki\/Scope_mount\" target=\"_blank\" rel=\"noopener sponsored\">Ansamblu<\/a> pot fi efectuate \u0219i de persoane f\u0103r\u0103 preg\u0103tire<br \/>\n\u21d2 Compatibil cu \u0219inele de baz\u0103 DENTLER<br \/>\n\u21d2 Utilizarea mai multor optici pe o arm\u0103<br \/>\n\u21d2 1001TP3Reproductibilitate str\u00e2ns\u0103 dup\u0103 schimbarea opticii IF<br \/>\n\t\t\n<style>\n#text-993827639 {\n  text-align: center;\n}\n<\/style>\n\t<\/div>\n\t\n<div class=\"text-center\"><div class=\"is-divider divider clearfix\" ><\/div><\/div>\n\t\t<\/div>\n\t\t\t\t\t<\/div>\n\n\t\n<\/div>\n<div class=\"is-divider divider clearfix\" ><\/div>\n<figure id=\"attachment_11755\" aria-describedby=\"caption-attachment-11755\" style=\"width: 350px\" class=\"wp-caption alignright\"><a href=\"https:\/\/ddoptics.shop\/wp-content\/uploads\/2017\/08\/DDoptics-Dentler-Montage.jpg\"><img decoding=\"async\" class=\"wp-image-11755\" src=\"https:\/\/ddoptics.shop\/wp-content\/uploads\/2017\/08\/DDoptics-Dentler-Montage.jpg\" alt=\"Montura DDoptics Dentler montat\u0103 pe Haenel J\u00e4ger 10\" width=\"350\" height=\"263\" title=\"\" srcset=\"https:\/\/ddoptics.shop\/wp-content\/uploads\/2017\/08\/DDoptics-Dentler-Montage.jpg 960w, https:\/\/ddoptics.shop\/wp-content\/uploads\/2017\/08\/DDoptics-Dentler-Montage-304x228.jpg 304w, https:\/\/ddoptics.shop\/wp-content\/uploads\/2017\/08\/DDoptics-Dentler-Montage-305x229.jpg 305w, https:\/\/ddoptics.shop\/wp-content\/uploads\/2017\/08\/DDoptics-Dentler-Montage-632x474.jpg 632w, https:\/\/ddoptics.shop\/wp-content\/uploads\/2017\/08\/DDoptics-Dentler-Montage-800x600.jpg 800w, https:\/\/ddoptics.shop\/wp-content\/uploads\/2017\/08\/DDoptics-Dentler-Montage-250x188.jpg 250w, https:\/\/ddoptics.shop\/wp-content\/uploads\/2017\/08\/DDoptics-Dentler-Montage-510x383.jpg 510w\" sizes=\"(max-width: 350px) 100vw, 350px\" \/><\/a><figcaption id=\"caption-attachment-11755\" class=\"wp-caption-text\">Arat\u0103 bine p\u00e2n\u0103 la urm\u0103. Montura DDoptics Dentler montat\u0103 pe Haenel J\u00e4ger 10<\/figcaption><\/figure>\n<p>The <strong>\u0218in\u0103 de baz\u0103 \u201cBASIS\u201d de la DENTLER<\/strong> este disponibil pentru aproape toate armele comune. Modelul <strong>Sistem de montare de la DENTLER<\/strong>, care const\u0103 din \u0219ina de baz\u0103 specific\u0103 armei (a se vedea selectarea armei) \u0219i \u0219ina de montare, este compatibil cu 100% \u0219i proiectat pentru toleran\u021b\u0103 zero.<\/p>\n<blockquote><p>The <strong>Sistemul din dou\u0103 p\u0103r\u021bi combin\u0103 arma \u0219i vizorul optic<\/strong> absolut fiabile \u0219i cu o reproductibilitate 100%iger.<\/p><\/blockquote>\n<p>Odat\u0103 setat\u0103, \u0219ina de montare se fixeaz\u0103 \u00eentotdeauna pe \u0219ina de baz\u0103 DENTLER cu acela\u0219i cuplu de str\u00e2ngere \u0219i f\u0103r\u0103 joc.<\/p>\n<p>Un supliment <strong>Avantajul DENTLER<\/strong>Utilizare : Utilizare <strong>Optic\u0103 de ochire multipl\u0103 \u00een siguran\u021b\u0103 \u0219i cu u\u0219urin\u021b\u0103 pe fiecare dintre armele dvs.<\/strong>.<\/p>\n<p>Pur \u0219i simplu prinde\u021bi o alt\u0103 lunet\u0103 cu o nou\u0103 \u0219in\u0103 de montare \u0219i schimba\u021bi rapid lunetele \u00een func\u021bie de aplica\u021bie. Senza\u021bia de disconfort pe care a\u021bi avea-o altfel dup\u0103 <strong>Montarea \u0219i demontarea lunetei<\/strong> sunt acum un lucru al trecutului cu sistemul de montare DENTLER.<\/p>\n<blockquote><p>Cu \u0219ina de baz\u0103 \u201cBASIS VARIO\u201d dezvoltat\u0103 ulterior, pute\u021bi monta rapid \u0219i u\u0219or toate opticile \u021bint\u0103 pe diferite arme.<\/p><\/blockquote>","protected":false},"excerpt":{"rendered":"<p>Modular - Practic - Stabil. <strong>Concluzie: \u0218in\u0103 de montare solid\u0103 la un pre\u021b corect!<\/strong> Calitate superioar\u0103 - Proiectat \u00een Germania!<\/p>\n<a href=\"https:\/\/ddoptics.shop\/ro\/cumparati\/sina-de-baza-pentru-montarea-lunetei-de-la-dentler\/\" class=\"button success is-success is-medium\" >\n\t\t<span>La \u0219ina de baz\u0103 DENTLER<\/span>\n\t<\/a>","protected":false},"featured_media":11763,"comment_status":"closed","ping_status":"closed","template":"","meta":{"inline_featured_image":false,"footnotes":""},"product_brand":[],"product_cat":[70],"product_tag":[680,678,681,677],"class_list":{"0":"post-25797","1":"product","2":"type-product","3":"status-publish","4":"has-post-thumbnail","6":"product_cat-zielfernrohr-montage","7":"product_tag-basis-dentler","8":"product_tag-dentler-montage","9":"product_tag-dentler-montageschiene","10":"product_tag-zielfernrohrmontage","11":"product_shipping_class-paket","12":"pa_brand-marke-dentler","13":"pa_farbe-schwarz","14":"pa_produkt-typ-zielfernrohr-montage","16":"first","17":"instock","18":"taxable","19":"shipping-taxable","20":"purchasable","21":"product-type-variable"},"bundled_by":[],"bundle_stock_status":"instock","bundle_stock_quantity":null,"bundle_virtual":false,"bundle_layout":"","bundle_add_to_cart_form_location":"","bundle_editable_in_cart":false,"bundle_sold_individually_context":"","bundle_item_grouping":"","bundle_min_size":"","bundle_max_size":"","bundle_price":[],"bundled_items":[],"bundle_sell_ids":[],"_links":{"self":[{"href":"https:\/\/ddoptics.shop\/ro\/wp-json\/wp\/v2\/product\/25797","targetHints":{"allow":["GET"]}}],"collection":[{"href":"https:\/\/ddoptics.shop\/ro\/wp-json\/wp\/v2\/product"}],"about":[{"href":"https:\/\/ddoptics.shop\/ro\/wp-json\/wp\/v2\/types\/product"}],"replies":[{"embeddable":true,"href":"https:\/\/ddoptics.shop\/ro\/wp-json\/wp\/v2\/comments?post=25797"}],"version-history":[{"count":6,"href":"https:\/\/ddoptics.shop\/ro\/wp-json\/wp\/v2\/product\/25797\/revisions"}],"predecessor-version":[{"id":25802,"href":"https:\/\/ddoptics.shop\/ro\/wp-json\/wp\/v2\/product\/25797\/revisions\/25802"}],"wp:featuredmedia":[{"embeddable":true,"href":"https:\/\/ddoptics.shop\/ro\/wp-json\/wp\/v2\/media\/11763"}],"wp:attachment":[{"href":"https:\/\/ddoptics.shop\/ro\/wp-json\/wp\/v2\/media?parent=25797"}],"wp:term":[{"taxonomy":"product_brand","embeddable":true,"href":"https:\/\/ddoptics.shop\/ro\/wp-json\/wp\/v2\/product_brand?post=25797"},{"taxonomy":"product_cat","embeddable":true,"href":"https:\/\/ddoptics.shop\/ro\/wp-json\/wp\/v2\/product_cat?post=25797"},{"taxonomy":"product_tag","embeddable":true,"href":"https:\/\/ddoptics.shop\/ro\/wp-json\/wp\/v2\/product_tag?post=25797"}],"curies":[{"name":"wp","href":"https:\/\/api.w.org\/{rel}","templated":true}]}}