{"id":26806,"date":"2023-08-02T16:37:45","date_gmt":"2023-08-02T14:37:45","guid":{"rendered":"https:\/\/ddoptics.shop\/?post_type=product&#038;p=26806"},"modified":"2026-02-02T17:25:48","modified_gmt":"2026-02-02T16:25:48","slug":"ddoptics-nighteagle-5-30x50-nfx-mrad","status":"publish","type":"product","link":"https:\/\/ddoptics.shop\/ro\/kaufen\/ddoptics-nighteagle-5-30x50-nfx-mrad\/","title":{"rendered":"DDoptics Nighteagle 5-30\u00d750 NFX Tactical riflescope | MilDot | Reglare MRAD"},"content":{"rendered":"<div class=\"container section-title-container\" ><h3 class=\"section-title section-title-normal\"><b aria-hidden=\"true\"><\/b><span class=\"section-title-main\" ><i class=\"icon-cross\" aria-hidden=\"true\"><\/i>Scurt\u0103 prezentare Nighteagle 5-30x50 NFX Tactical de la DDoptics<\/span><b aria-hidden=\"true\"><\/b><\/h3><\/div>\n<table style=\"background-color: #cacaca; width: 100%;\">\n<tbody>\n<tr style=\"height: 24px;\">\n<td style=\"height: 24px; text-align: left; width: 20%;\">Tub<\/td>\n<td style=\"height: 24px; text-align: left; width: 30%;\">Tub mono de 30 mm<\/td>\n<td style=\"height: 24px; text-align: left; width: 20%;\">C\u00e2mpul vizual: m @100 m<\/td>\n<td style=\"height: 24px; text-align: left; width: 30%;\">8 - 1,3 m<\/td>\n<\/tr>\n<tr style=\"height: 24px;\">\n<td style=\"height: 24px; text-align: left; width: 20%;\">Sistem optic<\/td>\n<td style=\"height: 24px; text-align: left; width: 30%;\">5-30 de ori<\/td>\n<td style=\"height: 24px; text-align: left; width: 20%;\">Distan\u021ba interpupilar\u0103<\/td>\n<td style=\"height: 24px; text-align: left; width: 30%;\">77 mm - 91 mm<\/td>\n<\/tr>\n<tr style=\"height: 24px;\">\n<td style=\"height: 24px; text-align: left; width: 20%;\">Lentile<\/td>\n<td style=\"height: 24px; text-align: left; width: 30%;\">50 mm<\/td>\n<td style=\"height: 24px; text-align: left; width: 20%;\">Lungime<\/td>\n<td style=\"height: 24px; text-align: left; width: 30%;\">330 mm<\/td>\n<\/tr>\n<tr style=\"height: 24px;\">\n<td style=\"height: 24px; text-align: left; width: 20%;\">Reticul<\/td>\n<td style=\"height: 24px; text-align: left; width: 30%;\">MilDot<\/td>\n<td style=\"height: 24px; text-align: left; width: 20%;\">Greutate<\/td>\n<td style=\"height: 24px; text-align: left; width: 30%;\">\u00a0750 g<\/td>\n<\/tr>\n<tr style=\"height: 24px;\">\n<td style=\"height: 24px; text-align: left; width: 20%;\">Punct de lumin\u0103<\/td>\n<td style=\"height: 24px; text-align: left; width: 30%;\">LP 2 sau iFibre<\/td>\n<td style=\"height: 24px; text-align: left; width: 20%;\">Protec\u021bie anticearc\u0103n<\/td>\n<td style=\"height: 24px; text-align: left; width: 30%;\">Umplere cu azot \u00eempotriva aburului<\/td>\n<\/tr>\n<tr style=\"height: 24px;\">\n<td style=\"height: 24px; text-align: left; width: 20%;\">Focalizare\/paralax\u0103<\/td>\n<td style=\"height: 24px; text-align: left; width: 30%;\">Lentile reglabile de la 20 m la infinit<\/td>\n<td style=\"height: 24px; text-align: left; width: 20%;\">\u00a0Str\u00e2nsoare<\/td>\n<td style=\"height: 24px; text-align: left; width: 30%;\">Rezistent la ap\u0103 \u0219i \u0219ocuri<\/td>\n<\/tr>\n<\/tbody>\n<\/table>\n<div class=\"row\"  id=\"row-2021038617\">\n\n\t<div id=\"col-582680724\" class=\"col medium-8 small-12 large-8\"  >\n\t\t\t\t<div class=\"col-inner\"  >\n\t\t\t\n\t\t\t\n<h2>DDoptics Nighteagle 5-30\u00d750 NFX Tactical riflescope - pu\u0219c\u0103 puternic\u0103 cu zoom 6x pentru v\u00e2n\u0103toare \u0219i sport la distan\u021be mari<\/h2>\n<p>The <strong>Nighteagle V6 5-30\u00d750 NFX<\/strong> este o adi\u021bie revolu\u021bionar\u0103 la <strong>Seria tactic\u0103 Genera\u021bia 3<\/strong> de la DDoptics.<\/p>\n<p>O caracteristic\u0103 remarcabil\u0103 este un c\u00e2mp vizual extins de 8 metri la o m\u0103rire de 6x \u0219i o cutie ocular\u0103 \u00eembun\u0103t\u0103\u021bit\u0103 semnificativ. Aceste caracteristici \u00eel fac un instrument indispensabil pentru tr\u0103g\u0103torii de precizie \u0219i v\u00e2n\u0103torii care caut\u0103 cea mai \u00eenalt\u0103 calitate \u0219i performan\u021b\u0103.<\/p>\n<p>Datorit\u0103 <strong>c\u00e2mp vizual mai mare \u0219i eyebox \u00eembun\u0103t\u0103\u021bit<\/strong> tr\u0103g\u0103torii pot men\u021bine o imagine clar\u0103 \u00een timpul tragerii f\u0103r\u0103 a fi supu\u0219i distragerilor. Acest lucru le permite s\u0103 urm\u0103reasc\u0103 cu precizie impactul glon\u021bului \u00een \u021bint\u0103 f\u0103r\u0103 a fi nevoi\u021bi s\u0103 se bazeze pe un observator suplimentar.<\/p>\n<p>Acest \u201cfeedback\u201d imediat ofer\u0103 siguran\u021b\u0103 cu privire la punctul de impact \u0219i permite efectuarea de ajust\u0103ri imediate, dac\u0103 este necesar. Dac\u0103 o lovitur\u0103 este ratat\u0103, c\u00e2mpul vizual extins face ca tr\u0103g\u0103torii s\u0103 recunoasc\u0103 mai u\u0219or abaterea \u0219i s\u0103 o corecteze imediat.<\/p>\n<p>Combina\u021bia dintre un c\u00e2mp vizual mai mare \u0219i o <strong>eyebox-ul \u00eembun\u0103t\u0103\u021bit face ca Nighteagle V6 5-30\u00d750 NFX<\/strong> un avantaj inestimabil pentru tr\u0103g\u0103torii exigen\u021bi.<\/p>\n<p>Acesta permite o precizie \u0219i un control maxim la fiecare tragere, deoarece \u021binta r\u0103m\u00e2ne \u00eentotdeauna la vedere at\u00e2t \u00eenainte, c\u00e2t \u0219i dup\u0103 tragere. Cu Nighteagle 5-30\u00d750 NFX V6 al\u0103turi de ei, tr\u0103g\u0103torii \u00ee\u0219i pot maximiza <strong>Abilit\u0103\u021bi de fotografiere<\/strong> la un nou nivel \u0219i s\u0103 le optimizeze performan\u021bele.<\/p>\n\t\t<\/div>\n\t\t\t\t\t<\/div>\n\n\t\n\n\t<div id=\"col-1246760711\" class=\"col medium-4 small-12 large-4\"  >\n\t\t\t\t<div class=\"col-inner\"  >\n\t\t\t\n\t\t\t\n<a class=\"button primary expand\" >\n\t\t<span>Caracteristici speciale lunet\u0103<\/span>\n\t<\/a>\n\n\n\t<section class=\"section\" id=\"section_550251807\">\n\t\t<div class=\"section-bg fill\" >\n\t\t\t\t\t\t\t\t\t<div class=\"section-bg-overlay absolute fill\"><\/div>\n\t\t\t\n\n\t\t<\/div>\n\n\t\t\n\n\t\t<div class=\"section-content relative\">\n\t\t\t\n\t<div class=\"img has-hover x md-x lg-x y md-y lg-y\" id=\"image_2067151770\">\n\t\t<a class=\"\" href=\"https:\/\/www.ddoptics.de\/garantiebestimmungen\" target=\"_blank\" rel=\"no follow noopener\">\t\t\t\t\t\t<div class=\"img-inner dark\" >\n\t\t\t<img decoding=\"async\" width=\"352\" height=\"160\" src=\"https:\/\/ddoptics.shop\/wp-content\/uploads\/2014\/09\/DDoptics-Garantie.jpg\" class=\"attachment-large size-large\" alt=\"Garan\u021bia DDoptics\" srcset=\"https:\/\/ddoptics.shop\/wp-content\/uploads\/2014\/09\/DDoptics-Garantie.jpg 352w, https:\/\/ddoptics.shop\/wp-content\/uploads\/2014\/09\/DDoptics-Garantie-304x138.jpg 304w, https:\/\/ddoptics.shop\/wp-content\/uploads\/2014\/09\/DDoptics-Garantie-305x139.jpg 305w, https:\/\/ddoptics.shop\/wp-content\/uploads\/2014\/09\/DDoptics-Garantie-250x114.jpg 250w\" sizes=\"(max-width: 352px) 100vw, 352px\" title=\"\">\t\t\t\t\t\t\n\t\t\t\t\t<\/div>\n\t\t\t\t\t\t<\/a>\t\t\n<style>\n#image_2067151770 {\n  width: 100%;\n}\n<\/style>\n\t<\/div>\n\t\n\t<div id=\"gap-1533888731\" class=\"gap-element clearfix\" style=\"display:block; height:auto;\">\n\t\t\n<style>\n#gap-1533888731 {\n  padding-top: 15px;\n}\n<\/style>\n\t<\/div>\n\t\n\t<div id=\"text-338682953\" class=\"text\">\n\t\t\n<p><span style=\"font-size: 80%;\"><em>\u21d2 Sticl\u0103 CT nou\u0103 ( transmisie clar\u0103 )<br \/>\n<\/em><\/span><em style=\"font-size: 80%;\">\u21d2 Zerostop ( pentru oprire la zero )<\/em><span style=\"font-size: 80%;\"><br \/>\n<\/span><em style=\"font-size: 80%;\">\u21d2 R\u0103sturnare dubl\u0103 (scalare dubl\u0103)<\/em><span style=\"font-size: 80%;\"><br \/>\n<\/span><em style=\"font-size: 80%;\">\u21d2 Reglare orizontal\u0103 \u00een sensul invers acelor de ceasornic. Scar\u0103 ( v\u00e2nt st\u00e2nga - dreapta )<\/em><span style=\"font-size: 80%;\"><br \/>\n<\/span><em style=\"font-size: 80%;\">\u21d2 rezolu\u021bie foarte mare<\/em><span style=\"font-size: 80%;\"><br \/>\n<\/span><em style=\"font-size: 80%;\">\u21d2 versiune de v\u00e2n\u0103toare discret\u0103 cu turele mici<br \/>\n<\/em> <em style=\"font-size: 80%;\">\u21d2 NOU: Punct iluminat cu fibr\u0103 optic\u0103 - punct iluminat iFibre op\u021bional<\/em><span style=\"font-size: 80%;\"><br \/>\n<\/span><em style=\"font-size: 80%;\">\u21d2 30 de ani garan\u021bie DDoptics<\/em><span style=\"font-size: 80%;\"><br \/>\n<\/span><em style=\"font-size: 80%;\">\u21d2 MilDot: al doilea plan al imaginii<\/em><span style=\"font-size: 80%;\"><br \/>\n<\/span><em style=\"font-size: 80%;\">\u21d2 Precizia absolut\u0103 a randamentului<\/em> <em style=\"font-size: 80%;\">\u21d2 Transmisie extrem\u0103 a luminii p\u00e2n\u0103 la 94,7%<\/em><span style=\"font-size: 80%;\"><br \/>\n<\/span><em style=\"font-size: 80%;\">\u21d2 Test antiglon\u021b: <a href=\"https:\/\/de.wikipedia.org\/wiki\/.375_Holland_%26_Holland_Magnum\" target=\"_blank\" rel=\"noopener noreferrer\">375 H&amp;H<\/a> 1000 fotografii<\/em><span style=\"font-size: 80%;\"><br \/>\n<\/span><em style=\"font-size: 80%;\">\u21d2 Func\u021bia de lunet\u0103 datorit\u0103 m\u0103ririi mari<\/em><span style=\"font-size: 80%;\"><br \/>\n<\/span><em style=\"font-size: 80%;\">\u21d2 Compensarea paralaxei reglabil\u0103 la infinit<\/em> <em style=\"font-size: 80%;\">\u21d2 Fotografii foarte lungi posibile<\/em><\/p>\n\t\t\n<style>\n#text-338682953 {\n  line-height: 1.15;\n  color: rgb(33, 107, 227);\n}\n#text-338682953 > * {\n  color: rgb(33, 107, 227);\n}\n<\/style>\n\t<\/div>\n\t\n\t\t<\/div>\n\n\t\t\n<style>\n#section_550251807 {\n  padding-top: 30px;\n  padding-bottom: 30px;\n  background-color: rgb(232, 232, 232);\n}\n#section_550251807 .section-bg-overlay {\n  background-color: rgba(255,255,255,.5);\n}\n<\/style>\n\t<\/section>\n\t\n<div class=\"is-divider divider clearfix\" ><\/div>\n\t\t<\/div>\n\t\t\t\t\t<\/div>\n\n\t\n<\/div>\n<h3>Riflescope 5-30\u00d750 NFX - gam\u0103 extins\u0103 de reglare a reglajului reticulului<\/h3>\n<p>O caracteristic\u0103 deosebit de notabil\u0103 a lunetei Nighteagle V6 5-30\u00d750 NFX este gama extins\u0103 de reglare a reticulului.<\/p>\n<p>Cu un <strong>gam\u0103 extins\u0103 de reglare a 27 MRAD<\/strong> luneta Nighteagle V6 5-30\u00d750 NFX ofer\u0103 un avantaj semnificativ \u00een ceea ce prive\u0219te distan\u021ba. Prin utilizarea unei \u00eenclin\u0103ri \u00eenainte de 40 MOA, de exemplu, distan\u021be impresionante de p\u00e2n\u0103 la <strong>2 km (la cal.308)<\/strong> \u00een timp ce reticulul r\u0103m\u00e2ne \u00een continuare \u00een pozi\u021bia central\u0103.<\/p>\n<p>Utilizarea unui <strong>Pre-\u00eenclinarea este puternic recomandat\u0103<\/strong>, deoarece acuitatea \u0219i precizia imaginii sunt cele mai bune atunci c\u00e2nd reglarea reticulului este men\u021binut\u0103 c\u00e2t mai mult posibil \u00een setarea central\u0103. \u00cen acest fel, tr\u0103g\u0103torii pot utiliza \u00eentreaga performan\u021b\u0103 a lunetei \u0219i pot efectua trageri precise la distan\u021be extrem de mari.<\/p>\n<h3>Lunet\u0103 5-30\u00d750 NFX - dou\u0103 elemente remarcabile<\/h3>\n<p>Luneta Nighteagle V6 5-30\u00d750 NFX ofer\u0103 dou\u0103 caracteristici remarcabile care sunt de mare folos tr\u0103g\u0103torilor: Caracteristicile <strong>Inel de reglare a m\u0103ririi<\/strong> a fost proiectat pentru a oferi mai mult\u0103 aderen\u021b\u0103 \u0219i este disponibil op\u021bional cu un <strong>p\u00e2rghie de reglare rapid\u0103 cu \u0219urub<\/strong> este echipat.<\/p>\n<p>Aceste func\u021bii aduc o serie de avantaje care \u00eembun\u0103t\u0103\u021besc semnificativ manipularea \u0219i operarea lunetei. Datorit\u0103 prinderii \u00eembun\u0103t\u0103\u021bite a inelului de reglare, tr\u0103g\u0103torul poate regla m\u0103rirea rapid \u0219i precis, chiar \u0219i \u00een condi\u021bii solicitante sau c\u00e2nd poart\u0103 m\u0103nu\u0219i.<\/p>\n<p>Posibilitatea de a utiliza un <strong>utiliza\u021bi maneta op\u021bional\u0103 de reglare rapid\u0103<\/strong> permite tr\u0103g\u0103torului s\u0103 schimbe m\u0103rirea \u0219i mai rapid \u0219i mai convenabil. Aceste caracteristici sunt deosebit de valoroase pentru tirul sportiv \u0219i mai ales pentru schimb\u0103rile rapide de m\u0103rire \u0219i ofer\u0103 un avantaj decisiv.<\/p>\n<h3>Reticul MilDot<\/h3>\n<p>The <strong>luneta Nighteagle 5-30\u00d750 NFX<\/strong> - dispune de reticul de succes, modern MilDot.<\/p>\n<p>Luneta Nighteagle V6 5-30\u00d750 NFX ofer\u0103 un reticul tactic iluminat MilDot \u00een planul de imagine al ocularului (al doilea plan de imagine), care este standardizat la o m\u0103rire de 10x.<\/p>\n<p>Aceasta \u00eenseamn\u0103 c\u0103 dimensiunea reticulului r\u0103m\u00e2ne constant\u0103 atunci c\u00e2nd se schimb\u0103 m\u0103rirea. Chiar \u0219i la o m\u0103rire de 30x, reticulul \u00eentunec\u0103 \u021binta doar cu 1,8 mm la o distan\u021b\u0103 de tragere de 100 de metri. C\u00e2mpul vizual la aceast\u0103 m\u0103rire maxim\u0103 este \u00eenc\u0103 de 1,3 m la 100 m, ceea ce permite o ochire rapid\u0103 ca fulgerul.<\/p>\n<p>Optica de ochire permite reglaje precise, deoarece<strong> Reticul pe clic cu 0,1 MRAD<\/strong> ceea ce corespunde unei deplas\u0103ri de 1 cm la 100 m. La 300 m, un clic corespunde unei modific\u0103ri a punctului de impact de aproximativ 3 cm.<\/p>\n<p>Intervalul total de reglare al lunetei este <strong>165 de clicuri sau 27 MRAD (13,5 MRAD pe pagin\u0103),<\/strong> care ofer\u0103 tr\u0103g\u0103torilor o gam\u0103 larg\u0103 de op\u021biuni pentru reglarea fin\u0103 a loviturilor lor.<\/p>\n<h3>Mecanism de reglare robust pentru utilizare dificil\u0103 cu Zerostop &amp; ASV<\/h3>\n<p>Luneta Nighteagle V6 5-30\u00d750 NFX este echipat\u0103 cu o reglare rapid\u0103 practic\u0103 \u0219i un Zerostop.<\/p>\n<p>Are o scal\u0103 dubl\u0103 pe reglajul vertical cu ajutorul c\u0103reia se poate citi \u0219i seta num\u0103rul de reglaje cu clic. Dup\u0103 tragerea \u00een lunet\u0103, \u00een <strong>Reglarea reticulului prin eliberarea bloc\u0103rii turelei<\/strong> poate fi setat la zero cu o moned\u0103 sau o \u0219urubelni\u021b\u0103.<\/p>\n<p>Ulterior, Comisia <strong>Setarea zero este contracarat\u0103 de jos cu ajutorul Zerostop pentru a asigura o oprire la pozi\u021bia zero<\/strong>. De la aceast\u0103 pozi\u021bie zero pot fi presetate diferite distan\u021be de tragere cu ajutorul unui sistem de marcare.<\/p>\n<p>Datorit\u0103 acestor func\u021bii practice, tr\u0103g\u0103torii pot ajusta rapid \u0219i u\u0219or luneta la diferite distan\u021be, asigur\u00e2nd \u00een acela\u0219i timp o pozi\u021bie zero fiabil\u0103. Acest lucru permite o selec\u021bie flexibil\u0103 \u0219i precis\u0103 a \u021bintei \u00een diferite situa\u021bii de tragere.<\/p>\n<h3>Cel mai bun punct de lumin\u0103 pentru tehnologia de iluminare din spate \/ amurg \/ vedere pe timp de noapte<\/h3>\n<p>Luneta Nighteagle V6 5-30\u00d750 NFX are un punct iluminat op\u021bional cu fibr\u0103 optic\u0103, care este disponibil \u0219i \u00een versiunea IFiber automat\u0103 contra unei taxe suplimentare.<\/p>\n<p>Spotul luminos din fibr\u0103 optic\u0103 este \u00een mod deliberat mic pentru a asigura o acoperire c\u00e2t mai redus\u0103 a \u021bintei. Datorit\u0103 <strong>tehnologie avansat\u0103 de fibr\u0103 optic\u0103, punctul de lumin\u0103 este<\/strong> nu numai c\u0103 este mai \u00eentunecat\u0103 cu o atenuare puternic\u0103, dar \u0219i mai fin\u0103, ceea ce permite o orientare precis\u0103.<\/p>\n<p>Punctul luminat poate fi atenuat continuu cu 100 % p\u00e2n\u0103 c\u00e2nd nu mai este vizibil pentru ochiul uman. Sub nivelul 4, punctul luminat poate fi recunoscut numai cu un dispozitiv de vedere pe timp de noapte.<\/p>\n<p>La cerere, punctul iluminat poate fi, de asemenea, personalizat pentru utilizarea cu <a href=\"https:\/\/de.wikipedia.org\/wiki\/Nachtsichtger%C3%A4t\" target=\"_blank\" rel=\"noopener sponsored\">Tipuri de dispozitive de vedere pe timp de noapte<\/a> ca <strong>Photonis XD4 sau XR5 de grad comercial<\/strong> sau Gen. 3 pot fi personalizate.<\/p>\n<p>Atunci c\u00e2nd<strong> Dac\u0103 punctul iluminat este oprit, reticulul continuu apare ca la un lunetist conven\u021bional f\u0103r\u0103 unitate iluminat\u0103,<\/strong> f\u0103r\u0103 ca un punct liber, care distrage aten\u021bia, s\u0103 afecteze vederea. Atunci c\u00e2nd punctul iluminat este activat, nu exist\u0103 str\u0103luciri sau reflexii deranjante \u00een cadrul opticii, asigur\u00e2nd o vizibilitate clar\u0103.<\/p>\n<p>Unitatea luminoas\u0103 este fabricat\u0103 manual, ceea ce face posibil\u0103 luarea \u00een considerare individual\u0103 a cererilor speciale ale clien\u021bilor. Acest lucru permite tr\u0103g\u0103torilor s\u0103 aib\u0103 luneta personalizat\u0103 \u00een func\u021bie de preferin\u021bele \u0219i cerin\u021bele lor personale.<\/p>\n<h3>Lunet\u0103 NFX cu c\u00e2mp vizual mare<\/h3>\n<p>Nighteagle V6 5-30\u00d750 NFX ofer\u0103 o caracteristic\u0103 remarcabil\u0103: un c\u00e2mp vizual excep\u021bional de mare de 8 metri la o m\u0103rire de 5x, care, \u00een combina\u021bie cu o cutie ocular\u0103 \u00eembun\u0103t\u0103\u021bit\u0103 semnificativ, aduce o multitudine de avantaje. Acest lucru este extrem de util at\u00e2t pentru tr\u0103g\u0103torii de precizie, c\u00e2t \u0219i pentru v\u00e2n\u0103tori.<\/p>\n<p>Eyebox-ul \u00eembun\u0103t\u0103\u021bit permite tr\u0103g\u0103torilor s\u0103 supravegheze mai bine \u021binta \u00een timpul tragerii, chiar dac\u0103 aceasta este \u00een mi\u0219care. Acest lucru le permite s\u0103 recunoasc\u0103 singuri impactul glon\u021bului asupra \u021bintei, f\u0103r\u0103 a fi nevoi\u021bi s\u0103 se bazeze pe un observator suplimentar.<\/p>\n<p>Acest lucru ofer\u0103 un \u201cfeedback\u201d precis \u0219i imediat care \u00eei ofer\u0103 tr\u0103g\u0103torului certitudinea cu privire la punctul de impact \u0219i \u00eei permite s\u0103 urm\u0103reasc\u0103 sau s\u0103 corecteze lovitura \u00een timp real.<\/p>\n<p>\u00cen cazul unei rat\u0103ri, c\u00e2mpul vizual extins este un mare avantaj, deoarece tr\u0103g\u0103torul poate recunoa\u0219te mai u\u0219or unde este abaterea de la \u021bint\u0103 \u0219i poate face corec\u021bii imediate.<\/p>\n<p>Datorit\u0103 c\u00e2mpului vizual mai mare, este posibil s\u0103 recunoa\u0219te\u021bi singur abaterea \u0219i s\u0103 o corecta\u021bi imediat f\u0103r\u0103 ajutorul unui observator. Acest lucru economise\u0219te timp pre\u021bios \u0219i permite tr\u0103g\u0103torului s\u0103 se reorienteze rapid \u0219i s\u0103 \u021binteasc\u0103 din nou \u021binta.<\/p>\n<p>Prin urmare, combina\u021bia dintre c\u00e2mpul vizual generos \u0219i eyebox-ul \u00eembun\u0103t\u0103\u021bit din Nighteagle V6 5-30\u00d750 NFX ofer\u0103 tr\u0103g\u0103torilor precizie \u0219i control maxim la fiecare tragere. Cu acest lunetist l\u00e2ng\u0103 ei, tr\u0103g\u0103torii \u00ee\u0219i pot duce performan\u021bele de tragere la un nou nivel.<\/p>","protected":false},"excerpt":{"rendered":"<p><img decoding=\"async\" class=\"alignnone wp-image-10452 size-full\" title=\"Tragere la \u021bint\u0103\" src=\"https:\/\/ddoptics.shop\/wp-content\/uploads\/2016\/07\/Target-Schiessen.jpg\" alt=\"Tragere la \u021bint\u0103\" width=\"50\" height=\"50\" \/><img decoding=\"async\" class=\"alignnone wp-image-10178 size-full\" title=\"V\u00e2n\u0103toare montan\u0103\" src=\"https:\/\/ddoptics.shop\/wp-content\/uploads\/2016\/04\/Gebirgsjagd-klein.jpg\" alt=\"Binoclu de v\u00e2n\u0103toare de munte\" width=\"50\" height=\"50\" \/><br \/>\nNoul <strong>Optic\u0103 pentru \u021binte cu raz\u0103 lung\u0103 de ac\u021biune cu <strong>mai nou <\/strong><span style=\"color: #ff0000;\"><strong><span class=\"userContent\">Sticl\u0103 tip CT (Clear-Transmission) de la DDoptics.<\/span><\/strong><\/span><\/strong> Op\u021bional <strong><a title=\"NOU DDoptics IFiber punct luminat\" href=\"\/ro\/termen-tehnic-wiki\/inteligent-ddoptics-ifiber-light-point\/\" target=\"_blank\" rel=\"noopener noreferrer\">Punct de lumin\u0103 IFibre<\/a><\/strong> pentru <strong>doar 99,- \u20ac supratax\u0103.<\/strong><\/p>\n<a href=\"https:\/\/amzn.to\/3PlT7Gn\" target=\"_blank\" class=\"button success is-success is-small\" rel=\"\u201dnofollow\u201d noopener\" >\n\t\t<span>client amazon? - folosi\u021bi beneficiile prime?<\/span>\n\t<\/a>","protected":false},"featured_media":26819,"comment_status":"open","ping_status":"closed","template":"","meta":{"inline_featured_image":false,"footnotes":""},"product_brand":[],"product_cat":[480,453,638,697,917,640,919,637],"product_tag":[587,78,696,955,1098,956,79],"class_list":{"0":"post-26806","1":"product","2":"type-product","3":"status-publish","4":"has-post-thumbnail","6":"product_cat-5-30x50","7":"product_cat-50-mm-objektivdurchmesser","8":"product_cat-ansitzjagd","9":"product_cat-mrad-klickverstellung","10":"product_cat-nfx-zielfernrohre-weitwinkel-zf","11":"product_cat-pirschjagd-und-gebirgsjagd","12":"product_cat-v6-6-fach-zoom","13":"product_cat-zf-anwendung","14":"product_tag-5-30x50","15":"product_tag-ddoptics","16":"product_tag-mrad","17":"product_tag-nfx","18":"product_tag-nighteagle","19":"product_tag-v6","20":"product_tag-zielfernrohr","21":"product_shipping_class-paket","22":"pa_brand-marke-ddoptics","23":"pa_produkt-typ-zielfernrohr","25":"first","26":"instock","27":"sale","28":"taxable","29":"shipping-taxable","30":"purchasable","31":"product-type-bundle"},"bundled_by":[],"bundle_stock_status":"instock","bundle_stock_quantity":16,"bundle_virtual":false,"bundle_layout":"default","bundle_add_to_cart_form_location":"default","bundle_editable_in_cart":false,"bundle_sold_individually_context":"product","bundle_item_grouping":"parent","bundle_min_size":"","bundle_max_size":"","bundle_price":{"price":{"min":{"incl_tax":"1299.01","excl_tax":"1082.51"},"max":{"incl_tax":"1403.32","excl_tax":"1169.43"}},"regular_price":{"min":{"incl_tax":"1689.01","excl_tax":"1407.51"},"max":{"incl_tax":"1804.9","excl_tax":"1504.08"}}},"bundled_items":[{"bundled_item_id":385,"product_id":12809,"menu_order":0,"quantity_min":1,"quantity_max":1,"quantity_default":1,"priced_individually":true,"shipped_individually":false,"override_title":true,"title":"","override_description":false,"description":"","optional":false,"hide_thumbnail":false,"discount":"","override_variations":true,"allowed_variations":[12810,12811],"override_default_variation_attributes":false,"default_variation_attributes":[],"single_product_visibility":"visible","cart_visibility":"visible","order_visibility":"visible","single_product_price_visibility":"visible","cart_price_visibility":"visible","order_price_visibility":"visible","stock_status":"in_stock"},{"bundled_item_id":386,"product_id":12812,"menu_order":1,"quantity_min":1,"quantity_max":1,"quantity_default":1,"priced_individually":true,"shipped_individually":false,"override_title":true,"title":"Set de capace de protec\u021bie aproape ca un cadou","override_description":true,"description":"","optional":true,"hide_thumbnail":false,"discount":"68.55","override_variations":true,"allowed_variations":[26829],"override_default_variation_attributes":true,"default_variation_attributes":[{"id":17,"name":"Dimensiunea lunetei","option":"5-30x50-nfx"}],"single_product_visibility":"visible","cart_visibility":"visible","order_visibility":"visible","single_product_price_visibility":"visible","cart_price_visibility":"visible","order_price_visibility":"visible","stock_status":"in_stock"}],"bundle_sell_ids":[],"_links":{"self":[{"href":"https:\/\/ddoptics.shop\/ro\/wp-json\/wp\/v2\/product\/26806","targetHints":{"allow":["GET"]}}],"collection":[{"href":"https:\/\/ddoptics.shop\/ro\/wp-json\/wp\/v2\/product"}],"about":[{"href":"https:\/\/ddoptics.shop\/ro\/wp-json\/wp\/v2\/types\/product"}],"replies":[{"embeddable":true,"href":"https:\/\/ddoptics.shop\/ro\/wp-json\/wp\/v2\/comments?post=26806"}],"version-history":[{"count":18,"href":"https:\/\/ddoptics.shop\/ro\/wp-json\/wp\/v2\/product\/26806\/revisions"}],"predecessor-version":[{"id":29141,"href":"https:\/\/ddoptics.shop\/ro\/wp-json\/wp\/v2\/product\/26806\/revisions\/29141"}],"wp:featuredmedia":[{"embeddable":true,"href":"https:\/\/ddoptics.shop\/ro\/wp-json\/wp\/v2\/media\/26819"}],"wp:attachment":[{"href":"https:\/\/ddoptics.shop\/ro\/wp-json\/wp\/v2\/media?parent=26806"}],"wp:term":[{"taxonomy":"product_brand","embeddable":true,"href":"https:\/\/ddoptics.shop\/ro\/wp-json\/wp\/v2\/product_brand?post=26806"},{"taxonomy":"product_cat","embeddable":true,"href":"https:\/\/ddoptics.shop\/ro\/wp-json\/wp\/v2\/product_cat?post=26806"},{"taxonomy":"product_tag","embeddable":true,"href":"https:\/\/ddoptics.shop\/ro\/wp-json\/wp\/v2\/product_tag?post=26806"}],"curies":[{"name":"wp","href":"https:\/\/api.w.org\/{rel}","templated":true}]}}