{"id":27680,"date":"2024-11-25T17:54:55","date_gmt":"2024-11-25T16:54:55","guid":{"rendered":"https:\/\/ddoptics.shop\/?post_type=product&#038;p=27680"},"modified":"2026-02-02T17:28:43","modified_gmt":"2026-02-02T16:28:43","slug":"pusca-5-30x56-ddmp-v6-taca-moa-gen3","status":"publish","type":"product","link":"https:\/\/ddoptics.shop\/ro\/kaufen\/zielfernrohr-5-30x56-ddmp-v6-taca-moa-gen3\/","title":{"rendered":"Lunet\u0103 DDMP V6 | 5-30\u00d756 Long Range | tac-A | Reglare MOA - Gen 3"},"content":{"rendered":"<div class=\"container section-title-container\" ><h3 class=\"section-title section-title-normal\"><b aria-hidden=\"true\"><\/b><span class=\"section-title-main\" ><i class=\"icon-cross\" aria-hidden=\"true\"><\/i>Scurt\u0103 prezentare a lunetei 5-30x56 DDMP Long Range | V6 | tac-A | Reglare MOA - Gen 3<\/span><b aria-hidden=\"true\"><\/b><\/h3><\/div>\n<table style=\"width: 100%; background-color: #cacaca; height: 144px;\">\n<tbody>\n<tr style=\"height: 24px;\">\n<td style=\"height: 24px; width: 20%;\">Tub<\/td>\n<td style=\"height: 24px; width: 30%;\">Tub mono de 34 mm<\/td>\n<td style=\"height: 24px; width: 20%;\">C\u00e2mpul vizual: m @100 m<\/td>\n<td style=\"height: 24px; width: 30%;\">7,04-1,05 m<\/td>\n<\/tr>\n<tr style=\"height: 24px;\">\n<td style=\"height: 24px; width: 20%;\">Sistem optic<\/td>\n<td style=\"height: 24px; width: 30%;\">5-30 de ori<\/td>\n<td style=\"height: 24px; width: 20%;\">Distan\u021ba interpupilar\u0103<\/td>\n<td style=\"height: 24px; width: 30%;\">85-97 mm<\/td>\n<\/tr>\n<tr style=\"height: 24px;\">\n<td style=\"height: 24px; width: 20%;\">Lentile<\/td>\n<td style=\"height: 24px; width: 30%;\">56 mm<\/td>\n<td style=\"height: 24px; width: 20%;\">Lungime<\/td>\n<td style=\"height: 24px; width: 30%;\">368 mm<\/td>\n<\/tr>\n<tr style=\"height: 24px;\">\n<td style=\"height: 24px; width: 20%;\">Reticul<\/td>\n<td style=\"height: 24px; width: 30%;\">TacA<\/td>\n<td style=\"height: 24px; width: 20%;\">Greutate<\/td>\n<td style=\"height: 24px; width: 30%;\">1068 g<\/td>\n<\/tr>\n<tr style=\"height: 24px;\">\n<td style=\"height: 24px; width: 20%;\">Punct de lumin\u0103<\/td>\n<td style=\"height: 24px; width: 30%;\">Standard sau iFibre<\/td>\n<td style=\"height: 24px; width: 20%;\">Protec\u021bie anticearc\u0103n<\/td>\n<td style=\"height: 24px; width: 30%;\">Umplere cu azot \u00eempotriva aburului<\/td>\n<\/tr>\n<tr style=\"height: 24px;\">\n<td style=\"height: 24px; width: 20%;\">Focalizare\/paralax\u0103<\/td>\n<td style=\"height: 24px; width: 30%;\">Lentile reglabile de la 25-1000 m la infinit<\/td>\n<td style=\"height: 24px; width: 20%;\">\u00a0Str\u00e2nsoare<\/td>\n<td style=\"height: 24px; width: 30%;\">Rezistent la ap\u0103 \u0219i \u0219ocuri<\/td>\n<\/tr>\n<\/tbody>\n<\/table>\n<div class=\"row\"  id=\"row-579583810\">\n\n\t<div id=\"col-1288353402\" class=\"col medium-8 small-12 large-8\"  >\n\t\t\t\t<div class=\"col-inner\"  >\n\t\t\t\n\t\t\t\n<h2>Lunet\u0103 DDMP V6 5-30\u00d756 | <a href=\"https:\/\/ddoptics.shop\/ro\/termen-tehnic\/calculul-minutei-unghiulare-sau-moa-pentru-luneta\/\">1\/8 MOA<\/a> de la DDoptics - precizie absolut\u0103 pe distan\u021be medii de la 100 la 1000 m<\/h2>\n<p>The <strong>Lunet\u0103 DDoptics DDMP V6 5-30\u00d756 | MOA | tac-A<\/strong> este instrumentul de precizie suprem pentru tr\u0103g\u0103torii ambi\u021bio\u0219i \u0219i entuzia\u0219tii cu raz\u0103 lung\u0103 de ac\u021biune. Cu tehnologie de ultim\u0103 or\u0103, precizie f\u0103r\u0103 compromisuri \u0219i manoper\u0103 premium, acest lunetist stabile\u0219te noi standarde \u00een lumea opticii de tragere.<\/p>\n<h3>Precizie \u0219i versatilitate excep\u021bionale<\/h3>\n<p>Datorit\u0103 spectrului s\u0103u larg de m\u0103rire de <strong>De 5 p\u00e2n\u0103 la 30 de ori<\/strong> DDMP V6 st\u0103p\u00e2ne\u0219te distan\u021bele medii \u0219i extreme cu precizie maxim\u0103.<\/p>\n<blockquote><p>Generos <strong>Obiectiv de 56 mm<\/strong> asigur\u0103 o transmisie excep\u021bional\u0103 a luminii \u0219i imagini extrem de clare - chiar \u0219i \u00een condi\u021bii de lumin\u0103 slab\u0103 sau vreme dificil\u0103.<\/p><\/blockquote>\n<p>Cu o gam\u0103 excep\u021bional\u0103 de reglaje de <strong>100 MOA<\/strong> \u0219i un sistem de reglare de ultim\u0103 genera\u021bie, distan\u021be de p\u00e2n\u0103 la <strong>2.000 de metri \u0219i mai mult<\/strong> pot fi acoperite f\u0103r\u0103 efort.<\/p>\n<p>Reglarea precis\u0103 cu doar <strong>3 revolu\u021bii<\/strong> permite comutarea fulger\u0103toare \u00eentre diferite distan\u021be de fotografiere - ideal pentru situa\u021bii de fotografiere dinamice.<\/p>\n<h3>Riflescope 5-30\u00d756 DDMP - optic\u0103 \u00eentr-o clas\u0103 de sine st\u0103t\u0103toare<\/h3>\n<p>DDMP V6 ofer\u0103 <strong>Lentile de \u00eenalt\u0103 defini\u021bie<\/strong> cu lentile cu strat de acoperire multistrat pentru o experien\u021b\u0103 optic\u0103 de \u00eenalt\u0103 clas\u0103. Reflexiile \u0219i lumina vagabond\u0103 sunt reduse la minimum, \u00een timp ce contrastele sunt eviden\u021biate cu str\u0103lucire. Rezultatul: o imagine clar\u0103, detaliat\u0103, care impresioneaz\u0103 chiar \u0219i \u00een condi\u021bii dificile.<\/p>\n\t\t<\/div>\n\t\t\t\t\t<\/div>\n\n\t\n\n\t<div id=\"col-567895446\" class=\"col medium-4 small-12 large-4\"  >\n\t\t\t\t<div class=\"col-inner\"  >\n\t\t\t\n\t\t\t\n<a class=\"button primary expand\" >\n\t\t<span>Caracteristici speciale lunet\u0103<\/span>\n\t<\/a>\n\n\n\t<section class=\"section\" id=\"section_738508813\">\n\t\t<div class=\"section-bg fill\" >\n\t\t\t\t\t\t\t\t\t<div class=\"section-bg-overlay absolute fill\"><\/div>\n\t\t\t\n\n\t\t<\/div>\n\n\t\t\n\n\t\t<div class=\"section-content relative\">\n\t\t\t\n\t<div class=\"img has-hover x md-x lg-x y md-y lg-y\" id=\"image_431554037\">\n\t\t<a class=\"\" href=\"https:\/\/www.ddoptics.de\/garantiebestimmungen\" target=\"_blank\" rel=\"no follow noopener\">\t\t\t\t\t\t<div class=\"img-inner dark\" >\n\t\t\t<img decoding=\"async\" width=\"352\" height=\"160\" src=\"https:\/\/ddoptics.shop\/wp-content\/uploads\/2014\/09\/DDoptics-Garantie.jpg\" class=\"attachment-large size-large\" alt=\"Garan\u021bia DDoptics\" srcset=\"https:\/\/ddoptics.shop\/wp-content\/uploads\/2014\/09\/DDoptics-Garantie.jpg 352w, https:\/\/ddoptics.shop\/wp-content\/uploads\/2014\/09\/DDoptics-Garantie-304x138.jpg 304w, https:\/\/ddoptics.shop\/wp-content\/uploads\/2014\/09\/DDoptics-Garantie-305x139.jpg 305w, https:\/\/ddoptics.shop\/wp-content\/uploads\/2014\/09\/DDoptics-Garantie-250x114.jpg 250w\" sizes=\"(max-width: 352px) 100vw, 352px\" title=\"\">\t\t\t\t\t\t\n\t\t\t\t\t<\/div>\n\t\t\t\t\t\t<\/a>\t\t\n<style>\n#image_431554037 {\n  width: 100%;\n}\n<\/style>\n\t<\/div>\n\t\n\t<div id=\"gap-1030508804\" class=\"gap-element clearfix\" style=\"display:block; height:auto;\">\n\t\t\n<style>\n#gap-1030508804 {\n  padding-top: 15px;\n}\n<\/style>\n\t<\/div>\n\t\n\t<div id=\"text-1380892948\" class=\"text\">\n\t\t\n<p><em><span style=\"font-size: 80%;\">\u21d2 DDMP - DDoptics Match Precision<br \/>\n<\/span><\/em><em><span style=\"font-size: 80%;\">\u21d2 tub robust de 34 mm<br \/>\n<\/span><\/em><em><span style=\"font-size: 80%;\">\u21d2 Interval de reglare foarte mare de 1\/8 MOA<br \/>\n<\/span><\/em><em><span style=\"font-size: 80%;\">\u21d2 turele metalice mari, tactice (f\u0103r\u0103 plastic)<br \/>\n<\/span><\/em><em><span style=\"font-size: 80%;\">\u21d2 scalare dubl\u0103 (\u00eentoarcere dubl\u0103)<br \/>\n<\/span><\/em><em><span style=\"font-size: 80%;\">\u21d2 intern\u00a0<span class=\"modal_lexicon\">Zerostop<\/span>\u00a0pentru ASV (oprire la zero)<br \/>\n<\/span><\/em><em><span style=\"font-size: 80%;\">\u21d2 nou\u00a0<span class=\"modal_lexicon\">Reticul<\/span>\u00a0tacA \u00een primul plan al imaginii<br \/>\n<\/span><\/em><em><span style=\"font-size: 80%;\">\u21d2 Compensare paralax\u0103 puternic\u0103 cu 25-1000-\u221e<br \/>\n<\/span><\/em><em><span style=\"font-size: 80%;\">\u21d2 Toate lunetele DDoptics sunt impermeabile \u0219i umplute cu azot<\/span><\/em><\/p>\n\t\t\n<style>\n#text-1380892948 {\n  line-height: 1.15;\n  color: rgb(33, 107, 227);\n}\n#text-1380892948 > * {\n  color: rgb(33, 107, 227);\n}\n<\/style>\n\t<\/div>\n\t\n\t\t<\/div>\n\n\t\t\n<style>\n#section_738508813 {\n  padding-top: 30px;\n  padding-bottom: 30px;\n  background-color: rgb(232, 232, 232);\n}\n#section_738508813 .section-bg-overlay {\n  background-color: rgba(255,255,255,.5);\n}\n<\/style>\n\t<\/section>\n\t\n\t\t<\/div>\n\t\t\t\t\t<\/div>\n\n\t\n<\/div>\n<h3>Robuste\u021be care nu cunoa\u0219te compromisuri<\/h3>\n<p>Acest lunetist este construit pentru cele mai dure condi\u021bii. Fabricat din material de \u00eenalt\u0103 calitate, anodizat <strong>Aluminiu pentru avioane<\/strong>, Nu este doar u\u0219or \u0219i stabil, ci \u0219i extrem de rezistent la impact, recul \u0219i la efectele vremii.<\/p>\n<p>The <strong>Umplerea cu azot<\/strong> \u0219i un design complet impermeabil asigur\u0103 faptul c\u0103 DDMP V6 nu se \u00eence\u021bo\u0219eaz\u0103 \u00een cazul fluctua\u021biilor de temperatur\u0103 \u0219i al umidit\u0103\u021bii. Aceste caracteristici garanteaz\u0103 durabilitatea \u0219i fiabilitatea, chiar \u0219i \u00een cele mai nefavorabile condi\u021bii.<\/p>\n<h3>Func\u021bii inovatoare pentru tr\u0103g\u0103tori la cel mai \u00eenalt nivel<\/h3>\n<ul>\n<li><strong>Reticul Tac-A cu iluminare:<\/strong> Unitatea cu reticul iluminat, cu reglaj infinit variabil al luminozit\u0103\u021bii, se adapteaz\u0103 perfect la condi\u021biile ambientale, fie \u00een amurg, fie la lumina puternic\u0103 a zilei.<\/li>\n<li><strong>Design ergonomic:<\/strong> Ridicarea generoas\u0103 a ochilor asigur\u0103 o experien\u021b\u0103 de tragere sigur\u0103 \u0219i confortabil\u0103, chiar \u0219i cu calibre puternice.<\/li>\n<li><strong>Primul plan al imaginii pentru acurate\u021be maxim\u0103:<\/strong> Datorit\u0103 plas\u0103rii reticulului Tac-A \u00een primul plan al imaginii, scalarea r\u0103m\u00e2ne \u00eentotdeauna precis\u0103 indiferent de m\u0103rire - 1 MOA corespunde \u00eentotdeauna exact la <strong>2,88 mm per 100 m<\/strong>, \u00een timp ce loviturile intermediare sunt cele mai fine ajust\u0103ri ale <strong>0,36 cm (\u215b MOA)<\/strong> permite.<\/li>\n<\/ul>\n<h3>Reticulul Tac-A - precizie f\u0103r\u0103 limite<\/h3>\n<p>Designul bine g\u00e2ndit al reticulului Tac-A ofer\u0103 claritate \u0219i precizie maxime. Barele transparente asigur\u0103 faptul c\u0103 detaliile importante ale zonei \u021bint\u0103 r\u0103m\u00e2n vizibile, \u00een timp ce structura \u00een form\u0103 de s\u0103geat\u0103 permite achizi\u021bionarea rapid\u0103 \u0219i intuitiv\u0103 a \u021bintei.<\/p>\n<h3>Instrumentul perfect pentru speciali\u0219tii cu raz\u0103 lung\u0103 de ac\u021biune<\/h3>\n<p>The <strong>DDoptics DDMP V6 5-30\u00d756<\/strong> este mai mult dec\u00e2t un simplu lunet\u0103 - este o declara\u021bie \u00een termeni de performan\u021b\u0103, precizie \u0219i inova\u021bie. Fie \u00een poligonul de tragere, la concursuri sau \u00een utilizarea profesional\u0103: acest luneta premium v\u0103 ofer\u0103 \u00eencrederea de a v\u0103 desf\u0103\u0219ura \u00eentotdeauna la cel mai \u00eenalt nivel.<\/p>\n<p><strong>Investi\u021bi \u00een calitate f\u0103r\u0103 compromisuri \u0219i transforma\u021bi fiecare fotografie \u00eentr-o fotografie de excep\u021bie.<\/strong><\/p>\n<div class=\"html--title\">\n<h2>Desenul dimensiunilor lunetei 5-30\u00d756 DDMP<\/h2>\n<\/div>\n<div class=\"html--content\">\n<p>Not\u0103: Lungimea lunetei se poate modifica la reglarea dioptriilor de pe ocular.<\/p>\n<\/div>\n\t<div class=\"img has-hover x md-x lg-x y md-y lg-y\" id=\"image_214622072\">\n\t\t\t\t\t\t\t\t<div class=\"img-inner dark\" >\n\t\t\t<img decoding=\"async\" width=\"1020\" height=\"669\" src=\"https:\/\/ddoptics.shop\/wp-content\/uploads\/2019\/02\/DDoptics-V6-Zielfernrohr-5-30x56-Zeichnung.jpg\" class=\"attachment-large size-large\" alt=\"DDoptics V6 pu\u0219c\u0103 5-30x56 DDMP desen\" srcset=\"https:\/\/ddoptics.shop\/wp-content\/uploads\/2019\/02\/DDoptics-V6-Zielfernrohr-5-30x56-Zeichnung.jpg 1200w, https:\/\/ddoptics.shop\/wp-content\/uploads\/2019\/02\/DDoptics-V6-Zielfernrohr-5-30x56-Zeichnung-304x199.jpg 304w, https:\/\/ddoptics.shop\/wp-content\/uploads\/2019\/02\/DDoptics-V6-Zielfernrohr-5-30x56-Zeichnung-305x200.jpg 305w, https:\/\/ddoptics.shop\/wp-content\/uploads\/2019\/02\/DDoptics-V6-Zielfernrohr-5-30x56-Zeichnung-632x414.jpg 632w, https:\/\/ddoptics.shop\/wp-content\/uploads\/2019\/02\/DDoptics-V6-Zielfernrohr-5-30x56-Zeichnung-800x525.jpg 800w, https:\/\/ddoptics.shop\/wp-content\/uploads\/2019\/02\/DDoptics-V6-Zielfernrohr-5-30x56-Zeichnung-510x334.jpg 510w, https:\/\/ddoptics.shop\/wp-content\/uploads\/2019\/02\/DDoptics-V6-Zielfernrohr-5-30x56-Zeichnung-250x164.jpg 250w\" sizes=\"(max-width: 1020px) 100vw, 1020px\" title=\"\">\t\t\t\t\t\t\n\t\t\t\t\t<\/div>\n\t\t\t\t\t\t\t\t\n<style>\n#image_214622072 {\n  width: 100%;\n}\n<\/style>\n\t<\/div>\n\t\n<h3>DDoptics V6 riflescope 5-30\u00d756 DDMP: Punct iluminat continuu de la lumina zilei la modul de vedere pe timp de noapte<\/h3>\n<p>The <strong>Unitatea u\u0219oar\u0103 a TacA<\/strong> este un sistem perfect echilibrat, cu dinamic\u0103 maxim\u0103. Sistemul <strong>primele niveluri de luminozitate doar un punct luminos extrem de mic<\/strong> s\u0103 recunoasc\u0103.<\/p>\n<p>Acest lucru poate fi chiar atenuat \u00eentr-o asemenea m\u0103sur\u0103 \u00eenc\u00e2t acest <strong>poate fi utilizat \u0219i cu un dispozitiv de vedere pe timp de noapte.<\/strong> Dac\u0103 punctul luminat este ridicat mai mult, atunci<strong> lumineaz\u0103 \u00eentreaga camer\u0103 de la o anumit\u0103 intensitate luminoas\u0103. <a href=\"https:\/\/de.wikipedia.org\/wiki\/Ballistik\" target=\"_blank\" rel=\"noopener sponsored\" data-schema-attribute=\"\">balistic<\/a> Reticul<\/strong> cu.<\/p>\n<p>\u00cen func\u021bie de aplica\u021bie <strong>poate fi selectat \u00eentre punctul pur sau reticul complet iluminat<\/strong>. Oprirea automat\u0103 cu control inteligent poate fi, de asemenea, selectat\u0103 pentru aceast\u0103 vedere optic\u0103.<\/p>\n<h3>Op\u021biuni de setare precise<\/h3>\n<p>Luneta este echipat\u0103 cu un reticul MOA care a fost optimizat special pentru aplica\u021bii tactice \u0219i sportive. Reglarea \u00een\u0103l\u021bimii \u0219i v\u00e2ntului este setat\u0103 \u00een trepte precise de 1\/8 MOA, ceea ce permite o reglare extrem de fin\u0103.<\/p>\n<blockquote><p>Feedback-ul tactil \u0219i audibil al turelelor asigur\u0103 o operare intuitiv\u0103, chiar \u0219i \u00een condi\u021bii dificile. Cu o ajustare maxim\u0103 a eleva\u021biei de 100 MOA, DDMP V6 ofer\u0103 o marj\u0103 de manevr\u0103 suficient\u0103 pentru distan\u021be extreme.<\/p><\/blockquote>\n<h3>DDoptics V6 pu\u0219c\u0103 5-30\u00d756 DDMP - Zerostop intern, precis<\/h3>\n<div class=\"row\"  id=\"row-2041937137\">\n\n\t<div id=\"col-1226813137\" class=\"col medium-8 small-12 large-8\"  >\n\t\t\t\t<div class=\"col-inner\"  >\n\t\t\t\n\t\t\t\n<p><strong>Intervalul total de reglare al lunetei DDoptics<a href=\"https:\/\/ddoptics.shop\/ro\/magazin\/vedere-telescopica\/v6-6x-zoom\/\" target=\"_blank\" rel=\"noopener\" data-schema-attribute=\"\"> V6 lunet\u0103<\/a> 5-30\u00d756 DDMP:<\/strong><\/p>\n<p>The\u00a0<strong>luneta 5-30\u00d756<\/strong> are un<strong> Reglare tactic\u0103 de 0,1 mrad<\/strong>. Pentru utilizator, aceasta \u00eenseamn\u0103 <strong>Aplica\u021bie simpl\u0103 pentru Europa \u00een conformitate cu sistemul zecimal<\/strong>.<\/p>\n<p>Interval total de reglare la 100 m: 100 MOA<\/p>\n<ul>\n<li>Curs\u0103 de reglare \/ clic pe 100 m: 0,36 cm<\/li>\n<li>Curs\u0103 de reglare \/ clic la 200 m: 0,72 cm<\/li>\n<li>Curs\u0103 de reglare \/ clic la 300 m: 1,08 cm<\/li>\n<li>Curs\u0103 de reglare \/ clic la 900 m: 3,24 cm<\/li>\n<\/ul>\n\t\t<\/div>\n\t\t\t\t\t<\/div>\n\n\t\n\n\t<div id=\"col-38915764\" class=\"col medium-4 small-12 large-4\"  >\n\t\t\t\t<div class=\"col-inner\"  >\n\t\t\t\n\t\t\t\n\t<div class=\"img has-hover x md-x lg-x y md-y lg-y\" id=\"image_547120083\">\n\t\t\t\t\t\t\t\t<div class=\"img-inner dark\" >\n\t\t\t<img decoding=\"async\" width=\"600\" height=\"400\" src=\"https:\/\/ddoptics.shop\/wp-content\/uploads\/2019\/02\/Interner-Zerostop-5-30x56.jpg\" class=\"attachment-large size-large\" alt=\"\" srcset=\"https:\/\/ddoptics.shop\/wp-content\/uploads\/2019\/02\/Interner-Zerostop-5-30x56.jpg 600w, https:\/\/ddoptics.shop\/wp-content\/uploads\/2019\/02\/Interner-Zerostop-5-30x56-304x203.jpg 304w, https:\/\/ddoptics.shop\/wp-content\/uploads\/2019\/02\/Interner-Zerostop-5-30x56-305x203.jpg 305w, https:\/\/ddoptics.shop\/wp-content\/uploads\/2019\/02\/Interner-Zerostop-5-30x56-510x340.jpg 510w, https:\/\/ddoptics.shop\/wp-content\/uploads\/2019\/02\/Interner-Zerostop-5-30x56-250x167.jpg 250w\" sizes=\"(max-width: 600px) 100vw, 600px\" title=\"\">\t\t\t\t\t\t\n\t\t\t\t\t<\/div>\n\t\t\t\t\t\t\t\t\n<style>\n#image_547120083 {\n  width: 100%;\n}\n<\/style>\n\t<\/div>\n\t\n\t\t<\/div>\n\t\t\t\t\t<\/div>\n\n\t\n<\/div>\n<p>Dup\u0103 \u00eendep\u0103rtarea<strong> Capace de turel\u0103 de la reglarea reticulului de 5-30\u00d756\u00a0<\/strong>turnul poate fi <strong>prin sl\u0103birea a 3 \u0219uruburi de fixare<\/strong> scoate\u021bi \u00een sus. Dedesubt ve\u021bi g\u0103si Zerostop sub forma unui disc rotund, negru.<\/p>\n<p>Zerostop se regleaz\u0103 dup\u0103 tragere prin sl\u0103birea celor (de asemenea) 3 \u0219uruburi de fixare de pe discul Zerostop. Atunci c\u00e2nd este sl\u0103bit, discul poate fi rotit p\u00e2n\u0103 la oprire f\u0103r\u0103 niciun efect \u0219i <strong>apoi fixat din nou cu \u0219uruburile de fixare<\/strong> devin.<\/p>\n<p>Pute\u021bi vedea oprirea pe imagine \u00eentre \u021bint\u0103 \u0219i vizorul optic. Apoi<strong> Repozi\u021biona\u021bi turnul \u00een pozi\u021bia zero \u0219i bloca\u021bi-l \u00een pozi\u021bie cu ajutorul celor 3 \u0219uruburi de fixare.\u00a0<\/strong>Zerostop se opre\u0219te acum exact la distan\u021ba pe care a\u021bi setat-o.<\/p>\n<h3>Concluzie privind luneta DDMP<\/h3>\n<p>DDoptics DDMP V6 5-30\u00d756 Long Range | MOA | tac-A este o lunet\u0103 fiabil\u0103 \u0219i puternic\u0103 pentru tr\u0103g\u0103torii care caut\u0103 precizie maxim\u0103 \u0219i flexibilitate \u00eentr-un dispozitiv robust. Acesta combin\u0103 tehnologia de ultim\u0103 genera\u021bie, materialele de \u00eenalt\u0103 calitate \u0219i operarea prietenoas\u0103 pentru utilizator la un raport pre\u021b-performan\u021b\u0103 imbatabil.<\/p>\n<div class=\"video video-fit mb\" style=\"padding-top:56.25%;\"><p><iframe title=\"DDoptics 5-30x56 \u0219i Strasser RS 700 - Test de echipament \u0219i interviu cu A. Drescher\" width=\"1020\" height=\"574\" src=\"https:\/\/www.youtube.com\/embed\/e6IG0DosleI?feature=oembed\" frameborder=\"0\" allow=\"accelerometer; autoplay; clipboard-write; encrypted-media; gyroscope; picture-in-picture; web-share\" referrerpolicy=\"strict-origin-when-cross-origin\" allowfullscreen><\/iframe><\/p>\n<\/div>","protected":false},"excerpt":{"rendered":"<p><img decoding=\"async\" class=\"alignnone wp-image-10452 size-full\" title=\"Tir sportiv\" src=\"https:\/\/ddoptics.shop\/wp-content\/uploads\/2016\/07\/Target-Schiessen.jpg\" alt=\"Tragere la \u021bint\u0103\" width=\"50\" height=\"50\" \/><img decoding=\"async\" class=\"alignnone wp-image-10168 size-full\" title=\"Stand de v\u00e2n\u0103toare\" src=\"https:\/\/ddoptics.shop\/wp-content\/uploads\/2016\/09\/Jagd-klein.jpg\" alt=\"Binoclu de v\u00e2n\u0103toare\" width=\"50\" height=\"50\" \/><img decoding=\"async\" class=\"alignnone wp-image-10178 size-full\" title=\"V\u00e2n\u0103toare montan\u0103\" src=\"https:\/\/ddoptics.shop\/wp-content\/uploads\/2016\/04\/Gebirgsjagd-klein.jpg\" alt=\"Binoclu de v\u00e2n\u0103toare de munte\" width=\"50\" height=\"50\" \/><\/p>\n<p><strong><span style=\"color: #ed1c24;\">Important: Noul reticul tacA \u00een primul plan focal<\/span><\/strong><\/p>\n<p>O nou\u0103 optic\u0103 de ochire extrem\u0103 care <strong>aproape toate domeniile<\/strong> acoper\u0103. De la tir sportiv, la v\u00e2n\u0103toare de animale ascunse, la v\u00e2n\u0103toare montan\u0103 - p\u00e2n\u0103 la ultimul foc de pu\u0219c\u0103. <strong>Op\u021bional, cu tacA inteligent <a title=\"NOU DDoptics IFiber punct luminat\" href=\"\/ro\/termen-tehnic-wiki\/inteligent-ddoptics-ifiber-light-point\/\" target=\"_blank\" rel=\"noopener noreferrer\">Punct de lumin\u0103 IFibre<\/a> pentru doar 99,- \u20ac tax\u0103 suplimentar\u0103.<\/strong><\/p>\n<a href=\"https:\/\/amzn.to\/3RI5BKD\" target=\"_blank\" class=\"button success is-success is-small\" rel=\"\u201dnofollow\u201d noopener\" >\n\t\t<span>client amazon? - folosi\u021bi beneficiile prime?<\/span>\n\t<\/a>","protected":false},"featured_media":27703,"comment_status":"open","ping_status":"closed","template":"","meta":{"inline_featured_image":false,"footnotes":""},"product_brand":[],"product_cat":[768,454,638,640,641,919,637],"product_tag":[764,78,80,1184,79],"class_list":{"0":"post-27680","1":"product","2":"type-product","3":"status-publish","4":"has-post-thumbnail","6":"product_cat-5-30x56","7":"product_cat-56-mm-objektivdurchmesser","8":"product_cat-ansitzjagd","9":"product_cat-pirschjagd-und-gebirgsjagd","10":"product_cat-sportschiessen","11":"product_cat-v6-6-fach-zoom","12":"product_cat-zf-anwendung","13":"product_tag-5-30x56","14":"product_tag-ddoptics","15":"product_tag-gen-3","16":"product_tag-moa","17":"product_tag-zielfernrohr","18":"product_shipping_class-paket","19":"pa_brand-marke-ddoptics","20":"pa_produkt-typ-zielfernrohr","22":"first","23":"instock","24":"sale","25":"taxable","26":"shipping-taxable","27":"purchasable","28":"product-type-bundle"},"bundled_by":[],"bundle_stock_status":"instock","bundle_stock_quantity":"","bundle_virtual":false,"bundle_layout":"default","bundle_add_to_cart_form_location":"default","bundle_editable_in_cart":false,"bundle_sold_individually_context":"product","bundle_item_grouping":"parent","bundle_min_size":"","bundle_max_size":"","bundle_price":{"price":{"min":{"incl_tax":"1520","excl_tax":"1266.67"},"max":{"incl_tax":"1624.32","excl_tax":"1353.6"}},"regular_price":{"min":{"incl_tax":"1899","excl_tax":"1582.5"},"max":{"incl_tax":"2014.9","excl_tax":"1679.08"}}},"bundled_items":[{"bundled_item_id":463,"product_id":16795,"menu_order":0,"quantity_min":1,"quantity_max":1,"quantity_default":1,"priced_individually":true,"shipped_individually":false,"override_title":true,"title":"","override_description":false,"description":"","optional":false,"hide_thumbnail":true,"discount":"","override_variations":false,"allowed_variations":[],"override_default_variation_attributes":true,"default_variation_attributes":[{"id":36,"name":"tacA punct luminat","option":"ddoptics-taca-normales-leuchtabsehen"}],"single_product_visibility":"visible","cart_visibility":"visible","order_visibility":"visible","single_product_price_visibility":"visible","cart_price_visibility":"visible","order_price_visibility":"visible","stock_status":"in_stock"},{"bundled_item_id":464,"product_id":12812,"menu_order":1,"quantity_min":1,"quantity_max":1,"quantity_default":1,"priced_individually":true,"shipped_individually":false,"override_title":true,"title":"Aproape ca un cadou - Flip Caps SET","override_description":true,"description":"","optional":true,"hide_thumbnail":true,"discount":"68.55","override_variations":true,"allowed_variations":[12870],"override_default_variation_attributes":true,"default_variation_attributes":[{"id":17,"name":"Dimensiunea lunetei","option":"5-30x56"}],"single_product_visibility":"visible","cart_visibility":"visible","order_visibility":"visible","single_product_price_visibility":"visible","cart_price_visibility":"visible","order_price_visibility":"visible","stock_status":"in_stock"}],"bundle_sell_ids":[],"_links":{"self":[{"href":"https:\/\/ddoptics.shop\/ro\/wp-json\/wp\/v2\/product\/27680","targetHints":{"allow":["GET"]}}],"collection":[{"href":"https:\/\/ddoptics.shop\/ro\/wp-json\/wp\/v2\/product"}],"about":[{"href":"https:\/\/ddoptics.shop\/ro\/wp-json\/wp\/v2\/types\/product"}],"replies":[{"embeddable":true,"href":"https:\/\/ddoptics.shop\/ro\/wp-json\/wp\/v2\/comments?post=27680"}],"version-history":[{"count":17,"href":"https:\/\/ddoptics.shop\/ro\/wp-json\/wp\/v2\/product\/27680\/revisions"}],"predecessor-version":[{"id":27707,"href":"https:\/\/ddoptics.shop\/ro\/wp-json\/wp\/v2\/product\/27680\/revisions\/27707"}],"wp:featuredmedia":[{"embeddable":true,"href":"https:\/\/ddoptics.shop\/ro\/wp-json\/wp\/v2\/media\/27703"}],"wp:attachment":[{"href":"https:\/\/ddoptics.shop\/ro\/wp-json\/wp\/v2\/media?parent=27680"}],"wp:term":[{"taxonomy":"product_brand","embeddable":true,"href":"https:\/\/ddoptics.shop\/ro\/wp-json\/wp\/v2\/product_brand?post=27680"},{"taxonomy":"product_cat","embeddable":true,"href":"https:\/\/ddoptics.shop\/ro\/wp-json\/wp\/v2\/product_cat?post=27680"},{"taxonomy":"product_tag","embeddable":true,"href":"https:\/\/ddoptics.shop\/ro\/wp-json\/wp\/v2\/product_tag?post=27680"}],"curies":[{"name":"wp","href":"https:\/\/api.w.org\/{rel}","templated":true}]}}