{"id":27976,"date":"2025-02-14T09:01:32","date_gmt":"2025-02-14T08:01:32","guid":{"rendered":"https:\/\/ddoptics.shop\/?post_type=product&#038;p=27976"},"modified":"2025-10-07T11:53:24","modified_gmt":"2025-10-07T09:53:24","slug":"ddsight-mag-1-4x22-reddot-vedere-masina-de-vanatoare","status":"publish","type":"product","link":"https:\/\/ddoptics.shop\/ro\/kaufen\/ddsight-mag-1-4x22-reddot-visier-jagd-auto\/","title":{"rendered":"Vizor DDsight MAG 1-4\u00d722 RedDot de la DDoptics | Reticul de v\u00e2n\u0103toare | Control automat al punctelor iluminate IPoint"},"content":{"rendered":"<div class=\"img has-hover x md-x lg-x y md-y lg-y\" id=\"image_1402663745\">\n\t\t\t\t\t\t\t\t<div class=\"img-inner image-cover dark\" style=\"padding-top:250px;\">\n\t\t\t<img decoding=\"async\" width=\"1020\" height=\"210\" src=\"https:\/\/ddoptics.shop\/wp-content\/uploads\/2025\/02\/DDoptics-DDsight-1600x329.webp\" class=\"attachment-large size-large\" alt=\"DDsight MAG 1-4x22 RedDot vedere DDoptics pe arm\u0103\" srcset=\"https:\/\/ddoptics.shop\/wp-content\/uploads\/2025\/02\/DDoptics-DDsight-1600x329.webp 1600w, https:\/\/ddoptics.shop\/wp-content\/uploads\/2025\/02\/DDoptics-DDsight-800x165.webp 800w, https:\/\/ddoptics.shop\/wp-content\/uploads\/2025\/02\/DDoptics-DDsight-1536x316.webp 1536w, https:\/\/ddoptics.shop\/wp-content\/uploads\/2025\/02\/DDoptics-DDsight-304x63.webp 304w, https:\/\/ddoptics.shop\/wp-content\/uploads\/2025\/02\/DDoptics-DDsight-632x130.webp 632w, https:\/\/ddoptics.shop\/wp-content\/uploads\/2025\/02\/DDoptics-DDsight-305x63.webp 305w, https:\/\/ddoptics.shop\/wp-content\/uploads\/2025\/02\/DDoptics-DDsight.webp 1920w\" sizes=\"(max-width: 1020px) 100vw, 1020px\" title=\"\">\t\t\t\t\t\t\n\t\t\t\t\t<\/div>\n\t\t\t\t\t\t\t\t\n<style>\n#image_1402663745 {\n  width: 100%;\n}\n<\/style>\n\t<\/div>\n\t\n\t<div id=\"gap-803328381\" class=\"gap-element clearfix\" style=\"display:block; height:auto;\">\n\t\t\n<style>\n#gap-803328381 {\n  padding-top: 10px;\n}\n<\/style>\n\t<\/div>\n\t\n<table style=\"width: 100%; background-color: #cacaca; height: 143px;\">\n<tbody>\n<tr style=\"height: 24px;\">\n<td style=\"height: 24px; width: 20%;\">Compensarea dioptriilor:<\/td>\n<td style=\"height: 24px; width: 30%;\">\u00a0-2,5 p\u00e2n\u0103 la +2,5<\/td>\n<td style=\"height: 24px; width: 20%;\">Punctul luminos II:<\/td>\n<td style=\"height: 24px; width: 30%;\">Control automat IPoint<\/td>\n<\/tr>\n<tr style=\"height: 24px;\">\n<td style=\"height: 24px; width: 20%;\">Genera\u021bie:<\/td>\n<td style=\"height: 24px; width: 30%;\">DDsight MAG1<\/td>\n<td style=\"height: 24px; width: 20%;\">Rezistent la temperatur\u0103:<\/td>\n<td style=\"height: 24px; width: 30%;\">-20 p\u00e2n\u0103 la +60 \u00b0C<\/td>\n<\/tr>\n<tr style=\"height: 24px;\">\n<td style=\"height: 24px; width: 20%;\">Remunera\u021bie:<\/td>\n<td style=\"height: 24px; width: 30%;\">Transmisie clar\u0103<\/td>\n<td style=\"height: 24px; width: 20%;\">Lungime:<\/td>\n<td style=\"height: 24px; width: 30%;\">140 mm<\/td>\n<\/tr>\n<tr style=\"height: 24px;\">\n<td style=\"height: 24px; width: 20%;\">Diametrul lentilei Lentile:<\/td>\n<td style=\"height: 24px; width: 30%;\">22 mm<\/td>\n<td style=\"height: 24px; width: 20%;\">Greutate:<\/td>\n<td style=\"height: 24px; width: 30%;\">320 g<\/td>\n<\/tr>\n<tr style=\"height: 24px;\">\n<td style=\"height: 24px; width: 20%;\">Distan\u021ba interpupilar\u0103:<\/td>\n<td style=\"height: 24px; width: 30%;\">88-89 mm<\/td>\n<td style=\"height: 24px; width: 20%;\">Protec\u021bie \u00eempotriva ce\u021bii:<\/td>\n<td style=\"height: 24px; width: 30%;\">Umplere cu azot \u00eempotriva aburului<\/td>\n<\/tr>\n<tr style=\"height: 24px;\">\n<td style=\"height: 23px; width: 20%;\">Reticul:<\/td>\n<td style=\"height: 23px; width: 30%;\">V\u00e2n\u0103toare<\/td>\n<td style=\"height: 23px; width: 20%;\">Str\u00e2nsoare:<\/td>\n<td style=\"height: 23px; width: 30%;\">IPX7 rezistent la ap\u0103 \u0219i \u0219ocuri<\/td>\n<\/tr>\n<\/tbody>\n<\/table>\n<div class=\"row\"  id=\"row-1434590344\">\n\n\t<div id=\"col-716971237\" class=\"col medium-8 small-12 large-8\"  >\n\t\t\t\t<div class=\"col-inner\"  >\n\t\t\t\n\t\t\t\n<h2>Vedere DDsight MAG 1-4\u00d722 RedDot de la DDoptics | Reticul de v\u00e2n\u0103toare | Punct automat IPoint luminat<\/h2>\n<p>Pentru tr\u0103g\u0103torii, v\u00e2n\u0103torii \u0219i \u021binta\u0219ii care pun cele mai \u00eenalte cerin\u021be pe echipamentul lor, modelul\u00a0<strong>DDsight MAG 1-4\u00d722<\/strong> noi standarde.<\/p>\n<blockquote><p>Acest vizor reflex revolu\u021bionar combin\u0103 tehnologia de ultim\u0103 or\u0103, construc\u021bia robust\u0103 \u0219i operarea intuitiv\u0103 \u00eentr-un design compact all-in-one.<\/p><\/blockquote>\n<p>Fie cu <strong>misiuni dinamice, scenarii de v\u00e2n\u0103toare solicitante<\/strong> sau situa\u021bii precise de competi\u021bie - MAG 1-4\u00d722 impresioneaz\u0103 prin performan\u021ba, fiabilitatea \u0219i func\u021bionalitatea sa unic\u0103.<\/p>\n<p>The\u00a0<strong>DDsight MAG 1-4\u00d722<\/strong>\u00a0este o capodoper\u0103 a ingineriei care combin\u0103 tehnologia de ultim\u0103 or\u0103 cu func\u021bionalitatea maxim\u0103. Dezvoltat special pentru tr\u0103g\u0103torii care apreciaz\u0103 precizia, versatilitatea \u0219i fiabilitatea, acest vizor reflex stabile\u0219te noi standarde \u00een lumea opticii pentru \u021binte<\/p>\n<ul>\n<li>M\u0103rire: Infinit variabil\u0103 de la 1x la 4x, ideal\u0103 pentru achizi\u021bia rapid\u0103 a \u021bintei \u0219i fotografii de precizie.<\/li>\n<li>C\u00e2mpul vizual: Cu 42,5 m la 1x \u0219i 11,8 m la 4x m\u0103rire, ofer\u0103 o imagine de ansamblu excep\u021bional\u0103.<\/li>\n<li>Optic\u0103: Lentile complet multi-coated pentru transmisie maxim\u0103 a luminii (\u226585%) \u0219i calitate str\u0103lucitoare a imaginii.<\/li>\n<li>Compensarea dioptriilor: Reglabil\u0103 de la -2,5 la +2,5, astfel \u00eenc\u00e2t unitatea de lumin\u0103 s\u0103 fie \u00eentotdeauna perceput\u0103 cu o claritate perfect\u0103.<\/li>\n<li><strong>Tehnologia iPoint:<\/strong> Punctul inovator iPoint se aprinde \u0219i se stinge automat atunci c\u00e2nd arma este adus\u0103 \u00een pozi\u021bia de preg\u0103tire sau este pus\u0103 jos. Luminozitatea punctului iluminat poate fi reglat\u0103 manual de c\u0103tre utilizator - pentru control \u0219i flexibilitate maxime.<\/li>\n<\/ul>\n\t\t<\/div>\n\t\t\t\t\t<\/div>\n\n\t\n\n\t<div id=\"col-79955638\" class=\"col medium-4 small-12 large-4\"  >\n\t\t\t\t<div class=\"col-inner\"  >\n\t\t\t\n\t\t\t\n<a class=\"button primary expand\" >\n\t\t<span>Caracteristici speciale RED DOT<\/span>\n\t<\/a>\n\n\n\t<section class=\"section\" id=\"section_993922237\">\n\t\t<div class=\"section-bg fill\" >\n\t\t\t\t\t\t\t\t\t<div class=\"section-bg-overlay absolute fill\"><\/div>\n\t\t\t\n\n\t\t<\/div>\n\n\t\t\n\n\t\t<div class=\"section-content relative\">\n\t\t\t\n\t<div class=\"img has-hover x md-x lg-x y md-y lg-y\" id=\"image_810933496\">\n\t\t<a class=\"\" href=\"https:\/\/www.ddoptics.de\/garantiebestimmungen\" target=\"_blank\" rel=\"no follow noopener\">\t\t\t\t\t\t<div class=\"img-inner dark\" >\n\t\t\t<img decoding=\"async\" width=\"352\" height=\"160\" src=\"https:\/\/ddoptics.shop\/wp-content\/uploads\/2014\/09\/DDoptics-Garantie.jpg\" class=\"attachment-large size-large\" alt=\"Garan\u021bia DDoptics\" srcset=\"https:\/\/ddoptics.shop\/wp-content\/uploads\/2014\/09\/DDoptics-Garantie.jpg 352w, https:\/\/ddoptics.shop\/wp-content\/uploads\/2014\/09\/DDoptics-Garantie-304x138.jpg 304w, https:\/\/ddoptics.shop\/wp-content\/uploads\/2014\/09\/DDoptics-Garantie-305x139.jpg 305w, https:\/\/ddoptics.shop\/wp-content\/uploads\/2014\/09\/DDoptics-Garantie-250x114.jpg 250w\" sizes=\"(max-width: 352px) 100vw, 352px\" title=\"\">\t\t\t\t\t\t\n\t\t\t\t\t<\/div>\n\t\t\t\t\t\t<\/a>\t\t\n<style>\n#image_810933496 {\n  width: 100%;\n}\n<\/style>\n\t<\/div>\n\t\n\t<div id=\"gap-2137524951\" class=\"gap-element clearfix\" style=\"display:block; height:auto;\">\n\t\t\n<style>\n#gap-2137524951 {\n  padding-top: 15px;\n}\n<\/style>\n\t<\/div>\n\t\n\t\t<\/div>\n\n\t\t\n<style>\n#section_993922237 {\n  padding-top: 30px;\n  padding-bottom: 30px;\n  background-color: rgb(232, 232, 232);\n}\n#section_993922237 .section-bg-overlay {\n  background-color: rgba(255,255,255,.5);\n}\n<\/style>\n\t<\/section>\n\t\n<div class=\"is-divider divider clearfix\" ><\/div>\n\t<div class=\"img has-hover x md-x lg-x y md-y lg-y\" id=\"image_1342218293\">\n\t\t\t\t\t\t\t\t<div class=\"img-inner dark\" >\n\t\t\t<img decoding=\"async\" width=\"900\" height=\"426\" src=\"https:\/\/ddoptics.shop\/wp-content\/uploads\/2025\/02\/DDsight-MAG-riticle-Absehen.webp\" class=\"attachment-large size-large\" alt=\"Versiuni cu reticul DDsight MAG | Tactic \u0219i v\u00e2n\u0103toare\" srcset=\"https:\/\/ddoptics.shop\/wp-content\/uploads\/2025\/02\/DDsight-MAG-riticle-Absehen.webp 900w, https:\/\/ddoptics.shop\/wp-content\/uploads\/2025\/02\/DDsight-MAG-riticle-Absehen-800x379.webp 800w, https:\/\/ddoptics.shop\/wp-content\/uploads\/2025\/02\/DDsight-MAG-riticle-Absehen-304x144.webp 304w, https:\/\/ddoptics.shop\/wp-content\/uploads\/2025\/02\/DDsight-MAG-riticle-Absehen-632x299.webp 632w, https:\/\/ddoptics.shop\/wp-content\/uploads\/2025\/02\/DDsight-MAG-riticle-Absehen-305x144.webp 305w\" sizes=\"(max-width: 900px) 100vw, 900px\" title=\"\">\t\t\t\t\t\t\n\t\t\t\t\t<\/div>\n\t\t\t\t\t\t\t\t\n<style>\n#image_1342218293 {\n  width: 100%;\n}\n<\/style>\n\t<\/div>\n\t\n\t\t<\/div>\n\t\t\t\t\t<\/div>\n\n\t\n<\/div>\n<div class=\"video video-fit mb\" style=\"padding-top:56.25%;\"><p><iframe title=\"Jagd &amp; Hund 2025: noi lunete, noi lunete de la DDoptics \u0219i multe altele.\" width=\"1020\" height=\"574\" src=\"https:\/\/www.youtube.com\/embed\/j-G-oX52cDY?feature=oembed\" frameborder=\"0\" allow=\"accelerometer; autoplay; clipboard-write; encrypted-media; gyroscope; picture-in-picture; web-share\" referrerpolicy=\"strict-origin-when-cross-origin\" allowfullscreen><\/iframe><\/p>\n<\/div>\n<h3>Inova\u021bia: vizor reflex, lup\u0103 \u0219i compensator de dioptrii \u00eentr-un singur dispozitiv<\/h3>\n<ol start=\"1\">\n<li><strong>Solu\u021bie all-in-one:<\/strong> Nu sunt necesare lupe separate - economise\u0219te greutate, spa\u021biu \u0219i timp de instalare.<\/li>\n<li><strong>M\u0103rire flexibil\u0103:<\/strong>\u00a0Comuta\u021bi \u00eentre unghi larg \u0219i nivelul de zoom 4x \u00een c\u00e2teva secunde.<\/li>\n<li><strong>Eficien\u021b\u0103 energetic\u0103:<\/strong>\u00a0Tehnologia iPoint prelunge\u0219te durata de via\u021b\u0103 a bateriei prin pornirea\/oprirea automat\u0103.<\/li>\n<li><strong>Compatibilitate universal\u0103:<\/strong>\u00a0Perfect pentru pu\u0219ti de v\u00e2n\u0103toare, pu\u0219ti sportive sau aplica\u021bii tactice.<\/li>\n<li><strong>Potrivit pentru vederea pe timp de noapte:<\/strong>\u00a0Mod integrat pentru aplica\u021bii discrete cu intensitate luminoas\u0103 redus\u0103.<\/li>\n<\/ol>\n<p>DDsight MAG 1-4\u00d722 este prima lunet\u0103 reflex de acest tip care combin\u0103 trei func\u021bii cheie: o lunet\u0103 reflex de \u00eenalt\u0103 rezolu\u021bie, o lup\u0103 4x reglabil\u0103 infinit \u0219i o compensare precis\u0103 a dioptriilor.<\/p>\n<blockquote><p>Aceast\u0103 combina\u021bie elimin\u0103 nevoia de lupe separate \u0219i permite tranzi\u021bii f\u0103r\u0103 \u00eentreruperi \u00eentre \u021bintele apropiate \u0219i cele \u00eendep\u0103rtate.<\/p><\/blockquote>\n<p>Datorit\u0103 <strong>M\u0103rire infinit variabil\u0103 de la 1x la 4x<\/strong> r\u0103m\u00e2ne\u021bi \u00een control \u00een orice situa\u021bie - fie c\u0103 este vorba de achizi\u021bia rapid\u0103 a \u021bintei la distan\u021b\u0103 mic\u0103 sau de trageri precise la \u021binte \u00eendep\u0103rtate.<\/p>\n<div class=\"row\"  id=\"row-1796093849\">\n\n\t<div id=\"col-640609925\" class=\"col medium-6 small-12 large-6\"  >\n\t\t\t\t<div class=\"col-inner\"  >\n\t\t\t\n\t\t\t\n\t<div class=\"img has-hover x md-x lg-x y md-y lg-y\" id=\"image_678524433\">\n\t\t\t\t\t\t\t\t<div class=\"img-inner dark\" >\n\t\t\t<img decoding=\"async\" width=\"900\" height=\"426\" src=\"https:\/\/ddoptics.shop\/wp-content\/uploads\/2025\/02\/DDsight-MAG-Sehfeld-Standartgroesse.webp\" class=\"attachment-large size-large\" alt=\"DDsight MAG 1-4x22 RedDot vedere DDoptics descriere\" srcset=\"https:\/\/ddoptics.shop\/wp-content\/uploads\/2025\/02\/DDsight-MAG-Sehfeld-Standartgroesse.webp 900w, https:\/\/ddoptics.shop\/wp-content\/uploads\/2025\/02\/DDsight-MAG-Sehfeld-Standartgroesse-800x379.webp 800w, https:\/\/ddoptics.shop\/wp-content\/uploads\/2025\/02\/DDsight-MAG-Sehfeld-Standartgroesse-304x144.webp 304w, https:\/\/ddoptics.shop\/wp-content\/uploads\/2025\/02\/DDsight-MAG-Sehfeld-Standartgroesse-632x299.webp 632w, https:\/\/ddoptics.shop\/wp-content\/uploads\/2025\/02\/DDsight-MAG-Sehfeld-Standartgroesse-305x144.webp 305w\" sizes=\"(max-width: 900px) 100vw, 900px\" title=\"\">\t\t\t\t\t\t\n\t\t\t\t\t\t\t<div class=\"caption\">DDsight MAG 1-4x22 RedDot vedere DDoptics descriere<\/div>\n\t\t\t\t\t<\/div>\n\t\t\t\t\t\t\t\t\n<style>\n#image_678524433 {\n  width: 100%;\n}\n<\/style>\n\t<\/div>\n\t\n\t\t<\/div>\n\t\t\t\t\t<\/div>\n\n\t\n\n\t<div id=\"col-667656097\" class=\"col medium-6 small-12 large-6\"  >\n\t\t\t\t<div class=\"col-inner\"  >\n\t\t\t\n\t\t\t\n\t<div class=\"img has-hover x md-x lg-x y md-y lg-y\" id=\"image_1850708916\">\n\t\t\t\t\t\t\t\t<div class=\"img-inner dark\" >\n\t\t\t<img decoding=\"async\" width=\"900\" height=\"426\" src=\"https:\/\/ddoptics.shop\/wp-content\/uploads\/2025\/02\/DDsight-MAG-Standartgroesse.webp\" class=\"attachment-large size-large\" alt=\"DDsight MAG 1-4x22 RedDot vedere DDoptics descriere\" srcset=\"https:\/\/ddoptics.shop\/wp-content\/uploads\/2025\/02\/DDsight-MAG-Standartgroesse.webp 900w, https:\/\/ddoptics.shop\/wp-content\/uploads\/2025\/02\/DDsight-MAG-Standartgroesse-800x379.webp 800w, https:\/\/ddoptics.shop\/wp-content\/uploads\/2025\/02\/DDsight-MAG-Standartgroesse-304x144.webp 304w, https:\/\/ddoptics.shop\/wp-content\/uploads\/2025\/02\/DDsight-MAG-Standartgroesse-632x299.webp 632w, https:\/\/ddoptics.shop\/wp-content\/uploads\/2025\/02\/DDsight-MAG-Standartgroesse-305x144.webp 305w\" sizes=\"(max-width: 900px) 100vw, 900px\" title=\"\">\t\t\t\t\t\t\n\t\t\t\t\t\t\t<div class=\"caption\">DDsight MAG 1-4x22 RedDot vedere DDoptics descriere<\/div>\n\t\t\t\t\t<\/div>\n\t\t\t\t\t\t\t\t\n<style>\n#image_1850708916 {\n  width: 100%;\n}\n<\/style>\n\t<\/div>\n\t\n\t\t<\/div>\n\t\t\t\t\t<\/div>\n\n\t\n<\/div>\n<h3><span style=\"font-size: 20.16px;\">Design compact \u0219i <\/span>Func\u021bionalitate<\/h3>\n<p>MAG 1-4\u00d722 nu impresioneaz\u0103 doar din punct de vedere tehnic, ci \u0219i vizual. Designul sub\u021bire, negru mat, cu contururi precise, se integreaz\u0103 perfect \u00een orice aspect de arm\u0103. Suprafa\u021ba antiderapant\u0103 \u0219i ro\u021bile de reglare pozi\u021bionate ergonomic garanteaz\u0103 o manevrare sigur\u0103 - chiar \u0219i atunci c\u00e2nd purta\u021bi m\u0103nu\u0219i.<\/p>\n<blockquote><p>Cu o lungime de doar 140 mm \u0219i o greutate de 320 g (f\u0103r\u0103 montare), DDsight MAG 1-4\u00d722 este u\u0219or \u0219i la \u00eendem\u00e2n\u0103 - perfect pentru utilizarea mobil\u0103.<\/p><\/blockquote>\n<p>The\u00a0<strong>Lentile complet multi-coated<\/strong> garanteaz\u0103 o transmisie a luminii de \u226585 %, chiar \u0219i \u00een condi\u021bii dificile de iluminare. Acest lucru asigur\u0103 o claritate str\u0103lucitoare a imaginii, un afi\u0219aj cu contrast ridicat \u0219i reduce reflexiile care distrag aten\u021bia.<\/p>\n<p>Sistemul integrat\u00a0<strong>Lentile corective<\/strong> asigur\u0103 faptul c\u0103 punctul iluminat este focalizat pe \u00eentregul c\u00e2mp vizual - un avantaj decisiv pentru \u021bintirea precis\u0103.<\/p>\n<h3>Tehnologia iPoint: automatizare inteligent\u0103<\/h3>\n<p>The <strong>Tehnologia iPoint<\/strong> stabile\u0219te noi standarde \u00een ceea ce prive\u0219te u\u0219urin\u021ba \u00een utilizare. Punctul inovator iPoint se aprinde \u0219i se stinge automat atunci c\u00e2nd arma este adus\u0103 \u00een pozi\u021bia de preg\u0103tire sau este pus\u0103 jos. Luminozitatea punctului iluminat poate fi reglat\u0103 manual de c\u0103tre utilizator - pentru control \u0219i flexibilitate maxime.<\/p>\n<blockquote><p>Vizorul recunoa\u0219te c\u00e2nd arma este adus\u0103 \u00een pozi\u021bia de preg\u0103tire \u0219i activeaz\u0103 automat punctul iluminat. De asemenea, se opre\u0219te automat atunci c\u00e2nd arma este pus\u0103 jos pentru a economisi energie.<\/p><\/blockquote>\n<p>Luminozitatea punctului poate fi reglat\u0103 manual la infinit - inclusiv <strong>Modul de vedere nocturn\u0103<\/strong>\u00a0pentru utilizarea \u00een \u00eentuneric. Acest lucru \u00eenseamn\u0103 c\u0103 ve\u021bi p\u0103stra \u00eentotdeauna controlul complet, f\u0103r\u0103 a compromite timpul de reac\u021bie.<\/p>\n<h3>Robuste\u021be pentru condi\u021bii extreme<\/h3>\n<p>DDsight MAG 1-4\u00d722 este proiectat pentru utilizarea \u00een cele mai dificile condi\u021bii:<\/p>\n<ul>\n<li><strong>Material:<\/strong>\u00a0Fabricat din\u00a0<strong>Aluminiu 6061 de calitate aeronautic\u0103<\/strong>, Finisajul dintr-o singur\u0103 bucat\u0103, anodizat negru mat, rezist\u0103 la impact, coroziune \u0219i uzur\u0103.<\/li>\n<li><strong>Certificare IPX7:<\/strong>\u00a0Rezistent la ap\u0103 p\u00e2n\u0103 la o ad\u00e2ncime de 1 metru timp de 30 de minute - ideal pentru ploaie, z\u0103pad\u0103 sau scufund\u0103ri neprev\u0103zute.<\/li>\n<li><strong>Rezistent la temperatur\u0103:<\/strong>\u00a0Func\u021bioneaz\u0103 fiabil cu\u00a0<strong>-20\u00b0C p\u00e2n\u0103 la +60\u00b0C<\/strong>, fie \u00een frigul glacial, fie sub soarele arz\u0103tor.<\/li>\n<li><strong>Rezistent la \u0219ocuri:<\/strong>\u00a0Rezist\u0103 chiar \u0219i la \u0219ocuri puternice f\u0103r\u0103 a-\u0219i pierde reglajul precis.<\/li>\n<\/ul>\n<h3>Personalizare precis\u0103, manevrare intuitiv\u0103<\/h3>\n<p>Viziera ofer\u0103 o\u00a0<strong>Interval de reglare 80 MOA<\/strong>\u00a0pentru eleva\u021bie \u0219i v\u00e2nt, cu clicuri haptice (0,5 MOA pe pas) care permit corec\u021bii precise. Caracteristicile\u00a0<strong>Compensare dioptrii (de la -2,5 la +2,5)<\/strong> se adapteaz\u0103 la acuitatea vizual\u0103 individual\u0103 - un avantaj decisiv pentru purt\u0103torii de ochelari sau utilizatorii cu deficien\u021be de vedere.<\/p>\n<p>Dimensiunile compacte (<strong>140 mm lungime, 320 g greutate<\/strong>) \u00eel fac partenerul ideal pentru aplica\u021biile mobile, f\u0103r\u0103 a sacrifica stabilitatea sau func\u021bionalitatea.<\/p>\n<h3>C\u00e2mp vizual foarte mare \u0219i reticul iluminat pe al doilea plan al imaginii<\/h3>\n<p>Cu un\u00a0<strong>C\u00e2mp vizual de 42,5 m la 1x<\/strong>\u00a0\u0219i\u00a0<strong>11,8 m la o m\u0103rire de 4x<\/strong> (la o distan\u021b\u0103 de 100 de metri), MAG 1-4\u00d722 ofer\u0103 o vedere de ansamblu excep\u021bional\u0103. Aceast\u0103 optic\u0103 cu unghi larg face posibil\u0103 surprinderea detaliilor din jur la viteza fulgerului, men\u021bin\u00e2nd \u00een acela\u0219i timp concentrarea pe \u021bint\u0103.<\/p>\n<p>The\u00a0<strong>Reticul luminat pe al doilea plan al imaginii<\/strong>\u00a0asigur\u0103 faptul c\u0103 punctul apare \u00eentotdeauna clar \u0219i f\u0103r\u0103 paralax\u0103 - o piatr\u0103 de hotar pentru fotografierea precis\u0103 la distan\u021be variabile.<\/p>\n<h3>Pentru cine este ideal DDsight MAG 1-4\u00d722?<\/h3>\n<ul>\n<li><strong>V\u00e2n\u0103tor:<\/strong>\u00a0Perfect pentru urm\u0103rire, datorit\u0103 achizi\u021biei rapide a \u021bintei \u0219i adapt\u0103rii la distan\u021bele variabile.<\/li>\n<li><strong>Tr\u0103g\u0103tori sportivi:<\/strong>\u00a0Precizie maxim\u0103 \u00een timpul competi\u021biilor datorit\u0103 opticii ascu\u021bite \u0219i zoom-ului infinit variabil.<\/li>\n<li><strong>Utilizatori tactici:<\/strong>\u00a0Robuste\u021be \u0219i fiabilitate \u00een situa\u021bii extreme.<\/li>\n<li><strong>\u00cencep\u0103tori \u0219i profesioni\u0219ti:<\/strong>\u00a0Func\u021bionarea intuitiv\u0103 \u0219i durabilitatea pe termen lung \u00eel fac o investi\u021bie care merit\u0103.<\/li>\n<\/ul>\n<h3>Concluzie: O vedere DDoptics care nu las\u0103 nimic de dorit<\/h3>\n<p>The\u00a0<strong>DDsight MAG 1-4\u00d722<\/strong> este mai mult dec\u00e2t o simpl\u0103 lunet\u0103 reflex - este o capodoper\u0103 tehnic\u0103 care combin\u0103 precizia, robuste\u021bea \u0219i inova\u021bia.<\/p>\n<p>Cu sistemul s\u0103u unic <strong>Combina\u021bie de m\u0103rire infinit variabil\u0103, control automat iPoint \u0219i design militar<\/strong> stabile\u0219te un nou punct de referin\u021b\u0103 pentru industrie. Oricine se teme de compromisuri \u00een materie de performan\u021b\u0103, personalizare sau durabilitate va g\u0103si aici solu\u021bia suprem\u0103.<\/p>","protected":false},"excerpt":{"rendered":"<p><img decoding=\"async\" class=\"wp-image-10452 size-full alignnone\" src=\"https:\/\/ddoptics.shop\/wp-content\/uploads\/2016\/07\/Target-Schiessen.jpg\" alt=\"Tragere la \u021bint\u0103\" width=\"50\" height=\"50\" \/><img decoding=\"async\" class=\"size-full wp-image-10168 alignnone\" src=\"https:\/\/ddoptics.shop\/wp-content\/uploads\/2016\/09\/Jagd-klein.jpg\" alt=\"Binoclu de v\u00e2n\u0103toare\" width=\"50\" height=\"50\" \/><br \/>\n<strong>DDsight MAG 1-4\u00d722 IPoint - perfec\u021biunea pentru cele mai \u00eenalte cerin\u021be.<\/strong><\/p>","protected":false},"featured_media":27955,"comment_status":"open","ping_status":"closed","template":"","meta":{"inline_featured_image":false,"footnotes":""},"product_brand":[],"product_cat":[728],"product_tag":[78,1197,1199,1200,1198],"class_list":{"0":"post-27976","1":"product","2":"type-product","3":"status-publish","4":"has-post-thumbnail","6":"product_cat-red-dot-reflexvisiere","7":"product_tag-ddoptics","8":"product_tag-ddsight","9":"product_tag-ddsight-mag-1-4x22","10":"product_tag-ipoint","11":"product_tag-red-dot","12":"product_shipping_class-paket","13":"pa_brand-marke-ddoptics","14":"pa_produkt-typ-zielfernrohr","16":"first","17":"instock","18":"sale","19":"taxable","20":"shipping-taxable","21":"purchasable","22":"product-type-simple"},"bundled_by":[],"bundle_stock_status":"instock","bundle_stock_quantity":null,"bundle_virtual":false,"bundle_layout":"","bundle_add_to_cart_form_location":"","bundle_editable_in_cart":false,"bundle_sold_individually_context":"","bundle_item_grouping":"","bundle_min_size":"","bundle_max_size":"","bundle_price":[],"bundled_items":[],"bundle_sell_ids":[],"_links":{"self":[{"href":"https:\/\/ddoptics.shop\/ro\/wp-json\/wp\/v2\/product\/27976","targetHints":{"allow":["GET"]}}],"collection":[{"href":"https:\/\/ddoptics.shop\/ro\/wp-json\/wp\/v2\/product"}],"about":[{"href":"https:\/\/ddoptics.shop\/ro\/wp-json\/wp\/v2\/types\/product"}],"replies":[{"embeddable":true,"href":"https:\/\/ddoptics.shop\/ro\/wp-json\/wp\/v2\/comments?post=27976"}],"version-history":[{"count":10,"href":"https:\/\/ddoptics.shop\/ro\/wp-json\/wp\/v2\/product\/27976\/revisions"}],"predecessor-version":[{"id":29100,"href":"https:\/\/ddoptics.shop\/ro\/wp-json\/wp\/v2\/product\/27976\/revisions\/29100"}],"wp:featuredmedia":[{"embeddable":true,"href":"https:\/\/ddoptics.shop\/ro\/wp-json\/wp\/v2\/media\/27955"}],"wp:attachment":[{"href":"https:\/\/ddoptics.shop\/ro\/wp-json\/wp\/v2\/media?parent=27976"}],"wp:term":[{"taxonomy":"product_brand","embeddable":true,"href":"https:\/\/ddoptics.shop\/ro\/wp-json\/wp\/v2\/product_brand?post=27976"},{"taxonomy":"product_cat","embeddable":true,"href":"https:\/\/ddoptics.shop\/ro\/wp-json\/wp\/v2\/product_cat?post=27976"},{"taxonomy":"product_tag","embeddable":true,"href":"https:\/\/ddoptics.shop\/ro\/wp-json\/wp\/v2\/product_tag?post=27976"}],"curies":[{"name":"wp","href":"https:\/\/api.w.org\/{rel}","templated":true}]}}