{"id":9226,"date":"2016-07-22T17:09:07","date_gmt":"2016-07-22T15:09:07","guid":{"rendered":"https:\/\/beta.optik-sport-shop.at\/?post_type=product&#038;p=9226"},"modified":"2025-07-02T12:44:22","modified_gmt":"2025-07-02T10:44:22","slug":"binoclu-swarovski-8komma5x42-swarovision","status":"publish","type":"product","link":"https:\/\/ddoptics.shop\/ro\/kaufen\/swarovski-fernglas-8komma5x42-swarovision\/","title":{"rendered":"Swarovski Binoclu EL 8.5\u00d742 Swarovision"},"content":{"rendered":"<div class=\"row\"  id=\"row-905184630\">\n\n\t<div id=\"col-1096837878\" class=\"col medium-8 small-12 large-8\"  >\n\t\t\t\t<div class=\"col-inner\"  >\n\t\t\t\n\t\t\t\n<h2><a href=\"https:\/\/de.wikipedia.org\/wiki\/D._Swarovski\" target=\"_blank\" rel=\"noopener sponsored\" data-schema-attribute=\"\">SWAROVSKI<\/a> EL 8.5\u00d742 - binoclu \u00eentr-o clas\u0103 aparte<\/h2>\n<p><strong>Binocluri Swarovski Premium: At\u00e2t de clare. At\u00e2t de bogate \u00een contrast. De neegalat.<\/strong> Seria EL reprezint\u0103 o piatr\u0103 de hotar \u00een optica cu raz\u0103 lung\u0103 de ac\u021biune. Modelul <strong>Swaraovski EL 8.5\u00d742 este un all-rounder conving\u0103tor<\/strong>. Binocluri pentru orice situa\u021bie - fie c\u0103 sta\u021bi \u00een amurg sau urm\u0103ri\u021bi \u00een prima lumin\u0103 a zorilor.<\/p>\n<p>Binoclul ofer\u0103 o <strong>C\u00e2mp mare de vizualizare cu optic\u0103 impresionant\u0103<\/strong> p\u00e2n\u0103 la margine. Pupilele de ie\u0219ire late de 4,9 mm ofer\u0103 imagini luminoase chiar \u0219i \u00een condi\u021bii dificile de iluminare. Fiecare pereche de binocluri este un <strong>Capodoper\u0103 de precizie \u0219i inova\u021bie<\/strong> - pentru un r\u0103spuns impecabil al jocului<\/p>\n\t\t<\/div>\n\t\t\t\t\n<style>\n#col-1096837878 > .col-inner {\n  margin: 0px 0px -30px 0px;\n}\n<\/style>\n\t<\/div>\n\n\t\n\n\t<div id=\"col-1230052539\" class=\"col medium-4 small-12 large-4\"  >\n\t\t\t\t<div class=\"col-inner\"  >\n\t\t\t\n\t\t\t\n\t<div class=\"img has-hover x md-x lg-x y md-y lg-y\" id=\"image_226524408\">\n\t\t\t\t\t\t\t\t<div class=\"img-inner dark\" >\n\t\t\t\t\t\t\t\t\t\n\t\t\t\t\t<\/div>\n\t\t\t\t\t\t\t\t\n<style>\n#image_226524408 {\n  width: 100%;\n}\n<\/style>\n\t<\/div>\n\t\n<h3>Informa\u021bii despre binoclurile Swarovski<\/h3>\n\n\t\t<div class=\"icon-box featured-box icon-box-left text-left\"  >\n\t\t\t\t\t<div class=\"icon-box-img\" style=\"width: 32px\">\n\t\t\t\t<div class=\"icon\">\n\t\t\t\t\t<div class=\"icon-inner\" >\n\t\t\t\t\t\t<img decoding=\"async\" width=\"100\" height=\"83\" src=\"https:\/\/ddoptics.shop\/wp-content\/uploads\/2021\/05\/DDoptics-SHG-Icon.jpg\" class=\"attachment-medium size-medium\" alt=\"DDoptics SHG Binoclu Icon\" title=\"\">\t\t\t\t\t<\/div>\n\t\t\t\t<\/div>\n\t\t\t<\/div>\n\t\t\t\t<div class=\"icon-box-text last-reset\">\n\t\t\t\t\t\t\t\t\t\n<p>Garan\u021bie de 10 ani din partea produc\u0103torului<\/p>\n\t\t<\/div>\n\t<\/div>\n\t\n\t\n\n\t\t<div class=\"icon-box featured-box icon-box-left text-left\"  >\n\t\t\t\t\t<div class=\"icon-box-img\" style=\"width: 32px\">\n\t\t\t\t<div class=\"icon\">\n\t\t\t\t\t<div class=\"icon-inner\" >\n\t\t\t\t\t\t<img decoding=\"async\" width=\"100\" height=\"83\" src=\"https:\/\/ddoptics.shop\/wp-content\/uploads\/2021\/05\/DDoptics-SHG-Icon.jpg\" class=\"attachment-medium size-medium\" alt=\"DDoptics SHG Binoclu Icon\" title=\"\">\t\t\t\t\t<\/div>\n\t\t\t\t<\/div>\n\t\t\t<\/div>\n\t\t\t\t<div class=\"icon-box-text last-reset\">\n\t\t\t\t\t\t\t\t\t\n<p>C\u00e2mpul vizual 133 m<\/p>\n\t\t<\/div>\n\t<\/div>\n\t\n\t\n\n\t\t<div class=\"icon-box featured-box icon-box-left text-left\"  >\n\t\t\t\t\t<div class=\"icon-box-img\" style=\"width: 32px\">\n\t\t\t\t<div class=\"icon\">\n\t\t\t\t\t<div class=\"icon-inner\" >\n\t\t\t\t\t\t<img decoding=\"async\" width=\"100\" height=\"83\" src=\"https:\/\/ddoptics.shop\/wp-content\/uploads\/2021\/05\/DDoptics-SHG-Icon.jpg\" class=\"attachment-medium size-medium\" alt=\"DDoptics SHG Binoclu Icon\" title=\"\">\t\t\t\t\t<\/div>\n\t\t\t\t<\/div>\n\t\t\t<\/div>\n\t\t\t\t<div class=\"icon-box-text last-reset\">\n\t\t\t\t\t\t\t\t\t\n<p>Tehnologia SWAROVISION<\/p>\n\t\t<\/div>\n\t<\/div>\n\t\n\t\n\n\t\t<div class=\"icon-box featured-box icon-box-left text-left\"  >\n\t\t\t\t\t<div class=\"icon-box-img\" style=\"width: 32px\">\n\t\t\t\t<div class=\"icon\">\n\t\t\t\t\t<div class=\"icon-inner\" >\n\t\t\t\t\t\t<img decoding=\"async\" width=\"100\" height=\"83\" src=\"https:\/\/ddoptics.shop\/wp-content\/uploads\/2021\/05\/DDoptics-SHG-Icon.jpg\" class=\"attachment-medium size-medium\" alt=\"DDoptics SHG Binoclu Icon\" title=\"\">\t\t\t\t\t<\/div>\n\t\t\t\t<\/div>\n\t\t\t<\/div>\n\t\t\t\t<div class=\"icon-box-text last-reset\">\n\t\t\t\t\t\t\t\t\t\n<p>\u2705 <strong>Prisma de acoperi\u0219<\/strong><\/p>\n\t\t<\/div>\n\t<\/div>\n\t\n\t\n\n\t\t<div class=\"icon-box featured-box icon-box-left text-left\"  >\n\t\t\t\t\t<div class=\"icon-box-img\" style=\"width: 32px\">\n\t\t\t\t<div class=\"icon\">\n\t\t\t\t\t<div class=\"icon-inner\" >\n\t\t\t\t\t\t<img decoding=\"async\" width=\"100\" height=\"83\" src=\"https:\/\/ddoptics.shop\/wp-content\/uploads\/2021\/05\/DDoptics-SHG-Icon.jpg\" class=\"attachment-medium size-medium\" alt=\"DDoptics SHG Binoclu Icon\" title=\"\">\t\t\t\t\t<\/div>\n\t\t\t\t<\/div>\n\t\t\t<\/div>\n\t\t\t\t<div class=\"icon-box-text last-reset\">\n\t\t\t\t\t\t\t\t\t\n<p>\u2705 <strong>Carcas\u0103 robust\u0103 din magneziu<\/strong><\/p>\n\t\t<\/div>\n\t<\/div>\n\t\n\t\n\n\t\t<div class=\"icon-box featured-box icon-box-left text-left\"  >\n\t\t\t\t\t<div class=\"icon-box-img\" style=\"width: 32px\">\n\t\t\t\t<div class=\"icon\">\n\t\t\t\t\t<div class=\"icon-inner\" >\n\t\t\t\t\t\t<img decoding=\"async\" width=\"100\" height=\"83\" src=\"https:\/\/ddoptics.shop\/wp-content\/uploads\/2021\/05\/DDoptics-SHG-Icon.jpg\" class=\"attachment-medium size-medium\" alt=\"DDoptics SHG Binoclu Icon\" title=\"\">\t\t\t\t\t<\/div>\n\t\t\t\t<\/div>\n\t\t\t<\/div>\n\t\t\t\t<div class=\"icon-box-text last-reset\">\n\t\t\t\t\t\t\t\t\t\n<p>EL reach-through<\/p>\n\t\t<\/div>\n\t<\/div>\n\t\n\t\n<div class=\"is-divider divider clearfix\" ><\/div>\n\t\t<\/div>\n\t\t\t\t\t<\/div>\n\n\t\n<\/div>\n<p>Cu SWAROVSKI EL 42 pute\u021bi de\u021bine un aparat versatil <strong>Binoclu de clas\u0103 superioar\u0103<\/strong> cu care pute\u021bi acoperi marea majoritate a tipurilor de v\u00e2n\u0103toare. Aceasta <strong>multifunc\u021bionalul de \u00eencredere str\u0103luce\u0219te cu tehnologia SWAROVISION<\/strong>, care garanteaz\u0103 cea mai \u00eenalt\u0103 calitate a imaginii. EL 8.5\u00d742 este potrivit pentru o gam\u0103 larg\u0103 de aplica\u021bii de v\u00e2n\u0103toare \u0219i este, de asemenea, o alegere bun\u0103 pentru v\u00e2n\u0103toarea \u00een amurg.<\/p>\n<h3>Tehnologia SWAROVISION \u00een binoclul SWAROVSKI EL 8.5\u00d742<\/h3>\n<p>Tehnologia SWAROVISION descrie un pachet optic global unic:<\/p>\n<ul>\n<li>O lam\u0103 ascu\u021bit\u0103 <strong>Imagine clar\u0103 p\u00e2n\u0103 la margine<\/strong> pentru capturarea fulger\u0103toare a detaliilor importante<\/li>\n<li>Contrast ridicat, observare neutr\u0103 din punct de vedere al culorilor, astfel \u00eenc\u00e2t s\u0103 pute\u021bi vedea \u0219i mai bine detaliile esen\u021biale<\/li>\n<li>Binoclurile ofer\u0103 o <strong>100% C\u00e2mp de vizualizare<\/strong> - De asemenea, pentru purt\u0103torii de ochelari<\/li>\n<li>Acoperirile optimizate asigur\u0103 cele mai bune valori de transmisie \u0219i experien\u021be vizuale impresionante - chiar \u0219i \u00een condi\u021bii de lumin\u0103 sc\u0103zut\u0103<\/li>\n<\/ul>\n<p>Tehnologia SWAROVISION redefine\u0219te conceptul de calitate optic\u0103.<\/p>\n<h3>Tehnologia SWAROBRIGHT<\/h3>\n<p>Remunera\u021bie pentru <strong>Fidelitate optim\u0103 a culorilor \u00een \u00eentregul spectru de lumin\u0103<\/strong>. Lentilele cu aplatizor de c\u00e2mp permit o claritate de neegalat de la margine la margine. Caracteristicile <strong>Optica HD este caracterizat\u0103 de lentile care con\u021bin fluorur\u0103<\/strong>, Acest lucru \u00eenseamn\u0103 c\u0103 erorile de culoare pot fi evitate aproape complet. \u00cempr\u0103\u0219tierea este, de asemenea, semnificativ mai sc\u0103zut\u0103 cu fluorura \u00een compara\u021bie cu cele mai bune tipuri de sticl\u0103 optic\u0103. Acest lucru permite o <strong>fidelitatea maxim\u0103 a culorilor \u0219i duce la o \u00eembun\u0103t\u0103\u021bire considerabil\u0103 a rezolu\u021biei \u0219i contrastului.<\/strong><\/p>\n<h3>Tehnologia SWAROCLEAN<\/h3>\n<p>Prin acest <strong>Efectul antiaderent faciliteaz\u0103 cur\u0103\u021barea \u00een caz de murd\u0103rie<\/strong> cum ar fi petele de ap\u0103, insectifugele sau r\u0103\u0219ina de copac.<\/p>","protected":false},"excerpt":{"rendered":"<h3>Binoclu premium Swarovski EL 8.5\u00d742 Swarovision<\/h3>\n<ul>\n<li>Livrare gratuit\u0103 \u00een Germania<\/li>\n<li>Toate pre\u021burile includ TVA.<\/li>\n<\/ul>","protected":false},"featured_media":9227,"comment_status":"open","ping_status":"closed","template":"","meta":{"inline_featured_image":false,"footnotes":""},"product_brand":[],"product_cat":[362,349,67,345,344,237,354],"product_tag":[318,319,320],"class_list":{"0":"post-9226","1":"product","2":"type-product","3":"status-publish","4":"has-post-thumbnail","6":"product_cat-42-mm-objektiv","7":"product_cat-8x-vergroesserung","8":"product_cat-fernglas","9":"product_cat-jagd-und-wild","10":"product_cat-naturbeobachtung","11":"product_cat-swarovski-optik","12":"product_cat-vogelbeobachtung","13":"product_tag-8-5x42","14":"product_tag-swarovski","15":"product_tag-vogelbeobachtung","16":"pa_brand-marke-swarovski","17":"pa_farbe-gruen","18":"pa_produkt-typ-fernglas","20":"first","21":"instock","22":"sale","23":"taxable","24":"shipping-taxable","25":"product-type-external"},"bundled_by":[],"bundle_stock_status":"instock","bundle_stock_quantity":null,"bundle_virtual":false,"bundle_layout":"","bundle_add_to_cart_form_location":"","bundle_editable_in_cart":false,"bundle_sold_individually_context":"","bundle_item_grouping":"","bundle_min_size":"","bundle_max_size":"","bundle_price":[],"bundled_items":[],"bundle_sell_ids":[],"_links":{"self":[{"href":"https:\/\/ddoptics.shop\/ro\/wp-json\/wp\/v2\/product\/9226","targetHints":{"allow":["GET"]}}],"collection":[{"href":"https:\/\/ddoptics.shop\/ro\/wp-json\/wp\/v2\/product"}],"about":[{"href":"https:\/\/ddoptics.shop\/ro\/wp-json\/wp\/v2\/types\/product"}],"replies":[{"embeddable":true,"href":"https:\/\/ddoptics.shop\/ro\/wp-json\/wp\/v2\/comments?post=9226"}],"version-history":[{"count":5,"href":"https:\/\/ddoptics.shop\/ro\/wp-json\/wp\/v2\/product\/9226\/revisions"}],"predecessor-version":[{"id":28557,"href":"https:\/\/ddoptics.shop\/ro\/wp-json\/wp\/v2\/product\/9226\/revisions\/28557"}],"wp:featuredmedia":[{"embeddable":true,"href":"https:\/\/ddoptics.shop\/ro\/wp-json\/wp\/v2\/media\/9227"}],"wp:attachment":[{"href":"https:\/\/ddoptics.shop\/ro\/wp-json\/wp\/v2\/media?parent=9226"}],"wp:term":[{"taxonomy":"product_brand","embeddable":true,"href":"https:\/\/ddoptics.shop\/ro\/wp-json\/wp\/v2\/product_brand?post=9226"},{"taxonomy":"product_cat","embeddable":true,"href":"https:\/\/ddoptics.shop\/ro\/wp-json\/wp\/v2\/product_cat?post=9226"},{"taxonomy":"product_tag","embeddable":true,"href":"https:\/\/ddoptics.shop\/ro\/wp-json\/wp\/v2\/product_tag?post=9226"}],"curies":[{"name":"wp","href":"https:\/\/api.w.org\/{rel}","templated":true}]}}