{"id":9237,"date":"2016-07-23T10:16:03","date_gmt":"2016-07-23T08:16:03","guid":{"rendered":"https:\/\/beta.optik-sport-shop.at\/kaufen\/swarovski-el-range-8x42-fernglas-mit-entfernungsmesser"},"modified":"2025-08-26T17:24:22","modified_gmt":"2025-08-26T15:24:22","slug":"swarovski-el-range-8x42-binoclu-telemetru","status":"publish","type":"product","link":"https:\/\/ddoptics.shop\/ro\/kaufen\/swarovski-el-range-8x42-fernglas-entfernungsmesser\/","title":{"rendered":"Swarovski EL Range 8\u00d742 binoclu cu telemetru"},"content":{"rendered":"<div class=\"row\"  id=\"row-404406650\">\n\n\t<div id=\"col-771809564\" class=\"col medium-8 small-12 large-8\"  >\n\t\t\t\t<div class=\"col-inner\"  >\n\t\t\t\n\t\t\t\n<h2><a href=\"https:\/\/de.wikipedia.org\/wiki\/D._Swarovski\" target=\"_blank\" rel=\"noopener sponsored\" data-schema-attribute=\"\">SWAROVSKI<\/a> Binoclu EL Range 8\u00d742 - Vede\u021bi, m\u0103sura\u021bi, \u0219ti\u021bi<\/h2>\n<p>Cu <strong>EL Range redefine\u0219te echipamentul de v\u00e2n\u0103toare.<\/strong> Binoclul combin\u0103 capacitatea opticii de top foarte ascu\u021bite cu o func\u021bie de m\u0103surare precis\u0103. Caracteristicile <strong>Binoclu EL Range 8\u00d742<\/strong> ofer\u0103 cele mai bune <strong>Performan\u021b\u0103 de observare f\u0103r\u0103 compromisuri optice.<\/strong><\/p>\n<p>Captivant <strong>mare <a href=\"https:\/\/ddoptics.shop\/ro\/termen-tehnic\/camp-vizual-pentru-binocluri-si-lunete\/\" target=\"_blank\" rel=\"noopener\" data-schema-attribute=\"\">C\u00e2mpul vizual<\/a> (137 m) \u0219i pupil\u0103 de ie\u0219ire de 5,25 mm<\/strong> ofer\u0103 confort maxim de vizualizare pentru multe situa\u021bii p\u00e2n\u0103 \u00een amurg.<\/p>\n<p>Toate \u00een unul - <strong>Optic\u0103 excelent\u0103 cuplat\u0103 cu un telemetru<\/strong>Cea mai mare transmisie, greutate redus\u0103 \u0219i cel mai larg c\u00e2mp vizual din clasa sa stabilesc literalmente noi standarde \u00een ceea ce prive\u0219te optica \u0219i precizia m\u0103sur\u0103torilor<\/p>\n\t\t<\/div>\n\t\t\t\t\n<style>\n#col-771809564 > .col-inner {\n  margin: 0px 0px -30px 0px;\n}\n<\/style>\n\t<\/div>\n\n\t\n\n\t<div id=\"col-1161922550\" class=\"col medium-4 small-12 large-4\"  >\n\t\t\t\t<div class=\"col-inner\"  >\n\t\t\t\n\t\t\t\n\t<div class=\"img has-hover x md-x lg-x y md-y lg-y\" id=\"image_1665104558\">\n\t\t\t\t\t\t\t\t<div class=\"img-inner dark\" >\n\t\t\t\t\t\t\t\t\t\n\t\t\t\t\t<\/div>\n\t\t\t\t\t\t\t\t\n<style>\n#image_1665104558 {\n  width: 100%;\n}\n<\/style>\n\t<\/div>\n\t\n<h3>Informa\u021bii despre binoclurile Swarovski<\/h3>\n\n\t\t<div class=\"icon-box featured-box icon-box-left text-left\"  >\n\t\t\t\t\t<div class=\"icon-box-img\" style=\"width: 32px\">\n\t\t\t\t<div class=\"icon\">\n\t\t\t\t\t<div class=\"icon-inner\" >\n\t\t\t\t\t\t<img decoding=\"async\" width=\"100\" height=\"83\" src=\"https:\/\/ddoptics.shop\/wp-content\/uploads\/2021\/05\/DDoptics-SHG-Icon.jpg\" class=\"attachment-medium size-medium\" alt=\"DDoptics SHG Binoclu Icon\" title=\"\">\t\t\t\t\t<\/div>\n\t\t\t\t<\/div>\n\t\t\t<\/div>\n\t\t\t\t<div class=\"icon-box-text last-reset\">\n\t\t\t\t\t\t\t\t\t\n<p>\u2705 Garan\u021bie a produc\u0103torului de 10 ani - 2 ani pentru componentele electronice<\/p>\n\t\t<\/div>\n\t<\/div>\n\t\n\t\n\n\t\t<div class=\"icon-box featured-box icon-box-left text-left\"  >\n\t\t\t\t\t<div class=\"icon-box-img\" style=\"width: 32px\">\n\t\t\t\t<div class=\"icon\">\n\t\t\t\t\t<div class=\"icon-inner\" >\n\t\t\t\t\t\t<img decoding=\"async\" width=\"100\" height=\"83\" src=\"https:\/\/ddoptics.shop\/wp-content\/uploads\/2021\/05\/DDoptics-SHG-Icon.jpg\" class=\"attachment-medium size-medium\" alt=\"DDoptics SHG Binoclu Icon\" title=\"\">\t\t\t\t\t<\/div>\n\t\t\t\t<\/div>\n\t\t\t<\/div>\n\t\t\t\t<div class=\"icon-box-text last-reset\">\n\t\t\t\t\t\t\t\t\t\n<p>137 m c\u00e2mp vizual<\/p>\n\t\t<\/div>\n\t<\/div>\n\t\n\t\n\n\t\t<div class=\"icon-box featured-box icon-box-left text-left\"  >\n\t\t\t\t\t<div class=\"icon-box-img\" style=\"width: 32px\">\n\t\t\t\t<div class=\"icon\">\n\t\t\t\t\t<div class=\"icon-inner\" >\n\t\t\t\t\t\t<img decoding=\"async\" width=\"100\" height=\"83\" src=\"https:\/\/ddoptics.shop\/wp-content\/uploads\/2021\/05\/DDoptics-SHG-Icon.jpg\" class=\"attachment-medium size-medium\" alt=\"DDoptics SHG Binoclu Icon\" title=\"\">\t\t\t\t\t<\/div>\n\t\t\t\t<\/div>\n\t\t\t<\/div>\n\t\t\t\t<div class=\"icon-box-text last-reset\">\n\t\t\t\t\t\t\t\t\t\n<p>\u2705 telemetru laser<\/p>\n\t\t<\/div>\n\t<\/div>\n\t\n\t\n\n\t\t<div class=\"icon-box featured-box icon-box-left text-left\"  >\n\t\t\t\t\t<div class=\"icon-box-img\" style=\"width: 32px\">\n\t\t\t\t<div class=\"icon\">\n\t\t\t\t\t<div class=\"icon-inner\" >\n\t\t\t\t\t\t<img decoding=\"async\" width=\"100\" height=\"83\" src=\"https:\/\/ddoptics.shop\/wp-content\/uploads\/2021\/05\/DDoptics-SHG-Icon.jpg\" class=\"attachment-medium size-medium\" alt=\"DDoptics SHG Binoclu Icon\" title=\"\">\t\t\t\t\t<\/div>\n\t\t\t\t<\/div>\n\t\t\t<\/div>\n\t\t\t\t<div class=\"icon-box-text last-reset\">\n\t\t\t\t\t\t\t\t\t\n<p>\u2705 <strong>Prisma de acoperi\u0219<\/strong><\/p>\n\t\t<\/div>\n\t<\/div>\n\t\n\t\n\n\t\t<div class=\"icon-box featured-box icon-box-left text-left\"  >\n\t\t\t\t\t<div class=\"icon-box-img\" style=\"width: 32px\">\n\t\t\t\t<div class=\"icon\">\n\t\t\t\t\t<div class=\"icon-inner\" >\n\t\t\t\t\t\t<img decoding=\"async\" width=\"100\" height=\"83\" src=\"https:\/\/ddoptics.shop\/wp-content\/uploads\/2021\/05\/DDoptics-SHG-Icon.jpg\" class=\"attachment-medium size-medium\" alt=\"DDoptics SHG Binoclu Icon\" title=\"\">\t\t\t\t\t<\/div>\n\t\t\t\t<\/div>\n\t\t\t<\/div>\n\t\t\t\t<div class=\"icon-box-text last-reset\">\n\t\t\t\t\t\t\t\t\t\n<p>\u2705 <strong>Carcas\u0103 robust\u0103 din magneziu<\/strong><\/p>\n\t\t<\/div>\n\t<\/div>\n\t\n\t\n\n\t\t<div class=\"icon-box featured-box icon-box-left text-left\"  >\n\t\t\t\t\t<div class=\"icon-box-img\" style=\"width: 32px\">\n\t\t\t\t<div class=\"icon\">\n\t\t\t\t\t<div class=\"icon-inner\" >\n\t\t\t\t\t\t<img decoding=\"async\" width=\"100\" height=\"83\" src=\"https:\/\/ddoptics.shop\/wp-content\/uploads\/2021\/05\/DDoptics-SHG-Icon.jpg\" class=\"attachment-medium size-medium\" alt=\"DDoptics SHG Binoclu Icon\" title=\"\">\t\t\t\t\t<\/div>\n\t\t\t\t<\/div>\n\t\t\t<\/div>\n\t\t\t\t<div class=\"icon-box-text last-reset\">\n\t\t\t\t\t\t\t\t\t\n<p>EL reach-through<\/p>\n\t\t<\/div>\n\t<\/div>\n\t\n\t\n<div class=\"is-divider divider clearfix\" ><\/div>\n\t\t<\/div>\n\t\t\t\t\t<\/div>\n\n\t\n<\/div>\n<h3>Tehnologia SWAROAIM<\/h3>\n<p><strong>Inclinometru integrat<\/strong> cu nivel mondial <strong>programul unic de tragere \u00een unghi arat\u0103 distan\u021ba de tragere corectat\u0103<\/strong> sau, alternativ, unghiul.<\/p>\n<h3>Tehnologia SWAROBRIGHT<\/h3>\n<p><strong>Acoperire pentru fidelitatea optim\u0103 a culorilor \u00een \u00eentregul spectru de lumin\u0103<\/strong>SWAROVSKI OPTIK este primul produc\u0103tor din lume care utilizeaz\u0103 aceast\u0103 tehnologie \u00een produc\u021bia de serie.<\/p>\n<h3>Concluzie SWAROVSKI EL Range 8\u00d742<\/h3>\n<p>Cu <strong>EL Range ofer\u0103 Swarovski <\/strong>un nou, extrem de interesant<strong> Produs optic de top<\/strong>. Electronica integrat\u0103 func\u021bioneaz\u0103 perfect. Caracteristicile <strong>EL Range este foarte u\u0219or \u0219i confortabil<\/strong> poate fi operat cu o singur\u0103 m\u00e2n\u0103. Caracteristicile <strong>Programul de fotografiere \u00een unghi <\/strong>este deosebit de<strong> v\u00e2n\u0103torii de munte<\/strong> interes. \u00cen combina\u021bie cu un binoclu care are o reglare rapid\u0103 a reticulului sau o turel\u0103 balistic\u0103, echipamentul perfect pentru fotografierea la distan\u021be mari - \u00een sus sau \u00een jos.<\/p>","protected":false},"excerpt":{"rendered":"<h3>Binoclu premium Swarovski EL Range 10\u00d742<\/h3>\n<ul>\n<li>Livrare gratuit\u0103<\/li>\n<li>Toate pre\u021burile includ TVA.<\/li>\n<\/ul>","protected":false},"featured_media":9240,"comment_status":"open","ping_status":"closed","template":"","meta":{"inline_featured_image":false,"footnotes":""},"product_brand":[],"product_cat":[362,349,67,345,237],"product_tag":[91,321,319],"class_list":{"0":"post-9237","1":"product","2":"type-product","3":"status-publish","4":"has-post-thumbnail","6":"product_cat-42-mm-objektiv","7":"product_cat-8x-vergroesserung","8":"product_cat-fernglas","9":"product_cat-jagd-und-wild","10":"product_cat-swarovski-optik","11":"product_tag-8x42","12":"product_tag-laserentfernungsmesser","13":"product_tag-swarovski","14":"pa_brand-marke-swarovski","15":"pa_farbe-gruen","16":"pa_produkt-typ-fernglas","18":"first","19":"instock","20":"sale","21":"taxable","22":"shipping-taxable","23":"product-type-external"},"bundled_by":[],"bundle_stock_status":"instock","bundle_stock_quantity":null,"bundle_virtual":false,"bundle_layout":"","bundle_add_to_cart_form_location":"","bundle_editable_in_cart":false,"bundle_sold_individually_context":"","bundle_item_grouping":"","bundle_min_size":"","bundle_max_size":"","bundle_price":[],"bundled_items":[],"bundle_sell_ids":[],"_links":{"self":[{"href":"https:\/\/ddoptics.shop\/ro\/wp-json\/wp\/v2\/product\/9237","targetHints":{"allow":["GET"]}}],"collection":[{"href":"https:\/\/ddoptics.shop\/ro\/wp-json\/wp\/v2\/product"}],"about":[{"href":"https:\/\/ddoptics.shop\/ro\/wp-json\/wp\/v2\/types\/product"}],"replies":[{"embeddable":true,"href":"https:\/\/ddoptics.shop\/ro\/wp-json\/wp\/v2\/comments?post=9237"}],"version-history":[{"count":4,"href":"https:\/\/ddoptics.shop\/ro\/wp-json\/wp\/v2\/product\/9237\/revisions"}],"predecessor-version":[{"id":28551,"href":"https:\/\/ddoptics.shop\/ro\/wp-json\/wp\/v2\/product\/9237\/revisions\/28551"}],"wp:featuredmedia":[{"embeddable":true,"href":"https:\/\/ddoptics.shop\/ro\/wp-json\/wp\/v2\/media\/9240"}],"wp:attachment":[{"href":"https:\/\/ddoptics.shop\/ro\/wp-json\/wp\/v2\/media?parent=9237"}],"wp:term":[{"taxonomy":"product_brand","embeddable":true,"href":"https:\/\/ddoptics.shop\/ro\/wp-json\/wp\/v2\/product_brand?post=9237"},{"taxonomy":"product_cat","embeddable":true,"href":"https:\/\/ddoptics.shop\/ro\/wp-json\/wp\/v2\/product_cat?post=9237"},{"taxonomy":"product_tag","embeddable":true,"href":"https:\/\/ddoptics.shop\/ro\/wp-json\/wp\/v2\/product_tag?post=9237"}],"curies":[{"name":"wp","href":"https:\/\/api.w.org\/{rel}","templated":true}]}}