{"id":9249,"date":"2016-07-23T12:51:16","date_gmt":"2016-07-23T10:51:16","guid":{"rendered":"https:\/\/beta.optik-sport-shop.at\/kaufen\/swarovski-slc-8x56-fernglas"},"modified":"2025-07-01T12:37:23","modified_gmt":"2025-07-01T10:37:23","slug":"binoclu-swarovski-slc-8x56","status":"publish","type":"product","link":"https:\/\/ddoptics.shop\/ro\/kaufen\/swarovski-fernglas-slc-8x56\/","title":{"rendered":"Swarovski SLC 8\u00d756 W B Binoclu"},"content":{"rendered":"<div class=\"row\"  id=\"row-2147481611\">\n\n\t<div id=\"col-1587646618\" class=\"col medium-8 small-12 large-8\"  >\n\t\t\t\t<div class=\"col-inner\"  >\n\t\t\t\n\t\t\t\n<h2>Binoclu SWAROVSKI SLC 8\u00d756 W B<\/h2>\n<p>S\u0103 fie lumin\u0103 cu specialistul cu experien\u021b\u0103!<\/p>\n<p>The <strong>Experimenta\u021bi natura la o or\u0103 mai t\u00e2rzie<\/strong>, Acest lucru are un farmec aparte pentru mul\u021bi oameni. Cu rapiditatea <strong>Binoclu Swarovski SLC 8\u00d756<\/strong>\u00a0experien\u021b\u0103 binocular\u0103 cu transmisie luminoas\u0103 extrem de ridicat\u0103. Este exact \u00een acest moment c\u00e2nd animalele, altfel destul de timide, cum ar fi <strong>Bufni\u021be sau pisici s\u0103lbatice<\/strong>. Cu binoclul SLC 8\u00d756 ve\u021bi fi sus\u021binut \u00een mod optim \u00een <strong>observa\u021bii interesante<\/strong>\u00a0sus\u021binut.<\/p>\n<p>The <strong>Optic\u0103 optimizat\u0103 pentru noapte<\/strong> cu <strong>claritate impresionant\u0103 a marginilor<\/strong> \u0219i o<strong> c\u00e2mp vizual mare<\/strong> uime\u0219te mul\u021bi oameni. M\u00e2nerele \u00eencastrate extinse \u0219i greutatea echilibrat\u0103 asigur\u0103 o u\u0219urin\u021b\u0103 maxim\u0103 de utilizare.<\/p>\n\t\t<\/div>\n\t\t\t\t\n<style>\n#col-1587646618 > .col-inner {\n  margin: 0px 0px -30px 0px;\n}\n<\/style>\n\t<\/div>\n\n\t\n\n\t<div id=\"col-452414191\" class=\"col medium-4 small-12 large-4\"  >\n\t\t\t\t<div class=\"col-inner\"  >\n\t\t\t\n\t\t\t\n\t<div class=\"img has-hover x md-x lg-x y md-y lg-y\" id=\"image_997147012\">\n\t\t\t\t\t\t\t\t<div class=\"img-inner dark\" >\n\t\t\t\t\t\t\t\t\t\n\t\t\t\t\t<\/div>\n\t\t\t\t\t\t\t\t\n<style>\n#image_997147012 {\n  width: 100%;\n}\n<\/style>\n\t<\/div>\n\t\n<h3>Informa\u021bii despre binoclurile Swarovski<\/h3>\n\n\t\t<div class=\"icon-box featured-box icon-box-left text-left\"  >\n\t\t\t\t\t<div class=\"icon-box-img\" style=\"width: 32px\">\n\t\t\t\t<div class=\"icon\">\n\t\t\t\t\t<div class=\"icon-inner\" >\n\t\t\t\t\t\t<img decoding=\"async\" width=\"100\" height=\"83\" src=\"https:\/\/ddoptics.shop\/wp-content\/uploads\/2021\/05\/DDoptics-SHG-Icon.jpg\" class=\"attachment-medium size-medium\" alt=\"DDoptics SHG Binoclu Icon\" title=\"\">\t\t\t\t\t<\/div>\n\t\t\t\t<\/div>\n\t\t\t<\/div>\n\t\t\t\t<div class=\"icon-box-text last-reset\">\n\t\t\t\t\t\t\t\t\t\n<p>Garan\u021bie de 10 ani din partea produc\u0103torului<\/p>\n\t\t<\/div>\n\t<\/div>\n\t\n\t\n\n\t\t<div class=\"icon-box featured-box icon-box-left text-left\"  >\n\t\t\t\t\t<div class=\"icon-box-img\" style=\"width: 32px\">\n\t\t\t\t<div class=\"icon\">\n\t\t\t\t\t<div class=\"icon-inner\" >\n\t\t\t\t\t\t<img decoding=\"async\" width=\"100\" height=\"83\" src=\"https:\/\/ddoptics.shop\/wp-content\/uploads\/2021\/05\/DDoptics-SHG-Icon.jpg\" class=\"attachment-medium size-medium\" alt=\"DDoptics SHG Binoclu Icon\" title=\"\">\t\t\t\t\t<\/div>\n\t\t\t\t<\/div>\n\t\t\t<\/div>\n\t\t\t\t<div class=\"icon-box-text last-reset\">\n\t\t\t\t\t\t\t\t\t\n<p>C\u00e2mpul vizual 133 m<\/p>\n\t\t<\/div>\n\t<\/div>\n\t\n\t\n\n\t\t<div class=\"icon-box featured-box icon-box-left text-left\"  >\n\t\t\t\t\t<div class=\"icon-box-img\" style=\"width: 32px\">\n\t\t\t\t<div class=\"icon\">\n\t\t\t\t\t<div class=\"icon-inner\" >\n\t\t\t\t\t\t<img decoding=\"async\" width=\"100\" height=\"83\" src=\"https:\/\/ddoptics.shop\/wp-content\/uploads\/2021\/05\/DDoptics-SHG-Icon.jpg\" class=\"attachment-medium size-medium\" alt=\"DDoptics SHG Binoclu Icon\" title=\"\">\t\t\t\t\t<\/div>\n\t\t\t\t<\/div>\n\t\t\t<\/div>\n\t\t\t\t<div class=\"icon-box-text last-reset\">\n\t\t\t\t\t\t\t\t\t\n<p>\u2705 Unghi larg<\/p>\n\t\t<\/div>\n\t<\/div>\n\t\n\t\n\n\t\t<div class=\"icon-box featured-box icon-box-left text-left\"  >\n\t\t\t\t\t<div class=\"icon-box-img\" style=\"width: 32px\">\n\t\t\t\t<div class=\"icon\">\n\t\t\t\t\t<div class=\"icon-inner\" >\n\t\t\t\t\t\t<img decoding=\"async\" width=\"100\" height=\"83\" src=\"https:\/\/ddoptics.shop\/wp-content\/uploads\/2021\/05\/DDoptics-SHG-Icon.jpg\" class=\"attachment-medium size-medium\" alt=\"DDoptics SHG Binoclu Icon\" title=\"\">\t\t\t\t\t<\/div>\n\t\t\t\t<\/div>\n\t\t\t<\/div>\n\t\t\t\t<div class=\"icon-box-text last-reset\">\n\t\t\t\t\t\t\t\t\t\n<p>\u2705 <strong>Prisma de acoperi\u0219<\/strong><\/p>\n\t\t<\/div>\n\t<\/div>\n\t\n\t\n\n\t\t<div class=\"icon-box featured-box icon-box-left text-left\"  >\n\t\t\t\t\t<div class=\"icon-box-img\" style=\"width: 32px\">\n\t\t\t\t<div class=\"icon\">\n\t\t\t\t\t<div class=\"icon-inner\" >\n\t\t\t\t\t\t<img decoding=\"async\" width=\"100\" height=\"83\" src=\"https:\/\/ddoptics.shop\/wp-content\/uploads\/2021\/05\/DDoptics-SHG-Icon.jpg\" class=\"attachment-medium size-medium\" alt=\"DDoptics SHG Binoclu Icon\" title=\"\">\t\t\t\t\t<\/div>\n\t\t\t\t<\/div>\n\t\t\t<\/div>\n\t\t\t\t<div class=\"icon-box-text last-reset\">\n\t\t\t\t\t\t\t\t\t\n<p>\u2705 <strong>Carcas\u0103 robust\u0103 din magneziu<\/strong><\/p>\n\t\t<\/div>\n\t<\/div>\n\t\n\t\n\n\t\t<div class=\"icon-box featured-box icon-box-left text-left\"  >\n\t\t\t\t\t<div class=\"icon-box-img\" style=\"width: 32px\">\n\t\t\t\t<div class=\"icon\">\n\t\t\t\t\t<div class=\"icon-inner\" >\n\t\t\t\t\t\t<img decoding=\"async\" width=\"100\" height=\"83\" src=\"https:\/\/ddoptics.shop\/wp-content\/uploads\/2021\/05\/DDoptics-SHG-Icon.jpg\" class=\"attachment-medium size-medium\" alt=\"DDoptics SHG Binoclu Icon\" title=\"\">\t\t\t\t\t<\/div>\n\t\t\t\t<\/div>\n\t\t\t<\/div>\n\t\t\t\t<div class=\"icon-box-text last-reset\">\n\t\t\t\t\t\t\t\t\t\n<p>Potrivit pentru purt\u0103torii de ochelari<\/p>\n\t\t<\/div>\n\t<\/div>\n\t\n\t\n<div class=\"is-divider divider clearfix\" ><\/div>\n\t\t<\/div>\n\t\t\t\t\t<\/div>\n\n\t\n<\/div>\n<h3>Tehnologia SWAROCLEAN<\/h3>\n<p>Prin acest <strong>Efectul antiaderent face cur\u0103\u021barea<\/strong> cu<strong> Murd\u0103rire<\/strong> cum ar fi petele de ap\u0103, insectifugele sau r\u0103\u0219ina de copac.<\/p>\n<h3>Binoclu SWAROVSKI SLC 8\u00d756 - un binoclu solid \u0219i universal<\/h3>\n<p>Cu <strong>SLC 8\u00d756<\/strong> p\u0103stra\u021bi un <strong>Binoclu universal<\/strong> cu o greutate \u00eenc\u0103 moderat\u0103 \u00een m\u00e2inile tale. SLC 8\u00d756 este solid la <strong>orice vreme - zi dup\u0103 zi \u0219i noapte dup\u0103 noapte<\/strong>. De asemenea, impresioneaz\u0103 cu <strong>Calitate optic\u0103 deosebit de ridicat\u0103<\/strong>. V\u0103 ve\u021bi bucura de acest binoclu robust \u0219i ergonomic pentru mul\u021bi ani de acum \u00eenainte.<\/p>","protected":false},"excerpt":{"rendered":"<h3>Binoclul Swarovski SLC 8\u00d756 twilight<\/h3>\n<ul>\n<li>nou <strong>Model<\/strong><\/li>\n<li>Livrare gratuit\u0103 \u00een Germania<\/li>\n<li>Toate pre\u021burile includ TVA.<\/li>\n<\/ul>","protected":false},"featured_media":9251,"comment_status":"open","ping_status":"closed","template":"","meta":{"inline_featured_image":false,"footnotes":""},"product_brand":[],"product_cat":[364,349,67,345,344,237],"product_tag":[75,319,322],"class_list":{"0":"post-9249","1":"product","2":"type-product","3":"status-publish","4":"has-post-thumbnail","6":"product_cat-56-mm-objektiv","7":"product_cat-8x-vergroesserung","8":"product_cat-fernglas","9":"product_cat-jagd-und-wild","10":"product_cat-naturbeobachtung","11":"product_cat-swarovski-optik","12":"product_tag-8x56","13":"product_tag-swarovski","14":"product_tag-swarovski-slc","15":"pa_brand-marke-swarovski","16":"pa_farbe-gruen","17":"pa_produkt-typ-fernglas","19":"first","20":"instock","21":"sale","22":"taxable","23":"shipping-taxable","24":"product-type-external"},"bundled_by":[],"bundle_stock_status":"instock","bundle_stock_quantity":null,"bundle_virtual":false,"bundle_layout":"","bundle_add_to_cart_form_location":"","bundle_editable_in_cart":false,"bundle_sold_individually_context":"","bundle_item_grouping":"","bundle_min_size":"","bundle_max_size":"","bundle_price":[],"bundled_items":[],"bundle_sell_ids":[],"_links":{"self":[{"href":"https:\/\/ddoptics.shop\/ro\/wp-json\/wp\/v2\/product\/9249","targetHints":{"allow":["GET"]}}],"collection":[{"href":"https:\/\/ddoptics.shop\/ro\/wp-json\/wp\/v2\/product"}],"about":[{"href":"https:\/\/ddoptics.shop\/ro\/wp-json\/wp\/v2\/types\/product"}],"replies":[{"embeddable":true,"href":"https:\/\/ddoptics.shop\/ro\/wp-json\/wp\/v2\/comments?post=9249"}],"version-history":[{"count":3,"href":"https:\/\/ddoptics.shop\/ro\/wp-json\/wp\/v2\/product\/9249\/revisions"}],"predecessor-version":[{"id":28504,"href":"https:\/\/ddoptics.shop\/ro\/wp-json\/wp\/v2\/product\/9249\/revisions\/28504"}],"wp:featuredmedia":[{"embeddable":true,"href":"https:\/\/ddoptics.shop\/ro\/wp-json\/wp\/v2\/media\/9251"}],"wp:attachment":[{"href":"https:\/\/ddoptics.shop\/ro\/wp-json\/wp\/v2\/media?parent=9249"}],"wp:term":[{"taxonomy":"product_brand","embeddable":true,"href":"https:\/\/ddoptics.shop\/ro\/wp-json\/wp\/v2\/product_brand?post=9249"},{"taxonomy":"product_cat","embeddable":true,"href":"https:\/\/ddoptics.shop\/ro\/wp-json\/wp\/v2\/product_cat?post=9249"},{"taxonomy":"product_tag","embeddable":true,"href":"https:\/\/ddoptics.shop\/ro\/wp-json\/wp\/v2\/product_tag?post=9249"}],"curies":[{"name":"wp","href":"https:\/\/api.w.org\/{rel}","templated":true}]}}