{"id":9257,"date":"2016-07-23T13:27:47","date_gmt":"2016-07-23T11:27:47","guid":{"rendered":"https:\/\/beta.optik-sport-shop.at\/kaufen\/swarovski-slc-15x56-w-b-fernglas"},"modified":"2025-07-01T12:14:42","modified_gmt":"2025-07-01T10:14:42","slug":"binoclu-swarovski-slc-15x56-w-b","status":"publish","type":"product","link":"https:\/\/ddoptics.shop\/ro\/kaufen\/swarovski-slc-15x56-w-b-fernglas\/","title":{"rendered":"Swarovski SLC 15\u00d756 W B Binoclu"},"content":{"rendered":"<div class=\"row\"  id=\"row-1089240496\">\n\n\t<div id=\"col-935543717\" class=\"col medium-8 small-12 large-8\"  >\n\t\t\t\t<div class=\"col-inner\"  >\n\t\t\t\n\t\t\t\n<h2>Binoclu SWAROVSKI SLC 15\u00d756 W B<\/h2>\n<p>Aceasta va <strong>Lumina cu specialistul cu experien\u021b\u0103 pentru detalii la distan\u021be mari<\/strong> cu o m\u0103rire de 15x.<\/p>\n<p>The <strong>Binoclu SLC 15\u00d756<\/strong> este <strong>Specialist \u00een observarea pe distan\u021be lungi.<\/strong> Cu <strong>M\u0103rire 15x<\/strong> iar optica optimizat\u0103, \u00een combina\u021bie cu claritatea impresionant\u0103 a marginilor, face posibil\u0103 <strong>perspective speciale - chiar \u0219i \u00een zone extinse.<\/strong><\/p>\n<p>M\u00e2nerele \u00eencastrate extinse \u0219i greutatea echilibrat\u0103 asigur\u0103 o u\u0219urin\u021b\u0103 maxim\u0103 de utilizare.<\/p>\n\t\t<\/div>\n\t\t\t\t\n<style>\n#col-935543717 > .col-inner {\n  margin: 0px 0px -30px 0px;\n}\n<\/style>\n\t<\/div>\n\n\t\n\n\t<div id=\"col-872889481\" class=\"col medium-4 small-12 large-4\"  >\n\t\t\t\t<div class=\"col-inner\"  >\n\t\t\t\n\t\t\t\n\t<div class=\"img has-hover x md-x lg-x y md-y lg-y\" id=\"image_1323742498\">\n\t\t\t\t\t\t\t\t<div class=\"img-inner dark\" >\n\t\t\t\t\t\t\t\t\t\n\t\t\t\t\t<\/div>\n\t\t\t\t\t\t\t\t\n<style>\n#image_1323742498 {\n  width: 100%;\n}\n<\/style>\n\t<\/div>\n\t\n<h3>Informa\u021bii despre binoclurile Swarovski<\/h3>\n\n\t\t<div class=\"icon-box featured-box icon-box-left text-left\"  >\n\t\t\t\t\t<div class=\"icon-box-img\" style=\"width: 32px\">\n\t\t\t\t<div class=\"icon\">\n\t\t\t\t\t<div class=\"icon-inner\" >\n\t\t\t\t\t\t<img decoding=\"async\" width=\"100\" height=\"83\" src=\"https:\/\/ddoptics.shop\/wp-content\/uploads\/2021\/05\/DDoptics-SHG-Icon.jpg\" class=\"attachment-medium size-medium\" alt=\"DDoptics SHG Binoclu Icon\" title=\"\">\t\t\t\t\t<\/div>\n\t\t\t\t<\/div>\n\t\t\t<\/div>\n\t\t\t\t<div class=\"icon-box-text last-reset\">\n\t\t\t\t\t\t\t\t\t\n<p>Garan\u021bie de 10 ani din partea produc\u0103torului<\/p>\n\t\t<\/div>\n\t<\/div>\n\t\n\t\n\n\t\t<div class=\"icon-box featured-box icon-box-left text-left\"  >\n\t\t\t\t\t<div class=\"icon-box-img\" style=\"width: 32px\">\n\t\t\t\t<div class=\"icon\">\n\t\t\t\t\t<div class=\"icon-inner\" >\n\t\t\t\t\t\t<img decoding=\"async\" width=\"100\" height=\"83\" src=\"https:\/\/ddoptics.shop\/wp-content\/uploads\/2021\/05\/DDoptics-SHG-Icon.jpg\" class=\"attachment-medium size-medium\" alt=\"DDoptics SHG Binoclu Icon\" title=\"\">\t\t\t\t\t<\/div>\n\t\t\t\t<\/div>\n\t\t\t<\/div>\n\t\t\t\t<div class=\"icon-box-text last-reset\">\n\t\t\t\t\t\t\t\t\t\n<p>\u2705 78 m Sehfeld<\/p>\n\t\t<\/div>\n\t<\/div>\n\t\n\t\n\n\t\t<div class=\"icon-box featured-box icon-box-left text-left\"  >\n\t\t\t\t\t<div class=\"icon-box-img\" style=\"width: 32px\">\n\t\t\t\t<div class=\"icon\">\n\t\t\t\t\t<div class=\"icon-inner\" >\n\t\t\t\t\t\t<img decoding=\"async\" width=\"100\" height=\"83\" src=\"https:\/\/ddoptics.shop\/wp-content\/uploads\/2021\/05\/DDoptics-SHG-Icon.jpg\" class=\"attachment-medium size-medium\" alt=\"DDoptics SHG Binoclu Icon\" title=\"\">\t\t\t\t\t<\/div>\n\t\t\t\t<\/div>\n\t\t\t<\/div>\n\t\t\t\t<div class=\"icon-box-text last-reset\">\n\t\t\t\t\t\t\t\t\t\n<p>\u2705 Unghi larg<\/p>\n\t\t<\/div>\n\t<\/div>\n\t\n\t\n\n\t\t<div class=\"icon-box featured-box icon-box-left text-left\"  >\n\t\t\t\t\t<div class=\"icon-box-img\" style=\"width: 32px\">\n\t\t\t\t<div class=\"icon\">\n\t\t\t\t\t<div class=\"icon-inner\" >\n\t\t\t\t\t\t<img decoding=\"async\" width=\"100\" height=\"83\" src=\"https:\/\/ddoptics.shop\/wp-content\/uploads\/2021\/05\/DDoptics-SHG-Icon.jpg\" class=\"attachment-medium size-medium\" alt=\"DDoptics SHG Binoclu Icon\" title=\"\">\t\t\t\t\t<\/div>\n\t\t\t\t<\/div>\n\t\t\t<\/div>\n\t\t\t\t<div class=\"icon-box-text last-reset\">\n\t\t\t\t\t\t\t\t\t\n<p>\u2705 <strong>Prisma de acoperi\u0219<\/strong><\/p>\n\t\t<\/div>\n\t<\/div>\n\t\n\t\n\n\t\t<div class=\"icon-box featured-box icon-box-left text-left\"  >\n\t\t\t\t\t<div class=\"icon-box-img\" style=\"width: 32px\">\n\t\t\t\t<div class=\"icon\">\n\t\t\t\t\t<div class=\"icon-inner\" >\n\t\t\t\t\t\t<img decoding=\"async\" width=\"100\" height=\"83\" src=\"https:\/\/ddoptics.shop\/wp-content\/uploads\/2021\/05\/DDoptics-SHG-Icon.jpg\" class=\"attachment-medium size-medium\" alt=\"DDoptics SHG Binoclu Icon\" title=\"\">\t\t\t\t\t<\/div>\n\t\t\t\t<\/div>\n\t\t\t<\/div>\n\t\t\t\t<div class=\"icon-box-text last-reset\">\n\t\t\t\t\t\t\t\t\t\n<p>\u2705 <strong>Carcas\u0103 robust\u0103 din magneziu<\/strong><\/p>\n\t\t<\/div>\n\t<\/div>\n\t\n\t\n\n\t\t<div class=\"icon-box featured-box icon-box-left text-left\"  >\n\t\t\t\t\t<div class=\"icon-box-img\" style=\"width: 32px\">\n\t\t\t\t<div class=\"icon\">\n\t\t\t\t\t<div class=\"icon-inner\" >\n\t\t\t\t\t\t<img decoding=\"async\" width=\"100\" height=\"83\" src=\"https:\/\/ddoptics.shop\/wp-content\/uploads\/2021\/05\/DDoptics-SHG-Icon.jpg\" class=\"attachment-medium size-medium\" alt=\"DDoptics SHG Binoclu Icon\" title=\"\">\t\t\t\t\t<\/div>\n\t\t\t\t<\/div>\n\t\t\t<\/div>\n\t\t\t\t<div class=\"icon-box-text last-reset\">\n\t\t\t\t\t\t\t\t\t\n<p>Potrivit pentru purt\u0103torii de ochelari<\/p>\n\t\t<\/div>\n\t<\/div>\n\t\n\t\n<div class=\"is-divider divider clearfix\" ><\/div>\n\t\t<\/div>\n\t\t\t\t\t<\/div>\n\n\t\n<\/div>\n<h3>Tehnologia SWAROCLEAN<\/h3>\n<p>Prin acest <strong>Efectul antiaderent face cur\u0103\u021barea<\/strong> cu<strong> Murd\u0103rire<\/strong> cum ar fi petele de ap\u0103, insectifugele sau r\u0103\u0219ina de copac.<\/p>\n<h3>Binoclu SLC 15\u00d756 - un specialist solid pentru distan\u021be lungi<\/h3>\n<p>Cu <strong>Binoclu specializat SLC 15\u00d756<\/strong> cu o greutate \u00eenc\u0103 moderat\u0103 \u00een m\u00e2inile tale. SLC 15\u00d756 este solid la <strong>orice vreme - zi dup\u0103 zi<\/strong>. De asemenea, impresioneaz\u0103 cu <strong>Calitate optic\u0103 deosebit de ridicat\u0103<\/strong>. V\u0103 ve\u021bi bucura de acest binoclu robust \u0219i ergonomic pentru mul\u021bi ani de acum \u00eenainte.<\/p>","protected":false},"excerpt":{"rendered":"<h3>Binoclu Swarovski SLC 15\u00d756 W B<\/h3>\n<ul>\n<li>nou <strong>Model<\/strong><\/li>\n<li>Livrare gratuit\u0103 \u00een Germania<\/li>\n<li>Toate pre\u021burile includ TVA.<\/li>\n<\/ul>","protected":false},"featured_media":9260,"comment_status":"open","ping_status":"closed","template":"","meta":{"inline_featured_image":false,"footnotes":""},"product_brand":[],"product_cat":[353,364,67,237,354],"product_tag":[324,319,322],"class_list":{"0":"post-9257","1":"product","2":"type-product","3":"status-publish","4":"has-post-thumbnail","6":"product_cat-15x-vergroesserung","7":"product_cat-56-mm-objektiv","8":"product_cat-fernglas","9":"product_cat-swarovski-optik","10":"product_cat-vogelbeobachtung","11":"product_tag-15x56","12":"product_tag-swarovski","13":"product_tag-swarovski-slc","14":"pa_brand-marke-swarovski","15":"pa_farbe-gruen","16":"pa_produkt-typ-fernglas","18":"first","19":"instock","20":"taxable","21":"shipping-taxable","22":"product-type-external"},"bundled_by":[],"bundle_stock_status":"instock","bundle_stock_quantity":null,"bundle_virtual":false,"bundle_layout":"","bundle_add_to_cart_form_location":"","bundle_editable_in_cart":false,"bundle_sold_individually_context":"","bundle_item_grouping":"","bundle_min_size":"","bundle_max_size":"","bundle_price":[],"bundled_items":[],"bundle_sell_ids":[],"_links":{"self":[{"href":"https:\/\/ddoptics.shop\/ro\/wp-json\/wp\/v2\/product\/9257","targetHints":{"allow":["GET"]}}],"collection":[{"href":"https:\/\/ddoptics.shop\/ro\/wp-json\/wp\/v2\/product"}],"about":[{"href":"https:\/\/ddoptics.shop\/ro\/wp-json\/wp\/v2\/types\/product"}],"replies":[{"embeddable":true,"href":"https:\/\/ddoptics.shop\/ro\/wp-json\/wp\/v2\/comments?post=9257"}],"version-history":[{"count":3,"href":"https:\/\/ddoptics.shop\/ro\/wp-json\/wp\/v2\/product\/9257\/revisions"}],"predecessor-version":[{"id":28541,"href":"https:\/\/ddoptics.shop\/ro\/wp-json\/wp\/v2\/product\/9257\/revisions\/28541"}],"wp:featuredmedia":[{"embeddable":true,"href":"https:\/\/ddoptics.shop\/ro\/wp-json\/wp\/v2\/media\/9260"}],"wp:attachment":[{"href":"https:\/\/ddoptics.shop\/ro\/wp-json\/wp\/v2\/media?parent=9257"}],"wp:term":[{"taxonomy":"product_brand","embeddable":true,"href":"https:\/\/ddoptics.shop\/ro\/wp-json\/wp\/v2\/product_brand?post=9257"},{"taxonomy":"product_cat","embeddable":true,"href":"https:\/\/ddoptics.shop\/ro\/wp-json\/wp\/v2\/product_cat?post=9257"},{"taxonomy":"product_tag","embeddable":true,"href":"https:\/\/ddoptics.shop\/ro\/wp-json\/wp\/v2\/product_tag?post=9257"}],"curies":[{"name":"wp","href":"https:\/\/api.w.org\/{rel}","templated":true}]}}