{"id":9261,"date":"2016-07-23T13:53:00","date_gmt":"2016-07-23T11:53:00","guid":{"rendered":"https:\/\/beta.optik-sport-shop.at\/kaufen\/zeiss-victory-ht-10x42-t-fernglas-schwarz"},"modified":"2025-06-24T15:12:27","modified_gmt":"2025-06-24T13:12:27","slug":"zeiss-victory-ht-10x42-t-binoclu-negru","status":"publish","type":"product","link":"https:\/\/ddoptics.shop\/ro\/kaufen\/zeiss-victory-ht-10x42-t-fernglas-schwarz\/","title":{"rendered":"Binoclu Zeiss Victory HT 10\u00d742 T* - negru"},"content":{"rendered":"<div class=\"row\"  id=\"row-862439049\">\n\n\t<div id=\"col-922304511\" class=\"col medium-8 small-12 large-8\"  >\n\t\t\t\t<div class=\"col-inner\"  >\n\t\t\t\n\t\t\t\n<h2>Binoclu Zeiss Victory 10\u00d742 HT - Mai mult\u0103 libertate de mi\u0219care \u00een orice vreme<\/h2>\n<p>Aceasta este ceea ce <strong>Binoclu premium VICTORY HT 10\u00d742<\/strong>. Datorit\u0103 pupilei sale de ie\u0219ire de 4,2 mm, obiectivul <strong>c\u00e2mp vizual deosebit de mare \u0219i m\u0103rire de 10x<\/strong> este ideal pentru o gam\u0103 larg\u0103 de aplica\u021bii.<\/p>\n<p>The <strong>valori de transmisie cople\u0219itoare<\/strong> ofer\u0103 imagini extrem de luminoase chiar \u0219i \u00een cele mai nefavorabile condi\u021bii de iluminare \u0219i permit astfel observa\u021bii deosebit de lungi - p\u00e2n\u0103 \u00een amurg.<\/p>\n<p>Cu <strong>greutate redus\u0103<\/strong> nu este doar un companion extrem de u\u0219or, ci \u0219i unul extrem de fiabil datorit\u0103 podului robust cu dou\u0103 verigi - cu <strong>cea mai \u00eenalt\u0103 precizie mecanic\u0103<\/strong> atunci c\u00e2nd focaliza\u021bi.<\/p>\n\t\t<\/div>\n\t\t\t\t\n<style>\n#col-922304511 > .col-inner {\n  margin: 0px 0px -30px 0px;\n}\n<\/style>\n\t<\/div>\n\n\t\n\n\t<div id=\"col-731317515\" class=\"col medium-4 small-12 large-4\"  >\n\t\t\t\t<div class=\"col-inner\"  >\n\t\t\t\n\t\t\t\n\t<div class=\"img has-hover x md-x lg-x y md-y lg-y\" id=\"image_169331833\">\n\t\t\t\t\t\t\t\t<div class=\"img-inner dark\" >\n\t\t\t\t\t\t\t\t\t\n\t\t\t\t\t<\/div>\n\t\t\t\t\t\t\t\t\n<style>\n#image_169331833 {\n  width: 100%;\n}\n<\/style>\n\t<\/div>\n\t\n<h3>Informa\u021bii despre binoclurile Zeiss<\/h3>\n\n\t\t<div class=\"icon-box featured-box icon-box-left text-left\"  >\n\t\t\t\t\t<div class=\"icon-box-img\" style=\"width: 32px\">\n\t\t\t\t<div class=\"icon\">\n\t\t\t\t\t<div class=\"icon-inner\" >\n\t\t\t\t\t\t<img decoding=\"async\" width=\"100\" height=\"83\" src=\"https:\/\/ddoptics.shop\/wp-content\/uploads\/2021\/05\/DDoptics-SHG-Icon.jpg\" class=\"attachment-medium size-medium\" alt=\"DDoptics SHG Binoclu Icon\" title=\"\">\t\t\t\t\t<\/div>\n\t\t\t\t<\/div>\n\t\t\t<\/div>\n\t\t\t\t<div class=\"icon-box-text last-reset\">\n\t\t\t\t\t\t\t\t\t\n<p>Garan\u021bie de 10 ani din partea produc\u0103torului<\/p>\n\t\t<\/div>\n\t<\/div>\n\t\n\t\n\n\t\t<div class=\"icon-box featured-box icon-box-left text-left\"  >\n\t\t\t\t\t<div class=\"icon-box-img\" style=\"width: 32px\">\n\t\t\t\t<div class=\"icon\">\n\t\t\t\t\t<div class=\"icon-inner\" >\n\t\t\t\t\t\t<img decoding=\"async\" width=\"100\" height=\"83\" src=\"https:\/\/ddoptics.shop\/wp-content\/uploads\/2021\/05\/DDoptics-SHG-Icon.jpg\" class=\"attachment-medium size-medium\" alt=\"DDoptics SHG Binoclu Icon\" title=\"\">\t\t\t\t\t<\/div>\n\t\t\t\t<\/div>\n\t\t\t<\/div>\n\t\t\t\t<div class=\"icon-box-text last-reset\">\n\t\t\t\t\t\t\t\t\t\n<p>c\u00e2mp vizual de 110 m<\/p>\n\t\t<\/div>\n\t<\/div>\n\t\n\t\n\n\t\t<div class=\"icon-box featured-box icon-box-left text-left\"  >\n\t\t\t\t\t<div class=\"icon-box-img\" style=\"width: 32px\">\n\t\t\t\t<div class=\"icon\">\n\t\t\t\t\t<div class=\"icon-inner\" >\n\t\t\t\t\t\t<img decoding=\"async\" width=\"100\" height=\"83\" src=\"https:\/\/ddoptics.shop\/wp-content\/uploads\/2021\/05\/DDoptics-SHG-Icon.jpg\" class=\"attachment-medium size-medium\" alt=\"DDoptics SHG Binoclu Icon\" title=\"\">\t\t\t\t\t<\/div>\n\t\t\t\t<\/div>\n\t\t\t<\/div>\n\t\t\t\t<div class=\"icon-box-text last-reset\">\n\t\t\t\t\t\t\t\t\t\n<p>\u2705 Druckwasserdicht<\/p>\n\t\t<\/div>\n\t<\/div>\n\t\n\t\n\n\t\t<div class=\"icon-box featured-box icon-box-left text-left\"  >\n\t\t\t\t\t<div class=\"icon-box-img\" style=\"width: 32px\">\n\t\t\t\t<div class=\"icon\">\n\t\t\t\t\t<div class=\"icon-inner\" >\n\t\t\t\t\t\t<img decoding=\"async\" width=\"100\" height=\"83\" src=\"https:\/\/ddoptics.shop\/wp-content\/uploads\/2021\/05\/DDoptics-SHG-Icon.jpg\" class=\"attachment-medium size-medium\" alt=\"DDoptics SHG Binoclu Icon\" title=\"\">\t\t\t\t\t<\/div>\n\t\t\t\t<\/div>\n\t\t\t<\/div>\n\t\t\t\t<div class=\"icon-box-text last-reset\">\n\t\t\t\t\t\t\t\t\t\n<p>\u2705 SCHOTT HT Glas &#8211; ZEISS T*-Mehrschichtverg\u00fctung<\/p>\n\t\t<\/div>\n\t<\/div>\n\t\n\t\n\n\t\t<div class=\"icon-box featured-box icon-box-left text-left\"  >\n\t\t\t\t\t<div class=\"icon-box-img\" style=\"width: 32px\">\n\t\t\t\t<div class=\"icon\">\n\t\t\t\t\t<div class=\"icon-inner\" >\n\t\t\t\t\t\t<img decoding=\"async\" width=\"100\" height=\"83\" src=\"https:\/\/ddoptics.shop\/wp-content\/uploads\/2021\/05\/DDoptics-SHG-Icon.jpg\" class=\"attachment-medium size-medium\" alt=\"DDoptics SHG Binoclu Icon\" title=\"\">\t\t\t\t\t<\/div>\n\t\t\t\t<\/div>\n\t\t\t<\/div>\n\t\t\t\t<div class=\"icon-box-text last-reset\">\n\t\t\t\t\t\t\t\t\t\n<p>\u2705 Abbe K\u00f6nig Prisma<\/p>\n\t\t<\/div>\n\t<\/div>\n\t\n\t\n\n\t\t<div class=\"icon-box featured-box icon-box-left text-left\"  >\n\t\t\t\t\t<div class=\"icon-box-img\" style=\"width: 32px\">\n\t\t\t\t<div class=\"icon\">\n\t\t\t\t\t<div class=\"icon-inner\" >\n\t\t\t\t\t\t<img decoding=\"async\" width=\"100\" height=\"83\" src=\"https:\/\/ddoptics.shop\/wp-content\/uploads\/2021\/05\/DDoptics-SHG-Icon.jpg\" class=\"attachment-medium size-medium\" alt=\"DDoptics SHG Binoclu Icon\" title=\"\">\t\t\t\t\t<\/div>\n\t\t\t\t<\/div>\n\t\t\t<\/div>\n\t\t\t\t<div class=\"icon-box-text last-reset\">\n\t\t\t\t\t\t\t\t\t\n<p>Carcas\u0103 din magneziu<\/p>\n\t\t<\/div>\n\t<\/div>\n\t\n\t\n<div class=\"is-divider divider clearfix\" ><\/div>\n\t\t<\/div>\n\t\t\t\t\t<\/div>\n\n\t\n<\/div>\n<h3>Concept optic inovator: interac\u021biunea dintre lentilele SCHOTT HT, acoperirea multipl\u0103 ZEISS T* \u0219i sistemul de prisme Abbe-K\u00f6nig<\/h3>\n<p><strong>Luminozitate de neegalat datorit\u0103 transmisiei<\/strong> de +95% \u0219i mai mult. Aceast\u0103 valoare de v\u00e2rf unic\u0103 este posibil\u0103 datorit\u0103 tehnologiei inovatoare <strong>Conceptul optic al liniei de binocluri VICTORY HT.<\/strong> Acest lucru este posibil prin interac\u021biunea perfect\u0103 dintre lentilele SCHOTT HT, acoperirea multipl\u0103 ZEISS T* \u0219i sistemul de prisme Abbe-K\u00f6nig.<\/p>\n<p>Cu acest pachet de inova\u021bii puternice, pute\u021bi observa mai mult ca niciodat\u0103 atunci c\u00e2nd v\u00e2na\u021bi, de exemplu - chiar \u0219i \u00een cel mai ad\u00e2nc amurg.<\/p>\n<h3>Conceptul Ergonomic Comfort Focus pentru ergonomie maxim\u0103 a utilizatorului cu Zeiss Victory<\/h3>\n<p>Acest lucru este asigurat de conceptul inovator Comfort Focus cu <strong>Roat\u0103 de focalizare<\/strong>. Uluitor de mare, acesta este pozi\u021bionat mult \u00een fa\u021b\u0103 \u00een pod. Acest lucru v\u0103 permite s\u0103 ac\u021biona\u021bi roata de focalizare cu degetul ar\u0103t\u0103tor \u00eentr-un confort total, chiar \u0219i atunci c\u00e2nd purta\u021bi m\u0103nu\u0219i. Caracteristicile <strong>subliniaz\u0103 raportul de transmisie lung v\u0103 permite s\u0103 v\u0103 concentra\u021bi rapid \u0219i precis.<\/strong><\/p>\n<h3>Punte extrem de robust\u0103 cu dou\u0103 verigi<\/h3>\n<p><strong>Cea mai \u00eenalt\u0103 precizie \u0219i durat\u0103 de via\u021b\u0103 maxim\u0103<\/strong> este garantat\u0103 de designul extrem de robust. Carcasa cu podul s\u0103u inovator cu dubl\u0103 leg\u0103tur\u0103 este fabricat\u0103 din magneziu foarte rezistent, dar foarte u\u0219or. Iar roti\u021ba de control pentru focalizare este \u00eencorporat\u0103 \u00een siguran\u021b\u0103 \u00een carcas\u0103. Acest lucru \u00eenseamn\u0103 c\u0103 binoclurile premium VICTORY HT sunt echipate ideal chiar \u0219i pentru cele mai dificile utiliz\u0103ri.<\/p>\n<h3>Concept str\u0103lucitor FL<\/h3>\n<p>Cele mai luminoase binocluri sunt \u0219i cele mai str\u0103lucitoare. Conceptul FL \u00eencercat \u0219i testat ridic\u0103 criteriile decisive ale clarit\u0103\u021bii imaginii \u0219i str\u0103lucirii culorilor la un nou nivel. Prin utilizarea unor <strong>cu lentile speciale care con\u021bin fluorur\u0103, nu ve\u021bi mai observa, practic, franjuri de culoare.<\/strong> Conceptul FL garanteaz\u0103 performan\u021be imagistice remarcabile \u0219i imagini cu contrast ridicat.<\/p>\n<h3>Acoperire LotuTec\u00ae pe Zeiss Victory<\/h3>\n<p>Bucura\u021bi-v\u0103 de o calitate fascinant\u0103 a imaginii \u00een orice vreme. Modelul <strong>Acoperire LotuTec\u00ae<\/strong> asigur\u0103 c\u0103 apa este men\u021binut\u0103 la <strong>lentila se rostogole\u0219te imediat, iar murd\u0103ria poate fi \u00eendep\u0103rtat\u0103 u\u0219or, delicat \u0219i f\u0103r\u0103 a l\u0103sa reziduuri.<\/strong><\/p>\n<h3>Concluzie privind binoclul Zeiss Victory 10\u00d742 HT<\/h3>\n<p>The <strong>Binoclurile 10\u00d742 sunt extrem de robuste \u0219i u\u0219or de utilizat<\/strong> - \u00cen ceea ce prive\u0219te ergonomia, modelul <strong>Binoclu Zeiss Victory 10\u00d742 HT. <\/strong>\u00cen acela\u0219i timp, se dovede\u0219te a fi foarte rezistent la intemperii \u0219i, prin urmare, poate fi utilizat \u0219i \u00een condi\u021bii meteorologice nefavorabile. S\u0103 nu uit\u0103m de aspectul vizual, care datorit\u0103 <strong>valori de transmisie ridicate<\/strong> iar caracteristicile valoroase asigur\u0103 imagini clare \u0219i precise p\u00e2n\u0103 la margini. La un pre\u021b actual de aproximativ 1.774 de euro, ob\u021bine\u021bi un companion de \u00eenalt\u0103 performan\u021b\u0103 care vine \u0219i cu o garan\u021bie de 10 ani din partea produc\u0103torului.<\/p>","protected":false},"excerpt":{"rendered":"<h3>Binoclul premium VICTORY HT 10\u00d742 T* de la ZEISS<\/h3>\n<ul>\n<li>Livrare gratuit\u0103 \u00een Germania<\/li>\n<li>Toate pre\u021burile includ TVA.<\/li>\n<\/ul>","protected":false},"featured_media":9264,"comment_status":"open","ping_status":"closed","template":"","meta":{"inline_featured_image":false,"footnotes":""},"product_brand":[],"product_cat":[351,362,345,344,354,346,238],"product_tag":[88,328,774],"class_list":{"0":"post-9261","1":"product","2":"type-product","3":"status-publish","4":"has-post-thumbnail","6":"product_cat-10x-vergroesserung","7":"product_cat-42-mm-objektiv","8":"product_cat-jagd-und-wild","9":"product_cat-naturbeobachtung","10":"product_cat-vogelbeobachtung","11":"product_cat-wandern-und-reisen","12":"product_cat-zeiss-sport-optik","13":"product_tag-10x42","14":"product_tag-zeiss","15":"product_tag-zeiss-victory","16":"pa_brand-marke-zeiss","17":"pa_farbe-schwarz","18":"pa_produkt-typ-fernglas","20":"first","21":"instock","22":"taxable","23":"shipping-taxable","24":"product-type-external"},"bundled_by":[],"bundle_stock_status":"instock","bundle_stock_quantity":null,"bundle_virtual":false,"bundle_layout":"","bundle_add_to_cart_form_location":"","bundle_editable_in_cart":false,"bundle_sold_individually_context":"","bundle_item_grouping":"","bundle_min_size":"","bundle_max_size":"","bundle_price":[],"bundled_items":[],"bundle_sell_ids":[],"_links":{"self":[{"href":"https:\/\/ddoptics.shop\/ro\/wp-json\/wp\/v2\/product\/9261","targetHints":{"allow":["GET"]}}],"collection":[{"href":"https:\/\/ddoptics.shop\/ro\/wp-json\/wp\/v2\/product"}],"about":[{"href":"https:\/\/ddoptics.shop\/ro\/wp-json\/wp\/v2\/types\/product"}],"replies":[{"embeddable":true,"href":"https:\/\/ddoptics.shop\/ro\/wp-json\/wp\/v2\/comments?post=9261"}],"version-history":[{"count":4,"href":"https:\/\/ddoptics.shop\/ro\/wp-json\/wp\/v2\/product\/9261\/revisions"}],"predecessor-version":[{"id":28481,"href":"https:\/\/ddoptics.shop\/ro\/wp-json\/wp\/v2\/product\/9261\/revisions\/28481"}],"wp:featuredmedia":[{"embeddable":true,"href":"https:\/\/ddoptics.shop\/ro\/wp-json\/wp\/v2\/media\/9264"}],"wp:attachment":[{"href":"https:\/\/ddoptics.shop\/ro\/wp-json\/wp\/v2\/media?parent=9261"}],"wp:term":[{"taxonomy":"product_brand","embeddable":true,"href":"https:\/\/ddoptics.shop\/ro\/wp-json\/wp\/v2\/product_brand?post=9261"},{"taxonomy":"product_cat","embeddable":true,"href":"https:\/\/ddoptics.shop\/ro\/wp-json\/wp\/v2\/product_cat?post=9261"},{"taxonomy":"product_tag","embeddable":true,"href":"https:\/\/ddoptics.shop\/ro\/wp-json\/wp\/v2\/product_tag?post=9261"}],"curies":[{"name":"wp","href":"https:\/\/api.w.org\/{rel}","templated":true}]}}