{"id":9265,"date":"2016-07-23T14:34:29","date_gmt":"2016-07-23T12:34:29","guid":{"rendered":"https:\/\/beta.optik-sport-shop.at\/kaufen\/zeiss-victory-8x42-ht-fernglas-schwarz"},"modified":"2025-06-27T14:20:31","modified_gmt":"2025-06-27T12:20:31","slug":"binoclu-zeiss-victory-8x42-ht-negru","status":"publish","type":"product","link":"https:\/\/ddoptics.shop\/ro\/kaufen\/zeiss-victory-8x42-ht-fernglas-schwarz\/","title":{"rendered":"Binoclu Zeiss Victory 8\u00d742 HT - negru"},"content":{"rendered":"<div class=\"row\"  id=\"row-1841205667\">\n\n\t<div id=\"col-503037815\" class=\"col medium-8 small-12 large-8\"  >\n\t\t\t\t<div class=\"col-inner\"  >\n\t\t\t\n\t\t\t\n<h2>Binoclu Zeiss Victory 8\u00d742 HT - Mai mult\u0103 libertate de mi\u0219care \u00een orice vreme<\/h2>\n<p>Aceasta este ceea ce <strong>Binoclu premium VICTORY HT 8\u00d742<\/strong>. Datorit\u0103 pupilei sale de ie\u0219ire de 5,3 mm, obiectivul <strong>c\u00e2mp vizual deosebit de mare \u0219i m\u0103rire 8x<\/strong> este ideal pentru o gam\u0103 larg\u0103 de aplica\u021bii.<\/p>\n<p>The <strong>valori de transmisie cople\u0219itoare<\/strong> ofer\u0103 imagini extrem de luminoase chiar \u0219i \u00een cele mai nefavorabile condi\u021bii de iluminare \u0219i permit astfel observa\u021bii deosebit de lungi - p\u00e2n\u0103 \u00een amurg.<\/p>\n<p>Cu <strong>greutate redus\u0103<\/strong> nu este doar un companion extrem de u\u0219or, ci \u0219i unul extrem de fiabil datorit\u0103 podului robust cu dou\u0103 verigi - cu <strong>cea mai \u00eenalt\u0103 precizie mecanic\u0103<\/strong> atunci c\u00e2nd focaliza\u021bi.<\/p>\n\t\t<\/div>\n\t\t\t\t\n<style>\n#col-503037815 > .col-inner {\n  margin: 0px 0px -30px 0px;\n}\n<\/style>\n\t<\/div>\n\n\t\n\n\t<div id=\"col-830400706\" class=\"col medium-4 small-12 large-4\"  >\n\t\t\t\t<div class=\"col-inner\"  >\n\t\t\t\n\t\t\t\n\t<div class=\"img has-hover x md-x lg-x y md-y lg-y\" id=\"image_1165568870\">\n\t\t\t\t\t\t\t\t<div class=\"img-inner dark\" >\n\t\t\t\t\t\t\t\t\t\n\t\t\t\t\t<\/div>\n\t\t\t\t\t\t\t\t\n<style>\n#image_1165568870 {\n  width: 100%;\n}\n<\/style>\n\t<\/div>\n\t\n<h3>Informa\u021bii despre binoclurile Zeiss<\/h3>\n\n\t\t<div class=\"icon-box featured-box icon-box-left text-left\"  >\n\t\t\t\t\t<div class=\"icon-box-img\" style=\"width: 32px\">\n\t\t\t\t<div class=\"icon\">\n\t\t\t\t\t<div class=\"icon-inner\" >\n\t\t\t\t\t\t<img decoding=\"async\" width=\"100\" height=\"83\" src=\"https:\/\/ddoptics.shop\/wp-content\/uploads\/2021\/05\/DDoptics-SHG-Icon.jpg\" class=\"attachment-medium size-medium\" alt=\"DDoptics SHG Binoclu Icon\" title=\"\">\t\t\t\t\t<\/div>\n\t\t\t\t<\/div>\n\t\t\t<\/div>\n\t\t\t\t<div class=\"icon-box-text last-reset\">\n\t\t\t\t\t\t\t\t\t\n<p>Garan\u021bie de 10 ani din partea produc\u0103torului<\/p>\n\t\t<\/div>\n\t<\/div>\n\t\n\t\n\n\t\t<div class=\"icon-box featured-box icon-box-left text-left\"  >\n\t\t\t\t\t<div class=\"icon-box-img\" style=\"width: 32px\">\n\t\t\t\t<div class=\"icon\">\n\t\t\t\t\t<div class=\"icon-inner\" >\n\t\t\t\t\t\t<img decoding=\"async\" width=\"100\" height=\"83\" src=\"https:\/\/ddoptics.shop\/wp-content\/uploads\/2021\/05\/DDoptics-SHG-Icon.jpg\" class=\"attachment-medium size-medium\" alt=\"DDoptics SHG Binoclu Icon\" title=\"\">\t\t\t\t\t<\/div>\n\t\t\t\t<\/div>\n\t\t\t<\/div>\n\t\t\t\t<div class=\"icon-box-text last-reset\">\n\t\t\t\t\t\t\t\t\t\n<p>136 m c\u00e2mp vizual<\/p>\n\t\t<\/div>\n\t<\/div>\n\t\n\t\n\n\t\t<div class=\"icon-box featured-box icon-box-left text-left\"  >\n\t\t\t\t\t<div class=\"icon-box-img\" style=\"width: 32px\">\n\t\t\t\t<div class=\"icon\">\n\t\t\t\t\t<div class=\"icon-inner\" >\n\t\t\t\t\t\t<img decoding=\"async\" width=\"100\" height=\"83\" src=\"https:\/\/ddoptics.shop\/wp-content\/uploads\/2021\/05\/DDoptics-SHG-Icon.jpg\" class=\"attachment-medium size-medium\" alt=\"DDoptics SHG Binoclu Icon\" title=\"\">\t\t\t\t\t<\/div>\n\t\t\t\t<\/div>\n\t\t\t<\/div>\n\t\t\t\t<div class=\"icon-box-text last-reset\">\n\t\t\t\t\t\t\t\t\t\n<p>\u2705 Druckwasserdicht<\/p>\n\t\t<\/div>\n\t<\/div>\n\t\n\t\n\n\t\t<div class=\"icon-box featured-box icon-box-left text-left\"  >\n\t\t\t\t\t<div class=\"icon-box-img\" style=\"width: 32px\">\n\t\t\t\t<div class=\"icon\">\n\t\t\t\t\t<div class=\"icon-inner\" >\n\t\t\t\t\t\t<img decoding=\"async\" width=\"100\" height=\"83\" src=\"https:\/\/ddoptics.shop\/wp-content\/uploads\/2021\/05\/DDoptics-SHG-Icon.jpg\" class=\"attachment-medium size-medium\" alt=\"DDoptics SHG Binoclu Icon\" title=\"\">\t\t\t\t\t<\/div>\n\t\t\t\t<\/div>\n\t\t\t<\/div>\n\t\t\t\t<div class=\"icon-box-text last-reset\">\n\t\t\t\t\t\t\t\t\t\n<p>\u2705 SCHOTT HT Glas &#8211; ZEISS T*-Mehrschichtverg\u00fctung<\/p>\n\t\t<\/div>\n\t<\/div>\n\t\n\t\n\n\t\t<div class=\"icon-box featured-box icon-box-left text-left\"  >\n\t\t\t\t\t<div class=\"icon-box-img\" style=\"width: 32px\">\n\t\t\t\t<div class=\"icon\">\n\t\t\t\t\t<div class=\"icon-inner\" >\n\t\t\t\t\t\t<img decoding=\"async\" width=\"100\" height=\"83\" src=\"https:\/\/ddoptics.shop\/wp-content\/uploads\/2021\/05\/DDoptics-SHG-Icon.jpg\" class=\"attachment-medium size-medium\" alt=\"DDoptics SHG Binoclu Icon\" title=\"\">\t\t\t\t\t<\/div>\n\t\t\t\t<\/div>\n\t\t\t<\/div>\n\t\t\t\t<div class=\"icon-box-text last-reset\">\n\t\t\t\t\t\t\t\t\t\n<p>\u2705 Abbe K\u00f6nig Prisma<\/p>\n\t\t<\/div>\n\t<\/div>\n\t\n\t\n\n\t\t<div class=\"icon-box featured-box icon-box-left text-left\"  >\n\t\t\t\t\t<div class=\"icon-box-img\" style=\"width: 32px\">\n\t\t\t\t<div class=\"icon\">\n\t\t\t\t\t<div class=\"icon-inner\" >\n\t\t\t\t\t\t<img decoding=\"async\" width=\"100\" height=\"83\" src=\"https:\/\/ddoptics.shop\/wp-content\/uploads\/2021\/05\/DDoptics-SHG-Icon.jpg\" class=\"attachment-medium size-medium\" alt=\"DDoptics SHG Binoclu Icon\" title=\"\">\t\t\t\t\t<\/div>\n\t\t\t\t<\/div>\n\t\t\t<\/div>\n\t\t\t\t<div class=\"icon-box-text last-reset\">\n\t\t\t\t\t\t\t\t\t\n<p>Carcas\u0103 din magneziu<\/p>\n\t\t<\/div>\n\t<\/div>\n\t\n\t\n<div class=\"is-divider divider clearfix\" ><\/div>\n\t\t<\/div>\n\t\t\t\t\t<\/div>\n\n\t\n<\/div>\n<h3>Concept optic inovator: interac\u021biunea dintre lentilele SCHOTT HT, acoperirea multipl\u0103 ZEISS T* \u0219i sistemul de prisme Abbe-K\u00f6nig<\/h3>\n<p>Luminozitate de neegalat datorit\u0103 unui <strong>Transmisie de la 95%<\/strong> \u0219i nu numai. Conceptul optic inovator al gamei de binocluri VICTORY HT asigur\u0103 aceast\u0103 valoare de v\u00e2rf unic\u0103. Acest lucru este posibil prin interac\u021biunea perfect\u0103 a <strong>Lentile SCHOTT HT, multi-coating ZEISS T* \u0219i sistem de prisme Abbe-K\u00f6nig.<\/strong><\/p>\n<p>Cu acest pachet de inova\u021bii puternice, pute\u021bi observa mai mult ca niciodat\u0103 atunci c\u00e2nd v\u00e2na\u021bi, de exemplu - chiar \u0219i \u00een cel mai ad\u00e2nc amurg.<\/p>\n<h3>Zeiss Victory 8\u00d742 - Concept ergonomic de focalizare confortabil\u0103 pentru o ergonomie maxim\u0103 a utilizatorului<\/h3>\n<p>Acest lucru v\u0103 asigur\u0103 <strong>conceptul inovator Comfort Focus cu roata sa de focalizare.<\/strong> Uluitor de mare, acesta este pozi\u021bionat mult \u00een fa\u021b\u0103 \u00een pod. Acest lucru v\u0103 permite s\u0103 ac\u021biona\u021bi roata de focalizare cu degetul ar\u0103t\u0103tor \u00eentr-un mod complet relaxat - chiar \u0219i atunci c\u00e2nd purta\u021bi m\u0103nu\u0219i. Raportul de transmisie lung v\u0103 permite s\u0103 focaliza\u021bi rapid \u0219i precis.<\/p>\n<h3>Punte dubl\u0103 extrem de robust\u0103 pe Zeiss Victory 8\u00d742<\/h3>\n<p><strong>Cea mai \u00eenalt\u0103 precizie \u0219i durat\u0103 de via\u021b\u0103 maxim\u0103<\/strong> este garantat\u0103 de designul extrem de robust. Carcasa cu podul s\u0103u inovator cu dubl\u0103 leg\u0103tur\u0103 este fabricat\u0103 din magneziu foarte rezistent, dar foarte u\u0219or. Iar roti\u021ba de control pentru focalizare este \u00eencorporat\u0103 \u00een siguran\u021b\u0103 \u00een carcas\u0103. Acest lucru \u00eenseamn\u0103 c\u0103 binoclurile premium VICTORY HT sunt echipate ideal chiar \u0219i pentru cele mai dificile utiliz\u0103ri.<\/p>\n<h3>Concept str\u0103lucitor FL<\/h3>\n<p><strong>Cele mai luminoase binocluri sunt \u0219i cele mai str\u0103lucitoare.<\/strong> Conceptul FL dovedit ridic\u0103 criteriile decisive ale clarit\u0103\u021bii imaginii \u0219i str\u0103lucirii culorilor la un nou nivel. Datorit\u0103 utiliz\u0103rii unor lentile speciale care con\u021bin fluorur\u0103, nu ve\u021bi mai observa practic nici o franjur\u0103 de culoare. Conceptul FL garanteaz\u0103 o performan\u021b\u0103 remarcabil\u0103 a imaginii \u0219i imagini cu contrast ridicat.<\/p>\n<h3>Acoperire LotuTec\u00ae<\/h3>\n<p>Bucura\u021bi-v\u0103 de o calitate fascinant\u0103 a imaginii \u00een orice vreme. Acoperirea LotuTec\u00ae asigur\u0103 c\u0103 <strong>Apa se rostogole\u0219te imediat de pe lentile, iar murd\u0103ria poate fi \u00eendep\u0103rtat\u0103 u\u0219or, delicat \u0219i f\u0103r\u0103 a l\u0103sa reziduuri.<\/strong><\/p>\n<h3>Concluzie privind binoclul Zeiss Victory 8\u00d742 HT<\/h3>\n<p>Extrem de robust \u0219i u\u0219or de utilizat - \u00een <strong>C\u00e2nd vine vorba de ergonomie, binoclul Zeiss Victory 8\u00d742 HT este impresionant.<\/strong> \u00cen acela\u0219i timp, se dovede\u0219te a fi foarte rezistent la intemperii \u0219i, prin urmare, poate fi utilizat \u0219i \u00een condi\u021bii meteorologice nefavorabile. S\u0103 nu uit\u0103m de optic\u0103, care, datorit\u0103 valorilor de transmisie ridicate \u0219i caracteristicilor de \u00eenalt\u0103 calitate, asigur\u0103 o vedere clar\u0103 \u0219i luminoas\u0103. <strong>Imagini clare p\u00e2n\u0103 la margini<\/strong> ofer\u0103. La un pre\u021b actual de aproximativ 1.706 euro, ob\u021bine\u021bi un companion puternic care vine \u0219i cu o garan\u021bie de 10 ani din partea produc\u0103torului.<\/p>","protected":false},"excerpt":{"rendered":"<h3>Binoclul premium VICTORY HT 8\u00d742 T* de la ZEISS<\/h3>\n<ul>\n<li>Livrare gratuit\u0103 \u00een Germania<\/li>\n<li>Toate pre\u021burile includ TVA.<\/li>\n<\/ul>","protected":false},"featured_media":9267,"comment_status":"open","ping_status":"closed","template":"","meta":{"inline_featured_image":false,"footnotes":""},"product_brand":[],"product_cat":[362,349,358,345,344,346,238],"product_tag":[91,328,774],"class_list":{"0":"post-9265","1":"product","2":"type-product","3":"status-publish","4":"has-post-thumbnail","6":"product_cat-42-mm-objektiv","7":"product_cat-8x-vergroesserung","8":"product_cat-fernglas-objektivdurchmesser","9":"product_cat-jagd-und-wild","10":"product_cat-naturbeobachtung","11":"product_cat-wandern-und-reisen","12":"product_cat-zeiss-sport-optik","13":"product_tag-8x42","14":"product_tag-zeiss","15":"product_tag-zeiss-victory","16":"pa_brand-marke-zeiss","17":"pa_farbe-schwarz","18":"pa_produkt-typ-fernglas","20":"first","21":"instock","22":"taxable","23":"shipping-taxable","24":"product-type-external"},"bundled_by":[],"bundle_stock_status":"instock","bundle_stock_quantity":null,"bundle_virtual":false,"bundle_layout":"","bundle_add_to_cart_form_location":"","bundle_editable_in_cart":false,"bundle_sold_individually_context":"","bundle_item_grouping":"","bundle_min_size":"","bundle_max_size":"","bundle_price":[],"bundled_items":[],"bundle_sell_ids":[],"_links":{"self":[{"href":"https:\/\/ddoptics.shop\/ro\/wp-json\/wp\/v2\/product\/9265","targetHints":{"allow":["GET"]}}],"collection":[{"href":"https:\/\/ddoptics.shop\/ro\/wp-json\/wp\/v2\/product"}],"about":[{"href":"https:\/\/ddoptics.shop\/ro\/wp-json\/wp\/v2\/types\/product"}],"replies":[{"embeddable":true,"href":"https:\/\/ddoptics.shop\/ro\/wp-json\/wp\/v2\/comments?post=9265"}],"version-history":[{"count":7,"href":"https:\/\/ddoptics.shop\/ro\/wp-json\/wp\/v2\/product\/9265\/revisions"}],"predecessor-version":[{"id":28477,"href":"https:\/\/ddoptics.shop\/ro\/wp-json\/wp\/v2\/product\/9265\/revisions\/28477"}],"wp:featuredmedia":[{"embeddable":true,"href":"https:\/\/ddoptics.shop\/ro\/wp-json\/wp\/v2\/media\/9267"}],"wp:attachment":[{"href":"https:\/\/ddoptics.shop\/ro\/wp-json\/wp\/v2\/media?parent=9265"}],"wp:term":[{"taxonomy":"product_brand","embeddable":true,"href":"https:\/\/ddoptics.shop\/ro\/wp-json\/wp\/v2\/product_brand?post=9265"},{"taxonomy":"product_cat","embeddable":true,"href":"https:\/\/ddoptics.shop\/ro\/wp-json\/wp\/v2\/product_cat?post=9265"},{"taxonomy":"product_tag","embeddable":true,"href":"https:\/\/ddoptics.shop\/ro\/wp-json\/wp\/v2\/product_tag?post=9265"}],"curies":[{"name":"wp","href":"https:\/\/api.w.org\/{rel}","templated":true}]}}