{"id":9915,"date":"2016-08-29T18:01:32","date_gmt":"2016-08-29T16:01:32","guid":{"rendered":"https:\/\/beta.optik-sport-shop.at\/?post_type=product&#038;p=9915"},"modified":"2025-10-03T11:56:31","modified_gmt":"2025-10-03T09:56:31","slug":"animale-medicina-puternica-farmacie-naturala","status":"publish","type":"product","link":"https:\/\/ddoptics.shop\/ro\/kaufen\/tierisch-starke-medizin-natuerliche-apotheke\/","title":{"rendered":"Carte de medicin\u0103: Medicament puternic pentru animale - v\u00e2n\u0103toare \u0219i medicin\u0103 natural\u0103"},"content":{"rendered":"<h2 class=\"ncTitle\"><span class=\"ncTitleSub\"><span class=\"oSubTitle\">Cartea medicinii naturale: fapte adev\u0103rate, uitate, mitice \u0219i mistice despre minunata putere de vindecare a animalelor noastre s\u0103lbatice<br \/>\n<\/span><\/span><\/h2>\n<p>Chiar \u0219i \u00eenainte de <strong>Cu mii de ani \u00een urm\u0103, oamenii (v\u00e2n\u0103tori-culeg\u0103tori) au recunoscut c\u0103<\/strong> special <strong>darurile vindec\u0103toare ale animalelor noastre<\/strong>, care <strong>merg mult dincolo de simplul consum de carne.<\/strong> De\u0219i corpurile animalelor de\u021bin multe alte comori pentru noi, aceste cuno\u0219tin\u021be nu mai sunt foarte r\u0103sp\u00e2ndite. Vrem s\u0103 mergem \u00een c\u0103utarea urmelor acestei tradi\u021bii aproape uitate \u0219i s\u0103 descoperim acest <strong>Bun natural pentru s\u0103n\u0103tatea noastr\u0103<\/strong> conserva.<\/p>\n<p>\u00cen plus fa\u021b\u0103 de <strong>rolul extrem de important al eticii \u0219i corectitudinii \u00een v\u00e2n\u0103toare<\/strong>, aceast\u0103 carte se ocup\u0103 de <strong>Producerea de unguente din gr\u0103simi \u0219i uleiuri animale<\/strong>, care sunt preparate \u00een conformitate cu re\u021bete tradi\u021bionale vechi, cum ar fi:<\/p>\n<ul>\n<li>Unguente Badger<\/li>\n<li>Unguente Marmot<\/li>\n<li>Unguente din c\u0103prioar\u0103<\/li>\n<li>Unguent chamois<\/li>\n<li>\u0219i multe altele.<\/li>\n<\/ul>\n<p>The <strong>Uciderea unui animal de c\u0103tre v\u00e2n\u0103tor<\/strong> a fost pentru multe genera\u021bii <strong>nu numai pentru a asigura hrana<\/strong> dedicat animalului. \u00cen schimb, \u00eentregul animal era folosit \u0219i utilizat c\u00e2t mai atent posibil. O parte considerabil\u0103 din el servea <strong>Oamenii ca remediu.<\/strong><\/p>\n<p>The <strong>Cunoa\u0219terea efectului de vindecare<\/strong> a fost utilizat de mult timp <strong>transmise pe cale oral\u0103 din genera\u021bie \u00een genera\u021bie<\/strong>. Acest lan\u021b de <strong>Transferul de cuno\u0219tin\u021be<\/strong> pare s\u0103 fie din ce \u00een ce mai scurt \u0219i <strong>mai slab\u0103<\/strong> s\u0103 devin\u0103. Scopul acestei c\u0103r\u021bi este de a<strong> conservarea marii cunoa\u0219teri a \u201cfarmaciei v\u00e2n\u0103tore\u0219ti \u0219i forestiere\u201d ca bun cultural \u0219i natural<\/strong> \u0219i s\u0103 le completa\u021bi cu noile descoperiri din \u0219tiin\u021b\u0103 \u0219i cercetare. Multe re\u021bete simple, vechi \u0219i noi, pentru s\u0103n\u0103tate, frumuse\u021be \u0219i bun\u0103stare v\u0103 fac s\u0103 v\u0103 dori\u021bi s\u0103 pune\u021bi descoperirile din nou \u00een practic\u0103.<\/p>\n<p>Cu aceast\u0103 carte - Barbara Hoflacher lucreaz\u0103 \u00een prezent la o a doua edi\u021bie extins\u0103 - ea \u00eencearc\u0103 s\u0103 utilizeze toate <strong>vechile cuno\u0219tin\u021be \u0219i experien\u021be trebuie s\u0103 fie colectate \u0219i arhivate<\/strong>. Datorit\u0103 celor mai recente <strong>Constat\u0103ri din \u0219tiin\u021b\u0103 \u0219i cercetare<\/strong> Vechea \u00een\u021belepciune trebuie s\u0103 fie completat\u0103 \u0219i confirmat\u0103. Mo\u0219tenirea str\u0103mo\u0219ilor no\u0219tri nu trebuie doar p\u0103strat\u0103, ci dorim, de asemenea, s\u0103 aducem o contribu\u021bie pentru genera\u021biile viitoare.<\/p>\n<p>The <strong>Autor Barbara Hoflacher<\/strong> a gestionat <strong>\u0218coal\u0103 \u00een aer liber pentru aromaterapie \u0219i plante medicinale \u00een Tirol<\/strong>. Ca o sportiv\u0103 entuziast\u0103 de munte \u0219i \u00een toate fa\u021betele sale o preocupare special\u0103. Ca t\u00e2n\u0103r v\u00e2n\u0103tor, natura \u0219i naturopatia \u00eei sunt aproape de inim\u0103.<\/p>\n<h3>Experien\u021ba noastr\u0103: Lectura acestei c\u0103r\u021bi de vindecare natural\u0103 face <span class=\"ncTitleSub\"><span class=\"oSubTitle\">con\u0219tient de ceea ce este adev\u0103rat \u0219i uitat<br \/>\n<\/span><\/span><\/h3>\n<p>Dac\u0103 vorbeam deja despre asta <strong>Carte de medicin\u0103 natural\u0103 despre \u201cPuterile vindec\u0103toare ale gr\u0103similor animale<\/strong>\u201d, atunci am fi fost scuti\u021bi de experien\u021ba cu marmota noastr\u0103 \u0219i ne-am fi ales cu un unguent perfect pentru marmote \u00een loc de ceva distrus.<\/p>\n<p>Dar din moment ce nu \u0219tiam asta, experien\u021ba noastr\u0103 a fost: <strong>Marmot gr\u0103sime \u00eenc\u0103lzit mult prea mult<\/strong> \u0219i o<strong> miros teribil<\/strong> \u00eentre cei patru pere\u021bi ai dumneavoastr\u0103.<\/p>\n<p>Concluzie: Acest <strong>Naturopatie carte<\/strong> cu animalele \u00ee\u021bi deschide ochii \u0219i realizezi imediat c\u0103 mul\u021bi v\u00e2n\u0103tori au deja <strong>Multe cuno\u0219tin\u021be pierdute<\/strong> a disp\u0103rut. Aceast\u0103 colec\u021bie de cuno\u0219tin\u021be tradi\u021bionale \u0219i re\u021bete noi, completat\u0103 cu descoperiri \u0219tiin\u021bifice \u0219i imagini, este o adev\u0103rat\u0103 comoar\u0103 pentru oricine este interesat de remediile tradi\u021bionale de acas\u0103!!!<\/p>","protected":false},"excerpt":{"rendered":"<h3>Top book tip: Tierisch starke Medizin - Medicina natural\u0103<\/h3>\n<h4>de la \u20ac 14,95<\/h4>\n<p>Pentru a cump\u0103ra de la:<\/p>\n<a href=\"https:\/\/www.amazon.de\/gp\/product\/3863862813\/ref=as_li_tl?ie=UTF8&#038;camp=1638&#038;creative=19454&#038;creativeASIN=3863862813&#038;linkCode=as2&#038;tag=optsposho-21&#038;linkId=LEWC6AKA77YYIQUX\" target=\"_blank\" class=\"button success is-success is-medium\" rel=\"nofollow noopener\" >\n\t\t<span>Amazon<\/span>\n\t<\/a>\n\n<a href=\"http:\/\/ad.zanox.com\/ppc\/?30283886C42456355&#038;ULP=http:\/\/www.thalia.de\/shop\/home\/suche\/?sq=tierisch+starke+medizin&#038;sswg=ANY&#038;timestamp=1423159154283&#038;ProvID=10911378\" target=\"_blank\" class=\"button success is-success is-medium\" rel=\"nofollow noopener\" >\n\t\t<span>THALIA GERMANIA<\/span>\n\t<\/a>\n\n<a href=\"http:\/\/ad.zanox.com\/ppc\/?30284203C81391933&#038;ULP=http:\/\/www.thalia.at\/shop\/home\/suche\/?sq=tirisch+starke+medizin&#038;sswg=ANY&#038;timestamp=1423159146801&#038;ProvID=10910929\" target=\"_blank\" class=\"button success is-success is-medium\" rel=\"nofollow noopener\" >\n\t\t<span>THALIA AUSTRIA<\/span>\n\t<\/a>","protected":false},"featured_media":9916,"comment_status":"open","ping_status":"closed","template":"","meta":{"inline_featured_image":false,"footnotes":""},"product_brand":[],"product_cat":[74],"product_tag":[422,423,424],"class_list":{"0":"post-9915","1":"product","2":"type-product","3":"status-publish","4":"has-post-thumbnail","6":"product_cat-buchtipps-buecher","7":"product_tag-buchtipp","8":"product_tag-medizinbuch","9":"product_tag-naturheilkunde-buch","11":"first","12":"instock","13":"taxable","14":"shipping-taxable","15":"product-type-simple"},"bundled_by":[],"bundle_stock_status":"instock","bundle_stock_quantity":null,"bundle_virtual":false,"bundle_layout":"","bundle_add_to_cart_form_location":"","bundle_editable_in_cart":false,"bundle_sold_individually_context":"","bundle_item_grouping":"","bundle_min_size":"","bundle_max_size":"","bundle_price":[],"bundled_items":[],"bundle_sell_ids":[],"_links":{"self":[{"href":"https:\/\/ddoptics.shop\/ro\/wp-json\/wp\/v2\/product\/9915","targetHints":{"allow":["GET"]}}],"collection":[{"href":"https:\/\/ddoptics.shop\/ro\/wp-json\/wp\/v2\/product"}],"about":[{"href":"https:\/\/ddoptics.shop\/ro\/wp-json\/wp\/v2\/types\/product"}],"replies":[{"embeddable":true,"href":"https:\/\/ddoptics.shop\/ro\/wp-json\/wp\/v2\/comments?post=9915"}],"version-history":[{"count":1,"href":"https:\/\/ddoptics.shop\/ro\/wp-json\/wp\/v2\/product\/9915\/revisions"}],"predecessor-version":[{"id":29108,"href":"https:\/\/ddoptics.shop\/ro\/wp-json\/wp\/v2\/product\/9915\/revisions\/29108"}],"wp:featuredmedia":[{"embeddable":true,"href":"https:\/\/ddoptics.shop\/ro\/wp-json\/wp\/v2\/media\/9916"}],"wp:attachment":[{"href":"https:\/\/ddoptics.shop\/ro\/wp-json\/wp\/v2\/media?parent=9915"}],"wp:term":[{"taxonomy":"product_brand","embeddable":true,"href":"https:\/\/ddoptics.shop\/ro\/wp-json\/wp\/v2\/product_brand?post=9915"},{"taxonomy":"product_cat","embeddable":true,"href":"https:\/\/ddoptics.shop\/ro\/wp-json\/wp\/v2\/product_cat?post=9915"},{"taxonomy":"product_tag","embeddable":true,"href":"https:\/\/ddoptics.shop\/ro\/wp-json\/wp\/v2\/product_tag?post=9915"}],"curies":[{"name":"wp","href":"https:\/\/api.w.org\/{rel}","templated":true}]}}